{"id":5101,"date":"2021-01-04T08:51:16","date_gmt":"2021-01-04T05:51:16","guid":{"rendered":"https:\/\/www.gulersan.com\/about-us\/"},"modified":"2021-06-19T10:58:56","modified_gmt":"2021-06-19T07:58:56","slug":"about-us","status":"publish","type":"page","link":"https:\/\/www.gulersan.com\/en\/about-us\/","title":{"rendered":"About Us"},"content":{"rendered":"\n  <div class=\"banner has-hover\" id=\"banner-847029113\">\n          <div class=\"banner-inner fill\">\n        <div class=\"banner-bg fill\" >\n            <img loading=\"lazy\" decoding=\"async\" width=\"1769\" height=\"374\" src=\"https:\/\/www.gulersan.com\/wp-content\/uploads\/2021\/03\/hakkimizdaa.jpg\" class=\"bg attachment-original size-original\" alt=\"\" \/>                                    \n                    <\/div>\n\t\t\n        <div class=\"banner-layers container\">\n            <div class=\"fill banner-link\"><\/div>               <div id=\"text-box-1950480367\" class=\"text-box banner-layer x50 md-x50 lg-x50 y50 md-y50 lg-y50 res-text\">\n                     <div data-animate=\"fadeIn\">           <div class=\"text-box-content text dark\">\n              \n              <div class=\"text-inner text-center\">\n                  \n              <\/div>\n           <\/div>\n       <\/div>                     \n<style>\n#text-box-1950480367 {\n  width: 60%;\n}\n#text-box-1950480367 .text-box-content {\n  font-size: 100%;\n}\n@media (min-width:550px) {\n  #text-box-1950480367 {\n    width: 60%;\n  }\n}\n<\/style>\n    <\/div>\n         <\/div>\n      <\/div>\n\n              <div class=\"height-fix is-invisible\"><img loading=\"lazy\" decoding=\"async\" width=\"1769\" height=\"374\" src=\"https:\/\/www.gulersan.com\/wp-content\/uploads\/2021\/03\/hakkimizdaa.jpg\" class=\"attachment-original size-original\" alt=\"\" srcset=\"https:\/\/www.gulersan.com\/wp-content\/uploads\/2021\/03\/hakkimizdaa.jpg 1769w, https:\/\/www.gulersan.com\/wp-content\/uploads\/2021\/03\/hakkimizdaa-800x169.jpg 800w, https:\/\/www.gulersan.com\/wp-content\/uploads\/2021\/03\/hakkimizdaa-1400x296.jpg 1400w, https:\/\/www.gulersan.com\/wp-content\/uploads\/2021\/03\/hakkimizdaa-768x162.jpg 768w, https:\/\/www.gulersan.com\/wp-content\/uploads\/2021\/03\/hakkimizdaa-1536x325.jpg 1536w\" sizes=\"auto, (max-width: 1769px) 100vw, 1769px\" \/><\/div>\n              <\/div>\n\n\n\t<div id=\"gap-1977190018\" class=\"gap-element clearfix\" style=\"display:block; height:auto;\">\n\t\t\n<style>\n#gap-1977190018 {\n  padding-top: 30px;\n}\n<\/style>\n\t<\/div>\n\t\n<h2 style=\"text-align: center;\">About Us<\/h2>\n<div class=\"row\"  id=\"row-1420286495\">\n\n\t<div id=\"col-563951775\" class=\"col medium-2 small-12 large-2\"  >\n\t\t\t\t<div class=\"col-inner\"  >\n\t\t\t\n\t\t\t\n\t\t<\/div>\n\t\t\t\t\t<\/div>\n\n\t\n\n\t<div id=\"col-1359760237\" class=\"col medium-8 small-12 large-8\"  >\n\t\t\t\t<div class=\"col-inner\"  >\n\t\t\t\n\t\t\t\n<p>Founded in 1993 by Mr. Servet G\u00dcLER, who is still the Chairman of the Board of our company, <strong>G\u00fclersan <\/strong>Lubrication Equipment Ltd. It has been serving many sectors such as Automotive, Construction, Fuel Oil, Chemical, Hardware sectors for many years.<\/p>\n<p>Regarding lubrication devices, we are expanding our product range every year. We bring all our manufacturing to end-users through our branches in Turkey and abroad. Apart from our standard productions, signing boutique projects such as mobile and fixed lubrication sets keeps us constantly active.<\/p>\n<p>Our <strong>Tarus<\/strong> Temizlik brand, which we have created for the cleaning sector, develops every year and meets the needs of the sector by manufacturing or importing.<\/p>\n<p>Our Gls Garaj brand, which we have created for automotive service equipment, takes us on a different and beautiful journey. \u00a085% of <strong>Gls <\/strong>Garaj products are imported, 15% are produced by G\u00fclersan.<\/p>\n<p>Our journey, which started 27 years ago in the light of our three brands, in the last 6 years, we have added dealerships of many brands, especially <span style=\"color: #3366ff;\"><strong>BOSCH<\/strong><\/span> Power tools, <span style=\"color: #ff0000;\"><strong>IZELTA\u015e<\/strong><\/span> Mechanical hand tools, <strong><span style=\"color: #0000ff;\">GEDORE<\/span><\/strong> Mechanical hand tools, <strong>OSAKA<\/strong> Pneumatic hand tools brands.<\/p>\n<p>Also <strong>PIUSI<\/strong> of diesel equipment, <strong><span style=\"color: #00ccff;\">MAVEL<\/span><\/strong> hose reels, <span style=\"color: #ff0000;\"><strong>HAWK<\/strong><\/span> high pressure pumps, <span style=\"color: #ff0000;\"><strong>ROVER<\/strong><\/span> transfer pumps, manufacturers have been making their distributor in Turkey.<\/p>\n<p>Thanks to our trained staff, we are carrying out solution-oriented projects with our stores in Istanbul and Ankara. 60% of our current production capacity to market across Turkey while 40% are exporting to various countries of the world. <strong>G\u00dcLERSAN<\/strong>, which has contributed to the development of Turkish industry since its establishment and has realized many new investments,With its experience, it increases the quality in the sector day by day.<\/p>\n<p>It is our greatest wish and aim to bring us to where we are today, with an innovative approach, more employment and more customer satisfaction.<\/p>\n<div class=\"imgeffect single_image img_loaded\"><\/div>\n\t\t<\/div>\n\t\t\t\t\t<\/div>\n\n\t\n\n\t<div id=\"col-261443581\" class=\"col medium-2 small-12 large-2\"  >\n\t\t\t\t<div class=\"col-inner\"  >\n\t\t\t\n\t\t\t\n\t\t<\/div>\n\t\t\t\t\t<\/div>\n\n\t\n<\/div>\n","protected":false},"excerpt":{"rendered":"<p>About Us<\/p>\n","protected":false},"author":1,"featured_media":0,"parent":0,"menu_order":0,"comment_status":"closed","ping_status":"closed","template":"","meta":{"footnotes":""},"class_list":["post-5101","page","type-page","status-publish","hentry"],"yoast_head":"<!-- This site is optimized with the Yoast SEO plugin v27.6 - https:\/\/yoast.com\/product\/yoast-seo-wordpress\/ -->\n<title>About Us - G\u00fclersan Ya\u011flama Cihazlar\u0131<\/title>\n<meta name=\"robots\" content=\"index, follow, max-snippet:-1, max-image-preview:large, max-video-preview:-1\" \/>\n<link rel=\"canonical\" href=\"https:\/\/www.gulersan.com\/en\/about-us\/\" \/>\n<meta property=\"og:locale\" content=\"en_US\" \/>\n<meta property=\"og:type\" content=\"article\" \/>\n<meta property=\"og:title\" content=\"About Us - G\u00fclersan Ya\u011flama Cihazlar\u0131\" \/>\n<meta property=\"og:description\" content=\"About Us\" \/>\n<meta property=\"og:url\" content=\"https:\/\/www.gulersan.com\/en\/about-us\/\" \/>\n<meta property=\"og:site_name\" content=\"G\u00fclersan Ya\u011flama Cihazlar\u0131\" \/>\n<meta property=\"article:modified_time\" content=\"2021-06-19T07:58:56+00:00\" \/>\n<meta name=\"twitter:card\" content=\"summary_large_image\" \/>\n<meta name=\"twitter:label1\" content=\"Est. reading time\" \/>\n\t<meta name=\"twitter:data1\" content=\"2 minutes\" \/>\n<script type=\"application\/ld+json\" class=\"yoast-schema-graph\">{\"@context\":\"https:\\\/\\\/schema.org\",\"@graph\":[{\"@type\":\"WebPage\",\"@id\":\"https:\\\/\\\/www.gulersan.com\\\/en\\\/about-us\\\/\",\"url\":\"https:\\\/\\\/www.gulersan.com\\\/en\\\/about-us\\\/\",\"name\":\"About Us - G\u00fclersan Ya\u011flama Cihazlar\u0131\",\"isPartOf\":{\"@id\":\"https:\\\/\\\/www.gulersan.com\\\/en\\\/#website\"},\"datePublished\":\"2021-01-04T05:51:16+00:00\",\"dateModified\":\"2021-06-19T07:58:56+00:00\",\"breadcrumb\":{\"@id\":\"https:\\\/\\\/www.gulersan.com\\\/en\\\/about-us\\\/#breadcrumb\"},\"inLanguage\":\"en-US\",\"potentialAction\":[{\"@type\":\"ReadAction\",\"target\":[\"https:\\\/\\\/www.gulersan.com\\\/en\\\/about-us\\\/\"]}]},{\"@type\":\"BreadcrumbList\",\"@id\":\"https:\\\/\\\/www.gulersan.com\\\/en\\\/about-us\\\/#breadcrumb\",\"itemListElement\":[{\"@type\":\"ListItem\",\"position\":1,\"name\":\"Anasayfa\",\"item\":\"https:\\\/\\\/www.gulersan.com\\\/en\\\/\"},{\"@type\":\"ListItem\",\"position\":2,\"name\":\"About Us\"}]},{\"@type\":\"WebSite\",\"@id\":\"https:\\\/\\\/www.gulersan.com\\\/en\\\/#website\",\"url\":\"https:\\\/\\\/www.gulersan.com\\\/en\\\/\",\"name\":\"G\u00fclersan Ya\u011flama Cihazlar\u0131\",\"description\":\"Ya\u011flama Makinesi | Haval\u0131 Gres Pompas\u0131 | Ya\u011flama Pompas\u0131 | Ya\u011f \u00c7ekme Pompas\u0131\",\"publisher\":{\"@id\":\"https:\\\/\\\/www.gulersan.com\\\/en\\\/#organization\"},\"potentialAction\":[{\"@type\":\"SearchAction\",\"target\":{\"@type\":\"EntryPoint\",\"urlTemplate\":\"https:\\\/\\\/www.gulersan.com\\\/en\\\/?s={search_term_string}\"},\"query-input\":{\"@type\":\"PropertyValueSpecification\",\"valueRequired\":true,\"valueName\":\"search_term_string\"}}],\"inLanguage\":\"en-US\"},{\"@type\":\"Organization\",\"@id\":\"https:\\\/\\\/www.gulersan.com\\\/en\\\/#organization\",\"name\":\"G\u00fclersan Ya\u011flama Cihazlar\u0131\",\"url\":\"https:\\\/\\\/www.gulersan.com\\\/en\\\/\",\"logo\":{\"@type\":\"ImageObject\",\"inLanguage\":\"en-US\",\"@id\":\"https:\\\/\\\/www.gulersan.com\\\/en\\\/#\\\/schema\\\/logo\\\/image\\\/\",\"url\":\"https:\\\/\\\/www.gulersan.com\\\/wp-content\\\/uploads\\\/2021\\\/01\\\/gulersan-logo-tr.png\",\"contentUrl\":\"https:\\\/\\\/www.gulersan.com\\\/wp-content\\\/uploads\\\/2021\\\/01\\\/gulersan-logo-tr.png\",\"width\":1242,\"height\":302,\"caption\":\"G\u00fclersan Ya\u011flama Cihazlar\u0131\"},\"image\":{\"@id\":\"https:\\\/\\\/www.gulersan.com\\\/en\\\/#\\\/schema\\\/logo\\\/image\\\/\"}}]}<\/script>\n<!-- \/ Yoast SEO plugin. -->","yoast_head_json":{"title":"About Us - G\u00fclersan Ya\u011flama Cihazlar\u0131","robots":{"index":"index","follow":"follow","max-snippet":"max-snippet:-1","max-image-preview":"max-image-preview:large","max-video-preview":"max-video-preview:-1"},"canonical":"https:\/\/www.gulersan.com\/en\/about-us\/","og_locale":"en_US","og_type":"article","og_title":"About Us - G\u00fclersan Ya\u011flama Cihazlar\u0131","og_description":"About Us","og_url":"https:\/\/www.gulersan.com\/en\/about-us\/","og_site_name":"G\u00fclersan Ya\u011flama Cihazlar\u0131","article_modified_time":"2021-06-19T07:58:56+00:00","twitter_card":"summary_large_image","twitter_misc":{"Est. reading time":"2 minutes"},"schema":{"@context":"https:\/\/schema.org","@graph":[{"@type":"WebPage","@id":"https:\/\/www.gulersan.com\/en\/about-us\/","url":"https:\/\/www.gulersan.com\/en\/about-us\/","name":"About Us - G\u00fclersan Ya\u011flama Cihazlar\u0131","isPartOf":{"@id":"https:\/\/www.gulersan.com\/en\/#website"},"datePublished":"2021-01-04T05:51:16+00:00","dateModified":"2021-06-19T07:58:56+00:00","breadcrumb":{"@id":"https:\/\/www.gulersan.com\/en\/about-us\/#breadcrumb"},"inLanguage":"en-US","potentialAction":[{"@type":"ReadAction","target":["https:\/\/www.gulersan.com\/en\/about-us\/"]}]},{"@type":"BreadcrumbList","@id":"https:\/\/www.gulersan.com\/en\/about-us\/#breadcrumb","itemListElement":[{"@type":"ListItem","position":1,"name":"Anasayfa","item":"https:\/\/www.gulersan.com\/en\/"},{"@type":"ListItem","position":2,"name":"About Us"}]},{"@type":"WebSite","@id":"https:\/\/www.gulersan.com\/en\/#website","url":"https:\/\/www.gulersan.com\/en\/","name":"G\u00fclersan Ya\u011flama Cihazlar\u0131","description":"Ya\u011flama Makinesi | Haval\u0131 Gres Pompas\u0131 | Ya\u011flama Pompas\u0131 | Ya\u011f \u00c7ekme Pompas\u0131","publisher":{"@id":"https:\/\/www.gulersan.com\/en\/#organization"},"potentialAction":[{"@type":"SearchAction","target":{"@type":"EntryPoint","urlTemplate":"https:\/\/www.gulersan.com\/en\/?s={search_term_string}"},"query-input":{"@type":"PropertyValueSpecification","valueRequired":true,"valueName":"search_term_string"}}],"inLanguage":"en-US"},{"@type":"Organization","@id":"https:\/\/www.gulersan.com\/en\/#organization","name":"G\u00fclersan Ya\u011flama Cihazlar\u0131","url":"https:\/\/www.gulersan.com\/en\/","logo":{"@type":"ImageObject","inLanguage":"en-US","@id":"https:\/\/www.gulersan.com\/en\/#\/schema\/logo\/image\/","url":"https:\/\/www.gulersan.com\/wp-content\/uploads\/2021\/01\/gulersan-logo-tr.png","contentUrl":"https:\/\/www.gulersan.com\/wp-content\/uploads\/2021\/01\/gulersan-logo-tr.png","width":1242,"height":302,"caption":"G\u00fclersan Ya\u011flama Cihazlar\u0131"},"image":{"@id":"https:\/\/www.gulersan.com\/en\/#\/schema\/logo\/image\/"}}]}},"_links":{"self":[{"href":"https:\/\/www.gulersan.com\/en\/wp-json\/wp\/v2\/pages\/5101","targetHints":{"allow":["GET"]}}],"collection":[{"href":"https:\/\/www.gulersan.com\/en\/wp-json\/wp\/v2\/pages"}],"about":[{"href":"https:\/\/www.gulersan.com\/en\/wp-json\/wp\/v2\/types\/page"}],"author":[{"embeddable":true,"href":"https:\/\/www.gulersan.com\/en\/wp-json\/wp\/v2\/users\/1"}],"replies":[{"embeddable":true,"href":"https:\/\/www.gulersan.com\/en\/wp-json\/wp\/v2\/comments?post=5101"}],"version-history":[{"count":0,"href":"https:\/\/www.gulersan.com\/en\/wp-json\/wp\/v2\/pages\/5101\/revisions"}],"wp:attachment":[{"href":"https:\/\/www.gulersan.com\/en\/wp-json\/wp\/v2\/media?parent=5101"}],"curies":[{"name":"wp","href":"https:\/\/api.w.org\/{rel}","templated":true}]}}