{"id":5140,"date":"2021-01-04T09:40:17","date_gmt":"2021-01-04T06:40:17","guid":{"rendered":"https:\/\/www.gulersan.com\/abroad-vendors\/"},"modified":"2021-02-03T12:20:28","modified_gmt":"2021-02-03T09:20:28","slug":"abroad-vendors","status":"publish","type":"page","link":"https:\/\/www.gulersan.com\/en\/abroad-vendors\/","title":{"rendered":"Abroad Vendors"},"content":{"rendered":"\r\n<p><br \/> <!-- start Fla-shop.com HTML5 Map --> <div class='worldcountriesHtml5Mapbottom htmlMapResponsive' style='max-width:980px'><div id='worldcountries-html5-map-map-container_0' class='worldcountriesHtml5MapContainer' data-map-variable='worldcountrieshtml5map_map_0'><\/div><div style='clear:both; height: 20px;'><\/div> <style> #worldcountries-html5-map-map-container_0 { } #worldcountries-html5-map-map-container_0 .fm-tooltip-name { color: #000000; font-size: 20px; } #worldcountries-html5-map-map-container_0 .fm-tooltip-comment { } #worldcountries-html5-map-map-container_0 .fm-tooltip-comment p { } @media only screen and (max-width: 480px) { #worldcountries-html5-map-map-container_0 { float: none; width: 100%; } } <\/style><script type=\"text\/javascript\"> jQuery(function(){ var hightlighted = null; worldcountrieshtml5map_map_0 = new FlaShopWorldMap(worldcountrieshtml5map_map_cfg_1); worldcountrieshtml5map_map_0.draw('worldcountries-html5-map-map-container_0'); worldcountrieshtml5map_map_0.on('mousein', function(ev, sid, map) { if (hightlighted && sid != hightlighted) { map.stateHighlightOut(hightlighted); hightlighted = null; } }); var html5map_onclick = function(ev, sid, map) { var cfg = worldcountrieshtml5map_map_cfg_1; var link = map.fetchStateAttr(sid, 'link'); var is_group = map.fetchStateAttr(sid, 'group'); var popup_id = map.fetchStateAttr(sid, 'popup-id'); var is_group_info = false; if (typeof cfg.map_data[sid] !== 'undefined') jQuery('#worldcountries-html5-map-selector_0').val(sid); else jQuery('#worldcountries-html5-map-selector_0').val(''); if (is_group==undefined) { if (sid.substr(0,1)=='p') { popup_id = map.fetchPointAttr(sid, 'popup_id'); link = map.fetchPointAttr(sid, 'link'); } } else if (typeof cfg.groups[is_group]['ignore_link'] == 'undefined' || ! cfg.groups[is_group].ignore_link) { link = cfg.groups[is_group].link; popup_id = cfg.groups[is_group]['popup_id']; is_group_info = true; } if (link=='#popup') { if (typeof SG_POPUP_DATA == \"object\") { if (popup_id in SG_POPUP_DATA) { SGPopup.prototype.showPopup(popup_id,false); } else { jQuery.ajax({ type: 'POST', url: 'https:\/\/www.gulersan.com\/index.php?map_id=1&worldcountrieshtml5map_get_popup', data: {popup_id:popup_id}, }).done(function(data) { jQuery('body').append(data); SGPopup.prototype.showPopup(popup_id,false); }); } } else if (typeof SGPBPopup == \"function\") { var popup = SGPBPopup.createPopupObjById(popup_id); popup.prepareOpen(); popup.open(); } return false; } if (link == '#info') { var id = is_group_info ? is_group : (sid.substr(0,1)=='p' ? sid : map.fetchStateAttr(sid, 'id')); jQuery('#worldcountries-html5-map-state-info_0').html('Loading...'); jQuery.ajax({ type: 'POST', url: (is_group_info ? 'https:\/\/www.gulersan.com\/index.php?map_id=1&worldcountrieshtml5map_get_group_info=' : 'https:\/\/www.gulersan.com\/index.php?map_id=1&worldcountrieshtml5map_get_state_info=') + id, success: function(data, textStatus, jqXHR){ jQuery('#worldcountries-html5-map-state-info_0').html(data); }, dataType: 'text' }); return false; } if (ev===null && link!='') { if (!jQuery('.html5dummilink').length) { jQuery('body').append('<a href=\"#\" class=\"html5dummilink\" style=\"display:none\"><\/a>'); } jQuery('.html5dummilink').attr('href',link).attr('target',(map.fetchStateAttr(sid, 'isNewWindow') ? '_blank' : '_self'))[0].click(); } }; worldcountrieshtml5map_map_0.on('click',html5map_onclick); }); <\/script><div id='worldcountries-html5-map-state-info_0' class='worldcountriesHtml5MapStateInfo'><\/div> <\/div> <div style='clear: both'><\/div> <!-- end HTML5 Map --> \r\n","protected":false},"excerpt":{"rendered":"","protected":false},"author":1,"featured_media":0,"parent":0,"menu_order":0,"comment_status":"closed","ping_status":"closed","template":"","meta":{"footnotes":""},"class_list":["post-5140","page","type-page","status-publish","hentry"],"yoast_head":"<!-- This site is optimized with the Yoast SEO plugin v27.6 - https:\/\/yoast.com\/product\/yoast-seo-wordpress\/ -->\n<title>Abroad Vendors - G\u00fclersan Ya\u011flama Cihazlar\u0131<\/title>\n<meta name=\"robots\" content=\"index, follow, max-snippet:-1, max-image-preview:large, max-video-preview:-1\" \/>\n<link rel=\"canonical\" href=\"https:\/\/www.gulersan.com\/en\/abroad-vendors\/\" \/>\n<meta property=\"og:locale\" content=\"en_US\" \/>\n<meta property=\"og:type\" content=\"article\" \/>\n<meta property=\"og:title\" content=\"Abroad Vendors - G\u00fclersan Ya\u011flama Cihazlar\u0131\" \/>\n<meta property=\"og:url\" content=\"https:\/\/www.gulersan.com\/en\/abroad-vendors\/\" \/>\n<meta property=\"og:site_name\" content=\"G\u00fclersan Ya\u011flama Cihazlar\u0131\" \/>\n<meta property=\"article:modified_time\" content=\"2021-02-03T09:20:28+00:00\" \/>\n<meta name=\"twitter:card\" content=\"summary_large_image\" \/>\n<meta name=\"twitter:label1\" content=\"Est. reading time\" \/>\n\t<meta name=\"twitter:data1\" content=\"1 minute\" \/>\n<script type=\"application\/ld+json\" class=\"yoast-schema-graph\">{\"@context\":\"https:\\\/\\\/schema.org\",\"@graph\":[{\"@type\":\"WebPage\",\"@id\":\"https:\\\/\\\/www.gulersan.com\\\/en\\\/abroad-vendors\\\/\",\"url\":\"https:\\\/\\\/www.gulersan.com\\\/en\\\/abroad-vendors\\\/\",\"name\":\"Abroad Vendors - G\u00fclersan Ya\u011flama Cihazlar\u0131\",\"isPartOf\":{\"@id\":\"https:\\\/\\\/www.gulersan.com\\\/en\\\/#website\"},\"datePublished\":\"2021-01-04T06:40:17+00:00\",\"dateModified\":\"2021-02-03T09:20:28+00:00\",\"breadcrumb\":{\"@id\":\"https:\\\/\\\/www.gulersan.com\\\/en\\\/abroad-vendors\\\/#breadcrumb\"},\"inLanguage\":\"en-US\",\"potentialAction\":[{\"@type\":\"ReadAction\",\"target\":[\"https:\\\/\\\/www.gulersan.com\\\/en\\\/abroad-vendors\\\/\"]}]},{\"@type\":\"BreadcrumbList\",\"@id\":\"https:\\\/\\\/www.gulersan.com\\\/en\\\/abroad-vendors\\\/#breadcrumb\",\"itemListElement\":[{\"@type\":\"ListItem\",\"position\":1,\"name\":\"Anasayfa\",\"item\":\"https:\\\/\\\/www.gulersan.com\\\/en\\\/\"},{\"@type\":\"ListItem\",\"position\":2,\"name\":\"Abroad Vendors\"}]},{\"@type\":\"WebSite\",\"@id\":\"https:\\\/\\\/www.gulersan.com\\\/en\\\/#website\",\"url\":\"https:\\\/\\\/www.gulersan.com\\\/en\\\/\",\"name\":\"G\u00fclersan Ya\u011flama Cihazlar\u0131\",\"description\":\"Ya\u011flama Makinesi | Haval\u0131 Gres Pompas\u0131 | Ya\u011flama Pompas\u0131 | Ya\u011f \u00c7ekme Pompas\u0131\",\"publisher\":{\"@id\":\"https:\\\/\\\/www.gulersan.com\\\/en\\\/#organization\"},\"potentialAction\":[{\"@type\":\"SearchAction\",\"target\":{\"@type\":\"EntryPoint\",\"urlTemplate\":\"https:\\\/\\\/www.gulersan.com\\\/en\\\/?s={search_term_string}\"},\"query-input\":{\"@type\":\"PropertyValueSpecification\",\"valueRequired\":true,\"valueName\":\"search_term_string\"}}],\"inLanguage\":\"en-US\"},{\"@type\":\"Organization\",\"@id\":\"https:\\\/\\\/www.gulersan.com\\\/en\\\/#organization\",\"name\":\"G\u00fclersan Ya\u011flama Cihazlar\u0131\",\"url\":\"https:\\\/\\\/www.gulersan.com\\\/en\\\/\",\"logo\":{\"@type\":\"ImageObject\",\"inLanguage\":\"en-US\",\"@id\":\"https:\\\/\\\/www.gulersan.com\\\/en\\\/#\\\/schema\\\/logo\\\/image\\\/\",\"url\":\"https:\\\/\\\/www.gulersan.com\\\/wp-content\\\/uploads\\\/2021\\\/01\\\/gulersan-logo-tr.png\",\"contentUrl\":\"https:\\\/\\\/www.gulersan.com\\\/wp-content\\\/uploads\\\/2021\\\/01\\\/gulersan-logo-tr.png\",\"width\":1242,\"height\":302,\"caption\":\"G\u00fclersan Ya\u011flama Cihazlar\u0131\"},\"image\":{\"@id\":\"https:\\\/\\\/www.gulersan.com\\\/en\\\/#\\\/schema\\\/logo\\\/image\\\/\"}}]}<\/script>\n<!-- \/ Yoast SEO plugin. -->","yoast_head_json":{"title":"Abroad Vendors - G\u00fclersan Ya\u011flama Cihazlar\u0131","robots":{"index":"index","follow":"follow","max-snippet":"max-snippet:-1","max-image-preview":"max-image-preview:large","max-video-preview":"max-video-preview:-1"},"canonical":"https:\/\/www.gulersan.com\/en\/abroad-vendors\/","og_locale":"en_US","og_type":"article","og_title":"Abroad Vendors - G\u00fclersan Ya\u011flama Cihazlar\u0131","og_url":"https:\/\/www.gulersan.com\/en\/abroad-vendors\/","og_site_name":"G\u00fclersan Ya\u011flama Cihazlar\u0131","article_modified_time":"2021-02-03T09:20:28+00:00","twitter_card":"summary_large_image","twitter_misc":{"Est. reading time":"1 minute"},"schema":{"@context":"https:\/\/schema.org","@graph":[{"@type":"WebPage","@id":"https:\/\/www.gulersan.com\/en\/abroad-vendors\/","url":"https:\/\/www.gulersan.com\/en\/abroad-vendors\/","name":"Abroad Vendors - G\u00fclersan Ya\u011flama Cihazlar\u0131","isPartOf":{"@id":"https:\/\/www.gulersan.com\/en\/#website"},"datePublished":"2021-01-04T06:40:17+00:00","dateModified":"2021-02-03T09:20:28+00:00","breadcrumb":{"@id":"https:\/\/www.gulersan.com\/en\/abroad-vendors\/#breadcrumb"},"inLanguage":"en-US","potentialAction":[{"@type":"ReadAction","target":["https:\/\/www.gulersan.com\/en\/abroad-vendors\/"]}]},{"@type":"BreadcrumbList","@id":"https:\/\/www.gulersan.com\/en\/abroad-vendors\/#breadcrumb","itemListElement":[{"@type":"ListItem","position":1,"name":"Anasayfa","item":"https:\/\/www.gulersan.com\/en\/"},{"@type":"ListItem","position":2,"name":"Abroad Vendors"}]},{"@type":"WebSite","@id":"https:\/\/www.gulersan.com\/en\/#website","url":"https:\/\/www.gulersan.com\/en\/","name":"G\u00fclersan Ya\u011flama Cihazlar\u0131","description":"Ya\u011flama Makinesi | Haval\u0131 Gres Pompas\u0131 | Ya\u011flama Pompas\u0131 | Ya\u011f \u00c7ekme Pompas\u0131","publisher":{"@id":"https:\/\/www.gulersan.com\/en\/#organization"},"potentialAction":[{"@type":"SearchAction","target":{"@type":"EntryPoint","urlTemplate":"https:\/\/www.gulersan.com\/en\/?s={search_term_string}"},"query-input":{"@type":"PropertyValueSpecification","valueRequired":true,"valueName":"search_term_string"}}],"inLanguage":"en-US"},{"@type":"Organization","@id":"https:\/\/www.gulersan.com\/en\/#organization","name":"G\u00fclersan Ya\u011flama Cihazlar\u0131","url":"https:\/\/www.gulersan.com\/en\/","logo":{"@type":"ImageObject","inLanguage":"en-US","@id":"https:\/\/www.gulersan.com\/en\/#\/schema\/logo\/image\/","url":"https:\/\/www.gulersan.com\/wp-content\/uploads\/2021\/01\/gulersan-logo-tr.png","contentUrl":"https:\/\/www.gulersan.com\/wp-content\/uploads\/2021\/01\/gulersan-logo-tr.png","width":1242,"height":302,"caption":"G\u00fclersan Ya\u011flama Cihazlar\u0131"},"image":{"@id":"https:\/\/www.gulersan.com\/en\/#\/schema\/logo\/image\/"}}]}},"_links":{"self":[{"href":"https:\/\/www.gulersan.com\/en\/wp-json\/wp\/v2\/pages\/5140","targetHints":{"allow":["GET"]}}],"collection":[{"href":"https:\/\/www.gulersan.com\/en\/wp-json\/wp\/v2\/pages"}],"about":[{"href":"https:\/\/www.gulersan.com\/en\/wp-json\/wp\/v2\/types\/page"}],"author":[{"embeddable":true,"href":"https:\/\/www.gulersan.com\/en\/wp-json\/wp\/v2\/users\/1"}],"replies":[{"embeddable":true,"href":"https:\/\/www.gulersan.com\/en\/wp-json\/wp\/v2\/comments?post=5140"}],"version-history":[{"count":0,"href":"https:\/\/www.gulersan.com\/en\/wp-json\/wp\/v2\/pages\/5140\/revisions"}],"wp:attachment":[{"href":"https:\/\/www.gulersan.com\/en\/wp-json\/wp\/v2\/media?parent=5140"}],"curies":[{"name":"wp","href":"https:\/\/api.w.org\/{rel}","templated":true}]}}