{"id":5152,"date":"2021-01-04T09:45:25","date_gmt":"2021-01-04T06:45:25","guid":{"rendered":"https:\/\/www.gulersan.com\/catalog\/"},"modified":"2025-10-09T16:38:39","modified_gmt":"2025-10-09T13:38:39","slug":"catalog","status":"publish","type":"page","link":"https:\/\/www.gulersan.com\/en\/catalog\/","title":{"rendered":"Catalog"},"content":{"rendered":"\t<div id=\"gap-1519022646\" class=\"gap-element clearfix\" style=\"display:block; height:auto;\">\n\t\t\n<style>\n#gap-1519022646 {\n  padding-top: 60px;\n}\n<\/style>\n\t<\/div>\n\t\n<div class=\"row\"  id=\"row-2055959645\">\n\n\t<div id=\"col-252453208\" class=\"col medium-3 small-12 large-3\"  >\n\t\t\t\t<div class=\"col-inner\"  >\n\t\t\t\n\t\t\t\n\t<div class=\"img has-hover x md-x lg-x y md-y lg-y\" id=\"image_31930331\">\n\t\t<a class=\"\" href=\"https:\/\/www.gulersan.com\/wp-content\/uploads\/2023\/03\/gulersan-katalog-2023.pdf\" target=\"_blank\" rel=\"noopener\" >\t\t\t\t\t\t<div class=\"img-inner dark\" >\n\t\t\t<img loading=\"lazy\" decoding=\"async\" width=\"567\" height=\"800\" src=\"https:\/\/www.gulersan.com\/wp-content\/uploads\/2023\/03\/gulersankatalog2023-567x800.png\" class=\"attachment-large size-large\" alt=\"\" srcset=\"https:\/\/www.gulersan.com\/wp-content\/uploads\/2023\/03\/gulersankatalog2023-567x800.png 567w, https:\/\/www.gulersan.com\/wp-content\/uploads\/2023\/03\/gulersankatalog2023-284x400.png 284w, https:\/\/www.gulersan.com\/wp-content\/uploads\/2023\/03\/gulersankatalog2023.png 597w\" sizes=\"auto, (max-width: 567px) 100vw, 567px\" \/>\t\t\t\t\t\t\n\t\t\t\t\t<\/div>\n\t\t\t\t\t\t<\/a>\t\t\n<style>\n#image_31930331 {\n  width: 100%;\n}\n<\/style>\n\t<\/div>\n\t\n\t\t<\/div>\n\t\t\t\t\t<\/div>\n\n\t\n\n\t<div id=\"col-937490527\" class=\"col medium-3 small-12 large-3\"  >\n\t\t\t\t<div class=\"col-inner\"  >\n\t\t\t\n\t\t\t\n\t<div class=\"img has-hover x md-x lg-x y md-y lg-y\" id=\"image_1628602509\">\n\t\t<a class=\"\" href=\"https:\/\/www.gulersan.com\/wp-content\/uploads\/2021\/01\/tarus-katalog.pdf\" target=\"_blank\" rel=\"noopener\" >\t\t\t\t\t\t<div class=\"img-inner dark\" >\n\t\t\t<img loading=\"lazy\" decoding=\"async\" width=\"532\" height=\"799\" src=\"https:\/\/www.gulersan.com\/wp-content\/uploads\/2021\/01\/tarus_katalog.jpg\" class=\"attachment-large size-large\" alt=\"Tarus temizlik ekipmanlar\u0131 katalog. Tarus markas\u0131na ait t\u00fcm temizlik makineleri, aksesuarlar\u0131 ve sarf malzemelerinin bulundu\u011fu \u00fcr\u00fcn katalo\u011fu.\" srcset=\"https:\/\/www.gulersan.com\/wp-content\/uploads\/2021\/01\/tarus_katalog.jpg 532w, https:\/\/www.gulersan.com\/wp-content\/uploads\/2021\/01\/tarus_katalog-266x400.jpg 266w\" sizes=\"auto, (max-width: 532px) 100vw, 532px\" \/>\t\t\t\t\t\t\n\t\t\t\t\t<\/div>\n\t\t\t\t\t\t<\/a>\t\t\n<style>\n#image_1628602509 {\n  width: 100%;\n}\n<\/style>\n\t<\/div>\n\t\n\t\t<\/div>\n\t\t\t\t\t<\/div>\n\n\t\n\n\t<div id=\"col-119027736\" class=\"col medium-3 small-12 large-3\"  >\n\t\t\t\t<div class=\"col-inner\"  >\n\t\t\t\n\t\t\t\n\t<div class=\"img has-hover x md-x lg-x y md-y lg-y\" id=\"image_1734982768\">\n\t\t<a class=\"\" href=\"https:\/\/www.gulersan.com\/wp-content\/uploads\/2021\/03\/GLS_GARAJ_MAKARALAR.pdf\" target=\"_blank\" rel=\"noopener\" >\t\t\t\t\t\t<div class=\"img-inner dark\" >\n\t\t\t<img loading=\"lazy\" decoding=\"async\" width=\"566\" height=\"800\" src=\"https:\/\/www.gulersan.com\/wp-content\/uploads\/2021\/03\/glsgaraj-kapak-566x800.jpg\" class=\"attachment-large size-large\" alt=\"\" srcset=\"https:\/\/www.gulersan.com\/wp-content\/uploads\/2021\/03\/glsgaraj-kapak-566x800.jpg 566w, https:\/\/www.gulersan.com\/wp-content\/uploads\/2021\/03\/glsgaraj-kapak-283x400.jpg 283w, https:\/\/www.gulersan.com\/wp-content\/uploads\/2021\/03\/glsgaraj-kapak-768x1086.jpg 768w, https:\/\/www.gulersan.com\/wp-content\/uploads\/2021\/03\/glsgaraj-kapak-1086x1536.jpg 1086w, https:\/\/www.gulersan.com\/wp-content\/uploads\/2021\/03\/glsgaraj-kapak-1448x2048.jpg 1448w, https:\/\/www.gulersan.com\/wp-content\/uploads\/2021\/03\/glsgaraj-kapak-scaled.jpg 1810w\" sizes=\"auto, (max-width: 566px) 100vw, 566px\" \/>\t\t\t\t\t\t\n\t\t\t\t\t<\/div>\n\t\t\t\t\t\t<\/a>\t\t\n<style>\n#image_1734982768 {\n  width: 100%;\n}\n<\/style>\n\t<\/div>\n\t\n\t\t<\/div>\n\t\t\t\t\t<\/div>\n\n\t\n\n\t<div id=\"col-2126211251\" class=\"col medium-3 small-12 large-3\"  >\n\t\t\t\t<div class=\"col-inner\"  >\n\t\t\t\n\t\t\t\n\t<div class=\"img has-hover x md-x lg-x y md-y lg-y\" id=\"image_1682910923\">\n\t\t<a class=\"\" href=\"https:\/\/www.gulersan.com\/wp-content\/uploads\/pdftalimatlar\/GLS_Garaj_Metal_Tak\u0131m_\u00c7antas\u0131.pdf\" target=\"_blank\" rel=\"noopener\" >\t\t\t\t\t\t<div class=\"img-inner dark\" >\n\t\t\t<img loading=\"lazy\" decoding=\"async\" width=\"566\" height=\"800\" src=\"https:\/\/www.gulersan.com\/wp-content\/uploads\/2021\/03\/gls-metaltakim-kapak-566x800.jpg\" class=\"attachment-large size-large\" alt=\"\" srcset=\"https:\/\/www.gulersan.com\/wp-content\/uploads\/2021\/03\/gls-metaltakim-kapak-566x800.jpg 566w, https:\/\/www.gulersan.com\/wp-content\/uploads\/2021\/03\/gls-metaltakim-kapak-283x400.jpg 283w, https:\/\/www.gulersan.com\/wp-content\/uploads\/2021\/03\/gls-metaltakim-kapak-768x1086.jpg 768w, https:\/\/www.gulersan.com\/wp-content\/uploads\/2021\/03\/gls-metaltakim-kapak-1086x1536.jpg 1086w, https:\/\/www.gulersan.com\/wp-content\/uploads\/2021\/03\/gls-metaltakim-kapak-1448x2048.jpg 1448w, https:\/\/www.gulersan.com\/wp-content\/uploads\/2021\/03\/gls-metaltakim-kapak-scaled.jpg 1810w\" sizes=\"auto, (max-width: 566px) 100vw, 566px\" \/>\t\t\t\t\t\t\n\t\t\t\t\t<\/div>\n\t\t\t\t\t\t<\/a>\t\t\n<style>\n#image_1682910923 {\n  width: 100%;\n}\n<\/style>\n\t<\/div>\n\t\n\t\t<\/div>\n\t\t\t\t\t<\/div>\n\n\t\n<\/div>\n<div class=\"row\"  id=\"row-1666378661\">\n\n\t<div id=\"col-480758061\" class=\"col medium-4 small-12 large-4\"  >\n\t\t\t\t<div class=\"col-inner\"  >\n\t\t\t\n\t\t\t\n\t<div id=\"gap-952106820\" class=\"gap-element clearfix\" style=\"display:block; height:auto;\">\n\t\t\n<style>\n#gap-952106820 {\n  padding-top: 50px;\n}\n<\/style>\n\t<\/div>\n\t\n<p><a href=\"https:\/\/get.adobe.com\/tr\/reader\/\" target=\"_blank\" rel=\"noopener\"><img loading=\"lazy\" decoding=\"async\" class=\"alignnone wp-image-7306\" src=\"https:\/\/www.gulersan.com\/wp-content\/uploads\/2021\/01\/pdf.png\" alt=\"\" width=\"36\" height=\"36\" srcset=\"https:\/\/www.gulersan.com\/wp-content\/uploads\/2021\/01\/pdf.png 400w, https:\/\/www.gulersan.com\/wp-content\/uploads\/2021\/01\/pdf-280x280.png 280w, https:\/\/www.gulersan.com\/wp-content\/uploads\/2021\/01\/pdf-100x100.png 100w\" sizes=\"auto, (max-width: 36px) 100vw, 36px\" \/><\/a><a href=\"https:\/\/get.adobe.com\/tr\/reader\/\"><span style=\"color: #ff0000;\">Adobe Reader Download<\/span><\/a><\/p>\n\t\t<\/div>\n\t\t\t\t\t<\/div>\n\n\t\n\n\t<div id=\"col-34271242\" class=\"col medium-4 small-12 large-4\"  >\n\t\t\t\t<div class=\"col-inner\"  >\n\t\t\t\n\t\t\t\n\t\t<\/div>\n\t\t\t\t\t<\/div>\n\n\t\n\n\t<div id=\"col-882184194\" class=\"col medium-4 small-12 large-4\"  >\n\t\t\t\t<div class=\"col-inner\"  >\n\t\t\t\n\t\t\t\n\t\t<\/div>\n\t\t\t\t\t<\/div>\n\n\t\n<\/div>\n","protected":false},"excerpt":{"rendered":"","protected":false},"author":1,"featured_media":0,"parent":0,"menu_order":0,"comment_status":"closed","ping_status":"closed","template":"","meta":{"footnotes":""},"class_list":["post-5152","page","type-page","status-publish","hentry"],"yoast_head":"<!-- This site is optimized with the Yoast SEO plugin v27.5 - https:\/\/yoast.com\/product\/yoast-seo-wordpress\/ -->\n<title>Catalog - G\u00fclersan Ya\u011flama Cihazlar\u0131<\/title>\n<meta name=\"robots\" content=\"index, follow, max-snippet:-1, max-image-preview:large, max-video-preview:-1\" \/>\n<link rel=\"canonical\" href=\"https:\/\/www.gulersan.com\/en\/catalog\/\" \/>\n<meta property=\"og:locale\" content=\"en_US\" \/>\n<meta property=\"og:type\" content=\"article\" \/>\n<meta property=\"og:title\" content=\"Catalog - G\u00fclersan Ya\u011flama Cihazlar\u0131\" \/>\n<meta property=\"og:url\" content=\"https:\/\/www.gulersan.com\/en\/catalog\/\" \/>\n<meta property=\"og:site_name\" content=\"G\u00fclersan Ya\u011flama Cihazlar\u0131\" \/>\n<meta property=\"article:modified_time\" content=\"2025-10-09T13:38:39+00:00\" \/>\n<meta property=\"og:image\" content=\"https:\/\/www.gulersan.com\/wp-content\/uploads\/2021\/01\/pdf.png\" \/>\n<meta name=\"twitter:card\" content=\"summary_large_image\" \/>\n<meta name=\"twitter:label1\" content=\"Est. reading time\" \/>\n\t<meta name=\"twitter:data1\" content=\"1 minute\" \/>\n<script type=\"application\/ld+json\" class=\"yoast-schema-graph\">{\"@context\":\"https:\\\/\\\/schema.org\",\"@graph\":[{\"@type\":\"WebPage\",\"@id\":\"https:\\\/\\\/www.gulersan.com\\\/en\\\/catalog\\\/\",\"url\":\"https:\\\/\\\/www.gulersan.com\\\/en\\\/catalog\\\/\",\"name\":\"Catalog - G\u00fclersan Ya\u011flama Cihazlar\u0131\",\"isPartOf\":{\"@id\":\"https:\\\/\\\/www.gulersan.com\\\/en\\\/#website\"},\"primaryImageOfPage\":{\"@id\":\"https:\\\/\\\/www.gulersan.com\\\/en\\\/catalog\\\/#primaryimage\"},\"image\":{\"@id\":\"https:\\\/\\\/www.gulersan.com\\\/en\\\/catalog\\\/#primaryimage\"},\"thumbnailUrl\":\"https:\\\/\\\/www.gulersan.com\\\/wp-content\\\/uploads\\\/2021\\\/01\\\/pdf.png\",\"datePublished\":\"2021-01-04T06:45:25+00:00\",\"dateModified\":\"2025-10-09T13:38:39+00:00\",\"breadcrumb\":{\"@id\":\"https:\\\/\\\/www.gulersan.com\\\/en\\\/catalog\\\/#breadcrumb\"},\"inLanguage\":\"en-US\",\"potentialAction\":[{\"@type\":\"ReadAction\",\"target\":[\"https:\\\/\\\/www.gulersan.com\\\/en\\\/catalog\\\/\"]}]},{\"@type\":\"ImageObject\",\"inLanguage\":\"en-US\",\"@id\":\"https:\\\/\\\/www.gulersan.com\\\/en\\\/catalog\\\/#primaryimage\",\"url\":\"https:\\\/\\\/www.gulersan.com\\\/wp-content\\\/uploads\\\/2021\\\/01\\\/pdf.png\",\"contentUrl\":\"https:\\\/\\\/www.gulersan.com\\\/wp-content\\\/uploads\\\/2021\\\/01\\\/pdf.png\"},{\"@type\":\"BreadcrumbList\",\"@id\":\"https:\\\/\\\/www.gulersan.com\\\/en\\\/catalog\\\/#breadcrumb\",\"itemListElement\":[{\"@type\":\"ListItem\",\"position\":1,\"name\":\"Anasayfa\",\"item\":\"https:\\\/\\\/www.gulersan.com\\\/en\\\/\"},{\"@type\":\"ListItem\",\"position\":2,\"name\":\"Catalog\"}]},{\"@type\":\"WebSite\",\"@id\":\"https:\\\/\\\/www.gulersan.com\\\/en\\\/#website\",\"url\":\"https:\\\/\\\/www.gulersan.com\\\/en\\\/\",\"name\":\"G\u00fclersan Ya\u011flama Cihazlar\u0131\",\"description\":\"Ya\u011flama Makinesi | Haval\u0131 Gres Pompas\u0131 | Ya\u011flama Pompas\u0131 | Ya\u011f \u00c7ekme Pompas\u0131\",\"publisher\":{\"@id\":\"https:\\\/\\\/www.gulersan.com\\\/en\\\/#organization\"},\"potentialAction\":[{\"@type\":\"SearchAction\",\"target\":{\"@type\":\"EntryPoint\",\"urlTemplate\":\"https:\\\/\\\/www.gulersan.com\\\/en\\\/?s={search_term_string}\"},\"query-input\":{\"@type\":\"PropertyValueSpecification\",\"valueRequired\":true,\"valueName\":\"search_term_string\"}}],\"inLanguage\":\"en-US\"},{\"@type\":\"Organization\",\"@id\":\"https:\\\/\\\/www.gulersan.com\\\/en\\\/#organization\",\"name\":\"G\u00fclersan Ya\u011flama Cihazlar\u0131\",\"url\":\"https:\\\/\\\/www.gulersan.com\\\/en\\\/\",\"logo\":{\"@type\":\"ImageObject\",\"inLanguage\":\"en-US\",\"@id\":\"https:\\\/\\\/www.gulersan.com\\\/en\\\/#\\\/schema\\\/logo\\\/image\\\/\",\"url\":\"https:\\\/\\\/www.gulersan.com\\\/wp-content\\\/uploads\\\/2021\\\/01\\\/gulersan-logo-tr.png\",\"contentUrl\":\"https:\\\/\\\/www.gulersan.com\\\/wp-content\\\/uploads\\\/2021\\\/01\\\/gulersan-logo-tr.png\",\"width\":1242,\"height\":302,\"caption\":\"G\u00fclersan Ya\u011flama Cihazlar\u0131\"},\"image\":{\"@id\":\"https:\\\/\\\/www.gulersan.com\\\/en\\\/#\\\/schema\\\/logo\\\/image\\\/\"}}]}<\/script>\n<!-- \/ Yoast SEO plugin. -->","yoast_head_json":{"title":"Catalog - G\u00fclersan Ya\u011flama Cihazlar\u0131","robots":{"index":"index","follow":"follow","max-snippet":"max-snippet:-1","max-image-preview":"max-image-preview:large","max-video-preview":"max-video-preview:-1"},"canonical":"https:\/\/www.gulersan.com\/en\/catalog\/","og_locale":"en_US","og_type":"article","og_title":"Catalog - G\u00fclersan Ya\u011flama Cihazlar\u0131","og_url":"https:\/\/www.gulersan.com\/en\/catalog\/","og_site_name":"G\u00fclersan Ya\u011flama Cihazlar\u0131","article_modified_time":"2025-10-09T13:38:39+00:00","og_image":[{"url":"https:\/\/www.gulersan.com\/wp-content\/uploads\/2021\/01\/pdf.png","type":"","width":"","height":""}],"twitter_card":"summary_large_image","twitter_misc":{"Est. reading time":"1 minute"},"schema":{"@context":"https:\/\/schema.org","@graph":[{"@type":"WebPage","@id":"https:\/\/www.gulersan.com\/en\/catalog\/","url":"https:\/\/www.gulersan.com\/en\/catalog\/","name":"Catalog - G\u00fclersan Ya\u011flama Cihazlar\u0131","isPartOf":{"@id":"https:\/\/www.gulersan.com\/en\/#website"},"primaryImageOfPage":{"@id":"https:\/\/www.gulersan.com\/en\/catalog\/#primaryimage"},"image":{"@id":"https:\/\/www.gulersan.com\/en\/catalog\/#primaryimage"},"thumbnailUrl":"https:\/\/www.gulersan.com\/wp-content\/uploads\/2021\/01\/pdf.png","datePublished":"2021-01-04T06:45:25+00:00","dateModified":"2025-10-09T13:38:39+00:00","breadcrumb":{"@id":"https:\/\/www.gulersan.com\/en\/catalog\/#breadcrumb"},"inLanguage":"en-US","potentialAction":[{"@type":"ReadAction","target":["https:\/\/www.gulersan.com\/en\/catalog\/"]}]},{"@type":"ImageObject","inLanguage":"en-US","@id":"https:\/\/www.gulersan.com\/en\/catalog\/#primaryimage","url":"https:\/\/www.gulersan.com\/wp-content\/uploads\/2021\/01\/pdf.png","contentUrl":"https:\/\/www.gulersan.com\/wp-content\/uploads\/2021\/01\/pdf.png"},{"@type":"BreadcrumbList","@id":"https:\/\/www.gulersan.com\/en\/catalog\/#breadcrumb","itemListElement":[{"@type":"ListItem","position":1,"name":"Anasayfa","item":"https:\/\/www.gulersan.com\/en\/"},{"@type":"ListItem","position":2,"name":"Catalog"}]},{"@type":"WebSite","@id":"https:\/\/www.gulersan.com\/en\/#website","url":"https:\/\/www.gulersan.com\/en\/","name":"G\u00fclersan Ya\u011flama Cihazlar\u0131","description":"Ya\u011flama Makinesi | Haval\u0131 Gres Pompas\u0131 | Ya\u011flama Pompas\u0131 | Ya\u011f \u00c7ekme Pompas\u0131","publisher":{"@id":"https:\/\/www.gulersan.com\/en\/#organization"},"potentialAction":[{"@type":"SearchAction","target":{"@type":"EntryPoint","urlTemplate":"https:\/\/www.gulersan.com\/en\/?s={search_term_string}"},"query-input":{"@type":"PropertyValueSpecification","valueRequired":true,"valueName":"search_term_string"}}],"inLanguage":"en-US"},{"@type":"Organization","@id":"https:\/\/www.gulersan.com\/en\/#organization","name":"G\u00fclersan Ya\u011flama Cihazlar\u0131","url":"https:\/\/www.gulersan.com\/en\/","logo":{"@type":"ImageObject","inLanguage":"en-US","@id":"https:\/\/www.gulersan.com\/en\/#\/schema\/logo\/image\/","url":"https:\/\/www.gulersan.com\/wp-content\/uploads\/2021\/01\/gulersan-logo-tr.png","contentUrl":"https:\/\/www.gulersan.com\/wp-content\/uploads\/2021\/01\/gulersan-logo-tr.png","width":1242,"height":302,"caption":"G\u00fclersan Ya\u011flama Cihazlar\u0131"},"image":{"@id":"https:\/\/www.gulersan.com\/en\/#\/schema\/logo\/image\/"}}]}},"_links":{"self":[{"href":"https:\/\/www.gulersan.com\/en\/wp-json\/wp\/v2\/pages\/5152","targetHints":{"allow":["GET"]}}],"collection":[{"href":"https:\/\/www.gulersan.com\/en\/wp-json\/wp\/v2\/pages"}],"about":[{"href":"https:\/\/www.gulersan.com\/en\/wp-json\/wp\/v2\/types\/page"}],"author":[{"embeddable":true,"href":"https:\/\/www.gulersan.com\/en\/wp-json\/wp\/v2\/users\/1"}],"replies":[{"embeddable":true,"href":"https:\/\/www.gulersan.com\/en\/wp-json\/wp\/v2\/comments?post=5152"}],"version-history":[{"count":1,"href":"https:\/\/www.gulersan.com\/en\/wp-json\/wp\/v2\/pages\/5152\/revisions"}],"predecessor-version":[{"id":13308,"href":"https:\/\/www.gulersan.com\/en\/wp-json\/wp\/v2\/pages\/5152\/revisions\/13308"}],"wp:attachment":[{"href":"https:\/\/www.gulersan.com\/en\/wp-json\/wp\/v2\/media?parent=5152"}],"curies":[{"name":"wp","href":"https:\/\/api.w.org\/{rel}","templated":true}]}}