{"id":12726,"date":"2024-09-16T12:02:42","date_gmt":"2024-09-16T09:02:42","guid":{"rendered":"https:\/\/www.gulersan.com\/urun\/groz-g5-el-gres-pompasi-500-cc\/"},"modified":"2025-10-27T11:33:50","modified_gmt":"2025-10-27T08:33:50","slug":"hand-grease-pump-500-cc-g5-hand-grease-pump-500-cc-g5","status":"publish","type":"product","link":"https:\/\/www.gulersan.com\/en\/urun\/hand-grease-pump-500-cc-g5-hand-grease-pump-500-cc-g5\/","title":{"rendered":"Hand Grease Pump 500 Cc &#8211; G5"},"content":{"rendered":"<div class=\"row\"  id=\"row-259875600\">\n\n\t<div id=\"col-1786858120\" class=\"col medium-6 small-12 large-6\"  >\n\t\t\t\t<div class=\"col-inner\"  >\n\t\t\t\n\t\t\t\n<h2 style=\"text-align: left;\"><span style=\"color: #000080;\"><strong>Why G5 Hand Grease Pump?<\/strong><\/span><\/h2>\n<p>The mechanical hand grease pump is designed for hard to reach areas. It makes your job easier and more efficient thanks to its one-handed operation.<\/p>\n\t\t<\/div>\n\t\t\t\t\t<\/div>\n\n\t\n\n\t<div id=\"col-1874745761\" class=\"col medium-6 small-12 large-6\"  >\n\t\t\t\t<div class=\"col-inner\"  >\n\t\t\t\n\t\t\t\n<h2>Technical Details<\/h2>\n<table style=\"width: 100%; height: 545px;\" bgcolor=\"whitesmoke\">\n<tbody>\n<tr>\n<td style=\"height: 1px;\" colspan=\"4\" bgcolor=\"white\"><img loading=\"lazy\" decoding=\"async\" class=\"alignnone wp-image-4888\" style=\"color: #555555; font-size: 14.4px; background-color: #ffffff;\" src=\"https:\/\/www.gulersan.com\/wp-content\/uploads\/2020\/12\/cizgi.jpg\" alt=\"\" width=\"1454\" height=\"12\" srcset=\"https:\/\/www.gulersan.com\/wp-content\/uploads\/2020\/12\/cizgi.jpg 606w, https:\/\/www.gulersan.com\/wp-content\/uploads\/2020\/12\/cizgi-510x4.jpg 510w\" sizes=\"auto, (max-width: 1454px) 100vw, 1454px\" \/><\/td>\n<\/tr>\n<tr>\n<td><span style=\"font-size: 120%;\"><strong>\u00a0 \u00a0 \u00a0 Model<\/strong><\/span><\/td>\n<td><\/td>\n<td style=\"text-align: right;\"><span style=\"font-size: 120%;\">G5\u00a0\u00a0 \u00a0\u00a0<\/span><\/td>\n<\/tr>\n<tr>\n<td><span style=\"font-size: 120%;\"><strong>\u00a0 \u00a0 \u00a0 Working Type<\/strong><\/span><\/td>\n<td><\/td>\n<td style=\"text-align: right;\"><span style=\"font-size: 120%;\">By Hand \u00a0 \u00a0\u00a0<\/span><\/td>\n<\/tr>\n<tr>\n<td><span style=\"font-size: 120%;\"><strong>\u00a0 \u00a0 \u00a0 Capacity<\/strong><\/span><\/td>\n<td><\/td>\n<td style=\"text-align: right;\"><span style=\"font-size: 120%;\">500 Cc\u00a0 \u00a0 \u00a0<\/span><\/td>\n<\/tr>\n<tr>\n<td><span style=\"font-size: 120%;\"><strong>\u00a0 \u00a0 \u00a0 Cartridge Capacity<\/strong><\/span><\/td>\n<td><\/td>\n<td style=\"text-align: right;\"><span style=\"font-size: 120%;\">400 Cc\u00a0 \u00a0 \u00a0<\/span><\/td>\n<\/tr>\n<tr>\n<td><span style=\"font-size: 120%;\"><strong>\u00a0 \u00a0 \u00a0 Working Pressure<\/strong><\/span><\/td>\n<td><\/td>\n<td style=\"text-align: right;\"><span style=\"font-size: 120%;\">345 Bar\u00a0 \u00a0\u00a0<\/span><\/td>\n<\/tr>\n<tr>\n<td><span style=\"font-size: 120%;\"><strong>\u00a0 \u00a0 \u00a0 Weight<\/strong><\/span><\/td>\n<td><\/td>\n<td style=\"text-align: right;\"><span style=\"font-size: 120%;\">1,3 Kg\u00a0 \u00a0\u00a0<\/span><\/td>\n<\/tr>\n<tr>\n<td><span style=\"font-size: 120%;\"><strong>\u00a0 \u00a0 \u00a0 Box Dimensions<\/strong><\/span><\/td>\n<td><\/td>\n<td style=\"text-align: right;\"><span style=\"font-size: 120%;\">39,1 x 14 x 5 Cm \u00a0 \u00a0\u00a0<\/span><\/td>\n<\/tr>\n<tr>\n<td><span style=\"font-size: 120%;\"><strong>\u00a0 \u00a0 \u00a0 Warranty Period<\/strong><\/span><\/td>\n<td><\/td>\n<td style=\"text-align: right;\"><span style=\"font-size: 120%;\">24 Month \u00a0 \u00a0 \u00a0<\/span><\/td>\n<\/tr>\n<\/tbody>\n<\/table>\n\t\t<\/div>\n\t\t\t\t\t<\/div>\n\n\t\n<\/div>\n<div class=\"row\"  id=\"row-233035143\">\n\n\t<div id=\"col-652234607\" class=\"col small-12 large-12\"  >\n\t\t\t\t<div class=\"col-inner\"  >\n\t\t\t\n\t\t\t\n<h3><img loading=\"lazy\" decoding=\"async\" class=\"alignnone wp-image-4911\" src=\"https:\/\/www.gulersan.com\/wp-content\/uploads\/2020\/12\/gul.png\" alt=\"\" width=\"24\" height=\"23\" srcset=\"https:\/\/www.gulersan.com\/wp-content\/uploads\/2020\/12\/gul.png 252w, https:\/\/www.gulersan.com\/wp-content\/uploads\/2020\/12\/gul-100x100.png 100w, https:\/\/www.gulersan.com\/wp-content\/uploads\/2020\/12\/gul-247x241.png 247w\" sizes=\"auto, (max-width: 24px) 100vw, 24px\" \/> Recommended Accessories<\/h3>\n\t\t<\/div>\n\t\t\t\t\t<\/div>\n\n\t\n<\/div>\n\t\n  \n    <div class=\"row  equalize-box large-columns-5 medium-columns-3 small-columns-2 row-small row-full-width has-shadow row-box-shadow-3\" >\n  \n\t     <div class=\"col\" >\n\t\t\t\t\t\t<div class=\"col-inner\">\n\t\t\t\t\t\t\n<div class=\"badge-container absolute left top z-1\">\n\n<\/div>\n\t\t\t\t\t\t<div class=\"product-small box has-hover box-vertical box-text-bottom\">\n\t\t\t\t\t\t\t<div class=\"box-image\" style=\"width:50%;\">\n\t\t\t\t\t\t\t\t<div class=\"\" >\n\t\t\t\t\t\t\t\t\t<a href=\"https:\/\/www.gulersan.com\/en\/urun\/grease-pointed-nozzle-2075\/\" aria-label=\"Grease Pointed Nozzle - 2075\">\n\t\t\t\t\t\t\t\t\t\t<img loading=\"lazy\" decoding=\"async\" width=\"280\" height=\"280\" src=\"https:\/\/www.gulersan.com\/wp-content\/uploads\/2021\/01\/2075_sivri_uc.jpg\" class=\"attachment-thumbnail size-thumbnail\" alt=\"Grease Pointed Nozzle 2075. Narrow, needle-type grease adapter for reaching recessed or difficult-to-access lubrication points without a standard grease nipple.\" \/>\t\t\t\t\t\t\t\t\t<\/a>\n\t\t\t\t\t\t\t\t\t\t\t\t\t\t\t\t\t\t \t\t\t\t\t\t\t\t<\/div>\n\t\t\t\t\t\t\t\t<div class=\"image-tools top right show-on-hover\">\n\t\t\t\t\t\t\t\t\t\t\t\t\t\t\t\t\t<\/div>\n\t\t\t\t\t\t\t\t\t\t\t\t\t\t\t\t\t<div class=\"image-tools grid-tools text-center hide-for-small bottom hover-slide-in show-on-hover\">\n\t\t\t\t\t\t\t\t\t\t\t\t\t\t\t\t\t\t\t<\/div>\n\t\t\t\t\t\t\t\t\t\t\t\t\t\t\t\t\t\t\t\t\t\t\t<\/div>\n\n\t\t\t\t\t\t\t<div class=\"box-text text-center\" >\n\t\t\t\t\t\t\t\t<div class=\"title-wrapper\"><p class=\"name product-title woocommerce-loop-product__title\"><a href=\"https:\/\/www.gulersan.com\/en\/urun\/grease-pointed-nozzle-2075\/\" class=\"woocommerce-LoopProduct-link woocommerce-loop-product__link\">Grease Pointed Nozzle &#8211; 2075<\/a><\/p><\/div><div class=\"price-wrapper\"><\/div>\t\t\t\t\t\t\t<\/div>\n\t\t\t\t\t\t<\/div>\n\t\t\t\t\t\t<\/div>\n\t\t\t\t\t<\/div><div class=\"col\" >\n\t\t\t\t\t\t<div class=\"col-inner\">\n\t\t\t\t\t\t\n<div class=\"badge-container absolute left top z-1\">\n\n<\/div>\n\t\t\t\t\t\t<div class=\"product-small box has-hover box-vertical box-text-bottom\">\n\t\t\t\t\t\t\t<div class=\"box-image\" style=\"width:50%;\">\n\t\t\t\t\t\t\t\t<div class=\"\" >\n\t\t\t\t\t\t\t\t\t<a href=\"https:\/\/www.gulersan.com\/en\/urun\/grease-flexible-hose-2065k\/\" aria-label=\"Grease Flexible Hose - 2065K\">\n\t\t\t\t\t\t\t\t\t\t<img loading=\"lazy\" decoding=\"async\" width=\"280\" height=\"280\" src=\"https:\/\/www.gulersan.com\/wp-content\/uploads\/2021\/01\/2065k_gres_spiral_hortum.jpg\" class=\"attachment-thumbnail size-thumbnail\" alt=\"Grease Flexible Hose 2065K. Short, high-pressure flexible hose extension with a grease coupler, used between the rigid extension and the grease fitting for better maneuverability.\" \/>\t\t\t\t\t\t\t\t\t<\/a>\n\t\t\t\t\t\t\t\t\t\t\t\t\t\t\t\t\t\t \t\t\t\t\t\t\t\t<\/div>\n\t\t\t\t\t\t\t\t<div class=\"image-tools top right show-on-hover\">\n\t\t\t\t\t\t\t\t\t\t\t\t\t\t\t\t\t<\/div>\n\t\t\t\t\t\t\t\t\t\t\t\t\t\t\t\t\t<div class=\"image-tools grid-tools text-center hide-for-small bottom hover-slide-in show-on-hover\">\n\t\t\t\t\t\t\t\t\t\t\t\t\t\t\t\t\t\t\t<\/div>\n\t\t\t\t\t\t\t\t\t\t\t\t\t\t\t\t\t\t\t\t\t\t\t<\/div>\n\n\t\t\t\t\t\t\t<div class=\"box-text text-center\" >\n\t\t\t\t\t\t\t\t<div class=\"title-wrapper\"><p class=\"name product-title woocommerce-loop-product__title\"><a href=\"https:\/\/www.gulersan.com\/en\/urun\/grease-flexible-hose-2065k\/\" class=\"woocommerce-LoopProduct-link woocommerce-loop-product__link\">Grease Flexible Hose &#8211; 2065K<\/a><\/p><\/div><div class=\"price-wrapper\"><\/div>\t\t\t\t\t\t\t<\/div>\n\t\t\t\t\t\t<\/div>\n\t\t\t\t\t\t<\/div>\n\t\t\t\t\t<\/div><div class=\"col\" >\n\t\t\t\t\t\t<div class=\"col-inner\">\n\t\t\t\t\t\t\n<div class=\"badge-container absolute left top z-1\">\n\n<\/div>\n\t\t\t\t\t\t<div class=\"product-small box has-hover box-vertical box-text-bottom\">\n\t\t\t\t\t\t\t<div class=\"box-image\" style=\"width:50%;\">\n\t\t\t\t\t\t\t\t<div class=\"\" >\n\t\t\t\t\t\t\t\t\t<a href=\"https:\/\/www.gulersan.com\/en\/urun\/grease-fitting-set-78-pieces-gs478\/\" aria-label=\"Grease Fitting Set 78 Pieces - GS478\">\n\t\t\t\t\t\t\t\t\t\t<img loading=\"lazy\" decoding=\"async\" width=\"280\" height=\"280\" src=\"https:\/\/www.gulersan.com\/wp-content\/uploads\/2021\/02\/GS478-Gresorluk-Seti-78-Parca.jpg\" class=\"attachment-thumbnail size-thumbnail\" alt=\"Grease Fitting Set 78 Pieces GS478. Comprehensive 78-piece set of assorted standard metric and imperial grease fittings (zerk) for automotive, industrial, and agricultural lubrication points.\" \/>\t\t\t\t\t\t\t\t\t<\/a>\n\t\t\t\t\t\t\t\t\t\t\t\t\t\t\t\t\t\t \t\t\t\t\t\t\t\t<\/div>\n\t\t\t\t\t\t\t\t<div class=\"image-tools top right show-on-hover\">\n\t\t\t\t\t\t\t\t\t\t\t\t\t\t\t\t\t<\/div>\n\t\t\t\t\t\t\t\t\t\t\t\t\t\t\t\t\t<div class=\"image-tools grid-tools text-center hide-for-small bottom hover-slide-in show-on-hover\">\n\t\t\t\t\t\t\t\t\t\t\t\t\t\t\t\t\t\t\t<\/div>\n\t\t\t\t\t\t\t\t\t\t\t\t\t\t\t\t\t\t\t\t\t\t\t<\/div>\n\n\t\t\t\t\t\t\t<div class=\"box-text text-center\" >\n\t\t\t\t\t\t\t\t<div class=\"title-wrapper\"><p class=\"name product-title woocommerce-loop-product__title\"><a href=\"https:\/\/www.gulersan.com\/en\/urun\/grease-fitting-set-78-pieces-gs478\/\" class=\"woocommerce-LoopProduct-link woocommerce-loop-product__link\">Grease Fitting Set 78 Pieces &#8211; GS478<\/a><\/p><\/div><div class=\"price-wrapper\"><\/div>\t\t\t\t\t\t\t<\/div>\n\t\t\t\t\t\t<\/div>\n\t\t\t\t\t\t<\/div>\n\t\t\t\t\t<\/div><div class=\"col\" >\n\t\t\t\t\t\t<div class=\"col-inner\">\n\t\t\t\t\t\t\n<div class=\"badge-container absolute left top z-1\">\n\n<\/div>\n\t\t\t\t\t\t<div class=\"product-small box has-hover box-vertical box-text-bottom\">\n\t\t\t\t\t\t\t<div class=\"box-image\" style=\"width:50%;\">\n\t\t\t\t\t\t\t\t<div class=\"\" >\n\t\t\t\t\t\t\t\t\t<a href=\"https:\/\/www.gulersan.com\/en\/urun\/grease-flexible-hose-2065i\/\" aria-label=\"Grease Flexible Hose - 2065I\">\n\t\t\t\t\t\t\t\t\t\t<img loading=\"lazy\" decoding=\"async\" width=\"280\" height=\"280\" src=\"https:\/\/www.gulersan.com\/wp-content\/uploads\/2021\/01\/2065_gres_spiral_hortum.jpg\" class=\"attachment-thumbnail size-thumbnail\" alt=\"Grease Flexible Hose 2065I. Short, high-pressure flexible hose extension with a grease coupler, used between the rigid extension and the grease fitting for better maneuverability.\" \/>\t\t\t\t\t\t\t\t\t<\/a>\n\t\t\t\t\t\t\t\t\t\t\t\t\t\t\t\t\t\t \t\t\t\t\t\t\t\t<\/div>\n\t\t\t\t\t\t\t\t<div class=\"image-tools top right show-on-hover\">\n\t\t\t\t\t\t\t\t\t\t\t\t\t\t\t\t\t<\/div>\n\t\t\t\t\t\t\t\t\t\t\t\t\t\t\t\t\t<div class=\"image-tools grid-tools text-center hide-for-small bottom hover-slide-in show-on-hover\">\n\t\t\t\t\t\t\t\t\t\t\t\t\t\t\t\t\t\t\t<\/div>\n\t\t\t\t\t\t\t\t\t\t\t\t\t\t\t\t\t\t\t\t\t\t\t<\/div>\n\n\t\t\t\t\t\t\t<div class=\"box-text text-center\" >\n\t\t\t\t\t\t\t\t<div class=\"title-wrapper\"><p class=\"name product-title woocommerce-loop-product__title\"><a href=\"https:\/\/www.gulersan.com\/en\/urun\/grease-flexible-hose-2065i\/\" class=\"woocommerce-LoopProduct-link woocommerce-loop-product__link\">Grease Flexible Hose &#8211; 2065I<\/a><\/p><\/div><div class=\"price-wrapper\"><\/div>\t\t\t\t\t\t\t<\/div>\n\t\t\t\t\t\t<\/div>\n\t\t\t\t\t\t<\/div>\n\t\t\t\t\t<\/div><\/div>\n","protected":false},"excerpt":{"rendered":"","protected":false},"featured_media":12729,"comment_status":"closed","ping_status":"closed","template":"","meta":[],"product_brand":[266],"product_cat":[188],"product_tag":[831,1221,1223,1224,1222],"class_list":{"0":"post-12726","1":"product","2":"type-product","3":"status-publish","4":"has-post-thumbnail","6":"product_brand-gulersan","7":"product_cat-hand-grease-pumps-and-oil-cans","8":"product_tag-bucket-grease-pump","9":"product_tag-hand-grease-pump","10":"product_tag-high-pressure-grease-gun","11":"product_tag-industrial-lubrication-equipment","12":"product_tag-manual-lubrication-pump","14":"first","15":"instock","16":"shipping-taxable","17":"product-type-simple"},"yoast_head":"<!-- This site is optimized with the Yoast SEO plugin v27.5 - https:\/\/yoast.com\/product\/yoast-seo-wordpress\/ -->\n<title>Hand Grease Pump 500 Cc - G5 - G\u00fclersan Ya\u011flama Cihazlar\u0131<\/title>\n<meta name=\"description\" content=\"Choose high-performance hand grease pumps for accurate lubrication. Featuring ergonomic designs, they target bearings and joints for reduced friction.\" \/>\n<meta name=\"robots\" content=\"index, follow, max-snippet:-1, max-image-preview:large, max-video-preview:-1\" \/>\n<link rel=\"canonical\" href=\"https:\/\/www.gulersan.com\/en\/urun\/hand-grease-pump-500-cc-g5-hand-grease-pump-500-cc-g5\/\" \/>\n<meta property=\"og:locale\" content=\"en_US\" \/>\n<meta property=\"og:type\" content=\"article\" \/>\n<meta property=\"og:title\" content=\"Hand Grease Pump 500 Cc - G5 - G\u00fclersan Ya\u011flama Cihazlar\u0131\" \/>\n<meta property=\"og:description\" content=\"Choose high-performance hand grease pumps for accurate lubrication. Featuring ergonomic designs, they target bearings and joints for reduced friction.\" \/>\n<meta property=\"og:url\" content=\"https:\/\/www.gulersan.com\/en\/urun\/hand-grease-pump-500-cc-g5-hand-grease-pump-500-cc-g5\/\" \/>\n<meta property=\"og:site_name\" content=\"G\u00fclersan Ya\u011flama Cihazlar\u0131\" \/>\n<meta property=\"article:modified_time\" content=\"2025-10-27T08:33:50+00:00\" \/>\n<meta property=\"og:image\" content=\"https:\/\/www.gulersan.com\/wp-content\/uploads\/2024\/09\/groz-g5-el-gres-pompasi-500-cc-1.jpg\" \/>\n\t<meta property=\"og:image:width\" content=\"800\" \/>\n\t<meta property=\"og:image:height\" content=\"800\" \/>\n\t<meta property=\"og:image:type\" content=\"image\/jpeg\" \/>\n<meta name=\"twitter:card\" content=\"summary_large_image\" \/>\n<meta name=\"twitter:label1\" content=\"Est. reading time\" \/>\n\t<meta name=\"twitter:data1\" content=\"2 minutes\" \/>\n<script type=\"application\/ld+json\" class=\"yoast-schema-graph\">{\"@context\":\"https:\\\/\\\/schema.org\",\"@graph\":[{\"@type\":\"WebPage\",\"@id\":\"https:\\\/\\\/www.gulersan.com\\\/en\\\/urun\\\/hand-grease-pump-500-cc-g5-hand-grease-pump-500-cc-g5\\\/\",\"url\":\"https:\\\/\\\/www.gulersan.com\\\/en\\\/urun\\\/hand-grease-pump-500-cc-g5-hand-grease-pump-500-cc-g5\\\/\",\"name\":\"Hand Grease Pump 500 Cc - G5 - G\u00fclersan Ya\u011flama Cihazlar\u0131\",\"isPartOf\":{\"@id\":\"https:\\\/\\\/www.gulersan.com\\\/en\\\/#website\"},\"primaryImageOfPage\":{\"@id\":\"https:\\\/\\\/www.gulersan.com\\\/en\\\/urun\\\/hand-grease-pump-500-cc-g5-hand-grease-pump-500-cc-g5\\\/#primaryimage\"},\"image\":{\"@id\":\"https:\\\/\\\/www.gulersan.com\\\/en\\\/urun\\\/hand-grease-pump-500-cc-g5-hand-grease-pump-500-cc-g5\\\/#primaryimage\"},\"thumbnailUrl\":\"https:\\\/\\\/www.gulersan.com\\\/wp-content\\\/uploads\\\/2024\\\/09\\\/groz-g5-el-gres-pompasi-500-cc-1.jpg\",\"datePublished\":\"2024-09-16T09:02:42+00:00\",\"dateModified\":\"2025-10-27T08:33:50+00:00\",\"description\":\"Choose high-performance hand grease pumps for accurate lubrication. Featuring ergonomic designs, they target bearings and joints for reduced friction.\",\"breadcrumb\":{\"@id\":\"https:\\\/\\\/www.gulersan.com\\\/en\\\/urun\\\/hand-grease-pump-500-cc-g5-hand-grease-pump-500-cc-g5\\\/#breadcrumb\"},\"inLanguage\":\"en-US\",\"potentialAction\":[{\"@type\":\"ReadAction\",\"target\":[\"https:\\\/\\\/www.gulersan.com\\\/en\\\/urun\\\/hand-grease-pump-500-cc-g5-hand-grease-pump-500-cc-g5\\\/\"]}]},{\"@type\":\"ImageObject\",\"inLanguage\":\"en-US\",\"@id\":\"https:\\\/\\\/www.gulersan.com\\\/en\\\/urun\\\/hand-grease-pump-500-cc-g5-hand-grease-pump-500-cc-g5\\\/#primaryimage\",\"url\":\"https:\\\/\\\/www.gulersan.com\\\/wp-content\\\/uploads\\\/2024\\\/09\\\/groz-g5-el-gres-pompasi-500-cc-1.jpg\",\"contentUrl\":\"https:\\\/\\\/www.gulersan.com\\\/wp-content\\\/uploads\\\/2024\\\/09\\\/groz-g5-el-gres-pompasi-500-cc-1.jpg\",\"width\":800,\"height\":800,\"caption\":\"A manual, lever-operated hand grease pump with a 500 cc capacity, designed for the precise and controlled application of grease to nipples and fittings in machinery, referencing the G5 model.\"},{\"@type\":\"BreadcrumbList\",\"@id\":\"https:\\\/\\\/www.gulersan.com\\\/en\\\/urun\\\/hand-grease-pump-500-cc-g5-hand-grease-pump-500-cc-g5\\\/#breadcrumb\",\"itemListElement\":[{\"@type\":\"ListItem\",\"position\":1,\"name\":\"Anasayfa\",\"item\":\"https:\\\/\\\/www.gulersan.com\\\/en\\\/\"},{\"@type\":\"ListItem\",\"position\":2,\"name\":\"\\\/\",\"item\":\"https:\\\/\\\/www.gulersan.com\\\/shop\\\/\"},{\"@type\":\"ListItem\",\"position\":3,\"name\":\"Lubrication Equipment\",\"item\":\"https:\\\/\\\/www.gulersan.com\\\/en\\\/urun-kategori\\\/lubrication-equipment\\\/\"},{\"@type\":\"ListItem\",\"position\":4,\"name\":\"Hand Grease Pumps and Oil Cans\",\"item\":\"https:\\\/\\\/www.gulersan.com\\\/en\\\/urun-kategori\\\/lubrication-equipment\\\/hand-grease-pumps-and-oil-cans\\\/\"},{\"@type\":\"ListItem\",\"position\":5,\"name\":\"Hand Grease Pump 500 Cc &#8211; G5\"}]},{\"@type\":\"WebSite\",\"@id\":\"https:\\\/\\\/www.gulersan.com\\\/en\\\/#website\",\"url\":\"https:\\\/\\\/www.gulersan.com\\\/en\\\/\",\"name\":\"G\u00fclersan Ya\u011flama Cihazlar\u0131\",\"description\":\"Ya\u011flama Makinesi | Haval\u0131 Gres Pompas\u0131 | Ya\u011flama Pompas\u0131 | Ya\u011f \u00c7ekme Pompas\u0131\",\"publisher\":{\"@id\":\"https:\\\/\\\/www.gulersan.com\\\/en\\\/#organization\"},\"potentialAction\":[{\"@type\":\"SearchAction\",\"target\":{\"@type\":\"EntryPoint\",\"urlTemplate\":\"https:\\\/\\\/www.gulersan.com\\\/en\\\/?s={search_term_string}\"},\"query-input\":{\"@type\":\"PropertyValueSpecification\",\"valueRequired\":true,\"valueName\":\"search_term_string\"}}],\"inLanguage\":\"en-US\"},{\"@type\":\"Organization\",\"@id\":\"https:\\\/\\\/www.gulersan.com\\\/en\\\/#organization\",\"name\":\"G\u00fclersan Ya\u011flama Cihazlar\u0131\",\"url\":\"https:\\\/\\\/www.gulersan.com\\\/en\\\/\",\"logo\":{\"@type\":\"ImageObject\",\"inLanguage\":\"en-US\",\"@id\":\"https:\\\/\\\/www.gulersan.com\\\/en\\\/#\\\/schema\\\/logo\\\/image\\\/\",\"url\":\"https:\\\/\\\/www.gulersan.com\\\/wp-content\\\/uploads\\\/2021\\\/01\\\/gulersan-logo-tr.png\",\"contentUrl\":\"https:\\\/\\\/www.gulersan.com\\\/wp-content\\\/uploads\\\/2021\\\/01\\\/gulersan-logo-tr.png\",\"width\":1242,\"height\":302,\"caption\":\"G\u00fclersan Ya\u011flama Cihazlar\u0131\"},\"image\":{\"@id\":\"https:\\\/\\\/www.gulersan.com\\\/en\\\/#\\\/schema\\\/logo\\\/image\\\/\"}}]}<\/script>\n<!-- \/ Yoast SEO plugin. -->","yoast_head_json":{"title":"Hand Grease Pump 500 Cc - G5 - G\u00fclersan Ya\u011flama Cihazlar\u0131","description":"Choose high-performance hand grease pumps for accurate lubrication. Featuring ergonomic designs, they target bearings and joints for reduced friction.","robots":{"index":"index","follow":"follow","max-snippet":"max-snippet:-1","max-image-preview":"max-image-preview:large","max-video-preview":"max-video-preview:-1"},"canonical":"https:\/\/www.gulersan.com\/en\/urun\/hand-grease-pump-500-cc-g5-hand-grease-pump-500-cc-g5\/","og_locale":"en_US","og_type":"article","og_title":"Hand Grease Pump 500 Cc - G5 - G\u00fclersan Ya\u011flama Cihazlar\u0131","og_description":"Choose high-performance hand grease pumps for accurate lubrication. Featuring ergonomic designs, they target bearings and joints for reduced friction.","og_url":"https:\/\/www.gulersan.com\/en\/urun\/hand-grease-pump-500-cc-g5-hand-grease-pump-500-cc-g5\/","og_site_name":"G\u00fclersan Ya\u011flama Cihazlar\u0131","article_modified_time":"2025-10-27T08:33:50+00:00","og_image":[{"width":800,"height":800,"url":"https:\/\/www.gulersan.com\/wp-content\/uploads\/2024\/09\/groz-g5-el-gres-pompasi-500-cc-1.jpg","type":"image\/jpeg"}],"twitter_card":"summary_large_image","twitter_misc":{"Est. reading time":"2 minutes"},"schema":{"@context":"https:\/\/schema.org","@graph":[{"@type":"WebPage","@id":"https:\/\/www.gulersan.com\/en\/urun\/hand-grease-pump-500-cc-g5-hand-grease-pump-500-cc-g5\/","url":"https:\/\/www.gulersan.com\/en\/urun\/hand-grease-pump-500-cc-g5-hand-grease-pump-500-cc-g5\/","name":"Hand Grease Pump 500 Cc - G5 - G\u00fclersan Ya\u011flama Cihazlar\u0131","isPartOf":{"@id":"https:\/\/www.gulersan.com\/en\/#website"},"primaryImageOfPage":{"@id":"https:\/\/www.gulersan.com\/en\/urun\/hand-grease-pump-500-cc-g5-hand-grease-pump-500-cc-g5\/#primaryimage"},"image":{"@id":"https:\/\/www.gulersan.com\/en\/urun\/hand-grease-pump-500-cc-g5-hand-grease-pump-500-cc-g5\/#primaryimage"},"thumbnailUrl":"https:\/\/www.gulersan.com\/wp-content\/uploads\/2024\/09\/groz-g5-el-gres-pompasi-500-cc-1.jpg","datePublished":"2024-09-16T09:02:42+00:00","dateModified":"2025-10-27T08:33:50+00:00","description":"Choose high-performance hand grease pumps for accurate lubrication. Featuring ergonomic designs, they target bearings and joints for reduced friction.","breadcrumb":{"@id":"https:\/\/www.gulersan.com\/en\/urun\/hand-grease-pump-500-cc-g5-hand-grease-pump-500-cc-g5\/#breadcrumb"},"inLanguage":"en-US","potentialAction":[{"@type":"ReadAction","target":["https:\/\/www.gulersan.com\/en\/urun\/hand-grease-pump-500-cc-g5-hand-grease-pump-500-cc-g5\/"]}]},{"@type":"ImageObject","inLanguage":"en-US","@id":"https:\/\/www.gulersan.com\/en\/urun\/hand-grease-pump-500-cc-g5-hand-grease-pump-500-cc-g5\/#primaryimage","url":"https:\/\/www.gulersan.com\/wp-content\/uploads\/2024\/09\/groz-g5-el-gres-pompasi-500-cc-1.jpg","contentUrl":"https:\/\/www.gulersan.com\/wp-content\/uploads\/2024\/09\/groz-g5-el-gres-pompasi-500-cc-1.jpg","width":800,"height":800,"caption":"A manual, lever-operated hand grease pump with a 500 cc capacity, designed for the precise and controlled application of grease to nipples and fittings in machinery, referencing the G5 model."},{"@type":"BreadcrumbList","@id":"https:\/\/www.gulersan.com\/en\/urun\/hand-grease-pump-500-cc-g5-hand-grease-pump-500-cc-g5\/#breadcrumb","itemListElement":[{"@type":"ListItem","position":1,"name":"Anasayfa","item":"https:\/\/www.gulersan.com\/en\/"},{"@type":"ListItem","position":2,"name":"\/","item":"https:\/\/www.gulersan.com\/shop\/"},{"@type":"ListItem","position":3,"name":"Lubrication Equipment","item":"https:\/\/www.gulersan.com\/en\/urun-kategori\/lubrication-equipment\/"},{"@type":"ListItem","position":4,"name":"Hand Grease Pumps and Oil Cans","item":"https:\/\/www.gulersan.com\/en\/urun-kategori\/lubrication-equipment\/hand-grease-pumps-and-oil-cans\/"},{"@type":"ListItem","position":5,"name":"Hand Grease Pump 500 Cc &#8211; G5"}]},{"@type":"WebSite","@id":"https:\/\/www.gulersan.com\/en\/#website","url":"https:\/\/www.gulersan.com\/en\/","name":"G\u00fclersan Ya\u011flama Cihazlar\u0131","description":"Ya\u011flama Makinesi | Haval\u0131 Gres Pompas\u0131 | Ya\u011flama Pompas\u0131 | Ya\u011f \u00c7ekme Pompas\u0131","publisher":{"@id":"https:\/\/www.gulersan.com\/en\/#organization"},"potentialAction":[{"@type":"SearchAction","target":{"@type":"EntryPoint","urlTemplate":"https:\/\/www.gulersan.com\/en\/?s={search_term_string}"},"query-input":{"@type":"PropertyValueSpecification","valueRequired":true,"valueName":"search_term_string"}}],"inLanguage":"en-US"},{"@type":"Organization","@id":"https:\/\/www.gulersan.com\/en\/#organization","name":"G\u00fclersan Ya\u011flama Cihazlar\u0131","url":"https:\/\/www.gulersan.com\/en\/","logo":{"@type":"ImageObject","inLanguage":"en-US","@id":"https:\/\/www.gulersan.com\/en\/#\/schema\/logo\/image\/","url":"https:\/\/www.gulersan.com\/wp-content\/uploads\/2021\/01\/gulersan-logo-tr.png","contentUrl":"https:\/\/www.gulersan.com\/wp-content\/uploads\/2021\/01\/gulersan-logo-tr.png","width":1242,"height":302,"caption":"G\u00fclersan Ya\u011flama Cihazlar\u0131"},"image":{"@id":"https:\/\/www.gulersan.com\/en\/#\/schema\/logo\/image\/"}}]}},"_links":{"self":[{"href":"https:\/\/www.gulersan.com\/en\/wp-json\/wp\/v2\/product\/12726","targetHints":{"allow":["GET"]}}],"collection":[{"href":"https:\/\/www.gulersan.com\/en\/wp-json\/wp\/v2\/product"}],"about":[{"href":"https:\/\/www.gulersan.com\/en\/wp-json\/wp\/v2\/types\/product"}],"replies":[{"embeddable":true,"href":"https:\/\/www.gulersan.com\/en\/wp-json\/wp\/v2\/comments?post=12726"}],"wp:featuredmedia":[{"embeddable":true,"href":"https:\/\/www.gulersan.com\/en\/wp-json\/wp\/v2\/media\/12729"}],"wp:attachment":[{"href":"https:\/\/www.gulersan.com\/en\/wp-json\/wp\/v2\/media?parent=12726"}],"wp:term":[{"taxonomy":"product_brand","embeddable":true,"href":"https:\/\/www.gulersan.com\/en\/wp-json\/wp\/v2\/product_brand?post=12726"},{"taxonomy":"product_cat","embeddable":true,"href":"https:\/\/www.gulersan.com\/en\/wp-json\/wp\/v2\/product_cat?post=12726"},{"taxonomy":"product_tag","embeddable":true,"href":"https:\/\/www.gulersan.com\/en\/wp-json\/wp\/v2\/product_tag?post=12726"}],"curies":[{"name":"wp","href":"https:\/\/api.w.org\/{rel}","templated":true}]}}