{"id":14586,"date":"2026-05-05T11:29:53","date_gmt":"2026-05-05T08:29:53","guid":{"rendered":"https:\/\/www.gulersan.com\/urun\/basincli-soguk-yikama-makinasi-250-bar-250st\/"},"modified":"2026-05-05T11:30:06","modified_gmt":"2026-05-05T08:30:06","slug":"basincli-soguk-yikama-makinasi-250-bar-250st","status":"publish","type":"product","link":"https:\/\/www.gulersan.com\/en\/urun\/basincli-soguk-yikama-makinasi-250-bar-250st\/","title":{"rendered":"Bas\u0131n\u00e7l\u0131 So\u011fuk Y\u0131kama Makinas\u0131 250 Bar &#8211; 250ST"},"content":{"rendered":"<div class=\"row\"  id=\"row-356442314\">\n\n\t<div id=\"col-1204150272\" class=\"col medium-6 small-12 large-6\"  >\n\t\t\t\t<div class=\"col-inner\"  >\n\t\t\t\n\t\t\t\n<h2 style=\"text-align: left;\"><span style=\"color: #000080;\"><strong>Neden Bas\u0131n\u00e7l\u0131 So\u011fuk Y\u0131kama Makinas\u0131 250 Bar &#8211; 250ST ?<\/strong><\/span><\/h2>\n<p>\u00dcst\u00fcn performans ve g\u00f6z al\u0131c\u0131 temizlik isteyenlerin tercihi olan 250 Bar bas\u0131n\u00e7l\u0131 y\u0131kama makinas\u0131, y\u00fcksek g\u00fcvenlik standartlar\u0131 ile donat\u0131larak kullan\u0131c\u0131s\u0131na g\u00fcven vermektedir. Tetikli bas\u0131n\u00e7l\u0131 so\u011fuk y\u0131kama makinas\u0131n\u0131n d\u00fc\u015f\u00fck t\u00fcketim sarfiyatlar\u0131 ile i\u015fletmenizde tasarruf sa\u011flayacaks\u0131n\u0131z. 250 Bar oto y\u0131kama makinas\u0131 ile kamyon, t\u0131r, i\u015f makinas\u0131, trakt\u00f6r vb. zorlu \u015fartlarda \u00e7al\u0131\u015fan ara\u00e7lar\u0131n ve makinalar\u0131 temizli\u011fini kolayca yapabilirsiniz. Tarus 250 Bar so\u011fuk sulu bas\u0131n\u00e7l\u0131 y\u0131kama makinas\u0131 h\u0131zl\u0131 ve etkin \u00e7\u00f6z\u00fcm sa\u011flayan bir numaral\u0131 yard\u0131mc\u0131n\u0131zd\u0131r.<\/p>\n<p><img loading=\"lazy\" decoding=\"async\" class=\"size-medium wp-image-12269\" style=\"max-width: 100%; height: auto; margin-bottom: 20px;\" src=\"https:\/\/www.tarustemizlik.com\/wp-content\/uploads\/2021\/06\/soguk-gorsel-konuici-670x400.jpg\" alt=\"So\u011fuk Y\u0131kama G\u00f6rseli\" width=\"670\" height=\"400\" \/><\/p>\n<div style=\"margin-top: 10px; margin-bottom: 20px;\"><img loading=\"lazy\" decoding=\"async\" class=\"alignnone size-medium wp-image-12057\" style=\"max-width: 100%; height: auto;\" src=\"https:\/\/www.tarustemizlik.com\/wp-content\/uploads\/2021\/06\/soguk-makina-ikon-1-800x191.png\" alt=\"So\u011fuk Y\u0131kama \u0130konu\" width=\"800\" height=\"191\" \/><\/div>\n<p style=\"margin-top: 20px;\"><strong style=\"font-size: 1.4em;\"><img loading=\"lazy\" decoding=\"async\" class=\"alignnone wp-image-7305\" src=\"https:\/\/www.gulersan.com\/wp-content\/uploads\/2021\/01\/pdf.png\" alt=\"PDF \u0130konu\" width=\"64\" height=\"64\" srcset=\"https:\/\/www.gulersan.com\/wp-content\/uploads\/2021\/01\/pdf.png 400w, https:\/\/www.gulersan.com\/wp-content\/uploads\/2021\/01\/pdf-280x280.png 280w, https:\/\/www.gulersan.com\/wp-content\/uploads\/2021\/01\/pdf-100x100.png 100w\" sizes=\"auto, (max-width: 64px) 100vw, 64px\" \/><a style=\"text-decoration: none; color: #000;\" href=\"https:\/\/www.tarustemizlik.com\/wp-content\/uploads\/pdftalimatlar\/SO%C4%9EUK%20YIKAMA%20MAK%C4%B0NALARI.pdf\" target=\"_blank\" rel=\"noopener\">Kullan\u0131m ve Bak\u0131m K\u0131lavuzu<\/a><\/strong><\/p>\n\t\t<\/div>\n\t\t\t\t\t<\/div>\n\n\t\n\n\t<div id=\"col-1130892044\" class=\"col medium-6 small-12 large-6\"  >\n\t\t\t\t<div class=\"col-inner\"  >\n\t\t\t\n\t\t\t\n<h2 style=\"text-align: left; margin-bottom: 10px; font-weight: bold; border-bottom: 4px solid #000; padding-bottom: 5px;\">\u00d6zellikler<\/h2>\n<table style=\"width: 100%; border-collapse: collapse; table-layout: fixed;\" border=\"0\" cellspacing=\"0\" cellpadding=\"10\" bgcolor=\"#f7f7f7\">\n<tbody>\n<tr style=\"border-bottom: 1px solid #ddd;\">\n<td style=\"padding: 10px; width: 50%;\"><strong>Model<\/strong><\/td>\n<td style=\"padding: 10px; width: 50%; text-align: right;\">250ST<\/td>\n<\/tr>\n<tr style=\"border-bottom: 1px solid #ddd;\" bgcolor=\"#ffffff\">\n<td style=\"padding: 10px; width: 50%;\"><strong>\u00c7al\u0131\u015fma Bas\u0131nc\u0131<\/strong><\/td>\n<td style=\"padding: 10px; width: 50%; text-align: right;\">250 Bar<\/td>\n<\/tr>\n<tr style=\"border-bottom: 1px solid #ddd;\">\n<td style=\"padding: 10px; width: 50%;\"><strong>Debi<\/strong><\/td>\n<td style=\"padding: 10px; width: 50%; text-align: right;\">7-15 Lt\/Dk Ayarlanabilir<\/td>\n<\/tr>\n<tr style=\"border-bottom: 1px solid #ddd;\" bgcolor=\"#ffffff\">\n<td style=\"padding: 10px; width: 50%;\"><strong>Motor G\u00fcc\u00fc<\/strong><\/td>\n<td style=\"padding: 10px; width: 50%; text-align: right;\">7,5 Hp<\/td>\n<\/tr>\n<tr style=\"border-bottom: 1px solid #ddd;\">\n<td style=\"padding: 10px; width: 50%;\"><strong>Voltaj<\/strong><\/td>\n<td style=\"padding: 10px; width: 50%; text-align: right;\">380 V<\/td>\n<\/tr>\n<tr style=\"border-bottom: 1px solid #ddd;\" bgcolor=\"#ffffff\">\n<td style=\"padding: 10px; width: 50%;\"><strong>Tabanca<\/strong><\/td>\n<td style=\"padding: 10px; width: 50%; text-align: right;\">Tetikli<\/td>\n<\/tr>\n<tr style=\"border-bottom: 1px solid #ddd;\">\n<td style=\"padding: 10px; width: 50%;\"><strong>Hortum Uzunlu\u011fu<\/strong><\/td>\n<td style=\"padding: 10px; width: 50%; text-align: right;\">10 Mt<\/td>\n<\/tr>\n<tr style=\"border-bottom: 1px solid #ddd;\" bgcolor=\"#ffffff\">\n<td style=\"padding: 10px; width: 50%;\"><strong>Pompa Tipi<\/strong><\/td>\n<td style=\"padding: 10px; width: 50%; text-align: right;\">3 Silindir Seramik Pistonlu<\/td>\n<\/tr>\n<tr style=\"border-bottom: 1px solid #ddd;\">\n<td style=\"padding: 10px; width: 50%;\"><strong>Ambalaj \u00d6l\u00e7\u00fcs\u00fc<\/strong><\/td>\n<td style=\"padding: 10px; width: 50%; text-align: right;\">54x116x72 Cm<\/td>\n<\/tr>\n<tr style=\"border-bottom: 1px solid #ddd;\" bgcolor=\"#ffffff\">\n<td style=\"padding: 10px; width: 50%;\"><strong>A\u011f\u0131rl\u0131k<\/strong><\/td>\n<td style=\"padding: 10px; width: 50%; text-align: right;\">79 Kg<\/td>\n<\/tr>\n<tr style=\"border-bottom: 1px solid #ddd;\">\n<td style=\"padding: 10px; width: 50%;\"><strong>Garanti<\/strong><\/td>\n<td style=\"padding: 10px; width: 50%; text-align: right;\">24 Ay<\/td>\n<\/tr>\n<\/tbody>\n<\/table>\n\t\t<\/div>\n\t\t\t\t\t<\/div>\n\n\t\n<\/div>\n<div class=\"row\"  id=\"row-1657820995\">\n\n\t<div id=\"col-2127709460\" class=\"col small-12 large-12\"  >\n\t\t\t\t<div class=\"col-inner\"  >\n\t\t\t\n\t\t\t\n<h3 style=\"margin-top: 15px;\"><img loading=\"lazy\" decoding=\"async\" class=\"alignnone wp-image-11980\" src=\"https:\/\/www.tarustemizlik.com\/wp-content\/uploads\/2021\/06\/favicon-2.png\" alt=\"\" width=\"32\" height=\"33\" \/> Teslimat Kapsam\u0131<\/h3>\n\t\n  \n    <div id=\"product-grid-1458030896\" class=\"row large-columns-5 medium-columns-3 small-columns-2 row-small has-shadow row-box-shadow-4 row-masonry\" data-packery-options='{\"itemSelector\": \".col\", \"gutter\": 0, \"presentageWidth\" : true}'>\n\n  <\/div>\n<h3 style=\"margin-top: 15px;\"><img loading=\"lazy\" decoding=\"async\" class=\"alignnone wp-image-11980\" src=\"https:\/\/www.tarustemizlik.com\/wp-content\/uploads\/2021\/06\/favicon-2.png\" alt=\"\" width=\"32\" height=\"33\" \/> Tavsiye Edilen \u00dcr\u00fcnler<\/h3>\n\t\n  \n    <div id=\"product-grid-1597408443\" class=\"row large-columns-5 medium-columns-3 small-columns-2 row-small has-shadow row-box-shadow-3 row-masonry\" data-packery-options='{\"itemSelector\": \".col\", \"gutter\": 0, \"presentageWidth\" : true}'>\n\n  <\/div>\n\t\t<\/div>\n\t\t\t\t\t<\/div>\n\n\t\n<\/div>\n","protected":false},"excerpt":{"rendered":"","protected":false},"featured_media":14583,"comment_status":"closed","ping_status":"open","template":"","meta":[],"product_brand":[785],"product_cat":[1386,1378],"product_tag":[],"class_list":{"0":"post-14586","1":"product","2":"type-product","3":"status-publish","4":"has-post-thumbnail","6":"product_brand-tarus","7":"product_cat-basincli-soguk-yikama-makineleri","8":"product_cat-basincli-yikama-makineleri","10":"first","11":"instock","12":"product-type-simple"},"yoast_head":"<!-- This site is optimized with the Yoast SEO plugin v27.6 - https:\/\/yoast.com\/product\/yoast-seo-wordpress\/ -->\n<title>Bas\u0131n\u00e7l\u0131 So\u011fuk Y\u0131kama Makinas\u0131 250 Bar - 250ST - G\u00fclersan Ya\u011flama Cihazlar\u0131<\/title>\n<meta name=\"robots\" content=\"index, follow, max-snippet:-1, max-image-preview:large, max-video-preview:-1\" \/>\n<link rel=\"canonical\" href=\"https:\/\/www.gulersan.com\/en\/urun\/basincli-soguk-yikama-makinasi-250-bar-250st\/\" \/>\n<meta property=\"og:locale\" content=\"en_US\" \/>\n<meta property=\"og:type\" content=\"article\" \/>\n<meta property=\"og:title\" content=\"Bas\u0131n\u00e7l\u0131 So\u011fuk Y\u0131kama Makinas\u0131 250 Bar - 250ST - G\u00fclersan Ya\u011flama Cihazlar\u0131\" \/>\n<meta property=\"og:url\" content=\"https:\/\/www.gulersan.com\/en\/urun\/basincli-soguk-yikama-makinasi-250-bar-250st\/\" \/>\n<meta property=\"og:site_name\" content=\"G\u00fclersan Ya\u011flama Cihazlar\u0131\" \/>\n<meta property=\"article:modified_time\" content=\"2026-05-05T08:30:06+00:00\" \/>\n<meta property=\"og:image\" content=\"https:\/\/www.gulersan.com\/wp-content\/uploads\/2026\/05\/basincli-soguk-yikama-makinasi.jpg\" \/>\n\t<meta property=\"og:image:width\" content=\"500\" \/>\n\t<meta property=\"og:image:height\" content=\"500\" \/>\n\t<meta property=\"og:image:type\" content=\"image\/jpeg\" \/>\n<meta name=\"twitter:card\" content=\"summary_large_image\" \/>\n<meta name=\"twitter:label1\" content=\"Est. reading time\" \/>\n\t<meta name=\"twitter:data1\" content=\"1 minute\" \/>\n<script type=\"application\/ld+json\" class=\"yoast-schema-graph\">{\"@context\":\"https:\\\/\\\/schema.org\",\"@graph\":[{\"@type\":\"WebPage\",\"@id\":\"https:\\\/\\\/www.gulersan.com\\\/en\\\/urun\\\/basincli-soguk-yikama-makinasi-250-bar-250st\\\/\",\"url\":\"https:\\\/\\\/www.gulersan.com\\\/en\\\/urun\\\/basincli-soguk-yikama-makinasi-250-bar-250st\\\/\",\"name\":\"Bas\u0131n\u00e7l\u0131 So\u011fuk Y\u0131kama Makinas\u0131 250 Bar - 250ST - G\u00fclersan Ya\u011flama Cihazlar\u0131\",\"isPartOf\":{\"@id\":\"https:\\\/\\\/www.gulersan.com\\\/en\\\/#website\"},\"primaryImageOfPage\":{\"@id\":\"https:\\\/\\\/www.gulersan.com\\\/en\\\/urun\\\/basincli-soguk-yikama-makinasi-250-bar-250st\\\/#primaryimage\"},\"image\":{\"@id\":\"https:\\\/\\\/www.gulersan.com\\\/en\\\/urun\\\/basincli-soguk-yikama-makinasi-250-bar-250st\\\/#primaryimage\"},\"thumbnailUrl\":\"https:\\\/\\\/www.gulersan.com\\\/wp-content\\\/uploads\\\/2026\\\/05\\\/basincli-soguk-yikama-makinasi.jpg\",\"datePublished\":\"2026-05-05T08:29:53+00:00\",\"dateModified\":\"2026-05-05T08:30:06+00:00\",\"breadcrumb\":{\"@id\":\"https:\\\/\\\/www.gulersan.com\\\/en\\\/urun\\\/basincli-soguk-yikama-makinasi-250-bar-250st\\\/#breadcrumb\"},\"inLanguage\":\"en-US\",\"potentialAction\":[{\"@type\":\"ReadAction\",\"target\":[\"https:\\\/\\\/www.gulersan.com\\\/en\\\/urun\\\/basincli-soguk-yikama-makinasi-250-bar-250st\\\/\"]}]},{\"@type\":\"ImageObject\",\"inLanguage\":\"en-US\",\"@id\":\"https:\\\/\\\/www.gulersan.com\\\/en\\\/urun\\\/basincli-soguk-yikama-makinasi-250-bar-250st\\\/#primaryimage\",\"url\":\"https:\\\/\\\/www.gulersan.com\\\/wp-content\\\/uploads\\\/2026\\\/05\\\/basincli-soguk-yikama-makinasi.jpg\",\"contentUrl\":\"https:\\\/\\\/www.gulersan.com\\\/wp-content\\\/uploads\\\/2026\\\/05\\\/basincli-soguk-yikama-makinasi.jpg\",\"width\":500,\"height\":500},{\"@type\":\"BreadcrumbList\",\"@id\":\"https:\\\/\\\/www.gulersan.com\\\/en\\\/urun\\\/basincli-soguk-yikama-makinasi-250-bar-250st\\\/#breadcrumb\",\"itemListElement\":[{\"@type\":\"ListItem\",\"position\":1,\"name\":\"Anasayfa\",\"item\":\"https:\\\/\\\/www.gulersan.com\\\/en\\\/\"},{\"@type\":\"ListItem\",\"position\":2,\"name\":\"\\\/\",\"item\":\"https:\\\/\\\/www.gulersan.com\\\/shop\\\/\"},{\"@type\":\"ListItem\",\"position\":3,\"name\":\"Tarus Temizlik Ekipmanlar\u0131\",\"item\":\"https:\\\/\\\/www.gulersan.com\\\/en\\\/urun-kategori\\\/tarus-temizlik-ekipmanlari\\\/\"},{\"@type\":\"ListItem\",\"position\":4,\"name\":\"Bas\u0131n\u00e7l\u0131 Y\u0131kama Makineleri\",\"item\":\"https:\\\/\\\/www.gulersan.com\\\/en\\\/urun-kategori\\\/tarus-temizlik-ekipmanlari\\\/basincli-yikama-makineleri\\\/\"},{\"@type\":\"ListItem\",\"position\":5,\"name\":\"Bas\u0131n\u00e7l\u0131 So\u011fuk Y\u0131kama Makineleri\",\"item\":\"https:\\\/\\\/www.gulersan.com\\\/en\\\/urun-kategori\\\/tarus-temizlik-ekipmanlari\\\/basincli-yikama-makineleri\\\/basincli-soguk-yikama-makineleri\\\/\"},{\"@type\":\"ListItem\",\"position\":6,\"name\":\"Bas\u0131n\u00e7l\u0131 So\u011fuk Y\u0131kama Makinas\u0131 250 Bar &#8211; 250ST\"}]},{\"@type\":\"WebSite\",\"@id\":\"https:\\\/\\\/www.gulersan.com\\\/en\\\/#website\",\"url\":\"https:\\\/\\\/www.gulersan.com\\\/en\\\/\",\"name\":\"G\u00fclersan Ya\u011flama Cihazlar\u0131\",\"description\":\"Ya\u011flama Makinesi | Haval\u0131 Gres Pompas\u0131 | Ya\u011flama Pompas\u0131 | Ya\u011f \u00c7ekme Pompas\u0131\",\"publisher\":{\"@id\":\"https:\\\/\\\/www.gulersan.com\\\/en\\\/#organization\"},\"potentialAction\":[{\"@type\":\"SearchAction\",\"target\":{\"@type\":\"EntryPoint\",\"urlTemplate\":\"https:\\\/\\\/www.gulersan.com\\\/en\\\/?s={search_term_string}\"},\"query-input\":{\"@type\":\"PropertyValueSpecification\",\"valueRequired\":true,\"valueName\":\"search_term_string\"}}],\"inLanguage\":\"en-US\"},{\"@type\":\"Organization\",\"@id\":\"https:\\\/\\\/www.gulersan.com\\\/en\\\/#organization\",\"name\":\"G\u00fclersan Ya\u011flama Cihazlar\u0131\",\"url\":\"https:\\\/\\\/www.gulersan.com\\\/en\\\/\",\"logo\":{\"@type\":\"ImageObject\",\"inLanguage\":\"en-US\",\"@id\":\"https:\\\/\\\/www.gulersan.com\\\/en\\\/#\\\/schema\\\/logo\\\/image\\\/\",\"url\":\"https:\\\/\\\/www.gulersan.com\\\/wp-content\\\/uploads\\\/2021\\\/01\\\/gulersan-logo-tr.png\",\"contentUrl\":\"https:\\\/\\\/www.gulersan.com\\\/wp-content\\\/uploads\\\/2021\\\/01\\\/gulersan-logo-tr.png\",\"width\":1242,\"height\":302,\"caption\":\"G\u00fclersan Ya\u011flama Cihazlar\u0131\"},\"image\":{\"@id\":\"https:\\\/\\\/www.gulersan.com\\\/en\\\/#\\\/schema\\\/logo\\\/image\\\/\"}}]}<\/script>\n<!-- \/ Yoast SEO plugin. -->","yoast_head_json":{"title":"Bas\u0131n\u00e7l\u0131 So\u011fuk Y\u0131kama Makinas\u0131 250 Bar - 250ST - G\u00fclersan Ya\u011flama Cihazlar\u0131","robots":{"index":"index","follow":"follow","max-snippet":"max-snippet:-1","max-image-preview":"max-image-preview:large","max-video-preview":"max-video-preview:-1"},"canonical":"https:\/\/www.gulersan.com\/en\/urun\/basincli-soguk-yikama-makinasi-250-bar-250st\/","og_locale":"en_US","og_type":"article","og_title":"Bas\u0131n\u00e7l\u0131 So\u011fuk Y\u0131kama Makinas\u0131 250 Bar - 250ST - G\u00fclersan Ya\u011flama Cihazlar\u0131","og_url":"https:\/\/www.gulersan.com\/en\/urun\/basincli-soguk-yikama-makinasi-250-bar-250st\/","og_site_name":"G\u00fclersan Ya\u011flama Cihazlar\u0131","article_modified_time":"2026-05-05T08:30:06+00:00","og_image":[{"width":500,"height":500,"url":"https:\/\/www.gulersan.com\/wp-content\/uploads\/2026\/05\/basincli-soguk-yikama-makinasi.jpg","type":"image\/jpeg"}],"twitter_card":"summary_large_image","twitter_misc":{"Est. reading time":"1 minute"},"schema":{"@context":"https:\/\/schema.org","@graph":[{"@type":"WebPage","@id":"https:\/\/www.gulersan.com\/en\/urun\/basincli-soguk-yikama-makinasi-250-bar-250st\/","url":"https:\/\/www.gulersan.com\/en\/urun\/basincli-soguk-yikama-makinasi-250-bar-250st\/","name":"Bas\u0131n\u00e7l\u0131 So\u011fuk Y\u0131kama Makinas\u0131 250 Bar - 250ST - G\u00fclersan Ya\u011flama Cihazlar\u0131","isPartOf":{"@id":"https:\/\/www.gulersan.com\/en\/#website"},"primaryImageOfPage":{"@id":"https:\/\/www.gulersan.com\/en\/urun\/basincli-soguk-yikama-makinasi-250-bar-250st\/#primaryimage"},"image":{"@id":"https:\/\/www.gulersan.com\/en\/urun\/basincli-soguk-yikama-makinasi-250-bar-250st\/#primaryimage"},"thumbnailUrl":"https:\/\/www.gulersan.com\/wp-content\/uploads\/2026\/05\/basincli-soguk-yikama-makinasi.jpg","datePublished":"2026-05-05T08:29:53+00:00","dateModified":"2026-05-05T08:30:06+00:00","breadcrumb":{"@id":"https:\/\/www.gulersan.com\/en\/urun\/basincli-soguk-yikama-makinasi-250-bar-250st\/#breadcrumb"},"inLanguage":"en-US","potentialAction":[{"@type":"ReadAction","target":["https:\/\/www.gulersan.com\/en\/urun\/basincli-soguk-yikama-makinasi-250-bar-250st\/"]}]},{"@type":"ImageObject","inLanguage":"en-US","@id":"https:\/\/www.gulersan.com\/en\/urun\/basincli-soguk-yikama-makinasi-250-bar-250st\/#primaryimage","url":"https:\/\/www.gulersan.com\/wp-content\/uploads\/2026\/05\/basincli-soguk-yikama-makinasi.jpg","contentUrl":"https:\/\/www.gulersan.com\/wp-content\/uploads\/2026\/05\/basincli-soguk-yikama-makinasi.jpg","width":500,"height":500},{"@type":"BreadcrumbList","@id":"https:\/\/www.gulersan.com\/en\/urun\/basincli-soguk-yikama-makinasi-250-bar-250st\/#breadcrumb","itemListElement":[{"@type":"ListItem","position":1,"name":"Anasayfa","item":"https:\/\/www.gulersan.com\/en\/"},{"@type":"ListItem","position":2,"name":"\/","item":"https:\/\/www.gulersan.com\/shop\/"},{"@type":"ListItem","position":3,"name":"Tarus Temizlik Ekipmanlar\u0131","item":"https:\/\/www.gulersan.com\/en\/urun-kategori\/tarus-temizlik-ekipmanlari\/"},{"@type":"ListItem","position":4,"name":"Bas\u0131n\u00e7l\u0131 Y\u0131kama Makineleri","item":"https:\/\/www.gulersan.com\/en\/urun-kategori\/tarus-temizlik-ekipmanlari\/basincli-yikama-makineleri\/"},{"@type":"ListItem","position":5,"name":"Bas\u0131n\u00e7l\u0131 So\u011fuk Y\u0131kama Makineleri","item":"https:\/\/www.gulersan.com\/en\/urun-kategori\/tarus-temizlik-ekipmanlari\/basincli-yikama-makineleri\/basincli-soguk-yikama-makineleri\/"},{"@type":"ListItem","position":6,"name":"Bas\u0131n\u00e7l\u0131 So\u011fuk Y\u0131kama Makinas\u0131 250 Bar &#8211; 250ST"}]},{"@type":"WebSite","@id":"https:\/\/www.gulersan.com\/en\/#website","url":"https:\/\/www.gulersan.com\/en\/","name":"G\u00fclersan Ya\u011flama Cihazlar\u0131","description":"Ya\u011flama Makinesi | Haval\u0131 Gres Pompas\u0131 | Ya\u011flama Pompas\u0131 | Ya\u011f \u00c7ekme Pompas\u0131","publisher":{"@id":"https:\/\/www.gulersan.com\/en\/#organization"},"potentialAction":[{"@type":"SearchAction","target":{"@type":"EntryPoint","urlTemplate":"https:\/\/www.gulersan.com\/en\/?s={search_term_string}"},"query-input":{"@type":"PropertyValueSpecification","valueRequired":true,"valueName":"search_term_string"}}],"inLanguage":"en-US"},{"@type":"Organization","@id":"https:\/\/www.gulersan.com\/en\/#organization","name":"G\u00fclersan Ya\u011flama Cihazlar\u0131","url":"https:\/\/www.gulersan.com\/en\/","logo":{"@type":"ImageObject","inLanguage":"en-US","@id":"https:\/\/www.gulersan.com\/en\/#\/schema\/logo\/image\/","url":"https:\/\/www.gulersan.com\/wp-content\/uploads\/2021\/01\/gulersan-logo-tr.png","contentUrl":"https:\/\/www.gulersan.com\/wp-content\/uploads\/2021\/01\/gulersan-logo-tr.png","width":1242,"height":302,"caption":"G\u00fclersan Ya\u011flama Cihazlar\u0131"},"image":{"@id":"https:\/\/www.gulersan.com\/en\/#\/schema\/logo\/image\/"}}]}},"_links":{"self":[{"href":"https:\/\/www.gulersan.com\/en\/wp-json\/wp\/v2\/product\/14586","targetHints":{"allow":["GET"]}}],"collection":[{"href":"https:\/\/www.gulersan.com\/en\/wp-json\/wp\/v2\/product"}],"about":[{"href":"https:\/\/www.gulersan.com\/en\/wp-json\/wp\/v2\/types\/product"}],"replies":[{"embeddable":true,"href":"https:\/\/www.gulersan.com\/en\/wp-json\/wp\/v2\/comments?post=14586"}],"wp:featuredmedia":[{"embeddable":true,"href":"https:\/\/www.gulersan.com\/en\/wp-json\/wp\/v2\/media\/14583"}],"wp:attachment":[{"href":"https:\/\/www.gulersan.com\/en\/wp-json\/wp\/v2\/media?parent=14586"}],"wp:term":[{"taxonomy":"product_brand","embeddable":true,"href":"https:\/\/www.gulersan.com\/en\/wp-json\/wp\/v2\/product_brand?post=14586"},{"taxonomy":"product_cat","embeddable":true,"href":"https:\/\/www.gulersan.com\/en\/wp-json\/wp\/v2\/product_cat?post=14586"},{"taxonomy":"product_tag","embeddable":true,"href":"https:\/\/www.gulersan.com\/en\/wp-json\/wp\/v2\/product_tag?post=14586"}],"curies":[{"name":"wp","href":"https:\/\/api.w.org\/{rel}","templated":true}]}}