{"id":14587,"date":"2026-05-05T11:29:53","date_gmt":"2026-05-05T08:29:53","guid":{"rendered":"https:\/\/www.gulersan.com\/urun\/basincli-soguk-yikama-makinasi-300-bar-300st\/"},"modified":"2026-05-05T11:30:07","modified_gmt":"2026-05-05T08:30:07","slug":"basincli-soguk-yikama-makinasi-300-bar-300st","status":"publish","type":"product","link":"https:\/\/www.gulersan.com\/en\/urun\/basincli-soguk-yikama-makinasi-300-bar-300st\/","title":{"rendered":"Bas\u0131n\u00e7l\u0131 So\u011fuk Y\u0131kama Makinas\u0131 300 Bar &#8211; 300ST"},"content":{"rendered":"<div class=\"row\"  id=\"row-1007196724\">\n\n\t<div id=\"col-633095254\" class=\"col medium-6 small-12 large-6\"  >\n\t\t\t\t<div class=\"col-inner\"  >\n\t\t\t\n\t\t\t\n<h2 style=\"text-align: left;\"><span style=\"color: #000080;\"><strong>Neden Bas\u0131n\u00e7l\u0131 So\u011fuk Y\u0131kama Makinas\u0131 300 Bar &#8211; 300ST ?<\/strong><\/span><\/h2>\n<p>Tarus 300 Bar bas\u0131n\u00e7l\u0131 so\u011fuk sulu y\u0131kama makinas\u0131 ile boya s\u00f6k\u00fcm i\u015fleri, yol i\u015faretleri \u00e7\u0131karma, g\u00fcverte temizli\u011fi, boya \u00f6ncesi temizlik, yosun temizli\u011fi, iskele temizli\u011fi, al\u00e7\u0131 kald\u0131rma, palet temizli\u011fi, i\u015f makinalar\u0131n temizli\u011fi, tar\u0131m aletlerinin temizli\u011fi, kamyon, t\u0131r, i\u015f makinesi y\u0131kama i\u015flemlerini dakikalar i\u00e7erisinde tamamlayabilirsiniz. 300 Bar y\u00fcksek bas\u0131n\u00e7l\u0131 y\u0131kama makinas\u0131 \u00fcst\u00fcn g\u00fcvenlik donan\u0131m\u0131 ve d\u00fc\u015f\u00fck t\u00fcketim sarfiyat\u0131 ile kullan\u0131c\u0131 dostu olarak yan\u0131n\u0131zda yer almaktad\u0131r. 300 Bar y\u0131kama pompas\u0131 g\u00fcc\u00fcn\u00fc kullan\u0131c\u0131s\u0131na hissettirirken d\u00fc\u015f\u00fck titre\u015fim seviyesi sayesinde rahat kullan\u0131m sa\u011flars\u0131n\u0131z.<\/p>\n<div style=\"margin-top: 30px; margin-bottom: 20px;\"><img loading=\"lazy\" decoding=\"async\" class=\"alignnone size-medium wp-image-12057\" style=\"max-width: 100%; height: auto;\" src=\"https:\/\/www.tarustemizlik.com\/wp-content\/uploads\/2021\/06\/soguk-makina-ikon-1-800x191.png\" alt=\"So\u011fuk Y\u0131kama Makinas\u0131 \u0130konu\" width=\"800\" height=\"191\" \/><\/div>\n<p style=\"margin-top: 20px;\"><strong style=\"font-size: 1.4em;\"><img loading=\"lazy\" decoding=\"async\" class=\"alignnone wp-image-7305\" src=\"https:\/\/www.gulersan.com\/wp-content\/uploads\/2021\/01\/pdf.png\" alt=\"PDF \u0130konu\" width=\"64\" height=\"64\" srcset=\"https:\/\/www.gulersan.com\/wp-content\/uploads\/2021\/01\/pdf.png 400w, https:\/\/www.gulersan.com\/wp-content\/uploads\/2021\/01\/pdf-280x280.png 280w, https:\/\/www.gulersan.com\/wp-content\/uploads\/2021\/01\/pdf-100x100.png 100w\" sizes=\"auto, (max-width: 64px) 100vw, 64px\" \/><a style=\"text-decoration: none; color: #000;\" href=\"https:\/\/www.tarustemizlik.com\/wp-content\/uploads\/pdftalimatlar\/SO%C4%9EUK%20YIKAMA%20MAK%C4%B0NALARI.pdf\" target=\"_blank\" rel=\"noopener\">Kullan\u0131m ve Bak\u0131m K\u0131lavuzu<\/a><\/strong><\/p>\n\t\t<\/div>\n\t\t\t\t\t<\/div>\n\n\t\n\n\t<div id=\"col-2111465352\" class=\"col medium-6 small-12 large-6\"  >\n\t\t\t\t<div class=\"col-inner\"  >\n\t\t\t\n\t\t\t\n<h2 style=\"text-align: left; margin-bottom: 10px; font-weight: bold; border-bottom: 4px solid #000; padding-bottom: 5px;\">\u00d6zellikler<\/h2>\n<table style=\"width: 100%; border-collapse: collapse; table-layout: fixed;\" border=\"0\" cellspacing=\"0\" cellpadding=\"10\" bgcolor=\"#f7f7f7\">\n<tbody>\n<tr style=\"border-bottom: 1px solid #ddd;\">\n<td style=\"padding: 10px; width: 50%;\"><strong>Model<\/strong><\/td>\n<td style=\"padding: 10px; width: 50%; text-align: right;\">300ST<\/td>\n<\/tr>\n<tr style=\"border-bottom: 1px solid #ddd;\" bgcolor=\"#ffffff\">\n<td style=\"padding: 10px; width: 50%;\"><strong>\u00c7al\u0131\u015fma Bas\u0131nc\u0131<\/strong><\/td>\n<td style=\"padding: 10px; width: 50%; text-align: right;\">300 Bar<\/td>\n<\/tr>\n<tr style=\"border-bottom: 1px solid #ddd;\">\n<td style=\"padding: 10px; width: 50%;\"><strong>Debi<\/strong><\/td>\n<td style=\"padding: 10px; width: 50%; text-align: right;\">7-22 Lt\/Dk Ayarlanabilir<\/td>\n<\/tr>\n<tr style=\"border-bottom: 1px solid #ddd;\" bgcolor=\"#ffffff\">\n<td style=\"padding: 10px; width: 50%;\"><strong>Motor G\u00fcc\u00fc<\/strong><\/td>\n<td style=\"padding: 10px; width: 50%; text-align: right;\">15 Hp<\/td>\n<\/tr>\n<tr style=\"border-bottom: 1px solid #ddd;\">\n<td style=\"padding: 10px; width: 50%;\"><strong>Voltaj<\/strong><\/td>\n<td style=\"padding: 10px; width: 50%; text-align: right;\">380 V<\/td>\n<\/tr>\n<tr style=\"border-bottom: 1px solid #ddd;\" bgcolor=\"#ffffff\">\n<td style=\"padding: 10px; width: 50%;\"><strong>Tabanca<\/strong><\/td>\n<td style=\"padding: 10px; width: 50%; text-align: right;\">Tetikli<\/td>\n<\/tr>\n<tr style=\"border-bottom: 1px solid #ddd;\">\n<td style=\"padding: 10px; width: 50%;\"><strong>Hortum Uzunlu\u011fu<\/strong><\/td>\n<td style=\"padding: 10px; width: 50%; text-align: right;\">10 Mt<\/td>\n<\/tr>\n<tr style=\"border-bottom: 1px solid #ddd;\" bgcolor=\"#ffffff\">\n<td style=\"padding: 10px; width: 50%;\"><strong>Pompa Tipi<\/strong><\/td>\n<td style=\"padding: 10px; width: 50%; text-align: right;\">3 Silindir Seramik Pistonlu<\/td>\n<\/tr>\n<tr style=\"border-bottom: 1px solid #ddd;\">\n<td style=\"padding: 10px; width: 50%;\"><strong>Ambalaj \u00d6l\u00e7\u00fcs\u00fc<\/strong><\/td>\n<td style=\"padding: 10px; width: 50%; text-align: right;\">54x116x72 Cm<\/td>\n<\/tr>\n<tr style=\"border-bottom: 1px solid #ddd;\" bgcolor=\"#ffffff\">\n<td style=\"padding: 10px; width: 50%;\"><strong>A\u011f\u0131rl\u0131k<\/strong><\/td>\n<td style=\"padding: 10px; width: 50%; text-align: right;\">125 Kg<\/td>\n<\/tr>\n<tr style=\"border-bottom: 1px solid #ddd;\">\n<td style=\"padding: 10px; width: 50%;\"><strong>Garanti<\/strong><\/td>\n<td style=\"padding: 10px; width: 50%; text-align: right;\">24 Ay<\/td>\n<\/tr>\n<\/tbody>\n<\/table>\n\t\t<\/div>\n\t\t\t\t\t<\/div>\n\n\t\n<\/div>\n<div class=\"row\"  id=\"row-124223606\">\n\n\t<div id=\"col-1752512659\" class=\"col small-12 large-12\"  >\n\t\t\t\t<div class=\"col-inner\"  >\n\t\t\t\n\t\t\t\n<h3 style=\"margin-top: 15px;\"><img loading=\"lazy\" decoding=\"async\" class=\"alignnone wp-image-11980\" src=\"https:\/\/www.tarustemizlik.com\/wp-content\/uploads\/2021\/06\/favicon-2.png\" alt=\"\" width=\"32\" height=\"33\" \/> Teslimat Kapsam\u0131<\/h3>\n\t\n  \n    <div id=\"product-grid-91113183\" class=\"row large-columns-5 medium-columns-3 small-columns-2 row-small has-shadow row-box-shadow-4 row-masonry\" data-packery-options='{\"itemSelector\": \".col\", \"gutter\": 0, \"presentageWidth\" : true}'>\n\n  <\/div>\n<h3 style=\"margin-top: 15px;\"><img loading=\"lazy\" decoding=\"async\" class=\"alignnone wp-image-11980\" src=\"https:\/\/www.tarustemizlik.com\/wp-content\/uploads\/2021\/06\/favicon-2.png\" alt=\"\" width=\"32\" height=\"33\" \/> Tavsiye Edilen \u00dcr\u00fcnler<\/h3>\n\t\n  \n    <div id=\"product-grid-1706272065\" class=\"row large-columns-5 medium-columns-3 small-columns-2 row-small has-shadow row-box-shadow-3 row-masonry\" data-packery-options='{\"itemSelector\": \".col\", \"gutter\": 0, \"presentageWidth\" : true}'>\n\n  <\/div>\n\t\t<\/div>\n\t\t\t\t\t<\/div>\n\n\t\n<\/div>\n","protected":false},"excerpt":{"rendered":"","protected":false},"featured_media":14583,"comment_status":"closed","ping_status":"open","template":"","meta":[],"product_brand":[785],"product_cat":[1386,1378],"product_tag":[],"class_list":{"0":"post-14587","1":"product","2":"type-product","3":"status-publish","4":"has-post-thumbnail","6":"product_brand-tarus","7":"product_cat-basincli-soguk-yikama-makineleri","8":"product_cat-basincli-yikama-makineleri","10":"first","11":"instock","12":"product-type-simple"},"yoast_head":"<!-- This site is optimized with the Yoast SEO plugin v27.6 - https:\/\/yoast.com\/product\/yoast-seo-wordpress\/ -->\n<title>Bas\u0131n\u00e7l\u0131 So\u011fuk Y\u0131kama Makinas\u0131 300 Bar - 300ST - G\u00fclersan Ya\u011flama Cihazlar\u0131<\/title>\n<meta name=\"robots\" content=\"index, follow, max-snippet:-1, max-image-preview:large, max-video-preview:-1\" \/>\n<link rel=\"canonical\" href=\"https:\/\/www.gulersan.com\/en\/urun\/basincli-soguk-yikama-makinasi-300-bar-300st\/\" \/>\n<meta property=\"og:locale\" content=\"en_US\" \/>\n<meta property=\"og:type\" content=\"article\" \/>\n<meta property=\"og:title\" content=\"Bas\u0131n\u00e7l\u0131 So\u011fuk Y\u0131kama Makinas\u0131 300 Bar - 300ST - G\u00fclersan Ya\u011flama Cihazlar\u0131\" \/>\n<meta property=\"og:url\" content=\"https:\/\/www.gulersan.com\/en\/urun\/basincli-soguk-yikama-makinasi-300-bar-300st\/\" \/>\n<meta property=\"og:site_name\" content=\"G\u00fclersan Ya\u011flama Cihazlar\u0131\" \/>\n<meta property=\"article:modified_time\" content=\"2026-05-05T08:30:07+00:00\" \/>\n<meta property=\"og:image\" content=\"https:\/\/www.gulersan.com\/wp-content\/uploads\/2026\/05\/basincli-soguk-yikama-makinasi.jpg\" \/>\n\t<meta property=\"og:image:width\" content=\"500\" \/>\n\t<meta property=\"og:image:height\" content=\"500\" \/>\n\t<meta property=\"og:image:type\" content=\"image\/jpeg\" \/>\n<meta name=\"twitter:card\" content=\"summary_large_image\" \/>\n<meta name=\"twitter:label1\" content=\"Est. reading time\" \/>\n\t<meta name=\"twitter:data1\" content=\"1 minute\" \/>\n<script type=\"application\/ld+json\" class=\"yoast-schema-graph\">{\"@context\":\"https:\\\/\\\/schema.org\",\"@graph\":[{\"@type\":\"WebPage\",\"@id\":\"https:\\\/\\\/www.gulersan.com\\\/en\\\/urun\\\/basincli-soguk-yikama-makinasi-300-bar-300st\\\/\",\"url\":\"https:\\\/\\\/www.gulersan.com\\\/en\\\/urun\\\/basincli-soguk-yikama-makinasi-300-bar-300st\\\/\",\"name\":\"Bas\u0131n\u00e7l\u0131 So\u011fuk Y\u0131kama Makinas\u0131 300 Bar - 300ST - G\u00fclersan Ya\u011flama Cihazlar\u0131\",\"isPartOf\":{\"@id\":\"https:\\\/\\\/www.gulersan.com\\\/en\\\/#website\"},\"primaryImageOfPage\":{\"@id\":\"https:\\\/\\\/www.gulersan.com\\\/en\\\/urun\\\/basincli-soguk-yikama-makinasi-300-bar-300st\\\/#primaryimage\"},\"image\":{\"@id\":\"https:\\\/\\\/www.gulersan.com\\\/en\\\/urun\\\/basincli-soguk-yikama-makinasi-300-bar-300st\\\/#primaryimage\"},\"thumbnailUrl\":\"https:\\\/\\\/www.gulersan.com\\\/wp-content\\\/uploads\\\/2026\\\/05\\\/basincli-soguk-yikama-makinasi.jpg\",\"datePublished\":\"2026-05-05T08:29:53+00:00\",\"dateModified\":\"2026-05-05T08:30:07+00:00\",\"breadcrumb\":{\"@id\":\"https:\\\/\\\/www.gulersan.com\\\/en\\\/urun\\\/basincli-soguk-yikama-makinasi-300-bar-300st\\\/#breadcrumb\"},\"inLanguage\":\"en-US\",\"potentialAction\":[{\"@type\":\"ReadAction\",\"target\":[\"https:\\\/\\\/www.gulersan.com\\\/en\\\/urun\\\/basincli-soguk-yikama-makinasi-300-bar-300st\\\/\"]}]},{\"@type\":\"ImageObject\",\"inLanguage\":\"en-US\",\"@id\":\"https:\\\/\\\/www.gulersan.com\\\/en\\\/urun\\\/basincli-soguk-yikama-makinasi-300-bar-300st\\\/#primaryimage\",\"url\":\"https:\\\/\\\/www.gulersan.com\\\/wp-content\\\/uploads\\\/2026\\\/05\\\/basincli-soguk-yikama-makinasi.jpg\",\"contentUrl\":\"https:\\\/\\\/www.gulersan.com\\\/wp-content\\\/uploads\\\/2026\\\/05\\\/basincli-soguk-yikama-makinasi.jpg\",\"width\":500,\"height\":500},{\"@type\":\"BreadcrumbList\",\"@id\":\"https:\\\/\\\/www.gulersan.com\\\/en\\\/urun\\\/basincli-soguk-yikama-makinasi-300-bar-300st\\\/#breadcrumb\",\"itemListElement\":[{\"@type\":\"ListItem\",\"position\":1,\"name\":\"Anasayfa\",\"item\":\"https:\\\/\\\/www.gulersan.com\\\/en\\\/\"},{\"@type\":\"ListItem\",\"position\":2,\"name\":\"\\\/\",\"item\":\"https:\\\/\\\/www.gulersan.com\\\/shop\\\/\"},{\"@type\":\"ListItem\",\"position\":3,\"name\":\"Tarus Temizlik Ekipmanlar\u0131\",\"item\":\"https:\\\/\\\/www.gulersan.com\\\/en\\\/urun-kategori\\\/tarus-temizlik-ekipmanlari\\\/\"},{\"@type\":\"ListItem\",\"position\":4,\"name\":\"Bas\u0131n\u00e7l\u0131 Y\u0131kama Makineleri\",\"item\":\"https:\\\/\\\/www.gulersan.com\\\/en\\\/urun-kategori\\\/tarus-temizlik-ekipmanlari\\\/basincli-yikama-makineleri\\\/\"},{\"@type\":\"ListItem\",\"position\":5,\"name\":\"Bas\u0131n\u00e7l\u0131 So\u011fuk Y\u0131kama Makineleri\",\"item\":\"https:\\\/\\\/www.gulersan.com\\\/en\\\/urun-kategori\\\/tarus-temizlik-ekipmanlari\\\/basincli-yikama-makineleri\\\/basincli-soguk-yikama-makineleri\\\/\"},{\"@type\":\"ListItem\",\"position\":6,\"name\":\"Bas\u0131n\u00e7l\u0131 So\u011fuk Y\u0131kama Makinas\u0131 300 Bar &#8211; 300ST\"}]},{\"@type\":\"WebSite\",\"@id\":\"https:\\\/\\\/www.gulersan.com\\\/en\\\/#website\",\"url\":\"https:\\\/\\\/www.gulersan.com\\\/en\\\/\",\"name\":\"G\u00fclersan Ya\u011flama Cihazlar\u0131\",\"description\":\"Ya\u011flama Makinesi | Haval\u0131 Gres Pompas\u0131 | Ya\u011flama Pompas\u0131 | Ya\u011f \u00c7ekme Pompas\u0131\",\"publisher\":{\"@id\":\"https:\\\/\\\/www.gulersan.com\\\/en\\\/#organization\"},\"potentialAction\":[{\"@type\":\"SearchAction\",\"target\":{\"@type\":\"EntryPoint\",\"urlTemplate\":\"https:\\\/\\\/www.gulersan.com\\\/en\\\/?s={search_term_string}\"},\"query-input\":{\"@type\":\"PropertyValueSpecification\",\"valueRequired\":true,\"valueName\":\"search_term_string\"}}],\"inLanguage\":\"en-US\"},{\"@type\":\"Organization\",\"@id\":\"https:\\\/\\\/www.gulersan.com\\\/en\\\/#organization\",\"name\":\"G\u00fclersan Ya\u011flama Cihazlar\u0131\",\"url\":\"https:\\\/\\\/www.gulersan.com\\\/en\\\/\",\"logo\":{\"@type\":\"ImageObject\",\"inLanguage\":\"en-US\",\"@id\":\"https:\\\/\\\/www.gulersan.com\\\/en\\\/#\\\/schema\\\/logo\\\/image\\\/\",\"url\":\"https:\\\/\\\/www.gulersan.com\\\/wp-content\\\/uploads\\\/2021\\\/01\\\/gulersan-logo-tr.png\",\"contentUrl\":\"https:\\\/\\\/www.gulersan.com\\\/wp-content\\\/uploads\\\/2021\\\/01\\\/gulersan-logo-tr.png\",\"width\":1242,\"height\":302,\"caption\":\"G\u00fclersan Ya\u011flama Cihazlar\u0131\"},\"image\":{\"@id\":\"https:\\\/\\\/www.gulersan.com\\\/en\\\/#\\\/schema\\\/logo\\\/image\\\/\"}}]}<\/script>\n<!-- \/ Yoast SEO plugin. -->","yoast_head_json":{"title":"Bas\u0131n\u00e7l\u0131 So\u011fuk Y\u0131kama Makinas\u0131 300 Bar - 300ST - G\u00fclersan Ya\u011flama Cihazlar\u0131","robots":{"index":"index","follow":"follow","max-snippet":"max-snippet:-1","max-image-preview":"max-image-preview:large","max-video-preview":"max-video-preview:-1"},"canonical":"https:\/\/www.gulersan.com\/en\/urun\/basincli-soguk-yikama-makinasi-300-bar-300st\/","og_locale":"en_US","og_type":"article","og_title":"Bas\u0131n\u00e7l\u0131 So\u011fuk Y\u0131kama Makinas\u0131 300 Bar - 300ST - G\u00fclersan Ya\u011flama Cihazlar\u0131","og_url":"https:\/\/www.gulersan.com\/en\/urun\/basincli-soguk-yikama-makinasi-300-bar-300st\/","og_site_name":"G\u00fclersan Ya\u011flama Cihazlar\u0131","article_modified_time":"2026-05-05T08:30:07+00:00","og_image":[{"width":500,"height":500,"url":"https:\/\/www.gulersan.com\/wp-content\/uploads\/2026\/05\/basincli-soguk-yikama-makinasi.jpg","type":"image\/jpeg"}],"twitter_card":"summary_large_image","twitter_misc":{"Est. reading time":"1 minute"},"schema":{"@context":"https:\/\/schema.org","@graph":[{"@type":"WebPage","@id":"https:\/\/www.gulersan.com\/en\/urun\/basincli-soguk-yikama-makinasi-300-bar-300st\/","url":"https:\/\/www.gulersan.com\/en\/urun\/basincli-soguk-yikama-makinasi-300-bar-300st\/","name":"Bas\u0131n\u00e7l\u0131 So\u011fuk Y\u0131kama Makinas\u0131 300 Bar - 300ST - G\u00fclersan Ya\u011flama Cihazlar\u0131","isPartOf":{"@id":"https:\/\/www.gulersan.com\/en\/#website"},"primaryImageOfPage":{"@id":"https:\/\/www.gulersan.com\/en\/urun\/basincli-soguk-yikama-makinasi-300-bar-300st\/#primaryimage"},"image":{"@id":"https:\/\/www.gulersan.com\/en\/urun\/basincli-soguk-yikama-makinasi-300-bar-300st\/#primaryimage"},"thumbnailUrl":"https:\/\/www.gulersan.com\/wp-content\/uploads\/2026\/05\/basincli-soguk-yikama-makinasi.jpg","datePublished":"2026-05-05T08:29:53+00:00","dateModified":"2026-05-05T08:30:07+00:00","breadcrumb":{"@id":"https:\/\/www.gulersan.com\/en\/urun\/basincli-soguk-yikama-makinasi-300-bar-300st\/#breadcrumb"},"inLanguage":"en-US","potentialAction":[{"@type":"ReadAction","target":["https:\/\/www.gulersan.com\/en\/urun\/basincli-soguk-yikama-makinasi-300-bar-300st\/"]}]},{"@type":"ImageObject","inLanguage":"en-US","@id":"https:\/\/www.gulersan.com\/en\/urun\/basincli-soguk-yikama-makinasi-300-bar-300st\/#primaryimage","url":"https:\/\/www.gulersan.com\/wp-content\/uploads\/2026\/05\/basincli-soguk-yikama-makinasi.jpg","contentUrl":"https:\/\/www.gulersan.com\/wp-content\/uploads\/2026\/05\/basincli-soguk-yikama-makinasi.jpg","width":500,"height":500},{"@type":"BreadcrumbList","@id":"https:\/\/www.gulersan.com\/en\/urun\/basincli-soguk-yikama-makinasi-300-bar-300st\/#breadcrumb","itemListElement":[{"@type":"ListItem","position":1,"name":"Anasayfa","item":"https:\/\/www.gulersan.com\/en\/"},{"@type":"ListItem","position":2,"name":"\/","item":"https:\/\/www.gulersan.com\/shop\/"},{"@type":"ListItem","position":3,"name":"Tarus Temizlik Ekipmanlar\u0131","item":"https:\/\/www.gulersan.com\/en\/urun-kategori\/tarus-temizlik-ekipmanlari\/"},{"@type":"ListItem","position":4,"name":"Bas\u0131n\u00e7l\u0131 Y\u0131kama Makineleri","item":"https:\/\/www.gulersan.com\/en\/urun-kategori\/tarus-temizlik-ekipmanlari\/basincli-yikama-makineleri\/"},{"@type":"ListItem","position":5,"name":"Bas\u0131n\u00e7l\u0131 So\u011fuk Y\u0131kama Makineleri","item":"https:\/\/www.gulersan.com\/en\/urun-kategori\/tarus-temizlik-ekipmanlari\/basincli-yikama-makineleri\/basincli-soguk-yikama-makineleri\/"},{"@type":"ListItem","position":6,"name":"Bas\u0131n\u00e7l\u0131 So\u011fuk Y\u0131kama Makinas\u0131 300 Bar &#8211; 300ST"}]},{"@type":"WebSite","@id":"https:\/\/www.gulersan.com\/en\/#website","url":"https:\/\/www.gulersan.com\/en\/","name":"G\u00fclersan Ya\u011flama Cihazlar\u0131","description":"Ya\u011flama Makinesi | Haval\u0131 Gres Pompas\u0131 | Ya\u011flama Pompas\u0131 | Ya\u011f \u00c7ekme Pompas\u0131","publisher":{"@id":"https:\/\/www.gulersan.com\/en\/#organization"},"potentialAction":[{"@type":"SearchAction","target":{"@type":"EntryPoint","urlTemplate":"https:\/\/www.gulersan.com\/en\/?s={search_term_string}"},"query-input":{"@type":"PropertyValueSpecification","valueRequired":true,"valueName":"search_term_string"}}],"inLanguage":"en-US"},{"@type":"Organization","@id":"https:\/\/www.gulersan.com\/en\/#organization","name":"G\u00fclersan Ya\u011flama Cihazlar\u0131","url":"https:\/\/www.gulersan.com\/en\/","logo":{"@type":"ImageObject","inLanguage":"en-US","@id":"https:\/\/www.gulersan.com\/en\/#\/schema\/logo\/image\/","url":"https:\/\/www.gulersan.com\/wp-content\/uploads\/2021\/01\/gulersan-logo-tr.png","contentUrl":"https:\/\/www.gulersan.com\/wp-content\/uploads\/2021\/01\/gulersan-logo-tr.png","width":1242,"height":302,"caption":"G\u00fclersan Ya\u011flama Cihazlar\u0131"},"image":{"@id":"https:\/\/www.gulersan.com\/en\/#\/schema\/logo\/image\/"}}]}},"_links":{"self":[{"href":"https:\/\/www.gulersan.com\/en\/wp-json\/wp\/v2\/product\/14587","targetHints":{"allow":["GET"]}}],"collection":[{"href":"https:\/\/www.gulersan.com\/en\/wp-json\/wp\/v2\/product"}],"about":[{"href":"https:\/\/www.gulersan.com\/en\/wp-json\/wp\/v2\/types\/product"}],"replies":[{"embeddable":true,"href":"https:\/\/www.gulersan.com\/en\/wp-json\/wp\/v2\/comments?post=14587"}],"wp:featuredmedia":[{"embeddable":true,"href":"https:\/\/www.gulersan.com\/en\/wp-json\/wp\/v2\/media\/14583"}],"wp:attachment":[{"href":"https:\/\/www.gulersan.com\/en\/wp-json\/wp\/v2\/media?parent=14587"}],"wp:term":[{"taxonomy":"product_brand","embeddable":true,"href":"https:\/\/www.gulersan.com\/en\/wp-json\/wp\/v2\/product_brand?post=14587"},{"taxonomy":"product_cat","embeddable":true,"href":"https:\/\/www.gulersan.com\/en\/wp-json\/wp\/v2\/product_cat?post=14587"},{"taxonomy":"product_tag","embeddable":true,"href":"https:\/\/www.gulersan.com\/en\/wp-json\/wp\/v2\/product_tag?post=14587"}],"curies":[{"name":"wp","href":"https:\/\/api.w.org\/{rel}","templated":true}]}}