{"id":14592,"date":"2026-05-05T11:29:53","date_gmt":"2026-05-05T08:29:53","guid":{"rendered":"https:\/\/www.gulersan.com\/urun\/basincli-sicak-soguk-yikama-makinasi-300-bar-300sst\/"},"modified":"2026-05-05T11:30:09","modified_gmt":"2026-05-05T08:30:09","slug":"basincli-sicak-soguk-yikama-makinasi-300-bar-300sst","status":"publish","type":"product","link":"https:\/\/www.gulersan.com\/en\/urun\/basincli-sicak-soguk-yikama-makinasi-300-bar-300sst\/","title":{"rendered":"Bas\u0131n\u00e7l\u0131 S\u0131cak So\u011fuk Y\u0131kama Makinas\u0131 300 Bar &#8211; 300SST"},"content":{"rendered":"<div class=\"row\"  id=\"row-1119992749\">\n\n\t<div id=\"col-389696688\" class=\"col medium-6 small-12 large-6\"  >\n\t\t\t\t<div class=\"col-inner\"  >\n\t\t\t\n\t\t\t\n<h2 style=\"text-align: left;\"><span style=\"color: #000080;\"><strong>Neden Bas\u0131n\u00e7l\u0131 S\u0131cak So\u011fuk Y\u0131kama Makinas\u0131 300 Bar &#8211; 300SST ?<\/strong><\/span><\/h2>\n<p>Tarus 300 bar s\u0131cak so\u011fuk oto y\u0131kama makinas\u0131 ile; ekskavat\u00f6r, i\u015f makinas\u0131, hafriyat kamyonu vb. ara\u00e7lar\u0131n temizli\u011fini dakikalar i\u00e7inde tamamlayabilirsiniz. 300 bar y\u0131kama pompas\u0131 g\u00fcc\u00fcn\u00fc kullan\u0131c\u0131s\u0131na hissettirirken d\u00fc\u015f\u00fck titre\u015fim seviyesi sayesinde rahat kullan\u0131m sa\u011flars\u0131n\u0131z. \u00d6zellikle a\u011f\u0131r i\u015f makinalar\u0131n\u0131n ya\u011flama \u00f6ncesi temizli\u011finde kullan\u0131lan s\u0131cak sulu bas\u0131n\u00e7l\u0131 y\u0131kama makinas\u0131, tersanelerde ve boya s\u00f6k\u00fcm i\u015flemlerinde de \u00e7\u00f6z\u00fcm orta\u011f\u0131n\u0131z olmaktad\u0131r. Ayarlanabilir bas\u0131n\u00e7 ve s\u0131cakl\u0131k de\u011feri ile istedi\u011finiz verimi alman\u0131zda size kolayl\u0131k sa\u011flamaktad\u0131r. Ek olarak s\u0131cak so\u011fuk y\u0131kama makinas\u0131 istenmeyen \u015fantiye art\u0131klar\u0131 ve beton s\u00f6kme i\u015flemlerinde en b\u00fcy\u00fck yard\u0131mc\u0131n\u0131z olarak g\u00f6ze \u00e7arpmaktad\u0131r. Tarus 300 bar s\u0131cak so\u011fuk y\u00fcksek bas\u0131n\u00e7l\u0131 y\u0131kama makinas\u0131, ilgi \u00e7eken tasar\u0131m\u0131 ve geli\u015ftirilmi\u015f g\u00fcvenlik sistemi ile i\u015fletmenize de\u011fer katman\u0131za yard\u0131mc\u0131 olmaktad\u0131r.<\/p>\n<div style=\"margin-top: 30px; margin-bottom: 20px;\"><img loading=\"lazy\" decoding=\"async\" class=\"alignnone wp-image-12095\" style=\"max-width: 100%; height: auto;\" src=\"https:\/\/www.tarustemizlik.com\/wp-content\/uploads\/2021\/06\/sicak-soguk-ikon-800x190.png\" alt=\"S\u0131cak ve So\u011fuk Y\u0131kama \u0130konu\" width=\"611\" height=\"145\" \/><\/div>\n<p style=\"margin-top: 20px;\"><strong style=\"font-size: 1.4em;\"><img loading=\"lazy\" decoding=\"async\" class=\"alignnone wp-image-7305\" src=\"https:\/\/www.gulersan.com\/wp-content\/uploads\/2021\/01\/pdf.png\" alt=\"PDF \u0130konu\" width=\"64\" height=\"64\" srcset=\"https:\/\/www.gulersan.com\/wp-content\/uploads\/2021\/01\/pdf.png 400w, https:\/\/www.gulersan.com\/wp-content\/uploads\/2021\/01\/pdf-280x280.png 280w, https:\/\/www.gulersan.com\/wp-content\/uploads\/2021\/01\/pdf-100x100.png 100w\" sizes=\"auto, (max-width: 64px) 100vw, 64px\" \/><a style=\"text-decoration: none; color: #000;\" href=\"https:\/\/www.tarustemizlik.com\/wp-content\/uploads\/pdftalimatlar\/S%C4%B1cak%20So%C4%9Fuk%20Y%C4%B1kama%20Makineleri.pdf\" target=\"_blank\" rel=\"noopener\">Kullan\u0131m ve Bak\u0131m K\u0131lavuzu<\/a><\/strong><\/p>\n\t\t<\/div>\n\t\t\t\t\t<\/div>\n\n\t\n\n\t<div id=\"col-166033152\" class=\"col medium-6 small-12 large-6\"  >\n\t\t\t\t<div class=\"col-inner\"  >\n\t\t\t\n\t\t\t\n<h2 style=\"text-align: left; margin-bottom: 10px; font-weight: bold; border-bottom: 4px solid #000; padding-bottom: 5px;\">\u00d6zellikler<\/h2>\n<table style=\"width: 100%; border-collapse: collapse; table-layout: fixed;\" border=\"0\" cellspacing=\"0\" cellpadding=\"10\" bgcolor=\"#f7f7f7\">\n<tbody>\n<tr style=\"border-bottom: 1px solid #ddd;\">\n<td style=\"padding: 10px; width: 50%;\"><strong>Model<\/strong><\/td>\n<td style=\"padding: 10px; width: 50%; text-align: right;\">300SST<\/td>\n<\/tr>\n<tr style=\"border-bottom: 1px solid #ddd;\" bgcolor=\"#ffffff\">\n<td style=\"padding: 10px; width: 50%;\"><strong>\u00c7al\u0131\u015fma Bas\u0131nc\u0131<\/strong><\/td>\n<td style=\"padding: 10px; width: 50%; text-align: right;\">300 Bar<\/td>\n<\/tr>\n<tr style=\"border-bottom: 1px solid #ddd;\">\n<td style=\"padding: 10px; width: 50%;\"><strong>Debi<\/strong><\/td>\n<td style=\"padding: 10px; width: 50%; text-align: right;\">7-20 Lt\/Dk Ayarlanabilir<\/td>\n<\/tr>\n<tr style=\"border-bottom: 1px solid #ddd;\" bgcolor=\"#ffffff\">\n<td style=\"padding: 10px; width: 50%;\"><strong>Motor G\u00fcc\u00fc<\/strong><\/td>\n<td style=\"padding: 10px; width: 50%; text-align: right;\">15 Hp<\/td>\n<\/tr>\n<tr style=\"border-bottom: 1px solid #ddd;\">\n<td style=\"padding: 10px; width: 50%;\"><strong>Voltaj<\/strong><\/td>\n<td style=\"padding: 10px; width: 50%; text-align: right;\">380 V<\/td>\n<\/tr>\n<tr style=\"border-bottom: 1px solid #ddd;\" bgcolor=\"#ffffff\">\n<td style=\"padding: 10px; width: 50%;\"><strong>Tabanca<\/strong><\/td>\n<td style=\"padding: 10px; width: 50%; text-align: right;\">Tetikli<\/td>\n<\/tr>\n<tr style=\"border-bottom: 1px solid #ddd;\">\n<td style=\"padding: 10px; width: 50%;\"><strong>Hortum Uzunlu\u011fu<\/strong><\/td>\n<td style=\"padding: 10px; width: 50%; text-align: right;\">10 Mt<\/td>\n<\/tr>\n<tr style=\"border-bottom: 1px solid #ddd;\" bgcolor=\"#ffffff\">\n<td style=\"padding: 10px; width: 50%;\"><strong>Pompa Tipi<\/strong><\/td>\n<td style=\"padding: 10px; width: 50%; text-align: right;\">3 Silindir Seramik Pistonlu<\/td>\n<\/tr>\n<tr style=\"border-bottom: 1px solid #ddd;\">\n<td style=\"padding: 10px; width: 50%;\"><strong>Buhar S\u0131cakl\u0131\u011f\u0131<\/strong><\/td>\n<td style=\"padding: 10px; width: 50%; text-align: right;\">30 \u2013 150 \u00b0C<\/td>\n<\/tr>\n<tr style=\"border-bottom: 1px solid #ddd;\" bgcolor=\"#ffffff\">\n<td style=\"padding: 10px; width: 50%;\"><strong>Yak\u0131t<\/strong><\/td>\n<td style=\"padding: 10px; width: 50%; text-align: right;\">Motorin<\/td>\n<\/tr>\n<tr style=\"border-bottom: 1px solid #ddd;\">\n<td style=\"padding: 10px; width: 50%;\"><strong>Yak\u0131t Tank\u0131<\/strong><\/td>\n<td style=\"padding: 10px; width: 50%; text-align: right;\">16 Lt<\/td>\n<\/tr>\n<tr style=\"border-bottom: 1px solid #ddd;\" bgcolor=\"#ffffff\">\n<td style=\"padding: 10px; width: 50%;\"><strong>Ambalaj \u00d6l\u00e7\u00fcs\u00fc<\/strong><\/td>\n<td style=\"padding: 10px; width: 50%; text-align: right;\">74x115x116 Cm<\/td>\n<\/tr>\n<tr style=\"border-bottom: 1px solid #ddd;\">\n<td style=\"padding: 10px; width: 50%;\"><strong>A\u011f\u0131rl\u0131k<\/strong><\/td>\n<td style=\"padding: 10px; width: 50%; text-align: right;\">160 Kg<\/td>\n<\/tr>\n<tr style=\"border-bottom: 1px solid #ddd;\" bgcolor=\"#ffffff\">\n<td style=\"padding: 10px; width: 50%;\"><strong>Garanti<\/strong><\/td>\n<td style=\"padding: 10px; width: 50%; text-align: right;\">24 Ay<\/td>\n<\/tr>\n<\/tbody>\n<\/table>\n\t\t<\/div>\n\t\t\t\t\t<\/div>\n\n\t\n<\/div>\n<div class=\"row\"  id=\"row-1889140985\">\n\n\t<div id=\"col-1242603524\" class=\"col small-12 large-12\"  >\n\t\t\t\t<div class=\"col-inner\"  >\n\t\t\t\n\t\t\t\n<h3 style=\"margin-top: 15px;\"><img loading=\"lazy\" decoding=\"async\" class=\"alignnone wp-image-11980\" src=\"https:\/\/www.tarustemizlik.com\/wp-content\/uploads\/2021\/06\/favicon-2.png\" alt=\"\" width=\"32\" height=\"33\" \/> Teslimat Kapsam\u0131<\/h3>\n\t\n  \n    <div id=\"product-grid-941948584\" class=\"row large-columns-5 medium-columns-3 small-columns-2 row-small has-shadow row-box-shadow-4 row-masonry\" data-packery-options='{\"itemSelector\": \".col\", \"gutter\": 0, \"presentageWidth\" : true}'>\n\n  <\/div>\n<h3 style=\"margin-top: 15px;\"><img loading=\"lazy\" decoding=\"async\" class=\"alignnone wp-image-11980\" src=\"https:\/\/www.tarustemizlik.com\/wp-content\/uploads\/2021\/06\/favicon-2.png\" alt=\"\" width=\"32\" height=\"33\" \/> Tavsiye Edilen \u00dcr\u00fcnler<\/h3>\n\t\n  \n    <div id=\"product-grid-2036990077\" class=\"row large-columns-5 medium-columns-3 small-columns-2 row-small has-shadow row-box-shadow-3 row-masonry\" data-packery-options='{\"itemSelector\": \".col\", \"gutter\": 0, \"presentageWidth\" : true}'>\n\n  <\/div>\n\t\t<\/div>\n\t\t\t\t\t<\/div>\n\n\t\n<\/div>\n","protected":false},"excerpt":{"rendered":"","protected":false},"featured_media":14576,"comment_status":"closed","ping_status":"open","template":"","meta":[],"product_brand":[785],"product_cat":[1379,1378],"product_tag":[],"class_list":{"0":"post-14592","1":"product","2":"type-product","3":"status-publish","4":"has-post-thumbnail","6":"product_brand-tarus","7":"product_cat-basincli-sicak-soguk-yikama-makineleri","8":"product_cat-basincli-yikama-makineleri","10":"first","11":"instock","12":"product-type-simple"},"yoast_head":"<!-- This site is optimized with the Yoast SEO plugin v27.6 - https:\/\/yoast.com\/product\/yoast-seo-wordpress\/ -->\n<title>Bas\u0131n\u00e7l\u0131 S\u0131cak So\u011fuk Y\u0131kama Makinas\u0131 300 Bar - 300SST - G\u00fclersan Ya\u011flama Cihazlar\u0131<\/title>\n<meta name=\"robots\" content=\"index, follow, max-snippet:-1, max-image-preview:large, max-video-preview:-1\" \/>\n<link rel=\"canonical\" href=\"https:\/\/www.gulersan.com\/en\/urun\/basincli-sicak-soguk-yikama-makinasi-300-bar-300sst\/\" \/>\n<meta property=\"og:locale\" content=\"en_US\" \/>\n<meta property=\"og:type\" content=\"article\" \/>\n<meta property=\"og:title\" content=\"Bas\u0131n\u00e7l\u0131 S\u0131cak So\u011fuk Y\u0131kama Makinas\u0131 300 Bar - 300SST - G\u00fclersan Ya\u011flama Cihazlar\u0131\" \/>\n<meta property=\"og:url\" content=\"https:\/\/www.gulersan.com\/en\/urun\/basincli-sicak-soguk-yikama-makinasi-300-bar-300sst\/\" \/>\n<meta property=\"og:site_name\" content=\"G\u00fclersan Ya\u011flama Cihazlar\u0131\" \/>\n<meta property=\"article:modified_time\" content=\"2026-05-05T08:30:09+00:00\" \/>\n<meta property=\"og:image\" content=\"https:\/\/www.gulersan.com\/wp-content\/uploads\/2026\/04\/300SST-Sicak-Soguk-Yikama-Makinasi-300-Bar.jpg\" \/>\n\t<meta property=\"og:image:width\" content=\"2049\" \/>\n\t<meta property=\"og:image:height\" content=\"1997\" \/>\n\t<meta property=\"og:image:type\" content=\"image\/jpeg\" \/>\n<meta name=\"twitter:card\" content=\"summary_large_image\" \/>\n<meta name=\"twitter:label1\" content=\"Est. reading time\" \/>\n\t<meta name=\"twitter:data1\" content=\"2 minutes\" \/>\n<script type=\"application\/ld+json\" class=\"yoast-schema-graph\">{\"@context\":\"https:\\\/\\\/schema.org\",\"@graph\":[{\"@type\":\"WebPage\",\"@id\":\"https:\\\/\\\/www.gulersan.com\\\/en\\\/urun\\\/basincli-sicak-soguk-yikama-makinasi-300-bar-300sst\\\/\",\"url\":\"https:\\\/\\\/www.gulersan.com\\\/en\\\/urun\\\/basincli-sicak-soguk-yikama-makinasi-300-bar-300sst\\\/\",\"name\":\"Bas\u0131n\u00e7l\u0131 S\u0131cak So\u011fuk Y\u0131kama Makinas\u0131 300 Bar - 300SST - G\u00fclersan Ya\u011flama Cihazlar\u0131\",\"isPartOf\":{\"@id\":\"https:\\\/\\\/www.gulersan.com\\\/en\\\/#website\"},\"primaryImageOfPage\":{\"@id\":\"https:\\\/\\\/www.gulersan.com\\\/en\\\/urun\\\/basincli-sicak-soguk-yikama-makinasi-300-bar-300sst\\\/#primaryimage\"},\"image\":{\"@id\":\"https:\\\/\\\/www.gulersan.com\\\/en\\\/urun\\\/basincli-sicak-soguk-yikama-makinasi-300-bar-300sst\\\/#primaryimage\"},\"thumbnailUrl\":\"https:\\\/\\\/www.gulersan.com\\\/wp-content\\\/uploads\\\/2026\\\/04\\\/300SST-Sicak-Soguk-Yikama-Makinasi-300-Bar.jpg\",\"datePublished\":\"2026-05-05T08:29:53+00:00\",\"dateModified\":\"2026-05-05T08:30:09+00:00\",\"breadcrumb\":{\"@id\":\"https:\\\/\\\/www.gulersan.com\\\/en\\\/urun\\\/basincli-sicak-soguk-yikama-makinasi-300-bar-300sst\\\/#breadcrumb\"},\"inLanguage\":\"en-US\",\"potentialAction\":[{\"@type\":\"ReadAction\",\"target\":[\"https:\\\/\\\/www.gulersan.com\\\/en\\\/urun\\\/basincli-sicak-soguk-yikama-makinasi-300-bar-300sst\\\/\"]}]},{\"@type\":\"ImageObject\",\"inLanguage\":\"en-US\",\"@id\":\"https:\\\/\\\/www.gulersan.com\\\/en\\\/urun\\\/basincli-sicak-soguk-yikama-makinasi-300-bar-300sst\\\/#primaryimage\",\"url\":\"https:\\\/\\\/www.gulersan.com\\\/wp-content\\\/uploads\\\/2026\\\/04\\\/300SST-Sicak-Soguk-Yikama-Makinasi-300-Bar.jpg\",\"contentUrl\":\"https:\\\/\\\/www.gulersan.com\\\/wp-content\\\/uploads\\\/2026\\\/04\\\/300SST-Sicak-Soguk-Yikama-Makinasi-300-Bar.jpg\",\"width\":2049,\"height\":1997},{\"@type\":\"BreadcrumbList\",\"@id\":\"https:\\\/\\\/www.gulersan.com\\\/en\\\/urun\\\/basincli-sicak-soguk-yikama-makinasi-300-bar-300sst\\\/#breadcrumb\",\"itemListElement\":[{\"@type\":\"ListItem\",\"position\":1,\"name\":\"Anasayfa\",\"item\":\"https:\\\/\\\/www.gulersan.com\\\/en\\\/\"},{\"@type\":\"ListItem\",\"position\":2,\"name\":\"\\\/\",\"item\":\"https:\\\/\\\/www.gulersan.com\\\/shop\\\/\"},{\"@type\":\"ListItem\",\"position\":3,\"name\":\"Tarus Temizlik Ekipmanlar\u0131\",\"item\":\"https:\\\/\\\/www.gulersan.com\\\/en\\\/urun-kategori\\\/tarus-temizlik-ekipmanlari\\\/\"},{\"@type\":\"ListItem\",\"position\":4,\"name\":\"Bas\u0131n\u00e7l\u0131 Y\u0131kama Makineleri\",\"item\":\"https:\\\/\\\/www.gulersan.com\\\/en\\\/urun-kategori\\\/tarus-temizlik-ekipmanlari\\\/basincli-yikama-makineleri\\\/\"},{\"@type\":\"ListItem\",\"position\":5,\"name\":\"Bas\u0131n\u00e7l\u0131 S\u0131cak So\u011fuk Y\u0131kama Makineleri\",\"item\":\"https:\\\/\\\/www.gulersan.com\\\/en\\\/urun-kategori\\\/tarus-temizlik-ekipmanlari\\\/basincli-yikama-makineleri\\\/basincli-sicak-soguk-yikama-makineleri\\\/\"},{\"@type\":\"ListItem\",\"position\":6,\"name\":\"Bas\u0131n\u00e7l\u0131 S\u0131cak So\u011fuk Y\u0131kama Makinas\u0131 300 Bar &#8211; 300SST\"}]},{\"@type\":\"WebSite\",\"@id\":\"https:\\\/\\\/www.gulersan.com\\\/en\\\/#website\",\"url\":\"https:\\\/\\\/www.gulersan.com\\\/en\\\/\",\"name\":\"G\u00fclersan Ya\u011flama Cihazlar\u0131\",\"description\":\"Ya\u011flama Makinesi | Haval\u0131 Gres Pompas\u0131 | Ya\u011flama Pompas\u0131 | Ya\u011f \u00c7ekme Pompas\u0131\",\"publisher\":{\"@id\":\"https:\\\/\\\/www.gulersan.com\\\/en\\\/#organization\"},\"potentialAction\":[{\"@type\":\"SearchAction\",\"target\":{\"@type\":\"EntryPoint\",\"urlTemplate\":\"https:\\\/\\\/www.gulersan.com\\\/en\\\/?s={search_term_string}\"},\"query-input\":{\"@type\":\"PropertyValueSpecification\",\"valueRequired\":true,\"valueName\":\"search_term_string\"}}],\"inLanguage\":\"en-US\"},{\"@type\":\"Organization\",\"@id\":\"https:\\\/\\\/www.gulersan.com\\\/en\\\/#organization\",\"name\":\"G\u00fclersan Ya\u011flama Cihazlar\u0131\",\"url\":\"https:\\\/\\\/www.gulersan.com\\\/en\\\/\",\"logo\":{\"@type\":\"ImageObject\",\"inLanguage\":\"en-US\",\"@id\":\"https:\\\/\\\/www.gulersan.com\\\/en\\\/#\\\/schema\\\/logo\\\/image\\\/\",\"url\":\"https:\\\/\\\/www.gulersan.com\\\/wp-content\\\/uploads\\\/2021\\\/01\\\/gulersan-logo-tr.png\",\"contentUrl\":\"https:\\\/\\\/www.gulersan.com\\\/wp-content\\\/uploads\\\/2021\\\/01\\\/gulersan-logo-tr.png\",\"width\":1242,\"height\":302,\"caption\":\"G\u00fclersan Ya\u011flama Cihazlar\u0131\"},\"image\":{\"@id\":\"https:\\\/\\\/www.gulersan.com\\\/en\\\/#\\\/schema\\\/logo\\\/image\\\/\"}}]}<\/script>\n<!-- \/ Yoast SEO plugin. -->","yoast_head_json":{"title":"Bas\u0131n\u00e7l\u0131 S\u0131cak So\u011fuk Y\u0131kama Makinas\u0131 300 Bar - 300SST - G\u00fclersan Ya\u011flama Cihazlar\u0131","robots":{"index":"index","follow":"follow","max-snippet":"max-snippet:-1","max-image-preview":"max-image-preview:large","max-video-preview":"max-video-preview:-1"},"canonical":"https:\/\/www.gulersan.com\/en\/urun\/basincli-sicak-soguk-yikama-makinasi-300-bar-300sst\/","og_locale":"en_US","og_type":"article","og_title":"Bas\u0131n\u00e7l\u0131 S\u0131cak So\u011fuk Y\u0131kama Makinas\u0131 300 Bar - 300SST - G\u00fclersan Ya\u011flama Cihazlar\u0131","og_url":"https:\/\/www.gulersan.com\/en\/urun\/basincli-sicak-soguk-yikama-makinasi-300-bar-300sst\/","og_site_name":"G\u00fclersan Ya\u011flama Cihazlar\u0131","article_modified_time":"2026-05-05T08:30:09+00:00","og_image":[{"width":2049,"height":1997,"url":"https:\/\/www.gulersan.com\/wp-content\/uploads\/2026\/04\/300SST-Sicak-Soguk-Yikama-Makinasi-300-Bar.jpg","type":"image\/jpeg"}],"twitter_card":"summary_large_image","twitter_misc":{"Est. reading time":"2 minutes"},"schema":{"@context":"https:\/\/schema.org","@graph":[{"@type":"WebPage","@id":"https:\/\/www.gulersan.com\/en\/urun\/basincli-sicak-soguk-yikama-makinasi-300-bar-300sst\/","url":"https:\/\/www.gulersan.com\/en\/urun\/basincli-sicak-soguk-yikama-makinasi-300-bar-300sst\/","name":"Bas\u0131n\u00e7l\u0131 S\u0131cak So\u011fuk Y\u0131kama Makinas\u0131 300 Bar - 300SST - G\u00fclersan Ya\u011flama Cihazlar\u0131","isPartOf":{"@id":"https:\/\/www.gulersan.com\/en\/#website"},"primaryImageOfPage":{"@id":"https:\/\/www.gulersan.com\/en\/urun\/basincli-sicak-soguk-yikama-makinasi-300-bar-300sst\/#primaryimage"},"image":{"@id":"https:\/\/www.gulersan.com\/en\/urun\/basincli-sicak-soguk-yikama-makinasi-300-bar-300sst\/#primaryimage"},"thumbnailUrl":"https:\/\/www.gulersan.com\/wp-content\/uploads\/2026\/04\/300SST-Sicak-Soguk-Yikama-Makinasi-300-Bar.jpg","datePublished":"2026-05-05T08:29:53+00:00","dateModified":"2026-05-05T08:30:09+00:00","breadcrumb":{"@id":"https:\/\/www.gulersan.com\/en\/urun\/basincli-sicak-soguk-yikama-makinasi-300-bar-300sst\/#breadcrumb"},"inLanguage":"en-US","potentialAction":[{"@type":"ReadAction","target":["https:\/\/www.gulersan.com\/en\/urun\/basincli-sicak-soguk-yikama-makinasi-300-bar-300sst\/"]}]},{"@type":"ImageObject","inLanguage":"en-US","@id":"https:\/\/www.gulersan.com\/en\/urun\/basincli-sicak-soguk-yikama-makinasi-300-bar-300sst\/#primaryimage","url":"https:\/\/www.gulersan.com\/wp-content\/uploads\/2026\/04\/300SST-Sicak-Soguk-Yikama-Makinasi-300-Bar.jpg","contentUrl":"https:\/\/www.gulersan.com\/wp-content\/uploads\/2026\/04\/300SST-Sicak-Soguk-Yikama-Makinasi-300-Bar.jpg","width":2049,"height":1997},{"@type":"BreadcrumbList","@id":"https:\/\/www.gulersan.com\/en\/urun\/basincli-sicak-soguk-yikama-makinasi-300-bar-300sst\/#breadcrumb","itemListElement":[{"@type":"ListItem","position":1,"name":"Anasayfa","item":"https:\/\/www.gulersan.com\/en\/"},{"@type":"ListItem","position":2,"name":"\/","item":"https:\/\/www.gulersan.com\/shop\/"},{"@type":"ListItem","position":3,"name":"Tarus Temizlik Ekipmanlar\u0131","item":"https:\/\/www.gulersan.com\/en\/urun-kategori\/tarus-temizlik-ekipmanlari\/"},{"@type":"ListItem","position":4,"name":"Bas\u0131n\u00e7l\u0131 Y\u0131kama Makineleri","item":"https:\/\/www.gulersan.com\/en\/urun-kategori\/tarus-temizlik-ekipmanlari\/basincli-yikama-makineleri\/"},{"@type":"ListItem","position":5,"name":"Bas\u0131n\u00e7l\u0131 S\u0131cak So\u011fuk Y\u0131kama Makineleri","item":"https:\/\/www.gulersan.com\/en\/urun-kategori\/tarus-temizlik-ekipmanlari\/basincli-yikama-makineleri\/basincli-sicak-soguk-yikama-makineleri\/"},{"@type":"ListItem","position":6,"name":"Bas\u0131n\u00e7l\u0131 S\u0131cak So\u011fuk Y\u0131kama Makinas\u0131 300 Bar &#8211; 300SST"}]},{"@type":"WebSite","@id":"https:\/\/www.gulersan.com\/en\/#website","url":"https:\/\/www.gulersan.com\/en\/","name":"G\u00fclersan Ya\u011flama Cihazlar\u0131","description":"Ya\u011flama Makinesi | Haval\u0131 Gres Pompas\u0131 | Ya\u011flama Pompas\u0131 | Ya\u011f \u00c7ekme Pompas\u0131","publisher":{"@id":"https:\/\/www.gulersan.com\/en\/#organization"},"potentialAction":[{"@type":"SearchAction","target":{"@type":"EntryPoint","urlTemplate":"https:\/\/www.gulersan.com\/en\/?s={search_term_string}"},"query-input":{"@type":"PropertyValueSpecification","valueRequired":true,"valueName":"search_term_string"}}],"inLanguage":"en-US"},{"@type":"Organization","@id":"https:\/\/www.gulersan.com\/en\/#organization","name":"G\u00fclersan Ya\u011flama Cihazlar\u0131","url":"https:\/\/www.gulersan.com\/en\/","logo":{"@type":"ImageObject","inLanguage":"en-US","@id":"https:\/\/www.gulersan.com\/en\/#\/schema\/logo\/image\/","url":"https:\/\/www.gulersan.com\/wp-content\/uploads\/2021\/01\/gulersan-logo-tr.png","contentUrl":"https:\/\/www.gulersan.com\/wp-content\/uploads\/2021\/01\/gulersan-logo-tr.png","width":1242,"height":302,"caption":"G\u00fclersan Ya\u011flama Cihazlar\u0131"},"image":{"@id":"https:\/\/www.gulersan.com\/en\/#\/schema\/logo\/image\/"}}]}},"_links":{"self":[{"href":"https:\/\/www.gulersan.com\/en\/wp-json\/wp\/v2\/product\/14592","targetHints":{"allow":["GET"]}}],"collection":[{"href":"https:\/\/www.gulersan.com\/en\/wp-json\/wp\/v2\/product"}],"about":[{"href":"https:\/\/www.gulersan.com\/en\/wp-json\/wp\/v2\/types\/product"}],"replies":[{"embeddable":true,"href":"https:\/\/www.gulersan.com\/en\/wp-json\/wp\/v2\/comments?post=14592"}],"wp:featuredmedia":[{"embeddable":true,"href":"https:\/\/www.gulersan.com\/en\/wp-json\/wp\/v2\/media\/14576"}],"wp:attachment":[{"href":"https:\/\/www.gulersan.com\/en\/wp-json\/wp\/v2\/media?parent=14592"}],"wp:term":[{"taxonomy":"product_brand","embeddable":true,"href":"https:\/\/www.gulersan.com\/en\/wp-json\/wp\/v2\/product_brand?post=14592"},{"taxonomy":"product_cat","embeddable":true,"href":"https:\/\/www.gulersan.com\/en\/wp-json\/wp\/v2\/product_cat?post=14592"},{"taxonomy":"product_tag","embeddable":true,"href":"https:\/\/www.gulersan.com\/en\/wp-json\/wp\/v2\/product_tag?post=14592"}],"curies":[{"name":"wp","href":"https:\/\/api.w.org\/{rel}","templated":true}]}}