{"id":14623,"date":"2026-05-05T11:30:43","date_gmt":"2026-05-05T08:30:43","guid":{"rendered":"https:\/\/www.gulersan.com\/urun\/havali-kopuk-puskurtme-pompasi-9320\/"},"modified":"2026-05-05T11:30:46","modified_gmt":"2026-05-05T08:30:46","slug":"havali-kopuk-puskurtme-pompasi-9320","status":"publish","type":"product","link":"https:\/\/www.gulersan.com\/en\/urun\/havali-kopuk-puskurtme-pompasi-9320\/","title":{"rendered":"Haval\u0131 K\u00f6p\u00fck P\u00fcsk\u00fcrtme Pompas\u0131 &#8211; 9320"},"content":{"rendered":"<div class=\"row\"  id=\"row-2130290682\">\n\n\t<div id=\"col-1060729789\" class=\"col medium-6 small-12 large-6\"  >\n\t\t\t\t<div class=\"col-inner\"  >\n\t\t\t\n\t\t\t\n<h2 style=\"text-align: left;\"><span style=\"color: #000080;\"><strong>Neden 9320 Haval\u0131 K\u00f6p\u00fck P\u00fcsk\u00fcrtme Pompas\u0131 ?<\/strong><\/span><\/h2>\n<p>Hava ile \u00e7al\u0131\u015fan k\u00f6p\u00fck p\u00fcsk\u00fcrtme pompalar\u0131, y\u0131kama arabalar\u0131na, motosikletlere, ta\u015f\u0131tlara, teknelere ve benzeri \u015feylere toksik olmayan deterjanlar p\u00fcsk\u00fcrtmek \u00fczere \u00fcretilmi\u015ftir. Ayn\u0131 zamanda d\u00fc\u015f\u00fck yo\u011funluklu ak\u0131\u015fkanlar\u0131n p\u00fcsk\u00fcrt\u00fclmesine imkan tan\u0131r. S\u00fcrekli hava ba\u011flant\u0131s\u0131 gerektirmeyen tank i\u00e7erisindeki bas\u0131n\u00e7l\u0131 hava ile \u00e7al\u0131\u015f\u0131r.<\/p>\n<p><img loading=\"lazy\" decoding=\"async\" class=\"alignnone wp-image-12103\" style=\"margin-top: 15px;\" src=\"https:\/\/www.tarustemizlik.com\/wp-content\/uploads\/2021\/05\/kopuk-puskurtme-ikon-800x385.png\" alt=\"\" width=\"314\" height=\"151\" \/><\/p>\n<h3 style=\"margin-top: 30px;\"><img loading=\"lazy\" decoding=\"async\" class=\"alignnone wp-image-7305\" src=\"https:\/\/www.gulersan.com\/wp-content\/uploads\/2021\/01\/pdf.png\" sizes=\"auto, (max-width: 64px) 100vw, 64px\" srcset=\"https:\/\/www.gulersan.com\/wp-content\/uploads\/2021\/01\/pdf.png 400w, https:\/\/www.gulersan.com\/wp-content\/uploads\/2021\/01\/pdf-280x280.png 280w, https:\/\/www.gulersan.com\/wp-content\/uploads\/2021\/01\/pdf-100x100.png 100w\" alt=\"\" width=\"64\" height=\"64\" \/> <a href=\"https:\/\/www.tarustemizlik.com\/wp-content\/uploads\/pdftalimatlar\/kopuksivipuskurtmapompasi.pdf\">Kullan\u0131m ve Bak\u0131m K\u0131lavuzu<\/a><\/h3>\n\t\t<\/div>\n\t\t\t\t\t<\/div>\n\n\t\n\n\t<div id=\"col-1319889150\" class=\"col medium-6 small-12 large-6\"  >\n\t\t\t\t<div class=\"col-inner\"  >\n\t\t\t\n\t\t\t\n<h2 style=\"text-align: left; margin-bottom: 10px; font-weight: bold; border-bottom: 4px solid #000; padding-bottom: 5px;\">\u00d6zellikler<\/h2>\n<table style=\"width: 100%; border-collapse: collapse; table-layout: fixed;\" border=\"0\" cellspacing=\"0\" cellpadding=\"10\" bgcolor=\"#f7f7f7\">\n<tbody>\n<tr style=\"border-bottom: 1px solid #ddd;\">\n<td style=\"padding: 10px; width: 50%;\"><strong>Model<\/strong><\/td>\n<td style=\"padding: 10px; width: 50%; text-align: right;\">9320<\/td>\n<\/tr>\n<tr style=\"border-bottom: 1px solid #ddd;\" bgcolor=\"#ffffff\">\n<td style=\"padding: 10px; width: 50%;\"><strong>\u00c7al\u0131\u015fma Tipi<\/strong><\/td>\n<td style=\"padding: 10px; width: 50%; text-align: right;\">Haval\u0131<\/td>\n<\/tr>\n<tr style=\"border-bottom: 1px solid #ddd;\">\n<td style=\"padding: 10px; width: 50%;\"><strong>\u00c7al\u0131\u015fma Bas\u0131nc\u0131<\/strong><\/td>\n<td style=\"padding: 10px; width: 50%; text-align: right;\">5 Bar<\/td>\n<\/tr>\n<tr style=\"border-bottom: 1px solid #ddd;\" bgcolor=\"#ffffff\">\n<td style=\"padding: 10px; width: 50%;\"><strong>Kapasite<\/strong><\/td>\n<td style=\"padding: 10px; width: 50%; text-align: right;\">24 Lt<\/td>\n<\/tr>\n<tr style=\"border-bottom: 1px solid #ddd;\">\n<td style=\"padding: 10px; width: 50%;\"><strong>Hortum \u00d6l\u00e7\u00fcs\u00fc<\/strong><\/td>\n<td style=\"padding: 10px; width: 50%; text-align: right;\">8 Mm<\/td>\n<\/tr>\n<tr style=\"border-bottom: 1px solid #ddd;\" bgcolor=\"#ffffff\">\n<td style=\"padding: 10px; width: 50%;\"><strong>Hortum Uzunlu\u011fu<\/strong><\/td>\n<td style=\"padding: 10px; width: 50%; text-align: right;\">5 Mt<\/td>\n<\/tr>\n<tr style=\"border-bottom: 1px solid #ddd;\">\n<td style=\"padding: 10px; width: 50%;\"><strong>Ambalaj \u00d6l\u00e7\u00fcs\u00fc<\/strong><\/td>\n<td style=\"padding: 10px; width: 50%; text-align: right;\">40x40x93 Cm<\/td>\n<\/tr>\n<tr style=\"border-bottom: 1px solid #ddd;\" bgcolor=\"#ffffff\">\n<td style=\"padding: 10px; width: 50%;\"><strong>A\u011f\u0131rl\u0131k<\/strong><\/td>\n<td style=\"padding: 10px; width: 50%; text-align: right;\">14.61 Kg<\/td>\n<\/tr>\n<tr style=\"border-bottom: 1px solid #ddd;\">\n<td style=\"padding: 10px; width: 50%;\"><strong>Garanti<\/strong><\/td>\n<td style=\"padding: 10px; width: 50%; text-align: right;\">24 Ay<\/td>\n<\/tr>\n<\/tbody>\n<\/table>\n\t\t<\/div>\n\t\t\t\t\t<\/div>\n\n\t\n<\/div>\n<div class=\"row\"  id=\"row-399740360\">\n\n\t<div id=\"col-80486546\" class=\"col small-12 large-12\"  >\n\t\t\t\t<div class=\"col-inner\"  >\n\t\t\t\n\t\t\t\n\t\t<\/div>\n\t\t\t\t\t<\/div>\n\n\t\n<\/div>\n","protected":false},"excerpt":{"rendered":"","protected":false},"featured_media":14624,"comment_status":"closed","ping_status":"open","template":"","meta":[],"product_brand":[785],"product_cat":[1389,137],"product_tag":[],"class_list":{"0":"post-14623","1":"product","2":"type-product","3":"status-publish","4":"has-post-thumbnail","6":"product_brand-tarus","7":"product_cat-kopuk-puskurtme-pompalari","8":"product_cat-kopuk-ve-sivi-puskurtme-pompalari","10":"first","11":"instock","12":"product-type-simple"},"yoast_head":"<!-- This site is optimized with the Yoast SEO plugin v27.6 - https:\/\/yoast.com\/product\/yoast-seo-wordpress\/ -->\n<title>Haval\u0131 K\u00f6p\u00fck P\u00fcsk\u00fcrtme Pompas\u0131 - 9320 - G\u00fclersan Ya\u011flama Cihazlar\u0131<\/title>\n<meta name=\"robots\" content=\"index, follow, max-snippet:-1, max-image-preview:large, max-video-preview:-1\" \/>\n<link rel=\"canonical\" href=\"https:\/\/www.gulersan.com\/en\/urun\/havali-kopuk-puskurtme-pompasi-9320\/\" \/>\n<meta property=\"og:locale\" content=\"en_US\" \/>\n<meta property=\"og:type\" content=\"article\" \/>\n<meta property=\"og:title\" content=\"Haval\u0131 K\u00f6p\u00fck P\u00fcsk\u00fcrtme Pompas\u0131 - 9320 - G\u00fclersan Ya\u011flama Cihazlar\u0131\" \/>\n<meta property=\"og:url\" content=\"https:\/\/www.gulersan.com\/en\/urun\/havali-kopuk-puskurtme-pompasi-9320\/\" \/>\n<meta property=\"og:site_name\" content=\"G\u00fclersan Ya\u011flama Cihazlar\u0131\" \/>\n<meta property=\"article:modified_time\" content=\"2026-05-05T08:30:46+00:00\" \/>\n<meta property=\"og:image\" content=\"https:\/\/www.gulersan.com\/wp-content\/uploads\/2026\/05\/9320-9120.jpg\" \/>\n\t<meta property=\"og:image:width\" content=\"497\" \/>\n\t<meta property=\"og:image:height\" content=\"496\" \/>\n\t<meta property=\"og:image:type\" content=\"image\/jpeg\" \/>\n<meta name=\"twitter:card\" content=\"summary_large_image\" \/>\n<meta name=\"twitter:label1\" content=\"Est. reading time\" \/>\n\t<meta name=\"twitter:data1\" content=\"1 minute\" \/>\n<script type=\"application\/ld+json\" class=\"yoast-schema-graph\">{\"@context\":\"https:\\\/\\\/schema.org\",\"@graph\":[{\"@type\":\"WebPage\",\"@id\":\"https:\\\/\\\/www.gulersan.com\\\/en\\\/urun\\\/havali-kopuk-puskurtme-pompasi-9320\\\/\",\"url\":\"https:\\\/\\\/www.gulersan.com\\\/en\\\/urun\\\/havali-kopuk-puskurtme-pompasi-9320\\\/\",\"name\":\"Haval\u0131 K\u00f6p\u00fck P\u00fcsk\u00fcrtme Pompas\u0131 - 9320 - G\u00fclersan Ya\u011flama Cihazlar\u0131\",\"isPartOf\":{\"@id\":\"https:\\\/\\\/www.gulersan.com\\\/en\\\/#website\"},\"primaryImageOfPage\":{\"@id\":\"https:\\\/\\\/www.gulersan.com\\\/en\\\/urun\\\/havali-kopuk-puskurtme-pompasi-9320\\\/#primaryimage\"},\"image\":{\"@id\":\"https:\\\/\\\/www.gulersan.com\\\/en\\\/urun\\\/havali-kopuk-puskurtme-pompasi-9320\\\/#primaryimage\"},\"thumbnailUrl\":\"https:\\\/\\\/www.gulersan.com\\\/wp-content\\\/uploads\\\/2026\\\/05\\\/9320-9120.jpg\",\"datePublished\":\"2026-05-05T08:30:43+00:00\",\"dateModified\":\"2026-05-05T08:30:46+00:00\",\"breadcrumb\":{\"@id\":\"https:\\\/\\\/www.gulersan.com\\\/en\\\/urun\\\/havali-kopuk-puskurtme-pompasi-9320\\\/#breadcrumb\"},\"inLanguage\":\"en-US\",\"potentialAction\":[{\"@type\":\"ReadAction\",\"target\":[\"https:\\\/\\\/www.gulersan.com\\\/en\\\/urun\\\/havali-kopuk-puskurtme-pompasi-9320\\\/\"]}]},{\"@type\":\"ImageObject\",\"inLanguage\":\"en-US\",\"@id\":\"https:\\\/\\\/www.gulersan.com\\\/en\\\/urun\\\/havali-kopuk-puskurtme-pompasi-9320\\\/#primaryimage\",\"url\":\"https:\\\/\\\/www.gulersan.com\\\/wp-content\\\/uploads\\\/2026\\\/05\\\/9320-9120.jpg\",\"contentUrl\":\"https:\\\/\\\/www.gulersan.com\\\/wp-content\\\/uploads\\\/2026\\\/05\\\/9320-9120.jpg\",\"width\":497,\"height\":496},{\"@type\":\"BreadcrumbList\",\"@id\":\"https:\\\/\\\/www.gulersan.com\\\/en\\\/urun\\\/havali-kopuk-puskurtme-pompasi-9320\\\/#breadcrumb\",\"itemListElement\":[{\"@type\":\"ListItem\",\"position\":1,\"name\":\"Anasayfa\",\"item\":\"https:\\\/\\\/www.gulersan.com\\\/en\\\/\"},{\"@type\":\"ListItem\",\"position\":2,\"name\":\"\\\/\",\"item\":\"https:\\\/\\\/www.gulersan.com\\\/shop\\\/\"},{\"@type\":\"ListItem\",\"position\":3,\"name\":\"Tarus Temizlik Ekipmanlar\u0131\",\"item\":\"https:\\\/\\\/www.gulersan.com\\\/en\\\/urun-kategori\\\/tarus-temizlik-ekipmanlari\\\/\"},{\"@type\":\"ListItem\",\"position\":4,\"name\":\"Foam and Liquid Sprayer Pumps\",\"item\":\"https:\\\/\\\/www.gulersan.com\\\/en\\\/urun-kategori\\\/foam-and-liquid-sprayer-pumps\\\/\"},{\"@type\":\"ListItem\",\"position\":5,\"name\":\"K\u00f6p\u00fck P\u00fcsk\u00fcrtme Pompalar\u0131\",\"item\":\"https:\\\/\\\/www.gulersan.com\\\/en\\\/urun-kategori\\\/tarus-temizlik-ekipmanlari\\\/kopuk-ve-sivi-puskurtme-pompalari\\\/kopuk-puskurtme-pompalari\\\/\"},{\"@type\":\"ListItem\",\"position\":6,\"name\":\"Haval\u0131 K\u00f6p\u00fck P\u00fcsk\u00fcrtme Pompas\u0131 &#8211; 9320\"}]},{\"@type\":\"WebSite\",\"@id\":\"https:\\\/\\\/www.gulersan.com\\\/en\\\/#website\",\"url\":\"https:\\\/\\\/www.gulersan.com\\\/en\\\/\",\"name\":\"G\u00fclersan Ya\u011flama Cihazlar\u0131\",\"description\":\"Ya\u011flama Makinesi | Haval\u0131 Gres Pompas\u0131 | Ya\u011flama Pompas\u0131 | Ya\u011f \u00c7ekme Pompas\u0131\",\"publisher\":{\"@id\":\"https:\\\/\\\/www.gulersan.com\\\/en\\\/#organization\"},\"potentialAction\":[{\"@type\":\"SearchAction\",\"target\":{\"@type\":\"EntryPoint\",\"urlTemplate\":\"https:\\\/\\\/www.gulersan.com\\\/en\\\/?s={search_term_string}\"},\"query-input\":{\"@type\":\"PropertyValueSpecification\",\"valueRequired\":true,\"valueName\":\"search_term_string\"}}],\"inLanguage\":\"en-US\"},{\"@type\":\"Organization\",\"@id\":\"https:\\\/\\\/www.gulersan.com\\\/en\\\/#organization\",\"name\":\"G\u00fclersan Ya\u011flama Cihazlar\u0131\",\"url\":\"https:\\\/\\\/www.gulersan.com\\\/en\\\/\",\"logo\":{\"@type\":\"ImageObject\",\"inLanguage\":\"en-US\",\"@id\":\"https:\\\/\\\/www.gulersan.com\\\/en\\\/#\\\/schema\\\/logo\\\/image\\\/\",\"url\":\"https:\\\/\\\/www.gulersan.com\\\/wp-content\\\/uploads\\\/2021\\\/01\\\/gulersan-logo-tr.png\",\"contentUrl\":\"https:\\\/\\\/www.gulersan.com\\\/wp-content\\\/uploads\\\/2021\\\/01\\\/gulersan-logo-tr.png\",\"width\":1242,\"height\":302,\"caption\":\"G\u00fclersan Ya\u011flama Cihazlar\u0131\"},\"image\":{\"@id\":\"https:\\\/\\\/www.gulersan.com\\\/en\\\/#\\\/schema\\\/logo\\\/image\\\/\"}}]}<\/script>\n<!-- \/ Yoast SEO plugin. -->","yoast_head_json":{"title":"Haval\u0131 K\u00f6p\u00fck P\u00fcsk\u00fcrtme Pompas\u0131 - 9320 - G\u00fclersan Ya\u011flama Cihazlar\u0131","robots":{"index":"index","follow":"follow","max-snippet":"max-snippet:-1","max-image-preview":"max-image-preview:large","max-video-preview":"max-video-preview:-1"},"canonical":"https:\/\/www.gulersan.com\/en\/urun\/havali-kopuk-puskurtme-pompasi-9320\/","og_locale":"en_US","og_type":"article","og_title":"Haval\u0131 K\u00f6p\u00fck P\u00fcsk\u00fcrtme Pompas\u0131 - 9320 - G\u00fclersan Ya\u011flama Cihazlar\u0131","og_url":"https:\/\/www.gulersan.com\/en\/urun\/havali-kopuk-puskurtme-pompasi-9320\/","og_site_name":"G\u00fclersan Ya\u011flama Cihazlar\u0131","article_modified_time":"2026-05-05T08:30:46+00:00","og_image":[{"width":497,"height":496,"url":"https:\/\/www.gulersan.com\/wp-content\/uploads\/2026\/05\/9320-9120.jpg","type":"image\/jpeg"}],"twitter_card":"summary_large_image","twitter_misc":{"Est. reading time":"1 minute"},"schema":{"@context":"https:\/\/schema.org","@graph":[{"@type":"WebPage","@id":"https:\/\/www.gulersan.com\/en\/urun\/havali-kopuk-puskurtme-pompasi-9320\/","url":"https:\/\/www.gulersan.com\/en\/urun\/havali-kopuk-puskurtme-pompasi-9320\/","name":"Haval\u0131 K\u00f6p\u00fck P\u00fcsk\u00fcrtme Pompas\u0131 - 9320 - G\u00fclersan Ya\u011flama Cihazlar\u0131","isPartOf":{"@id":"https:\/\/www.gulersan.com\/en\/#website"},"primaryImageOfPage":{"@id":"https:\/\/www.gulersan.com\/en\/urun\/havali-kopuk-puskurtme-pompasi-9320\/#primaryimage"},"image":{"@id":"https:\/\/www.gulersan.com\/en\/urun\/havali-kopuk-puskurtme-pompasi-9320\/#primaryimage"},"thumbnailUrl":"https:\/\/www.gulersan.com\/wp-content\/uploads\/2026\/05\/9320-9120.jpg","datePublished":"2026-05-05T08:30:43+00:00","dateModified":"2026-05-05T08:30:46+00:00","breadcrumb":{"@id":"https:\/\/www.gulersan.com\/en\/urun\/havali-kopuk-puskurtme-pompasi-9320\/#breadcrumb"},"inLanguage":"en-US","potentialAction":[{"@type":"ReadAction","target":["https:\/\/www.gulersan.com\/en\/urun\/havali-kopuk-puskurtme-pompasi-9320\/"]}]},{"@type":"ImageObject","inLanguage":"en-US","@id":"https:\/\/www.gulersan.com\/en\/urun\/havali-kopuk-puskurtme-pompasi-9320\/#primaryimage","url":"https:\/\/www.gulersan.com\/wp-content\/uploads\/2026\/05\/9320-9120.jpg","contentUrl":"https:\/\/www.gulersan.com\/wp-content\/uploads\/2026\/05\/9320-9120.jpg","width":497,"height":496},{"@type":"BreadcrumbList","@id":"https:\/\/www.gulersan.com\/en\/urun\/havali-kopuk-puskurtme-pompasi-9320\/#breadcrumb","itemListElement":[{"@type":"ListItem","position":1,"name":"Anasayfa","item":"https:\/\/www.gulersan.com\/en\/"},{"@type":"ListItem","position":2,"name":"\/","item":"https:\/\/www.gulersan.com\/shop\/"},{"@type":"ListItem","position":3,"name":"Tarus Temizlik Ekipmanlar\u0131","item":"https:\/\/www.gulersan.com\/en\/urun-kategori\/tarus-temizlik-ekipmanlari\/"},{"@type":"ListItem","position":4,"name":"Foam and Liquid Sprayer Pumps","item":"https:\/\/www.gulersan.com\/en\/urun-kategori\/foam-and-liquid-sprayer-pumps\/"},{"@type":"ListItem","position":5,"name":"K\u00f6p\u00fck P\u00fcsk\u00fcrtme Pompalar\u0131","item":"https:\/\/www.gulersan.com\/en\/urun-kategori\/tarus-temizlik-ekipmanlari\/kopuk-ve-sivi-puskurtme-pompalari\/kopuk-puskurtme-pompalari\/"},{"@type":"ListItem","position":6,"name":"Haval\u0131 K\u00f6p\u00fck P\u00fcsk\u00fcrtme Pompas\u0131 &#8211; 9320"}]},{"@type":"WebSite","@id":"https:\/\/www.gulersan.com\/en\/#website","url":"https:\/\/www.gulersan.com\/en\/","name":"G\u00fclersan Ya\u011flama Cihazlar\u0131","description":"Ya\u011flama Makinesi | Haval\u0131 Gres Pompas\u0131 | Ya\u011flama Pompas\u0131 | Ya\u011f \u00c7ekme Pompas\u0131","publisher":{"@id":"https:\/\/www.gulersan.com\/en\/#organization"},"potentialAction":[{"@type":"SearchAction","target":{"@type":"EntryPoint","urlTemplate":"https:\/\/www.gulersan.com\/en\/?s={search_term_string}"},"query-input":{"@type":"PropertyValueSpecification","valueRequired":true,"valueName":"search_term_string"}}],"inLanguage":"en-US"},{"@type":"Organization","@id":"https:\/\/www.gulersan.com\/en\/#organization","name":"G\u00fclersan Ya\u011flama Cihazlar\u0131","url":"https:\/\/www.gulersan.com\/en\/","logo":{"@type":"ImageObject","inLanguage":"en-US","@id":"https:\/\/www.gulersan.com\/en\/#\/schema\/logo\/image\/","url":"https:\/\/www.gulersan.com\/wp-content\/uploads\/2021\/01\/gulersan-logo-tr.png","contentUrl":"https:\/\/www.gulersan.com\/wp-content\/uploads\/2021\/01\/gulersan-logo-tr.png","width":1242,"height":302,"caption":"G\u00fclersan Ya\u011flama Cihazlar\u0131"},"image":{"@id":"https:\/\/www.gulersan.com\/en\/#\/schema\/logo\/image\/"}}]}},"_links":{"self":[{"href":"https:\/\/www.gulersan.com\/en\/wp-json\/wp\/v2\/product\/14623","targetHints":{"allow":["GET"]}}],"collection":[{"href":"https:\/\/www.gulersan.com\/en\/wp-json\/wp\/v2\/product"}],"about":[{"href":"https:\/\/www.gulersan.com\/en\/wp-json\/wp\/v2\/types\/product"}],"replies":[{"embeddable":true,"href":"https:\/\/www.gulersan.com\/en\/wp-json\/wp\/v2\/comments?post=14623"}],"wp:featuredmedia":[{"embeddable":true,"href":"https:\/\/www.gulersan.com\/en\/wp-json\/wp\/v2\/media\/14624"}],"wp:attachment":[{"href":"https:\/\/www.gulersan.com\/en\/wp-json\/wp\/v2\/media?parent=14623"}],"wp:term":[{"taxonomy":"product_brand","embeddable":true,"href":"https:\/\/www.gulersan.com\/en\/wp-json\/wp\/v2\/product_brand?post=14623"},{"taxonomy":"product_cat","embeddable":true,"href":"https:\/\/www.gulersan.com\/en\/wp-json\/wp\/v2\/product_cat?post=14623"},{"taxonomy":"product_tag","embeddable":true,"href":"https:\/\/www.gulersan.com\/en\/wp-json\/wp\/v2\/product_tag?post=14623"}],"curies":[{"name":"wp","href":"https:\/\/api.w.org\/{rel}","templated":true}]}}