{"id":14650,"date":"2026-05-05T11:30:43","date_gmt":"2026-05-05T08:30:43","guid":{"rendered":"https:\/\/www.gulersan.com\/urun\/sicak-hava-ureticisi-ahtapot-sun68\/"},"modified":"2026-05-05T11:31:03","modified_gmt":"2026-05-05T08:31:03","slug":"sicak-hava-ureticisi-ahtapot-sun68","status":"publish","type":"product","link":"https:\/\/www.gulersan.com\/en\/urun\/sicak-hava-ureticisi-ahtapot-sun68\/","title":{"rendered":"S\u0131cak Hava \u00dcreticisi Ahtapot &#8211; SUN68"},"content":{"rendered":"<div class=\"row\"  id=\"row-1056635503\">\n\n\t<div id=\"col-1800710284\" class=\"col medium-6 small-12 large-6\"  >\n\t\t\t\t<div class=\"col-inner\"  >\n\t\t\t\n\t\t\t\n<h2 style=\"text-align: left;\"><span style=\"color: #000080;\"><strong>Neden S\u0131cak Hava \u00dcreticisi Ahtapot &#8211;\u00a0<\/strong><\/span><span style=\"color: #000080;\"><strong>SUN68\u00a0<\/strong><\/span><span style=\"color: #000080;\"><strong>?<\/strong><\/span><\/h2>\n<p>Detayl\u0131 i\u00e7 temizlik i\u015flerini yapan firmalar ara\u00e7 temizli\u011fini yapt\u0131ktan sonra arac\u0131 en h\u0131zl\u0131 \u015fekilde m\u00fc\u015fterilerine teslim edebilmek i\u00e7in arac\u0131 kurutmaya ihtiya\u00e7 duyar. Bu \u00fcr\u00fcn sayesinde h\u0131zl\u0131 ve pratik bir \u015fekilde temizlik i\u015flerinizi sonland\u0131rabilirsiniz. S\u0131cak havan\u0131n gerekli oldu\u011fu her yerde kullanabilirsiniz. Her kol ba\u011f\u0131ms\u0131z \u0131s\u0131da \u00e7al\u0131\u015f\u0131r.<\/p>\n\t\t<\/div>\n\t\t\t\t\t<\/div>\n\n\t\n\n\t<div id=\"col-1244882518\" class=\"col medium-6 small-12 large-6\"  >\n\t\t\t\t<div class=\"col-inner\"  >\n\t\t\t\n\t\t\t\n<h2 style=\"text-align: left; margin-bottom: 10px; font-weight: bold; border-bottom: 4px solid #000; padding-bottom: 5px;\">\u00d6zellikler (M Model)<\/h2>\n<table style=\"width: 100%; border-collapse: collapse; table-layout: fixed;\" border=\"0\" cellspacing=\"0\" cellpadding=\"10\" bgcolor=\"#f7f7f7\">\n<tbody>\n<tr style=\"border-bottom: 1px solid #ddd;\">\n<td style=\"padding: 10px;\"><strong>Model<\/strong><\/td>\n<td style=\"padding: 10px;\">M<\/td>\n<\/tr>\n<tr style=\"border-bottom: 1px solid #ddd;\" bgcolor=\"#ffffff\">\n<td style=\"padding: 10px;\"><strong>Voltaj<\/strong><\/td>\n<td style=\"padding: 10px;\">220 V<\/td>\n<\/tr>\n<tr style=\"border-bottom: 1px solid #ddd;\">\n<td style=\"padding: 10px;\"><strong>Motor G\u00fcc\u00fc<\/strong><\/td>\n<td style=\"padding: 10px;\">370 W<\/td>\n<\/tr>\n<tr style=\"border-bottom: 1px solid #ddd;\" bgcolor=\"#ffffff\">\n<td style=\"padding: 10px;\"><strong>Hortum \u00c7ap\u0131<\/strong><\/td>\n<td style=\"padding: 10px;\">50 Mm<\/td>\n<\/tr>\n<tr style=\"border-bottom: 1px solid #ddd;\">\n<td style=\"padding: 10px;\"><strong>Hortum Uzunlu\u011fu<\/strong><\/td>\n<td style=\"padding: 10px;\">4 \u00d7 2,5 Mt<\/td>\n<\/tr>\n<tr style=\"border-bottom: 1px solid #ddd;\" bgcolor=\"#ffffff\">\n<td style=\"padding: 10px;\"><strong>Devir<\/strong><\/td>\n<td style=\"padding: 10px;\">2800 Devir\/Dk<\/td>\n<\/tr>\n<tr style=\"border-bottom: 1px solid #ddd;\">\n<td style=\"padding: 10px;\"><strong>Debi<\/strong><\/td>\n<td style=\"padding: 10px;\">1950 m\u00b3\/h<\/td>\n<\/tr>\n<tr style=\"border-bottom: 1px solid #ddd;\" bgcolor=\"#ffffff\">\n<td style=\"padding: 10px;\"><strong>Kablo<\/strong><\/td>\n<td style=\"padding: 10px;\">5 Mt<\/td>\n<\/tr>\n<tr style=\"border-bottom: 1px solid #ddd;\">\n<td style=\"padding: 10px;\"><strong>Rezistans<\/strong><\/td>\n<td style=\"padding: 10px;\">1500 W x 4<\/td>\n<\/tr>\n<tr style=\"border-bottom: 1px solid #ddd;\" bgcolor=\"#ffffff\">\n<td style=\"padding: 10px;\"><strong>S\u0131cakl\u0131k<\/strong><\/td>\n<td style=\"padding: 10px;\">30-90\u00b0<\/td>\n<\/tr>\n<tr style=\"border-bottom: 1px solid #ddd;\">\n<td style=\"padding: 10px;\"><strong>Ses<\/strong><\/td>\n<td style=\"padding: 10px;\">75 dB<\/td>\n<\/tr>\n<tr style=\"border-bottom: 1px solid #ddd;\" bgcolor=\"#ffffff\">\n<td style=\"padding: 10px;\"><strong>Koli \u00d6l\u00e7\u00fcs\u00fc<\/strong><\/td>\n<td style=\"padding: 10px;\">48x48x81 Cm<\/td>\n<\/tr>\n<tr style=\"border-bottom: 1px solid #ddd;\">\n<td style=\"padding: 10px;\"><strong>A\u011f\u0131rl\u0131k<\/strong><\/td>\n<td style=\"padding: 10px;\">22 Kg<\/td>\n<\/tr>\n<tr style=\"border-bottom: 1px solid #ddd;\" bgcolor=\"#ffffff\">\n<td style=\"padding: 10px;\"><strong>Garanti<\/strong><\/td>\n<td style=\"padding: 10px;\">24 Ay<\/td>\n<\/tr>\n<\/tbody>\n<\/table>\n<h2 style=\"text-align: left; margin-bottom: 10px; font-weight: bold; border-bottom: 4px solid #000; padding-bottom: 5px;\">\u00d6zellikler (T Model)<\/h2>\n<table style=\"width: 100%; border-collapse: collapse; table-layout: fixed;\" border=\"0\" cellspacing=\"0\" cellpadding=\"10\" bgcolor=\"#f7f7f7\">\n<tbody>\n<tr style=\"border-bottom: 1px solid #ddd;\">\n<td style=\"padding: 10px;\"><strong>Model<\/strong><\/td>\n<td style=\"padding: 10px;\">T<\/td>\n<\/tr>\n<tr style=\"border-bottom: 1px solid #ddd;\" bgcolor=\"#ffffff\">\n<td style=\"padding: 10px;\"><strong>Voltaj<\/strong><\/td>\n<td style=\"padding: 10px;\">380 V<\/td>\n<\/tr>\n<tr style=\"border-bottom: 1px solid #ddd;\">\n<td style=\"padding: 10px;\"><strong>Motor G\u00fcc\u00fc<\/strong><\/td>\n<td style=\"padding: 10px;\">370 W<\/td>\n<\/tr>\n<tr style=\"border-bottom: 1px solid #ddd;\" bgcolor=\"#ffffff\">\n<td style=\"padding: 10px;\"><strong>Hortum \u00c7ap\u0131<\/strong><\/td>\n<td style=\"padding: 10px;\">50 Mm<\/td>\n<\/tr>\n<tr style=\"border-bottom: 1px solid #ddd;\">\n<td style=\"padding: 10px;\"><strong>Hortum Uzunlu\u011fu<\/strong><\/td>\n<td style=\"padding: 10px;\">4 \u00d7 2,5 Mt<\/td>\n<\/tr>\n<tr style=\"border-bottom: 1px solid #ddd;\" bgcolor=\"#ffffff\">\n<td style=\"padding: 10px;\"><strong>Devir<\/strong><\/td>\n<td style=\"padding: 10px;\">2960 Devir\/Dk<\/td>\n<\/tr>\n<tr style=\"border-bottom: 1px solid #ddd;\">\n<td style=\"padding: 10px;\"><strong>Debi<\/strong><\/td>\n<td style=\"padding: 10px;\">1800 m\u00b3\/h<\/td>\n<\/tr>\n<tr style=\"border-bottom: 1px solid #ddd;\" bgcolor=\"#ffffff\">\n<td style=\"padding: 10px;\"><strong>Kablo<\/strong><\/td>\n<td style=\"padding: 10px;\">5 Mt<\/td>\n<\/tr>\n<tr style=\"border-bottom: 1px solid #ddd;\">\n<td style=\"padding: 10px;\"><strong>Rezistans<\/strong><\/td>\n<td style=\"padding: 10px;\">1500 W x 4<\/td>\n<\/tr>\n<tr style=\"border-bottom: 1px solid #ddd;\" bgcolor=\"#ffffff\">\n<td style=\"padding: 10px;\"><strong>S\u0131cakl\u0131k<\/strong><\/td>\n<td style=\"padding: 10px;\">30-90\u00b0<\/td>\n<\/tr>\n<tr style=\"border-bottom: 1px solid #ddd;\">\n<td style=\"padding: 10px;\"><strong>Ses<\/strong><\/td>\n<td style=\"padding: 10px;\">75 dB<\/td>\n<\/tr>\n<tr style=\"border-bottom: 1px solid #ddd;\" bgcolor=\"#ffffff\">\n<td style=\"padding: 10px;\"><strong>Koli \u00d6l\u00e7\u00fcs\u00fc<\/strong><\/td>\n<td style=\"padding: 10px;\">48x48x81 Cm<\/td>\n<\/tr>\n<tr style=\"border-bottom: 1px solid #ddd;\">\n<td style=\"padding: 10px;\"><strong>A\u011f\u0131rl\u0131k<\/strong><\/td>\n<td style=\"padding: 10px;\">22 Kg<\/td>\n<\/tr>\n<tr style=\"border-bottom: 1px solid #ddd;\" bgcolor=\"#ffffff\">\n<td style=\"padding: 10px;\"><strong>Garanti<\/strong><\/td>\n<td style=\"padding: 10px;\">24 Ay<\/td>\n<\/tr>\n<\/tbody>\n<\/table>\n\t\t<\/div>\n\t\t\t\t\t<\/div>\n\n\t\n<\/div>\n<div class=\"row\"  id=\"row-281293756\">\n\n\t<div id=\"col-1825950131\" class=\"col small-12 large-12\"  >\n\t\t\t\t<div class=\"col-inner\"  >\n\t\t\t\n\t\t\t\n\t\t<\/div>\n\t\t\t\t\t<\/div>\n\n\t\n<\/div>\n","protected":false},"excerpt":{"rendered":"","protected":false},"featured_media":14651,"comment_status":"closed","ping_status":"open","template":"","meta":[],"product_brand":[785],"product_cat":[1395],"product_tag":[],"class_list":{"0":"post-14650","1":"product","2":"type-product","3":"status-publish","4":"has-post-thumbnail","6":"product_brand-tarus","7":"product_cat-oto-kuafor-malzemeleri","9":"first","10":"instock","11":"product-type-simple"},"yoast_head":"<!-- This site is optimized with the Yoast SEO plugin v27.6 - https:\/\/yoast.com\/product\/yoast-seo-wordpress\/ -->\n<title>S\u0131cak Hava \u00dcreticisi Ahtapot - SUN68 - G\u00fclersan Ya\u011flama Cihazlar\u0131<\/title>\n<meta name=\"robots\" content=\"index, follow, max-snippet:-1, max-image-preview:large, max-video-preview:-1\" \/>\n<link rel=\"canonical\" href=\"https:\/\/www.gulersan.com\/en\/urun\/sicak-hava-ureticisi-ahtapot-sun68\/\" \/>\n<meta property=\"og:locale\" content=\"en_US\" \/>\n<meta property=\"og:type\" content=\"article\" \/>\n<meta property=\"og:title\" content=\"S\u0131cak Hava \u00dcreticisi Ahtapot - SUN68 - G\u00fclersan Ya\u011flama Cihazlar\u0131\" \/>\n<meta property=\"og:url\" content=\"https:\/\/www.gulersan.com\/en\/urun\/sicak-hava-ureticisi-ahtapot-sun68\/\" \/>\n<meta property=\"og:site_name\" content=\"G\u00fclersan Ya\u011flama Cihazlar\u0131\" \/>\n<meta property=\"article:modified_time\" content=\"2026-05-05T08:31:03+00:00\" \/>\n<meta property=\"og:image\" content=\"https:\/\/www.gulersan.com\/wp-content\/uploads\/2026\/05\/sicak-hava-ahtapotu-sun68.jpg\" \/>\n\t<meta property=\"og:image:width\" content=\"1001\" \/>\n\t<meta property=\"og:image:height\" content=\"1001\" \/>\n\t<meta property=\"og:image:type\" content=\"image\/jpeg\" \/>\n<meta name=\"twitter:card\" content=\"summary_large_image\" \/>\n<meta name=\"twitter:label1\" content=\"Est. reading time\" \/>\n\t<meta name=\"twitter:data1\" content=\"1 minute\" \/>\n<script type=\"application\/ld+json\" class=\"yoast-schema-graph\">{\"@context\":\"https:\\\/\\\/schema.org\",\"@graph\":[{\"@type\":\"WebPage\",\"@id\":\"https:\\\/\\\/www.gulersan.com\\\/en\\\/urun\\\/sicak-hava-ureticisi-ahtapot-sun68\\\/\",\"url\":\"https:\\\/\\\/www.gulersan.com\\\/en\\\/urun\\\/sicak-hava-ureticisi-ahtapot-sun68\\\/\",\"name\":\"S\u0131cak Hava \u00dcreticisi Ahtapot - SUN68 - G\u00fclersan Ya\u011flama Cihazlar\u0131\",\"isPartOf\":{\"@id\":\"https:\\\/\\\/www.gulersan.com\\\/en\\\/#website\"},\"primaryImageOfPage\":{\"@id\":\"https:\\\/\\\/www.gulersan.com\\\/en\\\/urun\\\/sicak-hava-ureticisi-ahtapot-sun68\\\/#primaryimage\"},\"image\":{\"@id\":\"https:\\\/\\\/www.gulersan.com\\\/en\\\/urun\\\/sicak-hava-ureticisi-ahtapot-sun68\\\/#primaryimage\"},\"thumbnailUrl\":\"https:\\\/\\\/www.gulersan.com\\\/wp-content\\\/uploads\\\/2026\\\/05\\\/sicak-hava-ahtapotu-sun68.jpg\",\"datePublished\":\"2026-05-05T08:30:43+00:00\",\"dateModified\":\"2026-05-05T08:31:03+00:00\",\"breadcrumb\":{\"@id\":\"https:\\\/\\\/www.gulersan.com\\\/en\\\/urun\\\/sicak-hava-ureticisi-ahtapot-sun68\\\/#breadcrumb\"},\"inLanguage\":\"en-US\",\"potentialAction\":[{\"@type\":\"ReadAction\",\"target\":[\"https:\\\/\\\/www.gulersan.com\\\/en\\\/urun\\\/sicak-hava-ureticisi-ahtapot-sun68\\\/\"]}]},{\"@type\":\"ImageObject\",\"inLanguage\":\"en-US\",\"@id\":\"https:\\\/\\\/www.gulersan.com\\\/en\\\/urun\\\/sicak-hava-ureticisi-ahtapot-sun68\\\/#primaryimage\",\"url\":\"https:\\\/\\\/www.gulersan.com\\\/wp-content\\\/uploads\\\/2026\\\/05\\\/sicak-hava-ahtapotu-sun68.jpg\",\"contentUrl\":\"https:\\\/\\\/www.gulersan.com\\\/wp-content\\\/uploads\\\/2026\\\/05\\\/sicak-hava-ahtapotu-sun68.jpg\",\"width\":1001,\"height\":1001},{\"@type\":\"BreadcrumbList\",\"@id\":\"https:\\\/\\\/www.gulersan.com\\\/en\\\/urun\\\/sicak-hava-ureticisi-ahtapot-sun68\\\/#breadcrumb\",\"itemListElement\":[{\"@type\":\"ListItem\",\"position\":1,\"name\":\"Anasayfa\",\"item\":\"https:\\\/\\\/www.gulersan.com\\\/en\\\/\"},{\"@type\":\"ListItem\",\"position\":2,\"name\":\"\\\/\",\"item\":\"https:\\\/\\\/www.gulersan.com\\\/shop\\\/\"},{\"@type\":\"ListItem\",\"position\":3,\"name\":\"Tarus Temizlik Ekipmanlar\u0131\",\"item\":\"https:\\\/\\\/www.gulersan.com\\\/en\\\/urun-kategori\\\/tarus-temizlik-ekipmanlari\\\/\"},{\"@type\":\"ListItem\",\"position\":4,\"name\":\"Oto Kuaf\u00f6r Malzemeleri\",\"item\":\"https:\\\/\\\/www.gulersan.com\\\/en\\\/urun-kategori\\\/tarus-temizlik-ekipmanlari\\\/oto-kuafor-malzemeleri\\\/\"},{\"@type\":\"ListItem\",\"position\":5,\"name\":\"S\u0131cak Hava \u00dcreticisi Ahtapot &#8211; SUN68\"}]},{\"@type\":\"WebSite\",\"@id\":\"https:\\\/\\\/www.gulersan.com\\\/en\\\/#website\",\"url\":\"https:\\\/\\\/www.gulersan.com\\\/en\\\/\",\"name\":\"G\u00fclersan Ya\u011flama Cihazlar\u0131\",\"description\":\"Ya\u011flama Makinesi | Haval\u0131 Gres Pompas\u0131 | Ya\u011flama Pompas\u0131 | Ya\u011f \u00c7ekme Pompas\u0131\",\"publisher\":{\"@id\":\"https:\\\/\\\/www.gulersan.com\\\/en\\\/#organization\"},\"potentialAction\":[{\"@type\":\"SearchAction\",\"target\":{\"@type\":\"EntryPoint\",\"urlTemplate\":\"https:\\\/\\\/www.gulersan.com\\\/en\\\/?s={search_term_string}\"},\"query-input\":{\"@type\":\"PropertyValueSpecification\",\"valueRequired\":true,\"valueName\":\"search_term_string\"}}],\"inLanguage\":\"en-US\"},{\"@type\":\"Organization\",\"@id\":\"https:\\\/\\\/www.gulersan.com\\\/en\\\/#organization\",\"name\":\"G\u00fclersan Ya\u011flama Cihazlar\u0131\",\"url\":\"https:\\\/\\\/www.gulersan.com\\\/en\\\/\",\"logo\":{\"@type\":\"ImageObject\",\"inLanguage\":\"en-US\",\"@id\":\"https:\\\/\\\/www.gulersan.com\\\/en\\\/#\\\/schema\\\/logo\\\/image\\\/\",\"url\":\"https:\\\/\\\/www.gulersan.com\\\/wp-content\\\/uploads\\\/2021\\\/01\\\/gulersan-logo-tr.png\",\"contentUrl\":\"https:\\\/\\\/www.gulersan.com\\\/wp-content\\\/uploads\\\/2021\\\/01\\\/gulersan-logo-tr.png\",\"width\":1242,\"height\":302,\"caption\":\"G\u00fclersan Ya\u011flama Cihazlar\u0131\"},\"image\":{\"@id\":\"https:\\\/\\\/www.gulersan.com\\\/en\\\/#\\\/schema\\\/logo\\\/image\\\/\"}}]}<\/script>\n<!-- \/ Yoast SEO plugin. -->","yoast_head_json":{"title":"S\u0131cak Hava \u00dcreticisi Ahtapot - SUN68 - G\u00fclersan Ya\u011flama Cihazlar\u0131","robots":{"index":"index","follow":"follow","max-snippet":"max-snippet:-1","max-image-preview":"max-image-preview:large","max-video-preview":"max-video-preview:-1"},"canonical":"https:\/\/www.gulersan.com\/en\/urun\/sicak-hava-ureticisi-ahtapot-sun68\/","og_locale":"en_US","og_type":"article","og_title":"S\u0131cak Hava \u00dcreticisi Ahtapot - SUN68 - G\u00fclersan Ya\u011flama Cihazlar\u0131","og_url":"https:\/\/www.gulersan.com\/en\/urun\/sicak-hava-ureticisi-ahtapot-sun68\/","og_site_name":"G\u00fclersan Ya\u011flama Cihazlar\u0131","article_modified_time":"2026-05-05T08:31:03+00:00","og_image":[{"width":1001,"height":1001,"url":"https:\/\/www.gulersan.com\/wp-content\/uploads\/2026\/05\/sicak-hava-ahtapotu-sun68.jpg","type":"image\/jpeg"}],"twitter_card":"summary_large_image","twitter_misc":{"Est. reading time":"1 minute"},"schema":{"@context":"https:\/\/schema.org","@graph":[{"@type":"WebPage","@id":"https:\/\/www.gulersan.com\/en\/urun\/sicak-hava-ureticisi-ahtapot-sun68\/","url":"https:\/\/www.gulersan.com\/en\/urun\/sicak-hava-ureticisi-ahtapot-sun68\/","name":"S\u0131cak Hava \u00dcreticisi Ahtapot - SUN68 - G\u00fclersan Ya\u011flama Cihazlar\u0131","isPartOf":{"@id":"https:\/\/www.gulersan.com\/en\/#website"},"primaryImageOfPage":{"@id":"https:\/\/www.gulersan.com\/en\/urun\/sicak-hava-ureticisi-ahtapot-sun68\/#primaryimage"},"image":{"@id":"https:\/\/www.gulersan.com\/en\/urun\/sicak-hava-ureticisi-ahtapot-sun68\/#primaryimage"},"thumbnailUrl":"https:\/\/www.gulersan.com\/wp-content\/uploads\/2026\/05\/sicak-hava-ahtapotu-sun68.jpg","datePublished":"2026-05-05T08:30:43+00:00","dateModified":"2026-05-05T08:31:03+00:00","breadcrumb":{"@id":"https:\/\/www.gulersan.com\/en\/urun\/sicak-hava-ureticisi-ahtapot-sun68\/#breadcrumb"},"inLanguage":"en-US","potentialAction":[{"@type":"ReadAction","target":["https:\/\/www.gulersan.com\/en\/urun\/sicak-hava-ureticisi-ahtapot-sun68\/"]}]},{"@type":"ImageObject","inLanguage":"en-US","@id":"https:\/\/www.gulersan.com\/en\/urun\/sicak-hava-ureticisi-ahtapot-sun68\/#primaryimage","url":"https:\/\/www.gulersan.com\/wp-content\/uploads\/2026\/05\/sicak-hava-ahtapotu-sun68.jpg","contentUrl":"https:\/\/www.gulersan.com\/wp-content\/uploads\/2026\/05\/sicak-hava-ahtapotu-sun68.jpg","width":1001,"height":1001},{"@type":"BreadcrumbList","@id":"https:\/\/www.gulersan.com\/en\/urun\/sicak-hava-ureticisi-ahtapot-sun68\/#breadcrumb","itemListElement":[{"@type":"ListItem","position":1,"name":"Anasayfa","item":"https:\/\/www.gulersan.com\/en\/"},{"@type":"ListItem","position":2,"name":"\/","item":"https:\/\/www.gulersan.com\/shop\/"},{"@type":"ListItem","position":3,"name":"Tarus Temizlik Ekipmanlar\u0131","item":"https:\/\/www.gulersan.com\/en\/urun-kategori\/tarus-temizlik-ekipmanlari\/"},{"@type":"ListItem","position":4,"name":"Oto Kuaf\u00f6r Malzemeleri","item":"https:\/\/www.gulersan.com\/en\/urun-kategori\/tarus-temizlik-ekipmanlari\/oto-kuafor-malzemeleri\/"},{"@type":"ListItem","position":5,"name":"S\u0131cak Hava \u00dcreticisi Ahtapot &#8211; SUN68"}]},{"@type":"WebSite","@id":"https:\/\/www.gulersan.com\/en\/#website","url":"https:\/\/www.gulersan.com\/en\/","name":"G\u00fclersan Ya\u011flama Cihazlar\u0131","description":"Ya\u011flama Makinesi | Haval\u0131 Gres Pompas\u0131 | Ya\u011flama Pompas\u0131 | Ya\u011f \u00c7ekme Pompas\u0131","publisher":{"@id":"https:\/\/www.gulersan.com\/en\/#organization"},"potentialAction":[{"@type":"SearchAction","target":{"@type":"EntryPoint","urlTemplate":"https:\/\/www.gulersan.com\/en\/?s={search_term_string}"},"query-input":{"@type":"PropertyValueSpecification","valueRequired":true,"valueName":"search_term_string"}}],"inLanguage":"en-US"},{"@type":"Organization","@id":"https:\/\/www.gulersan.com\/en\/#organization","name":"G\u00fclersan Ya\u011flama Cihazlar\u0131","url":"https:\/\/www.gulersan.com\/en\/","logo":{"@type":"ImageObject","inLanguage":"en-US","@id":"https:\/\/www.gulersan.com\/en\/#\/schema\/logo\/image\/","url":"https:\/\/www.gulersan.com\/wp-content\/uploads\/2021\/01\/gulersan-logo-tr.png","contentUrl":"https:\/\/www.gulersan.com\/wp-content\/uploads\/2021\/01\/gulersan-logo-tr.png","width":1242,"height":302,"caption":"G\u00fclersan Ya\u011flama Cihazlar\u0131"},"image":{"@id":"https:\/\/www.gulersan.com\/en\/#\/schema\/logo\/image\/"}}]}},"_links":{"self":[{"href":"https:\/\/www.gulersan.com\/en\/wp-json\/wp\/v2\/product\/14650","targetHints":{"allow":["GET"]}}],"collection":[{"href":"https:\/\/www.gulersan.com\/en\/wp-json\/wp\/v2\/product"}],"about":[{"href":"https:\/\/www.gulersan.com\/en\/wp-json\/wp\/v2\/types\/product"}],"replies":[{"embeddable":true,"href":"https:\/\/www.gulersan.com\/en\/wp-json\/wp\/v2\/comments?post=14650"}],"wp:featuredmedia":[{"embeddable":true,"href":"https:\/\/www.gulersan.com\/en\/wp-json\/wp\/v2\/media\/14651"}],"wp:attachment":[{"href":"https:\/\/www.gulersan.com\/en\/wp-json\/wp\/v2\/media?parent=14650"}],"wp:term":[{"taxonomy":"product_brand","embeddable":true,"href":"https:\/\/www.gulersan.com\/en\/wp-json\/wp\/v2\/product_brand?post=14650"},{"taxonomy":"product_cat","embeddable":true,"href":"https:\/\/www.gulersan.com\/en\/wp-json\/wp\/v2\/product_cat?post=14650"},{"taxonomy":"product_tag","embeddable":true,"href":"https:\/\/www.gulersan.com\/en\/wp-json\/wp\/v2\/product_tag?post=14650"}],"curies":[{"name":"wp","href":"https:\/\/api.w.org\/{rel}","templated":true}]}}