{"id":14699,"date":"2026-05-05T11:31:36","date_gmt":"2026-05-05T08:31:36","guid":{"rendered":"https:\/\/www.gulersan.com\/urun\/yuksek-basincli-yikama-makinesi-160-bar-bosch-ghp-5-65-x\/"},"modified":"2026-05-05T11:31:38","modified_gmt":"2026-05-05T08:31:38","slug":"yuksek-basincli-yikama-makinesi-160-bar-bosch-ghp-5-65-x","status":"publish","type":"product","link":"https:\/\/www.gulersan.com\/en\/urun\/yuksek-basincli-yikama-makinesi-160-bar-bosch-ghp-5-65-x\/","title":{"rendered":"Y\u00fcksek Bas\u0131n\u00e7l\u0131 Y\u0131kama Makinesi 160 Bar &#8211; Bosch GHP 5-65 X"},"content":{"rendered":"<div class=\"row\"  id=\"row-1792361007\">\n\n\t<div id=\"col-209752412\" class=\"col medium-6 small-12 large-6\"  >\n\t\t\t\t<div class=\"col-inner\"  >\n\t\t\t\n\t\t\t\n<h2 style=\"text-align: left;\"><span style=\"color: #000080;\"><strong>Neden Y\u00fcksek Bas\u0131n\u00e7l\u0131 Y\u0131kama Makinesi 160 Bar &#8211; <\/strong><\/span><span style=\"color: #000080;\"><strong>Bosch GHP 5-65 X\u00a0<\/strong><\/span><span style=\"color: #000080;\"><strong>?<\/strong><\/span><\/h2>\n<ul style=\"list-style-type: disc; margin-left: 20px;\">\n<li>Kendili\u011finden su \u00e7ekmeli: Harici kaynaklardan su almak i\u00e7in idealdir.<\/li>\n<li>Otomatik motor ve pompa durdurma: Elektrik ve su t\u00fcketimini azalt\u0131r.<\/li>\n<\/ul>\n<h3 style=\"margin-top: 20px;\"><span style=\"color: #000080;\"><strong>Teslimat Kapsam\u0131<\/strong><\/span><\/h3>\n<ul style=\"list-style-type: disc; margin-left: 20px;\">\n<li>Ayarlanabilir 3&#8217;\u00fc 1 arada p\u00fcsk\u00fcrtme ucu, paslanmaz \u00e7elik<\/li>\n<\/ul>\n<p><img loading=\"lazy\" decoding=\"async\" class=\"alignnone size-medium wp-image-12314\" src=\"https:\/\/www.tarustemizlik.com\/wp-content\/uploads\/2021\/05\/GHP-5-65-X.jpg\" alt=\"\" width=\"635\" height=\"400\" \/><\/p>\n\t\t<\/div>\n\t\t\t\t\t<\/div>\n\n\t\n\n\t<div id=\"col-2134426197\" class=\"col medium-6 small-12 large-6\"  >\n\t\t\t\t<div class=\"col-inner\"  >\n\t\t\t\n\t\t\t\n<h2 style=\"text-align: left; margin-bottom: 10px; font-weight: bold; border-bottom: 4px solid #000; padding-bottom: 5px;\">Teknik \u00d6zellikler<\/h2>\n<table style=\"width: 100%; border-collapse: collapse; table-layout: fixed;\" border=\"0\" cellspacing=\"0\" cellpadding=\"10\" bgcolor=\"#f7f7f7\">\n<tbody>\n<tr style=\"border-bottom: 1px solid #ddd;\">\n<td style=\"padding: 10px; width: 50%;\"><strong>Maksimum Bas\u0131n\u00e7<\/strong><\/td>\n<td style=\"padding: 10px; width: 50%; text-align: right;\">160 bar<\/td>\n<\/tr>\n<tr style=\"border-bottom: 1px solid #ddd;\" bgcolor=\"#ffffff\">\n<td style=\"padding: 10px; width: 50%;\"><strong>Nominal G\u00fc\u00e7<\/strong><\/td>\n<td style=\"padding: 10px; width: 50%; text-align: right;\">2.400 Watt<\/td>\n<\/tr>\n<tr style=\"border-bottom: 1px solid #ddd;\">\n<td style=\"padding: 10px; width: 50%;\"><strong>\u00c7al\u0131\u015fma Bas\u0131nc\u0131<\/strong><\/td>\n<td style=\"padding: 10px; width: 50%; text-align: right;\">130 bar<\/td>\n<\/tr>\n<tr style=\"border-bottom: 1px solid #ddd;\" bgcolor=\"#ffffff\">\n<td style=\"padding: 10px; width: 50%;\"><strong>Maks. Giri\u015f S\u0131cakl\u0131\u011f\u0131<\/strong><\/td>\n<td style=\"padding: 10px; width: 50%; text-align: right;\">50 \u00b0C<\/td>\n<\/tr>\n<tr style=\"border-bottom: 1px solid #ddd;\">\n<td style=\"padding: 10px; width: 50%;\"><strong>Hortum Malzemesi<\/strong><\/td>\n<td style=\"padding: 10px; width: 50%; text-align: right;\">Takviyeli kau\u00e7uk hortum<\/td>\n<\/tr>\n<tr style=\"border-bottom: 1px solid #ddd;\" bgcolor=\"#ffffff\">\n<td style=\"padding: 10px; width: 50%;\"><strong>Nominal Debi<\/strong><\/td>\n<td style=\"padding: 10px; width: 50%; text-align: right;\">485 lt\/saat<\/td>\n<\/tr>\n<tr style=\"border-bottom: 1px solid #ddd;\">\n<td style=\"padding: 10px; width: 50%;\"><strong>Maksimum Debi<\/strong><\/td>\n<td style=\"padding: 10px; width: 50%; text-align: right;\">520 lt\/saat<\/td>\n<\/tr>\n<tr style=\"border-bottom: 1px solid #ddd;\" bgcolor=\"#ffffff\">\n<td style=\"padding: 10px; width: 50%;\"><strong>Pompa Sistemi<\/strong><\/td>\n<td style=\"padding: 10px; width: 50%; text-align: right;\">Titre\u015fim plakas\u0131<\/td>\n<\/tr>\n<tr style=\"border-bottom: 1px solid #ddd;\">\n<td style=\"padding: 10px; width: 50%;\"><strong>Pistonlar<\/strong><\/td>\n<td style=\"padding: 10px; width: 50%; text-align: right;\">\u00c7elik<\/td>\n<\/tr>\n<tr style=\"border-bottom: 1px solid #ddd;\" bgcolor=\"#ffffff\">\n<td style=\"padding: 10px; width: 50%;\"><strong>Motor Tipi<\/strong><\/td>\n<td style=\"padding: 10px; width: 50%; text-align: right;\">End\u00fcksiyon<\/td>\n<\/tr>\n<tr style=\"border-bottom: 1px solid #ddd;\">\n<td style=\"padding: 10px; width: 50%;\"><strong>P\u00fcsk\u00fcrtme Ucu<\/strong><\/td>\n<td style=\"padding: 10px; width: 50%; text-align: right;\">Ayarlanabilir 3&#8217;\u00fc 1 arada (paslanmaz \u00e7elik)<\/td>\n<\/tr>\n<tr style=\"border-bottom: 1px solid #ddd;\" bgcolor=\"#ffffff\">\n<td style=\"padding: 10px; width: 50%;\"><strong>Titre\u015fim Emisyon De\u011feri ah<\/strong><\/td>\n<td style=\"padding: 10px; width: 50%; text-align: right;\">1,8 m\/s\u00b2<\/td>\n<\/tr>\n<tr style=\"border-bottom: 1px solid #ddd;\">\n<td style=\"padding: 10px; width: 50%;\"><strong>Tolerans K<\/strong><\/td>\n<td style=\"padding: 10px; width: 50%; text-align: right;\">1,5 m\/s\u00b2<\/td>\n<\/tr>\n<tr style=\"border-bottom: 1px solid #ddd;\" bgcolor=\"#ffffff\">\n<td style=\"padding: 10px; width: 50%;\"><strong>A\u011f\u0131rl\u0131k (aksesuar hari\u00e7)<\/strong><\/td>\n<td style=\"padding: 10px; width: 50%; text-align: right;\">23,6 Kg<\/td>\n<\/tr>\n<tr style=\"border-bottom: 1px solid #ddd;\">\n<td style=\"padding: 10px; width: 50%;\"><strong>Kablo Uzunlu\u011fu<\/strong><\/td>\n<td style=\"padding: 10px; width: 50%; text-align: right;\">5 Mt<\/td>\n<\/tr>\n<tr style=\"border-bottom: 1px solid #ddd;\" bgcolor=\"#ffffff\">\n<td style=\"padding: 10px; width: 50%;\"><strong>Hortum Uzunlu\u011fu<\/strong><\/td>\n<td style=\"padding: 10px; width: 50%; text-align: right;\">10 Mt<\/td>\n<\/tr>\n<\/tbody>\n<\/table>\n\t\t<\/div>\n\t\t\t\t\t<\/div>\n\n\t\n<\/div>\n","protected":false},"excerpt":{"rendered":"","protected":false},"featured_media":14700,"comment_status":"closed","ping_status":"open","template":"","meta":[],"product_brand":[785],"product_cat":[1386,1378],"product_tag":[],"class_list":{"0":"post-14699","1":"product","2":"type-product","3":"status-publish","4":"has-post-thumbnail","6":"product_brand-tarus","7":"product_cat-basincli-soguk-yikama-makineleri","8":"product_cat-basincli-yikama-makineleri","10":"first","11":"instock","12":"product-type-simple"},"yoast_head":"<!-- This site is optimized with the Yoast SEO plugin v27.6 - https:\/\/yoast.com\/product\/yoast-seo-wordpress\/ -->\n<title>Y\u00fcksek Bas\u0131n\u00e7l\u0131 Y\u0131kama Makinesi 160 Bar - Bosch GHP 5-65 X - G\u00fclersan Ya\u011flama Cihazlar\u0131<\/title>\n<meta name=\"robots\" content=\"index, follow, max-snippet:-1, max-image-preview:large, max-video-preview:-1\" \/>\n<link rel=\"canonical\" href=\"https:\/\/www.gulersan.com\/en\/urun\/yuksek-basincli-yikama-makinesi-160-bar-bosch-ghp-5-65-x\/\" \/>\n<meta property=\"og:locale\" content=\"en_US\" \/>\n<meta property=\"og:type\" content=\"article\" \/>\n<meta property=\"og:title\" content=\"Y\u00fcksek Bas\u0131n\u00e7l\u0131 Y\u0131kama Makinesi 160 Bar - Bosch GHP 5-65 X - G\u00fclersan Ya\u011flama Cihazlar\u0131\" \/>\n<meta property=\"og:url\" content=\"https:\/\/www.gulersan.com\/en\/urun\/yuksek-basincli-yikama-makinesi-160-bar-bosch-ghp-5-65-x\/\" \/>\n<meta property=\"og:site_name\" content=\"G\u00fclersan Ya\u011flama Cihazlar\u0131\" \/>\n<meta property=\"article:modified_time\" content=\"2026-05-05T08:31:38+00:00\" \/>\n<meta property=\"og:image\" content=\"https:\/\/www.gulersan.com\/wp-content\/uploads\/2026\/05\/Bosch-GHP-5-65-X-Soguk-Yikama-Makinesi-160-Bar.jpg\" \/>\n\t<meta property=\"og:image:width\" content=\"700\" \/>\n\t<meta property=\"og:image:height\" content=\"700\" \/>\n\t<meta property=\"og:image:type\" content=\"image\/jpeg\" \/>\n<meta name=\"twitter:card\" content=\"summary_large_image\" \/>\n<meta name=\"twitter:label1\" content=\"Est. reading time\" \/>\n\t<meta name=\"twitter:data1\" content=\"1 minute\" \/>\n<script type=\"application\/ld+json\" class=\"yoast-schema-graph\">{\"@context\":\"https:\\\/\\\/schema.org\",\"@graph\":[{\"@type\":\"WebPage\",\"@id\":\"https:\\\/\\\/www.gulersan.com\\\/en\\\/urun\\\/yuksek-basincli-yikama-makinesi-160-bar-bosch-ghp-5-65-x\\\/\",\"url\":\"https:\\\/\\\/www.gulersan.com\\\/en\\\/urun\\\/yuksek-basincli-yikama-makinesi-160-bar-bosch-ghp-5-65-x\\\/\",\"name\":\"Y\u00fcksek Bas\u0131n\u00e7l\u0131 Y\u0131kama Makinesi 160 Bar - Bosch GHP 5-65 X - G\u00fclersan Ya\u011flama Cihazlar\u0131\",\"isPartOf\":{\"@id\":\"https:\\\/\\\/www.gulersan.com\\\/en\\\/#website\"},\"primaryImageOfPage\":{\"@id\":\"https:\\\/\\\/www.gulersan.com\\\/en\\\/urun\\\/yuksek-basincli-yikama-makinesi-160-bar-bosch-ghp-5-65-x\\\/#primaryimage\"},\"image\":{\"@id\":\"https:\\\/\\\/www.gulersan.com\\\/en\\\/urun\\\/yuksek-basincli-yikama-makinesi-160-bar-bosch-ghp-5-65-x\\\/#primaryimage\"},\"thumbnailUrl\":\"https:\\\/\\\/www.gulersan.com\\\/wp-content\\\/uploads\\\/2026\\\/05\\\/Bosch-GHP-5-65-X-Soguk-Yikama-Makinesi-160-Bar.jpg\",\"datePublished\":\"2026-05-05T08:31:36+00:00\",\"dateModified\":\"2026-05-05T08:31:38+00:00\",\"breadcrumb\":{\"@id\":\"https:\\\/\\\/www.gulersan.com\\\/en\\\/urun\\\/yuksek-basincli-yikama-makinesi-160-bar-bosch-ghp-5-65-x\\\/#breadcrumb\"},\"inLanguage\":\"en-US\",\"potentialAction\":[{\"@type\":\"ReadAction\",\"target\":[\"https:\\\/\\\/www.gulersan.com\\\/en\\\/urun\\\/yuksek-basincli-yikama-makinesi-160-bar-bosch-ghp-5-65-x\\\/\"]}]},{\"@type\":\"ImageObject\",\"inLanguage\":\"en-US\",\"@id\":\"https:\\\/\\\/www.gulersan.com\\\/en\\\/urun\\\/yuksek-basincli-yikama-makinesi-160-bar-bosch-ghp-5-65-x\\\/#primaryimage\",\"url\":\"https:\\\/\\\/www.gulersan.com\\\/wp-content\\\/uploads\\\/2026\\\/05\\\/Bosch-GHP-5-65-X-Soguk-Yikama-Makinesi-160-Bar.jpg\",\"contentUrl\":\"https:\\\/\\\/www.gulersan.com\\\/wp-content\\\/uploads\\\/2026\\\/05\\\/Bosch-GHP-5-65-X-Soguk-Yikama-Makinesi-160-Bar.jpg\",\"width\":700,\"height\":700},{\"@type\":\"BreadcrumbList\",\"@id\":\"https:\\\/\\\/www.gulersan.com\\\/en\\\/urun\\\/yuksek-basincli-yikama-makinesi-160-bar-bosch-ghp-5-65-x\\\/#breadcrumb\",\"itemListElement\":[{\"@type\":\"ListItem\",\"position\":1,\"name\":\"Anasayfa\",\"item\":\"https:\\\/\\\/www.gulersan.com\\\/en\\\/\"},{\"@type\":\"ListItem\",\"position\":2,\"name\":\"\\\/\",\"item\":\"https:\\\/\\\/www.gulersan.com\\\/shop\\\/\"},{\"@type\":\"ListItem\",\"position\":3,\"name\":\"Tarus Temizlik Ekipmanlar\u0131\",\"item\":\"https:\\\/\\\/www.gulersan.com\\\/en\\\/urun-kategori\\\/tarus-temizlik-ekipmanlari\\\/\"},{\"@type\":\"ListItem\",\"position\":4,\"name\":\"Bas\u0131n\u00e7l\u0131 Y\u0131kama Makineleri\",\"item\":\"https:\\\/\\\/www.gulersan.com\\\/en\\\/urun-kategori\\\/tarus-temizlik-ekipmanlari\\\/basincli-yikama-makineleri\\\/\"},{\"@type\":\"ListItem\",\"position\":5,\"name\":\"Bas\u0131n\u00e7l\u0131 So\u011fuk Y\u0131kama Makineleri\",\"item\":\"https:\\\/\\\/www.gulersan.com\\\/en\\\/urun-kategori\\\/tarus-temizlik-ekipmanlari\\\/basincli-yikama-makineleri\\\/basincli-soguk-yikama-makineleri\\\/\"},{\"@type\":\"ListItem\",\"position\":6,\"name\":\"Y\u00fcksek Bas\u0131n\u00e7l\u0131 Y\u0131kama Makinesi 160 Bar &#8211; Bosch GHP 5-65 X\"}]},{\"@type\":\"WebSite\",\"@id\":\"https:\\\/\\\/www.gulersan.com\\\/en\\\/#website\",\"url\":\"https:\\\/\\\/www.gulersan.com\\\/en\\\/\",\"name\":\"G\u00fclersan Ya\u011flama Cihazlar\u0131\",\"description\":\"Ya\u011flama Makinesi | Haval\u0131 Gres Pompas\u0131 | Ya\u011flama Pompas\u0131 | Ya\u011f \u00c7ekme Pompas\u0131\",\"publisher\":{\"@id\":\"https:\\\/\\\/www.gulersan.com\\\/en\\\/#organization\"},\"potentialAction\":[{\"@type\":\"SearchAction\",\"target\":{\"@type\":\"EntryPoint\",\"urlTemplate\":\"https:\\\/\\\/www.gulersan.com\\\/en\\\/?s={search_term_string}\"},\"query-input\":{\"@type\":\"PropertyValueSpecification\",\"valueRequired\":true,\"valueName\":\"search_term_string\"}}],\"inLanguage\":\"en-US\"},{\"@type\":\"Organization\",\"@id\":\"https:\\\/\\\/www.gulersan.com\\\/en\\\/#organization\",\"name\":\"G\u00fclersan Ya\u011flama Cihazlar\u0131\",\"url\":\"https:\\\/\\\/www.gulersan.com\\\/en\\\/\",\"logo\":{\"@type\":\"ImageObject\",\"inLanguage\":\"en-US\",\"@id\":\"https:\\\/\\\/www.gulersan.com\\\/en\\\/#\\\/schema\\\/logo\\\/image\\\/\",\"url\":\"https:\\\/\\\/www.gulersan.com\\\/wp-content\\\/uploads\\\/2021\\\/01\\\/gulersan-logo-tr.png\",\"contentUrl\":\"https:\\\/\\\/www.gulersan.com\\\/wp-content\\\/uploads\\\/2021\\\/01\\\/gulersan-logo-tr.png\",\"width\":1242,\"height\":302,\"caption\":\"G\u00fclersan Ya\u011flama Cihazlar\u0131\"},\"image\":{\"@id\":\"https:\\\/\\\/www.gulersan.com\\\/en\\\/#\\\/schema\\\/logo\\\/image\\\/\"}}]}<\/script>\n<!-- \/ Yoast SEO plugin. -->","yoast_head_json":{"title":"Y\u00fcksek Bas\u0131n\u00e7l\u0131 Y\u0131kama Makinesi 160 Bar - Bosch GHP 5-65 X - G\u00fclersan Ya\u011flama Cihazlar\u0131","robots":{"index":"index","follow":"follow","max-snippet":"max-snippet:-1","max-image-preview":"max-image-preview:large","max-video-preview":"max-video-preview:-1"},"canonical":"https:\/\/www.gulersan.com\/en\/urun\/yuksek-basincli-yikama-makinesi-160-bar-bosch-ghp-5-65-x\/","og_locale":"en_US","og_type":"article","og_title":"Y\u00fcksek Bas\u0131n\u00e7l\u0131 Y\u0131kama Makinesi 160 Bar - Bosch GHP 5-65 X - G\u00fclersan Ya\u011flama Cihazlar\u0131","og_url":"https:\/\/www.gulersan.com\/en\/urun\/yuksek-basincli-yikama-makinesi-160-bar-bosch-ghp-5-65-x\/","og_site_name":"G\u00fclersan Ya\u011flama Cihazlar\u0131","article_modified_time":"2026-05-05T08:31:38+00:00","og_image":[{"width":700,"height":700,"url":"https:\/\/www.gulersan.com\/wp-content\/uploads\/2026\/05\/Bosch-GHP-5-65-X-Soguk-Yikama-Makinesi-160-Bar.jpg","type":"image\/jpeg"}],"twitter_card":"summary_large_image","twitter_misc":{"Est. reading time":"1 minute"},"schema":{"@context":"https:\/\/schema.org","@graph":[{"@type":"WebPage","@id":"https:\/\/www.gulersan.com\/en\/urun\/yuksek-basincli-yikama-makinesi-160-bar-bosch-ghp-5-65-x\/","url":"https:\/\/www.gulersan.com\/en\/urun\/yuksek-basincli-yikama-makinesi-160-bar-bosch-ghp-5-65-x\/","name":"Y\u00fcksek Bas\u0131n\u00e7l\u0131 Y\u0131kama Makinesi 160 Bar - Bosch GHP 5-65 X - G\u00fclersan Ya\u011flama Cihazlar\u0131","isPartOf":{"@id":"https:\/\/www.gulersan.com\/en\/#website"},"primaryImageOfPage":{"@id":"https:\/\/www.gulersan.com\/en\/urun\/yuksek-basincli-yikama-makinesi-160-bar-bosch-ghp-5-65-x\/#primaryimage"},"image":{"@id":"https:\/\/www.gulersan.com\/en\/urun\/yuksek-basincli-yikama-makinesi-160-bar-bosch-ghp-5-65-x\/#primaryimage"},"thumbnailUrl":"https:\/\/www.gulersan.com\/wp-content\/uploads\/2026\/05\/Bosch-GHP-5-65-X-Soguk-Yikama-Makinesi-160-Bar.jpg","datePublished":"2026-05-05T08:31:36+00:00","dateModified":"2026-05-05T08:31:38+00:00","breadcrumb":{"@id":"https:\/\/www.gulersan.com\/en\/urun\/yuksek-basincli-yikama-makinesi-160-bar-bosch-ghp-5-65-x\/#breadcrumb"},"inLanguage":"en-US","potentialAction":[{"@type":"ReadAction","target":["https:\/\/www.gulersan.com\/en\/urun\/yuksek-basincli-yikama-makinesi-160-bar-bosch-ghp-5-65-x\/"]}]},{"@type":"ImageObject","inLanguage":"en-US","@id":"https:\/\/www.gulersan.com\/en\/urun\/yuksek-basincli-yikama-makinesi-160-bar-bosch-ghp-5-65-x\/#primaryimage","url":"https:\/\/www.gulersan.com\/wp-content\/uploads\/2026\/05\/Bosch-GHP-5-65-X-Soguk-Yikama-Makinesi-160-Bar.jpg","contentUrl":"https:\/\/www.gulersan.com\/wp-content\/uploads\/2026\/05\/Bosch-GHP-5-65-X-Soguk-Yikama-Makinesi-160-Bar.jpg","width":700,"height":700},{"@type":"BreadcrumbList","@id":"https:\/\/www.gulersan.com\/en\/urun\/yuksek-basincli-yikama-makinesi-160-bar-bosch-ghp-5-65-x\/#breadcrumb","itemListElement":[{"@type":"ListItem","position":1,"name":"Anasayfa","item":"https:\/\/www.gulersan.com\/en\/"},{"@type":"ListItem","position":2,"name":"\/","item":"https:\/\/www.gulersan.com\/shop\/"},{"@type":"ListItem","position":3,"name":"Tarus Temizlik Ekipmanlar\u0131","item":"https:\/\/www.gulersan.com\/en\/urun-kategori\/tarus-temizlik-ekipmanlari\/"},{"@type":"ListItem","position":4,"name":"Bas\u0131n\u00e7l\u0131 Y\u0131kama Makineleri","item":"https:\/\/www.gulersan.com\/en\/urun-kategori\/tarus-temizlik-ekipmanlari\/basincli-yikama-makineleri\/"},{"@type":"ListItem","position":5,"name":"Bas\u0131n\u00e7l\u0131 So\u011fuk Y\u0131kama Makineleri","item":"https:\/\/www.gulersan.com\/en\/urun-kategori\/tarus-temizlik-ekipmanlari\/basincli-yikama-makineleri\/basincli-soguk-yikama-makineleri\/"},{"@type":"ListItem","position":6,"name":"Y\u00fcksek Bas\u0131n\u00e7l\u0131 Y\u0131kama Makinesi 160 Bar &#8211; Bosch GHP 5-65 X"}]},{"@type":"WebSite","@id":"https:\/\/www.gulersan.com\/en\/#website","url":"https:\/\/www.gulersan.com\/en\/","name":"G\u00fclersan Ya\u011flama Cihazlar\u0131","description":"Ya\u011flama Makinesi | Haval\u0131 Gres Pompas\u0131 | Ya\u011flama Pompas\u0131 | Ya\u011f \u00c7ekme Pompas\u0131","publisher":{"@id":"https:\/\/www.gulersan.com\/en\/#organization"},"potentialAction":[{"@type":"SearchAction","target":{"@type":"EntryPoint","urlTemplate":"https:\/\/www.gulersan.com\/en\/?s={search_term_string}"},"query-input":{"@type":"PropertyValueSpecification","valueRequired":true,"valueName":"search_term_string"}}],"inLanguage":"en-US"},{"@type":"Organization","@id":"https:\/\/www.gulersan.com\/en\/#organization","name":"G\u00fclersan Ya\u011flama Cihazlar\u0131","url":"https:\/\/www.gulersan.com\/en\/","logo":{"@type":"ImageObject","inLanguage":"en-US","@id":"https:\/\/www.gulersan.com\/en\/#\/schema\/logo\/image\/","url":"https:\/\/www.gulersan.com\/wp-content\/uploads\/2021\/01\/gulersan-logo-tr.png","contentUrl":"https:\/\/www.gulersan.com\/wp-content\/uploads\/2021\/01\/gulersan-logo-tr.png","width":1242,"height":302,"caption":"G\u00fclersan Ya\u011flama Cihazlar\u0131"},"image":{"@id":"https:\/\/www.gulersan.com\/en\/#\/schema\/logo\/image\/"}}]}},"_links":{"self":[{"href":"https:\/\/www.gulersan.com\/en\/wp-json\/wp\/v2\/product\/14699","targetHints":{"allow":["GET"]}}],"collection":[{"href":"https:\/\/www.gulersan.com\/en\/wp-json\/wp\/v2\/product"}],"about":[{"href":"https:\/\/www.gulersan.com\/en\/wp-json\/wp\/v2\/types\/product"}],"replies":[{"embeddable":true,"href":"https:\/\/www.gulersan.com\/en\/wp-json\/wp\/v2\/comments?post=14699"}],"wp:featuredmedia":[{"embeddable":true,"href":"https:\/\/www.gulersan.com\/en\/wp-json\/wp\/v2\/media\/14700"}],"wp:attachment":[{"href":"https:\/\/www.gulersan.com\/en\/wp-json\/wp\/v2\/media?parent=14699"}],"wp:term":[{"taxonomy":"product_brand","embeddable":true,"href":"https:\/\/www.gulersan.com\/en\/wp-json\/wp\/v2\/product_brand?post=14699"},{"taxonomy":"product_cat","embeddable":true,"href":"https:\/\/www.gulersan.com\/en\/wp-json\/wp\/v2\/product_cat?post=14699"},{"taxonomy":"product_tag","embeddable":true,"href":"https:\/\/www.gulersan.com\/en\/wp-json\/wp\/v2\/product_tag?post=14699"}],"curies":[{"name":"wp","href":"https:\/\/api.w.org\/{rel}","templated":true}]}}