{"id":14715,"date":"2026-05-05T16:01:11","date_gmt":"2026-05-05T13:01:11","guid":{"rendered":"https:\/\/www.gulersan.com\/urun\/mekanik-mazot-sayaci-3-haneli-k33\/"},"modified":"2026-05-05T16:01:25","modified_gmt":"2026-05-05T13:01:25","slug":"mekanik-mazot-sayaci-3-haneli-k33","status":"publish","type":"product","link":"https:\/\/www.gulersan.com\/en\/urun\/mekanik-mazot-sayaci-3-haneli-k33\/","title":{"rendered":"Mekanik Mazot Sayac\u0131 3 Haneli K33"},"content":{"rendered":"<h2 style=\"text-align: left;\"><span style=\"color: #000080;\"><strong>Mekanik Mazot Sayac\u0131 3 Haneli K33<\/strong><\/span><\/h2>\n<div>\n<p><span style=\"font-size: 120%;\"><strong><img loading=\"lazy\" decoding=\"async\" class=\"alignnone wp-image-12531\" src=\"https:\/\/www.glsgaraj.com\/wp-content\/uploads\/2021\/06\/konuiciikon.png\" alt=\"\" width=\"18\" height=\"19\" \/> Teknik \u00d6zellikleri<\/strong><\/span><\/p>\n<p><img loading=\"lazy\" decoding=\"async\" class=\"alignnone wp-image-12535\" src=\"https:\/\/www.glsgaraj.com\/wp-content\/uploads\/2021\/06\/tikisareti-1.png\" alt=\"\" width=\"20\" height=\"18\" \/> Verim : 20-120 Lt \/ Dk<br \/>\n<img loading=\"lazy\" decoding=\"async\" class=\"alignnone wp-image-12535\" src=\"https:\/\/www.glsgaraj.com\/wp-content\/uploads\/2021\/06\/tikisareti-1.png\" alt=\"\" width=\"20\" height=\"18\" \/>\u00a0S\u0131f\u0131rlanabilir Numarat\u00f6r : 3 Hane<br \/>\n<img loading=\"lazy\" decoding=\"async\" class=\"alignnone wp-image-12535\" src=\"https:\/\/www.glsgaraj.com\/wp-content\/uploads\/2021\/06\/tikisareti-1.png\" alt=\"\" width=\"20\" height=\"18\" \/> Toplam Numarat\u00f6r : 6 Hane<br \/>\n<img loading=\"lazy\" decoding=\"async\" class=\"alignnone wp-image-12535\" src=\"https:\/\/www.glsgaraj.com\/wp-content\/uploads\/2021\/06\/tikisareti-1.png\" alt=\"\" width=\"20\" height=\"18\" \/> Hassasiyet : \u00b1 % 1<br \/>\n<img loading=\"lazy\" decoding=\"async\" class=\"alignnone wp-image-12535\" src=\"https:\/\/www.glsgaraj.com\/wp-content\/uploads\/2021\/06\/tikisareti-1.png\" alt=\"\" width=\"20\" height=\"18\" \/> Giri\u015f \u00c7\u0131k\u0131\u015f : 1&#8243; Bsp<br \/>\n<img loading=\"lazy\" decoding=\"async\" class=\"alignnone wp-image-12535\" src=\"https:\/\/www.glsgaraj.com\/wp-content\/uploads\/2021\/06\/tikisareti-1.png\" alt=\"\" width=\"20\" height=\"18\" \/> Patlama Bas\u0131nc\u0131 : 30 Bar<\/p>\n<p><span style=\"font-size: 120%;\"><strong><img loading=\"lazy\" decoding=\"async\" class=\"alignnone wp-image-12531\" src=\"https:\/\/www.glsgaraj.com\/wp-content\/uploads\/2021\/06\/konuiciikon.png\" alt=\"\" width=\"18\" height=\"19\" \/> \u00dcr\u00fcn \u00d6zellikleri<\/strong><\/span><\/p>\n<p>K33, dizelin izlenmesi i\u00e7in uygun mekanik saya\u00e7t\u0131r. Mekanik debimetre olarak K33, 3 haneli (maks. 999 litre), toplam 6 haneli k\u0131smi g\u00f6stergeye sahiptir. K33 mekanik mazot saya\u00e7lar\u0131, ticari olmayan kullan\u0131m i\u00e7in da\u011f\u0131t\u0131lan yak\u0131t miktar\u0131n\u0131n hassas \u00f6l\u00e7\u00fcm\u00fc i\u00e7in tasarlanm\u0131\u015ft\u0131r. Kalibre edilmesi ve montaj\u0131 kolay olan K33, maksimum 20-120 Lt\/Dakika ak\u0131\u015f h\u0131z\u0131 ve pompan\u0131n maksimum 10 bar \u00e7al\u0131\u015fma bas\u0131nc\u0131 i\u00e7in da\u011f\u0131t\u0131lan miktar\u0131 izleyebilir. Ayr\u0131ca +\/- %1&#8217;lik bir \u00f6l\u00e7\u00fcm do\u011frulu\u011fu ile 30 bar&#8217;l\u0131k bir patlama bas\u0131nc\u0131n\u0131 garanti edebilirler. Dizel i\u00e7in K33 mekanik debimetrenin kurulum yerinde kalibre edilmesi kolayd\u0131r ve \u00f6zel depolama ihtiyac\u0131 olmadan da\u011f\u0131t\u0131lan s\u0131v\u0131 miktar\u0131n\u0131 izlemek isteyenler i\u00e7in dizel i\u00e7in pompalara veya servis istasyonlar\u0131na kurulum i\u00e7in uygundur .<\/p>\n<p>&nbsp;<\/p>\n<\/div>\n","protected":false},"excerpt":{"rendered":"<p>Mekanik Mazot Sayac\u0131 3 Haneli K33 Teknik \u00d6zellikleri Verim : 20-120 Lt \/ Dk \u00a0S\u0131f\u0131rlanabilir Numarat\u00f6r : 3 Hane Toplam Numarat\u00f6r : 6 Hane Hassasiyet : \u00b1 % 1 Giri\u015f \u00c7\u0131k\u0131\u015f : 1&#8243; Bsp Patlama Bas\u0131nc\u0131 : 30 Bar \u00dcr\u00fcn \u00d6zellikleri K33, dizelin izlenmesi i\u00e7in uygun mekanik saya\u00e7t\u0131r. Mekanik debimetre olarak K33, 3 haneli (maks.<\/p>\n","protected":false},"featured_media":14716,"comment_status":"closed","ping_status":"open","template":"","meta":[],"product_brand":[],"product_cat":[1401,1402],"product_tag":[],"class_list":{"0":"post-14715","1":"product","2":"type-product","3":"status-publish","4":"has-post-thumbnail","6":"product_cat-mazot-pompa-ve-sayaclari","7":"product_cat-mazot-sayaclari","9":"first","10":"instock","11":"product-type-simple"},"yoast_head":"<!-- This site is optimized with the Yoast SEO plugin v27.6 - https:\/\/yoast.com\/product\/yoast-seo-wordpress\/ -->\n<title>Mekanik Mazot Sayac\u0131 3 Haneli K33 - G\u00fclersan Ya\u011flama Cihazlar\u0131<\/title>\n<meta name=\"robots\" content=\"index, follow, max-snippet:-1, max-image-preview:large, max-video-preview:-1\" \/>\n<link rel=\"canonical\" href=\"https:\/\/www.gulersan.com\/en\/urun\/mekanik-mazot-sayaci-3-haneli-k33\/\" \/>\n<meta property=\"og:locale\" content=\"en_US\" \/>\n<meta property=\"og:type\" content=\"article\" \/>\n<meta property=\"og:title\" content=\"Mekanik Mazot Sayac\u0131 3 Haneli K33 - G\u00fclersan Ya\u011flama Cihazlar\u0131\" \/>\n<meta property=\"og:description\" content=\"Mekanik Mazot Sayac\u0131 3 Haneli K33 Teknik \u00d6zellikleri Verim : 20-120 Lt \/ Dk \u00a0S\u0131f\u0131rlanabilir Numarat\u00f6r : 3 Hane Toplam Numarat\u00f6r : 6 Hane Hassasiyet : \u00b1 % 1 Giri\u015f \u00c7\u0131k\u0131\u015f : 1&#8243; Bsp Patlama Bas\u0131nc\u0131 : 30 Bar \u00dcr\u00fcn \u00d6zellikleri K33, dizelin izlenmesi i\u00e7in uygun mekanik saya\u00e7t\u0131r. Mekanik debimetre olarak K33, 3 haneli (maks.\" \/>\n<meta property=\"og:url\" content=\"https:\/\/www.gulersan.com\/en\/urun\/mekanik-mazot-sayaci-3-haneli-k33\/\" \/>\n<meta property=\"og:site_name\" content=\"G\u00fclersan Ya\u011flama Cihazlar\u0131\" \/>\n<meta property=\"article:modified_time\" content=\"2026-05-05T13:01:25+00:00\" \/>\n<meta property=\"og:image\" content=\"https:\/\/www.gulersan.com\/wp-content\/uploads\/2026\/05\/mazot-sayaci-k33-1.jpg\" \/>\n\t<meta property=\"og:image:width\" content=\"577\" \/>\n\t<meta property=\"og:image:height\" content=\"537\" \/>\n\t<meta property=\"og:image:type\" content=\"image\/jpeg\" \/>\n<meta name=\"twitter:card\" content=\"summary_large_image\" \/>\n<meta name=\"twitter:label1\" content=\"Est. reading time\" \/>\n\t<meta name=\"twitter:data1\" content=\"1 minute\" \/>\n<script type=\"application\/ld+json\" class=\"yoast-schema-graph\">{\"@context\":\"https:\\\/\\\/schema.org\",\"@graph\":[{\"@type\":\"WebPage\",\"@id\":\"https:\\\/\\\/www.gulersan.com\\\/en\\\/urun\\\/mekanik-mazot-sayaci-3-haneli-k33\\\/\",\"url\":\"https:\\\/\\\/www.gulersan.com\\\/en\\\/urun\\\/mekanik-mazot-sayaci-3-haneli-k33\\\/\",\"name\":\"Mekanik Mazot Sayac\u0131 3 Haneli K33 - G\u00fclersan Ya\u011flama Cihazlar\u0131\",\"isPartOf\":{\"@id\":\"https:\\\/\\\/www.gulersan.com\\\/en\\\/#website\"},\"primaryImageOfPage\":{\"@id\":\"https:\\\/\\\/www.gulersan.com\\\/en\\\/urun\\\/mekanik-mazot-sayaci-3-haneli-k33\\\/#primaryimage\"},\"image\":{\"@id\":\"https:\\\/\\\/www.gulersan.com\\\/en\\\/urun\\\/mekanik-mazot-sayaci-3-haneli-k33\\\/#primaryimage\"},\"thumbnailUrl\":\"https:\\\/\\\/www.gulersan.com\\\/wp-content\\\/uploads\\\/2026\\\/05\\\/mazot-sayaci-k33-1.jpg\",\"datePublished\":\"2026-05-05T13:01:11+00:00\",\"dateModified\":\"2026-05-05T13:01:25+00:00\",\"breadcrumb\":{\"@id\":\"https:\\\/\\\/www.gulersan.com\\\/en\\\/urun\\\/mekanik-mazot-sayaci-3-haneli-k33\\\/#breadcrumb\"},\"inLanguage\":\"en-US\",\"potentialAction\":[{\"@type\":\"ReadAction\",\"target\":[\"https:\\\/\\\/www.gulersan.com\\\/en\\\/urun\\\/mekanik-mazot-sayaci-3-haneli-k33\\\/\"]}]},{\"@type\":\"ImageObject\",\"inLanguage\":\"en-US\",\"@id\":\"https:\\\/\\\/www.gulersan.com\\\/en\\\/urun\\\/mekanik-mazot-sayaci-3-haneli-k33\\\/#primaryimage\",\"url\":\"https:\\\/\\\/www.gulersan.com\\\/wp-content\\\/uploads\\\/2026\\\/05\\\/mazot-sayaci-k33-1.jpg\",\"contentUrl\":\"https:\\\/\\\/www.gulersan.com\\\/wp-content\\\/uploads\\\/2026\\\/05\\\/mazot-sayaci-k33-1.jpg\",\"width\":577,\"height\":537},{\"@type\":\"BreadcrumbList\",\"@id\":\"https:\\\/\\\/www.gulersan.com\\\/en\\\/urun\\\/mekanik-mazot-sayaci-3-haneli-k33\\\/#breadcrumb\",\"itemListElement\":[{\"@type\":\"ListItem\",\"position\":1,\"name\":\"Anasayfa\",\"item\":\"https:\\\/\\\/www.gulersan.com\\\/en\\\/\"},{\"@type\":\"ListItem\",\"position\":2,\"name\":\"\\\/\",\"item\":\"https:\\\/\\\/www.gulersan.com\\\/shop\\\/\"},{\"@type\":\"ListItem\",\"position\":3,\"name\":\"GLS Garaj Ekipmanlar\u0131\",\"item\":\"https:\\\/\\\/www.gulersan.com\\\/en\\\/urun-kategori\\\/gls-garaj-ekipmanlari\\\/\"},{\"@type\":\"ListItem\",\"position\":4,\"name\":\"Mazot Pompa ve Saya\u00e7lar\u0131\",\"item\":\"https:\\\/\\\/www.gulersan.com\\\/en\\\/urun-kategori\\\/gls-garaj-ekipmanlari\\\/mazot-pompa-ve-sayaclari\\\/\"},{\"@type\":\"ListItem\",\"position\":5,\"name\":\"Mazot Saya\u00e7lar\u0131\",\"item\":\"https:\\\/\\\/www.gulersan.com\\\/en\\\/urun-kategori\\\/gls-garaj-ekipmanlari\\\/mazot-pompa-ve-sayaclari\\\/mazot-sayaclari\\\/\"},{\"@type\":\"ListItem\",\"position\":6,\"name\":\"Mekanik Mazot Sayac\u0131 3 Haneli K33\"}]},{\"@type\":\"WebSite\",\"@id\":\"https:\\\/\\\/www.gulersan.com\\\/en\\\/#website\",\"url\":\"https:\\\/\\\/www.gulersan.com\\\/en\\\/\",\"name\":\"G\u00fclersan Ya\u011flama Cihazlar\u0131\",\"description\":\"Ya\u011flama Makinesi | Haval\u0131 Gres Pompas\u0131 | Ya\u011flama Pompas\u0131 | Ya\u011f \u00c7ekme Pompas\u0131\",\"publisher\":{\"@id\":\"https:\\\/\\\/www.gulersan.com\\\/en\\\/#organization\"},\"potentialAction\":[{\"@type\":\"SearchAction\",\"target\":{\"@type\":\"EntryPoint\",\"urlTemplate\":\"https:\\\/\\\/www.gulersan.com\\\/en\\\/?s={search_term_string}\"},\"query-input\":{\"@type\":\"PropertyValueSpecification\",\"valueRequired\":true,\"valueName\":\"search_term_string\"}}],\"inLanguage\":\"en-US\"},{\"@type\":\"Organization\",\"@id\":\"https:\\\/\\\/www.gulersan.com\\\/en\\\/#organization\",\"name\":\"G\u00fclersan Ya\u011flama Cihazlar\u0131\",\"url\":\"https:\\\/\\\/www.gulersan.com\\\/en\\\/\",\"logo\":{\"@type\":\"ImageObject\",\"inLanguage\":\"en-US\",\"@id\":\"https:\\\/\\\/www.gulersan.com\\\/en\\\/#\\\/schema\\\/logo\\\/image\\\/\",\"url\":\"https:\\\/\\\/www.gulersan.com\\\/wp-content\\\/uploads\\\/2021\\\/01\\\/gulersan-logo-tr.png\",\"contentUrl\":\"https:\\\/\\\/www.gulersan.com\\\/wp-content\\\/uploads\\\/2021\\\/01\\\/gulersan-logo-tr.png\",\"width\":1242,\"height\":302,\"caption\":\"G\u00fclersan Ya\u011flama Cihazlar\u0131\"},\"image\":{\"@id\":\"https:\\\/\\\/www.gulersan.com\\\/en\\\/#\\\/schema\\\/logo\\\/image\\\/\"}}]}<\/script>\n<!-- \/ Yoast SEO plugin. -->","yoast_head_json":{"title":"Mekanik Mazot Sayac\u0131 3 Haneli K33 - G\u00fclersan Ya\u011flama Cihazlar\u0131","robots":{"index":"index","follow":"follow","max-snippet":"max-snippet:-1","max-image-preview":"max-image-preview:large","max-video-preview":"max-video-preview:-1"},"canonical":"https:\/\/www.gulersan.com\/en\/urun\/mekanik-mazot-sayaci-3-haneli-k33\/","og_locale":"en_US","og_type":"article","og_title":"Mekanik Mazot Sayac\u0131 3 Haneli K33 - G\u00fclersan Ya\u011flama Cihazlar\u0131","og_description":"Mekanik Mazot Sayac\u0131 3 Haneli K33 Teknik \u00d6zellikleri Verim : 20-120 Lt \/ Dk \u00a0S\u0131f\u0131rlanabilir Numarat\u00f6r : 3 Hane Toplam Numarat\u00f6r : 6 Hane Hassasiyet : \u00b1 % 1 Giri\u015f \u00c7\u0131k\u0131\u015f : 1&#8243; Bsp Patlama Bas\u0131nc\u0131 : 30 Bar \u00dcr\u00fcn \u00d6zellikleri K33, dizelin izlenmesi i\u00e7in uygun mekanik saya\u00e7t\u0131r. Mekanik debimetre olarak K33, 3 haneli (maks.","og_url":"https:\/\/www.gulersan.com\/en\/urun\/mekanik-mazot-sayaci-3-haneli-k33\/","og_site_name":"G\u00fclersan Ya\u011flama Cihazlar\u0131","article_modified_time":"2026-05-05T13:01:25+00:00","og_image":[{"width":577,"height":537,"url":"https:\/\/www.gulersan.com\/wp-content\/uploads\/2026\/05\/mazot-sayaci-k33-1.jpg","type":"image\/jpeg"}],"twitter_card":"summary_large_image","twitter_misc":{"Est. reading time":"1 minute"},"schema":{"@context":"https:\/\/schema.org","@graph":[{"@type":"WebPage","@id":"https:\/\/www.gulersan.com\/en\/urun\/mekanik-mazot-sayaci-3-haneli-k33\/","url":"https:\/\/www.gulersan.com\/en\/urun\/mekanik-mazot-sayaci-3-haneli-k33\/","name":"Mekanik Mazot Sayac\u0131 3 Haneli K33 - G\u00fclersan Ya\u011flama Cihazlar\u0131","isPartOf":{"@id":"https:\/\/www.gulersan.com\/en\/#website"},"primaryImageOfPage":{"@id":"https:\/\/www.gulersan.com\/en\/urun\/mekanik-mazot-sayaci-3-haneli-k33\/#primaryimage"},"image":{"@id":"https:\/\/www.gulersan.com\/en\/urun\/mekanik-mazot-sayaci-3-haneli-k33\/#primaryimage"},"thumbnailUrl":"https:\/\/www.gulersan.com\/wp-content\/uploads\/2026\/05\/mazot-sayaci-k33-1.jpg","datePublished":"2026-05-05T13:01:11+00:00","dateModified":"2026-05-05T13:01:25+00:00","breadcrumb":{"@id":"https:\/\/www.gulersan.com\/en\/urun\/mekanik-mazot-sayaci-3-haneli-k33\/#breadcrumb"},"inLanguage":"en-US","potentialAction":[{"@type":"ReadAction","target":["https:\/\/www.gulersan.com\/en\/urun\/mekanik-mazot-sayaci-3-haneli-k33\/"]}]},{"@type":"ImageObject","inLanguage":"en-US","@id":"https:\/\/www.gulersan.com\/en\/urun\/mekanik-mazot-sayaci-3-haneli-k33\/#primaryimage","url":"https:\/\/www.gulersan.com\/wp-content\/uploads\/2026\/05\/mazot-sayaci-k33-1.jpg","contentUrl":"https:\/\/www.gulersan.com\/wp-content\/uploads\/2026\/05\/mazot-sayaci-k33-1.jpg","width":577,"height":537},{"@type":"BreadcrumbList","@id":"https:\/\/www.gulersan.com\/en\/urun\/mekanik-mazot-sayaci-3-haneli-k33\/#breadcrumb","itemListElement":[{"@type":"ListItem","position":1,"name":"Anasayfa","item":"https:\/\/www.gulersan.com\/en\/"},{"@type":"ListItem","position":2,"name":"\/","item":"https:\/\/www.gulersan.com\/shop\/"},{"@type":"ListItem","position":3,"name":"GLS Garaj Ekipmanlar\u0131","item":"https:\/\/www.gulersan.com\/en\/urun-kategori\/gls-garaj-ekipmanlari\/"},{"@type":"ListItem","position":4,"name":"Mazot Pompa ve Saya\u00e7lar\u0131","item":"https:\/\/www.gulersan.com\/en\/urun-kategori\/gls-garaj-ekipmanlari\/mazot-pompa-ve-sayaclari\/"},{"@type":"ListItem","position":5,"name":"Mazot Saya\u00e7lar\u0131","item":"https:\/\/www.gulersan.com\/en\/urun-kategori\/gls-garaj-ekipmanlari\/mazot-pompa-ve-sayaclari\/mazot-sayaclari\/"},{"@type":"ListItem","position":6,"name":"Mekanik Mazot Sayac\u0131 3 Haneli K33"}]},{"@type":"WebSite","@id":"https:\/\/www.gulersan.com\/en\/#website","url":"https:\/\/www.gulersan.com\/en\/","name":"G\u00fclersan Ya\u011flama Cihazlar\u0131","description":"Ya\u011flama Makinesi | Haval\u0131 Gres Pompas\u0131 | Ya\u011flama Pompas\u0131 | Ya\u011f \u00c7ekme Pompas\u0131","publisher":{"@id":"https:\/\/www.gulersan.com\/en\/#organization"},"potentialAction":[{"@type":"SearchAction","target":{"@type":"EntryPoint","urlTemplate":"https:\/\/www.gulersan.com\/en\/?s={search_term_string}"},"query-input":{"@type":"PropertyValueSpecification","valueRequired":true,"valueName":"search_term_string"}}],"inLanguage":"en-US"},{"@type":"Organization","@id":"https:\/\/www.gulersan.com\/en\/#organization","name":"G\u00fclersan Ya\u011flama Cihazlar\u0131","url":"https:\/\/www.gulersan.com\/en\/","logo":{"@type":"ImageObject","inLanguage":"en-US","@id":"https:\/\/www.gulersan.com\/en\/#\/schema\/logo\/image\/","url":"https:\/\/www.gulersan.com\/wp-content\/uploads\/2021\/01\/gulersan-logo-tr.png","contentUrl":"https:\/\/www.gulersan.com\/wp-content\/uploads\/2021\/01\/gulersan-logo-tr.png","width":1242,"height":302,"caption":"G\u00fclersan Ya\u011flama Cihazlar\u0131"},"image":{"@id":"https:\/\/www.gulersan.com\/en\/#\/schema\/logo\/image\/"}}]}},"_links":{"self":[{"href":"https:\/\/www.gulersan.com\/en\/wp-json\/wp\/v2\/product\/14715","targetHints":{"allow":["GET"]}}],"collection":[{"href":"https:\/\/www.gulersan.com\/en\/wp-json\/wp\/v2\/product"}],"about":[{"href":"https:\/\/www.gulersan.com\/en\/wp-json\/wp\/v2\/types\/product"}],"replies":[{"embeddable":true,"href":"https:\/\/www.gulersan.com\/en\/wp-json\/wp\/v2\/comments?post=14715"}],"wp:featuredmedia":[{"embeddable":true,"href":"https:\/\/www.gulersan.com\/en\/wp-json\/wp\/v2\/media\/14716"}],"wp:attachment":[{"href":"https:\/\/www.gulersan.com\/en\/wp-json\/wp\/v2\/media?parent=14715"}],"wp:term":[{"taxonomy":"product_brand","embeddable":true,"href":"https:\/\/www.gulersan.com\/en\/wp-json\/wp\/v2\/product_brand?post=14715"},{"taxonomy":"product_cat","embeddable":true,"href":"https:\/\/www.gulersan.com\/en\/wp-json\/wp\/v2\/product_cat?post=14715"},{"taxonomy":"product_tag","embeddable":true,"href":"https:\/\/www.gulersan.com\/en\/wp-json\/wp\/v2\/product_tag?post=14715"}],"curies":[{"name":"wp","href":"https:\/\/api.w.org\/{rel}","templated":true}]}}