{"id":14719,"date":"2026-05-05T16:01:11","date_gmt":"2026-05-05T13:01:11","guid":{"rendered":"https:\/\/www.gulersan.com\/urun\/dijital-mazot-sayaci-k24\/"},"modified":"2026-05-05T16:01:26","modified_gmt":"2026-05-05T13:01:26","slug":"dijital-mazot-sayaci-k24","status":"publish","type":"product","link":"https:\/\/www.gulersan.com\/en\/urun\/dijital-mazot-sayaci-k24\/","title":{"rendered":"Dijital Mazot Sayac\u0131 K24"},"content":{"rendered":"<h2 style=\"text-align: left;\"><span style=\"color: #000080;\"><strong>Dijital Mazot Sayac\u0131 K24<\/strong><\/span><\/h2>\n<div>\n<p><span style=\"font-size: 120%;\"><strong><img loading=\"lazy\" decoding=\"async\" class=\"alignnone wp-image-12531\" src=\"https:\/\/www.glsgaraj.com\/wp-content\/uploads\/2021\/06\/konuiciikon.png\" alt=\"\" width=\"18\" height=\"19\" \/> Teknik \u00d6zellikleri<\/strong><\/span><\/p>\n<p><img loading=\"lazy\" decoding=\"async\" class=\"alignnone wp-image-12535\" src=\"https:\/\/www.glsgaraj.com\/wp-content\/uploads\/2021\/06\/tikisareti-1.png\" alt=\"\" width=\"20\" height=\"18\" \/> Verim : 7-120 Lt \/ Dk<br \/>\n<img loading=\"lazy\" decoding=\"async\" class=\"alignnone wp-image-12535\" src=\"https:\/\/www.glsgaraj.com\/wp-content\/uploads\/2021\/06\/tikisareti-1.png\" alt=\"\" width=\"20\" height=\"18\" \/> S\u0131f\u0131rlanabilir Numarat\u00f6r : 5 Hane<br \/>\n<img loading=\"lazy\" decoding=\"async\" class=\"alignnone wp-image-12535\" src=\"https:\/\/www.glsgaraj.com\/wp-content\/uploads\/2021\/06\/tikisareti-1.png\" alt=\"\" width=\"20\" height=\"18\" \/> Toplam Numarat\u00f6r : 6 Hane<br \/>\n<img loading=\"lazy\" decoding=\"async\" class=\"alignnone wp-image-12535\" src=\"https:\/\/www.glsgaraj.com\/wp-content\/uploads\/2021\/06\/tikisareti-1.png\" alt=\"\" width=\"20\" height=\"18\" \/> Hassasiyet : \u00b1 % 1<br \/>\n<img loading=\"lazy\" decoding=\"async\" class=\"alignnone wp-image-12535\" src=\"https:\/\/www.glsgaraj.com\/wp-content\/uploads\/2021\/06\/tikisareti-1.png\" alt=\"\" width=\"20\" height=\"18\" \/> Giri\u015f \u00c7\u0131k\u0131\u015f : 1&#8243; Bsp<br \/>\n<img loading=\"lazy\" decoding=\"async\" class=\"alignnone wp-image-12535\" src=\"https:\/\/www.glsgaraj.com\/wp-content\/uploads\/2021\/06\/tikisareti-1.png\" alt=\"\" width=\"20\" height=\"18\" \/> Pil : 2xAAA<\/p>\n<p><span style=\"font-size: 120%;\"><strong><img loading=\"lazy\" decoding=\"async\" class=\"alignnone wp-image-12531\" src=\"https:\/\/www.glsgaraj.com\/wp-content\/uploads\/2021\/06\/konuiciikon.png\" alt=\"\" width=\"18\" height=\"19\" \/> \u00dcr\u00fcn \u00d6zellikleri<\/strong><\/span><\/p>\n<p>Dizel yak\u0131t\u0131n izlenmesi i\u00e7in uygun bir dijital t\u00fcrbin tip saya\u00e7t\u0131r. Dizel i\u00e7in K24 A dijital litre sayac\u0131, d\u00fc\u015f\u00fck viskoziteli s\u0131v\u0131lar i\u00e7in da\u011f\u0131t\u0131m ak\u0131\u015f\u0131n\u0131 izlemek \u00fczere tasarlanm\u0131\u015ft\u0131r. Da\u011f\u0131t\u0131m borusunun hatt\u0131na veya ucuna kurulumu kolay K24, okumay\u0131 kolayla\u015ft\u0131rmak i\u00e7in \u00e7e\u015fitli konumlarda uygulanabilen bir ekranla donat\u0131lm\u0131\u015ft\u0131r. Sa\u011flam g\u00f6vde ve s\u0131zd\u0131rmaz dahili elektronik kart, onu hemen hemen her \u00e7al\u0131\u015fma ko\u015fulunda kullan\u0131ma uygun hale getirir. K24 A, bir al\u00fcminyum g\u00f6vde ve bir polipropilen t\u00fcrbin ile donat\u0131lm\u0131\u015ft\u0131r. LCD ekranl\u0131 elektronik kart, 0,1&#8217;den 99999&#8217;a kadar 5 hanenin bir k\u0131sm\u0131n\u0131 g\u00f6sterir, toplam 6 hane 1&#8217;den 999999&#8217;a Toplam, s\u0131f\u0131rlanabilir. Desteklenen ak\u0131\u015f h\u0131z\u0131 da maksimum 120 Lt \/ dakikada ekranda g\u00f6sterilir. K24 A dizel litre sayac\u0131 +\/- %1&#8217;lik bir say\u0131m do\u011frulu\u011funu garanti eder, say\u0131m do\u011fru de\u011filse K24, \u00e7al\u0131\u015fmas\u0131nda maksimum hassasiyet sa\u011flamak i\u00e7in her zaman kalibre edilebilir. 120 l\/dk&#8217;da &lt;0,03 bar bas\u0131n\u00e7 d\u00fc\u015f\u00fc\u015f\u00fc ve %0,2 tekrarlanabilirlik ile K24 litre sayac\u0131 iki adet AAA pil ile \u00e7al\u0131\u015f\u0131r. D\u00f6ner ekran\u0131 sayesinde K24 A, her t\u00fcrl\u00fc uygulamaya ve \u00e7al\u0131\u015fma ko\u015fuluna uyum sa\u011flar.<\/p>\n<\/div>\n","protected":false},"excerpt":{"rendered":"<p>Dijital Mazot Sayac\u0131 K24 Teknik \u00d6zellikleri Verim : 7-120 Lt \/ Dk S\u0131f\u0131rlanabilir Numarat\u00f6r : 5 Hane Toplam Numarat\u00f6r : 6 Hane Hassasiyet : \u00b1 % 1 Giri\u015f \u00c7\u0131k\u0131\u015f : 1&#8243; Bsp Pil : 2xAAA \u00dcr\u00fcn \u00d6zellikleri Dizel yak\u0131t\u0131n izlenmesi i\u00e7in uygun bir dijital t\u00fcrbin tip saya\u00e7t\u0131r. Dizel i\u00e7in K24 A dijital litre sayac\u0131, d\u00fc\u015f\u00fck<\/p>\n","protected":false},"featured_media":14720,"comment_status":"closed","ping_status":"open","template":"","meta":[],"product_brand":[],"product_cat":[1401,1402],"product_tag":[],"class_list":{"0":"post-14719","1":"product","2":"type-product","3":"status-publish","4":"has-post-thumbnail","6":"product_cat-mazot-pompa-ve-sayaclari","7":"product_cat-mazot-sayaclari","9":"first","10":"instock","11":"product-type-simple"},"yoast_head":"<!-- This site is optimized with the Yoast SEO plugin v27.6 - https:\/\/yoast.com\/product\/yoast-seo-wordpress\/ -->\n<title>Dijital Mazot Sayac\u0131 K24 - G\u00fclersan Ya\u011flama Cihazlar\u0131<\/title>\n<meta name=\"robots\" content=\"index, follow, max-snippet:-1, max-image-preview:large, max-video-preview:-1\" \/>\n<link rel=\"canonical\" href=\"https:\/\/www.gulersan.com\/en\/urun\/dijital-mazot-sayaci-k24\/\" \/>\n<meta property=\"og:locale\" content=\"en_US\" \/>\n<meta property=\"og:type\" content=\"article\" \/>\n<meta property=\"og:title\" content=\"Dijital Mazot Sayac\u0131 K24 - G\u00fclersan Ya\u011flama Cihazlar\u0131\" \/>\n<meta property=\"og:description\" content=\"Dijital Mazot Sayac\u0131 K24 Teknik \u00d6zellikleri Verim : 7-120 Lt \/ Dk S\u0131f\u0131rlanabilir Numarat\u00f6r : 5 Hane Toplam Numarat\u00f6r : 6 Hane Hassasiyet : \u00b1 % 1 Giri\u015f \u00c7\u0131k\u0131\u015f : 1&#8243; Bsp Pil : 2xAAA \u00dcr\u00fcn \u00d6zellikleri Dizel yak\u0131t\u0131n izlenmesi i\u00e7in uygun bir dijital t\u00fcrbin tip saya\u00e7t\u0131r. Dizel i\u00e7in K24 A dijital litre sayac\u0131, d\u00fc\u015f\u00fck\" \/>\n<meta property=\"og:url\" content=\"https:\/\/www.gulersan.com\/en\/urun\/dijital-mazot-sayaci-k24\/\" \/>\n<meta property=\"og:site_name\" content=\"G\u00fclersan Ya\u011flama Cihazlar\u0131\" \/>\n<meta property=\"article:modified_time\" content=\"2026-05-05T13:01:26+00:00\" \/>\n<meta property=\"og:image\" content=\"https:\/\/www.gulersan.com\/wp-content\/uploads\/2026\/05\/K24_F00408100-1.jpg\" \/>\n\t<meta property=\"og:image:width\" content=\"511\" \/>\n\t<meta property=\"og:image:height\" content=\"496\" \/>\n\t<meta property=\"og:image:type\" content=\"image\/jpeg\" \/>\n<meta name=\"twitter:card\" content=\"summary_large_image\" \/>\n<meta name=\"twitter:label1\" content=\"Est. reading time\" \/>\n\t<meta name=\"twitter:data1\" content=\"1 minute\" \/>\n<script type=\"application\/ld+json\" class=\"yoast-schema-graph\">{\"@context\":\"https:\\\/\\\/schema.org\",\"@graph\":[{\"@type\":\"WebPage\",\"@id\":\"https:\\\/\\\/www.gulersan.com\\\/en\\\/urun\\\/dijital-mazot-sayaci-k24\\\/\",\"url\":\"https:\\\/\\\/www.gulersan.com\\\/en\\\/urun\\\/dijital-mazot-sayaci-k24\\\/\",\"name\":\"Dijital Mazot Sayac\u0131 K24 - G\u00fclersan Ya\u011flama Cihazlar\u0131\",\"isPartOf\":{\"@id\":\"https:\\\/\\\/www.gulersan.com\\\/en\\\/#website\"},\"primaryImageOfPage\":{\"@id\":\"https:\\\/\\\/www.gulersan.com\\\/en\\\/urun\\\/dijital-mazot-sayaci-k24\\\/#primaryimage\"},\"image\":{\"@id\":\"https:\\\/\\\/www.gulersan.com\\\/en\\\/urun\\\/dijital-mazot-sayaci-k24\\\/#primaryimage\"},\"thumbnailUrl\":\"https:\\\/\\\/www.gulersan.com\\\/wp-content\\\/uploads\\\/2026\\\/05\\\/K24_F00408100-1.jpg\",\"datePublished\":\"2026-05-05T13:01:11+00:00\",\"dateModified\":\"2026-05-05T13:01:26+00:00\",\"breadcrumb\":{\"@id\":\"https:\\\/\\\/www.gulersan.com\\\/en\\\/urun\\\/dijital-mazot-sayaci-k24\\\/#breadcrumb\"},\"inLanguage\":\"en-US\",\"potentialAction\":[{\"@type\":\"ReadAction\",\"target\":[\"https:\\\/\\\/www.gulersan.com\\\/en\\\/urun\\\/dijital-mazot-sayaci-k24\\\/\"]}]},{\"@type\":\"ImageObject\",\"inLanguage\":\"en-US\",\"@id\":\"https:\\\/\\\/www.gulersan.com\\\/en\\\/urun\\\/dijital-mazot-sayaci-k24\\\/#primaryimage\",\"url\":\"https:\\\/\\\/www.gulersan.com\\\/wp-content\\\/uploads\\\/2026\\\/05\\\/K24_F00408100-1.jpg\",\"contentUrl\":\"https:\\\/\\\/www.gulersan.com\\\/wp-content\\\/uploads\\\/2026\\\/05\\\/K24_F00408100-1.jpg\",\"width\":511,\"height\":496},{\"@type\":\"BreadcrumbList\",\"@id\":\"https:\\\/\\\/www.gulersan.com\\\/en\\\/urun\\\/dijital-mazot-sayaci-k24\\\/#breadcrumb\",\"itemListElement\":[{\"@type\":\"ListItem\",\"position\":1,\"name\":\"Anasayfa\",\"item\":\"https:\\\/\\\/www.gulersan.com\\\/en\\\/\"},{\"@type\":\"ListItem\",\"position\":2,\"name\":\"\\\/\",\"item\":\"https:\\\/\\\/www.gulersan.com\\\/shop\\\/\"},{\"@type\":\"ListItem\",\"position\":3,\"name\":\"GLS Garaj Ekipmanlar\u0131\",\"item\":\"https:\\\/\\\/www.gulersan.com\\\/en\\\/urun-kategori\\\/gls-garaj-ekipmanlari\\\/\"},{\"@type\":\"ListItem\",\"position\":4,\"name\":\"Mazot Pompa ve Saya\u00e7lar\u0131\",\"item\":\"https:\\\/\\\/www.gulersan.com\\\/en\\\/urun-kategori\\\/gls-garaj-ekipmanlari\\\/mazot-pompa-ve-sayaclari\\\/\"},{\"@type\":\"ListItem\",\"position\":5,\"name\":\"Mazot Saya\u00e7lar\u0131\",\"item\":\"https:\\\/\\\/www.gulersan.com\\\/en\\\/urun-kategori\\\/gls-garaj-ekipmanlari\\\/mazot-pompa-ve-sayaclari\\\/mazot-sayaclari\\\/\"},{\"@type\":\"ListItem\",\"position\":6,\"name\":\"Dijital Mazot Sayac\u0131 K24\"}]},{\"@type\":\"WebSite\",\"@id\":\"https:\\\/\\\/www.gulersan.com\\\/en\\\/#website\",\"url\":\"https:\\\/\\\/www.gulersan.com\\\/en\\\/\",\"name\":\"G\u00fclersan Ya\u011flama Cihazlar\u0131\",\"description\":\"Ya\u011flama Makinesi | Haval\u0131 Gres Pompas\u0131 | Ya\u011flama Pompas\u0131 | Ya\u011f \u00c7ekme Pompas\u0131\",\"publisher\":{\"@id\":\"https:\\\/\\\/www.gulersan.com\\\/en\\\/#organization\"},\"potentialAction\":[{\"@type\":\"SearchAction\",\"target\":{\"@type\":\"EntryPoint\",\"urlTemplate\":\"https:\\\/\\\/www.gulersan.com\\\/en\\\/?s={search_term_string}\"},\"query-input\":{\"@type\":\"PropertyValueSpecification\",\"valueRequired\":true,\"valueName\":\"search_term_string\"}}],\"inLanguage\":\"en-US\"},{\"@type\":\"Organization\",\"@id\":\"https:\\\/\\\/www.gulersan.com\\\/en\\\/#organization\",\"name\":\"G\u00fclersan Ya\u011flama Cihazlar\u0131\",\"url\":\"https:\\\/\\\/www.gulersan.com\\\/en\\\/\",\"logo\":{\"@type\":\"ImageObject\",\"inLanguage\":\"en-US\",\"@id\":\"https:\\\/\\\/www.gulersan.com\\\/en\\\/#\\\/schema\\\/logo\\\/image\\\/\",\"url\":\"https:\\\/\\\/www.gulersan.com\\\/wp-content\\\/uploads\\\/2021\\\/01\\\/gulersan-logo-tr.png\",\"contentUrl\":\"https:\\\/\\\/www.gulersan.com\\\/wp-content\\\/uploads\\\/2021\\\/01\\\/gulersan-logo-tr.png\",\"width\":1242,\"height\":302,\"caption\":\"G\u00fclersan Ya\u011flama Cihazlar\u0131\"},\"image\":{\"@id\":\"https:\\\/\\\/www.gulersan.com\\\/en\\\/#\\\/schema\\\/logo\\\/image\\\/\"}}]}<\/script>\n<!-- \/ Yoast SEO plugin. -->","yoast_head_json":{"title":"Dijital Mazot Sayac\u0131 K24 - G\u00fclersan Ya\u011flama Cihazlar\u0131","robots":{"index":"index","follow":"follow","max-snippet":"max-snippet:-1","max-image-preview":"max-image-preview:large","max-video-preview":"max-video-preview:-1"},"canonical":"https:\/\/www.gulersan.com\/en\/urun\/dijital-mazot-sayaci-k24\/","og_locale":"en_US","og_type":"article","og_title":"Dijital Mazot Sayac\u0131 K24 - G\u00fclersan Ya\u011flama Cihazlar\u0131","og_description":"Dijital Mazot Sayac\u0131 K24 Teknik \u00d6zellikleri Verim : 7-120 Lt \/ Dk S\u0131f\u0131rlanabilir Numarat\u00f6r : 5 Hane Toplam Numarat\u00f6r : 6 Hane Hassasiyet : \u00b1 % 1 Giri\u015f \u00c7\u0131k\u0131\u015f : 1&#8243; Bsp Pil : 2xAAA \u00dcr\u00fcn \u00d6zellikleri Dizel yak\u0131t\u0131n izlenmesi i\u00e7in uygun bir dijital t\u00fcrbin tip saya\u00e7t\u0131r. Dizel i\u00e7in K24 A dijital litre sayac\u0131, d\u00fc\u015f\u00fck","og_url":"https:\/\/www.gulersan.com\/en\/urun\/dijital-mazot-sayaci-k24\/","og_site_name":"G\u00fclersan Ya\u011flama Cihazlar\u0131","article_modified_time":"2026-05-05T13:01:26+00:00","og_image":[{"width":511,"height":496,"url":"https:\/\/www.gulersan.com\/wp-content\/uploads\/2026\/05\/K24_F00408100-1.jpg","type":"image\/jpeg"}],"twitter_card":"summary_large_image","twitter_misc":{"Est. reading time":"1 minute"},"schema":{"@context":"https:\/\/schema.org","@graph":[{"@type":"WebPage","@id":"https:\/\/www.gulersan.com\/en\/urun\/dijital-mazot-sayaci-k24\/","url":"https:\/\/www.gulersan.com\/en\/urun\/dijital-mazot-sayaci-k24\/","name":"Dijital Mazot Sayac\u0131 K24 - G\u00fclersan Ya\u011flama Cihazlar\u0131","isPartOf":{"@id":"https:\/\/www.gulersan.com\/en\/#website"},"primaryImageOfPage":{"@id":"https:\/\/www.gulersan.com\/en\/urun\/dijital-mazot-sayaci-k24\/#primaryimage"},"image":{"@id":"https:\/\/www.gulersan.com\/en\/urun\/dijital-mazot-sayaci-k24\/#primaryimage"},"thumbnailUrl":"https:\/\/www.gulersan.com\/wp-content\/uploads\/2026\/05\/K24_F00408100-1.jpg","datePublished":"2026-05-05T13:01:11+00:00","dateModified":"2026-05-05T13:01:26+00:00","breadcrumb":{"@id":"https:\/\/www.gulersan.com\/en\/urun\/dijital-mazot-sayaci-k24\/#breadcrumb"},"inLanguage":"en-US","potentialAction":[{"@type":"ReadAction","target":["https:\/\/www.gulersan.com\/en\/urun\/dijital-mazot-sayaci-k24\/"]}]},{"@type":"ImageObject","inLanguage":"en-US","@id":"https:\/\/www.gulersan.com\/en\/urun\/dijital-mazot-sayaci-k24\/#primaryimage","url":"https:\/\/www.gulersan.com\/wp-content\/uploads\/2026\/05\/K24_F00408100-1.jpg","contentUrl":"https:\/\/www.gulersan.com\/wp-content\/uploads\/2026\/05\/K24_F00408100-1.jpg","width":511,"height":496},{"@type":"BreadcrumbList","@id":"https:\/\/www.gulersan.com\/en\/urun\/dijital-mazot-sayaci-k24\/#breadcrumb","itemListElement":[{"@type":"ListItem","position":1,"name":"Anasayfa","item":"https:\/\/www.gulersan.com\/en\/"},{"@type":"ListItem","position":2,"name":"\/","item":"https:\/\/www.gulersan.com\/shop\/"},{"@type":"ListItem","position":3,"name":"GLS Garaj Ekipmanlar\u0131","item":"https:\/\/www.gulersan.com\/en\/urun-kategori\/gls-garaj-ekipmanlari\/"},{"@type":"ListItem","position":4,"name":"Mazot Pompa ve Saya\u00e7lar\u0131","item":"https:\/\/www.gulersan.com\/en\/urun-kategori\/gls-garaj-ekipmanlari\/mazot-pompa-ve-sayaclari\/"},{"@type":"ListItem","position":5,"name":"Mazot Saya\u00e7lar\u0131","item":"https:\/\/www.gulersan.com\/en\/urun-kategori\/gls-garaj-ekipmanlari\/mazot-pompa-ve-sayaclari\/mazot-sayaclari\/"},{"@type":"ListItem","position":6,"name":"Dijital Mazot Sayac\u0131 K24"}]},{"@type":"WebSite","@id":"https:\/\/www.gulersan.com\/en\/#website","url":"https:\/\/www.gulersan.com\/en\/","name":"G\u00fclersan Ya\u011flama Cihazlar\u0131","description":"Ya\u011flama Makinesi | Haval\u0131 Gres Pompas\u0131 | Ya\u011flama Pompas\u0131 | Ya\u011f \u00c7ekme Pompas\u0131","publisher":{"@id":"https:\/\/www.gulersan.com\/en\/#organization"},"potentialAction":[{"@type":"SearchAction","target":{"@type":"EntryPoint","urlTemplate":"https:\/\/www.gulersan.com\/en\/?s={search_term_string}"},"query-input":{"@type":"PropertyValueSpecification","valueRequired":true,"valueName":"search_term_string"}}],"inLanguage":"en-US"},{"@type":"Organization","@id":"https:\/\/www.gulersan.com\/en\/#organization","name":"G\u00fclersan Ya\u011flama Cihazlar\u0131","url":"https:\/\/www.gulersan.com\/en\/","logo":{"@type":"ImageObject","inLanguage":"en-US","@id":"https:\/\/www.gulersan.com\/en\/#\/schema\/logo\/image\/","url":"https:\/\/www.gulersan.com\/wp-content\/uploads\/2021\/01\/gulersan-logo-tr.png","contentUrl":"https:\/\/www.gulersan.com\/wp-content\/uploads\/2021\/01\/gulersan-logo-tr.png","width":1242,"height":302,"caption":"G\u00fclersan Ya\u011flama Cihazlar\u0131"},"image":{"@id":"https:\/\/www.gulersan.com\/en\/#\/schema\/logo\/image\/"}}]}},"_links":{"self":[{"href":"https:\/\/www.gulersan.com\/en\/wp-json\/wp\/v2\/product\/14719","targetHints":{"allow":["GET"]}}],"collection":[{"href":"https:\/\/www.gulersan.com\/en\/wp-json\/wp\/v2\/product"}],"about":[{"href":"https:\/\/www.gulersan.com\/en\/wp-json\/wp\/v2\/types\/product"}],"replies":[{"embeddable":true,"href":"https:\/\/www.gulersan.com\/en\/wp-json\/wp\/v2\/comments?post=14719"}],"wp:featuredmedia":[{"embeddable":true,"href":"https:\/\/www.gulersan.com\/en\/wp-json\/wp\/v2\/media\/14720"}],"wp:attachment":[{"href":"https:\/\/www.gulersan.com\/en\/wp-json\/wp\/v2\/media?parent=14719"}],"wp:term":[{"taxonomy":"product_brand","embeddable":true,"href":"https:\/\/www.gulersan.com\/en\/wp-json\/wp\/v2\/product_brand?post=14719"},{"taxonomy":"product_cat","embeddable":true,"href":"https:\/\/www.gulersan.com\/en\/wp-json\/wp\/v2\/product_cat?post=14719"},{"taxonomy":"product_tag","embeddable":true,"href":"https:\/\/www.gulersan.com\/en\/wp-json\/wp\/v2\/product_tag?post=14719"}],"curies":[{"name":"wp","href":"https:\/\/api.w.org\/{rel}","templated":true}]}}