{"id":14989,"date":"2026-05-05T16:03:12","date_gmt":"2026-05-05T13:03:12","guid":{"rendered":"https:\/\/www.gulersan.com\/urun\/calisma-masasi-12-cekmeceli-panolu-yarim-kapili-floresanli-elektrikli-uzun-tip-banko-3446\/"},"modified":"2026-05-05T16:03:21","modified_gmt":"2026-05-05T13:03:21","slug":"calisma-masasi-12-cekmeceli-panolu-yarim-kapili-floresanli-elektrikli-uzun-tip-banko-3446","status":"publish","type":"product","link":"https:\/\/www.gulersan.com\/en\/urun\/calisma-masasi-12-cekmeceli-panolu-yarim-kapili-floresanli-elektrikli-uzun-tip-banko-3446\/","title":{"rendered":"\u00c7al\u0131\u015fma Masas\u0131 12 \u00c7ekmeceli Panolu Yar\u0131m Kap\u0131l\u0131 Floresanl\u0131 Elektrikli Uzun Tip Banko 3446"},"content":{"rendered":"<h2 style=\"text-align: left;\"><span style=\"color: #000080;\"><strong>\u00c7al\u0131\u015fma Masas\u0131 12 \u00c7ekmeceli Panolu Yar\u0131m Kap\u0131l\u0131 Floresanl\u0131 Elektrikli Uzun Tip Banko 3446<\/strong><\/span><\/h2>\n<div>\n<p><span style=\"font-size: 120%;\"><strong><img loading=\"lazy\" decoding=\"async\" class=\"alignnone wp-image-12531\" src=\"https:\/\/www.glsgaraj.com\/wp-content\/uploads\/2021\/06\/konuiciikon.png\" alt=\"\" width=\"18\" height=\"19\" \/> Teknik \u00d6zellikler<\/strong><\/span><\/p>\n<p>Uzun tip bankoda kullan\u0131lan \u00e7ekmeceli dolaplar\u0131n ana g\u00f6vdeleri 1,20 mm dkp sacdan kaynakl\u0131 sa\u011flam \u00e7elik konstr\u00fcksiyonlu olarak \u00fcretilmektedir. \u00c7al\u0131\u015fma tezgah\u0131 i\u00e7inde 6 adet kullan\u0131m alan\u0131 net 600&#215;450 mm, 1 adet kullan\u0131m alan\u0131 net 450&#215;450 mm, 3 adet kullan\u0131m alan\u0131 net 300&#215;450 mm, 1 adet kullan\u0131m alan\u0131 net 1020&#215;450 mm \u00e7ekmece bulunmaktad\u0131r. \u00c7ekmece i\u00e7leri 17 mm aral\u0131kla ayarlanabilir metal seperat\u00f6r kanall\u0131d\u0131r. \u00c7ekmece kulplar\u0131nda eloksal kapl\u0131 al\u00fcminyum profiller kullan\u0131lmaktad\u0131r. Dolap i\u00e7inde 1 adet y\u00fcksekli\u011fi ayarlanabilir galvaniz rafl\u0131d\u0131r. \u00c7al\u0131\u015fma tezgah\u0131 \u00fczerinde bulunan masan\u0131n \u00fcst tablas\u0131 25 mm mdf kullan\u0131larak \u00fcretilmektedir. Masa arkas\u0131nda 1,20 mm dkp sacdan 10&#215;10 kare delikli olarak \u00fcretilmi\u015f tak\u0131m asma panosu mevcuttur. Masan\u0131n alt\u0131nda m12 rotil ayar vidalar\u0131 bulunmaktad\u0131r.<\/p>\n<table style=\"width: 100%; height: 274px;\" bgcolor=\"whitesmoke\">\n<tbody>\n<tr>\n<td style=\"height: 1px;\" colspan=\"4\" bgcolor=\"white\"><img loading=\"lazy\" decoding=\"async\" class=\"alignnone wp-image-4888\" style=\"color: #555555; font-size: 14.4px; background-color: #ffffff;\" src=\"https:\/\/www.gulersan.com\/wp-content\/uploads\/2020\/12\/cizgi.jpg\" alt=\"\" width=\"1454\" height=\"12\" srcset=\"https:\/\/www.gulersan.com\/wp-content\/uploads\/2020\/12\/cizgi.jpg 606w, https:\/\/www.gulersan.com\/wp-content\/uploads\/2020\/12\/cizgi-510x4.jpg 510w\" sizes=\"auto, (max-width: 1454px) 100vw, 1454px\" \/><\/td>\n<\/tr>\n<tr>\n<td><span style=\"font-size: 120%;\"><strong>\u00a0 \u00a0 \u00a0 En<\/strong><\/span><\/td>\n<td><\/td>\n<td style=\"text-align: right;\"><span style=\"font-size: 120%;\">1700 Mm\u00a0 \u00a0 \u00a0 \u00a0\u00a0<\/span><\/td>\n<\/tr>\n<tr>\n<td><span style=\"font-size: 120%;\"><strong>\u00a0 \u00a0 \u00a0 Derinlik<\/strong><\/span><\/td>\n<td><\/td>\n<td style=\"text-align: right;\"><span style=\"font-size: 120%;\">600 Mm\u00a0 \u00a0 \u00a0 \u00a0\u00a0<\/span><\/td>\n<\/tr>\n<tr>\n<td><span style=\"font-size: 120%;\"><strong>\u00a0 \u00a0 \u00a0 Y\u00fckseklik<\/strong><\/span><\/td>\n<td><\/td>\n<td style=\"text-align: right;\"><span style=\"font-size: 120%;\">900 Mm\u00a0 \u00a0 \u00a0 \u00a0\u00a0<\/span><\/td>\n<\/tr>\n<tr>\n<td><span style=\"font-size: 120%;\"><strong>\u00a0 \u00a0 \u00a0 Renk<\/strong><\/span><\/td>\n<td><\/td>\n<td style=\"text-align: right;\"><span style=\"font-size: 120%;\">Ral 5015\u00a0 \u00a0 \u00a0 \u00a0\u00a0<\/span><\/td>\n<\/tr>\n<\/tbody>\n<\/table>\n<p>&nbsp;<\/p>\n<p><span style=\"font-size: 120%;\"><strong><img loading=\"lazy\" decoding=\"async\" class=\"alignnone wp-image-12531\" src=\"https:\/\/www.glsgaraj.com\/wp-content\/uploads\/2021\/06\/konuiciikon.png\" alt=\"\" width=\"18\" height=\"19\" \/> Kullan\u0131ld\u0131\u011f\u0131 Yerler<\/strong><\/span><\/p>\n<p>\u00c7al\u0131\u015fma tezgah\u0131 modelleri her t\u00fcrl\u00fc \u00e7al\u0131\u015fma ortamlar\u0131nda, montaj, bak\u0131m, servis, \u00fcretim ve arge i\u00e7in kullan\u0131ma uygundur.<\/p>\n<p><span style=\"font-size: 120%;\"><strong><img loading=\"lazy\" decoding=\"async\" class=\"alignnone wp-image-12531\" src=\"https:\/\/www.glsgaraj.com\/wp-content\/uploads\/2021\/06\/konuiciikon.png\" alt=\"\" width=\"18\" height=\"19\" \/> \u00dcr\u00fcn Avantajlar\u0131<\/strong><\/span><\/p>\n<p>12 \u00e7ekmeceli ve dolapl\u0131 \u00e7al\u0131\u015fma tezgahlar\u0131 kullan\u0131m ama\u00e7lar\u0131na g\u00f6re fonksiyonel \u00f6zellikler ilave edilerek en verimli ve pratik \u00e7al\u0131\u015fma ortam\u0131n\u0131 sa\u011flar. Demonte edilebilir \u00f6zelli\u011fi bulunan \u00e7al\u0131\u015fma tezgah\u0131 modelleri sevkiyatta ve kurulumda kolayl\u0131k sa\u011flar. \u00c7al\u0131\u015fma tezgah\u0131n\u0131n \u00fczerinde bulunan \u00e7ekmecelerin say\u0131lar\u0131 iste\u011fe ve kullan\u0131ma ba\u011fl\u0131 olarak revize edilebilir. Masa \u00fcst zeminleri iste\u011fe ba\u011fl\u0131 olarak, 2 mm siyah pvc, galvaniz sac veya paslanmaz sac kaplama se\u00e7enekleriyle de kullan\u0131labilir.<\/p>\n<\/div>\n","protected":false},"excerpt":{"rendered":"<p>\u00c7al\u0131\u015fma Masas\u0131 12 \u00c7ekmeceli Panolu Yar\u0131m Kap\u0131l\u0131 Floresanl\u0131 Elektrikli Uzun Tip Banko 3446 Teknik \u00d6zellikler Uzun tip bankoda kullan\u0131lan \u00e7ekmeceli dolaplar\u0131n ana g\u00f6vdeleri 1,20 mm dkp sacdan kaynakl\u0131 sa\u011flam \u00e7elik konstr\u00fcksiyonlu olarak \u00fcretilmektedir. \u00c7al\u0131\u015fma tezgah\u0131 i\u00e7inde 6 adet kullan\u0131m alan\u0131 net 600&#215;450 mm, 1 adet kullan\u0131m alan\u0131 net 450&#215;450 mm, 3 adet kullan\u0131m alan\u0131 net<\/p>\n","protected":false},"featured_media":14990,"comment_status":"closed","ping_status":"open","template":"","meta":[],"product_brand":[],"product_cat":[1411,1410],"product_tag":[],"class_list":{"0":"post-14989","1":"product","2":"type-product","3":"status-publish","4":"has-post-thumbnail","6":"product_cat-calisma-tezgahlari","7":"product_cat-metal-esyalar","9":"first","10":"instock","11":"product-type-simple"},"yoast_head":"<!-- This site is optimized with the Yoast SEO plugin v27.6 - https:\/\/yoast.com\/product\/yoast-seo-wordpress\/ -->\n<title>\u00c7al\u0131\u015fma Masas\u0131 12 \u00c7ekmeceli Panolu Yar\u0131m Kap\u0131l\u0131 Floresanl\u0131 Elektrikli Uzun Tip Banko 3446 - G\u00fclersan Ya\u011flama Cihazlar\u0131<\/title>\n<meta name=\"robots\" content=\"index, follow, max-snippet:-1, max-image-preview:large, max-video-preview:-1\" \/>\n<link rel=\"canonical\" href=\"https:\/\/www.gulersan.com\/en\/urun\/calisma-masasi-12-cekmeceli-panolu-yarim-kapili-floresanli-elektrikli-uzun-tip-banko-3446\/\" \/>\n<meta property=\"og:locale\" content=\"en_US\" \/>\n<meta property=\"og:type\" content=\"article\" \/>\n<meta property=\"og:title\" content=\"\u00c7al\u0131\u015fma Masas\u0131 12 \u00c7ekmeceli Panolu Yar\u0131m Kap\u0131l\u0131 Floresanl\u0131 Elektrikli Uzun Tip Banko 3446 - G\u00fclersan Ya\u011flama Cihazlar\u0131\" \/>\n<meta property=\"og:description\" content=\"\u00c7al\u0131\u015fma Masas\u0131 12 \u00c7ekmeceli Panolu Yar\u0131m Kap\u0131l\u0131 Floresanl\u0131 Elektrikli Uzun Tip Banko 3446 Teknik \u00d6zellikler Uzun tip bankoda kullan\u0131lan \u00e7ekmeceli dolaplar\u0131n ana g\u00f6vdeleri 1,20 mm dkp sacdan kaynakl\u0131 sa\u011flam \u00e7elik konstr\u00fcksiyonlu olarak \u00fcretilmektedir. \u00c7al\u0131\u015fma tezgah\u0131 i\u00e7inde 6 adet kullan\u0131m alan\u0131 net 600&#215;450 mm, 1 adet kullan\u0131m alan\u0131 net 450&#215;450 mm, 3 adet kullan\u0131m alan\u0131 net\" \/>\n<meta property=\"og:url\" content=\"https:\/\/www.gulersan.com\/en\/urun\/calisma-masasi-12-cekmeceli-panolu-yarim-kapili-floresanli-elektrikli-uzun-tip-banko-3446\/\" \/>\n<meta property=\"og:site_name\" content=\"G\u00fclersan Ya\u011flama Cihazlar\u0131\" \/>\n<meta property=\"article:modified_time\" content=\"2026-05-05T13:03:21+00:00\" \/>\n<meta property=\"og:image\" content=\"https:\/\/www.gulersan.com\/wp-content\/uploads\/2026\/05\/Gls-3446-12-Cekmeceli-Panolu-Yarim-Kapili-Florasanli-Elektrikli-Uzun-Tip-Banko.jpg\" \/>\n\t<meta property=\"og:image:width\" content=\"500\" \/>\n\t<meta property=\"og:image:height\" content=\"500\" \/>\n\t<meta property=\"og:image:type\" content=\"image\/jpeg\" \/>\n<meta name=\"twitter:card\" content=\"summary_large_image\" \/>\n<meta name=\"twitter:label1\" content=\"Est. reading time\" \/>\n\t<meta name=\"twitter:data1\" content=\"1 minute\" \/>\n<script type=\"application\/ld+json\" class=\"yoast-schema-graph\">{\"@context\":\"https:\\\/\\\/schema.org\",\"@graph\":[{\"@type\":\"WebPage\",\"@id\":\"https:\\\/\\\/www.gulersan.com\\\/en\\\/urun\\\/calisma-masasi-12-cekmeceli-panolu-yarim-kapili-floresanli-elektrikli-uzun-tip-banko-3446\\\/\",\"url\":\"https:\\\/\\\/www.gulersan.com\\\/en\\\/urun\\\/calisma-masasi-12-cekmeceli-panolu-yarim-kapili-floresanli-elektrikli-uzun-tip-banko-3446\\\/\",\"name\":\"\u00c7al\u0131\u015fma Masas\u0131 12 \u00c7ekmeceli Panolu Yar\u0131m Kap\u0131l\u0131 Floresanl\u0131 Elektrikli Uzun Tip Banko 3446 - G\u00fclersan Ya\u011flama Cihazlar\u0131\",\"isPartOf\":{\"@id\":\"https:\\\/\\\/www.gulersan.com\\\/en\\\/#website\"},\"primaryImageOfPage\":{\"@id\":\"https:\\\/\\\/www.gulersan.com\\\/en\\\/urun\\\/calisma-masasi-12-cekmeceli-panolu-yarim-kapili-floresanli-elektrikli-uzun-tip-banko-3446\\\/#primaryimage\"},\"image\":{\"@id\":\"https:\\\/\\\/www.gulersan.com\\\/en\\\/urun\\\/calisma-masasi-12-cekmeceli-panolu-yarim-kapili-floresanli-elektrikli-uzun-tip-banko-3446\\\/#primaryimage\"},\"thumbnailUrl\":\"https:\\\/\\\/www.gulersan.com\\\/wp-content\\\/uploads\\\/2026\\\/05\\\/Gls-3446-12-Cekmeceli-Panolu-Yarim-Kapili-Florasanli-Elektrikli-Uzun-Tip-Banko.jpg\",\"datePublished\":\"2026-05-05T13:03:12+00:00\",\"dateModified\":\"2026-05-05T13:03:21+00:00\",\"breadcrumb\":{\"@id\":\"https:\\\/\\\/www.gulersan.com\\\/en\\\/urun\\\/calisma-masasi-12-cekmeceli-panolu-yarim-kapili-floresanli-elektrikli-uzun-tip-banko-3446\\\/#breadcrumb\"},\"inLanguage\":\"en-US\",\"potentialAction\":[{\"@type\":\"ReadAction\",\"target\":[\"https:\\\/\\\/www.gulersan.com\\\/en\\\/urun\\\/calisma-masasi-12-cekmeceli-panolu-yarim-kapili-floresanli-elektrikli-uzun-tip-banko-3446\\\/\"]}]},{\"@type\":\"ImageObject\",\"inLanguage\":\"en-US\",\"@id\":\"https:\\\/\\\/www.gulersan.com\\\/en\\\/urun\\\/calisma-masasi-12-cekmeceli-panolu-yarim-kapili-floresanli-elektrikli-uzun-tip-banko-3446\\\/#primaryimage\",\"url\":\"https:\\\/\\\/www.gulersan.com\\\/wp-content\\\/uploads\\\/2026\\\/05\\\/Gls-3446-12-Cekmeceli-Panolu-Yarim-Kapili-Florasanli-Elektrikli-Uzun-Tip-Banko.jpg\",\"contentUrl\":\"https:\\\/\\\/www.gulersan.com\\\/wp-content\\\/uploads\\\/2026\\\/05\\\/Gls-3446-12-Cekmeceli-Panolu-Yarim-Kapili-Florasanli-Elektrikli-Uzun-Tip-Banko.jpg\",\"width\":500,\"height\":500},{\"@type\":\"BreadcrumbList\",\"@id\":\"https:\\\/\\\/www.gulersan.com\\\/en\\\/urun\\\/calisma-masasi-12-cekmeceli-panolu-yarim-kapili-floresanli-elektrikli-uzun-tip-banko-3446\\\/#breadcrumb\",\"itemListElement\":[{\"@type\":\"ListItem\",\"position\":1,\"name\":\"Anasayfa\",\"item\":\"https:\\\/\\\/www.gulersan.com\\\/en\\\/\"},{\"@type\":\"ListItem\",\"position\":2,\"name\":\"\\\/\",\"item\":\"https:\\\/\\\/www.gulersan.com\\\/shop\\\/\"},{\"@type\":\"ListItem\",\"position\":3,\"name\":\"GLS Garaj Ekipmanlar\u0131\",\"item\":\"https:\\\/\\\/www.gulersan.com\\\/en\\\/urun-kategori\\\/gls-garaj-ekipmanlari\\\/\"},{\"@type\":\"ListItem\",\"position\":4,\"name\":\"Metal E\u015fyalar\",\"item\":\"https:\\\/\\\/www.gulersan.com\\\/en\\\/urun-kategori\\\/gls-garaj-ekipmanlari\\\/metal-esyalar\\\/\"},{\"@type\":\"ListItem\",\"position\":5,\"name\":\"\u00c7al\u0131\u015fma Tezgahlar\u0131\",\"item\":\"https:\\\/\\\/www.gulersan.com\\\/en\\\/urun-kategori\\\/gls-garaj-ekipmanlari\\\/metal-esyalar\\\/calisma-tezgahlari\\\/\"},{\"@type\":\"ListItem\",\"position\":6,\"name\":\"\u00c7al\u0131\u015fma Masas\u0131 12 \u00c7ekmeceli Panolu Yar\u0131m Kap\u0131l\u0131 Floresanl\u0131 Elektrikli Uzun Tip Banko 3446\"}]},{\"@type\":\"WebSite\",\"@id\":\"https:\\\/\\\/www.gulersan.com\\\/en\\\/#website\",\"url\":\"https:\\\/\\\/www.gulersan.com\\\/en\\\/\",\"name\":\"G\u00fclersan Ya\u011flama Cihazlar\u0131\",\"description\":\"Ya\u011flama Makinesi | Haval\u0131 Gres Pompas\u0131 | Ya\u011flama Pompas\u0131 | Ya\u011f \u00c7ekme Pompas\u0131\",\"publisher\":{\"@id\":\"https:\\\/\\\/www.gulersan.com\\\/en\\\/#organization\"},\"potentialAction\":[{\"@type\":\"SearchAction\",\"target\":{\"@type\":\"EntryPoint\",\"urlTemplate\":\"https:\\\/\\\/www.gulersan.com\\\/en\\\/?s={search_term_string}\"},\"query-input\":{\"@type\":\"PropertyValueSpecification\",\"valueRequired\":true,\"valueName\":\"search_term_string\"}}],\"inLanguage\":\"en-US\"},{\"@type\":\"Organization\",\"@id\":\"https:\\\/\\\/www.gulersan.com\\\/en\\\/#organization\",\"name\":\"G\u00fclersan Ya\u011flama Cihazlar\u0131\",\"url\":\"https:\\\/\\\/www.gulersan.com\\\/en\\\/\",\"logo\":{\"@type\":\"ImageObject\",\"inLanguage\":\"en-US\",\"@id\":\"https:\\\/\\\/www.gulersan.com\\\/en\\\/#\\\/schema\\\/logo\\\/image\\\/\",\"url\":\"https:\\\/\\\/www.gulersan.com\\\/wp-content\\\/uploads\\\/2021\\\/01\\\/gulersan-logo-tr.png\",\"contentUrl\":\"https:\\\/\\\/www.gulersan.com\\\/wp-content\\\/uploads\\\/2021\\\/01\\\/gulersan-logo-tr.png\",\"width\":1242,\"height\":302,\"caption\":\"G\u00fclersan Ya\u011flama Cihazlar\u0131\"},\"image\":{\"@id\":\"https:\\\/\\\/www.gulersan.com\\\/en\\\/#\\\/schema\\\/logo\\\/image\\\/\"}}]}<\/script>\n<!-- \/ Yoast SEO plugin. -->","yoast_head_json":{"title":"\u00c7al\u0131\u015fma Masas\u0131 12 \u00c7ekmeceli Panolu Yar\u0131m Kap\u0131l\u0131 Floresanl\u0131 Elektrikli Uzun Tip Banko 3446 - G\u00fclersan Ya\u011flama Cihazlar\u0131","robots":{"index":"index","follow":"follow","max-snippet":"max-snippet:-1","max-image-preview":"max-image-preview:large","max-video-preview":"max-video-preview:-1"},"canonical":"https:\/\/www.gulersan.com\/en\/urun\/calisma-masasi-12-cekmeceli-panolu-yarim-kapili-floresanli-elektrikli-uzun-tip-banko-3446\/","og_locale":"en_US","og_type":"article","og_title":"\u00c7al\u0131\u015fma Masas\u0131 12 \u00c7ekmeceli Panolu Yar\u0131m Kap\u0131l\u0131 Floresanl\u0131 Elektrikli Uzun Tip Banko 3446 - G\u00fclersan Ya\u011flama Cihazlar\u0131","og_description":"\u00c7al\u0131\u015fma Masas\u0131 12 \u00c7ekmeceli Panolu Yar\u0131m Kap\u0131l\u0131 Floresanl\u0131 Elektrikli Uzun Tip Banko 3446 Teknik \u00d6zellikler Uzun tip bankoda kullan\u0131lan \u00e7ekmeceli dolaplar\u0131n ana g\u00f6vdeleri 1,20 mm dkp sacdan kaynakl\u0131 sa\u011flam \u00e7elik konstr\u00fcksiyonlu olarak \u00fcretilmektedir. \u00c7al\u0131\u015fma tezgah\u0131 i\u00e7inde 6 adet kullan\u0131m alan\u0131 net 600&#215;450 mm, 1 adet kullan\u0131m alan\u0131 net 450&#215;450 mm, 3 adet kullan\u0131m alan\u0131 net","og_url":"https:\/\/www.gulersan.com\/en\/urun\/calisma-masasi-12-cekmeceli-panolu-yarim-kapili-floresanli-elektrikli-uzun-tip-banko-3446\/","og_site_name":"G\u00fclersan Ya\u011flama Cihazlar\u0131","article_modified_time":"2026-05-05T13:03:21+00:00","og_image":[{"width":500,"height":500,"url":"https:\/\/www.gulersan.com\/wp-content\/uploads\/2026\/05\/Gls-3446-12-Cekmeceli-Panolu-Yarim-Kapili-Florasanli-Elektrikli-Uzun-Tip-Banko.jpg","type":"image\/jpeg"}],"twitter_card":"summary_large_image","twitter_misc":{"Est. reading time":"1 minute"},"schema":{"@context":"https:\/\/schema.org","@graph":[{"@type":"WebPage","@id":"https:\/\/www.gulersan.com\/en\/urun\/calisma-masasi-12-cekmeceli-panolu-yarim-kapili-floresanli-elektrikli-uzun-tip-banko-3446\/","url":"https:\/\/www.gulersan.com\/en\/urun\/calisma-masasi-12-cekmeceli-panolu-yarim-kapili-floresanli-elektrikli-uzun-tip-banko-3446\/","name":"\u00c7al\u0131\u015fma Masas\u0131 12 \u00c7ekmeceli Panolu Yar\u0131m Kap\u0131l\u0131 Floresanl\u0131 Elektrikli Uzun Tip Banko 3446 - G\u00fclersan Ya\u011flama Cihazlar\u0131","isPartOf":{"@id":"https:\/\/www.gulersan.com\/en\/#website"},"primaryImageOfPage":{"@id":"https:\/\/www.gulersan.com\/en\/urun\/calisma-masasi-12-cekmeceli-panolu-yarim-kapili-floresanli-elektrikli-uzun-tip-banko-3446\/#primaryimage"},"image":{"@id":"https:\/\/www.gulersan.com\/en\/urun\/calisma-masasi-12-cekmeceli-panolu-yarim-kapili-floresanli-elektrikli-uzun-tip-banko-3446\/#primaryimage"},"thumbnailUrl":"https:\/\/www.gulersan.com\/wp-content\/uploads\/2026\/05\/Gls-3446-12-Cekmeceli-Panolu-Yarim-Kapili-Florasanli-Elektrikli-Uzun-Tip-Banko.jpg","datePublished":"2026-05-05T13:03:12+00:00","dateModified":"2026-05-05T13:03:21+00:00","breadcrumb":{"@id":"https:\/\/www.gulersan.com\/en\/urun\/calisma-masasi-12-cekmeceli-panolu-yarim-kapili-floresanli-elektrikli-uzun-tip-banko-3446\/#breadcrumb"},"inLanguage":"en-US","potentialAction":[{"@type":"ReadAction","target":["https:\/\/www.gulersan.com\/en\/urun\/calisma-masasi-12-cekmeceli-panolu-yarim-kapili-floresanli-elektrikli-uzun-tip-banko-3446\/"]}]},{"@type":"ImageObject","inLanguage":"en-US","@id":"https:\/\/www.gulersan.com\/en\/urun\/calisma-masasi-12-cekmeceli-panolu-yarim-kapili-floresanli-elektrikli-uzun-tip-banko-3446\/#primaryimage","url":"https:\/\/www.gulersan.com\/wp-content\/uploads\/2026\/05\/Gls-3446-12-Cekmeceli-Panolu-Yarim-Kapili-Florasanli-Elektrikli-Uzun-Tip-Banko.jpg","contentUrl":"https:\/\/www.gulersan.com\/wp-content\/uploads\/2026\/05\/Gls-3446-12-Cekmeceli-Panolu-Yarim-Kapili-Florasanli-Elektrikli-Uzun-Tip-Banko.jpg","width":500,"height":500},{"@type":"BreadcrumbList","@id":"https:\/\/www.gulersan.com\/en\/urun\/calisma-masasi-12-cekmeceli-panolu-yarim-kapili-floresanli-elektrikli-uzun-tip-banko-3446\/#breadcrumb","itemListElement":[{"@type":"ListItem","position":1,"name":"Anasayfa","item":"https:\/\/www.gulersan.com\/en\/"},{"@type":"ListItem","position":2,"name":"\/","item":"https:\/\/www.gulersan.com\/shop\/"},{"@type":"ListItem","position":3,"name":"GLS Garaj Ekipmanlar\u0131","item":"https:\/\/www.gulersan.com\/en\/urun-kategori\/gls-garaj-ekipmanlari\/"},{"@type":"ListItem","position":4,"name":"Metal E\u015fyalar","item":"https:\/\/www.gulersan.com\/en\/urun-kategori\/gls-garaj-ekipmanlari\/metal-esyalar\/"},{"@type":"ListItem","position":5,"name":"\u00c7al\u0131\u015fma Tezgahlar\u0131","item":"https:\/\/www.gulersan.com\/en\/urun-kategori\/gls-garaj-ekipmanlari\/metal-esyalar\/calisma-tezgahlari\/"},{"@type":"ListItem","position":6,"name":"\u00c7al\u0131\u015fma Masas\u0131 12 \u00c7ekmeceli Panolu Yar\u0131m Kap\u0131l\u0131 Floresanl\u0131 Elektrikli Uzun Tip Banko 3446"}]},{"@type":"WebSite","@id":"https:\/\/www.gulersan.com\/en\/#website","url":"https:\/\/www.gulersan.com\/en\/","name":"G\u00fclersan Ya\u011flama Cihazlar\u0131","description":"Ya\u011flama Makinesi | Haval\u0131 Gres Pompas\u0131 | Ya\u011flama Pompas\u0131 | Ya\u011f \u00c7ekme Pompas\u0131","publisher":{"@id":"https:\/\/www.gulersan.com\/en\/#organization"},"potentialAction":[{"@type":"SearchAction","target":{"@type":"EntryPoint","urlTemplate":"https:\/\/www.gulersan.com\/en\/?s={search_term_string}"},"query-input":{"@type":"PropertyValueSpecification","valueRequired":true,"valueName":"search_term_string"}}],"inLanguage":"en-US"},{"@type":"Organization","@id":"https:\/\/www.gulersan.com\/en\/#organization","name":"G\u00fclersan Ya\u011flama Cihazlar\u0131","url":"https:\/\/www.gulersan.com\/en\/","logo":{"@type":"ImageObject","inLanguage":"en-US","@id":"https:\/\/www.gulersan.com\/en\/#\/schema\/logo\/image\/","url":"https:\/\/www.gulersan.com\/wp-content\/uploads\/2021\/01\/gulersan-logo-tr.png","contentUrl":"https:\/\/www.gulersan.com\/wp-content\/uploads\/2021\/01\/gulersan-logo-tr.png","width":1242,"height":302,"caption":"G\u00fclersan Ya\u011flama Cihazlar\u0131"},"image":{"@id":"https:\/\/www.gulersan.com\/en\/#\/schema\/logo\/image\/"}}]}},"_links":{"self":[{"href":"https:\/\/www.gulersan.com\/en\/wp-json\/wp\/v2\/product\/14989","targetHints":{"allow":["GET"]}}],"collection":[{"href":"https:\/\/www.gulersan.com\/en\/wp-json\/wp\/v2\/product"}],"about":[{"href":"https:\/\/www.gulersan.com\/en\/wp-json\/wp\/v2\/types\/product"}],"replies":[{"embeddable":true,"href":"https:\/\/www.gulersan.com\/en\/wp-json\/wp\/v2\/comments?post=14989"}],"wp:featuredmedia":[{"embeddable":true,"href":"https:\/\/www.gulersan.com\/en\/wp-json\/wp\/v2\/media\/14990"}],"wp:attachment":[{"href":"https:\/\/www.gulersan.com\/en\/wp-json\/wp\/v2\/media?parent=14989"}],"wp:term":[{"taxonomy":"product_brand","embeddable":true,"href":"https:\/\/www.gulersan.com\/en\/wp-json\/wp\/v2\/product_brand?post=14989"},{"taxonomy":"product_cat","embeddable":true,"href":"https:\/\/www.gulersan.com\/en\/wp-json\/wp\/v2\/product_cat?post=14989"},{"taxonomy":"product_tag","embeddable":true,"href":"https:\/\/www.gulersan.com\/en\/wp-json\/wp\/v2\/product_tag?post=14989"}],"curies":[{"name":"wp","href":"https:\/\/api.w.org\/{rel}","templated":true}]}}