{"id":15067,"date":"2026-05-05T16:03:42","date_gmt":"2026-05-05T13:03:42","guid":{"rendered":"https:\/\/www.gulersan.com\/urun\/calisma-masasi-2-dolapli-10-cekmeceli-aski-panolu-takim-arabali-8920\/"},"modified":"2026-05-05T16:03:51","modified_gmt":"2026-05-05T13:03:51","slug":"calisma-masasi-2-dolapli-10-cekmeceli-aski-panolu-takim-arabali-8920","status":"publish","type":"product","link":"https:\/\/www.gulersan.com\/en\/urun\/calisma-masasi-2-dolapli-10-cekmeceli-aski-panolu-takim-arabali-8920\/","title":{"rendered":"\u00c7al\u0131\u015fma Masas\u0131 2 Dolapl\u0131 10 \u00c7ekmeceli Ask\u0131 Panolu Tak\u0131m Arabal\u0131 8920"},"content":{"rendered":"<h2 style=\"text-align: left;\"><span style=\"color: #000080;\"><strong>\u00c7al\u0131\u015fma Masas\u0131 2 Dolapl\u0131 10 \u00c7ekmeceli Ask\u0131 Panolu Tak\u0131m Arabal\u0131 8920<\/strong><\/span><\/h2>\n<div>\n<p><span style=\"font-size: 120%;\"><strong><img loading=\"lazy\" decoding=\"async\" class=\"alignnone wp-image-12531\" src=\"https:\/\/www.glsgaraj.com\/wp-content\/uploads\/2021\/06\/konuiciikon.png\" alt=\"\" width=\"18\" height=\"19\" \/> Teknik \u00d6zellikler<\/strong><\/span><\/p>\n<p>Demonte edilebilen \u00e7al\u0131\u015fma tezgah\u0131 modelleri 6 b\u00fck\u00fcml\u00fc ayaklar\u0131 ve ba\u011flant\u0131 kollar\u0131 2 mm dkp sacdan ve elektrostatik toz boyal\u0131 olarak \u00fcretilmektedir. \u00c7al\u0131\u015fma tezgah\u0131 \u00fczerinde bulunan masan\u0131n \u00fcst tablas\u0131 25 mm mdf kullan\u0131larak \u00fcretilmektedir. Masa ayak saclar\u0131nda zemini \u00e7izmeyi engelleyen \u00f6zel bas\u0131m kau\u00e7uk pabu\u00e7lar kullan\u0131lmaktad\u0131r. Masa alt\u0131nda kullan\u0131lan \u00e7ekmeceli dolab\u0131m\u0131z\u0131n ana g\u00f6vdesi 1,20 mm dkp sacdan \u00fcretilmektedir. \u00c7al\u0131\u015fma tezgah\u0131 i\u00e7inde bulunan \u00e7ekmecelerin i\u00e7 net kullan\u0131m alan\u0131; 300&#215;450 mm olmak \u00fczere 5 adet \u00e7ekmece bulunmaktad\u0131r. \u00c7ekmece kulplar\u0131nda eloksal kapl\u0131 al\u00fcminyum profiller kullan\u0131lmaktad\u0131r. \u00c7ekmece i\u00e7leri 17 mm aral\u0131kla ayarlanabilir seperat\u00f6r kanall\u0131d\u0131r. Masa arkas\u0131nda 1,20 mm dkp sacdan 550&#215;1700 mm \u00f6l\u00e7\u00fclerinde 10&#215;10 kare delikli olarak \u00fcretilmi\u015f tak\u0131m asma panosu, 2 adet s\u00fcrg\u00fcl\u00fc klas\u00f6r dolab\u0131 mevcuttur. \u00c7al\u0131\u015fma tezgah\u0131 alt\u0131nda bulunan 5 \u00e7ekmeceli tak\u0131m arabam\u0131z\u0131n dolap ana g\u00f6vdesi 1,00 mm dkp sacdan; kaynakl\u0131, sa\u011flam, \u00e7elik sac konstr\u00fcksiyonlu olarak \u00fcretilmektedir. 2 anahtarl\u0131 merkezi kilit sistemlidir. \u00c7ekmecelerimiz %100 a\u00e7\u0131l\u0131ml\u0131 teleskopik ray kullan\u0131lmakta olup, i\u00e7 k\u0131s\u0131mlar\u0131 sadece dikey 17 mm aral\u0131kl\u0131 seperat\u00f6r kanall\u0131d\u0131r ve net 390&#215;500 mm i\u00e7 kullan\u0131m alan\u0131na sahiptir. Her bir \u00e7ekmecenin 30 kg ta\u015f\u0131ma kapasitesi vard\u0131r. \u00c7ekmece kilit sistemimiz; 1 \u00e7ekmece a\u00e7\u0131kken di\u011feri a\u00e7\u0131lmayan emniyetli sistemdir. \u0130SG a\u00e7\u0131s\u0131ndan \u00e7ekmecelerde ekstra emniyet mandallar\u0131 bulunmaktad\u0131r. \u00c7ekmece kulplar\u0131m\u0131z; etiket yuval\u0131 ve eloksal kapl\u0131 al\u00fcminyum profilden \u00fcretilmektedir. Dolab\u0131m\u0131z\u0131n \u00fczeri b\u00f6lmeli vakumlu abs plastik havuzludur. \u0130tme kulplu ve kau\u00e7uk tekerleklidir. Elektrostatik toz boya ile boyan\u0131r. \u00c7al\u0131\u015fma tezgah\u0131m\u0131z\u0131n sa\u011f ve sol taraf\u0131nda bulunan 7 rafl\u0131 malzeme dolaplar\u0131m\u0131z ise; 0,8 mm dkp sacdan kaynakl\u0131 sa\u011flam \u00e7elik konstr\u00fcksiyonlu, elektrostatik toz boyal\u0131 olarak \u00fcretilmektedir. Malzeme dolab\u0131n\u0131n i\u00e7inde dikine 4 adet raf k\u0131lavuz dikmeleri bulunmaktad\u0131r. Her bir dolab\u0131n i\u00e7inde 7 adet galvaniz sacdan \u00fcretilmi\u015f, y\u00fcksekli\u011fi ayarlanabilir sabit raf mevcuttur. Zemine ayarl\u0131 M12 rotil takozlar vard\u0131r. Kap\u0131lar g\u00f6mme tutamakl\u0131, silindirik emniyetli kilitlidir ve 180 derece a\u00e7\u0131l\u0131r.<\/p>\n<table style=\"width: 100%; height: 274px;\" bgcolor=\"whitesmoke\">\n<tbody>\n<tr>\n<td style=\"height: 1px;\" colspan=\"4\" bgcolor=\"white\"><img loading=\"lazy\" decoding=\"async\" class=\"alignnone wp-image-4888\" style=\"color: #555555; font-size: 14.4px; background-color: #ffffff;\" src=\"https:\/\/www.gulersan.com\/wp-content\/uploads\/2020\/12\/cizgi.jpg\" alt=\"\" width=\"1454\" height=\"12\" srcset=\"https:\/\/www.gulersan.com\/wp-content\/uploads\/2020\/12\/cizgi.jpg 606w, https:\/\/www.gulersan.com\/wp-content\/uploads\/2020\/12\/cizgi-510x4.jpg 510w\" sizes=\"auto, (max-width: 1454px) 100vw, 1454px\" \/><\/td>\n<\/tr>\n<tr>\n<td><span style=\"font-size: 120%;\"><strong>\u00a0 \u00a0 \u00a0 En<\/strong><\/span><\/td>\n<td><\/td>\n<td style=\"text-align: right;\"><span style=\"font-size: 120%;\">4460 Mm\u00a0 \u00a0 \u00a0 \u00a0\u00a0<\/span><\/td>\n<\/tr>\n<tr>\n<td><span style=\"font-size: 120%;\"><strong>\u00a0 \u00a0 \u00a0 Derinlik<\/strong><\/span><\/td>\n<td><\/td>\n<td style=\"text-align: right;\"><span style=\"font-size: 120%;\">600 Mm\u00a0 \u00a0 \u00a0 \u00a0\u00a0<\/span><\/td>\n<\/tr>\n<tr>\n<td><span style=\"font-size: 120%;\"><strong>\u00a0 \u00a0 \u00a0 Y\u00fckseklik<\/strong><\/span><\/td>\n<td><\/td>\n<td style=\"text-align: right;\"><span style=\"font-size: 120%;\">2000 Mm\u00a0 \u00a0 \u00a0 \u00a0\u00a0<\/span><\/td>\n<\/tr>\n<tr>\n<td><span style=\"font-size: 120%;\"><strong>\u00a0 \u00a0 \u00a0 Renk<\/strong><\/span><\/td>\n<td><\/td>\n<td style=\"text-align: right;\"><span style=\"font-size: 120%;\">Ral 5015\u00a0 \u00a0 \u00a0 \u00a0\u00a0<\/span><\/td>\n<\/tr>\n<\/tbody>\n<\/table>\n<p>&nbsp;<\/p>\n<p><span style=\"font-size: 120%;\"><strong><img loading=\"lazy\" decoding=\"async\" class=\"alignnone wp-image-12531\" src=\"https:\/\/www.glsgaraj.com\/wp-content\/uploads\/2021\/06\/konuiciikon.png\" alt=\"\" width=\"18\" height=\"19\" \/> Kullan\u0131ld\u0131\u011f\u0131 Yerler<\/strong><\/span><\/p>\n<p>Garaj ve hobi at\u00f6lyeleri, ar-ge, \u00fcretim ve montaj hatlar\u0131nda; yard\u0131mc\u0131 malzemelerin muhafaza ve montaj edilmesi amac\u0131yla kullan\u0131lmaktad\u0131r.<\/p>\n<p><span style=\"font-size: 120%;\"><strong><img loading=\"lazy\" decoding=\"async\" class=\"alignnone wp-image-12531\" src=\"https:\/\/www.glsgaraj.com\/wp-content\/uploads\/2021\/06\/konuiciikon.png\" alt=\"\" width=\"18\" height=\"19\" \/> \u00dcr\u00fcn Avantajlar\u0131<\/strong><\/span><\/p>\n<p>10 \u00e7ekmeceli, tak\u0131m arabal\u0131 ve 2 malzeme dolapl\u0131 \u00e7al\u0131\u015fma tezgah\u0131 sayesinde; \u00fcretim alanlar\u0131nda yedek par\u00e7a ve el aletlerinin de muhafazas\u0131 sa\u011flanmaktad\u0131r. \u0130stenildi\u011finde \u00e7ekmece say\u0131s\u0131 artt\u0131r\u0131labilir, masa \u00fczerine iste\u011fe ba\u011fl\u0131 olarak pvc, galvaniz sac veya paslanmaz sac kaplama yap\u0131labilir.<\/p>\n<\/div>\n","protected":false},"excerpt":{"rendered":"<p>\u00c7al\u0131\u015fma Masas\u0131 2 Dolapl\u0131 10 \u00c7ekmeceli Ask\u0131 Panolu Tak\u0131m Arabal\u0131 8920 Teknik \u00d6zellikler Demonte edilebilen \u00e7al\u0131\u015fma tezgah\u0131 modelleri 6 b\u00fck\u00fcml\u00fc ayaklar\u0131 ve ba\u011flant\u0131 kollar\u0131 2 mm dkp sacdan ve elektrostatik toz boyal\u0131 olarak \u00fcretilmektedir. \u00c7al\u0131\u015fma tezgah\u0131 \u00fczerinde bulunan masan\u0131n \u00fcst tablas\u0131 25 mm mdf kullan\u0131larak \u00fcretilmektedir. Masa ayak saclar\u0131nda zemini \u00e7izmeyi engelleyen \u00f6zel bas\u0131m kau\u00e7uk<\/p>\n","protected":false},"featured_media":15068,"comment_status":"closed","ping_status":"open","template":"","meta":[],"product_brand":[],"product_cat":[1411,1410],"product_tag":[],"class_list":{"0":"post-15067","1":"product","2":"type-product","3":"status-publish","4":"has-post-thumbnail","6":"product_cat-calisma-tezgahlari","7":"product_cat-metal-esyalar","9":"first","10":"instock","11":"product-type-simple"},"yoast_head":"<!-- This site is optimized with the Yoast SEO plugin v27.6 - https:\/\/yoast.com\/product\/yoast-seo-wordpress\/ -->\n<title>\u00c7al\u0131\u015fma Masas\u0131 2 Dolapl\u0131 10 \u00c7ekmeceli Ask\u0131 Panolu Tak\u0131m Arabal\u0131 8920 - G\u00fclersan Ya\u011flama Cihazlar\u0131<\/title>\n<meta name=\"robots\" content=\"index, follow, max-snippet:-1, max-image-preview:large, max-video-preview:-1\" \/>\n<link rel=\"canonical\" href=\"https:\/\/www.gulersan.com\/en\/urun\/calisma-masasi-2-dolapli-10-cekmeceli-aski-panolu-takim-arabali-8920\/\" \/>\n<meta property=\"og:locale\" content=\"en_US\" \/>\n<meta property=\"og:type\" content=\"article\" \/>\n<meta property=\"og:title\" content=\"\u00c7al\u0131\u015fma Masas\u0131 2 Dolapl\u0131 10 \u00c7ekmeceli Ask\u0131 Panolu Tak\u0131m Arabal\u0131 8920 - G\u00fclersan Ya\u011flama Cihazlar\u0131\" \/>\n<meta property=\"og:description\" content=\"\u00c7al\u0131\u015fma Masas\u0131 2 Dolapl\u0131 10 \u00c7ekmeceli Ask\u0131 Panolu Tak\u0131m Arabal\u0131 8920 Teknik \u00d6zellikler Demonte edilebilen \u00e7al\u0131\u015fma tezgah\u0131 modelleri 6 b\u00fck\u00fcml\u00fc ayaklar\u0131 ve ba\u011flant\u0131 kollar\u0131 2 mm dkp sacdan ve elektrostatik toz boyal\u0131 olarak \u00fcretilmektedir. \u00c7al\u0131\u015fma tezgah\u0131 \u00fczerinde bulunan masan\u0131n \u00fcst tablas\u0131 25 mm mdf kullan\u0131larak \u00fcretilmektedir. Masa ayak saclar\u0131nda zemini \u00e7izmeyi engelleyen \u00f6zel bas\u0131m kau\u00e7uk\" \/>\n<meta property=\"og:url\" content=\"https:\/\/www.gulersan.com\/en\/urun\/calisma-masasi-2-dolapli-10-cekmeceli-aski-panolu-takim-arabali-8920\/\" \/>\n<meta property=\"og:site_name\" content=\"G\u00fclersan Ya\u011flama Cihazlar\u0131\" \/>\n<meta property=\"article:modified_time\" content=\"2026-05-05T13:03:51+00:00\" \/>\n<meta property=\"og:image\" content=\"https:\/\/www.gulersan.com\/wp-content\/uploads\/2026\/05\/Gls-8920-2-Dolapli-10-Cekmeceli-Aski-Panolu-Takim-Arabali-Garaj-Ekipmanlari.jpg\" \/>\n\t<meta property=\"og:image:width\" content=\"500\" \/>\n\t<meta property=\"og:image:height\" content=\"500\" \/>\n\t<meta property=\"og:image:type\" content=\"image\/jpeg\" \/>\n<meta name=\"twitter:card\" content=\"summary_large_image\" \/>\n<meta name=\"twitter:label1\" content=\"Est. reading time\" \/>\n\t<meta name=\"twitter:data1\" content=\"2 minutes\" \/>\n<script type=\"application\/ld+json\" class=\"yoast-schema-graph\">{\"@context\":\"https:\\\/\\\/schema.org\",\"@graph\":[{\"@type\":\"WebPage\",\"@id\":\"https:\\\/\\\/www.gulersan.com\\\/en\\\/urun\\\/calisma-masasi-2-dolapli-10-cekmeceli-aski-panolu-takim-arabali-8920\\\/\",\"url\":\"https:\\\/\\\/www.gulersan.com\\\/en\\\/urun\\\/calisma-masasi-2-dolapli-10-cekmeceli-aski-panolu-takim-arabali-8920\\\/\",\"name\":\"\u00c7al\u0131\u015fma Masas\u0131 2 Dolapl\u0131 10 \u00c7ekmeceli Ask\u0131 Panolu Tak\u0131m Arabal\u0131 8920 - G\u00fclersan Ya\u011flama Cihazlar\u0131\",\"isPartOf\":{\"@id\":\"https:\\\/\\\/www.gulersan.com\\\/en\\\/#website\"},\"primaryImageOfPage\":{\"@id\":\"https:\\\/\\\/www.gulersan.com\\\/en\\\/urun\\\/calisma-masasi-2-dolapli-10-cekmeceli-aski-panolu-takim-arabali-8920\\\/#primaryimage\"},\"image\":{\"@id\":\"https:\\\/\\\/www.gulersan.com\\\/en\\\/urun\\\/calisma-masasi-2-dolapli-10-cekmeceli-aski-panolu-takim-arabali-8920\\\/#primaryimage\"},\"thumbnailUrl\":\"https:\\\/\\\/www.gulersan.com\\\/wp-content\\\/uploads\\\/2026\\\/05\\\/Gls-8920-2-Dolapli-10-Cekmeceli-Aski-Panolu-Takim-Arabali-Garaj-Ekipmanlari.jpg\",\"datePublished\":\"2026-05-05T13:03:42+00:00\",\"dateModified\":\"2026-05-05T13:03:51+00:00\",\"breadcrumb\":{\"@id\":\"https:\\\/\\\/www.gulersan.com\\\/en\\\/urun\\\/calisma-masasi-2-dolapli-10-cekmeceli-aski-panolu-takim-arabali-8920\\\/#breadcrumb\"},\"inLanguage\":\"en-US\",\"potentialAction\":[{\"@type\":\"ReadAction\",\"target\":[\"https:\\\/\\\/www.gulersan.com\\\/en\\\/urun\\\/calisma-masasi-2-dolapli-10-cekmeceli-aski-panolu-takim-arabali-8920\\\/\"]}]},{\"@type\":\"ImageObject\",\"inLanguage\":\"en-US\",\"@id\":\"https:\\\/\\\/www.gulersan.com\\\/en\\\/urun\\\/calisma-masasi-2-dolapli-10-cekmeceli-aski-panolu-takim-arabali-8920\\\/#primaryimage\",\"url\":\"https:\\\/\\\/www.gulersan.com\\\/wp-content\\\/uploads\\\/2026\\\/05\\\/Gls-8920-2-Dolapli-10-Cekmeceli-Aski-Panolu-Takim-Arabali-Garaj-Ekipmanlari.jpg\",\"contentUrl\":\"https:\\\/\\\/www.gulersan.com\\\/wp-content\\\/uploads\\\/2026\\\/05\\\/Gls-8920-2-Dolapli-10-Cekmeceli-Aski-Panolu-Takim-Arabali-Garaj-Ekipmanlari.jpg\",\"width\":500,\"height\":500},{\"@type\":\"BreadcrumbList\",\"@id\":\"https:\\\/\\\/www.gulersan.com\\\/en\\\/urun\\\/calisma-masasi-2-dolapli-10-cekmeceli-aski-panolu-takim-arabali-8920\\\/#breadcrumb\",\"itemListElement\":[{\"@type\":\"ListItem\",\"position\":1,\"name\":\"Anasayfa\",\"item\":\"https:\\\/\\\/www.gulersan.com\\\/en\\\/\"},{\"@type\":\"ListItem\",\"position\":2,\"name\":\"\\\/\",\"item\":\"https:\\\/\\\/www.gulersan.com\\\/shop\\\/\"},{\"@type\":\"ListItem\",\"position\":3,\"name\":\"GLS Garaj Ekipmanlar\u0131\",\"item\":\"https:\\\/\\\/www.gulersan.com\\\/en\\\/urun-kategori\\\/gls-garaj-ekipmanlari\\\/\"},{\"@type\":\"ListItem\",\"position\":4,\"name\":\"Metal E\u015fyalar\",\"item\":\"https:\\\/\\\/www.gulersan.com\\\/en\\\/urun-kategori\\\/gls-garaj-ekipmanlari\\\/metal-esyalar\\\/\"},{\"@type\":\"ListItem\",\"position\":5,\"name\":\"\u00c7al\u0131\u015fma Tezgahlar\u0131\",\"item\":\"https:\\\/\\\/www.gulersan.com\\\/en\\\/urun-kategori\\\/gls-garaj-ekipmanlari\\\/metal-esyalar\\\/calisma-tezgahlari\\\/\"},{\"@type\":\"ListItem\",\"position\":6,\"name\":\"\u00c7al\u0131\u015fma Masas\u0131 2 Dolapl\u0131 10 \u00c7ekmeceli Ask\u0131 Panolu Tak\u0131m Arabal\u0131 8920\"}]},{\"@type\":\"WebSite\",\"@id\":\"https:\\\/\\\/www.gulersan.com\\\/en\\\/#website\",\"url\":\"https:\\\/\\\/www.gulersan.com\\\/en\\\/\",\"name\":\"G\u00fclersan Ya\u011flama Cihazlar\u0131\",\"description\":\"Ya\u011flama Makinesi | Haval\u0131 Gres Pompas\u0131 | Ya\u011flama Pompas\u0131 | Ya\u011f \u00c7ekme Pompas\u0131\",\"publisher\":{\"@id\":\"https:\\\/\\\/www.gulersan.com\\\/en\\\/#organization\"},\"potentialAction\":[{\"@type\":\"SearchAction\",\"target\":{\"@type\":\"EntryPoint\",\"urlTemplate\":\"https:\\\/\\\/www.gulersan.com\\\/en\\\/?s={search_term_string}\"},\"query-input\":{\"@type\":\"PropertyValueSpecification\",\"valueRequired\":true,\"valueName\":\"search_term_string\"}}],\"inLanguage\":\"en-US\"},{\"@type\":\"Organization\",\"@id\":\"https:\\\/\\\/www.gulersan.com\\\/en\\\/#organization\",\"name\":\"G\u00fclersan Ya\u011flama Cihazlar\u0131\",\"url\":\"https:\\\/\\\/www.gulersan.com\\\/en\\\/\",\"logo\":{\"@type\":\"ImageObject\",\"inLanguage\":\"en-US\",\"@id\":\"https:\\\/\\\/www.gulersan.com\\\/en\\\/#\\\/schema\\\/logo\\\/image\\\/\",\"url\":\"https:\\\/\\\/www.gulersan.com\\\/wp-content\\\/uploads\\\/2021\\\/01\\\/gulersan-logo-tr.png\",\"contentUrl\":\"https:\\\/\\\/www.gulersan.com\\\/wp-content\\\/uploads\\\/2021\\\/01\\\/gulersan-logo-tr.png\",\"width\":1242,\"height\":302,\"caption\":\"G\u00fclersan Ya\u011flama Cihazlar\u0131\"},\"image\":{\"@id\":\"https:\\\/\\\/www.gulersan.com\\\/en\\\/#\\\/schema\\\/logo\\\/image\\\/\"}}]}<\/script>\n<!-- \/ Yoast SEO plugin. -->","yoast_head_json":{"title":"\u00c7al\u0131\u015fma Masas\u0131 2 Dolapl\u0131 10 \u00c7ekmeceli Ask\u0131 Panolu Tak\u0131m Arabal\u0131 8920 - G\u00fclersan Ya\u011flama Cihazlar\u0131","robots":{"index":"index","follow":"follow","max-snippet":"max-snippet:-1","max-image-preview":"max-image-preview:large","max-video-preview":"max-video-preview:-1"},"canonical":"https:\/\/www.gulersan.com\/en\/urun\/calisma-masasi-2-dolapli-10-cekmeceli-aski-panolu-takim-arabali-8920\/","og_locale":"en_US","og_type":"article","og_title":"\u00c7al\u0131\u015fma Masas\u0131 2 Dolapl\u0131 10 \u00c7ekmeceli Ask\u0131 Panolu Tak\u0131m Arabal\u0131 8920 - G\u00fclersan Ya\u011flama Cihazlar\u0131","og_description":"\u00c7al\u0131\u015fma Masas\u0131 2 Dolapl\u0131 10 \u00c7ekmeceli Ask\u0131 Panolu Tak\u0131m Arabal\u0131 8920 Teknik \u00d6zellikler Demonte edilebilen \u00e7al\u0131\u015fma tezgah\u0131 modelleri 6 b\u00fck\u00fcml\u00fc ayaklar\u0131 ve ba\u011flant\u0131 kollar\u0131 2 mm dkp sacdan ve elektrostatik toz boyal\u0131 olarak \u00fcretilmektedir. \u00c7al\u0131\u015fma tezgah\u0131 \u00fczerinde bulunan masan\u0131n \u00fcst tablas\u0131 25 mm mdf kullan\u0131larak \u00fcretilmektedir. Masa ayak saclar\u0131nda zemini \u00e7izmeyi engelleyen \u00f6zel bas\u0131m kau\u00e7uk","og_url":"https:\/\/www.gulersan.com\/en\/urun\/calisma-masasi-2-dolapli-10-cekmeceli-aski-panolu-takim-arabali-8920\/","og_site_name":"G\u00fclersan Ya\u011flama Cihazlar\u0131","article_modified_time":"2026-05-05T13:03:51+00:00","og_image":[{"width":500,"height":500,"url":"https:\/\/www.gulersan.com\/wp-content\/uploads\/2026\/05\/Gls-8920-2-Dolapli-10-Cekmeceli-Aski-Panolu-Takim-Arabali-Garaj-Ekipmanlari.jpg","type":"image\/jpeg"}],"twitter_card":"summary_large_image","twitter_misc":{"Est. reading time":"2 minutes"},"schema":{"@context":"https:\/\/schema.org","@graph":[{"@type":"WebPage","@id":"https:\/\/www.gulersan.com\/en\/urun\/calisma-masasi-2-dolapli-10-cekmeceli-aski-panolu-takim-arabali-8920\/","url":"https:\/\/www.gulersan.com\/en\/urun\/calisma-masasi-2-dolapli-10-cekmeceli-aski-panolu-takim-arabali-8920\/","name":"\u00c7al\u0131\u015fma Masas\u0131 2 Dolapl\u0131 10 \u00c7ekmeceli Ask\u0131 Panolu Tak\u0131m Arabal\u0131 8920 - G\u00fclersan Ya\u011flama Cihazlar\u0131","isPartOf":{"@id":"https:\/\/www.gulersan.com\/en\/#website"},"primaryImageOfPage":{"@id":"https:\/\/www.gulersan.com\/en\/urun\/calisma-masasi-2-dolapli-10-cekmeceli-aski-panolu-takim-arabali-8920\/#primaryimage"},"image":{"@id":"https:\/\/www.gulersan.com\/en\/urun\/calisma-masasi-2-dolapli-10-cekmeceli-aski-panolu-takim-arabali-8920\/#primaryimage"},"thumbnailUrl":"https:\/\/www.gulersan.com\/wp-content\/uploads\/2026\/05\/Gls-8920-2-Dolapli-10-Cekmeceli-Aski-Panolu-Takim-Arabali-Garaj-Ekipmanlari.jpg","datePublished":"2026-05-05T13:03:42+00:00","dateModified":"2026-05-05T13:03:51+00:00","breadcrumb":{"@id":"https:\/\/www.gulersan.com\/en\/urun\/calisma-masasi-2-dolapli-10-cekmeceli-aski-panolu-takim-arabali-8920\/#breadcrumb"},"inLanguage":"en-US","potentialAction":[{"@type":"ReadAction","target":["https:\/\/www.gulersan.com\/en\/urun\/calisma-masasi-2-dolapli-10-cekmeceli-aski-panolu-takim-arabali-8920\/"]}]},{"@type":"ImageObject","inLanguage":"en-US","@id":"https:\/\/www.gulersan.com\/en\/urun\/calisma-masasi-2-dolapli-10-cekmeceli-aski-panolu-takim-arabali-8920\/#primaryimage","url":"https:\/\/www.gulersan.com\/wp-content\/uploads\/2026\/05\/Gls-8920-2-Dolapli-10-Cekmeceli-Aski-Panolu-Takim-Arabali-Garaj-Ekipmanlari.jpg","contentUrl":"https:\/\/www.gulersan.com\/wp-content\/uploads\/2026\/05\/Gls-8920-2-Dolapli-10-Cekmeceli-Aski-Panolu-Takim-Arabali-Garaj-Ekipmanlari.jpg","width":500,"height":500},{"@type":"BreadcrumbList","@id":"https:\/\/www.gulersan.com\/en\/urun\/calisma-masasi-2-dolapli-10-cekmeceli-aski-panolu-takim-arabali-8920\/#breadcrumb","itemListElement":[{"@type":"ListItem","position":1,"name":"Anasayfa","item":"https:\/\/www.gulersan.com\/en\/"},{"@type":"ListItem","position":2,"name":"\/","item":"https:\/\/www.gulersan.com\/shop\/"},{"@type":"ListItem","position":3,"name":"GLS Garaj Ekipmanlar\u0131","item":"https:\/\/www.gulersan.com\/en\/urun-kategori\/gls-garaj-ekipmanlari\/"},{"@type":"ListItem","position":4,"name":"Metal E\u015fyalar","item":"https:\/\/www.gulersan.com\/en\/urun-kategori\/gls-garaj-ekipmanlari\/metal-esyalar\/"},{"@type":"ListItem","position":5,"name":"\u00c7al\u0131\u015fma Tezgahlar\u0131","item":"https:\/\/www.gulersan.com\/en\/urun-kategori\/gls-garaj-ekipmanlari\/metal-esyalar\/calisma-tezgahlari\/"},{"@type":"ListItem","position":6,"name":"\u00c7al\u0131\u015fma Masas\u0131 2 Dolapl\u0131 10 \u00c7ekmeceli Ask\u0131 Panolu Tak\u0131m Arabal\u0131 8920"}]},{"@type":"WebSite","@id":"https:\/\/www.gulersan.com\/en\/#website","url":"https:\/\/www.gulersan.com\/en\/","name":"G\u00fclersan Ya\u011flama Cihazlar\u0131","description":"Ya\u011flama Makinesi | Haval\u0131 Gres Pompas\u0131 | Ya\u011flama Pompas\u0131 | Ya\u011f \u00c7ekme Pompas\u0131","publisher":{"@id":"https:\/\/www.gulersan.com\/en\/#organization"},"potentialAction":[{"@type":"SearchAction","target":{"@type":"EntryPoint","urlTemplate":"https:\/\/www.gulersan.com\/en\/?s={search_term_string}"},"query-input":{"@type":"PropertyValueSpecification","valueRequired":true,"valueName":"search_term_string"}}],"inLanguage":"en-US"},{"@type":"Organization","@id":"https:\/\/www.gulersan.com\/en\/#organization","name":"G\u00fclersan Ya\u011flama Cihazlar\u0131","url":"https:\/\/www.gulersan.com\/en\/","logo":{"@type":"ImageObject","inLanguage":"en-US","@id":"https:\/\/www.gulersan.com\/en\/#\/schema\/logo\/image\/","url":"https:\/\/www.gulersan.com\/wp-content\/uploads\/2021\/01\/gulersan-logo-tr.png","contentUrl":"https:\/\/www.gulersan.com\/wp-content\/uploads\/2021\/01\/gulersan-logo-tr.png","width":1242,"height":302,"caption":"G\u00fclersan Ya\u011flama Cihazlar\u0131"},"image":{"@id":"https:\/\/www.gulersan.com\/en\/#\/schema\/logo\/image\/"}}]}},"_links":{"self":[{"href":"https:\/\/www.gulersan.com\/en\/wp-json\/wp\/v2\/product\/15067","targetHints":{"allow":["GET"]}}],"collection":[{"href":"https:\/\/www.gulersan.com\/en\/wp-json\/wp\/v2\/product"}],"about":[{"href":"https:\/\/www.gulersan.com\/en\/wp-json\/wp\/v2\/types\/product"}],"replies":[{"embeddable":true,"href":"https:\/\/www.gulersan.com\/en\/wp-json\/wp\/v2\/comments?post=15067"}],"wp:featuredmedia":[{"embeddable":true,"href":"https:\/\/www.gulersan.com\/en\/wp-json\/wp\/v2\/media\/15068"}],"wp:attachment":[{"href":"https:\/\/www.gulersan.com\/en\/wp-json\/wp\/v2\/media?parent=15067"}],"wp:term":[{"taxonomy":"product_brand","embeddable":true,"href":"https:\/\/www.gulersan.com\/en\/wp-json\/wp\/v2\/product_brand?post=15067"},{"taxonomy":"product_cat","embeddable":true,"href":"https:\/\/www.gulersan.com\/en\/wp-json\/wp\/v2\/product_cat?post=15067"},{"taxonomy":"product_tag","embeddable":true,"href":"https:\/\/www.gulersan.com\/en\/wp-json\/wp\/v2\/product_tag?post=15067"}],"curies":[{"name":"wp","href":"https:\/\/api.w.org\/{rel}","templated":true}]}}