{"id":15095,"date":"2026-05-05T16:03:56","date_gmt":"2026-05-05T13:03:56","guid":{"rendered":"https:\/\/www.gulersan.com\/urun\/cnc-dolap-5-cekmeceli-aski-panolu-2351\/"},"modified":"2026-05-05T16:04:07","modified_gmt":"2026-05-05T13:04:07","slug":"cnc-dolap-5-cekmeceli-aski-panolu-2351","status":"publish","type":"product","link":"https:\/\/www.gulersan.com\/en\/urun\/cnc-dolap-5-cekmeceli-aski-panolu-2351\/","title":{"rendered":"CNC Dolap 5 \u00c7ekmeceli Ask\u0131 Panolu 2351"},"content":{"rendered":"<h2 style=\"text-align: left;\"><span style=\"color: #000080;\"><strong>CNC Dolap 5 \u00c7ekmeceli Ask\u0131 Panolu 2351<\/strong><\/span><\/h2>\n<div>\n<p><span style=\"font-size: 120%;\"><strong><img loading=\"lazy\" decoding=\"async\" class=\"alignnone wp-image-12531\" src=\"https:\/\/www.glsgaraj.com\/wp-content\/uploads\/2021\/06\/konuiciikon.png\" alt=\"\" width=\"18\" height=\"19\" \/> Teknik \u00d6zellikler<\/strong><\/span><\/p>\n<p>CNC tekerlekli \u00e7al\u0131\u015fma masas\u0131n\u0131n ana karkas\u0131; 35x35x1,50 mm kutu profilden kaynakl\u0131 ve elektrostatik toz boyal\u0131 olarak \u00fcretilmektedir. CNC \u00e7al\u0131\u015fma masas\u0131nda kullan\u0131lan tak\u0131m asma panomuz ve dolab\u0131m\u0131z 1,20 mm dkp sacdan \u00fcretilmekte olup, 5 \u00e7ekmecelidir ve en alt \u00e7ekmecesi 12 adet CNC tutucu kapasitelidir. Di\u011fer 4 \u00e7ekmece 17 mm aral\u0131kl\u0131, metal seperat\u00f6r kanall\u0131d\u0131r. Kapakl\u0131 b\u00f6l\u00fcmde 1 adet galvaniz sacdan \u00fcretilmi\u015f, y\u00fcksekli\u011fi ayarlanabilir sabit raf mevcuttur. \u00dcst tabla 25 mm mdf olup, alt raflarda ise 18 mm mdf kullan\u0131lmaktad\u0131r. Mdf y\u00fczeyler pinotekslenmi\u015f olup, keskin k\u00f6\u015felere rad\u00fcs verilmi\u015ftir. CNC tekerlekli \u00e7al\u0131\u015fma masas\u0131nda merkezi kilit sistemi kullan\u0131lmakla beraber, 1 \u00e7ekmece a\u00e7\u0131kken di\u011fer \u00e7ekmeceler a\u00e7\u0131lmaz.<\/p>\n<table style=\"width: 100%; height: 274px;\" bgcolor=\"whitesmoke\">\n<tbody>\n<tr>\n<td style=\"height: 1px;\" colspan=\"4\" bgcolor=\"white\"><img loading=\"lazy\" decoding=\"async\" class=\"alignnone wp-image-4888\" style=\"color: #555555; font-size: 14.4px; background-color: #ffffff;\" src=\"https:\/\/www.gulersan.com\/wp-content\/uploads\/2020\/12\/cizgi.jpg\" alt=\"\" width=\"1454\" height=\"12\" srcset=\"https:\/\/www.gulersan.com\/wp-content\/uploads\/2020\/12\/cizgi.jpg 606w, https:\/\/www.gulersan.com\/wp-content\/uploads\/2020\/12\/cizgi-510x4.jpg 510w\" sizes=\"auto, (max-width: 1454px) 100vw, 1454px\" \/><\/td>\n<\/tr>\n<tr>\n<td><span style=\"font-size: 120%;\"><strong>\u00a0 \u00a0 \u00a0 En<\/strong><\/span><\/td>\n<td><\/td>\n<td style=\"text-align: right;\"><span style=\"font-size: 120%;\">1120 Mm\u00a0 \u00a0 \u00a0 \u00a0\u00a0<\/span><\/td>\n<\/tr>\n<tr>\n<td><span style=\"font-size: 120%;\"><strong>\u00a0 \u00a0 \u00a0 Derinlik<\/strong><\/span><\/td>\n<td><\/td>\n<td style=\"text-align: right;\"><span style=\"font-size: 120%;\">570 Mm\u00a0 \u00a0 \u00a0 \u00a0\u00a0<\/span><\/td>\n<\/tr>\n<tr>\n<td><span style=\"font-size: 120%;\"><strong>\u00a0 \u00a0 \u00a0 Y\u00fckseklik<\/strong><\/span><\/td>\n<td><\/td>\n<td style=\"text-align: right;\"><span style=\"font-size: 120%;\">920+650 Mm\u00a0 \u00a0 \u00a0 \u00a0\u00a0<\/span><\/td>\n<\/tr>\n<tr>\n<td><span style=\"font-size: 120%;\"><strong>\u00a0 \u00a0 \u00a0 Renk<\/strong><\/span><\/td>\n<td><\/td>\n<td style=\"text-align: right;\"><span style=\"font-size: 120%;\">Ral 5015\u00a0 \u00a0 \u00a0 \u00a0\u00a0<\/span><\/td>\n<\/tr>\n<\/tbody>\n<\/table>\n<p>&nbsp;<\/p>\n<p><span style=\"font-size: 120%;\"><strong><img loading=\"lazy\" decoding=\"async\" class=\"alignnone wp-image-12531\" src=\"https:\/\/www.glsgaraj.com\/wp-content\/uploads\/2021\/06\/konuiciikon.png\" alt=\"\" width=\"18\" height=\"19\" \/> Kullan\u0131ld\u0131\u011f\u0131 Yerler<\/strong><\/span><\/p>\n<p>CNC tekerlekli \u00e7al\u0131\u015fma masas\u0131nda; BT 30-40-50 mors konikleri ve HSK 16-32-40-50-63-80 konikleri i\u00e7in standart ayarl\u0131 plastikler kullan\u0131l\u0131r. Capto C6 ve HSK100 i\u00e7in \u00f6zel sabit plastik tutucu kullan\u0131lmaktad\u0131r.<\/p>\n<p><span style=\"font-size: 120%;\"><strong><img loading=\"lazy\" decoding=\"async\" class=\"alignnone wp-image-12531\" src=\"https:\/\/www.glsgaraj.com\/wp-content\/uploads\/2021\/06\/konuiciikon.png\" alt=\"\" width=\"18\" height=\"19\" \/> \u00dcr\u00fcn Avantajlar\u0131<\/strong><\/span><\/p>\n<p>CNC tekerlekli \u00e7al\u0131\u015fma masas\u0131nda; BT 30-40-50 VE HSK 16-32-40-50-63-80 morslar\u0131n tamam\u0131n\u0131n kullan\u0131m\u0131na uygundur. Her plastikte 3 adet ayarl\u0131 ayak bulunmaktad\u0131r. Ayaklar\u0131n 1. y\u00fczeyi 2 derece 34 dakikad\u0131r, HSK tutucular\u0131na uygundur. Ayaklar\u0131n 2. y\u00fczeyi 8 derece 17 dakikad\u0131r ve BT tutucular\u0131na uygundur. CNC mors tutucular\u0131n\u0131z\u0131n bir yerden bir yere g\u00fcvenli \u015fekilde sevkini sa\u011flamaktad\u0131r. CNC \u00e7al\u0131\u015fma masas\u0131nda bulunan \u00e7ekmecelerde, \u00f6l\u00e7\u00fc aletleri, k\u00fc\u00e7\u00fck aparatlar ve yedek malzemelerinizi depolayabilece\u011finiz gibi, kapakl\u0131 b\u00f6l\u00fcmde daha b\u00fcy\u00fck ebatta \u00fcr\u00fcnlerinizi muhafaza edebilirsiniz. Ayn\u0131 zamanda \u00fcr\u00fcn \u00fcst y\u00fczeyinde tamir-montaj vs. i\u015flerinizi de yapabilir, arka y\u00fczeyde bulunan ask\u0131 panosuna el aletlerinizi d\u00fczenli bir \u015fekilde asabilirsiniz. CNC tekerlekli \u00e7al\u0131\u015fma masas\u0131 kilit sisteminin yan\u0131 s\u0131ra, her \u00e7ekmecede \u0130SG kurallar\u0131na uyumlu emniyet mandallar\u0131 da kullan\u0131lmaktad\u0131r.<\/p>\n<\/div>\n","protected":false},"excerpt":{"rendered":"<p>CNC Dolap 5 \u00c7ekmeceli Ask\u0131 Panolu 2351 Teknik \u00d6zellikler CNC tekerlekli \u00e7al\u0131\u015fma masas\u0131n\u0131n ana karkas\u0131; 35x35x1,50 mm kutu profilden kaynakl\u0131 ve elektrostatik toz boyal\u0131 olarak \u00fcretilmektedir. CNC \u00e7al\u0131\u015fma masas\u0131nda kullan\u0131lan tak\u0131m asma panomuz ve dolab\u0131m\u0131z 1,20 mm dkp sacdan \u00fcretilmekte olup, 5 \u00e7ekmecelidir ve en alt \u00e7ekmecesi 12 adet CNC tutucu kapasitelidir. Di\u011fer 4 \u00e7ekmece<\/p>\n","protected":false},"featured_media":15096,"comment_status":"closed","ping_status":"open","template":"","meta":[],"product_brand":[],"product_cat":[1412,1410],"product_tag":[],"class_list":{"0":"post-15095","1":"product","2":"type-product","3":"status-publish","4":"has-post-thumbnail","6":"product_cat-cnc-takim-dolaplari","7":"product_cat-metal-esyalar","9":"first","10":"instock","11":"product-type-simple"},"yoast_head":"<!-- This site is optimized with the Yoast SEO plugin v27.6 - https:\/\/yoast.com\/product\/yoast-seo-wordpress\/ -->\n<title>CNC Dolap 5 \u00c7ekmeceli Ask\u0131 Panolu 2351 - G\u00fclersan Ya\u011flama Cihazlar\u0131<\/title>\n<meta name=\"robots\" content=\"index, follow, max-snippet:-1, max-image-preview:large, max-video-preview:-1\" \/>\n<link rel=\"canonical\" href=\"https:\/\/www.gulersan.com\/en\/urun\/cnc-dolap-5-cekmeceli-aski-panolu-2351\/\" \/>\n<meta property=\"og:locale\" content=\"en_US\" \/>\n<meta property=\"og:type\" content=\"article\" \/>\n<meta property=\"og:title\" content=\"CNC Dolap 5 \u00c7ekmeceli Ask\u0131 Panolu 2351 - G\u00fclersan Ya\u011flama Cihazlar\u0131\" \/>\n<meta property=\"og:description\" content=\"CNC Dolap 5 \u00c7ekmeceli Ask\u0131 Panolu 2351 Teknik \u00d6zellikler CNC tekerlekli \u00e7al\u0131\u015fma masas\u0131n\u0131n ana karkas\u0131; 35x35x1,50 mm kutu profilden kaynakl\u0131 ve elektrostatik toz boyal\u0131 olarak \u00fcretilmektedir. CNC \u00e7al\u0131\u015fma masas\u0131nda kullan\u0131lan tak\u0131m asma panomuz ve dolab\u0131m\u0131z 1,20 mm dkp sacdan \u00fcretilmekte olup, 5 \u00e7ekmecelidir ve en alt \u00e7ekmecesi 12 adet CNC tutucu kapasitelidir. Di\u011fer 4 \u00e7ekmece\" \/>\n<meta property=\"og:url\" content=\"https:\/\/www.gulersan.com\/en\/urun\/cnc-dolap-5-cekmeceli-aski-panolu-2351\/\" \/>\n<meta property=\"og:site_name\" content=\"G\u00fclersan Ya\u011flama Cihazlar\u0131\" \/>\n<meta property=\"article:modified_time\" content=\"2026-05-05T13:04:07+00:00\" \/>\n<meta property=\"og:image\" content=\"https:\/\/www.gulersan.com\/wp-content\/uploads\/2026\/05\/gls-2351-panolu-cnc-mors-dolabi-ve-calisma-masasi.jpg\" \/>\n\t<meta property=\"og:image:width\" content=\"1176\" \/>\n\t<meta property=\"og:image:height\" content=\"1280\" \/>\n\t<meta property=\"og:image:type\" content=\"image\/jpeg\" \/>\n<meta name=\"twitter:card\" content=\"summary_large_image\" \/>\n<meta name=\"twitter:label1\" content=\"Est. reading time\" \/>\n\t<meta name=\"twitter:data1\" content=\"2 minutes\" \/>\n<script type=\"application\/ld+json\" class=\"yoast-schema-graph\">{\"@context\":\"https:\\\/\\\/schema.org\",\"@graph\":[{\"@type\":\"WebPage\",\"@id\":\"https:\\\/\\\/www.gulersan.com\\\/en\\\/urun\\\/cnc-dolap-5-cekmeceli-aski-panolu-2351\\\/\",\"url\":\"https:\\\/\\\/www.gulersan.com\\\/en\\\/urun\\\/cnc-dolap-5-cekmeceli-aski-panolu-2351\\\/\",\"name\":\"CNC Dolap 5 \u00c7ekmeceli Ask\u0131 Panolu 2351 - G\u00fclersan Ya\u011flama Cihazlar\u0131\",\"isPartOf\":{\"@id\":\"https:\\\/\\\/www.gulersan.com\\\/en\\\/#website\"},\"primaryImageOfPage\":{\"@id\":\"https:\\\/\\\/www.gulersan.com\\\/en\\\/urun\\\/cnc-dolap-5-cekmeceli-aski-panolu-2351\\\/#primaryimage\"},\"image\":{\"@id\":\"https:\\\/\\\/www.gulersan.com\\\/en\\\/urun\\\/cnc-dolap-5-cekmeceli-aski-panolu-2351\\\/#primaryimage\"},\"thumbnailUrl\":\"https:\\\/\\\/www.gulersan.com\\\/wp-content\\\/uploads\\\/2026\\\/05\\\/gls-2351-panolu-cnc-mors-dolabi-ve-calisma-masasi.jpg\",\"datePublished\":\"2026-05-05T13:03:56+00:00\",\"dateModified\":\"2026-05-05T13:04:07+00:00\",\"breadcrumb\":{\"@id\":\"https:\\\/\\\/www.gulersan.com\\\/en\\\/urun\\\/cnc-dolap-5-cekmeceli-aski-panolu-2351\\\/#breadcrumb\"},\"inLanguage\":\"en-US\",\"potentialAction\":[{\"@type\":\"ReadAction\",\"target\":[\"https:\\\/\\\/www.gulersan.com\\\/en\\\/urun\\\/cnc-dolap-5-cekmeceli-aski-panolu-2351\\\/\"]}]},{\"@type\":\"ImageObject\",\"inLanguage\":\"en-US\",\"@id\":\"https:\\\/\\\/www.gulersan.com\\\/en\\\/urun\\\/cnc-dolap-5-cekmeceli-aski-panolu-2351\\\/#primaryimage\",\"url\":\"https:\\\/\\\/www.gulersan.com\\\/wp-content\\\/uploads\\\/2026\\\/05\\\/gls-2351-panolu-cnc-mors-dolabi-ve-calisma-masasi.jpg\",\"contentUrl\":\"https:\\\/\\\/www.gulersan.com\\\/wp-content\\\/uploads\\\/2026\\\/05\\\/gls-2351-panolu-cnc-mors-dolabi-ve-calisma-masasi.jpg\",\"width\":1176,\"height\":1280},{\"@type\":\"BreadcrumbList\",\"@id\":\"https:\\\/\\\/www.gulersan.com\\\/en\\\/urun\\\/cnc-dolap-5-cekmeceli-aski-panolu-2351\\\/#breadcrumb\",\"itemListElement\":[{\"@type\":\"ListItem\",\"position\":1,\"name\":\"Anasayfa\",\"item\":\"https:\\\/\\\/www.gulersan.com\\\/en\\\/\"},{\"@type\":\"ListItem\",\"position\":2,\"name\":\"\\\/\",\"item\":\"https:\\\/\\\/www.gulersan.com\\\/shop\\\/\"},{\"@type\":\"ListItem\",\"position\":3,\"name\":\"GLS Garaj Ekipmanlar\u0131\",\"item\":\"https:\\\/\\\/www.gulersan.com\\\/en\\\/urun-kategori\\\/gls-garaj-ekipmanlari\\\/\"},{\"@type\":\"ListItem\",\"position\":4,\"name\":\"Metal E\u015fyalar\",\"item\":\"https:\\\/\\\/www.gulersan.com\\\/en\\\/urun-kategori\\\/gls-garaj-ekipmanlari\\\/metal-esyalar\\\/\"},{\"@type\":\"ListItem\",\"position\":5,\"name\":\"CNC Tak\u0131m Dolaplar\u0131\",\"item\":\"https:\\\/\\\/www.gulersan.com\\\/en\\\/urun-kategori\\\/gls-garaj-ekipmanlari\\\/metal-esyalar\\\/cnc-takim-dolaplari\\\/\"},{\"@type\":\"ListItem\",\"position\":6,\"name\":\"CNC Dolap 5 \u00c7ekmeceli Ask\u0131 Panolu 2351\"}]},{\"@type\":\"WebSite\",\"@id\":\"https:\\\/\\\/www.gulersan.com\\\/en\\\/#website\",\"url\":\"https:\\\/\\\/www.gulersan.com\\\/en\\\/\",\"name\":\"G\u00fclersan Ya\u011flama Cihazlar\u0131\",\"description\":\"Ya\u011flama Makinesi | Haval\u0131 Gres Pompas\u0131 | Ya\u011flama Pompas\u0131 | Ya\u011f \u00c7ekme Pompas\u0131\",\"publisher\":{\"@id\":\"https:\\\/\\\/www.gulersan.com\\\/en\\\/#organization\"},\"potentialAction\":[{\"@type\":\"SearchAction\",\"target\":{\"@type\":\"EntryPoint\",\"urlTemplate\":\"https:\\\/\\\/www.gulersan.com\\\/en\\\/?s={search_term_string}\"},\"query-input\":{\"@type\":\"PropertyValueSpecification\",\"valueRequired\":true,\"valueName\":\"search_term_string\"}}],\"inLanguage\":\"en-US\"},{\"@type\":\"Organization\",\"@id\":\"https:\\\/\\\/www.gulersan.com\\\/en\\\/#organization\",\"name\":\"G\u00fclersan Ya\u011flama Cihazlar\u0131\",\"url\":\"https:\\\/\\\/www.gulersan.com\\\/en\\\/\",\"logo\":{\"@type\":\"ImageObject\",\"inLanguage\":\"en-US\",\"@id\":\"https:\\\/\\\/www.gulersan.com\\\/en\\\/#\\\/schema\\\/logo\\\/image\\\/\",\"url\":\"https:\\\/\\\/www.gulersan.com\\\/wp-content\\\/uploads\\\/2021\\\/01\\\/gulersan-logo-tr.png\",\"contentUrl\":\"https:\\\/\\\/www.gulersan.com\\\/wp-content\\\/uploads\\\/2021\\\/01\\\/gulersan-logo-tr.png\",\"width\":1242,\"height\":302,\"caption\":\"G\u00fclersan Ya\u011flama Cihazlar\u0131\"},\"image\":{\"@id\":\"https:\\\/\\\/www.gulersan.com\\\/en\\\/#\\\/schema\\\/logo\\\/image\\\/\"}}]}<\/script>\n<!-- \/ Yoast SEO plugin. -->","yoast_head_json":{"title":"CNC Dolap 5 \u00c7ekmeceli Ask\u0131 Panolu 2351 - G\u00fclersan Ya\u011flama Cihazlar\u0131","robots":{"index":"index","follow":"follow","max-snippet":"max-snippet:-1","max-image-preview":"max-image-preview:large","max-video-preview":"max-video-preview:-1"},"canonical":"https:\/\/www.gulersan.com\/en\/urun\/cnc-dolap-5-cekmeceli-aski-panolu-2351\/","og_locale":"en_US","og_type":"article","og_title":"CNC Dolap 5 \u00c7ekmeceli Ask\u0131 Panolu 2351 - G\u00fclersan Ya\u011flama Cihazlar\u0131","og_description":"CNC Dolap 5 \u00c7ekmeceli Ask\u0131 Panolu 2351 Teknik \u00d6zellikler CNC tekerlekli \u00e7al\u0131\u015fma masas\u0131n\u0131n ana karkas\u0131; 35x35x1,50 mm kutu profilden kaynakl\u0131 ve elektrostatik toz boyal\u0131 olarak \u00fcretilmektedir. CNC \u00e7al\u0131\u015fma masas\u0131nda kullan\u0131lan tak\u0131m asma panomuz ve dolab\u0131m\u0131z 1,20 mm dkp sacdan \u00fcretilmekte olup, 5 \u00e7ekmecelidir ve en alt \u00e7ekmecesi 12 adet CNC tutucu kapasitelidir. Di\u011fer 4 \u00e7ekmece","og_url":"https:\/\/www.gulersan.com\/en\/urun\/cnc-dolap-5-cekmeceli-aski-panolu-2351\/","og_site_name":"G\u00fclersan Ya\u011flama Cihazlar\u0131","article_modified_time":"2026-05-05T13:04:07+00:00","og_image":[{"width":1176,"height":1280,"url":"https:\/\/www.gulersan.com\/wp-content\/uploads\/2026\/05\/gls-2351-panolu-cnc-mors-dolabi-ve-calisma-masasi.jpg","type":"image\/jpeg"}],"twitter_card":"summary_large_image","twitter_misc":{"Est. reading time":"2 minutes"},"schema":{"@context":"https:\/\/schema.org","@graph":[{"@type":"WebPage","@id":"https:\/\/www.gulersan.com\/en\/urun\/cnc-dolap-5-cekmeceli-aski-panolu-2351\/","url":"https:\/\/www.gulersan.com\/en\/urun\/cnc-dolap-5-cekmeceli-aski-panolu-2351\/","name":"CNC Dolap 5 \u00c7ekmeceli Ask\u0131 Panolu 2351 - G\u00fclersan Ya\u011flama Cihazlar\u0131","isPartOf":{"@id":"https:\/\/www.gulersan.com\/en\/#website"},"primaryImageOfPage":{"@id":"https:\/\/www.gulersan.com\/en\/urun\/cnc-dolap-5-cekmeceli-aski-panolu-2351\/#primaryimage"},"image":{"@id":"https:\/\/www.gulersan.com\/en\/urun\/cnc-dolap-5-cekmeceli-aski-panolu-2351\/#primaryimage"},"thumbnailUrl":"https:\/\/www.gulersan.com\/wp-content\/uploads\/2026\/05\/gls-2351-panolu-cnc-mors-dolabi-ve-calisma-masasi.jpg","datePublished":"2026-05-05T13:03:56+00:00","dateModified":"2026-05-05T13:04:07+00:00","breadcrumb":{"@id":"https:\/\/www.gulersan.com\/en\/urun\/cnc-dolap-5-cekmeceli-aski-panolu-2351\/#breadcrumb"},"inLanguage":"en-US","potentialAction":[{"@type":"ReadAction","target":["https:\/\/www.gulersan.com\/en\/urun\/cnc-dolap-5-cekmeceli-aski-panolu-2351\/"]}]},{"@type":"ImageObject","inLanguage":"en-US","@id":"https:\/\/www.gulersan.com\/en\/urun\/cnc-dolap-5-cekmeceli-aski-panolu-2351\/#primaryimage","url":"https:\/\/www.gulersan.com\/wp-content\/uploads\/2026\/05\/gls-2351-panolu-cnc-mors-dolabi-ve-calisma-masasi.jpg","contentUrl":"https:\/\/www.gulersan.com\/wp-content\/uploads\/2026\/05\/gls-2351-panolu-cnc-mors-dolabi-ve-calisma-masasi.jpg","width":1176,"height":1280},{"@type":"BreadcrumbList","@id":"https:\/\/www.gulersan.com\/en\/urun\/cnc-dolap-5-cekmeceli-aski-panolu-2351\/#breadcrumb","itemListElement":[{"@type":"ListItem","position":1,"name":"Anasayfa","item":"https:\/\/www.gulersan.com\/en\/"},{"@type":"ListItem","position":2,"name":"\/","item":"https:\/\/www.gulersan.com\/shop\/"},{"@type":"ListItem","position":3,"name":"GLS Garaj Ekipmanlar\u0131","item":"https:\/\/www.gulersan.com\/en\/urun-kategori\/gls-garaj-ekipmanlari\/"},{"@type":"ListItem","position":4,"name":"Metal E\u015fyalar","item":"https:\/\/www.gulersan.com\/en\/urun-kategori\/gls-garaj-ekipmanlari\/metal-esyalar\/"},{"@type":"ListItem","position":5,"name":"CNC Tak\u0131m Dolaplar\u0131","item":"https:\/\/www.gulersan.com\/en\/urun-kategori\/gls-garaj-ekipmanlari\/metal-esyalar\/cnc-takim-dolaplari\/"},{"@type":"ListItem","position":6,"name":"CNC Dolap 5 \u00c7ekmeceli Ask\u0131 Panolu 2351"}]},{"@type":"WebSite","@id":"https:\/\/www.gulersan.com\/en\/#website","url":"https:\/\/www.gulersan.com\/en\/","name":"G\u00fclersan Ya\u011flama Cihazlar\u0131","description":"Ya\u011flama Makinesi | Haval\u0131 Gres Pompas\u0131 | Ya\u011flama Pompas\u0131 | Ya\u011f \u00c7ekme Pompas\u0131","publisher":{"@id":"https:\/\/www.gulersan.com\/en\/#organization"},"potentialAction":[{"@type":"SearchAction","target":{"@type":"EntryPoint","urlTemplate":"https:\/\/www.gulersan.com\/en\/?s={search_term_string}"},"query-input":{"@type":"PropertyValueSpecification","valueRequired":true,"valueName":"search_term_string"}}],"inLanguage":"en-US"},{"@type":"Organization","@id":"https:\/\/www.gulersan.com\/en\/#organization","name":"G\u00fclersan Ya\u011flama Cihazlar\u0131","url":"https:\/\/www.gulersan.com\/en\/","logo":{"@type":"ImageObject","inLanguage":"en-US","@id":"https:\/\/www.gulersan.com\/en\/#\/schema\/logo\/image\/","url":"https:\/\/www.gulersan.com\/wp-content\/uploads\/2021\/01\/gulersan-logo-tr.png","contentUrl":"https:\/\/www.gulersan.com\/wp-content\/uploads\/2021\/01\/gulersan-logo-tr.png","width":1242,"height":302,"caption":"G\u00fclersan Ya\u011flama Cihazlar\u0131"},"image":{"@id":"https:\/\/www.gulersan.com\/en\/#\/schema\/logo\/image\/"}}]}},"_links":{"self":[{"href":"https:\/\/www.gulersan.com\/en\/wp-json\/wp\/v2\/product\/15095","targetHints":{"allow":["GET"]}}],"collection":[{"href":"https:\/\/www.gulersan.com\/en\/wp-json\/wp\/v2\/product"}],"about":[{"href":"https:\/\/www.gulersan.com\/en\/wp-json\/wp\/v2\/types\/product"}],"replies":[{"embeddable":true,"href":"https:\/\/www.gulersan.com\/en\/wp-json\/wp\/v2\/comments?post=15095"}],"wp:featuredmedia":[{"embeddable":true,"href":"https:\/\/www.gulersan.com\/en\/wp-json\/wp\/v2\/media\/15096"}],"wp:attachment":[{"href":"https:\/\/www.gulersan.com\/en\/wp-json\/wp\/v2\/media?parent=15095"}],"wp:term":[{"taxonomy":"product_brand","embeddable":true,"href":"https:\/\/www.gulersan.com\/en\/wp-json\/wp\/v2\/product_brand?post=15095"},{"taxonomy":"product_cat","embeddable":true,"href":"https:\/\/www.gulersan.com\/en\/wp-json\/wp\/v2\/product_cat?post=15095"},{"taxonomy":"product_tag","embeddable":true,"href":"https:\/\/www.gulersan.com\/en\/wp-json\/wp\/v2\/product_tag?post=15095"}],"curies":[{"name":"wp","href":"https:\/\/api.w.org\/{rel}","templated":true}]}}