{"id":15117,"date":"2026-05-05T16:04:24","date_gmt":"2026-05-05T13:04:24","guid":{"rendered":"https:\/\/www.gulersan.com\/urun\/hareketli-cnc-tutucu-sehpa-2205\/"},"modified":"2026-05-05T16:04:26","modified_gmt":"2026-05-05T13:04:26","slug":"hareketli-cnc-tutucu-sehpa-2205","status":"publish","type":"product","link":"https:\/\/www.gulersan.com\/en\/urun\/hareketli-cnc-tutucu-sehpa-2205\/","title":{"rendered":"Hareketli CNC Tutucu Sehpa 2205"},"content":{"rendered":"<h2 style=\"text-align: left;\"><span style=\"color: #000080;\"><strong>Hareketli CNC Tutucu Sehpa 2205<\/strong><\/span><\/h2>\n<div>\n<p><span style=\"font-size: 120%;\"><strong><img loading=\"lazy\" decoding=\"async\" class=\"alignnone wp-image-12531\" src=\"https:\/\/www.glsgaraj.com\/wp-content\/uploads\/2021\/06\/konuiciikon.png\" alt=\"\" width=\"18\" height=\"19\" \/> Teknik \u00d6zellikler<\/strong><\/span><\/p>\n<p>CNC ta\u015f\u0131ma arabas\u0131, g\u00f6vde malzemesi olarak 1,20 mm dkp sacdan \u00fcretilmektedir. CNC sehpas\u0131 \u00fczerinde \u00e7ift y\u00f6nde toplam 20 adet CNC tutucu ta\u015f\u0131yabilirsiniz. \u00dcr\u00fcnde; 2 adet sabit, 1 adet d\u00f6nerli, 1 adet d\u00f6nerli frenli olmak \u00fczere 100 mm \u00e7ap\u0131nda kau\u00e7uk y\u00fczeyli tekerlekler kullan\u0131lmaktad\u0131r. CNC sehpas\u0131 \u00fczerinde 1 adet itme kulpu mevcuttur.<\/p>\n<table style=\"width: 100%; height: 274px;\" bgcolor=\"whitesmoke\">\n<tbody>\n<tr>\n<td style=\"height: 1px;\" colspan=\"4\" bgcolor=\"white\"><img loading=\"lazy\" decoding=\"async\" class=\"alignnone wp-image-4888\" style=\"color: #555555; font-size: 14.4px; background-color: #ffffff;\" src=\"https:\/\/www.gulersan.com\/wp-content\/uploads\/2020\/12\/cizgi.jpg\" alt=\"\" width=\"1454\" height=\"12\" srcset=\"https:\/\/www.gulersan.com\/wp-content\/uploads\/2020\/12\/cizgi.jpg 606w, https:\/\/www.gulersan.com\/wp-content\/uploads\/2020\/12\/cizgi-510x4.jpg 510w\" sizes=\"auto, (max-width: 1454px) 100vw, 1454px\" \/><\/td>\n<\/tr>\n<tr>\n<td><span style=\"font-size: 120%;\"><strong>\u00a0 \u00a0 \u00a0 En<\/strong><\/span><\/td>\n<td><\/td>\n<td style=\"text-align: right;\"><span style=\"font-size: 120%;\">650 Mm\u00a0 \u00a0 \u00a0 \u00a0\u00a0<\/span><\/td>\n<\/tr>\n<tr>\n<td><span style=\"font-size: 120%;\"><strong>\u00a0 \u00a0 \u00a0 Derinlik<\/strong><\/span><\/td>\n<td><\/td>\n<td style=\"text-align: right;\"><span style=\"font-size: 120%;\">510 Mm\u00a0 \u00a0 \u00a0 \u00a0\u00a0<\/span><\/td>\n<\/tr>\n<tr>\n<td><span style=\"font-size: 120%;\"><strong>\u00a0 \u00a0 \u00a0 Y\u00fckseklik<\/strong><\/span><\/td>\n<td><\/td>\n<td style=\"text-align: right;\"><span style=\"font-size: 120%;\">980 Mm\u00a0 \u00a0 \u00a0 \u00a0\u00a0<\/span><\/td>\n<\/tr>\n<tr>\n<td><span style=\"font-size: 120%;\"><strong>\u00a0 \u00a0 \u00a0 Renk<\/strong><\/span><\/td>\n<td><\/td>\n<td style=\"text-align: right;\"><span style=\"font-size: 120%;\">Ral 5015\u00a0 \u00a0 \u00a0 \u00a0\u00a0<\/span><\/td>\n<\/tr>\n<\/tbody>\n<\/table>\n<p>&nbsp;<\/p>\n<p><span style=\"font-size: 120%;\"><strong><img loading=\"lazy\" decoding=\"async\" class=\"alignnone wp-image-12531\" src=\"https:\/\/www.glsgaraj.com\/wp-content\/uploads\/2021\/06\/konuiciikon.png\" alt=\"\" width=\"18\" height=\"19\" \/> Kullan\u0131ld\u0131\u011f\u0131 Yerler<\/strong><\/span><\/p>\n<p>CNC ta\u015f\u0131ma arabas\u0131; BT 30-40-50 mors konikleri ve HSK 16-32-40-50-63-80 konikleri i\u00e7in standart ayarl\u0131 plastikler kullan\u0131l\u0131r. Capto C6 ve HSK100 i\u00e7in \u00f6zel sabit plastik tutucu kullan\u0131lmaktad\u0131r.<\/p>\n<p><span style=\"font-size: 120%;\"><strong><img loading=\"lazy\" decoding=\"async\" class=\"alignnone wp-image-12531\" src=\"https:\/\/www.glsgaraj.com\/wp-content\/uploads\/2021\/06\/konuiciikon.png\" alt=\"\" width=\"18\" height=\"19\" \/> \u00dcr\u00fcn Avantajlar\u0131<\/strong><\/span><\/p>\n<p>CNC ta\u015f\u0131ma arabas\u0131; BT 30-40-50 VE HSK 16-32-40-50-63-80 morslar\u0131n tamam\u0131n\u0131n kullan\u0131m\u0131na uygundur. Her plastikte 3 adet ayarl\u0131 ayak bulunmaktad\u0131r. Ayaklar\u0131n 1. y\u00fczeyi 2 derece 34 dakikad\u0131r, HSK tutucular\u0131na uygundur. Ayaklar\u0131n 2. y\u00fczeyi 8 derece 17 dakikad\u0131r ve BT tutucular\u0131na uygundur. CNC mors tutucular\u0131n\u0131z\u0131n bir yerden bir yere g\u00fcvenli \u015fekilde sevkini sa\u011flamaktad\u0131r.<\/p>\n<\/div>\n","protected":false},"excerpt":{"rendered":"<p>Hareketli CNC Tutucu Sehpa 2205 Teknik \u00d6zellikler CNC ta\u015f\u0131ma arabas\u0131, g\u00f6vde malzemesi olarak 1,20 mm dkp sacdan \u00fcretilmektedir. CNC sehpas\u0131 \u00fczerinde \u00e7ift y\u00f6nde toplam 20 adet CNC tutucu ta\u015f\u0131yabilirsiniz. \u00dcr\u00fcnde; 2 adet sabit, 1 adet d\u00f6nerli, 1 adet d\u00f6nerli frenli olmak \u00fczere 100 mm \u00e7ap\u0131nda kau\u00e7uk y\u00fczeyli tekerlekler kullan\u0131lmaktad\u0131r. CNC sehpas\u0131 \u00fczerinde 1 adet itme<\/p>\n","protected":false},"featured_media":15118,"comment_status":"closed","ping_status":"open","template":"","meta":[],"product_brand":[],"product_cat":[1412,1410],"product_tag":[],"class_list":{"0":"post-15117","1":"product","2":"type-product","3":"status-publish","4":"has-post-thumbnail","6":"product_cat-cnc-takim-dolaplari","7":"product_cat-metal-esyalar","9":"first","10":"instock","11":"product-type-simple"},"yoast_head":"<!-- This site is optimized with the Yoast SEO plugin v27.6 - https:\/\/yoast.com\/product\/yoast-seo-wordpress\/ -->\n<title>Hareketli CNC Tutucu Sehpa 2205 - G\u00fclersan Ya\u011flama Cihazlar\u0131<\/title>\n<meta name=\"robots\" content=\"index, follow, max-snippet:-1, max-image-preview:large, max-video-preview:-1\" \/>\n<link rel=\"canonical\" href=\"https:\/\/www.gulersan.com\/en\/urun\/hareketli-cnc-tutucu-sehpa-2205\/\" \/>\n<meta property=\"og:locale\" content=\"en_US\" \/>\n<meta property=\"og:type\" content=\"article\" \/>\n<meta property=\"og:title\" content=\"Hareketli CNC Tutucu Sehpa 2205 - G\u00fclersan Ya\u011flama Cihazlar\u0131\" \/>\n<meta property=\"og:description\" content=\"Hareketli CNC Tutucu Sehpa 2205 Teknik \u00d6zellikler CNC ta\u015f\u0131ma arabas\u0131, g\u00f6vde malzemesi olarak 1,20 mm dkp sacdan \u00fcretilmektedir. CNC sehpas\u0131 \u00fczerinde \u00e7ift y\u00f6nde toplam 20 adet CNC tutucu ta\u015f\u0131yabilirsiniz. \u00dcr\u00fcnde; 2 adet sabit, 1 adet d\u00f6nerli, 1 adet d\u00f6nerli frenli olmak \u00fczere 100 mm \u00e7ap\u0131nda kau\u00e7uk y\u00fczeyli tekerlekler kullan\u0131lmaktad\u0131r. CNC sehpas\u0131 \u00fczerinde 1 adet itme\" \/>\n<meta property=\"og:url\" content=\"https:\/\/www.gulersan.com\/en\/urun\/hareketli-cnc-tutucu-sehpa-2205\/\" \/>\n<meta property=\"og:site_name\" content=\"G\u00fclersan Ya\u011flama Cihazlar\u0131\" \/>\n<meta property=\"article:modified_time\" content=\"2026-05-05T13:04:26+00:00\" \/>\n<meta property=\"og:image\" content=\"https:\/\/www.gulersan.com\/wp-content\/uploads\/2026\/05\/gls-garaj-hareketli-cnc-tutuc-sehpa-2205-2-450x450h.jpg\" \/>\n\t<meta property=\"og:image:width\" content=\"500\" \/>\n\t<meta property=\"og:image:height\" content=\"500\" \/>\n\t<meta property=\"og:image:type\" content=\"image\/jpeg\" \/>\n<meta name=\"twitter:card\" content=\"summary_large_image\" \/>\n<meta name=\"twitter:label1\" content=\"Est. reading time\" \/>\n\t<meta name=\"twitter:data1\" content=\"1 minute\" \/>\n<script type=\"application\/ld+json\" class=\"yoast-schema-graph\">{\"@context\":\"https:\\\/\\\/schema.org\",\"@graph\":[{\"@type\":\"WebPage\",\"@id\":\"https:\\\/\\\/www.gulersan.com\\\/en\\\/urun\\\/hareketli-cnc-tutucu-sehpa-2205\\\/\",\"url\":\"https:\\\/\\\/www.gulersan.com\\\/en\\\/urun\\\/hareketli-cnc-tutucu-sehpa-2205\\\/\",\"name\":\"Hareketli CNC Tutucu Sehpa 2205 - G\u00fclersan Ya\u011flama Cihazlar\u0131\",\"isPartOf\":{\"@id\":\"https:\\\/\\\/www.gulersan.com\\\/en\\\/#website\"},\"primaryImageOfPage\":{\"@id\":\"https:\\\/\\\/www.gulersan.com\\\/en\\\/urun\\\/hareketli-cnc-tutucu-sehpa-2205\\\/#primaryimage\"},\"image\":{\"@id\":\"https:\\\/\\\/www.gulersan.com\\\/en\\\/urun\\\/hareketli-cnc-tutucu-sehpa-2205\\\/#primaryimage\"},\"thumbnailUrl\":\"https:\\\/\\\/www.gulersan.com\\\/wp-content\\\/uploads\\\/2026\\\/05\\\/gls-garaj-hareketli-cnc-tutuc-sehpa-2205-2-450x450h.jpg\",\"datePublished\":\"2026-05-05T13:04:24+00:00\",\"dateModified\":\"2026-05-05T13:04:26+00:00\",\"breadcrumb\":{\"@id\":\"https:\\\/\\\/www.gulersan.com\\\/en\\\/urun\\\/hareketli-cnc-tutucu-sehpa-2205\\\/#breadcrumb\"},\"inLanguage\":\"en-US\",\"potentialAction\":[{\"@type\":\"ReadAction\",\"target\":[\"https:\\\/\\\/www.gulersan.com\\\/en\\\/urun\\\/hareketli-cnc-tutucu-sehpa-2205\\\/\"]}]},{\"@type\":\"ImageObject\",\"inLanguage\":\"en-US\",\"@id\":\"https:\\\/\\\/www.gulersan.com\\\/en\\\/urun\\\/hareketli-cnc-tutucu-sehpa-2205\\\/#primaryimage\",\"url\":\"https:\\\/\\\/www.gulersan.com\\\/wp-content\\\/uploads\\\/2026\\\/05\\\/gls-garaj-hareketli-cnc-tutuc-sehpa-2205-2-450x450h.jpg\",\"contentUrl\":\"https:\\\/\\\/www.gulersan.com\\\/wp-content\\\/uploads\\\/2026\\\/05\\\/gls-garaj-hareketli-cnc-tutuc-sehpa-2205-2-450x450h.jpg\",\"width\":500,\"height\":500},{\"@type\":\"BreadcrumbList\",\"@id\":\"https:\\\/\\\/www.gulersan.com\\\/en\\\/urun\\\/hareketli-cnc-tutucu-sehpa-2205\\\/#breadcrumb\",\"itemListElement\":[{\"@type\":\"ListItem\",\"position\":1,\"name\":\"Anasayfa\",\"item\":\"https:\\\/\\\/www.gulersan.com\\\/en\\\/\"},{\"@type\":\"ListItem\",\"position\":2,\"name\":\"\\\/\",\"item\":\"https:\\\/\\\/www.gulersan.com\\\/shop\\\/\"},{\"@type\":\"ListItem\",\"position\":3,\"name\":\"GLS Garaj Ekipmanlar\u0131\",\"item\":\"https:\\\/\\\/www.gulersan.com\\\/en\\\/urun-kategori\\\/gls-garaj-ekipmanlari\\\/\"},{\"@type\":\"ListItem\",\"position\":4,\"name\":\"Metal E\u015fyalar\",\"item\":\"https:\\\/\\\/www.gulersan.com\\\/en\\\/urun-kategori\\\/gls-garaj-ekipmanlari\\\/metal-esyalar\\\/\"},{\"@type\":\"ListItem\",\"position\":5,\"name\":\"CNC Tak\u0131m Dolaplar\u0131\",\"item\":\"https:\\\/\\\/www.gulersan.com\\\/en\\\/urun-kategori\\\/gls-garaj-ekipmanlari\\\/metal-esyalar\\\/cnc-takim-dolaplari\\\/\"},{\"@type\":\"ListItem\",\"position\":6,\"name\":\"Hareketli CNC Tutucu Sehpa 2205\"}]},{\"@type\":\"WebSite\",\"@id\":\"https:\\\/\\\/www.gulersan.com\\\/en\\\/#website\",\"url\":\"https:\\\/\\\/www.gulersan.com\\\/en\\\/\",\"name\":\"G\u00fclersan Ya\u011flama Cihazlar\u0131\",\"description\":\"Ya\u011flama Makinesi | Haval\u0131 Gres Pompas\u0131 | Ya\u011flama Pompas\u0131 | Ya\u011f \u00c7ekme Pompas\u0131\",\"publisher\":{\"@id\":\"https:\\\/\\\/www.gulersan.com\\\/en\\\/#organization\"},\"potentialAction\":[{\"@type\":\"SearchAction\",\"target\":{\"@type\":\"EntryPoint\",\"urlTemplate\":\"https:\\\/\\\/www.gulersan.com\\\/en\\\/?s={search_term_string}\"},\"query-input\":{\"@type\":\"PropertyValueSpecification\",\"valueRequired\":true,\"valueName\":\"search_term_string\"}}],\"inLanguage\":\"en-US\"},{\"@type\":\"Organization\",\"@id\":\"https:\\\/\\\/www.gulersan.com\\\/en\\\/#organization\",\"name\":\"G\u00fclersan Ya\u011flama Cihazlar\u0131\",\"url\":\"https:\\\/\\\/www.gulersan.com\\\/en\\\/\",\"logo\":{\"@type\":\"ImageObject\",\"inLanguage\":\"en-US\",\"@id\":\"https:\\\/\\\/www.gulersan.com\\\/en\\\/#\\\/schema\\\/logo\\\/image\\\/\",\"url\":\"https:\\\/\\\/www.gulersan.com\\\/wp-content\\\/uploads\\\/2021\\\/01\\\/gulersan-logo-tr.png\",\"contentUrl\":\"https:\\\/\\\/www.gulersan.com\\\/wp-content\\\/uploads\\\/2021\\\/01\\\/gulersan-logo-tr.png\",\"width\":1242,\"height\":302,\"caption\":\"G\u00fclersan Ya\u011flama Cihazlar\u0131\"},\"image\":{\"@id\":\"https:\\\/\\\/www.gulersan.com\\\/en\\\/#\\\/schema\\\/logo\\\/image\\\/\"}}]}<\/script>\n<!-- \/ Yoast SEO plugin. -->","yoast_head_json":{"title":"Hareketli CNC Tutucu Sehpa 2205 - G\u00fclersan Ya\u011flama Cihazlar\u0131","robots":{"index":"index","follow":"follow","max-snippet":"max-snippet:-1","max-image-preview":"max-image-preview:large","max-video-preview":"max-video-preview:-1"},"canonical":"https:\/\/www.gulersan.com\/en\/urun\/hareketli-cnc-tutucu-sehpa-2205\/","og_locale":"en_US","og_type":"article","og_title":"Hareketli CNC Tutucu Sehpa 2205 - G\u00fclersan Ya\u011flama Cihazlar\u0131","og_description":"Hareketli CNC Tutucu Sehpa 2205 Teknik \u00d6zellikler CNC ta\u015f\u0131ma arabas\u0131, g\u00f6vde malzemesi olarak 1,20 mm dkp sacdan \u00fcretilmektedir. CNC sehpas\u0131 \u00fczerinde \u00e7ift y\u00f6nde toplam 20 adet CNC tutucu ta\u015f\u0131yabilirsiniz. \u00dcr\u00fcnde; 2 adet sabit, 1 adet d\u00f6nerli, 1 adet d\u00f6nerli frenli olmak \u00fczere 100 mm \u00e7ap\u0131nda kau\u00e7uk y\u00fczeyli tekerlekler kullan\u0131lmaktad\u0131r. CNC sehpas\u0131 \u00fczerinde 1 adet itme","og_url":"https:\/\/www.gulersan.com\/en\/urun\/hareketli-cnc-tutucu-sehpa-2205\/","og_site_name":"G\u00fclersan Ya\u011flama Cihazlar\u0131","article_modified_time":"2026-05-05T13:04:26+00:00","og_image":[{"width":500,"height":500,"url":"https:\/\/www.gulersan.com\/wp-content\/uploads\/2026\/05\/gls-garaj-hareketli-cnc-tutuc-sehpa-2205-2-450x450h.jpg","type":"image\/jpeg"}],"twitter_card":"summary_large_image","twitter_misc":{"Est. reading time":"1 minute"},"schema":{"@context":"https:\/\/schema.org","@graph":[{"@type":"WebPage","@id":"https:\/\/www.gulersan.com\/en\/urun\/hareketli-cnc-tutucu-sehpa-2205\/","url":"https:\/\/www.gulersan.com\/en\/urun\/hareketli-cnc-tutucu-sehpa-2205\/","name":"Hareketli CNC Tutucu Sehpa 2205 - G\u00fclersan Ya\u011flama Cihazlar\u0131","isPartOf":{"@id":"https:\/\/www.gulersan.com\/en\/#website"},"primaryImageOfPage":{"@id":"https:\/\/www.gulersan.com\/en\/urun\/hareketli-cnc-tutucu-sehpa-2205\/#primaryimage"},"image":{"@id":"https:\/\/www.gulersan.com\/en\/urun\/hareketli-cnc-tutucu-sehpa-2205\/#primaryimage"},"thumbnailUrl":"https:\/\/www.gulersan.com\/wp-content\/uploads\/2026\/05\/gls-garaj-hareketli-cnc-tutuc-sehpa-2205-2-450x450h.jpg","datePublished":"2026-05-05T13:04:24+00:00","dateModified":"2026-05-05T13:04:26+00:00","breadcrumb":{"@id":"https:\/\/www.gulersan.com\/en\/urun\/hareketli-cnc-tutucu-sehpa-2205\/#breadcrumb"},"inLanguage":"en-US","potentialAction":[{"@type":"ReadAction","target":["https:\/\/www.gulersan.com\/en\/urun\/hareketli-cnc-tutucu-sehpa-2205\/"]}]},{"@type":"ImageObject","inLanguage":"en-US","@id":"https:\/\/www.gulersan.com\/en\/urun\/hareketli-cnc-tutucu-sehpa-2205\/#primaryimage","url":"https:\/\/www.gulersan.com\/wp-content\/uploads\/2026\/05\/gls-garaj-hareketli-cnc-tutuc-sehpa-2205-2-450x450h.jpg","contentUrl":"https:\/\/www.gulersan.com\/wp-content\/uploads\/2026\/05\/gls-garaj-hareketli-cnc-tutuc-sehpa-2205-2-450x450h.jpg","width":500,"height":500},{"@type":"BreadcrumbList","@id":"https:\/\/www.gulersan.com\/en\/urun\/hareketli-cnc-tutucu-sehpa-2205\/#breadcrumb","itemListElement":[{"@type":"ListItem","position":1,"name":"Anasayfa","item":"https:\/\/www.gulersan.com\/en\/"},{"@type":"ListItem","position":2,"name":"\/","item":"https:\/\/www.gulersan.com\/shop\/"},{"@type":"ListItem","position":3,"name":"GLS Garaj Ekipmanlar\u0131","item":"https:\/\/www.gulersan.com\/en\/urun-kategori\/gls-garaj-ekipmanlari\/"},{"@type":"ListItem","position":4,"name":"Metal E\u015fyalar","item":"https:\/\/www.gulersan.com\/en\/urun-kategori\/gls-garaj-ekipmanlari\/metal-esyalar\/"},{"@type":"ListItem","position":5,"name":"CNC Tak\u0131m Dolaplar\u0131","item":"https:\/\/www.gulersan.com\/en\/urun-kategori\/gls-garaj-ekipmanlari\/metal-esyalar\/cnc-takim-dolaplari\/"},{"@type":"ListItem","position":6,"name":"Hareketli CNC Tutucu Sehpa 2205"}]},{"@type":"WebSite","@id":"https:\/\/www.gulersan.com\/en\/#website","url":"https:\/\/www.gulersan.com\/en\/","name":"G\u00fclersan Ya\u011flama Cihazlar\u0131","description":"Ya\u011flama Makinesi | Haval\u0131 Gres Pompas\u0131 | Ya\u011flama Pompas\u0131 | Ya\u011f \u00c7ekme Pompas\u0131","publisher":{"@id":"https:\/\/www.gulersan.com\/en\/#organization"},"potentialAction":[{"@type":"SearchAction","target":{"@type":"EntryPoint","urlTemplate":"https:\/\/www.gulersan.com\/en\/?s={search_term_string}"},"query-input":{"@type":"PropertyValueSpecification","valueRequired":true,"valueName":"search_term_string"}}],"inLanguage":"en-US"},{"@type":"Organization","@id":"https:\/\/www.gulersan.com\/en\/#organization","name":"G\u00fclersan Ya\u011flama Cihazlar\u0131","url":"https:\/\/www.gulersan.com\/en\/","logo":{"@type":"ImageObject","inLanguage":"en-US","@id":"https:\/\/www.gulersan.com\/en\/#\/schema\/logo\/image\/","url":"https:\/\/www.gulersan.com\/wp-content\/uploads\/2021\/01\/gulersan-logo-tr.png","contentUrl":"https:\/\/www.gulersan.com\/wp-content\/uploads\/2021\/01\/gulersan-logo-tr.png","width":1242,"height":302,"caption":"G\u00fclersan Ya\u011flama Cihazlar\u0131"},"image":{"@id":"https:\/\/www.gulersan.com\/en\/#\/schema\/logo\/image\/"}}]}},"_links":{"self":[{"href":"https:\/\/www.gulersan.com\/en\/wp-json\/wp\/v2\/product\/15117","targetHints":{"allow":["GET"]}}],"collection":[{"href":"https:\/\/www.gulersan.com\/en\/wp-json\/wp\/v2\/product"}],"about":[{"href":"https:\/\/www.gulersan.com\/en\/wp-json\/wp\/v2\/types\/product"}],"replies":[{"embeddable":true,"href":"https:\/\/www.gulersan.com\/en\/wp-json\/wp\/v2\/comments?post=15117"}],"wp:featuredmedia":[{"embeddable":true,"href":"https:\/\/www.gulersan.com\/en\/wp-json\/wp\/v2\/media\/15118"}],"wp:attachment":[{"href":"https:\/\/www.gulersan.com\/en\/wp-json\/wp\/v2\/media?parent=15117"}],"wp:term":[{"taxonomy":"product_brand","embeddable":true,"href":"https:\/\/www.gulersan.com\/en\/wp-json\/wp\/v2\/product_brand?post=15117"},{"taxonomy":"product_cat","embeddable":true,"href":"https:\/\/www.gulersan.com\/en\/wp-json\/wp\/v2\/product_cat?post=15117"},{"taxonomy":"product_tag","embeddable":true,"href":"https:\/\/www.gulersan.com\/en\/wp-json\/wp\/v2\/product_tag?post=15117"}],"curies":[{"name":"wp","href":"https:\/\/api.w.org\/{rel}","templated":true}]}}