{"id":15139,"date":"2026-05-05T16:04:24","date_gmt":"2026-05-05T13:04:24","guid":{"rendered":"https:\/\/www.gulersan.com\/urun\/endustriyel-dolap-6-cekmeceli-ayarlanabilir-rafli-6110\/"},"modified":"2026-05-05T16:04:36","modified_gmt":"2026-05-05T13:04:36","slug":"endustriyel-dolap-6-cekmeceli-ayarlanabilir-rafli-6110","status":"publish","type":"product","link":"https:\/\/www.gulersan.com\/en\/urun\/endustriyel-dolap-6-cekmeceli-ayarlanabilir-rafli-6110\/","title":{"rendered":"End\u00fcstriyel Dolap 6 \u00c7ekmeceli Ayarlanabilir Rafl\u0131 6110"},"content":{"rendered":"<h2 style=\"text-align: left;\"><span style=\"color: #000080;\"><strong>End\u00fcstriyel Dolap 6 \u00c7ekmeceli Ayarlanabilir Rafl\u0131 6110<\/strong><\/span><\/h2>\n<div>\n<p><span style=\"font-size: 120%;\"><strong><img loading=\"lazy\" decoding=\"async\" class=\"alignnone wp-image-12531\" src=\"https:\/\/www.glsgaraj.com\/wp-content\/uploads\/2021\/06\/konuiciikon.png\" alt=\"\" width=\"18\" height=\"19\" \/> Teknik \u00d6zellikler<\/strong><\/span><\/p>\n<p>\u00c7ekmeceli, rafl\u0131 ve kap\u0131l\u0131 end\u00fcstriyel dolab\u0131m\u0131z\u0131n kasas\u0131 1,20 mm dkp sacdan kaynakl\u0131 sa\u011flam \u00e7elik konstr\u00fcksiyonlu olarak \u00fcretilmektedir. Dolap kap\u0131lar\u0131nda 300&#215;1825 mm \u00f6l\u00e7\u00fclerinde tak\u0131m asma panosu mevcuttur. Dolap i\u00e7erisinde 2 de\u011fi\u015fik \u00f6l\u00e7\u00fcde \u00e7ekmece grubu mevcuttur. Dar tip \u00e7ekmecelerimiz 300&#215;450 mm kullan\u0131m alan\u0131na sahip olup, geni\u015f tip olanlar 450&#215;450 mm kullan\u0131m alan\u0131na sahiptir. Her bir \u00e7ekmecenin 80 kg ta\u015f\u0131ma kapasitesi vard\u0131r ve 6201zz rulmanl\u0131 2,50 mm raylar kullan\u0131lmaktad\u0131r. Dolap i\u00e7erisinde bulunan 3 adet y\u00fcksekli\u011fi ayarlanabilir sabit galvaniz raflar, ekstra takviyeli olup, 120 kg ta\u015f\u0131ma kapasitesine sahiptir.<\/p>\n<table style=\"width: 100%; height: 274px;\" bgcolor=\"whitesmoke\">\n<tbody>\n<tr>\n<td style=\"height: 1px;\" colspan=\"4\" bgcolor=\"white\"><img loading=\"lazy\" decoding=\"async\" class=\"alignnone wp-image-4888\" style=\"color: #555555; font-size: 14.4px; background-color: #ffffff;\" src=\"https:\/\/www.gulersan.com\/wp-content\/uploads\/2020\/12\/cizgi.jpg\" alt=\"\" width=\"1454\" height=\"12\" srcset=\"https:\/\/www.gulersan.com\/wp-content\/uploads\/2020\/12\/cizgi.jpg 606w, https:\/\/www.gulersan.com\/wp-content\/uploads\/2020\/12\/cizgi-510x4.jpg 510w\" sizes=\"auto, (max-width: 1454px) 100vw, 1454px\" \/><\/td>\n<\/tr>\n<tr>\n<td><span style=\"font-size: 120%;\"><strong>\u00a0 \u00a0 \u00a0 En<\/strong><\/span><\/td>\n<td><\/td>\n<td style=\"text-align: right;\"><span style=\"font-size: 120%;\">1010 Mm\u00a0 \u00a0 \u00a0 \u00a0\u00a0<\/span><\/td>\n<\/tr>\n<tr>\n<td><span style=\"font-size: 120%;\"><strong>\u00a0 \u00a0 \u00a0 Derinlik<\/strong><\/span><\/td>\n<td><\/td>\n<td style=\"text-align: right;\"><span style=\"font-size: 120%;\">615 Mm\u00a0 \u00a0 \u00a0 \u00a0\u00a0<\/span><\/td>\n<\/tr>\n<tr>\n<td><span style=\"font-size: 120%;\"><strong>\u00a0 \u00a0 \u00a0 Y\u00fckseklik<\/strong><\/span><\/td>\n<td><\/td>\n<td style=\"text-align: right;\"><span style=\"font-size: 120%;\">2000 Mm\u00a0 \u00a0 \u00a0 \u00a0\u00a0<\/span><\/td>\n<\/tr>\n<tr>\n<td><span style=\"font-size: 120%;\"><strong>\u00a0 \u00a0 \u00a0 Renk<\/strong><\/span><\/td>\n<td><\/td>\n<td style=\"text-align: right;\"><span style=\"font-size: 120%;\">Ral 5015\u00a0 \u00a0 \u00a0 \u00a0\u00a0<\/span><\/td>\n<\/tr>\n<\/tbody>\n<\/table>\n<p>&nbsp;<\/p>\n<p><span style=\"font-size: 120%;\"><strong><img loading=\"lazy\" decoding=\"async\" class=\"alignnone wp-image-12531\" src=\"https:\/\/www.glsgaraj.com\/wp-content\/uploads\/2021\/06\/konuiciikon.png\" alt=\"\" width=\"18\" height=\"19\" \/> Kullan\u0131ld\u0131\u011f\u0131 Yerler<\/strong><\/span><\/p>\n<p>At\u00f6lye ve fabrika alanlar\u0131nda malzeme yedek par\u00e7alar\u0131n muhafaza edilip depolanmas\u0131nda kullan\u0131l\u0131r. 5s ve yal\u0131n \u00fcretim gibi i\u015fletmelerde d\u00fczene y\u00f6nelik \u00e7al\u0131\u015fmalarda yard\u0131mc\u0131 \u00fcr\u00fcnlerdir.<\/p>\n<p><span style=\"font-size: 120%;\"><strong><img loading=\"lazy\" decoding=\"async\" class=\"alignnone wp-image-12531\" src=\"https:\/\/www.glsgaraj.com\/wp-content\/uploads\/2021\/06\/konuiciikon.png\" alt=\"\" width=\"18\" height=\"19\" \/> \u00dcr\u00fcn Avantajlar\u0131<\/strong><\/span><\/p>\n<p>6 \u00c7ekmeceli, 4 rafl\u0131 ve kap\u0131l\u0131 end\u00fcstriyel dolab\u0131m\u0131z, \u00f6zel tak\u0131mlar\u0131n muhafazas\u0131na uygun tasarlanm\u0131\u015f olup, ayn\u0131 zamanda 17 mm aral\u0131klarda seperat\u00f6r kanall\u0131 \u00fcretilmi\u015f olan \u00e7ekmeceleri seperat\u00f6rler sayesinde istedi\u011finiz gibi tasarlayabilirsiniz. Dolab\u0131m\u0131z\u0131n alt\u0131nda bulunan rotil ayaklar sayesinde, zemin ayar\u0131 yapabilirsiniz.<\/p>\n<\/div>\n","protected":false},"excerpt":{"rendered":"<p>End\u00fcstriyel Dolap 6 \u00c7ekmeceli Ayarlanabilir Rafl\u0131 6110 Teknik \u00d6zellikler \u00c7ekmeceli, rafl\u0131 ve kap\u0131l\u0131 end\u00fcstriyel dolab\u0131m\u0131z\u0131n kasas\u0131 1,20 mm dkp sacdan kaynakl\u0131 sa\u011flam \u00e7elik konstr\u00fcksiyonlu olarak \u00fcretilmektedir. Dolap kap\u0131lar\u0131nda 300&#215;1825 mm \u00f6l\u00e7\u00fclerinde tak\u0131m asma panosu mevcuttur. Dolap i\u00e7erisinde 2 de\u011fi\u015fik \u00f6l\u00e7\u00fcde \u00e7ekmece grubu mevcuttur. Dar tip \u00e7ekmecelerimiz 300&#215;450 mm kullan\u0131m alan\u0131na sahip olup, geni\u015f tip olanlar<\/p>\n","protected":false},"featured_media":15140,"comment_status":"closed","ping_status":"open","template":"","meta":[],"product_brand":[],"product_cat":[1413,1410],"product_tag":[],"class_list":{"0":"post-15139","1":"product","2":"type-product","3":"status-publish","4":"has-post-thumbnail","6":"product_cat-endustriyel-dolaplar","7":"product_cat-metal-esyalar","9":"first","10":"instock","11":"product-type-simple"},"yoast_head":"<!-- This site is optimized with the Yoast SEO plugin v27.6 - https:\/\/yoast.com\/product\/yoast-seo-wordpress\/ -->\n<title>End\u00fcstriyel Dolap 6 \u00c7ekmeceli Ayarlanabilir Rafl\u0131 6110 - G\u00fclersan Ya\u011flama Cihazlar\u0131<\/title>\n<meta name=\"robots\" content=\"index, follow, max-snippet:-1, max-image-preview:large, max-video-preview:-1\" \/>\n<link rel=\"canonical\" href=\"https:\/\/www.gulersan.com\/en\/urun\/endustriyel-dolap-6-cekmeceli-ayarlanabilir-rafli-6110\/\" \/>\n<meta property=\"og:locale\" content=\"en_US\" \/>\n<meta property=\"og:type\" content=\"article\" \/>\n<meta property=\"og:title\" content=\"End\u00fcstriyel Dolap 6 \u00c7ekmeceli Ayarlanabilir Rafl\u0131 6110 - G\u00fclersan Ya\u011flama Cihazlar\u0131\" \/>\n<meta property=\"og:description\" content=\"End\u00fcstriyel Dolap 6 \u00c7ekmeceli Ayarlanabilir Rafl\u0131 6110 Teknik \u00d6zellikler \u00c7ekmeceli, rafl\u0131 ve kap\u0131l\u0131 end\u00fcstriyel dolab\u0131m\u0131z\u0131n kasas\u0131 1,20 mm dkp sacdan kaynakl\u0131 sa\u011flam \u00e7elik konstr\u00fcksiyonlu olarak \u00fcretilmektedir. Dolap kap\u0131lar\u0131nda 300&#215;1825 mm \u00f6l\u00e7\u00fclerinde tak\u0131m asma panosu mevcuttur. Dolap i\u00e7erisinde 2 de\u011fi\u015fik \u00f6l\u00e7\u00fcde \u00e7ekmece grubu mevcuttur. Dar tip \u00e7ekmecelerimiz 300&#215;450 mm kullan\u0131m alan\u0131na sahip olup, geni\u015f tip olanlar\" \/>\n<meta property=\"og:url\" content=\"https:\/\/www.gulersan.com\/en\/urun\/endustriyel-dolap-6-cekmeceli-ayarlanabilir-rafli-6110\/\" \/>\n<meta property=\"og:site_name\" content=\"G\u00fclersan Ya\u011flama Cihazlar\u0131\" \/>\n<meta property=\"article:modified_time\" content=\"2026-05-05T13:04:36+00:00\" \/>\n<meta property=\"og:image\" content=\"https:\/\/www.gulersan.com\/wp-content\/uploads\/2026\/05\/gls-6110-endustriyel-dolap-6-cekmeceli-1ayarlanabilir-3-rafli-kapili1-450x450h.jpg\" \/>\n\t<meta property=\"og:image:width\" content=\"500\" \/>\n\t<meta property=\"og:image:height\" content=\"500\" \/>\n\t<meta property=\"og:image:type\" content=\"image\/jpeg\" \/>\n<meta name=\"twitter:card\" content=\"summary_large_image\" \/>\n<meta name=\"twitter:label1\" content=\"Est. reading time\" \/>\n\t<meta name=\"twitter:data1\" content=\"1 minute\" \/>\n<script type=\"application\/ld+json\" class=\"yoast-schema-graph\">{\"@context\":\"https:\\\/\\\/schema.org\",\"@graph\":[{\"@type\":\"WebPage\",\"@id\":\"https:\\\/\\\/www.gulersan.com\\\/en\\\/urun\\\/endustriyel-dolap-6-cekmeceli-ayarlanabilir-rafli-6110\\\/\",\"url\":\"https:\\\/\\\/www.gulersan.com\\\/en\\\/urun\\\/endustriyel-dolap-6-cekmeceli-ayarlanabilir-rafli-6110\\\/\",\"name\":\"End\u00fcstriyel Dolap 6 \u00c7ekmeceli Ayarlanabilir Rafl\u0131 6110 - G\u00fclersan Ya\u011flama Cihazlar\u0131\",\"isPartOf\":{\"@id\":\"https:\\\/\\\/www.gulersan.com\\\/en\\\/#website\"},\"primaryImageOfPage\":{\"@id\":\"https:\\\/\\\/www.gulersan.com\\\/en\\\/urun\\\/endustriyel-dolap-6-cekmeceli-ayarlanabilir-rafli-6110\\\/#primaryimage\"},\"image\":{\"@id\":\"https:\\\/\\\/www.gulersan.com\\\/en\\\/urun\\\/endustriyel-dolap-6-cekmeceli-ayarlanabilir-rafli-6110\\\/#primaryimage\"},\"thumbnailUrl\":\"https:\\\/\\\/www.gulersan.com\\\/wp-content\\\/uploads\\\/2026\\\/05\\\/gls-6110-endustriyel-dolap-6-cekmeceli-1ayarlanabilir-3-rafli-kapili1-450x450h.jpg\",\"datePublished\":\"2026-05-05T13:04:24+00:00\",\"dateModified\":\"2026-05-05T13:04:36+00:00\",\"breadcrumb\":{\"@id\":\"https:\\\/\\\/www.gulersan.com\\\/en\\\/urun\\\/endustriyel-dolap-6-cekmeceli-ayarlanabilir-rafli-6110\\\/#breadcrumb\"},\"inLanguage\":\"en-US\",\"potentialAction\":[{\"@type\":\"ReadAction\",\"target\":[\"https:\\\/\\\/www.gulersan.com\\\/en\\\/urun\\\/endustriyel-dolap-6-cekmeceli-ayarlanabilir-rafli-6110\\\/\"]}]},{\"@type\":\"ImageObject\",\"inLanguage\":\"en-US\",\"@id\":\"https:\\\/\\\/www.gulersan.com\\\/en\\\/urun\\\/endustriyel-dolap-6-cekmeceli-ayarlanabilir-rafli-6110\\\/#primaryimage\",\"url\":\"https:\\\/\\\/www.gulersan.com\\\/wp-content\\\/uploads\\\/2026\\\/05\\\/gls-6110-endustriyel-dolap-6-cekmeceli-1ayarlanabilir-3-rafli-kapili1-450x450h.jpg\",\"contentUrl\":\"https:\\\/\\\/www.gulersan.com\\\/wp-content\\\/uploads\\\/2026\\\/05\\\/gls-6110-endustriyel-dolap-6-cekmeceli-1ayarlanabilir-3-rafli-kapili1-450x450h.jpg\",\"width\":500,\"height\":500},{\"@type\":\"BreadcrumbList\",\"@id\":\"https:\\\/\\\/www.gulersan.com\\\/en\\\/urun\\\/endustriyel-dolap-6-cekmeceli-ayarlanabilir-rafli-6110\\\/#breadcrumb\",\"itemListElement\":[{\"@type\":\"ListItem\",\"position\":1,\"name\":\"Anasayfa\",\"item\":\"https:\\\/\\\/www.gulersan.com\\\/en\\\/\"},{\"@type\":\"ListItem\",\"position\":2,\"name\":\"\\\/\",\"item\":\"https:\\\/\\\/www.gulersan.com\\\/shop\\\/\"},{\"@type\":\"ListItem\",\"position\":3,\"name\":\"GLS Garaj Ekipmanlar\u0131\",\"item\":\"https:\\\/\\\/www.gulersan.com\\\/en\\\/urun-kategori\\\/gls-garaj-ekipmanlari\\\/\"},{\"@type\":\"ListItem\",\"position\":4,\"name\":\"Metal E\u015fyalar\",\"item\":\"https:\\\/\\\/www.gulersan.com\\\/en\\\/urun-kategori\\\/gls-garaj-ekipmanlari\\\/metal-esyalar\\\/\"},{\"@type\":\"ListItem\",\"position\":5,\"name\":\"End\u00fcstriyel Dolaplar\",\"item\":\"https:\\\/\\\/www.gulersan.com\\\/en\\\/urun-kategori\\\/gls-garaj-ekipmanlari\\\/metal-esyalar\\\/endustriyel-dolaplar\\\/\"},{\"@type\":\"ListItem\",\"position\":6,\"name\":\"End\u00fcstriyel Dolap 6 \u00c7ekmeceli Ayarlanabilir Rafl\u0131 6110\"}]},{\"@type\":\"WebSite\",\"@id\":\"https:\\\/\\\/www.gulersan.com\\\/en\\\/#website\",\"url\":\"https:\\\/\\\/www.gulersan.com\\\/en\\\/\",\"name\":\"G\u00fclersan Ya\u011flama Cihazlar\u0131\",\"description\":\"Ya\u011flama Makinesi | Haval\u0131 Gres Pompas\u0131 | Ya\u011flama Pompas\u0131 | Ya\u011f \u00c7ekme Pompas\u0131\",\"publisher\":{\"@id\":\"https:\\\/\\\/www.gulersan.com\\\/en\\\/#organization\"},\"potentialAction\":[{\"@type\":\"SearchAction\",\"target\":{\"@type\":\"EntryPoint\",\"urlTemplate\":\"https:\\\/\\\/www.gulersan.com\\\/en\\\/?s={search_term_string}\"},\"query-input\":{\"@type\":\"PropertyValueSpecification\",\"valueRequired\":true,\"valueName\":\"search_term_string\"}}],\"inLanguage\":\"en-US\"},{\"@type\":\"Organization\",\"@id\":\"https:\\\/\\\/www.gulersan.com\\\/en\\\/#organization\",\"name\":\"G\u00fclersan Ya\u011flama Cihazlar\u0131\",\"url\":\"https:\\\/\\\/www.gulersan.com\\\/en\\\/\",\"logo\":{\"@type\":\"ImageObject\",\"inLanguage\":\"en-US\",\"@id\":\"https:\\\/\\\/www.gulersan.com\\\/en\\\/#\\\/schema\\\/logo\\\/image\\\/\",\"url\":\"https:\\\/\\\/www.gulersan.com\\\/wp-content\\\/uploads\\\/2021\\\/01\\\/gulersan-logo-tr.png\",\"contentUrl\":\"https:\\\/\\\/www.gulersan.com\\\/wp-content\\\/uploads\\\/2021\\\/01\\\/gulersan-logo-tr.png\",\"width\":1242,\"height\":302,\"caption\":\"G\u00fclersan Ya\u011flama Cihazlar\u0131\"},\"image\":{\"@id\":\"https:\\\/\\\/www.gulersan.com\\\/en\\\/#\\\/schema\\\/logo\\\/image\\\/\"}}]}<\/script>\n<!-- \/ Yoast SEO plugin. -->","yoast_head_json":{"title":"End\u00fcstriyel Dolap 6 \u00c7ekmeceli Ayarlanabilir Rafl\u0131 6110 - G\u00fclersan Ya\u011flama Cihazlar\u0131","robots":{"index":"index","follow":"follow","max-snippet":"max-snippet:-1","max-image-preview":"max-image-preview:large","max-video-preview":"max-video-preview:-1"},"canonical":"https:\/\/www.gulersan.com\/en\/urun\/endustriyel-dolap-6-cekmeceli-ayarlanabilir-rafli-6110\/","og_locale":"en_US","og_type":"article","og_title":"End\u00fcstriyel Dolap 6 \u00c7ekmeceli Ayarlanabilir Rafl\u0131 6110 - G\u00fclersan Ya\u011flama Cihazlar\u0131","og_description":"End\u00fcstriyel Dolap 6 \u00c7ekmeceli Ayarlanabilir Rafl\u0131 6110 Teknik \u00d6zellikler \u00c7ekmeceli, rafl\u0131 ve kap\u0131l\u0131 end\u00fcstriyel dolab\u0131m\u0131z\u0131n kasas\u0131 1,20 mm dkp sacdan kaynakl\u0131 sa\u011flam \u00e7elik konstr\u00fcksiyonlu olarak \u00fcretilmektedir. Dolap kap\u0131lar\u0131nda 300&#215;1825 mm \u00f6l\u00e7\u00fclerinde tak\u0131m asma panosu mevcuttur. Dolap i\u00e7erisinde 2 de\u011fi\u015fik \u00f6l\u00e7\u00fcde \u00e7ekmece grubu mevcuttur. Dar tip \u00e7ekmecelerimiz 300&#215;450 mm kullan\u0131m alan\u0131na sahip olup, geni\u015f tip olanlar","og_url":"https:\/\/www.gulersan.com\/en\/urun\/endustriyel-dolap-6-cekmeceli-ayarlanabilir-rafli-6110\/","og_site_name":"G\u00fclersan Ya\u011flama Cihazlar\u0131","article_modified_time":"2026-05-05T13:04:36+00:00","og_image":[{"width":500,"height":500,"url":"https:\/\/www.gulersan.com\/wp-content\/uploads\/2026\/05\/gls-6110-endustriyel-dolap-6-cekmeceli-1ayarlanabilir-3-rafli-kapili1-450x450h.jpg","type":"image\/jpeg"}],"twitter_card":"summary_large_image","twitter_misc":{"Est. reading time":"1 minute"},"schema":{"@context":"https:\/\/schema.org","@graph":[{"@type":"WebPage","@id":"https:\/\/www.gulersan.com\/en\/urun\/endustriyel-dolap-6-cekmeceli-ayarlanabilir-rafli-6110\/","url":"https:\/\/www.gulersan.com\/en\/urun\/endustriyel-dolap-6-cekmeceli-ayarlanabilir-rafli-6110\/","name":"End\u00fcstriyel Dolap 6 \u00c7ekmeceli Ayarlanabilir Rafl\u0131 6110 - G\u00fclersan Ya\u011flama Cihazlar\u0131","isPartOf":{"@id":"https:\/\/www.gulersan.com\/en\/#website"},"primaryImageOfPage":{"@id":"https:\/\/www.gulersan.com\/en\/urun\/endustriyel-dolap-6-cekmeceli-ayarlanabilir-rafli-6110\/#primaryimage"},"image":{"@id":"https:\/\/www.gulersan.com\/en\/urun\/endustriyel-dolap-6-cekmeceli-ayarlanabilir-rafli-6110\/#primaryimage"},"thumbnailUrl":"https:\/\/www.gulersan.com\/wp-content\/uploads\/2026\/05\/gls-6110-endustriyel-dolap-6-cekmeceli-1ayarlanabilir-3-rafli-kapili1-450x450h.jpg","datePublished":"2026-05-05T13:04:24+00:00","dateModified":"2026-05-05T13:04:36+00:00","breadcrumb":{"@id":"https:\/\/www.gulersan.com\/en\/urun\/endustriyel-dolap-6-cekmeceli-ayarlanabilir-rafli-6110\/#breadcrumb"},"inLanguage":"en-US","potentialAction":[{"@type":"ReadAction","target":["https:\/\/www.gulersan.com\/en\/urun\/endustriyel-dolap-6-cekmeceli-ayarlanabilir-rafli-6110\/"]}]},{"@type":"ImageObject","inLanguage":"en-US","@id":"https:\/\/www.gulersan.com\/en\/urun\/endustriyel-dolap-6-cekmeceli-ayarlanabilir-rafli-6110\/#primaryimage","url":"https:\/\/www.gulersan.com\/wp-content\/uploads\/2026\/05\/gls-6110-endustriyel-dolap-6-cekmeceli-1ayarlanabilir-3-rafli-kapili1-450x450h.jpg","contentUrl":"https:\/\/www.gulersan.com\/wp-content\/uploads\/2026\/05\/gls-6110-endustriyel-dolap-6-cekmeceli-1ayarlanabilir-3-rafli-kapili1-450x450h.jpg","width":500,"height":500},{"@type":"BreadcrumbList","@id":"https:\/\/www.gulersan.com\/en\/urun\/endustriyel-dolap-6-cekmeceli-ayarlanabilir-rafli-6110\/#breadcrumb","itemListElement":[{"@type":"ListItem","position":1,"name":"Anasayfa","item":"https:\/\/www.gulersan.com\/en\/"},{"@type":"ListItem","position":2,"name":"\/","item":"https:\/\/www.gulersan.com\/shop\/"},{"@type":"ListItem","position":3,"name":"GLS Garaj Ekipmanlar\u0131","item":"https:\/\/www.gulersan.com\/en\/urun-kategori\/gls-garaj-ekipmanlari\/"},{"@type":"ListItem","position":4,"name":"Metal E\u015fyalar","item":"https:\/\/www.gulersan.com\/en\/urun-kategori\/gls-garaj-ekipmanlari\/metal-esyalar\/"},{"@type":"ListItem","position":5,"name":"End\u00fcstriyel Dolaplar","item":"https:\/\/www.gulersan.com\/en\/urun-kategori\/gls-garaj-ekipmanlari\/metal-esyalar\/endustriyel-dolaplar\/"},{"@type":"ListItem","position":6,"name":"End\u00fcstriyel Dolap 6 \u00c7ekmeceli Ayarlanabilir Rafl\u0131 6110"}]},{"@type":"WebSite","@id":"https:\/\/www.gulersan.com\/en\/#website","url":"https:\/\/www.gulersan.com\/en\/","name":"G\u00fclersan Ya\u011flama Cihazlar\u0131","description":"Ya\u011flama Makinesi | Haval\u0131 Gres Pompas\u0131 | Ya\u011flama Pompas\u0131 | Ya\u011f \u00c7ekme Pompas\u0131","publisher":{"@id":"https:\/\/www.gulersan.com\/en\/#organization"},"potentialAction":[{"@type":"SearchAction","target":{"@type":"EntryPoint","urlTemplate":"https:\/\/www.gulersan.com\/en\/?s={search_term_string}"},"query-input":{"@type":"PropertyValueSpecification","valueRequired":true,"valueName":"search_term_string"}}],"inLanguage":"en-US"},{"@type":"Organization","@id":"https:\/\/www.gulersan.com\/en\/#organization","name":"G\u00fclersan Ya\u011flama Cihazlar\u0131","url":"https:\/\/www.gulersan.com\/en\/","logo":{"@type":"ImageObject","inLanguage":"en-US","@id":"https:\/\/www.gulersan.com\/en\/#\/schema\/logo\/image\/","url":"https:\/\/www.gulersan.com\/wp-content\/uploads\/2021\/01\/gulersan-logo-tr.png","contentUrl":"https:\/\/www.gulersan.com\/wp-content\/uploads\/2021\/01\/gulersan-logo-tr.png","width":1242,"height":302,"caption":"G\u00fclersan Ya\u011flama Cihazlar\u0131"},"image":{"@id":"https:\/\/www.gulersan.com\/en\/#\/schema\/logo\/image\/"}}]}},"_links":{"self":[{"href":"https:\/\/www.gulersan.com\/en\/wp-json\/wp\/v2\/product\/15139","targetHints":{"allow":["GET"]}}],"collection":[{"href":"https:\/\/www.gulersan.com\/en\/wp-json\/wp\/v2\/product"}],"about":[{"href":"https:\/\/www.gulersan.com\/en\/wp-json\/wp\/v2\/types\/product"}],"replies":[{"embeddable":true,"href":"https:\/\/www.gulersan.com\/en\/wp-json\/wp\/v2\/comments?post=15139"}],"wp:featuredmedia":[{"embeddable":true,"href":"https:\/\/www.gulersan.com\/en\/wp-json\/wp\/v2\/media\/15140"}],"wp:attachment":[{"href":"https:\/\/www.gulersan.com\/en\/wp-json\/wp\/v2\/media?parent=15139"}],"wp:term":[{"taxonomy":"product_brand","embeddable":true,"href":"https:\/\/www.gulersan.com\/en\/wp-json\/wp\/v2\/product_brand?post=15139"},{"taxonomy":"product_cat","embeddable":true,"href":"https:\/\/www.gulersan.com\/en\/wp-json\/wp\/v2\/product_cat?post=15139"},{"taxonomy":"product_tag","embeddable":true,"href":"https:\/\/www.gulersan.com\/en\/wp-json\/wp\/v2\/product_tag?post=15139"}],"curies":[{"name":"wp","href":"https:\/\/api.w.org\/{rel}","templated":true}]}}