{"id":15169,"date":"2026-05-05T16:04:51","date_gmt":"2026-05-05T13:04:51","guid":{"rendered":"https:\/\/www.gulersan.com\/urun\/endustriyel-dolap-3-cekmeceli-3-rafli-6219\/"},"modified":"2026-05-05T16:04:56","modified_gmt":"2026-05-05T13:04:56","slug":"endustriyel-dolap-3-cekmeceli-3-rafli-6219","status":"publish","type":"product","link":"https:\/\/www.gulersan.com\/en\/urun\/endustriyel-dolap-3-cekmeceli-3-rafli-6219\/","title":{"rendered":"End\u00fcstriyel Dolap 3 \u00c7ekmeceli 3 Rafl\u0131 6219"},"content":{"rendered":"<h2 style=\"text-align: left;\"><span style=\"color: #000080;\"><strong>End\u00fcstriyel Dolap 3 \u00c7ekmeceli 3 Rafl\u0131 6219<\/strong><\/span><\/h2>\n<div>\n<p><span style=\"font-size: 120%;\"><strong><img loading=\"lazy\" decoding=\"async\" class=\"alignnone wp-image-12531\" src=\"https:\/\/www.glsgaraj.com\/wp-content\/uploads\/2021\/06\/konuiciikon.png\" alt=\"\" width=\"18\" height=\"19\" \/> Teknik \u00d6zellikler<\/strong><\/span><\/p>\n<p>\u00c7ekmeceli, rafl\u0131 ve kap\u0131l\u0131 k\u0131sa tip end\u00fcstriyel dolab\u0131m\u0131z\u0131n kasas\u0131 1,20 mm dkp sacdan kaynakl\u0131 sa\u011flam \u00e7elik konstr\u00fcksiyonlu olarak \u00fcretilmektedir. Dolap i\u00e7erisinde 3 \u00e7ekmece mevcuttur. \u00c7ekmece i\u00e7leri net 900&#215;450 mm kullan\u0131m alan\u0131na sahiptir. Her bir \u00e7ekmecenin 80 kg ta\u015f\u0131ma kapasitesi vard\u0131r ve 6201zz rulmanl\u0131 2,50 mm raylar kullan\u0131lmaktad\u0131r. Dolap i\u00e7erisinde bulunan y\u00fcksekli\u011fi ayarlanabilir sabit galvaniz raflar, ekstra takviyeli olup, 120 kg ta\u015f\u0131ma kapasitesine sahiptir.<\/p>\n<table style=\"width: 100%; height: 274px;\" bgcolor=\"whitesmoke\">\n<tbody>\n<tr>\n<td style=\"height: 1px;\" colspan=\"4\" bgcolor=\"white\"><img loading=\"lazy\" decoding=\"async\" class=\"alignnone wp-image-4888\" style=\"color: #555555; font-size: 14.4px; background-color: #ffffff;\" src=\"https:\/\/www.gulersan.com\/wp-content\/uploads\/2020\/12\/cizgi.jpg\" alt=\"\" width=\"1454\" height=\"12\" srcset=\"https:\/\/www.gulersan.com\/wp-content\/uploads\/2020\/12\/cizgi.jpg 606w, https:\/\/www.gulersan.com\/wp-content\/uploads\/2020\/12\/cizgi-510x4.jpg 510w\" sizes=\"auto, (max-width: 1454px) 100vw, 1454px\" \/><\/td>\n<\/tr>\n<tr>\n<td><span style=\"font-size: 120%;\"><strong>\u00a0 \u00a0 \u00a0 En<\/strong><\/span><\/td>\n<td><\/td>\n<td style=\"text-align: right;\"><span style=\"font-size: 120%;\">1010 Mm\u00a0 \u00a0 \u00a0 \u00a0\u00a0<\/span><\/td>\n<\/tr>\n<tr>\n<td><span style=\"font-size: 120%;\"><strong>\u00a0 \u00a0 \u00a0 Derinlik<\/strong><\/span><\/td>\n<td><\/td>\n<td style=\"text-align: right;\"><span style=\"font-size: 120%;\">615 Mm\u00a0 \u00a0 \u00a0 \u00a0\u00a0<\/span><\/td>\n<\/tr>\n<tr>\n<td><span style=\"font-size: 120%;\"><strong>\u00a0 \u00a0 \u00a0 Y\u00fckseklik<\/strong><\/span><\/td>\n<td><\/td>\n<td style=\"text-align: right;\"><span style=\"font-size: 120%;\">1200 Mm\u00a0 \u00a0 \u00a0 \u00a0\u00a0<\/span><\/td>\n<\/tr>\n<tr>\n<td><span style=\"font-size: 120%;\"><strong>\u00a0 \u00a0 \u00a0 Renk<\/strong><\/span><\/td>\n<td><\/td>\n<td style=\"text-align: right;\"><span style=\"font-size: 120%;\">Ral 5015\u00a0 \u00a0 \u00a0 \u00a0\u00a0<\/span><\/td>\n<\/tr>\n<\/tbody>\n<\/table>\n<p>&nbsp;<\/p>\n<p><span style=\"font-size: 120%;\"><strong><img loading=\"lazy\" decoding=\"async\" class=\"alignnone wp-image-12531\" src=\"https:\/\/www.glsgaraj.com\/wp-content\/uploads\/2021\/06\/konuiciikon.png\" alt=\"\" width=\"18\" height=\"19\" \/> Kullan\u0131ld\u0131\u011f\u0131 Yerler<\/strong><\/span><\/p>\n<p>At\u00f6lye ve fabrika alanlar\u0131nda malzeme yedek par\u00e7alar\u0131n muhafaza edilip depolanmas\u0131nda kullan\u0131l\u0131r. 5s ve yal\u0131n \u00fcretim gibi i\u015fletmelerde d\u00fczene y\u00f6nelik \u00e7al\u0131\u015fmalarda yard\u0131mc\u0131 \u00fcr\u00fcnlerdir.<\/p>\n<p><span style=\"font-size: 120%;\"><strong><img loading=\"lazy\" decoding=\"async\" class=\"alignnone wp-image-12531\" src=\"https:\/\/www.glsgaraj.com\/wp-content\/uploads\/2021\/06\/konuiciikon.png\" alt=\"\" width=\"18\" height=\"19\" \/> \u00dcr\u00fcn Avantajlar\u0131<\/strong><\/span><\/p>\n<p>3 \u00c7ekmeceli, rafl\u0131 ve kap\u0131l\u0131 k\u0131sa tip end\u00fcstriyel dolab\u0131m\u0131z; \u00fcretim hatlar\u0131nda makine yedek par\u00e7alar\u0131n\u0131n, \u00f6l\u00e7\u00fc aletlerinin ve tak\u0131mlar\u0131n muhafaza edilmesi i\u00e7in tasarlanm\u0131\u015ft\u0131r. Kap\u0131larda bulunan ispanyolet kilit sistemi sayesinde dolab\u0131m\u0131z 2 noktadan kilitlenmektedir.<\/p>\n<\/div>\n","protected":false},"excerpt":{"rendered":"<p>End\u00fcstriyel Dolap 3 \u00c7ekmeceli 3 Rafl\u0131 6219 Teknik \u00d6zellikler \u00c7ekmeceli, rafl\u0131 ve kap\u0131l\u0131 k\u0131sa tip end\u00fcstriyel dolab\u0131m\u0131z\u0131n kasas\u0131 1,20 mm dkp sacdan kaynakl\u0131 sa\u011flam \u00e7elik konstr\u00fcksiyonlu olarak \u00fcretilmektedir. Dolap i\u00e7erisinde 3 \u00e7ekmece mevcuttur. \u00c7ekmece i\u00e7leri net 900&#215;450 mm kullan\u0131m alan\u0131na sahiptir. Her bir \u00e7ekmecenin 80 kg ta\u015f\u0131ma kapasitesi vard\u0131r ve 6201zz rulmanl\u0131 2,50 mm raylar<\/p>\n","protected":false},"featured_media":15170,"comment_status":"closed","ping_status":"open","template":"","meta":[],"product_brand":[],"product_cat":[1413,1410],"product_tag":[],"class_list":{"0":"post-15169","1":"product","2":"type-product","3":"status-publish","4":"has-post-thumbnail","6":"product_cat-endustriyel-dolaplar","7":"product_cat-metal-esyalar","9":"first","10":"instock","11":"product-type-simple"},"yoast_head":"<!-- This site is optimized with the Yoast SEO plugin v27.6 - https:\/\/yoast.com\/product\/yoast-seo-wordpress\/ -->\n<title>End\u00fcstriyel Dolap 3 \u00c7ekmeceli 3 Rafl\u0131 6219 - G\u00fclersan Ya\u011flama Cihazlar\u0131<\/title>\n<meta name=\"robots\" content=\"index, follow, max-snippet:-1, max-image-preview:large, max-video-preview:-1\" \/>\n<link rel=\"canonical\" href=\"https:\/\/www.gulersan.com\/en\/urun\/endustriyel-dolap-3-cekmeceli-3-rafli-6219\/\" \/>\n<meta property=\"og:locale\" content=\"en_US\" \/>\n<meta property=\"og:type\" content=\"article\" \/>\n<meta property=\"og:title\" content=\"End\u00fcstriyel Dolap 3 \u00c7ekmeceli 3 Rafl\u0131 6219 - G\u00fclersan Ya\u011flama Cihazlar\u0131\" \/>\n<meta property=\"og:description\" content=\"End\u00fcstriyel Dolap 3 \u00c7ekmeceli 3 Rafl\u0131 6219 Teknik \u00d6zellikler \u00c7ekmeceli, rafl\u0131 ve kap\u0131l\u0131 k\u0131sa tip end\u00fcstriyel dolab\u0131m\u0131z\u0131n kasas\u0131 1,20 mm dkp sacdan kaynakl\u0131 sa\u011flam \u00e7elik konstr\u00fcksiyonlu olarak \u00fcretilmektedir. Dolap i\u00e7erisinde 3 \u00e7ekmece mevcuttur. \u00c7ekmece i\u00e7leri net 900&#215;450 mm kullan\u0131m alan\u0131na sahiptir. Her bir \u00e7ekmecenin 80 kg ta\u015f\u0131ma kapasitesi vard\u0131r ve 6201zz rulmanl\u0131 2,50 mm raylar\" \/>\n<meta property=\"og:url\" content=\"https:\/\/www.gulersan.com\/en\/urun\/endustriyel-dolap-3-cekmeceli-3-rafli-6219\/\" \/>\n<meta property=\"og:site_name\" content=\"G\u00fclersan Ya\u011flama Cihazlar\u0131\" \/>\n<meta property=\"article:modified_time\" content=\"2026-05-05T13:04:56+00:00\" \/>\n<meta property=\"og:image\" content=\"https:\/\/www.gulersan.com\/wp-content\/uploads\/2026\/05\/gls-6219-endustriyel-dolap-4-cekmeceli-ve-kapili1-450x450h.jpg\" \/>\n\t<meta property=\"og:image:width\" content=\"500\" \/>\n\t<meta property=\"og:image:height\" content=\"500\" \/>\n\t<meta property=\"og:image:type\" content=\"image\/jpeg\" \/>\n<meta name=\"twitter:card\" content=\"summary_large_image\" \/>\n<meta name=\"twitter:label1\" content=\"Est. reading time\" \/>\n\t<meta name=\"twitter:data1\" content=\"1 minute\" \/>\n<script type=\"application\/ld+json\" class=\"yoast-schema-graph\">{\"@context\":\"https:\\\/\\\/schema.org\",\"@graph\":[{\"@type\":\"WebPage\",\"@id\":\"https:\\\/\\\/www.gulersan.com\\\/en\\\/urun\\\/endustriyel-dolap-3-cekmeceli-3-rafli-6219\\\/\",\"url\":\"https:\\\/\\\/www.gulersan.com\\\/en\\\/urun\\\/endustriyel-dolap-3-cekmeceli-3-rafli-6219\\\/\",\"name\":\"End\u00fcstriyel Dolap 3 \u00c7ekmeceli 3 Rafl\u0131 6219 - G\u00fclersan Ya\u011flama Cihazlar\u0131\",\"isPartOf\":{\"@id\":\"https:\\\/\\\/www.gulersan.com\\\/en\\\/#website\"},\"primaryImageOfPage\":{\"@id\":\"https:\\\/\\\/www.gulersan.com\\\/en\\\/urun\\\/endustriyel-dolap-3-cekmeceli-3-rafli-6219\\\/#primaryimage\"},\"image\":{\"@id\":\"https:\\\/\\\/www.gulersan.com\\\/en\\\/urun\\\/endustriyel-dolap-3-cekmeceli-3-rafli-6219\\\/#primaryimage\"},\"thumbnailUrl\":\"https:\\\/\\\/www.gulersan.com\\\/wp-content\\\/uploads\\\/2026\\\/05\\\/gls-6219-endustriyel-dolap-4-cekmeceli-ve-kapili1-450x450h.jpg\",\"datePublished\":\"2026-05-05T13:04:51+00:00\",\"dateModified\":\"2026-05-05T13:04:56+00:00\",\"breadcrumb\":{\"@id\":\"https:\\\/\\\/www.gulersan.com\\\/en\\\/urun\\\/endustriyel-dolap-3-cekmeceli-3-rafli-6219\\\/#breadcrumb\"},\"inLanguage\":\"en-US\",\"potentialAction\":[{\"@type\":\"ReadAction\",\"target\":[\"https:\\\/\\\/www.gulersan.com\\\/en\\\/urun\\\/endustriyel-dolap-3-cekmeceli-3-rafli-6219\\\/\"]}]},{\"@type\":\"ImageObject\",\"inLanguage\":\"en-US\",\"@id\":\"https:\\\/\\\/www.gulersan.com\\\/en\\\/urun\\\/endustriyel-dolap-3-cekmeceli-3-rafli-6219\\\/#primaryimage\",\"url\":\"https:\\\/\\\/www.gulersan.com\\\/wp-content\\\/uploads\\\/2026\\\/05\\\/gls-6219-endustriyel-dolap-4-cekmeceli-ve-kapili1-450x450h.jpg\",\"contentUrl\":\"https:\\\/\\\/www.gulersan.com\\\/wp-content\\\/uploads\\\/2026\\\/05\\\/gls-6219-endustriyel-dolap-4-cekmeceli-ve-kapili1-450x450h.jpg\",\"width\":500,\"height\":500},{\"@type\":\"BreadcrumbList\",\"@id\":\"https:\\\/\\\/www.gulersan.com\\\/en\\\/urun\\\/endustriyel-dolap-3-cekmeceli-3-rafli-6219\\\/#breadcrumb\",\"itemListElement\":[{\"@type\":\"ListItem\",\"position\":1,\"name\":\"Anasayfa\",\"item\":\"https:\\\/\\\/www.gulersan.com\\\/en\\\/\"},{\"@type\":\"ListItem\",\"position\":2,\"name\":\"\\\/\",\"item\":\"https:\\\/\\\/www.gulersan.com\\\/shop\\\/\"},{\"@type\":\"ListItem\",\"position\":3,\"name\":\"GLS Garaj Ekipmanlar\u0131\",\"item\":\"https:\\\/\\\/www.gulersan.com\\\/en\\\/urun-kategori\\\/gls-garaj-ekipmanlari\\\/\"},{\"@type\":\"ListItem\",\"position\":4,\"name\":\"Metal E\u015fyalar\",\"item\":\"https:\\\/\\\/www.gulersan.com\\\/en\\\/urun-kategori\\\/gls-garaj-ekipmanlari\\\/metal-esyalar\\\/\"},{\"@type\":\"ListItem\",\"position\":5,\"name\":\"End\u00fcstriyel Dolaplar\",\"item\":\"https:\\\/\\\/www.gulersan.com\\\/en\\\/urun-kategori\\\/gls-garaj-ekipmanlari\\\/metal-esyalar\\\/endustriyel-dolaplar\\\/\"},{\"@type\":\"ListItem\",\"position\":6,\"name\":\"End\u00fcstriyel Dolap 3 \u00c7ekmeceli 3 Rafl\u0131 6219\"}]},{\"@type\":\"WebSite\",\"@id\":\"https:\\\/\\\/www.gulersan.com\\\/en\\\/#website\",\"url\":\"https:\\\/\\\/www.gulersan.com\\\/en\\\/\",\"name\":\"G\u00fclersan Ya\u011flama Cihazlar\u0131\",\"description\":\"Ya\u011flama Makinesi | Haval\u0131 Gres Pompas\u0131 | Ya\u011flama Pompas\u0131 | Ya\u011f \u00c7ekme Pompas\u0131\",\"publisher\":{\"@id\":\"https:\\\/\\\/www.gulersan.com\\\/en\\\/#organization\"},\"potentialAction\":[{\"@type\":\"SearchAction\",\"target\":{\"@type\":\"EntryPoint\",\"urlTemplate\":\"https:\\\/\\\/www.gulersan.com\\\/en\\\/?s={search_term_string}\"},\"query-input\":{\"@type\":\"PropertyValueSpecification\",\"valueRequired\":true,\"valueName\":\"search_term_string\"}}],\"inLanguage\":\"en-US\"},{\"@type\":\"Organization\",\"@id\":\"https:\\\/\\\/www.gulersan.com\\\/en\\\/#organization\",\"name\":\"G\u00fclersan Ya\u011flama Cihazlar\u0131\",\"url\":\"https:\\\/\\\/www.gulersan.com\\\/en\\\/\",\"logo\":{\"@type\":\"ImageObject\",\"inLanguage\":\"en-US\",\"@id\":\"https:\\\/\\\/www.gulersan.com\\\/en\\\/#\\\/schema\\\/logo\\\/image\\\/\",\"url\":\"https:\\\/\\\/www.gulersan.com\\\/wp-content\\\/uploads\\\/2021\\\/01\\\/gulersan-logo-tr.png\",\"contentUrl\":\"https:\\\/\\\/www.gulersan.com\\\/wp-content\\\/uploads\\\/2021\\\/01\\\/gulersan-logo-tr.png\",\"width\":1242,\"height\":302,\"caption\":\"G\u00fclersan Ya\u011flama Cihazlar\u0131\"},\"image\":{\"@id\":\"https:\\\/\\\/www.gulersan.com\\\/en\\\/#\\\/schema\\\/logo\\\/image\\\/\"}}]}<\/script>\n<!-- \/ Yoast SEO plugin. -->","yoast_head_json":{"title":"End\u00fcstriyel Dolap 3 \u00c7ekmeceli 3 Rafl\u0131 6219 - G\u00fclersan Ya\u011flama Cihazlar\u0131","robots":{"index":"index","follow":"follow","max-snippet":"max-snippet:-1","max-image-preview":"max-image-preview:large","max-video-preview":"max-video-preview:-1"},"canonical":"https:\/\/www.gulersan.com\/en\/urun\/endustriyel-dolap-3-cekmeceli-3-rafli-6219\/","og_locale":"en_US","og_type":"article","og_title":"End\u00fcstriyel Dolap 3 \u00c7ekmeceli 3 Rafl\u0131 6219 - G\u00fclersan Ya\u011flama Cihazlar\u0131","og_description":"End\u00fcstriyel Dolap 3 \u00c7ekmeceli 3 Rafl\u0131 6219 Teknik \u00d6zellikler \u00c7ekmeceli, rafl\u0131 ve kap\u0131l\u0131 k\u0131sa tip end\u00fcstriyel dolab\u0131m\u0131z\u0131n kasas\u0131 1,20 mm dkp sacdan kaynakl\u0131 sa\u011flam \u00e7elik konstr\u00fcksiyonlu olarak \u00fcretilmektedir. Dolap i\u00e7erisinde 3 \u00e7ekmece mevcuttur. \u00c7ekmece i\u00e7leri net 900&#215;450 mm kullan\u0131m alan\u0131na sahiptir. Her bir \u00e7ekmecenin 80 kg ta\u015f\u0131ma kapasitesi vard\u0131r ve 6201zz rulmanl\u0131 2,50 mm raylar","og_url":"https:\/\/www.gulersan.com\/en\/urun\/endustriyel-dolap-3-cekmeceli-3-rafli-6219\/","og_site_name":"G\u00fclersan Ya\u011flama Cihazlar\u0131","article_modified_time":"2026-05-05T13:04:56+00:00","og_image":[{"width":500,"height":500,"url":"https:\/\/www.gulersan.com\/wp-content\/uploads\/2026\/05\/gls-6219-endustriyel-dolap-4-cekmeceli-ve-kapili1-450x450h.jpg","type":"image\/jpeg"}],"twitter_card":"summary_large_image","twitter_misc":{"Est. reading time":"1 minute"},"schema":{"@context":"https:\/\/schema.org","@graph":[{"@type":"WebPage","@id":"https:\/\/www.gulersan.com\/en\/urun\/endustriyel-dolap-3-cekmeceli-3-rafli-6219\/","url":"https:\/\/www.gulersan.com\/en\/urun\/endustriyel-dolap-3-cekmeceli-3-rafli-6219\/","name":"End\u00fcstriyel Dolap 3 \u00c7ekmeceli 3 Rafl\u0131 6219 - G\u00fclersan Ya\u011flama Cihazlar\u0131","isPartOf":{"@id":"https:\/\/www.gulersan.com\/en\/#website"},"primaryImageOfPage":{"@id":"https:\/\/www.gulersan.com\/en\/urun\/endustriyel-dolap-3-cekmeceli-3-rafli-6219\/#primaryimage"},"image":{"@id":"https:\/\/www.gulersan.com\/en\/urun\/endustriyel-dolap-3-cekmeceli-3-rafli-6219\/#primaryimage"},"thumbnailUrl":"https:\/\/www.gulersan.com\/wp-content\/uploads\/2026\/05\/gls-6219-endustriyel-dolap-4-cekmeceli-ve-kapili1-450x450h.jpg","datePublished":"2026-05-05T13:04:51+00:00","dateModified":"2026-05-05T13:04:56+00:00","breadcrumb":{"@id":"https:\/\/www.gulersan.com\/en\/urun\/endustriyel-dolap-3-cekmeceli-3-rafli-6219\/#breadcrumb"},"inLanguage":"en-US","potentialAction":[{"@type":"ReadAction","target":["https:\/\/www.gulersan.com\/en\/urun\/endustriyel-dolap-3-cekmeceli-3-rafli-6219\/"]}]},{"@type":"ImageObject","inLanguage":"en-US","@id":"https:\/\/www.gulersan.com\/en\/urun\/endustriyel-dolap-3-cekmeceli-3-rafli-6219\/#primaryimage","url":"https:\/\/www.gulersan.com\/wp-content\/uploads\/2026\/05\/gls-6219-endustriyel-dolap-4-cekmeceli-ve-kapili1-450x450h.jpg","contentUrl":"https:\/\/www.gulersan.com\/wp-content\/uploads\/2026\/05\/gls-6219-endustriyel-dolap-4-cekmeceli-ve-kapili1-450x450h.jpg","width":500,"height":500},{"@type":"BreadcrumbList","@id":"https:\/\/www.gulersan.com\/en\/urun\/endustriyel-dolap-3-cekmeceli-3-rafli-6219\/#breadcrumb","itemListElement":[{"@type":"ListItem","position":1,"name":"Anasayfa","item":"https:\/\/www.gulersan.com\/en\/"},{"@type":"ListItem","position":2,"name":"\/","item":"https:\/\/www.gulersan.com\/shop\/"},{"@type":"ListItem","position":3,"name":"GLS Garaj Ekipmanlar\u0131","item":"https:\/\/www.gulersan.com\/en\/urun-kategori\/gls-garaj-ekipmanlari\/"},{"@type":"ListItem","position":4,"name":"Metal E\u015fyalar","item":"https:\/\/www.gulersan.com\/en\/urun-kategori\/gls-garaj-ekipmanlari\/metal-esyalar\/"},{"@type":"ListItem","position":5,"name":"End\u00fcstriyel Dolaplar","item":"https:\/\/www.gulersan.com\/en\/urun-kategori\/gls-garaj-ekipmanlari\/metal-esyalar\/endustriyel-dolaplar\/"},{"@type":"ListItem","position":6,"name":"End\u00fcstriyel Dolap 3 \u00c7ekmeceli 3 Rafl\u0131 6219"}]},{"@type":"WebSite","@id":"https:\/\/www.gulersan.com\/en\/#website","url":"https:\/\/www.gulersan.com\/en\/","name":"G\u00fclersan Ya\u011flama Cihazlar\u0131","description":"Ya\u011flama Makinesi | Haval\u0131 Gres Pompas\u0131 | Ya\u011flama Pompas\u0131 | Ya\u011f \u00c7ekme Pompas\u0131","publisher":{"@id":"https:\/\/www.gulersan.com\/en\/#organization"},"potentialAction":[{"@type":"SearchAction","target":{"@type":"EntryPoint","urlTemplate":"https:\/\/www.gulersan.com\/en\/?s={search_term_string}"},"query-input":{"@type":"PropertyValueSpecification","valueRequired":true,"valueName":"search_term_string"}}],"inLanguage":"en-US"},{"@type":"Organization","@id":"https:\/\/www.gulersan.com\/en\/#organization","name":"G\u00fclersan Ya\u011flama Cihazlar\u0131","url":"https:\/\/www.gulersan.com\/en\/","logo":{"@type":"ImageObject","inLanguage":"en-US","@id":"https:\/\/www.gulersan.com\/en\/#\/schema\/logo\/image\/","url":"https:\/\/www.gulersan.com\/wp-content\/uploads\/2021\/01\/gulersan-logo-tr.png","contentUrl":"https:\/\/www.gulersan.com\/wp-content\/uploads\/2021\/01\/gulersan-logo-tr.png","width":1242,"height":302,"caption":"G\u00fclersan Ya\u011flama Cihazlar\u0131"},"image":{"@id":"https:\/\/www.gulersan.com\/en\/#\/schema\/logo\/image\/"}}]}},"_links":{"self":[{"href":"https:\/\/www.gulersan.com\/en\/wp-json\/wp\/v2\/product\/15169","targetHints":{"allow":["GET"]}}],"collection":[{"href":"https:\/\/www.gulersan.com\/en\/wp-json\/wp\/v2\/product"}],"about":[{"href":"https:\/\/www.gulersan.com\/en\/wp-json\/wp\/v2\/types\/product"}],"replies":[{"embeddable":true,"href":"https:\/\/www.gulersan.com\/en\/wp-json\/wp\/v2\/comments?post=15169"}],"wp:featuredmedia":[{"embeddable":true,"href":"https:\/\/www.gulersan.com\/en\/wp-json\/wp\/v2\/media\/15170"}],"wp:attachment":[{"href":"https:\/\/www.gulersan.com\/en\/wp-json\/wp\/v2\/media?parent=15169"}],"wp:term":[{"taxonomy":"product_brand","embeddable":true,"href":"https:\/\/www.gulersan.com\/en\/wp-json\/wp\/v2\/product_brand?post=15169"},{"taxonomy":"product_cat","embeddable":true,"href":"https:\/\/www.gulersan.com\/en\/wp-json\/wp\/v2\/product_cat?post=15169"},{"taxonomy":"product_tag","embeddable":true,"href":"https:\/\/www.gulersan.com\/en\/wp-json\/wp\/v2\/product_tag?post=15169"}],"curies":[{"name":"wp","href":"https:\/\/api.w.org\/{rel}","templated":true}]}}