{"id":15215,"date":"2026-05-05T16:05:05","date_gmt":"2026-05-05T13:05:05","guid":{"rendered":"https:\/\/www.gulersan.com\/urun\/endustriyel-dolap-pleksi-kapili-bolme-rafli-7490\/"},"modified":"2026-05-05T16:05:12","modified_gmt":"2026-05-05T13:05:12","slug":"endustriyel-dolap-pleksi-kapili-bolme-rafli-7490","status":"publish","type":"product","link":"https:\/\/www.gulersan.com\/en\/urun\/endustriyel-dolap-pleksi-kapili-bolme-rafli-7490\/","title":{"rendered":"End\u00fcstriyel Dolap Pleksi Kap\u0131l\u0131 B\u00f6lme Rafl\u0131 7490"},"content":{"rendered":"<h2 style=\"text-align: left;\"><span style=\"color: #000080;\"><strong>End\u00fcstriyel Dolap Pleksi Kap\u0131l\u0131 B\u00f6lme Rafl\u0131 7490<\/strong><\/span><\/h2>\n<div>\n<p><span style=\"font-size: 120%;\"><strong><img loading=\"lazy\" decoding=\"async\" class=\"alignnone wp-image-12531\" src=\"https:\/\/www.glsgaraj.com\/wp-content\/uploads\/2021\/06\/konuiciikon.png\" alt=\"\" width=\"18\" height=\"19\" \/> Teknik \u00d6zellikler<\/strong><\/span><\/p>\n<p>Yang\u0131n ekipmanlar\u0131 muhafaza dolab\u0131m\u0131z 0,70 mm dkp sacdan kaynakl\u0131 \u00e7elik konstr\u00fcksiyonlu olarak \u00fcretilmektedir. Dolab\u0131m\u0131z\u0131n kapaklar\u0131 metal \u00e7er\u00e7eve i\u00e7erisinde 5S kurallar\u0131 i\u00e7in uygun 3 mm \u015feffaf plexiglas dan olu\u015fmaktad\u0131r.<\/p>\n<table style=\"width: 100%; height: 274px;\" bgcolor=\"whitesmoke\">\n<tbody>\n<tr>\n<td style=\"height: 1px;\" colspan=\"4\" bgcolor=\"white\"><img loading=\"lazy\" decoding=\"async\" class=\"alignnone wp-image-4888\" style=\"color: #555555; font-size: 14.4px; background-color: #ffffff;\" src=\"https:\/\/www.gulersan.com\/wp-content\/uploads\/2020\/12\/cizgi.jpg\" alt=\"\" width=\"1454\" height=\"12\" srcset=\"https:\/\/www.gulersan.com\/wp-content\/uploads\/2020\/12\/cizgi.jpg 606w, https:\/\/www.gulersan.com\/wp-content\/uploads\/2020\/12\/cizgi-510x4.jpg 510w\" sizes=\"auto, (max-width: 1454px) 100vw, 1454px\" \/><\/td>\n<\/tr>\n<tr>\n<td><span style=\"font-size: 120%;\"><strong>\u00a0 \u00a0 \u00a0 En<\/strong><\/span><\/td>\n<td><\/td>\n<td style=\"text-align: right;\"><span style=\"font-size: 120%;\">1200 Mm\u00a0 \u00a0 \u00a0 \u00a0\u00a0<\/span><\/td>\n<\/tr>\n<tr>\n<td><span style=\"font-size: 120%;\"><strong>\u00a0 \u00a0 \u00a0 Derinlik<\/strong><\/span><\/td>\n<td><\/td>\n<td style=\"text-align: right;\"><span style=\"font-size: 120%;\">400 Mm\u00a0 \u00a0 \u00a0 \u00a0\u00a0<\/span><\/td>\n<\/tr>\n<tr>\n<td><span style=\"font-size: 120%;\"><strong>\u00a0 \u00a0 \u00a0 Y\u00fckseklik<\/strong><\/span><\/td>\n<td><\/td>\n<td style=\"text-align: right;\"><span style=\"font-size: 120%;\">2000 Mm\u00a0 \u00a0 \u00a0 \u00a0\u00a0<\/span><\/td>\n<\/tr>\n<tr>\n<td><span style=\"font-size: 120%;\"><strong>\u00a0 \u00a0 \u00a0 Renk<\/strong><\/span><\/td>\n<td><\/td>\n<td style=\"text-align: right;\"><span style=\"font-size: 120%;\">Ral 5015\u00a0 \u00a0 \u00a0 \u00a0\u00a0<\/span><\/td>\n<\/tr>\n<\/tbody>\n<\/table>\n<p>&nbsp;<\/p>\n<p><span style=\"font-size: 120%;\"><strong><img loading=\"lazy\" decoding=\"async\" class=\"alignnone wp-image-12531\" src=\"https:\/\/www.glsgaraj.com\/wp-content\/uploads\/2021\/06\/konuiciikon.png\" alt=\"\" width=\"18\" height=\"19\" \/> Kullan\u0131ld\u0131\u011f\u0131 Yerler<\/strong><\/span><\/p>\n<p>\u0130SG kanununa g\u00f6re i\u015fyerinin \u00e7al\u0131\u015fan say\u0131s\u0131na ve b\u00fcy\u00fckl\u00fc\u011f\u00fcne g\u00f6re belirli alanlarda yang\u0131n s\u00f6nd\u00fcrme ekipmanlar\u0131 bulundurma zorunlulu\u011fu vard\u0131r. Bizlerde bu amaca hizmet i\u00e7in istenen \u00f6zelliklerde \u00fcretim yapmaktay\u0131z.<\/p>\n<p><span style=\"font-size: 120%;\"><strong><img loading=\"lazy\" decoding=\"async\" class=\"alignnone wp-image-12531\" src=\"https:\/\/www.glsgaraj.com\/wp-content\/uploads\/2021\/06\/konuiciikon.png\" alt=\"\" width=\"18\" height=\"19\" \/> \u00dcr\u00fcn Avantajlar\u0131<\/strong><\/span><\/p>\n<p>\u0130SG kanununa g\u00f6re yang\u0131n s\u00f6nd\u00fcrme ekipmanlar\u0131n\u0131n g\u00f6r\u00fcn\u00fcr ve kolay ula\u015f\u0131labilir yerlere konularak \u00f6nlerinde engel bulundurmama \u015fart\u0131 vard\u0131r. 180 derece a\u00e7\u0131lan kap\u0131lar\u0131, y\u00fcksekli\u011fi ayarlanabilir raflar\u0131 ve uluslararas\u0131 standartlara uygun k\u0131rm\u0131z\u0131 rengiyle yang\u0131n ekipmanlar\u0131 dolab\u0131m\u0131z; acil bir durumda \u00e7al\u0131\u015fanlar\u0131n ekipmanlara an\u0131nda kolay ula\u015f\u0131m\u0131n\u0131 sa\u011flayacakt\u0131r.<\/p>\n<\/div>\n","protected":false},"excerpt":{"rendered":"<p>End\u00fcstriyel Dolap Pleksi Kap\u0131l\u0131 B\u00f6lme Rafl\u0131 7490 Teknik \u00d6zellikler Yang\u0131n ekipmanlar\u0131 muhafaza dolab\u0131m\u0131z 0,70 mm dkp sacdan kaynakl\u0131 \u00e7elik konstr\u00fcksiyonlu olarak \u00fcretilmektedir. Dolab\u0131m\u0131z\u0131n kapaklar\u0131 metal \u00e7er\u00e7eve i\u00e7erisinde 5S kurallar\u0131 i\u00e7in uygun 3 mm \u015feffaf plexiglas dan olu\u015fmaktad\u0131r. \u00a0 \u00a0 \u00a0 En 1200 Mm\u00a0 \u00a0 \u00a0 \u00a0\u00a0 \u00a0 \u00a0 \u00a0 Derinlik 400 Mm\u00a0 \u00a0 \u00a0 \u00a0\u00a0<\/p>\n","protected":false},"featured_media":15216,"comment_status":"closed","ping_status":"open","template":"","meta":[],"product_brand":[],"product_cat":[1413,1410],"product_tag":[],"class_list":{"0":"post-15215","1":"product","2":"type-product","3":"status-publish","4":"has-post-thumbnail","6":"product_cat-endustriyel-dolaplar","7":"product_cat-metal-esyalar","9":"first","10":"instock","11":"product-type-simple"},"yoast_head":"<!-- This site is optimized with the Yoast SEO plugin v27.6 - https:\/\/yoast.com\/product\/yoast-seo-wordpress\/ -->\n<title>End\u00fcstriyel Dolap Pleksi Kap\u0131l\u0131 B\u00f6lme Rafl\u0131 7490 - G\u00fclersan Ya\u011flama Cihazlar\u0131<\/title>\n<meta name=\"robots\" content=\"index, follow, max-snippet:-1, max-image-preview:large, max-video-preview:-1\" \/>\n<link rel=\"canonical\" href=\"https:\/\/www.gulersan.com\/en\/urun\/endustriyel-dolap-pleksi-kapili-bolme-rafli-7490\/\" \/>\n<meta property=\"og:locale\" content=\"en_US\" \/>\n<meta property=\"og:type\" content=\"article\" \/>\n<meta property=\"og:title\" content=\"End\u00fcstriyel Dolap Pleksi Kap\u0131l\u0131 B\u00f6lme Rafl\u0131 7490 - G\u00fclersan Ya\u011flama Cihazlar\u0131\" \/>\n<meta property=\"og:description\" content=\"End\u00fcstriyel Dolap Pleksi Kap\u0131l\u0131 B\u00f6lme Rafl\u0131 7490 Teknik \u00d6zellikler Yang\u0131n ekipmanlar\u0131 muhafaza dolab\u0131m\u0131z 0,70 mm dkp sacdan kaynakl\u0131 \u00e7elik konstr\u00fcksiyonlu olarak \u00fcretilmektedir. Dolab\u0131m\u0131z\u0131n kapaklar\u0131 metal \u00e7er\u00e7eve i\u00e7erisinde 5S kurallar\u0131 i\u00e7in uygun 3 mm \u015feffaf plexiglas dan olu\u015fmaktad\u0131r. \u00a0 \u00a0 \u00a0 En 1200 Mm\u00a0 \u00a0 \u00a0 \u00a0\u00a0 \u00a0 \u00a0 \u00a0 Derinlik 400 Mm\u00a0 \u00a0 \u00a0 \u00a0\u00a0\" \/>\n<meta property=\"og:url\" content=\"https:\/\/www.gulersan.com\/en\/urun\/endustriyel-dolap-pleksi-kapili-bolme-rafli-7490\/\" \/>\n<meta property=\"og:site_name\" content=\"G\u00fclersan Ya\u011flama Cihazlar\u0131\" \/>\n<meta property=\"article:modified_time\" content=\"2026-05-05T13:05:12+00:00\" \/>\n<meta property=\"og:image\" content=\"https:\/\/www.gulersan.com\/wp-content\/uploads\/2026\/05\/gls-7490-endustriyel-dolap-pleksi-kapili-bolme-rafli1-450x450h.jpg\" \/>\n\t<meta property=\"og:image:width\" content=\"500\" \/>\n\t<meta property=\"og:image:height\" content=\"500\" \/>\n\t<meta property=\"og:image:type\" content=\"image\/jpeg\" \/>\n<meta name=\"twitter:card\" content=\"summary_large_image\" \/>\n<meta name=\"twitter:label1\" content=\"Est. reading time\" \/>\n\t<meta name=\"twitter:data1\" content=\"1 minute\" \/>\n<script type=\"application\/ld+json\" class=\"yoast-schema-graph\">{\"@context\":\"https:\\\/\\\/schema.org\",\"@graph\":[{\"@type\":\"WebPage\",\"@id\":\"https:\\\/\\\/www.gulersan.com\\\/en\\\/urun\\\/endustriyel-dolap-pleksi-kapili-bolme-rafli-7490\\\/\",\"url\":\"https:\\\/\\\/www.gulersan.com\\\/en\\\/urun\\\/endustriyel-dolap-pleksi-kapili-bolme-rafli-7490\\\/\",\"name\":\"End\u00fcstriyel Dolap Pleksi Kap\u0131l\u0131 B\u00f6lme Rafl\u0131 7490 - G\u00fclersan Ya\u011flama Cihazlar\u0131\",\"isPartOf\":{\"@id\":\"https:\\\/\\\/www.gulersan.com\\\/en\\\/#website\"},\"primaryImageOfPage\":{\"@id\":\"https:\\\/\\\/www.gulersan.com\\\/en\\\/urun\\\/endustriyel-dolap-pleksi-kapili-bolme-rafli-7490\\\/#primaryimage\"},\"image\":{\"@id\":\"https:\\\/\\\/www.gulersan.com\\\/en\\\/urun\\\/endustriyel-dolap-pleksi-kapili-bolme-rafli-7490\\\/#primaryimage\"},\"thumbnailUrl\":\"https:\\\/\\\/www.gulersan.com\\\/wp-content\\\/uploads\\\/2026\\\/05\\\/gls-7490-endustriyel-dolap-pleksi-kapili-bolme-rafli1-450x450h.jpg\",\"datePublished\":\"2026-05-05T13:05:05+00:00\",\"dateModified\":\"2026-05-05T13:05:12+00:00\",\"breadcrumb\":{\"@id\":\"https:\\\/\\\/www.gulersan.com\\\/en\\\/urun\\\/endustriyel-dolap-pleksi-kapili-bolme-rafli-7490\\\/#breadcrumb\"},\"inLanguage\":\"en-US\",\"potentialAction\":[{\"@type\":\"ReadAction\",\"target\":[\"https:\\\/\\\/www.gulersan.com\\\/en\\\/urun\\\/endustriyel-dolap-pleksi-kapili-bolme-rafli-7490\\\/\"]}]},{\"@type\":\"ImageObject\",\"inLanguage\":\"en-US\",\"@id\":\"https:\\\/\\\/www.gulersan.com\\\/en\\\/urun\\\/endustriyel-dolap-pleksi-kapili-bolme-rafli-7490\\\/#primaryimage\",\"url\":\"https:\\\/\\\/www.gulersan.com\\\/wp-content\\\/uploads\\\/2026\\\/05\\\/gls-7490-endustriyel-dolap-pleksi-kapili-bolme-rafli1-450x450h.jpg\",\"contentUrl\":\"https:\\\/\\\/www.gulersan.com\\\/wp-content\\\/uploads\\\/2026\\\/05\\\/gls-7490-endustriyel-dolap-pleksi-kapili-bolme-rafli1-450x450h.jpg\",\"width\":500,\"height\":500},{\"@type\":\"BreadcrumbList\",\"@id\":\"https:\\\/\\\/www.gulersan.com\\\/en\\\/urun\\\/endustriyel-dolap-pleksi-kapili-bolme-rafli-7490\\\/#breadcrumb\",\"itemListElement\":[{\"@type\":\"ListItem\",\"position\":1,\"name\":\"Anasayfa\",\"item\":\"https:\\\/\\\/www.gulersan.com\\\/en\\\/\"},{\"@type\":\"ListItem\",\"position\":2,\"name\":\"\\\/\",\"item\":\"https:\\\/\\\/www.gulersan.com\\\/shop\\\/\"},{\"@type\":\"ListItem\",\"position\":3,\"name\":\"GLS Garaj Ekipmanlar\u0131\",\"item\":\"https:\\\/\\\/www.gulersan.com\\\/en\\\/urun-kategori\\\/gls-garaj-ekipmanlari\\\/\"},{\"@type\":\"ListItem\",\"position\":4,\"name\":\"Metal E\u015fyalar\",\"item\":\"https:\\\/\\\/www.gulersan.com\\\/en\\\/urun-kategori\\\/gls-garaj-ekipmanlari\\\/metal-esyalar\\\/\"},{\"@type\":\"ListItem\",\"position\":5,\"name\":\"End\u00fcstriyel Dolaplar\",\"item\":\"https:\\\/\\\/www.gulersan.com\\\/en\\\/urun-kategori\\\/gls-garaj-ekipmanlari\\\/metal-esyalar\\\/endustriyel-dolaplar\\\/\"},{\"@type\":\"ListItem\",\"position\":6,\"name\":\"End\u00fcstriyel Dolap Pleksi Kap\u0131l\u0131 B\u00f6lme Rafl\u0131 7490\"}]},{\"@type\":\"WebSite\",\"@id\":\"https:\\\/\\\/www.gulersan.com\\\/en\\\/#website\",\"url\":\"https:\\\/\\\/www.gulersan.com\\\/en\\\/\",\"name\":\"G\u00fclersan Ya\u011flama Cihazlar\u0131\",\"description\":\"Ya\u011flama Makinesi | Haval\u0131 Gres Pompas\u0131 | Ya\u011flama Pompas\u0131 | Ya\u011f \u00c7ekme Pompas\u0131\",\"publisher\":{\"@id\":\"https:\\\/\\\/www.gulersan.com\\\/en\\\/#organization\"},\"potentialAction\":[{\"@type\":\"SearchAction\",\"target\":{\"@type\":\"EntryPoint\",\"urlTemplate\":\"https:\\\/\\\/www.gulersan.com\\\/en\\\/?s={search_term_string}\"},\"query-input\":{\"@type\":\"PropertyValueSpecification\",\"valueRequired\":true,\"valueName\":\"search_term_string\"}}],\"inLanguage\":\"en-US\"},{\"@type\":\"Organization\",\"@id\":\"https:\\\/\\\/www.gulersan.com\\\/en\\\/#organization\",\"name\":\"G\u00fclersan Ya\u011flama Cihazlar\u0131\",\"url\":\"https:\\\/\\\/www.gulersan.com\\\/en\\\/\",\"logo\":{\"@type\":\"ImageObject\",\"inLanguage\":\"en-US\",\"@id\":\"https:\\\/\\\/www.gulersan.com\\\/en\\\/#\\\/schema\\\/logo\\\/image\\\/\",\"url\":\"https:\\\/\\\/www.gulersan.com\\\/wp-content\\\/uploads\\\/2021\\\/01\\\/gulersan-logo-tr.png\",\"contentUrl\":\"https:\\\/\\\/www.gulersan.com\\\/wp-content\\\/uploads\\\/2021\\\/01\\\/gulersan-logo-tr.png\",\"width\":1242,\"height\":302,\"caption\":\"G\u00fclersan Ya\u011flama Cihazlar\u0131\"},\"image\":{\"@id\":\"https:\\\/\\\/www.gulersan.com\\\/en\\\/#\\\/schema\\\/logo\\\/image\\\/\"}}]}<\/script>\n<!-- \/ Yoast SEO plugin. -->","yoast_head_json":{"title":"End\u00fcstriyel Dolap Pleksi Kap\u0131l\u0131 B\u00f6lme Rafl\u0131 7490 - G\u00fclersan Ya\u011flama Cihazlar\u0131","robots":{"index":"index","follow":"follow","max-snippet":"max-snippet:-1","max-image-preview":"max-image-preview:large","max-video-preview":"max-video-preview:-1"},"canonical":"https:\/\/www.gulersan.com\/en\/urun\/endustriyel-dolap-pleksi-kapili-bolme-rafli-7490\/","og_locale":"en_US","og_type":"article","og_title":"End\u00fcstriyel Dolap Pleksi Kap\u0131l\u0131 B\u00f6lme Rafl\u0131 7490 - G\u00fclersan Ya\u011flama Cihazlar\u0131","og_description":"End\u00fcstriyel Dolap Pleksi Kap\u0131l\u0131 B\u00f6lme Rafl\u0131 7490 Teknik \u00d6zellikler Yang\u0131n ekipmanlar\u0131 muhafaza dolab\u0131m\u0131z 0,70 mm dkp sacdan kaynakl\u0131 \u00e7elik konstr\u00fcksiyonlu olarak \u00fcretilmektedir. Dolab\u0131m\u0131z\u0131n kapaklar\u0131 metal \u00e7er\u00e7eve i\u00e7erisinde 5S kurallar\u0131 i\u00e7in uygun 3 mm \u015feffaf plexiglas dan olu\u015fmaktad\u0131r. \u00a0 \u00a0 \u00a0 En 1200 Mm\u00a0 \u00a0 \u00a0 \u00a0\u00a0 \u00a0 \u00a0 \u00a0 Derinlik 400 Mm\u00a0 \u00a0 \u00a0 \u00a0\u00a0","og_url":"https:\/\/www.gulersan.com\/en\/urun\/endustriyel-dolap-pleksi-kapili-bolme-rafli-7490\/","og_site_name":"G\u00fclersan Ya\u011flama Cihazlar\u0131","article_modified_time":"2026-05-05T13:05:12+00:00","og_image":[{"width":500,"height":500,"url":"https:\/\/www.gulersan.com\/wp-content\/uploads\/2026\/05\/gls-7490-endustriyel-dolap-pleksi-kapili-bolme-rafli1-450x450h.jpg","type":"image\/jpeg"}],"twitter_card":"summary_large_image","twitter_misc":{"Est. reading time":"1 minute"},"schema":{"@context":"https:\/\/schema.org","@graph":[{"@type":"WebPage","@id":"https:\/\/www.gulersan.com\/en\/urun\/endustriyel-dolap-pleksi-kapili-bolme-rafli-7490\/","url":"https:\/\/www.gulersan.com\/en\/urun\/endustriyel-dolap-pleksi-kapili-bolme-rafli-7490\/","name":"End\u00fcstriyel Dolap Pleksi Kap\u0131l\u0131 B\u00f6lme Rafl\u0131 7490 - G\u00fclersan Ya\u011flama Cihazlar\u0131","isPartOf":{"@id":"https:\/\/www.gulersan.com\/en\/#website"},"primaryImageOfPage":{"@id":"https:\/\/www.gulersan.com\/en\/urun\/endustriyel-dolap-pleksi-kapili-bolme-rafli-7490\/#primaryimage"},"image":{"@id":"https:\/\/www.gulersan.com\/en\/urun\/endustriyel-dolap-pleksi-kapili-bolme-rafli-7490\/#primaryimage"},"thumbnailUrl":"https:\/\/www.gulersan.com\/wp-content\/uploads\/2026\/05\/gls-7490-endustriyel-dolap-pleksi-kapili-bolme-rafli1-450x450h.jpg","datePublished":"2026-05-05T13:05:05+00:00","dateModified":"2026-05-05T13:05:12+00:00","breadcrumb":{"@id":"https:\/\/www.gulersan.com\/en\/urun\/endustriyel-dolap-pleksi-kapili-bolme-rafli-7490\/#breadcrumb"},"inLanguage":"en-US","potentialAction":[{"@type":"ReadAction","target":["https:\/\/www.gulersan.com\/en\/urun\/endustriyel-dolap-pleksi-kapili-bolme-rafli-7490\/"]}]},{"@type":"ImageObject","inLanguage":"en-US","@id":"https:\/\/www.gulersan.com\/en\/urun\/endustriyel-dolap-pleksi-kapili-bolme-rafli-7490\/#primaryimage","url":"https:\/\/www.gulersan.com\/wp-content\/uploads\/2026\/05\/gls-7490-endustriyel-dolap-pleksi-kapili-bolme-rafli1-450x450h.jpg","contentUrl":"https:\/\/www.gulersan.com\/wp-content\/uploads\/2026\/05\/gls-7490-endustriyel-dolap-pleksi-kapili-bolme-rafli1-450x450h.jpg","width":500,"height":500},{"@type":"BreadcrumbList","@id":"https:\/\/www.gulersan.com\/en\/urun\/endustriyel-dolap-pleksi-kapili-bolme-rafli-7490\/#breadcrumb","itemListElement":[{"@type":"ListItem","position":1,"name":"Anasayfa","item":"https:\/\/www.gulersan.com\/en\/"},{"@type":"ListItem","position":2,"name":"\/","item":"https:\/\/www.gulersan.com\/shop\/"},{"@type":"ListItem","position":3,"name":"GLS Garaj Ekipmanlar\u0131","item":"https:\/\/www.gulersan.com\/en\/urun-kategori\/gls-garaj-ekipmanlari\/"},{"@type":"ListItem","position":4,"name":"Metal E\u015fyalar","item":"https:\/\/www.gulersan.com\/en\/urun-kategori\/gls-garaj-ekipmanlari\/metal-esyalar\/"},{"@type":"ListItem","position":5,"name":"End\u00fcstriyel Dolaplar","item":"https:\/\/www.gulersan.com\/en\/urun-kategori\/gls-garaj-ekipmanlari\/metal-esyalar\/endustriyel-dolaplar\/"},{"@type":"ListItem","position":6,"name":"End\u00fcstriyel Dolap Pleksi Kap\u0131l\u0131 B\u00f6lme Rafl\u0131 7490"}]},{"@type":"WebSite","@id":"https:\/\/www.gulersan.com\/en\/#website","url":"https:\/\/www.gulersan.com\/en\/","name":"G\u00fclersan Ya\u011flama Cihazlar\u0131","description":"Ya\u011flama Makinesi | Haval\u0131 Gres Pompas\u0131 | Ya\u011flama Pompas\u0131 | Ya\u011f \u00c7ekme Pompas\u0131","publisher":{"@id":"https:\/\/www.gulersan.com\/en\/#organization"},"potentialAction":[{"@type":"SearchAction","target":{"@type":"EntryPoint","urlTemplate":"https:\/\/www.gulersan.com\/en\/?s={search_term_string}"},"query-input":{"@type":"PropertyValueSpecification","valueRequired":true,"valueName":"search_term_string"}}],"inLanguage":"en-US"},{"@type":"Organization","@id":"https:\/\/www.gulersan.com\/en\/#organization","name":"G\u00fclersan Ya\u011flama Cihazlar\u0131","url":"https:\/\/www.gulersan.com\/en\/","logo":{"@type":"ImageObject","inLanguage":"en-US","@id":"https:\/\/www.gulersan.com\/en\/#\/schema\/logo\/image\/","url":"https:\/\/www.gulersan.com\/wp-content\/uploads\/2021\/01\/gulersan-logo-tr.png","contentUrl":"https:\/\/www.gulersan.com\/wp-content\/uploads\/2021\/01\/gulersan-logo-tr.png","width":1242,"height":302,"caption":"G\u00fclersan Ya\u011flama Cihazlar\u0131"},"image":{"@id":"https:\/\/www.gulersan.com\/en\/#\/schema\/logo\/image\/"}}]}},"_links":{"self":[{"href":"https:\/\/www.gulersan.com\/en\/wp-json\/wp\/v2\/product\/15215","targetHints":{"allow":["GET"]}}],"collection":[{"href":"https:\/\/www.gulersan.com\/en\/wp-json\/wp\/v2\/product"}],"about":[{"href":"https:\/\/www.gulersan.com\/en\/wp-json\/wp\/v2\/types\/product"}],"replies":[{"embeddable":true,"href":"https:\/\/www.gulersan.com\/en\/wp-json\/wp\/v2\/comments?post=15215"}],"wp:featuredmedia":[{"embeddable":true,"href":"https:\/\/www.gulersan.com\/en\/wp-json\/wp\/v2\/media\/15216"}],"wp:attachment":[{"href":"https:\/\/www.gulersan.com\/en\/wp-json\/wp\/v2\/media?parent=15215"}],"wp:term":[{"taxonomy":"product_brand","embeddable":true,"href":"https:\/\/www.gulersan.com\/en\/wp-json\/wp\/v2\/product_brand?post=15215"},{"taxonomy":"product_cat","embeddable":true,"href":"https:\/\/www.gulersan.com\/en\/wp-json\/wp\/v2\/product_cat?post=15215"},{"taxonomy":"product_tag","embeddable":true,"href":"https:\/\/www.gulersan.com\/en\/wp-json\/wp\/v2\/product_tag?post=15215"}],"curies":[{"name":"wp","href":"https:\/\/api.w.org\/{rel}","templated":true}]}}