{"id":15265,"date":"2026-05-05T16:05:28","date_gmt":"2026-05-05T13:05:28","guid":{"rendered":"https:\/\/www.gulersan.com\/urun\/malzeme-dolabi-4-rafli-3-cekmeceli-aski-sacli-avadanlik-kutulu-6280\/"},"modified":"2026-05-05T16:05:39","modified_gmt":"2026-05-05T13:05:39","slug":"malzeme-dolabi-4-rafli-3-cekmeceli-aski-sacli-avadanlik-kutulu-6280","status":"publish","type":"product","link":"https:\/\/www.gulersan.com\/en\/urun\/malzeme-dolabi-4-rafli-3-cekmeceli-aski-sacli-avadanlik-kutulu-6280\/","title":{"rendered":"Malzeme Dolab\u0131 4 Rafl\u0131 3 \u00c7ekmeceli Ask\u0131 Sacl\u0131 Avadanl\u0131k Kutulu 6280"},"content":{"rendered":"<h2 style=\"text-align: left;\"><span style=\"color: #000080;\"><strong>Malzeme Dolab\u0131 4 Rafl\u0131 3 \u00c7ekmeceli Ask\u0131 Sacl\u0131 Avadanl\u0131k Kutulu 6280<\/strong><\/span><\/h2>\n<div>\n<p><span style=\"font-size: 120%;\"><strong><img loading=\"lazy\" decoding=\"async\" class=\"alignnone wp-image-12531\" src=\"https:\/\/www.glsgaraj.com\/wp-content\/uploads\/2021\/06\/konuiciikon.png\" alt=\"\" width=\"18\" height=\"19\" \/> Teknik \u00d6zellikler<\/strong><\/span><\/p>\n<p>4 rafl\u0131, 3 \u00e7ekmeceli ask\u0131 sacl\u0131 avadanl\u0131k kutulu malzeme dolab\u0131, 0,8 mm dkp sacdan kaynakl\u0131 sa\u011flam \u00e7elik konstr\u00fcksiyonlu, elektrostatik toz boyal\u0131 olarak \u00fcretilmektedir. Ask\u0131 sacl\u0131 avadanl\u0131k kutulu malzeme dolab\u0131n\u0131n i\u00e7inde dikine 4 adet raf k\u0131lavuz dikmeleri bulunmaktad\u0131r. Rafl\u0131 ve \u00e7ekmeceli ask\u0131 sacl\u0131 avadanl\u0131k kutulu malzeme dolab\u0131 zemine ayarl\u0131 M12 rotil takozlara sahiptir. \u00c7ekmeceli ask\u0131 sacl\u0131 avadanl\u0131k kutulu malzeme dolab\u0131 kap\u0131lar\u0131 g\u00f6mme tutamakl\u0131, silindirik emniyetli kilitlidir ve 180 derece a\u00e7\u0131l\u0131r. Dolap i\u00e7inde bulunan ask\u0131 panosu 1,20 mm sacdan 10&#215;10 kare delikli olarak \u00fcretilmektedir. Ayr\u0131ca avadanl\u0131k kutulu dolap i\u00e7erisinde k\u00fc\u00e7\u00fck malzemelerin ayr\u0131\u015ft\u0131r\u0131lmas\u0131 i\u00e7in 7 adet avadanl\u0131k kutusu bulunmaktad\u0131r. * 8 Adet A-100 AVADANLIK KUTUSU \u00dcR\u00dcNE DAH\u0130LD\u0130R.<\/p>\n<table style=\"width: 100%; height: 274px;\" bgcolor=\"whitesmoke\">\n<tbody>\n<tr>\n<td style=\"height: 1px;\" colspan=\"4\" bgcolor=\"white\"><img loading=\"lazy\" decoding=\"async\" class=\"alignnone wp-image-4888\" style=\"color: #555555; font-size: 14.4px; background-color: #ffffff;\" src=\"https:\/\/www.gulersan.com\/wp-content\/uploads\/2020\/12\/cizgi.jpg\" alt=\"\" width=\"1454\" height=\"12\" srcset=\"https:\/\/www.gulersan.com\/wp-content\/uploads\/2020\/12\/cizgi.jpg 606w, https:\/\/www.gulersan.com\/wp-content\/uploads\/2020\/12\/cizgi-510x4.jpg 510w\" sizes=\"auto, (max-width: 1454px) 100vw, 1454px\" \/><\/td>\n<\/tr>\n<tr>\n<td><span style=\"font-size: 120%;\"><strong>\u00a0 \u00a0 \u00a0 En<\/strong><\/span><\/td>\n<td><\/td>\n<td style=\"text-align: right;\"><span style=\"font-size: 120%;\">920 Mm\u00a0 \u00a0 \u00a0 \u00a0\u00a0<\/span><\/td>\n<\/tr>\n<tr>\n<td><span style=\"font-size: 120%;\"><strong>\u00a0 \u00a0 \u00a0 Derinlik<\/strong><\/span><\/td>\n<td><\/td>\n<td style=\"text-align: right;\"><span style=\"font-size: 120%;\">450 Mm\u00a0 \u00a0 \u00a0 \u00a0\u00a0<\/span><\/td>\n<\/tr>\n<tr>\n<td><span style=\"font-size: 120%;\"><strong>\u00a0 \u00a0 \u00a0 Y\u00fckseklik<\/strong><\/span><\/td>\n<td><\/td>\n<td style=\"text-align: right;\"><span style=\"font-size: 120%;\">2000 Mm\u00a0 \u00a0 \u00a0 \u00a0\u00a0<\/span><\/td>\n<\/tr>\n<tr>\n<td><span style=\"font-size: 120%;\"><strong>\u00a0 \u00a0 \u00a0 Renk<\/strong><\/span><\/td>\n<td><\/td>\n<td style=\"text-align: right;\"><span style=\"font-size: 120%;\">Ral 5015\u00a0 \u00a0 \u00a0 \u00a0\u00a0<\/span><\/td>\n<\/tr>\n<\/tbody>\n<\/table>\n<p>&nbsp;<\/p>\n<p><span style=\"font-size: 120%;\"><strong><img loading=\"lazy\" decoding=\"async\" class=\"alignnone wp-image-12531\" src=\"https:\/\/www.glsgaraj.com\/wp-content\/uploads\/2021\/06\/konuiciikon.png\" alt=\"\" width=\"18\" height=\"19\" \/> Kullan\u0131ld\u0131\u011f\u0131 Yerler<\/strong><\/span><\/p>\n<p>4 rafl\u0131, 3 \u00e7ekmeceli ask\u0131 sacl\u0131 avadanl\u0131k kutulu malzeme dolaplar\u0131; at\u00f6lye ve fabrika alanlar\u0131nda, hobi at\u00f6lyelerinde; e\u015fya ve malzeme yedek par\u00e7alar\u0131n muhafaza edilip depolanmas\u0131nda kullan\u0131l\u0131r.<\/p>\n<p><span style=\"font-size: 120%;\"><strong><img loading=\"lazy\" decoding=\"async\" class=\"alignnone wp-image-12531\" src=\"https:\/\/www.glsgaraj.com\/wp-content\/uploads\/2021\/06\/konuiciikon.png\" alt=\"\" width=\"18\" height=\"19\" \/> \u00dcr\u00fcn Avantajlar\u0131<\/strong><\/span><\/p>\n<p>Ask\u0131 panolu, 4 rafl\u0131, 3 \u00e7ekmeceli malzeme dolab\u0131m\u0131z\u0131n raflar\u0131 galvaniz sacdan boyas\u0131z ve ekstra takviyeli olarak \u00fcretilmektedir. Raflar\u0131n galvaniz sacdan boyas\u0131z \u00fcretilmesi, aktif kullan\u0131lan bu alanlarda boya deformasyonunun \u00f6n\u00fcne ge\u00e7ilmesini sa\u011flamaktad\u0131r. Ask\u0131 panolu malzeme dolab\u0131 raflar\u0131n\u0131n kaynakl\u0131 olmamas\u0131 ve malzemeye g\u00f6re ayarlanabilir olmas\u0131, kap\u0131lar\u0131n\u0131n kilitlenebilir olmas\u0131, raflar\u0131n\u0131n y\u00fcksek ta\u015f\u0131ma kapasitene sahip olmas\u0131, ta\u015f\u0131ma kapasitesinin y\u00fcksek ve fonksiyonel olmas\u0131 ile di\u011fer benzer \u00fcr\u00fcnlere g\u00f6re fiyat ve kalite avantaj\u0131 bulunmaktad\u0131r. Dolap raflar\u0131m\u0131z, kat ba\u015f\u0131na (yayg\u0131n y\u00fckte) 75 kg ta\u015f\u0131ma kapasitesine sahiptir. Dolap i\u00e7erisinde bulunan tak\u0131m asma panosu ve avadanl\u0131k kutular\u0131 sayesinde dolab\u0131m\u0131z \u00e7ok ama\u00e7l\u0131 kullanabilirsiniz.<\/p>\n<\/div>\n","protected":false},"excerpt":{"rendered":"<p>Malzeme Dolab\u0131 4 Rafl\u0131 3 \u00c7ekmeceli Ask\u0131 Sacl\u0131 Avadanl\u0131k Kutulu 6280 Teknik \u00d6zellikler 4 rafl\u0131, 3 \u00e7ekmeceli ask\u0131 sacl\u0131 avadanl\u0131k kutulu malzeme dolab\u0131, 0,8 mm dkp sacdan kaynakl\u0131 sa\u011flam \u00e7elik konstr\u00fcksiyonlu, elektrostatik toz boyal\u0131 olarak \u00fcretilmektedir. Ask\u0131 sacl\u0131 avadanl\u0131k kutulu malzeme dolab\u0131n\u0131n i\u00e7inde dikine 4 adet raf k\u0131lavuz dikmeleri bulunmaktad\u0131r. Rafl\u0131 ve \u00e7ekmeceli ask\u0131 sacl\u0131<\/p>\n","protected":false},"featured_media":15266,"comment_status":"closed","ping_status":"open","template":"","meta":[],"product_brand":[],"product_cat":[1415,1410],"product_tag":[],"class_list":{"0":"post-15265","1":"product","2":"type-product","3":"status-publish","4":"has-post-thumbnail","6":"product_cat-malzeme-dolaplari","7":"product_cat-metal-esyalar","9":"first","10":"instock","11":"product-type-simple"},"yoast_head":"<!-- This site is optimized with the Yoast SEO plugin v27.6 - https:\/\/yoast.com\/product\/yoast-seo-wordpress\/ -->\n<title>Malzeme Dolab\u0131 4 Rafl\u0131 3 \u00c7ekmeceli Ask\u0131 Sacl\u0131 Avadanl\u0131k Kutulu 6280 - G\u00fclersan Ya\u011flama Cihazlar\u0131<\/title>\n<meta name=\"robots\" content=\"index, follow, max-snippet:-1, max-image-preview:large, max-video-preview:-1\" \/>\n<link rel=\"canonical\" href=\"https:\/\/www.gulersan.com\/en\/urun\/malzeme-dolabi-4-rafli-3-cekmeceli-aski-sacli-avadanlik-kutulu-6280\/\" \/>\n<meta property=\"og:locale\" content=\"en_US\" \/>\n<meta property=\"og:type\" content=\"article\" \/>\n<meta property=\"og:title\" content=\"Malzeme Dolab\u0131 4 Rafl\u0131 3 \u00c7ekmeceli Ask\u0131 Sacl\u0131 Avadanl\u0131k Kutulu 6280 - G\u00fclersan Ya\u011flama Cihazlar\u0131\" \/>\n<meta property=\"og:description\" content=\"Malzeme Dolab\u0131 4 Rafl\u0131 3 \u00c7ekmeceli Ask\u0131 Sacl\u0131 Avadanl\u0131k Kutulu 6280 Teknik \u00d6zellikler 4 rafl\u0131, 3 \u00e7ekmeceli ask\u0131 sacl\u0131 avadanl\u0131k kutulu malzeme dolab\u0131, 0,8 mm dkp sacdan kaynakl\u0131 sa\u011flam \u00e7elik konstr\u00fcksiyonlu, elektrostatik toz boyal\u0131 olarak \u00fcretilmektedir. Ask\u0131 sacl\u0131 avadanl\u0131k kutulu malzeme dolab\u0131n\u0131n i\u00e7inde dikine 4 adet raf k\u0131lavuz dikmeleri bulunmaktad\u0131r. Rafl\u0131 ve \u00e7ekmeceli ask\u0131 sacl\u0131\" \/>\n<meta property=\"og:url\" content=\"https:\/\/www.gulersan.com\/en\/urun\/malzeme-dolabi-4-rafli-3-cekmeceli-aski-sacli-avadanlik-kutulu-6280\/\" \/>\n<meta property=\"og:site_name\" content=\"G\u00fclersan Ya\u011flama Cihazlar\u0131\" \/>\n<meta property=\"article:modified_time\" content=\"2026-05-05T13:05:39+00:00\" \/>\n<meta property=\"og:image\" content=\"https:\/\/www.gulersan.com\/wp-content\/uploads\/2026\/05\/gls-6280-malzeme-dolabi-5-rafli-3-cekmeceli1-450x450h.jpg\" \/>\n\t<meta property=\"og:image:width\" content=\"500\" \/>\n\t<meta property=\"og:image:height\" content=\"500\" \/>\n\t<meta property=\"og:image:type\" content=\"image\/jpeg\" \/>\n<meta name=\"twitter:card\" content=\"summary_large_image\" \/>\n<meta name=\"twitter:label1\" content=\"Est. reading time\" \/>\n\t<meta name=\"twitter:data1\" content=\"2 minutes\" \/>\n<script type=\"application\/ld+json\" class=\"yoast-schema-graph\">{\"@context\":\"https:\\\/\\\/schema.org\",\"@graph\":[{\"@type\":\"WebPage\",\"@id\":\"https:\\\/\\\/www.gulersan.com\\\/en\\\/urun\\\/malzeme-dolabi-4-rafli-3-cekmeceli-aski-sacli-avadanlik-kutulu-6280\\\/\",\"url\":\"https:\\\/\\\/www.gulersan.com\\\/en\\\/urun\\\/malzeme-dolabi-4-rafli-3-cekmeceli-aski-sacli-avadanlik-kutulu-6280\\\/\",\"name\":\"Malzeme Dolab\u0131 4 Rafl\u0131 3 \u00c7ekmeceli Ask\u0131 Sacl\u0131 Avadanl\u0131k Kutulu 6280 - G\u00fclersan Ya\u011flama Cihazlar\u0131\",\"isPartOf\":{\"@id\":\"https:\\\/\\\/www.gulersan.com\\\/en\\\/#website\"},\"primaryImageOfPage\":{\"@id\":\"https:\\\/\\\/www.gulersan.com\\\/en\\\/urun\\\/malzeme-dolabi-4-rafli-3-cekmeceli-aski-sacli-avadanlik-kutulu-6280\\\/#primaryimage\"},\"image\":{\"@id\":\"https:\\\/\\\/www.gulersan.com\\\/en\\\/urun\\\/malzeme-dolabi-4-rafli-3-cekmeceli-aski-sacli-avadanlik-kutulu-6280\\\/#primaryimage\"},\"thumbnailUrl\":\"https:\\\/\\\/www.gulersan.com\\\/wp-content\\\/uploads\\\/2026\\\/05\\\/gls-6280-malzeme-dolabi-5-rafli-3-cekmeceli1-450x450h.jpg\",\"datePublished\":\"2026-05-05T13:05:28+00:00\",\"dateModified\":\"2026-05-05T13:05:39+00:00\",\"breadcrumb\":{\"@id\":\"https:\\\/\\\/www.gulersan.com\\\/en\\\/urun\\\/malzeme-dolabi-4-rafli-3-cekmeceli-aski-sacli-avadanlik-kutulu-6280\\\/#breadcrumb\"},\"inLanguage\":\"en-US\",\"potentialAction\":[{\"@type\":\"ReadAction\",\"target\":[\"https:\\\/\\\/www.gulersan.com\\\/en\\\/urun\\\/malzeme-dolabi-4-rafli-3-cekmeceli-aski-sacli-avadanlik-kutulu-6280\\\/\"]}]},{\"@type\":\"ImageObject\",\"inLanguage\":\"en-US\",\"@id\":\"https:\\\/\\\/www.gulersan.com\\\/en\\\/urun\\\/malzeme-dolabi-4-rafli-3-cekmeceli-aski-sacli-avadanlik-kutulu-6280\\\/#primaryimage\",\"url\":\"https:\\\/\\\/www.gulersan.com\\\/wp-content\\\/uploads\\\/2026\\\/05\\\/gls-6280-malzeme-dolabi-5-rafli-3-cekmeceli1-450x450h.jpg\",\"contentUrl\":\"https:\\\/\\\/www.gulersan.com\\\/wp-content\\\/uploads\\\/2026\\\/05\\\/gls-6280-malzeme-dolabi-5-rafli-3-cekmeceli1-450x450h.jpg\",\"width\":500,\"height\":500},{\"@type\":\"BreadcrumbList\",\"@id\":\"https:\\\/\\\/www.gulersan.com\\\/en\\\/urun\\\/malzeme-dolabi-4-rafli-3-cekmeceli-aski-sacli-avadanlik-kutulu-6280\\\/#breadcrumb\",\"itemListElement\":[{\"@type\":\"ListItem\",\"position\":1,\"name\":\"Anasayfa\",\"item\":\"https:\\\/\\\/www.gulersan.com\\\/en\\\/\"},{\"@type\":\"ListItem\",\"position\":2,\"name\":\"\\\/\",\"item\":\"https:\\\/\\\/www.gulersan.com\\\/shop\\\/\"},{\"@type\":\"ListItem\",\"position\":3,\"name\":\"GLS Garaj Ekipmanlar\u0131\",\"item\":\"https:\\\/\\\/www.gulersan.com\\\/en\\\/urun-kategori\\\/gls-garaj-ekipmanlari\\\/\"},{\"@type\":\"ListItem\",\"position\":4,\"name\":\"Metal E\u015fyalar\",\"item\":\"https:\\\/\\\/www.gulersan.com\\\/en\\\/urun-kategori\\\/gls-garaj-ekipmanlari\\\/metal-esyalar\\\/\"},{\"@type\":\"ListItem\",\"position\":5,\"name\":\"Malzeme Dolaplar\u0131\",\"item\":\"https:\\\/\\\/www.gulersan.com\\\/en\\\/urun-kategori\\\/gls-garaj-ekipmanlari\\\/metal-esyalar\\\/malzeme-dolaplari\\\/\"},{\"@type\":\"ListItem\",\"position\":6,\"name\":\"Malzeme Dolab\u0131 4 Rafl\u0131 3 \u00c7ekmeceli Ask\u0131 Sacl\u0131 Avadanl\u0131k Kutulu 6280\"}]},{\"@type\":\"WebSite\",\"@id\":\"https:\\\/\\\/www.gulersan.com\\\/en\\\/#website\",\"url\":\"https:\\\/\\\/www.gulersan.com\\\/en\\\/\",\"name\":\"G\u00fclersan Ya\u011flama Cihazlar\u0131\",\"description\":\"Ya\u011flama Makinesi | Haval\u0131 Gres Pompas\u0131 | Ya\u011flama Pompas\u0131 | Ya\u011f \u00c7ekme Pompas\u0131\",\"publisher\":{\"@id\":\"https:\\\/\\\/www.gulersan.com\\\/en\\\/#organization\"},\"potentialAction\":[{\"@type\":\"SearchAction\",\"target\":{\"@type\":\"EntryPoint\",\"urlTemplate\":\"https:\\\/\\\/www.gulersan.com\\\/en\\\/?s={search_term_string}\"},\"query-input\":{\"@type\":\"PropertyValueSpecification\",\"valueRequired\":true,\"valueName\":\"search_term_string\"}}],\"inLanguage\":\"en-US\"},{\"@type\":\"Organization\",\"@id\":\"https:\\\/\\\/www.gulersan.com\\\/en\\\/#organization\",\"name\":\"G\u00fclersan Ya\u011flama Cihazlar\u0131\",\"url\":\"https:\\\/\\\/www.gulersan.com\\\/en\\\/\",\"logo\":{\"@type\":\"ImageObject\",\"inLanguage\":\"en-US\",\"@id\":\"https:\\\/\\\/www.gulersan.com\\\/en\\\/#\\\/schema\\\/logo\\\/image\\\/\",\"url\":\"https:\\\/\\\/www.gulersan.com\\\/wp-content\\\/uploads\\\/2021\\\/01\\\/gulersan-logo-tr.png\",\"contentUrl\":\"https:\\\/\\\/www.gulersan.com\\\/wp-content\\\/uploads\\\/2021\\\/01\\\/gulersan-logo-tr.png\",\"width\":1242,\"height\":302,\"caption\":\"G\u00fclersan Ya\u011flama Cihazlar\u0131\"},\"image\":{\"@id\":\"https:\\\/\\\/www.gulersan.com\\\/en\\\/#\\\/schema\\\/logo\\\/image\\\/\"}}]}<\/script>\n<!-- \/ Yoast SEO plugin. -->","yoast_head_json":{"title":"Malzeme Dolab\u0131 4 Rafl\u0131 3 \u00c7ekmeceli Ask\u0131 Sacl\u0131 Avadanl\u0131k Kutulu 6280 - G\u00fclersan Ya\u011flama Cihazlar\u0131","robots":{"index":"index","follow":"follow","max-snippet":"max-snippet:-1","max-image-preview":"max-image-preview:large","max-video-preview":"max-video-preview:-1"},"canonical":"https:\/\/www.gulersan.com\/en\/urun\/malzeme-dolabi-4-rafli-3-cekmeceli-aski-sacli-avadanlik-kutulu-6280\/","og_locale":"en_US","og_type":"article","og_title":"Malzeme Dolab\u0131 4 Rafl\u0131 3 \u00c7ekmeceli Ask\u0131 Sacl\u0131 Avadanl\u0131k Kutulu 6280 - G\u00fclersan Ya\u011flama Cihazlar\u0131","og_description":"Malzeme Dolab\u0131 4 Rafl\u0131 3 \u00c7ekmeceli Ask\u0131 Sacl\u0131 Avadanl\u0131k Kutulu 6280 Teknik \u00d6zellikler 4 rafl\u0131, 3 \u00e7ekmeceli ask\u0131 sacl\u0131 avadanl\u0131k kutulu malzeme dolab\u0131, 0,8 mm dkp sacdan kaynakl\u0131 sa\u011flam \u00e7elik konstr\u00fcksiyonlu, elektrostatik toz boyal\u0131 olarak \u00fcretilmektedir. Ask\u0131 sacl\u0131 avadanl\u0131k kutulu malzeme dolab\u0131n\u0131n i\u00e7inde dikine 4 adet raf k\u0131lavuz dikmeleri bulunmaktad\u0131r. Rafl\u0131 ve \u00e7ekmeceli ask\u0131 sacl\u0131","og_url":"https:\/\/www.gulersan.com\/en\/urun\/malzeme-dolabi-4-rafli-3-cekmeceli-aski-sacli-avadanlik-kutulu-6280\/","og_site_name":"G\u00fclersan Ya\u011flama Cihazlar\u0131","article_modified_time":"2026-05-05T13:05:39+00:00","og_image":[{"width":500,"height":500,"url":"https:\/\/www.gulersan.com\/wp-content\/uploads\/2026\/05\/gls-6280-malzeme-dolabi-5-rafli-3-cekmeceli1-450x450h.jpg","type":"image\/jpeg"}],"twitter_card":"summary_large_image","twitter_misc":{"Est. reading time":"2 minutes"},"schema":{"@context":"https:\/\/schema.org","@graph":[{"@type":"WebPage","@id":"https:\/\/www.gulersan.com\/en\/urun\/malzeme-dolabi-4-rafli-3-cekmeceli-aski-sacli-avadanlik-kutulu-6280\/","url":"https:\/\/www.gulersan.com\/en\/urun\/malzeme-dolabi-4-rafli-3-cekmeceli-aski-sacli-avadanlik-kutulu-6280\/","name":"Malzeme Dolab\u0131 4 Rafl\u0131 3 \u00c7ekmeceli Ask\u0131 Sacl\u0131 Avadanl\u0131k Kutulu 6280 - G\u00fclersan Ya\u011flama Cihazlar\u0131","isPartOf":{"@id":"https:\/\/www.gulersan.com\/en\/#website"},"primaryImageOfPage":{"@id":"https:\/\/www.gulersan.com\/en\/urun\/malzeme-dolabi-4-rafli-3-cekmeceli-aski-sacli-avadanlik-kutulu-6280\/#primaryimage"},"image":{"@id":"https:\/\/www.gulersan.com\/en\/urun\/malzeme-dolabi-4-rafli-3-cekmeceli-aski-sacli-avadanlik-kutulu-6280\/#primaryimage"},"thumbnailUrl":"https:\/\/www.gulersan.com\/wp-content\/uploads\/2026\/05\/gls-6280-malzeme-dolabi-5-rafli-3-cekmeceli1-450x450h.jpg","datePublished":"2026-05-05T13:05:28+00:00","dateModified":"2026-05-05T13:05:39+00:00","breadcrumb":{"@id":"https:\/\/www.gulersan.com\/en\/urun\/malzeme-dolabi-4-rafli-3-cekmeceli-aski-sacli-avadanlik-kutulu-6280\/#breadcrumb"},"inLanguage":"en-US","potentialAction":[{"@type":"ReadAction","target":["https:\/\/www.gulersan.com\/en\/urun\/malzeme-dolabi-4-rafli-3-cekmeceli-aski-sacli-avadanlik-kutulu-6280\/"]}]},{"@type":"ImageObject","inLanguage":"en-US","@id":"https:\/\/www.gulersan.com\/en\/urun\/malzeme-dolabi-4-rafli-3-cekmeceli-aski-sacli-avadanlik-kutulu-6280\/#primaryimage","url":"https:\/\/www.gulersan.com\/wp-content\/uploads\/2026\/05\/gls-6280-malzeme-dolabi-5-rafli-3-cekmeceli1-450x450h.jpg","contentUrl":"https:\/\/www.gulersan.com\/wp-content\/uploads\/2026\/05\/gls-6280-malzeme-dolabi-5-rafli-3-cekmeceli1-450x450h.jpg","width":500,"height":500},{"@type":"BreadcrumbList","@id":"https:\/\/www.gulersan.com\/en\/urun\/malzeme-dolabi-4-rafli-3-cekmeceli-aski-sacli-avadanlik-kutulu-6280\/#breadcrumb","itemListElement":[{"@type":"ListItem","position":1,"name":"Anasayfa","item":"https:\/\/www.gulersan.com\/en\/"},{"@type":"ListItem","position":2,"name":"\/","item":"https:\/\/www.gulersan.com\/shop\/"},{"@type":"ListItem","position":3,"name":"GLS Garaj Ekipmanlar\u0131","item":"https:\/\/www.gulersan.com\/en\/urun-kategori\/gls-garaj-ekipmanlari\/"},{"@type":"ListItem","position":4,"name":"Metal E\u015fyalar","item":"https:\/\/www.gulersan.com\/en\/urun-kategori\/gls-garaj-ekipmanlari\/metal-esyalar\/"},{"@type":"ListItem","position":5,"name":"Malzeme Dolaplar\u0131","item":"https:\/\/www.gulersan.com\/en\/urun-kategori\/gls-garaj-ekipmanlari\/metal-esyalar\/malzeme-dolaplari\/"},{"@type":"ListItem","position":6,"name":"Malzeme Dolab\u0131 4 Rafl\u0131 3 \u00c7ekmeceli Ask\u0131 Sacl\u0131 Avadanl\u0131k Kutulu 6280"}]},{"@type":"WebSite","@id":"https:\/\/www.gulersan.com\/en\/#website","url":"https:\/\/www.gulersan.com\/en\/","name":"G\u00fclersan Ya\u011flama Cihazlar\u0131","description":"Ya\u011flama Makinesi | Haval\u0131 Gres Pompas\u0131 | Ya\u011flama Pompas\u0131 | Ya\u011f \u00c7ekme Pompas\u0131","publisher":{"@id":"https:\/\/www.gulersan.com\/en\/#organization"},"potentialAction":[{"@type":"SearchAction","target":{"@type":"EntryPoint","urlTemplate":"https:\/\/www.gulersan.com\/en\/?s={search_term_string}"},"query-input":{"@type":"PropertyValueSpecification","valueRequired":true,"valueName":"search_term_string"}}],"inLanguage":"en-US"},{"@type":"Organization","@id":"https:\/\/www.gulersan.com\/en\/#organization","name":"G\u00fclersan Ya\u011flama Cihazlar\u0131","url":"https:\/\/www.gulersan.com\/en\/","logo":{"@type":"ImageObject","inLanguage":"en-US","@id":"https:\/\/www.gulersan.com\/en\/#\/schema\/logo\/image\/","url":"https:\/\/www.gulersan.com\/wp-content\/uploads\/2021\/01\/gulersan-logo-tr.png","contentUrl":"https:\/\/www.gulersan.com\/wp-content\/uploads\/2021\/01\/gulersan-logo-tr.png","width":1242,"height":302,"caption":"G\u00fclersan Ya\u011flama Cihazlar\u0131"},"image":{"@id":"https:\/\/www.gulersan.com\/en\/#\/schema\/logo\/image\/"}}]}},"_links":{"self":[{"href":"https:\/\/www.gulersan.com\/en\/wp-json\/wp\/v2\/product\/15265","targetHints":{"allow":["GET"]}}],"collection":[{"href":"https:\/\/www.gulersan.com\/en\/wp-json\/wp\/v2\/product"}],"about":[{"href":"https:\/\/www.gulersan.com\/en\/wp-json\/wp\/v2\/types\/product"}],"replies":[{"embeddable":true,"href":"https:\/\/www.gulersan.com\/en\/wp-json\/wp\/v2\/comments?post=15265"}],"wp:featuredmedia":[{"embeddable":true,"href":"https:\/\/www.gulersan.com\/en\/wp-json\/wp\/v2\/media\/15266"}],"wp:attachment":[{"href":"https:\/\/www.gulersan.com\/en\/wp-json\/wp\/v2\/media?parent=15265"}],"wp:term":[{"taxonomy":"product_brand","embeddable":true,"href":"https:\/\/www.gulersan.com\/en\/wp-json\/wp\/v2\/product_brand?post=15265"},{"taxonomy":"product_cat","embeddable":true,"href":"https:\/\/www.gulersan.com\/en\/wp-json\/wp\/v2\/product_cat?post=15265"},{"taxonomy":"product_tag","embeddable":true,"href":"https:\/\/www.gulersan.com\/en\/wp-json\/wp\/v2\/product_tag?post=15265"}],"curies":[{"name":"wp","href":"https:\/\/api.w.org\/{rel}","templated":true}]}}