{"id":15279,"date":"2026-05-05T16:05:52","date_gmt":"2026-05-05T13:05:52","guid":{"rendered":"https:\/\/www.gulersan.com\/urun\/malzeme-dolabi-4-rafli-pleksi-surgu-kapili-6550\/"},"modified":"2026-05-05T16:05:56","modified_gmt":"2026-05-05T13:05:56","slug":"malzeme-dolabi-4-rafli-pleksi-surgu-kapili-6550","status":"publish","type":"product","link":"https:\/\/www.gulersan.com\/en\/urun\/malzeme-dolabi-4-rafli-pleksi-surgu-kapili-6550\/","title":{"rendered":"Malzeme Dolab\u0131 4 Rafl\u0131 Pleksi S\u00fcrg\u00fc Kap\u0131l\u0131 6550"},"content":{"rendered":"<h2 style=\"text-align: left;\"><span style=\"color: #000080;\"><strong>Malzeme Dolab\u0131 4 Rafl\u0131 Pleksi S\u00fcrg\u00fc Kap\u0131l\u0131 6550<\/strong><\/span><\/h2>\n<div>\n<p><span style=\"font-size: 120%;\"><strong><img loading=\"lazy\" decoding=\"async\" class=\"alignnone wp-image-12531\" src=\"https:\/\/www.glsgaraj.com\/wp-content\/uploads\/2021\/06\/konuiciikon.png\" alt=\"\" width=\"18\" height=\"19\" \/> Teknik \u00d6zellikler<\/strong><\/span><\/p>\n<p>4 rafl\u0131, pleksi s\u00fcrg\u00fc kap\u0131l\u0131 dolaplar\u0131n i\u00e7inde dikine 4 adet raf k\u0131lavuz dikmeleri vard\u0131r. Kaynakl\u0131 sa\u011flam \u00e7elik konstr\u00fcksiyonlu, elektrostatik toz boyal\u0131 yar\u0131m kanat kap\u0131l\u0131 malzeme dolab\u0131n\u0131n i\u00e7inde dikine 4 adet raf k\u0131lavuz dikmeleri bulunmaktad\u0131r. Kaynakl\u0131 sa\u011flam \u00e7elik konstr\u00fcksiyonlu olup 0,80 mm \u00e7elik sacdan \u00fcretilmi\u015ftir. Pleksi s\u00fcrg\u00fc kap\u0131l\u0131 dolaplar, zemine ayarl\u0131 M12 rotil takozlar vard\u0131r. Rafl\u0131, pleksi s\u00fcrg\u00fc kap\u0131l\u0131 dolaplar\u0131n kap\u0131lar\u0131nda g\u00f6mme tutamak, kulp ve kilitlenebilme \u00f6zelli\u011fi vard\u0131r.<\/p>\n<table style=\"width: 100%; height: 274px;\" bgcolor=\"whitesmoke\">\n<tbody>\n<tr>\n<td style=\"height: 1px;\" colspan=\"4\" bgcolor=\"white\"><img loading=\"lazy\" decoding=\"async\" class=\"alignnone wp-image-4888\" style=\"color: #555555; font-size: 14.4px; background-color: #ffffff;\" src=\"https:\/\/www.gulersan.com\/wp-content\/uploads\/2020\/12\/cizgi.jpg\" alt=\"\" width=\"1454\" height=\"12\" srcset=\"https:\/\/www.gulersan.com\/wp-content\/uploads\/2020\/12\/cizgi.jpg 606w, https:\/\/www.gulersan.com\/wp-content\/uploads\/2020\/12\/cizgi-510x4.jpg 510w\" sizes=\"auto, (max-width: 1454px) 100vw, 1454px\" \/><\/td>\n<\/tr>\n<tr>\n<td><span style=\"font-size: 120%;\"><strong>\u00a0 \u00a0 \u00a0 En<\/strong><\/span><\/td>\n<td><\/td>\n<td style=\"text-align: right;\"><span style=\"font-size: 120%;\">1200 Mm\u00a0 \u00a0 \u00a0 \u00a0\u00a0<\/span><\/td>\n<\/tr>\n<tr>\n<td><span style=\"font-size: 120%;\"><strong>\u00a0 \u00a0 \u00a0 Derinlik<\/strong><\/span><\/td>\n<td><\/td>\n<td style=\"text-align: right;\"><span style=\"font-size: 120%;\">400 Mm\u00a0 \u00a0 \u00a0 \u00a0\u00a0<\/span><\/td>\n<\/tr>\n<tr>\n<td><span style=\"font-size: 120%;\"><strong>\u00a0 \u00a0 \u00a0 Y\u00fckseklik<\/strong><\/span><\/td>\n<td><\/td>\n<td style=\"text-align: right;\"><span style=\"font-size: 120%;\">1950 Mm\u00a0 \u00a0 \u00a0 \u00a0\u00a0<\/span><\/td>\n<\/tr>\n<tr>\n<td><span style=\"font-size: 120%;\"><strong>\u00a0 \u00a0 \u00a0 Renk<\/strong><\/span><\/td>\n<td><\/td>\n<td style=\"text-align: right;\"><span style=\"font-size: 120%;\">Ral 5015\u00a0 \u00a0 \u00a0 \u00a0\u00a0<\/span><\/td>\n<\/tr>\n<\/tbody>\n<\/table>\n<p>&nbsp;<\/p>\n<p><span style=\"font-size: 120%;\"><strong><img loading=\"lazy\" decoding=\"async\" class=\"alignnone wp-image-12531\" src=\"https:\/\/www.glsgaraj.com\/wp-content\/uploads\/2021\/06\/konuiciikon.png\" alt=\"\" width=\"18\" height=\"19\" \/> Kullan\u0131ld\u0131\u011f\u0131 Yerler<\/strong><\/span><\/p>\n<p>S\u00fcrg\u00fc kap\u0131l\u0131 dolaplar, at\u00f6lye ve fabrika alanlar\u0131nda malzeme ve yedek par\u00e7alar\u0131n muhafaza edilip depolanmas\u0131nda, klas\u00f6r ve ar\u015fiv dolab\u0131 olarak kullan\u0131l\u0131r. \u0130htiyaca g\u00f6re avadanl\u0131k kutular\u0131 ile kullanma imkan\u0131 vard\u0131r<\/p>\n<p><span style=\"font-size: 120%;\"><strong><img loading=\"lazy\" decoding=\"async\" class=\"alignnone wp-image-12531\" src=\"https:\/\/www.glsgaraj.com\/wp-content\/uploads\/2021\/06\/konuiciikon.png\" alt=\"\" width=\"18\" height=\"19\" \/> \u00dcr\u00fcn Avantajlar\u0131<\/strong><\/span><\/p>\n<p>\u015eeffaf pleksi kap\u0131l\u0131 s\u00fcrg\u00fc kap\u0131l\u0131 dolab\u0131m\u0131z, dar mekanlarda kap\u0131 a\u00e7ma mesafesi olmayan yerler i\u00e7in son derece kullan\u0131\u015fl\u0131 ve ergonomiktir. Raflar\u0131n galvaniz sacdan boyas\u0131z \u00fcretilmesi, aktif kullan\u0131lan bu alanlarda boya deformasyonunun \u00f6n\u00fcne ge\u00e7ilmesini sa\u011flamaktad\u0131r. Raflar\u0131n\u0131n kaynakl\u0131 olmamas\u0131 ve malzemeye g\u00f6re ayarlanabilir olmas\u0131, kap\u0131lar\u0131n\u0131n kilitlenebilir olmas\u0131, raflar\u0131n\u0131n y\u00fcksek ta\u015f\u0131ma kapasitesine sahip olmas\u0131, ta\u015f\u0131ma kapasitesinin y\u00fcksek ve fonksiyonel olmas\u0131 ile di\u011fer benzer \u00fcr\u00fcnlere g\u00f6re fiyat ve kalite avantaj\u0131 bulunmaktad\u0131r. Dolap raflar\u0131m\u0131z, kat ba\u015f\u0131na (yayg\u0131n y\u00fckte) 75 kg ta\u015f\u0131ma kapasitesine sahiptir.<\/p>\n<\/div>\n","protected":false},"excerpt":{"rendered":"<p>Malzeme Dolab\u0131 4 Rafl\u0131 Pleksi S\u00fcrg\u00fc Kap\u0131l\u0131 6550 Teknik \u00d6zellikler 4 rafl\u0131, pleksi s\u00fcrg\u00fc kap\u0131l\u0131 dolaplar\u0131n i\u00e7inde dikine 4 adet raf k\u0131lavuz dikmeleri vard\u0131r. Kaynakl\u0131 sa\u011flam \u00e7elik konstr\u00fcksiyonlu, elektrostatik toz boyal\u0131 yar\u0131m kanat kap\u0131l\u0131 malzeme dolab\u0131n\u0131n i\u00e7inde dikine 4 adet raf k\u0131lavuz dikmeleri bulunmaktad\u0131r. Kaynakl\u0131 sa\u011flam \u00e7elik konstr\u00fcksiyonlu olup 0,80 mm \u00e7elik sacdan \u00fcretilmi\u015ftir. Pleksi<\/p>\n","protected":false},"featured_media":15280,"comment_status":"closed","ping_status":"open","template":"","meta":[],"product_brand":[],"product_cat":[1415,1410],"product_tag":[],"class_list":{"0":"post-15279","1":"product","2":"type-product","3":"status-publish","4":"has-post-thumbnail","6":"product_cat-malzeme-dolaplari","7":"product_cat-metal-esyalar","9":"first","10":"instock","11":"product-type-simple"},"yoast_head":"<!-- This site is optimized with the Yoast SEO plugin v27.6 - https:\/\/yoast.com\/product\/yoast-seo-wordpress\/ -->\n<title>Malzeme Dolab\u0131 4 Rafl\u0131 Pleksi S\u00fcrg\u00fc Kap\u0131l\u0131 6550 - G\u00fclersan Ya\u011flama Cihazlar\u0131<\/title>\n<meta name=\"robots\" content=\"index, follow, max-snippet:-1, max-image-preview:large, max-video-preview:-1\" \/>\n<link rel=\"canonical\" href=\"https:\/\/www.gulersan.com\/en\/urun\/malzeme-dolabi-4-rafli-pleksi-surgu-kapili-6550\/\" \/>\n<meta property=\"og:locale\" content=\"en_US\" \/>\n<meta property=\"og:type\" content=\"article\" \/>\n<meta property=\"og:title\" content=\"Malzeme Dolab\u0131 4 Rafl\u0131 Pleksi S\u00fcrg\u00fc Kap\u0131l\u0131 6550 - G\u00fclersan Ya\u011flama Cihazlar\u0131\" \/>\n<meta property=\"og:description\" content=\"Malzeme Dolab\u0131 4 Rafl\u0131 Pleksi S\u00fcrg\u00fc Kap\u0131l\u0131 6550 Teknik \u00d6zellikler 4 rafl\u0131, pleksi s\u00fcrg\u00fc kap\u0131l\u0131 dolaplar\u0131n i\u00e7inde dikine 4 adet raf k\u0131lavuz dikmeleri vard\u0131r. Kaynakl\u0131 sa\u011flam \u00e7elik konstr\u00fcksiyonlu, elektrostatik toz boyal\u0131 yar\u0131m kanat kap\u0131l\u0131 malzeme dolab\u0131n\u0131n i\u00e7inde dikine 4 adet raf k\u0131lavuz dikmeleri bulunmaktad\u0131r. Kaynakl\u0131 sa\u011flam \u00e7elik konstr\u00fcksiyonlu olup 0,80 mm \u00e7elik sacdan \u00fcretilmi\u015ftir. Pleksi\" \/>\n<meta property=\"og:url\" content=\"https:\/\/www.gulersan.com\/en\/urun\/malzeme-dolabi-4-rafli-pleksi-surgu-kapili-6550\/\" \/>\n<meta property=\"og:site_name\" content=\"G\u00fclersan Ya\u011flama Cihazlar\u0131\" \/>\n<meta property=\"article:modified_time\" content=\"2026-05-05T13:05:56+00:00\" \/>\n<meta property=\"og:image\" content=\"https:\/\/www.gulersan.com\/wp-content\/uploads\/2026\/05\/gls-6550-malzeme-dolabi-4-rafli-pleksi-surgu-kapili1-450x450h.jpg\" \/>\n\t<meta property=\"og:image:width\" content=\"500\" \/>\n\t<meta property=\"og:image:height\" content=\"500\" \/>\n\t<meta property=\"og:image:type\" content=\"image\/jpeg\" \/>\n<meta name=\"twitter:card\" content=\"summary_large_image\" \/>\n<meta name=\"twitter:label1\" content=\"Est. reading time\" \/>\n\t<meta name=\"twitter:data1\" content=\"1 minute\" \/>\n<script type=\"application\/ld+json\" class=\"yoast-schema-graph\">{\"@context\":\"https:\\\/\\\/schema.org\",\"@graph\":[{\"@type\":\"WebPage\",\"@id\":\"https:\\\/\\\/www.gulersan.com\\\/en\\\/urun\\\/malzeme-dolabi-4-rafli-pleksi-surgu-kapili-6550\\\/\",\"url\":\"https:\\\/\\\/www.gulersan.com\\\/en\\\/urun\\\/malzeme-dolabi-4-rafli-pleksi-surgu-kapili-6550\\\/\",\"name\":\"Malzeme Dolab\u0131 4 Rafl\u0131 Pleksi S\u00fcrg\u00fc Kap\u0131l\u0131 6550 - G\u00fclersan Ya\u011flama Cihazlar\u0131\",\"isPartOf\":{\"@id\":\"https:\\\/\\\/www.gulersan.com\\\/en\\\/#website\"},\"primaryImageOfPage\":{\"@id\":\"https:\\\/\\\/www.gulersan.com\\\/en\\\/urun\\\/malzeme-dolabi-4-rafli-pleksi-surgu-kapili-6550\\\/#primaryimage\"},\"image\":{\"@id\":\"https:\\\/\\\/www.gulersan.com\\\/en\\\/urun\\\/malzeme-dolabi-4-rafli-pleksi-surgu-kapili-6550\\\/#primaryimage\"},\"thumbnailUrl\":\"https:\\\/\\\/www.gulersan.com\\\/wp-content\\\/uploads\\\/2026\\\/05\\\/gls-6550-malzeme-dolabi-4-rafli-pleksi-surgu-kapili1-450x450h.jpg\",\"datePublished\":\"2026-05-05T13:05:52+00:00\",\"dateModified\":\"2026-05-05T13:05:56+00:00\",\"breadcrumb\":{\"@id\":\"https:\\\/\\\/www.gulersan.com\\\/en\\\/urun\\\/malzeme-dolabi-4-rafli-pleksi-surgu-kapili-6550\\\/#breadcrumb\"},\"inLanguage\":\"en-US\",\"potentialAction\":[{\"@type\":\"ReadAction\",\"target\":[\"https:\\\/\\\/www.gulersan.com\\\/en\\\/urun\\\/malzeme-dolabi-4-rafli-pleksi-surgu-kapili-6550\\\/\"]}]},{\"@type\":\"ImageObject\",\"inLanguage\":\"en-US\",\"@id\":\"https:\\\/\\\/www.gulersan.com\\\/en\\\/urun\\\/malzeme-dolabi-4-rafli-pleksi-surgu-kapili-6550\\\/#primaryimage\",\"url\":\"https:\\\/\\\/www.gulersan.com\\\/wp-content\\\/uploads\\\/2026\\\/05\\\/gls-6550-malzeme-dolabi-4-rafli-pleksi-surgu-kapili1-450x450h.jpg\",\"contentUrl\":\"https:\\\/\\\/www.gulersan.com\\\/wp-content\\\/uploads\\\/2026\\\/05\\\/gls-6550-malzeme-dolabi-4-rafli-pleksi-surgu-kapili1-450x450h.jpg\",\"width\":500,\"height\":500},{\"@type\":\"BreadcrumbList\",\"@id\":\"https:\\\/\\\/www.gulersan.com\\\/en\\\/urun\\\/malzeme-dolabi-4-rafli-pleksi-surgu-kapili-6550\\\/#breadcrumb\",\"itemListElement\":[{\"@type\":\"ListItem\",\"position\":1,\"name\":\"Anasayfa\",\"item\":\"https:\\\/\\\/www.gulersan.com\\\/en\\\/\"},{\"@type\":\"ListItem\",\"position\":2,\"name\":\"\\\/\",\"item\":\"https:\\\/\\\/www.gulersan.com\\\/shop\\\/\"},{\"@type\":\"ListItem\",\"position\":3,\"name\":\"GLS Garaj Ekipmanlar\u0131\",\"item\":\"https:\\\/\\\/www.gulersan.com\\\/en\\\/urun-kategori\\\/gls-garaj-ekipmanlari\\\/\"},{\"@type\":\"ListItem\",\"position\":4,\"name\":\"Metal E\u015fyalar\",\"item\":\"https:\\\/\\\/www.gulersan.com\\\/en\\\/urun-kategori\\\/gls-garaj-ekipmanlari\\\/metal-esyalar\\\/\"},{\"@type\":\"ListItem\",\"position\":5,\"name\":\"Malzeme Dolaplar\u0131\",\"item\":\"https:\\\/\\\/www.gulersan.com\\\/en\\\/urun-kategori\\\/gls-garaj-ekipmanlari\\\/metal-esyalar\\\/malzeme-dolaplari\\\/\"},{\"@type\":\"ListItem\",\"position\":6,\"name\":\"Malzeme Dolab\u0131 4 Rafl\u0131 Pleksi S\u00fcrg\u00fc Kap\u0131l\u0131 6550\"}]},{\"@type\":\"WebSite\",\"@id\":\"https:\\\/\\\/www.gulersan.com\\\/en\\\/#website\",\"url\":\"https:\\\/\\\/www.gulersan.com\\\/en\\\/\",\"name\":\"G\u00fclersan Ya\u011flama Cihazlar\u0131\",\"description\":\"Ya\u011flama Makinesi | Haval\u0131 Gres Pompas\u0131 | Ya\u011flama Pompas\u0131 | Ya\u011f \u00c7ekme Pompas\u0131\",\"publisher\":{\"@id\":\"https:\\\/\\\/www.gulersan.com\\\/en\\\/#organization\"},\"potentialAction\":[{\"@type\":\"SearchAction\",\"target\":{\"@type\":\"EntryPoint\",\"urlTemplate\":\"https:\\\/\\\/www.gulersan.com\\\/en\\\/?s={search_term_string}\"},\"query-input\":{\"@type\":\"PropertyValueSpecification\",\"valueRequired\":true,\"valueName\":\"search_term_string\"}}],\"inLanguage\":\"en-US\"},{\"@type\":\"Organization\",\"@id\":\"https:\\\/\\\/www.gulersan.com\\\/en\\\/#organization\",\"name\":\"G\u00fclersan Ya\u011flama Cihazlar\u0131\",\"url\":\"https:\\\/\\\/www.gulersan.com\\\/en\\\/\",\"logo\":{\"@type\":\"ImageObject\",\"inLanguage\":\"en-US\",\"@id\":\"https:\\\/\\\/www.gulersan.com\\\/en\\\/#\\\/schema\\\/logo\\\/image\\\/\",\"url\":\"https:\\\/\\\/www.gulersan.com\\\/wp-content\\\/uploads\\\/2021\\\/01\\\/gulersan-logo-tr.png\",\"contentUrl\":\"https:\\\/\\\/www.gulersan.com\\\/wp-content\\\/uploads\\\/2021\\\/01\\\/gulersan-logo-tr.png\",\"width\":1242,\"height\":302,\"caption\":\"G\u00fclersan Ya\u011flama Cihazlar\u0131\"},\"image\":{\"@id\":\"https:\\\/\\\/www.gulersan.com\\\/en\\\/#\\\/schema\\\/logo\\\/image\\\/\"}}]}<\/script>\n<!-- \/ Yoast SEO plugin. -->","yoast_head_json":{"title":"Malzeme Dolab\u0131 4 Rafl\u0131 Pleksi S\u00fcrg\u00fc Kap\u0131l\u0131 6550 - G\u00fclersan Ya\u011flama Cihazlar\u0131","robots":{"index":"index","follow":"follow","max-snippet":"max-snippet:-1","max-image-preview":"max-image-preview:large","max-video-preview":"max-video-preview:-1"},"canonical":"https:\/\/www.gulersan.com\/en\/urun\/malzeme-dolabi-4-rafli-pleksi-surgu-kapili-6550\/","og_locale":"en_US","og_type":"article","og_title":"Malzeme Dolab\u0131 4 Rafl\u0131 Pleksi S\u00fcrg\u00fc Kap\u0131l\u0131 6550 - G\u00fclersan Ya\u011flama Cihazlar\u0131","og_description":"Malzeme Dolab\u0131 4 Rafl\u0131 Pleksi S\u00fcrg\u00fc Kap\u0131l\u0131 6550 Teknik \u00d6zellikler 4 rafl\u0131, pleksi s\u00fcrg\u00fc kap\u0131l\u0131 dolaplar\u0131n i\u00e7inde dikine 4 adet raf k\u0131lavuz dikmeleri vard\u0131r. Kaynakl\u0131 sa\u011flam \u00e7elik konstr\u00fcksiyonlu, elektrostatik toz boyal\u0131 yar\u0131m kanat kap\u0131l\u0131 malzeme dolab\u0131n\u0131n i\u00e7inde dikine 4 adet raf k\u0131lavuz dikmeleri bulunmaktad\u0131r. Kaynakl\u0131 sa\u011flam \u00e7elik konstr\u00fcksiyonlu olup 0,80 mm \u00e7elik sacdan \u00fcretilmi\u015ftir. Pleksi","og_url":"https:\/\/www.gulersan.com\/en\/urun\/malzeme-dolabi-4-rafli-pleksi-surgu-kapili-6550\/","og_site_name":"G\u00fclersan Ya\u011flama Cihazlar\u0131","article_modified_time":"2026-05-05T13:05:56+00:00","og_image":[{"width":500,"height":500,"url":"https:\/\/www.gulersan.com\/wp-content\/uploads\/2026\/05\/gls-6550-malzeme-dolabi-4-rafli-pleksi-surgu-kapili1-450x450h.jpg","type":"image\/jpeg"}],"twitter_card":"summary_large_image","twitter_misc":{"Est. reading time":"1 minute"},"schema":{"@context":"https:\/\/schema.org","@graph":[{"@type":"WebPage","@id":"https:\/\/www.gulersan.com\/en\/urun\/malzeme-dolabi-4-rafli-pleksi-surgu-kapili-6550\/","url":"https:\/\/www.gulersan.com\/en\/urun\/malzeme-dolabi-4-rafli-pleksi-surgu-kapili-6550\/","name":"Malzeme Dolab\u0131 4 Rafl\u0131 Pleksi S\u00fcrg\u00fc Kap\u0131l\u0131 6550 - G\u00fclersan Ya\u011flama Cihazlar\u0131","isPartOf":{"@id":"https:\/\/www.gulersan.com\/en\/#website"},"primaryImageOfPage":{"@id":"https:\/\/www.gulersan.com\/en\/urun\/malzeme-dolabi-4-rafli-pleksi-surgu-kapili-6550\/#primaryimage"},"image":{"@id":"https:\/\/www.gulersan.com\/en\/urun\/malzeme-dolabi-4-rafli-pleksi-surgu-kapili-6550\/#primaryimage"},"thumbnailUrl":"https:\/\/www.gulersan.com\/wp-content\/uploads\/2026\/05\/gls-6550-malzeme-dolabi-4-rafli-pleksi-surgu-kapili1-450x450h.jpg","datePublished":"2026-05-05T13:05:52+00:00","dateModified":"2026-05-05T13:05:56+00:00","breadcrumb":{"@id":"https:\/\/www.gulersan.com\/en\/urun\/malzeme-dolabi-4-rafli-pleksi-surgu-kapili-6550\/#breadcrumb"},"inLanguage":"en-US","potentialAction":[{"@type":"ReadAction","target":["https:\/\/www.gulersan.com\/en\/urun\/malzeme-dolabi-4-rafli-pleksi-surgu-kapili-6550\/"]}]},{"@type":"ImageObject","inLanguage":"en-US","@id":"https:\/\/www.gulersan.com\/en\/urun\/malzeme-dolabi-4-rafli-pleksi-surgu-kapili-6550\/#primaryimage","url":"https:\/\/www.gulersan.com\/wp-content\/uploads\/2026\/05\/gls-6550-malzeme-dolabi-4-rafli-pleksi-surgu-kapili1-450x450h.jpg","contentUrl":"https:\/\/www.gulersan.com\/wp-content\/uploads\/2026\/05\/gls-6550-malzeme-dolabi-4-rafli-pleksi-surgu-kapili1-450x450h.jpg","width":500,"height":500},{"@type":"BreadcrumbList","@id":"https:\/\/www.gulersan.com\/en\/urun\/malzeme-dolabi-4-rafli-pleksi-surgu-kapili-6550\/#breadcrumb","itemListElement":[{"@type":"ListItem","position":1,"name":"Anasayfa","item":"https:\/\/www.gulersan.com\/en\/"},{"@type":"ListItem","position":2,"name":"\/","item":"https:\/\/www.gulersan.com\/shop\/"},{"@type":"ListItem","position":3,"name":"GLS Garaj Ekipmanlar\u0131","item":"https:\/\/www.gulersan.com\/en\/urun-kategori\/gls-garaj-ekipmanlari\/"},{"@type":"ListItem","position":4,"name":"Metal E\u015fyalar","item":"https:\/\/www.gulersan.com\/en\/urun-kategori\/gls-garaj-ekipmanlari\/metal-esyalar\/"},{"@type":"ListItem","position":5,"name":"Malzeme Dolaplar\u0131","item":"https:\/\/www.gulersan.com\/en\/urun-kategori\/gls-garaj-ekipmanlari\/metal-esyalar\/malzeme-dolaplari\/"},{"@type":"ListItem","position":6,"name":"Malzeme Dolab\u0131 4 Rafl\u0131 Pleksi S\u00fcrg\u00fc Kap\u0131l\u0131 6550"}]},{"@type":"WebSite","@id":"https:\/\/www.gulersan.com\/en\/#website","url":"https:\/\/www.gulersan.com\/en\/","name":"G\u00fclersan Ya\u011flama Cihazlar\u0131","description":"Ya\u011flama Makinesi | Haval\u0131 Gres Pompas\u0131 | Ya\u011flama Pompas\u0131 | Ya\u011f \u00c7ekme Pompas\u0131","publisher":{"@id":"https:\/\/www.gulersan.com\/en\/#organization"},"potentialAction":[{"@type":"SearchAction","target":{"@type":"EntryPoint","urlTemplate":"https:\/\/www.gulersan.com\/en\/?s={search_term_string}"},"query-input":{"@type":"PropertyValueSpecification","valueRequired":true,"valueName":"search_term_string"}}],"inLanguage":"en-US"},{"@type":"Organization","@id":"https:\/\/www.gulersan.com\/en\/#organization","name":"G\u00fclersan Ya\u011flama Cihazlar\u0131","url":"https:\/\/www.gulersan.com\/en\/","logo":{"@type":"ImageObject","inLanguage":"en-US","@id":"https:\/\/www.gulersan.com\/en\/#\/schema\/logo\/image\/","url":"https:\/\/www.gulersan.com\/wp-content\/uploads\/2021\/01\/gulersan-logo-tr.png","contentUrl":"https:\/\/www.gulersan.com\/wp-content\/uploads\/2021\/01\/gulersan-logo-tr.png","width":1242,"height":302,"caption":"G\u00fclersan Ya\u011flama Cihazlar\u0131"},"image":{"@id":"https:\/\/www.gulersan.com\/en\/#\/schema\/logo\/image\/"}}]}},"_links":{"self":[{"href":"https:\/\/www.gulersan.com\/en\/wp-json\/wp\/v2\/product\/15279","targetHints":{"allow":["GET"]}}],"collection":[{"href":"https:\/\/www.gulersan.com\/en\/wp-json\/wp\/v2\/product"}],"about":[{"href":"https:\/\/www.gulersan.com\/en\/wp-json\/wp\/v2\/types\/product"}],"replies":[{"embeddable":true,"href":"https:\/\/www.gulersan.com\/en\/wp-json\/wp\/v2\/comments?post=15279"}],"wp:featuredmedia":[{"embeddable":true,"href":"https:\/\/www.gulersan.com\/en\/wp-json\/wp\/v2\/media\/15280"}],"wp:attachment":[{"href":"https:\/\/www.gulersan.com\/en\/wp-json\/wp\/v2\/media?parent=15279"}],"wp:term":[{"taxonomy":"product_brand","embeddable":true,"href":"https:\/\/www.gulersan.com\/en\/wp-json\/wp\/v2\/product_brand?post=15279"},{"taxonomy":"product_cat","embeddable":true,"href":"https:\/\/www.gulersan.com\/en\/wp-json\/wp\/v2\/product_cat?post=15279"},{"taxonomy":"product_tag","embeddable":true,"href":"https:\/\/www.gulersan.com\/en\/wp-json\/wp\/v2\/product_tag?post=15279"}],"curies":[{"name":"wp","href":"https:\/\/api.w.org\/{rel}","templated":true}]}}