{"id":15318,"date":"2026-05-05T16:06:20","date_gmt":"2026-05-05T13:06:20","guid":{"rendered":"https:\/\/www.gulersan.com\/urun\/personel-dolabi-6-gozlu-6056\/"},"modified":"2026-05-05T16:06:24","modified_gmt":"2026-05-05T13:06:24","slug":"personel-dolabi-6-gozlu-6056","status":"publish","type":"product","link":"https:\/\/www.gulersan.com\/en\/urun\/personel-dolabi-6-gozlu-6056\/","title":{"rendered":"Personel Dolab\u0131 6 G\u00f6zl\u00fc 6056"},"content":{"rendered":"<h2 style=\"text-align: left;\"><span style=\"color: #000080;\"><strong>Personel Dolab\u0131 6 G\u00f6zl\u00fc 6056<\/strong><\/span><\/h2>\n<div>\n<p><span style=\"font-size: 120%;\"><strong><img loading=\"lazy\" decoding=\"async\" class=\"alignnone wp-image-12531\" src=\"https:\/\/www.glsgaraj.com\/wp-content\/uploads\/2021\/06\/konuiciikon.png\" alt=\"\" width=\"18\" height=\"19\" \/> Teknik \u00d6zellikler<\/strong><\/span><\/p>\n<p>Alt\u0131l\u0131 soyunma dolab\u0131m\u0131z; 0,70 mm dkp sacdan kaynakl\u0131 \u00e7elik konstr\u00fcksiyonlu olarak \u00fcretilmektedir. Gizli mente\u015felere sahip olan alt\u0131 kap\u0131l\u0131 soyunma dolab\u0131n\u0131n her g\u00f6z\u00fcnde 1 adet raf mevcuttur. Alt\u0131l\u0131 \u00e7elik soyunma dolab\u0131 kap\u0131lar\u0131nda bulunan havaland\u0131rma kanallar\u0131 dolap i\u00e7erisinde k\u00f6t\u00fc koku olu\u015fumunu engellemekte, ayn\u0131 zamanda etiketlikler sayesinde personellere zimmetleme yap\u0131labilmektedir.<\/p>\n<table style=\"width: 100%; height: 274px;\" bgcolor=\"whitesmoke\">\n<tbody>\n<tr>\n<td style=\"height: 1px;\" colspan=\"4\" bgcolor=\"white\"><img loading=\"lazy\" decoding=\"async\" class=\"alignnone wp-image-4888\" style=\"color: #555555; font-size: 14.4px; background-color: #ffffff;\" src=\"https:\/\/www.gulersan.com\/wp-content\/uploads\/2020\/12\/cizgi.jpg\" alt=\"\" width=\"1454\" height=\"12\" srcset=\"https:\/\/www.gulersan.com\/wp-content\/uploads\/2020\/12\/cizgi.jpg 606w, https:\/\/www.gulersan.com\/wp-content\/uploads\/2020\/12\/cizgi-510x4.jpg 510w\" sizes=\"auto, (max-width: 1454px) 100vw, 1454px\" \/><\/td>\n<\/tr>\n<tr>\n<td><span style=\"font-size: 120%;\"><strong>\u00a0 \u00a0 \u00a0 En<\/strong><\/span><\/td>\n<td><\/td>\n<td style=\"text-align: right;\"><span style=\"font-size: 120%;\">1180 Mm\u00a0 \u00a0 \u00a0 \u00a0\u00a0<\/span><\/td>\n<\/tr>\n<tr>\n<td><span style=\"font-size: 120%;\"><strong>\u00a0 \u00a0 \u00a0 Derinlik<\/strong><\/span><\/td>\n<td><\/td>\n<td style=\"text-align: right;\"><span style=\"font-size: 120%;\">400 Mm\u00a0 \u00a0 \u00a0 \u00a0\u00a0<\/span><\/td>\n<\/tr>\n<tr>\n<td><span style=\"font-size: 120%;\"><strong>\u00a0 \u00a0 \u00a0 Y\u00fckseklik<\/strong><\/span><\/td>\n<td><\/td>\n<td style=\"text-align: right;\"><span style=\"font-size: 120%;\">2000 Mm\u00a0 \u00a0 \u00a0 \u00a0\u00a0<\/span><\/td>\n<\/tr>\n<tr>\n<td><span style=\"font-size: 120%;\"><strong>\u00a0 \u00a0 \u00a0 Renk<\/strong><\/span><\/td>\n<td><\/td>\n<td style=\"text-align: right;\"><span style=\"font-size: 120%;\">G\u00f6vde Ral 7035 \/ Kapak Ral 5015\u00a0 \u00a0 \u00a0 \u00a0\u00a0<\/span><\/td>\n<\/tr>\n<\/tbody>\n<\/table>\n<p>&nbsp;<\/p>\n<p><span style=\"font-size: 120%;\"><strong><img loading=\"lazy\" decoding=\"async\" class=\"alignnone wp-image-12531\" src=\"https:\/\/www.glsgaraj.com\/wp-content\/uploads\/2021\/06\/konuiciikon.png\" alt=\"\" width=\"18\" height=\"19\" \/> Kullan\u0131ld\u0131\u011f\u0131 Yerler<\/strong><\/span><\/p>\n<p>Alt\u0131l\u0131 \u00e7elik soyunma dolaplar\u0131; oteller, spor salonlar\u0131, fabrika ve at\u00f6lyelerde personel soyunma odalar\u0131nda bunun yan\u0131 s\u0131ra spor kompleksleri, askeriye ve bir\u00e7ok alanda kullan\u0131labilir.<\/p>\n<p><span style=\"font-size: 120%;\"><strong><img loading=\"lazy\" decoding=\"async\" class=\"alignnone wp-image-12531\" src=\"https:\/\/www.glsgaraj.com\/wp-content\/uploads\/2021\/06\/konuiciikon.png\" alt=\"\" width=\"18\" height=\"19\" \/> \u00dcr\u00fcn Avantajlar\u0131<\/strong><\/span><\/p>\n<p>Alt\u0131l\u0131 metal soyunma dolab\u0131, personeli fazla olan firmalarda kullan\u0131m alan\u0131ndan tasarruf sa\u011flar. Daha temiz ve d\u00fczenli bir g\u00f6r\u00fcnt\u00fc olu\u015fturan alt\u0131l\u0131 \u00e7elik soyunma dolab\u0131, personelin malzemelerinin korunmas\u0131n\u0131 ve d\u00fczenlenmesini sa\u011flar. Dolaplar\u0131m\u0131z yar\u0131m kap\u0131l\u0131 olmas\u0131 sayesinde 3 ki\u015filik alanda 6 ki\u015finin ayn\u0131 anda giyinmesine olanak sa\u011flamaktad\u0131r. Ayn\u0131 zamanda iste\u011fe g\u00f6re kirli\/temiz ayr\u0131 g\u00f6zl\u00fc olarak da zimmetlenebilmektedir. \u00dcr\u00fcn\u00fcm\u00fcz asma kilit hamilidir, b\u00f6ylelikle anahtar kay\u0131plar\u0131 vs. durumlarda sadece asma kilit de\u011fi\u015fimiyle dolaplar\u0131m\u0131z\u0131n farkl\u0131 personellere zimmetlenmesi sa\u011flanabilir.<\/p>\n<\/div>\n","protected":false},"excerpt":{"rendered":"<p>Personel Dolab\u0131 6 G\u00f6zl\u00fc 6056 Teknik \u00d6zellikler Alt\u0131l\u0131 soyunma dolab\u0131m\u0131z; 0,70 mm dkp sacdan kaynakl\u0131 \u00e7elik konstr\u00fcksiyonlu olarak \u00fcretilmektedir. Gizli mente\u015felere sahip olan alt\u0131 kap\u0131l\u0131 soyunma dolab\u0131n\u0131n her g\u00f6z\u00fcnde 1 adet raf mevcuttur. Alt\u0131l\u0131 \u00e7elik soyunma dolab\u0131 kap\u0131lar\u0131nda bulunan havaland\u0131rma kanallar\u0131 dolap i\u00e7erisinde k\u00f6t\u00fc koku olu\u015fumunu engellemekte, ayn\u0131 zamanda etiketlikler sayesinde personellere zimmetleme yap\u0131labilmektedir. \u00a0<\/p>\n","protected":false},"featured_media":15319,"comment_status":"closed","ping_status":"open","template":"","meta":[],"product_brand":[],"product_cat":[1410,1416],"product_tag":[],"class_list":{"0":"post-15318","1":"product","2":"type-product","3":"status-publish","4":"has-post-thumbnail","6":"product_cat-metal-esyalar","7":"product_cat-personel-dolaplari","9":"first","10":"instock","11":"product-type-simple"},"yoast_head":"<!-- This site is optimized with the Yoast SEO plugin v27.6 - https:\/\/yoast.com\/product\/yoast-seo-wordpress\/ -->\n<title>Personel Dolab\u0131 6 G\u00f6zl\u00fc 6056 - G\u00fclersan Ya\u011flama Cihazlar\u0131<\/title>\n<meta name=\"robots\" content=\"index, follow, max-snippet:-1, max-image-preview:large, max-video-preview:-1\" \/>\n<link rel=\"canonical\" href=\"https:\/\/www.gulersan.com\/en\/urun\/personel-dolabi-6-gozlu-6056\/\" \/>\n<meta property=\"og:locale\" content=\"en_US\" \/>\n<meta property=\"og:type\" content=\"article\" \/>\n<meta property=\"og:title\" content=\"Personel Dolab\u0131 6 G\u00f6zl\u00fc 6056 - G\u00fclersan Ya\u011flama Cihazlar\u0131\" \/>\n<meta property=\"og:description\" content=\"Personel Dolab\u0131 6 G\u00f6zl\u00fc 6056 Teknik \u00d6zellikler Alt\u0131l\u0131 soyunma dolab\u0131m\u0131z; 0,70 mm dkp sacdan kaynakl\u0131 \u00e7elik konstr\u00fcksiyonlu olarak \u00fcretilmektedir. Gizli mente\u015felere sahip olan alt\u0131 kap\u0131l\u0131 soyunma dolab\u0131n\u0131n her g\u00f6z\u00fcnde 1 adet raf mevcuttur. Alt\u0131l\u0131 \u00e7elik soyunma dolab\u0131 kap\u0131lar\u0131nda bulunan havaland\u0131rma kanallar\u0131 dolap i\u00e7erisinde k\u00f6t\u00fc koku olu\u015fumunu engellemekte, ayn\u0131 zamanda etiketlikler sayesinde personellere zimmetleme yap\u0131labilmektedir. \u00a0\" \/>\n<meta property=\"og:url\" content=\"https:\/\/www.gulersan.com\/en\/urun\/personel-dolabi-6-gozlu-6056\/\" \/>\n<meta property=\"og:site_name\" content=\"G\u00fclersan Ya\u011flama Cihazlar\u0131\" \/>\n<meta property=\"article:modified_time\" content=\"2026-05-05T13:06:24+00:00\" \/>\n<meta property=\"og:image\" content=\"https:\/\/www.gulersan.com\/wp-content\/uploads\/2026\/05\/gls-6056-personel-dolabi-6-gozlu1-450x450h.jpg\" \/>\n\t<meta property=\"og:image:width\" content=\"500\" \/>\n\t<meta property=\"og:image:height\" content=\"500\" \/>\n\t<meta property=\"og:image:type\" content=\"image\/jpeg\" \/>\n<meta name=\"twitter:card\" content=\"summary_large_image\" \/>\n<meta name=\"twitter:label1\" content=\"Est. reading time\" \/>\n\t<meta name=\"twitter:data1\" content=\"1 minute\" \/>\n<script type=\"application\/ld+json\" class=\"yoast-schema-graph\">{\"@context\":\"https:\\\/\\\/schema.org\",\"@graph\":[{\"@type\":\"WebPage\",\"@id\":\"https:\\\/\\\/www.gulersan.com\\\/en\\\/urun\\\/personel-dolabi-6-gozlu-6056\\\/\",\"url\":\"https:\\\/\\\/www.gulersan.com\\\/en\\\/urun\\\/personel-dolabi-6-gozlu-6056\\\/\",\"name\":\"Personel Dolab\u0131 6 G\u00f6zl\u00fc 6056 - G\u00fclersan Ya\u011flama Cihazlar\u0131\",\"isPartOf\":{\"@id\":\"https:\\\/\\\/www.gulersan.com\\\/en\\\/#website\"},\"primaryImageOfPage\":{\"@id\":\"https:\\\/\\\/www.gulersan.com\\\/en\\\/urun\\\/personel-dolabi-6-gozlu-6056\\\/#primaryimage\"},\"image\":{\"@id\":\"https:\\\/\\\/www.gulersan.com\\\/en\\\/urun\\\/personel-dolabi-6-gozlu-6056\\\/#primaryimage\"},\"thumbnailUrl\":\"https:\\\/\\\/www.gulersan.com\\\/wp-content\\\/uploads\\\/2026\\\/05\\\/gls-6056-personel-dolabi-6-gozlu1-450x450h.jpg\",\"datePublished\":\"2026-05-05T13:06:20+00:00\",\"dateModified\":\"2026-05-05T13:06:24+00:00\",\"breadcrumb\":{\"@id\":\"https:\\\/\\\/www.gulersan.com\\\/en\\\/urun\\\/personel-dolabi-6-gozlu-6056\\\/#breadcrumb\"},\"inLanguage\":\"en-US\",\"potentialAction\":[{\"@type\":\"ReadAction\",\"target\":[\"https:\\\/\\\/www.gulersan.com\\\/en\\\/urun\\\/personel-dolabi-6-gozlu-6056\\\/\"]}]},{\"@type\":\"ImageObject\",\"inLanguage\":\"en-US\",\"@id\":\"https:\\\/\\\/www.gulersan.com\\\/en\\\/urun\\\/personel-dolabi-6-gozlu-6056\\\/#primaryimage\",\"url\":\"https:\\\/\\\/www.gulersan.com\\\/wp-content\\\/uploads\\\/2026\\\/05\\\/gls-6056-personel-dolabi-6-gozlu1-450x450h.jpg\",\"contentUrl\":\"https:\\\/\\\/www.gulersan.com\\\/wp-content\\\/uploads\\\/2026\\\/05\\\/gls-6056-personel-dolabi-6-gozlu1-450x450h.jpg\",\"width\":500,\"height\":500},{\"@type\":\"BreadcrumbList\",\"@id\":\"https:\\\/\\\/www.gulersan.com\\\/en\\\/urun\\\/personel-dolabi-6-gozlu-6056\\\/#breadcrumb\",\"itemListElement\":[{\"@type\":\"ListItem\",\"position\":1,\"name\":\"Anasayfa\",\"item\":\"https:\\\/\\\/www.gulersan.com\\\/en\\\/\"},{\"@type\":\"ListItem\",\"position\":2,\"name\":\"\\\/\",\"item\":\"https:\\\/\\\/www.gulersan.com\\\/shop\\\/\"},{\"@type\":\"ListItem\",\"position\":3,\"name\":\"GLS Garaj Ekipmanlar\u0131\",\"item\":\"https:\\\/\\\/www.gulersan.com\\\/en\\\/urun-kategori\\\/gls-garaj-ekipmanlari\\\/\"},{\"@type\":\"ListItem\",\"position\":4,\"name\":\"Metal E\u015fyalar\",\"item\":\"https:\\\/\\\/www.gulersan.com\\\/en\\\/urun-kategori\\\/gls-garaj-ekipmanlari\\\/metal-esyalar\\\/\"},{\"@type\":\"ListItem\",\"position\":5,\"name\":\"Personel Dolaplar\u0131\",\"item\":\"https:\\\/\\\/www.gulersan.com\\\/en\\\/urun-kategori\\\/gls-garaj-ekipmanlari\\\/metal-esyalar\\\/personel-dolaplari\\\/\"},{\"@type\":\"ListItem\",\"position\":6,\"name\":\"Personel Dolab\u0131 6 G\u00f6zl\u00fc 6056\"}]},{\"@type\":\"WebSite\",\"@id\":\"https:\\\/\\\/www.gulersan.com\\\/en\\\/#website\",\"url\":\"https:\\\/\\\/www.gulersan.com\\\/en\\\/\",\"name\":\"G\u00fclersan Ya\u011flama Cihazlar\u0131\",\"description\":\"Ya\u011flama Makinesi | Haval\u0131 Gres Pompas\u0131 | Ya\u011flama Pompas\u0131 | Ya\u011f \u00c7ekme Pompas\u0131\",\"publisher\":{\"@id\":\"https:\\\/\\\/www.gulersan.com\\\/en\\\/#organization\"},\"potentialAction\":[{\"@type\":\"SearchAction\",\"target\":{\"@type\":\"EntryPoint\",\"urlTemplate\":\"https:\\\/\\\/www.gulersan.com\\\/en\\\/?s={search_term_string}\"},\"query-input\":{\"@type\":\"PropertyValueSpecification\",\"valueRequired\":true,\"valueName\":\"search_term_string\"}}],\"inLanguage\":\"en-US\"},{\"@type\":\"Organization\",\"@id\":\"https:\\\/\\\/www.gulersan.com\\\/en\\\/#organization\",\"name\":\"G\u00fclersan Ya\u011flama Cihazlar\u0131\",\"url\":\"https:\\\/\\\/www.gulersan.com\\\/en\\\/\",\"logo\":{\"@type\":\"ImageObject\",\"inLanguage\":\"en-US\",\"@id\":\"https:\\\/\\\/www.gulersan.com\\\/en\\\/#\\\/schema\\\/logo\\\/image\\\/\",\"url\":\"https:\\\/\\\/www.gulersan.com\\\/wp-content\\\/uploads\\\/2021\\\/01\\\/gulersan-logo-tr.png\",\"contentUrl\":\"https:\\\/\\\/www.gulersan.com\\\/wp-content\\\/uploads\\\/2021\\\/01\\\/gulersan-logo-tr.png\",\"width\":1242,\"height\":302,\"caption\":\"G\u00fclersan Ya\u011flama Cihazlar\u0131\"},\"image\":{\"@id\":\"https:\\\/\\\/www.gulersan.com\\\/en\\\/#\\\/schema\\\/logo\\\/image\\\/\"}}]}<\/script>\n<!-- \/ Yoast SEO plugin. -->","yoast_head_json":{"title":"Personel Dolab\u0131 6 G\u00f6zl\u00fc 6056 - G\u00fclersan Ya\u011flama Cihazlar\u0131","robots":{"index":"index","follow":"follow","max-snippet":"max-snippet:-1","max-image-preview":"max-image-preview:large","max-video-preview":"max-video-preview:-1"},"canonical":"https:\/\/www.gulersan.com\/en\/urun\/personel-dolabi-6-gozlu-6056\/","og_locale":"en_US","og_type":"article","og_title":"Personel Dolab\u0131 6 G\u00f6zl\u00fc 6056 - G\u00fclersan Ya\u011flama Cihazlar\u0131","og_description":"Personel Dolab\u0131 6 G\u00f6zl\u00fc 6056 Teknik \u00d6zellikler Alt\u0131l\u0131 soyunma dolab\u0131m\u0131z; 0,70 mm dkp sacdan kaynakl\u0131 \u00e7elik konstr\u00fcksiyonlu olarak \u00fcretilmektedir. Gizli mente\u015felere sahip olan alt\u0131 kap\u0131l\u0131 soyunma dolab\u0131n\u0131n her g\u00f6z\u00fcnde 1 adet raf mevcuttur. Alt\u0131l\u0131 \u00e7elik soyunma dolab\u0131 kap\u0131lar\u0131nda bulunan havaland\u0131rma kanallar\u0131 dolap i\u00e7erisinde k\u00f6t\u00fc koku olu\u015fumunu engellemekte, ayn\u0131 zamanda etiketlikler sayesinde personellere zimmetleme yap\u0131labilmektedir. \u00a0","og_url":"https:\/\/www.gulersan.com\/en\/urun\/personel-dolabi-6-gozlu-6056\/","og_site_name":"G\u00fclersan Ya\u011flama Cihazlar\u0131","article_modified_time":"2026-05-05T13:06:24+00:00","og_image":[{"width":500,"height":500,"url":"https:\/\/www.gulersan.com\/wp-content\/uploads\/2026\/05\/gls-6056-personel-dolabi-6-gozlu1-450x450h.jpg","type":"image\/jpeg"}],"twitter_card":"summary_large_image","twitter_misc":{"Est. reading time":"1 minute"},"schema":{"@context":"https:\/\/schema.org","@graph":[{"@type":"WebPage","@id":"https:\/\/www.gulersan.com\/en\/urun\/personel-dolabi-6-gozlu-6056\/","url":"https:\/\/www.gulersan.com\/en\/urun\/personel-dolabi-6-gozlu-6056\/","name":"Personel Dolab\u0131 6 G\u00f6zl\u00fc 6056 - G\u00fclersan Ya\u011flama Cihazlar\u0131","isPartOf":{"@id":"https:\/\/www.gulersan.com\/en\/#website"},"primaryImageOfPage":{"@id":"https:\/\/www.gulersan.com\/en\/urun\/personel-dolabi-6-gozlu-6056\/#primaryimage"},"image":{"@id":"https:\/\/www.gulersan.com\/en\/urun\/personel-dolabi-6-gozlu-6056\/#primaryimage"},"thumbnailUrl":"https:\/\/www.gulersan.com\/wp-content\/uploads\/2026\/05\/gls-6056-personel-dolabi-6-gozlu1-450x450h.jpg","datePublished":"2026-05-05T13:06:20+00:00","dateModified":"2026-05-05T13:06:24+00:00","breadcrumb":{"@id":"https:\/\/www.gulersan.com\/en\/urun\/personel-dolabi-6-gozlu-6056\/#breadcrumb"},"inLanguage":"en-US","potentialAction":[{"@type":"ReadAction","target":["https:\/\/www.gulersan.com\/en\/urun\/personel-dolabi-6-gozlu-6056\/"]}]},{"@type":"ImageObject","inLanguage":"en-US","@id":"https:\/\/www.gulersan.com\/en\/urun\/personel-dolabi-6-gozlu-6056\/#primaryimage","url":"https:\/\/www.gulersan.com\/wp-content\/uploads\/2026\/05\/gls-6056-personel-dolabi-6-gozlu1-450x450h.jpg","contentUrl":"https:\/\/www.gulersan.com\/wp-content\/uploads\/2026\/05\/gls-6056-personel-dolabi-6-gozlu1-450x450h.jpg","width":500,"height":500},{"@type":"BreadcrumbList","@id":"https:\/\/www.gulersan.com\/en\/urun\/personel-dolabi-6-gozlu-6056\/#breadcrumb","itemListElement":[{"@type":"ListItem","position":1,"name":"Anasayfa","item":"https:\/\/www.gulersan.com\/en\/"},{"@type":"ListItem","position":2,"name":"\/","item":"https:\/\/www.gulersan.com\/shop\/"},{"@type":"ListItem","position":3,"name":"GLS Garaj Ekipmanlar\u0131","item":"https:\/\/www.gulersan.com\/en\/urun-kategori\/gls-garaj-ekipmanlari\/"},{"@type":"ListItem","position":4,"name":"Metal E\u015fyalar","item":"https:\/\/www.gulersan.com\/en\/urun-kategori\/gls-garaj-ekipmanlari\/metal-esyalar\/"},{"@type":"ListItem","position":5,"name":"Personel Dolaplar\u0131","item":"https:\/\/www.gulersan.com\/en\/urun-kategori\/gls-garaj-ekipmanlari\/metal-esyalar\/personel-dolaplari\/"},{"@type":"ListItem","position":6,"name":"Personel Dolab\u0131 6 G\u00f6zl\u00fc 6056"}]},{"@type":"WebSite","@id":"https:\/\/www.gulersan.com\/en\/#website","url":"https:\/\/www.gulersan.com\/en\/","name":"G\u00fclersan Ya\u011flama Cihazlar\u0131","description":"Ya\u011flama Makinesi | Haval\u0131 Gres Pompas\u0131 | Ya\u011flama Pompas\u0131 | Ya\u011f \u00c7ekme Pompas\u0131","publisher":{"@id":"https:\/\/www.gulersan.com\/en\/#organization"},"potentialAction":[{"@type":"SearchAction","target":{"@type":"EntryPoint","urlTemplate":"https:\/\/www.gulersan.com\/en\/?s={search_term_string}"},"query-input":{"@type":"PropertyValueSpecification","valueRequired":true,"valueName":"search_term_string"}}],"inLanguage":"en-US"},{"@type":"Organization","@id":"https:\/\/www.gulersan.com\/en\/#organization","name":"G\u00fclersan Ya\u011flama Cihazlar\u0131","url":"https:\/\/www.gulersan.com\/en\/","logo":{"@type":"ImageObject","inLanguage":"en-US","@id":"https:\/\/www.gulersan.com\/en\/#\/schema\/logo\/image\/","url":"https:\/\/www.gulersan.com\/wp-content\/uploads\/2021\/01\/gulersan-logo-tr.png","contentUrl":"https:\/\/www.gulersan.com\/wp-content\/uploads\/2021\/01\/gulersan-logo-tr.png","width":1242,"height":302,"caption":"G\u00fclersan Ya\u011flama Cihazlar\u0131"},"image":{"@id":"https:\/\/www.gulersan.com\/en\/#\/schema\/logo\/image\/"}}]}},"_links":{"self":[{"href":"https:\/\/www.gulersan.com\/en\/wp-json\/wp\/v2\/product\/15318","targetHints":{"allow":["GET"]}}],"collection":[{"href":"https:\/\/www.gulersan.com\/en\/wp-json\/wp\/v2\/product"}],"about":[{"href":"https:\/\/www.gulersan.com\/en\/wp-json\/wp\/v2\/types\/product"}],"replies":[{"embeddable":true,"href":"https:\/\/www.gulersan.com\/en\/wp-json\/wp\/v2\/comments?post=15318"}],"wp:featuredmedia":[{"embeddable":true,"href":"https:\/\/www.gulersan.com\/en\/wp-json\/wp\/v2\/media\/15319"}],"wp:attachment":[{"href":"https:\/\/www.gulersan.com\/en\/wp-json\/wp\/v2\/media?parent=15318"}],"wp:term":[{"taxonomy":"product_brand","embeddable":true,"href":"https:\/\/www.gulersan.com\/en\/wp-json\/wp\/v2\/product_brand?post=15318"},{"taxonomy":"product_cat","embeddable":true,"href":"https:\/\/www.gulersan.com\/en\/wp-json\/wp\/v2\/product_cat?post=15318"},{"taxonomy":"product_tag","embeddable":true,"href":"https:\/\/www.gulersan.com\/en\/wp-json\/wp\/v2\/product_tag?post=15318"}],"curies":[{"name":"wp","href":"https:\/\/api.w.org\/{rel}","templated":true}]}}