{"id":15330,"date":"2026-05-05T16:06:20","date_gmt":"2026-05-05T13:06:20","guid":{"rendered":"https:\/\/www.gulersan.com\/urun\/personel-dolabi-15-dolapli-askilikli-6066\/"},"modified":"2026-05-05T16:06:27","modified_gmt":"2026-05-05T13:06:27","slug":"personel-dolabi-15-dolapli-askilikli-6066","status":"publish","type":"product","link":"https:\/\/www.gulersan.com\/en\/urun\/personel-dolabi-15-dolapli-askilikli-6066\/","title":{"rendered":"Personel Dolab\u0131 15 Dolapl\u0131 Ask\u0131l\u0131kl\u0131 6066"},"content":{"rendered":"<h2 style=\"text-align: left;\"><span style=\"color: #000080;\"><strong>Personel Dolab\u0131 15 Dolapl\u0131 Ask\u0131l\u0131kl\u0131 6066<\/strong><\/span><\/h2>\n<div>\n<p><span style=\"font-size: 120%;\"><strong><img loading=\"lazy\" decoding=\"async\" class=\"alignnone wp-image-12531\" src=\"https:\/\/www.glsgaraj.com\/wp-content\/uploads\/2021\/06\/konuiciikon.png\" alt=\"\" width=\"18\" height=\"19\" \/> Teknik \u00d6zellikler<\/strong><\/span><\/p>\n<p>Orta kap\u0131l\u0131 ask\u0131l\u0131kl\u0131 personel dolab\u0131; 0,70 mm DKP sacdan kaynakl\u0131 \u00e7elik konstr\u00fcksiyonlu olarak \u00fcretilmektedir. Gizli mente\u015feleri bulunan ask\u0131l\u0131kl\u0131 personel dolab\u0131 g\u00f6z \u00f6l\u00e7\u00fcleri, 330X375X465 mm&#8217;dir. 15 kap\u0131l\u0131 orta kap\u0131l\u0131 ask\u0131l\u0131kl\u0131 personel dolab\u0131 kap\u0131lar\u0131nda bulunan etiketlikler sayesinde personellere zimmetleme yap\u0131labilmektedir. Ayr\u0131ca ortada elbise ask\u0131l\u0131\u011f\u0131 mevcuttur. Personel dolab\u0131 eni 2010 mm olup, derinli\u011fi ise 400 mm&#8217;dir. G\u00f6vdesi 1950 mm olan personel dolab\u0131n\u0131n renk \u00f6zellikleri, g\u00f6vde Ral 7035 \/ Kapak Ral 5015 elektrostatik toz boyal\u0131d\u0131r.<\/p>\n<table style=\"width: 100%; height: 274px;\" bgcolor=\"whitesmoke\">\n<tbody>\n<tr>\n<td style=\"height: 1px;\" colspan=\"4\" bgcolor=\"white\"><img loading=\"lazy\" decoding=\"async\" class=\"alignnone wp-image-4888\" style=\"color: #555555; font-size: 14.4px; background-color: #ffffff;\" src=\"https:\/\/www.gulersan.com\/wp-content\/uploads\/2020\/12\/cizgi.jpg\" alt=\"\" width=\"1454\" height=\"12\" srcset=\"https:\/\/www.gulersan.com\/wp-content\/uploads\/2020\/12\/cizgi.jpg 606w, https:\/\/www.gulersan.com\/wp-content\/uploads\/2020\/12\/cizgi-510x4.jpg 510w\" sizes=\"auto, (max-width: 1454px) 100vw, 1454px\" \/><\/td>\n<\/tr>\n<tr>\n<td><span style=\"font-size: 120%;\"><strong>\u00a0 \u00a0 \u00a0 En<\/strong><\/span><\/td>\n<td><\/td>\n<td style=\"text-align: right;\"><span style=\"font-size: 120%;\">2010 Mm\u00a0 \u00a0 \u00a0 \u00a0\u00a0<\/span><\/td>\n<\/tr>\n<tr>\n<td><span style=\"font-size: 120%;\"><strong>\u00a0 \u00a0 \u00a0 Derinlik<\/strong><\/span><\/td>\n<td><\/td>\n<td style=\"text-align: right;\"><span style=\"font-size: 120%;\">400 Mm\u00a0 \u00a0 \u00a0 \u00a0\u00a0<\/span><\/td>\n<\/tr>\n<tr>\n<td><span style=\"font-size: 120%;\"><strong>\u00a0 \u00a0 \u00a0 Y\u00fckseklik<\/strong><\/span><\/td>\n<td><\/td>\n<td style=\"text-align: right;\"><span style=\"font-size: 120%;\">1950 Mm\u00a0 \u00a0 \u00a0 \u00a0\u00a0<\/span><\/td>\n<\/tr>\n<tr>\n<td><span style=\"font-size: 120%;\"><strong>\u00a0 \u00a0 \u00a0 Renk<\/strong><\/span><\/td>\n<td><\/td>\n<td style=\"text-align: right;\"><span style=\"font-size: 120%;\">G\u00f6vde Ral 7035 \/ Kapak Ral 5015\u00a0 \u00a0 \u00a0 \u00a0\u00a0<\/span><\/td>\n<\/tr>\n<\/tbody>\n<\/table>\n<p>&nbsp;<\/p>\n<p><span style=\"font-size: 120%;\"><strong><img loading=\"lazy\" decoding=\"async\" class=\"alignnone wp-image-12531\" src=\"https:\/\/www.glsgaraj.com\/wp-content\/uploads\/2021\/06\/konuiciikon.png\" alt=\"\" width=\"18\" height=\"19\" \/> Kullan\u0131ld\u0131\u011f\u0131 Yerler<\/strong><\/span><\/p>\n<p>Personel dolaplar\u0131; oteller, spor salonlar\u0131, fabrika ve at\u00f6lyelerde personel soyunma odalar\u0131nda bunun yan\u0131s\u0131ra spor kompleksleri, askeriye ve bir\u00e7ok alanda kullan\u0131labilir. Personel dolaplar\u0131n\u0131n di\u011fer kullan\u0131m yerleri ise \u015fu \u015fekildedir:<br \/>\n&#8211; Marketler<br \/>\n&#8211; \u0130n\u015faat Sekt\u00f6r\u00fc<br \/>\n&#8211; Okullar<br \/>\n&#8211; Hastaneler<br \/>\n&#8211; Avm<br \/>\n&#8211; Ofisler hemen hemen her i\u015f yerinin soyunma odalar\u0131nda her \u00e7al\u0131\u015fan i\u00e7in \u00e7al\u0131\u015fma saatleri i\u00e7erisinde giysilerini muhafaza edebilece\u011fi kilitli personel dolaplar\u0131 bulunur. Nemli, tozlu, kirli ortamlarda \u00e7al\u0131\u015fanlar i\u00e7in i\u015f elbiseleri ve harici k\u0131yafetlerinin ayr\u0131 ayr\u0131 saklanabilmesi i\u00e7in farkl\u0131 b\u00f6lmeli personel dolaplar\u0131 sa\u011flan\u0131r.<\/p>\n<p><span style=\"font-size: 120%;\"><strong><img loading=\"lazy\" decoding=\"async\" class=\"alignnone wp-image-12531\" src=\"https:\/\/www.glsgaraj.com\/wp-content\/uploads\/2021\/06\/konuiciikon.png\" alt=\"\" width=\"18\" height=\"19\" \/> \u00dcr\u00fcn Avantajlar\u0131<\/strong><\/span><\/p>\n<p>Personel soyunma dolaplar\u0131, fabrika hat ba\u015flar\u0131nda personellerin ki\u015fisel malzemelerini muhafaza etmeleri amac\u0131yla kullan\u0131lmaktad\u0131r. Vardiya sistemiyle \u00e7al\u0131\u015f\u0131lan i\u015fyerlerinde d\u00f6n\u00fc\u015f\u00fcml\u00fc olarak kullan\u0131labilen \u00e7elik personel dolaplar\u0131n\u0131n orta k\u0131sm\u0131nda bulunan ask\u0131l\u0131k k\u0131sm\u0131na ortak kullan\u0131lan koruyucu k\u0131yafetle as\u0131labilir. 2 adet anahtar kilitli personel dolaplar\u0131, d\u0131\u015f giyim k\u0131yafetleri i\u00e7in ask\u0131l\u0131k olarak da kullan\u0131labilir. Personel dolab\u0131 fiyatlar\u0131, \u00fcr\u00fcn\u00fcn boyutuna ve tasar\u0131m\u0131na g\u00f6re de\u011fi\u015fiklik g\u00f6sterir. \u00d6te yandan personel dolab\u0131n\u0131n malzeme yap\u0131s\u0131na g\u00f6re de fiyat farkl\u0131l\u0131k g\u00f6sterebilir. Kilit sistemi, raflar, b\u00f6lme say\u0131s\u0131 ve boy \u00fczerinden amaca uygun olarak farkl\u0131 fiyatlarda personel dolaplar\u0131 elde edilebilir.<\/p>\n<\/div>\n","protected":false},"excerpt":{"rendered":"<p>Personel Dolab\u0131 15 Dolapl\u0131 Ask\u0131l\u0131kl\u0131 6066 Teknik \u00d6zellikler Orta kap\u0131l\u0131 ask\u0131l\u0131kl\u0131 personel dolab\u0131; 0,70 mm DKP sacdan kaynakl\u0131 \u00e7elik konstr\u00fcksiyonlu olarak \u00fcretilmektedir. Gizli mente\u015feleri bulunan ask\u0131l\u0131kl\u0131 personel dolab\u0131 g\u00f6z \u00f6l\u00e7\u00fcleri, 330X375X465 mm&#8217;dir. 15 kap\u0131l\u0131 orta kap\u0131l\u0131 ask\u0131l\u0131kl\u0131 personel dolab\u0131 kap\u0131lar\u0131nda bulunan etiketlikler sayesinde personellere zimmetleme yap\u0131labilmektedir. Ayr\u0131ca ortada elbise ask\u0131l\u0131\u011f\u0131 mevcuttur. Personel dolab\u0131 eni 2010<\/p>\n","protected":false},"featured_media":15331,"comment_status":"closed","ping_status":"open","template":"","meta":[],"product_brand":[],"product_cat":[1410,1416],"product_tag":[],"class_list":{"0":"post-15330","1":"product","2":"type-product","3":"status-publish","4":"has-post-thumbnail","6":"product_cat-metal-esyalar","7":"product_cat-personel-dolaplari","9":"first","10":"instock","11":"product-type-simple"},"yoast_head":"<!-- This site is optimized with the Yoast SEO plugin v27.6 - https:\/\/yoast.com\/product\/yoast-seo-wordpress\/ -->\n<title>Personel Dolab\u0131 15 Dolapl\u0131 Ask\u0131l\u0131kl\u0131 6066 - G\u00fclersan Ya\u011flama Cihazlar\u0131<\/title>\n<meta name=\"robots\" content=\"index, follow, max-snippet:-1, max-image-preview:large, max-video-preview:-1\" \/>\n<link rel=\"canonical\" href=\"https:\/\/www.gulersan.com\/en\/urun\/personel-dolabi-15-dolapli-askilikli-6066\/\" \/>\n<meta property=\"og:locale\" content=\"en_US\" \/>\n<meta property=\"og:type\" content=\"article\" \/>\n<meta property=\"og:title\" content=\"Personel Dolab\u0131 15 Dolapl\u0131 Ask\u0131l\u0131kl\u0131 6066 - G\u00fclersan Ya\u011flama Cihazlar\u0131\" \/>\n<meta property=\"og:description\" content=\"Personel Dolab\u0131 15 Dolapl\u0131 Ask\u0131l\u0131kl\u0131 6066 Teknik \u00d6zellikler Orta kap\u0131l\u0131 ask\u0131l\u0131kl\u0131 personel dolab\u0131; 0,70 mm DKP sacdan kaynakl\u0131 \u00e7elik konstr\u00fcksiyonlu olarak \u00fcretilmektedir. Gizli mente\u015feleri bulunan ask\u0131l\u0131kl\u0131 personel dolab\u0131 g\u00f6z \u00f6l\u00e7\u00fcleri, 330X375X465 mm&#8217;dir. 15 kap\u0131l\u0131 orta kap\u0131l\u0131 ask\u0131l\u0131kl\u0131 personel dolab\u0131 kap\u0131lar\u0131nda bulunan etiketlikler sayesinde personellere zimmetleme yap\u0131labilmektedir. Ayr\u0131ca ortada elbise ask\u0131l\u0131\u011f\u0131 mevcuttur. Personel dolab\u0131 eni 2010\" \/>\n<meta property=\"og:url\" content=\"https:\/\/www.gulersan.com\/en\/urun\/personel-dolabi-15-dolapli-askilikli-6066\/\" \/>\n<meta property=\"og:site_name\" content=\"G\u00fclersan Ya\u011flama Cihazlar\u0131\" \/>\n<meta property=\"article:modified_time\" content=\"2026-05-05T13:06:27+00:00\" \/>\n<meta property=\"og:image\" content=\"https:\/\/www.gulersan.com\/wp-content\/uploads\/2026\/05\/gls-6066-personel-dolabi-orta-askilikli-12li1-450x450w.jpg\" \/>\n\t<meta property=\"og:image:width\" content=\"500\" \/>\n\t<meta property=\"og:image:height\" content=\"500\" \/>\n\t<meta property=\"og:image:type\" content=\"image\/jpeg\" \/>\n<meta name=\"twitter:card\" content=\"summary_large_image\" \/>\n<meta name=\"twitter:label1\" content=\"Est. reading time\" \/>\n\t<meta name=\"twitter:data1\" content=\"2 minutes\" \/>\n<script type=\"application\/ld+json\" class=\"yoast-schema-graph\">{\"@context\":\"https:\\\/\\\/schema.org\",\"@graph\":[{\"@type\":\"WebPage\",\"@id\":\"https:\\\/\\\/www.gulersan.com\\\/en\\\/urun\\\/personel-dolabi-15-dolapli-askilikli-6066\\\/\",\"url\":\"https:\\\/\\\/www.gulersan.com\\\/en\\\/urun\\\/personel-dolabi-15-dolapli-askilikli-6066\\\/\",\"name\":\"Personel Dolab\u0131 15 Dolapl\u0131 Ask\u0131l\u0131kl\u0131 6066 - G\u00fclersan Ya\u011flama Cihazlar\u0131\",\"isPartOf\":{\"@id\":\"https:\\\/\\\/www.gulersan.com\\\/en\\\/#website\"},\"primaryImageOfPage\":{\"@id\":\"https:\\\/\\\/www.gulersan.com\\\/en\\\/urun\\\/personel-dolabi-15-dolapli-askilikli-6066\\\/#primaryimage\"},\"image\":{\"@id\":\"https:\\\/\\\/www.gulersan.com\\\/en\\\/urun\\\/personel-dolabi-15-dolapli-askilikli-6066\\\/#primaryimage\"},\"thumbnailUrl\":\"https:\\\/\\\/www.gulersan.com\\\/wp-content\\\/uploads\\\/2026\\\/05\\\/gls-6066-personel-dolabi-orta-askilikli-12li1-450x450w.jpg\",\"datePublished\":\"2026-05-05T13:06:20+00:00\",\"dateModified\":\"2026-05-05T13:06:27+00:00\",\"breadcrumb\":{\"@id\":\"https:\\\/\\\/www.gulersan.com\\\/en\\\/urun\\\/personel-dolabi-15-dolapli-askilikli-6066\\\/#breadcrumb\"},\"inLanguage\":\"en-US\",\"potentialAction\":[{\"@type\":\"ReadAction\",\"target\":[\"https:\\\/\\\/www.gulersan.com\\\/en\\\/urun\\\/personel-dolabi-15-dolapli-askilikli-6066\\\/\"]}]},{\"@type\":\"ImageObject\",\"inLanguage\":\"en-US\",\"@id\":\"https:\\\/\\\/www.gulersan.com\\\/en\\\/urun\\\/personel-dolabi-15-dolapli-askilikli-6066\\\/#primaryimage\",\"url\":\"https:\\\/\\\/www.gulersan.com\\\/wp-content\\\/uploads\\\/2026\\\/05\\\/gls-6066-personel-dolabi-orta-askilikli-12li1-450x450w.jpg\",\"contentUrl\":\"https:\\\/\\\/www.gulersan.com\\\/wp-content\\\/uploads\\\/2026\\\/05\\\/gls-6066-personel-dolabi-orta-askilikli-12li1-450x450w.jpg\",\"width\":500,\"height\":500},{\"@type\":\"BreadcrumbList\",\"@id\":\"https:\\\/\\\/www.gulersan.com\\\/en\\\/urun\\\/personel-dolabi-15-dolapli-askilikli-6066\\\/#breadcrumb\",\"itemListElement\":[{\"@type\":\"ListItem\",\"position\":1,\"name\":\"Anasayfa\",\"item\":\"https:\\\/\\\/www.gulersan.com\\\/en\\\/\"},{\"@type\":\"ListItem\",\"position\":2,\"name\":\"\\\/\",\"item\":\"https:\\\/\\\/www.gulersan.com\\\/shop\\\/\"},{\"@type\":\"ListItem\",\"position\":3,\"name\":\"GLS Garaj Ekipmanlar\u0131\",\"item\":\"https:\\\/\\\/www.gulersan.com\\\/en\\\/urun-kategori\\\/gls-garaj-ekipmanlari\\\/\"},{\"@type\":\"ListItem\",\"position\":4,\"name\":\"Metal E\u015fyalar\",\"item\":\"https:\\\/\\\/www.gulersan.com\\\/en\\\/urun-kategori\\\/gls-garaj-ekipmanlari\\\/metal-esyalar\\\/\"},{\"@type\":\"ListItem\",\"position\":5,\"name\":\"Personel Dolaplar\u0131\",\"item\":\"https:\\\/\\\/www.gulersan.com\\\/en\\\/urun-kategori\\\/gls-garaj-ekipmanlari\\\/metal-esyalar\\\/personel-dolaplari\\\/\"},{\"@type\":\"ListItem\",\"position\":6,\"name\":\"Personel Dolab\u0131 15 Dolapl\u0131 Ask\u0131l\u0131kl\u0131 6066\"}]},{\"@type\":\"WebSite\",\"@id\":\"https:\\\/\\\/www.gulersan.com\\\/en\\\/#website\",\"url\":\"https:\\\/\\\/www.gulersan.com\\\/en\\\/\",\"name\":\"G\u00fclersan Ya\u011flama Cihazlar\u0131\",\"description\":\"Ya\u011flama Makinesi | Haval\u0131 Gres Pompas\u0131 | Ya\u011flama Pompas\u0131 | Ya\u011f \u00c7ekme Pompas\u0131\",\"publisher\":{\"@id\":\"https:\\\/\\\/www.gulersan.com\\\/en\\\/#organization\"},\"potentialAction\":[{\"@type\":\"SearchAction\",\"target\":{\"@type\":\"EntryPoint\",\"urlTemplate\":\"https:\\\/\\\/www.gulersan.com\\\/en\\\/?s={search_term_string}\"},\"query-input\":{\"@type\":\"PropertyValueSpecification\",\"valueRequired\":true,\"valueName\":\"search_term_string\"}}],\"inLanguage\":\"en-US\"},{\"@type\":\"Organization\",\"@id\":\"https:\\\/\\\/www.gulersan.com\\\/en\\\/#organization\",\"name\":\"G\u00fclersan Ya\u011flama Cihazlar\u0131\",\"url\":\"https:\\\/\\\/www.gulersan.com\\\/en\\\/\",\"logo\":{\"@type\":\"ImageObject\",\"inLanguage\":\"en-US\",\"@id\":\"https:\\\/\\\/www.gulersan.com\\\/en\\\/#\\\/schema\\\/logo\\\/image\\\/\",\"url\":\"https:\\\/\\\/www.gulersan.com\\\/wp-content\\\/uploads\\\/2021\\\/01\\\/gulersan-logo-tr.png\",\"contentUrl\":\"https:\\\/\\\/www.gulersan.com\\\/wp-content\\\/uploads\\\/2021\\\/01\\\/gulersan-logo-tr.png\",\"width\":1242,\"height\":302,\"caption\":\"G\u00fclersan Ya\u011flama Cihazlar\u0131\"},\"image\":{\"@id\":\"https:\\\/\\\/www.gulersan.com\\\/en\\\/#\\\/schema\\\/logo\\\/image\\\/\"}}]}<\/script>\n<!-- \/ Yoast SEO plugin. -->","yoast_head_json":{"title":"Personel Dolab\u0131 15 Dolapl\u0131 Ask\u0131l\u0131kl\u0131 6066 - G\u00fclersan Ya\u011flama Cihazlar\u0131","robots":{"index":"index","follow":"follow","max-snippet":"max-snippet:-1","max-image-preview":"max-image-preview:large","max-video-preview":"max-video-preview:-1"},"canonical":"https:\/\/www.gulersan.com\/en\/urun\/personel-dolabi-15-dolapli-askilikli-6066\/","og_locale":"en_US","og_type":"article","og_title":"Personel Dolab\u0131 15 Dolapl\u0131 Ask\u0131l\u0131kl\u0131 6066 - G\u00fclersan Ya\u011flama Cihazlar\u0131","og_description":"Personel Dolab\u0131 15 Dolapl\u0131 Ask\u0131l\u0131kl\u0131 6066 Teknik \u00d6zellikler Orta kap\u0131l\u0131 ask\u0131l\u0131kl\u0131 personel dolab\u0131; 0,70 mm DKP sacdan kaynakl\u0131 \u00e7elik konstr\u00fcksiyonlu olarak \u00fcretilmektedir. Gizli mente\u015feleri bulunan ask\u0131l\u0131kl\u0131 personel dolab\u0131 g\u00f6z \u00f6l\u00e7\u00fcleri, 330X375X465 mm&#8217;dir. 15 kap\u0131l\u0131 orta kap\u0131l\u0131 ask\u0131l\u0131kl\u0131 personel dolab\u0131 kap\u0131lar\u0131nda bulunan etiketlikler sayesinde personellere zimmetleme yap\u0131labilmektedir. Ayr\u0131ca ortada elbise ask\u0131l\u0131\u011f\u0131 mevcuttur. Personel dolab\u0131 eni 2010","og_url":"https:\/\/www.gulersan.com\/en\/urun\/personel-dolabi-15-dolapli-askilikli-6066\/","og_site_name":"G\u00fclersan Ya\u011flama Cihazlar\u0131","article_modified_time":"2026-05-05T13:06:27+00:00","og_image":[{"width":500,"height":500,"url":"https:\/\/www.gulersan.com\/wp-content\/uploads\/2026\/05\/gls-6066-personel-dolabi-orta-askilikli-12li1-450x450w.jpg","type":"image\/jpeg"}],"twitter_card":"summary_large_image","twitter_misc":{"Est. reading time":"2 minutes"},"schema":{"@context":"https:\/\/schema.org","@graph":[{"@type":"WebPage","@id":"https:\/\/www.gulersan.com\/en\/urun\/personel-dolabi-15-dolapli-askilikli-6066\/","url":"https:\/\/www.gulersan.com\/en\/urun\/personel-dolabi-15-dolapli-askilikli-6066\/","name":"Personel Dolab\u0131 15 Dolapl\u0131 Ask\u0131l\u0131kl\u0131 6066 - G\u00fclersan Ya\u011flama Cihazlar\u0131","isPartOf":{"@id":"https:\/\/www.gulersan.com\/en\/#website"},"primaryImageOfPage":{"@id":"https:\/\/www.gulersan.com\/en\/urun\/personel-dolabi-15-dolapli-askilikli-6066\/#primaryimage"},"image":{"@id":"https:\/\/www.gulersan.com\/en\/urun\/personel-dolabi-15-dolapli-askilikli-6066\/#primaryimage"},"thumbnailUrl":"https:\/\/www.gulersan.com\/wp-content\/uploads\/2026\/05\/gls-6066-personel-dolabi-orta-askilikli-12li1-450x450w.jpg","datePublished":"2026-05-05T13:06:20+00:00","dateModified":"2026-05-05T13:06:27+00:00","breadcrumb":{"@id":"https:\/\/www.gulersan.com\/en\/urun\/personel-dolabi-15-dolapli-askilikli-6066\/#breadcrumb"},"inLanguage":"en-US","potentialAction":[{"@type":"ReadAction","target":["https:\/\/www.gulersan.com\/en\/urun\/personel-dolabi-15-dolapli-askilikli-6066\/"]}]},{"@type":"ImageObject","inLanguage":"en-US","@id":"https:\/\/www.gulersan.com\/en\/urun\/personel-dolabi-15-dolapli-askilikli-6066\/#primaryimage","url":"https:\/\/www.gulersan.com\/wp-content\/uploads\/2026\/05\/gls-6066-personel-dolabi-orta-askilikli-12li1-450x450w.jpg","contentUrl":"https:\/\/www.gulersan.com\/wp-content\/uploads\/2026\/05\/gls-6066-personel-dolabi-orta-askilikli-12li1-450x450w.jpg","width":500,"height":500},{"@type":"BreadcrumbList","@id":"https:\/\/www.gulersan.com\/en\/urun\/personel-dolabi-15-dolapli-askilikli-6066\/#breadcrumb","itemListElement":[{"@type":"ListItem","position":1,"name":"Anasayfa","item":"https:\/\/www.gulersan.com\/en\/"},{"@type":"ListItem","position":2,"name":"\/","item":"https:\/\/www.gulersan.com\/shop\/"},{"@type":"ListItem","position":3,"name":"GLS Garaj Ekipmanlar\u0131","item":"https:\/\/www.gulersan.com\/en\/urun-kategori\/gls-garaj-ekipmanlari\/"},{"@type":"ListItem","position":4,"name":"Metal E\u015fyalar","item":"https:\/\/www.gulersan.com\/en\/urun-kategori\/gls-garaj-ekipmanlari\/metal-esyalar\/"},{"@type":"ListItem","position":5,"name":"Personel Dolaplar\u0131","item":"https:\/\/www.gulersan.com\/en\/urun-kategori\/gls-garaj-ekipmanlari\/metal-esyalar\/personel-dolaplari\/"},{"@type":"ListItem","position":6,"name":"Personel Dolab\u0131 15 Dolapl\u0131 Ask\u0131l\u0131kl\u0131 6066"}]},{"@type":"WebSite","@id":"https:\/\/www.gulersan.com\/en\/#website","url":"https:\/\/www.gulersan.com\/en\/","name":"G\u00fclersan Ya\u011flama Cihazlar\u0131","description":"Ya\u011flama Makinesi | Haval\u0131 Gres Pompas\u0131 | Ya\u011flama Pompas\u0131 | Ya\u011f \u00c7ekme Pompas\u0131","publisher":{"@id":"https:\/\/www.gulersan.com\/en\/#organization"},"potentialAction":[{"@type":"SearchAction","target":{"@type":"EntryPoint","urlTemplate":"https:\/\/www.gulersan.com\/en\/?s={search_term_string}"},"query-input":{"@type":"PropertyValueSpecification","valueRequired":true,"valueName":"search_term_string"}}],"inLanguage":"en-US"},{"@type":"Organization","@id":"https:\/\/www.gulersan.com\/en\/#organization","name":"G\u00fclersan Ya\u011flama Cihazlar\u0131","url":"https:\/\/www.gulersan.com\/en\/","logo":{"@type":"ImageObject","inLanguage":"en-US","@id":"https:\/\/www.gulersan.com\/en\/#\/schema\/logo\/image\/","url":"https:\/\/www.gulersan.com\/wp-content\/uploads\/2021\/01\/gulersan-logo-tr.png","contentUrl":"https:\/\/www.gulersan.com\/wp-content\/uploads\/2021\/01\/gulersan-logo-tr.png","width":1242,"height":302,"caption":"G\u00fclersan Ya\u011flama Cihazlar\u0131"},"image":{"@id":"https:\/\/www.gulersan.com\/en\/#\/schema\/logo\/image\/"}}]}},"_links":{"self":[{"href":"https:\/\/www.gulersan.com\/en\/wp-json\/wp\/v2\/product\/15330","targetHints":{"allow":["GET"]}}],"collection":[{"href":"https:\/\/www.gulersan.com\/en\/wp-json\/wp\/v2\/product"}],"about":[{"href":"https:\/\/www.gulersan.com\/en\/wp-json\/wp\/v2\/types\/product"}],"replies":[{"embeddable":true,"href":"https:\/\/www.gulersan.com\/en\/wp-json\/wp\/v2\/comments?post=15330"}],"wp:featuredmedia":[{"embeddable":true,"href":"https:\/\/www.gulersan.com\/en\/wp-json\/wp\/v2\/media\/15331"}],"wp:attachment":[{"href":"https:\/\/www.gulersan.com\/en\/wp-json\/wp\/v2\/media?parent=15330"}],"wp:term":[{"taxonomy":"product_brand","embeddable":true,"href":"https:\/\/www.gulersan.com\/en\/wp-json\/wp\/v2\/product_brand?post=15330"},{"taxonomy":"product_cat","embeddable":true,"href":"https:\/\/www.gulersan.com\/en\/wp-json\/wp\/v2\/product_cat?post=15330"},{"taxonomy":"product_tag","embeddable":true,"href":"https:\/\/www.gulersan.com\/en\/wp-json\/wp\/v2\/product_tag?post=15330"}],"curies":[{"name":"wp","href":"https:\/\/api.w.org\/{rel}","templated":true}]}}