{"id":15383,"date":"2026-05-05T16:06:37","date_gmt":"2026-05-05T13:06:37","guid":{"rendered":"https:\/\/www.gulersan.com\/urun\/takim-arabasi-6-cekmeceli-8076\/"},"modified":"2026-05-05T16:06:48","modified_gmt":"2026-05-05T13:06:48","slug":"takim-arabasi-6-cekmeceli-8076","status":"publish","type":"product","link":"https:\/\/www.gulersan.com\/en\/urun\/takim-arabasi-6-cekmeceli-8076\/","title":{"rendered":"Tak\u0131m Arabas\u0131 6 \u00c7ekmeceli 8076"},"content":{"rendered":"<h2 style=\"text-align: left;\"><span style=\"color: #000080;\"><strong>Tak\u0131m Arabas\u0131 6 \u00c7ekmeceli 8076<\/strong><\/span><\/h2>\n<div>\n<p><span style=\"font-size: 120%;\"><strong><img loading=\"lazy\" decoding=\"async\" class=\"alignnone wp-image-12531\" src=\"https:\/\/www.glsgaraj.com\/wp-content\/uploads\/2021\/06\/konuiciikon.png\" alt=\"\" width=\"18\" height=\"19\" \/> Teknik \u00d6zellikler<\/strong><\/span><\/p>\n<p>\u00c7ekmeceli tak\u0131m arabas\u0131 i\u00e7inde bulunan dolab\u0131n ana g\u00f6vdesi 1,00 mm dkp sacdan; kaynakl\u0131, sa\u011flam, \u00e7elik sac konstr\u00fcksiyonlu olarak \u00fcretilmektedir. Tak\u0131m arabas\u0131 modelleri 2 anahtarl\u0131 merkezi kilit sistemine sahiptir. \u00c7ekmecelerimiz %100 a\u00e7\u0131l\u0131ml\u0131 teleskopik ray kullan\u0131lmakta olup, net 500&#215;370 mm i\u00e7 kullan\u0131m alan\u0131na sahiptir. Tak\u0131m arabas\u0131 i\u00e7inde bulunan her bir \u00e7ekmecenin 30 kg ta\u015f\u0131ma kapasitesi vard\u0131r. \u0130SG a\u00e7\u0131s\u0131ndan \u00e7ekmecelerde ekstra emniyet mandallar\u0131 bulunmaktad\u0131r. \u00c7ekmece kulplar\u0131m\u0131z ; etiket yuval\u0131 ve eloksal kapl\u0131 al\u00fcminyum profilden \u00fcretilmektedir. \u00c7ekmeceli tak\u0131m arabas\u0131 i\u00e7inde bulunan dolab\u0131n \u00fczeri b\u00f6lmeli vakumlu abs plastik havuzludur. \u0130tme kulplu ve kau\u00e7uk tekerleklidir. T\u00fcm tak\u0131m arabas\u0131 modelleri elektrostatik toz boya ile boyanmaktad\u0131r.<\/p>\n<table style=\"width: 100%; height: 274px;\" bgcolor=\"whitesmoke\">\n<tbody>\n<tr>\n<td style=\"height: 1px;\" colspan=\"4\" bgcolor=\"white\"><img loading=\"lazy\" decoding=\"async\" class=\"alignnone wp-image-4888\" style=\"color: #555555; font-size: 14.4px; background-color: #ffffff;\" src=\"https:\/\/www.gulersan.com\/wp-content\/uploads\/2020\/12\/cizgi.jpg\" alt=\"\" width=\"1454\" height=\"12\" srcset=\"https:\/\/www.gulersan.com\/wp-content\/uploads\/2020\/12\/cizgi.jpg 606w, https:\/\/www.gulersan.com\/wp-content\/uploads\/2020\/12\/cizgi-510x4.jpg 510w\" sizes=\"auto, (max-width: 1454px) 100vw, 1454px\" \/><\/td>\n<\/tr>\n<tr>\n<td><span style=\"font-size: 120%;\"><strong>\u00a0 \u00a0 \u00a0 En<\/strong><\/span><\/td>\n<td><\/td>\n<td style=\"text-align: right;\"><span style=\"font-size: 120%;\">610 Mm\u00a0 \u00a0 \u00a0 \u00a0\u00a0<\/span><\/td>\n<\/tr>\n<tr>\n<td><span style=\"font-size: 120%;\"><strong>\u00a0 \u00a0 \u00a0 Derinlik<\/strong><\/span><\/td>\n<td><\/td>\n<td style=\"text-align: right;\"><span style=\"font-size: 120%;\">450 Mm\u00a0 \u00a0 \u00a0 \u00a0\u00a0<\/span><\/td>\n<\/tr>\n<tr>\n<td><span style=\"font-size: 120%;\"><strong>\u00a0 \u00a0 \u00a0 Y\u00fckseklik<\/strong><\/span><\/td>\n<td><\/td>\n<td style=\"text-align: right;\"><span style=\"font-size: 120%;\">840 Mm\u00a0 \u00a0 \u00a0 \u00a0\u00a0<\/span><\/td>\n<\/tr>\n<tr>\n<td><span style=\"font-size: 120%;\"><strong>\u00a0 \u00a0 \u00a0 Renk<\/strong><\/span><\/td>\n<td><\/td>\n<td style=\"text-align: right;\"><span style=\"font-size: 120%;\">Ral 5015\u00a0 \u00a0 \u00a0 \u00a0\u00a0<\/span><\/td>\n<\/tr>\n<\/tbody>\n<\/table>\n<p>&nbsp;<\/p>\n<p><span style=\"font-size: 120%;\"><strong><img loading=\"lazy\" decoding=\"async\" class=\"alignnone wp-image-12531\" src=\"https:\/\/www.glsgaraj.com\/wp-content\/uploads\/2021\/06\/konuiciikon.png\" alt=\"\" width=\"18\" height=\"19\" \/> Kullan\u0131ld\u0131\u011f\u0131 Yerler<\/strong><\/span><\/p>\n<p>\u00c7ekmeceli tak\u0131m arabas\u0131 modelleri \u00fcretim ve montaj hatlar\u0131nda; yard\u0131mc\u0131 malzemelerin ta\u015f\u0131nmas\u0131 ve muhafaza edilmesi amac\u0131yla kullan\u0131lmaktad\u0131r.<\/p>\n<p><span style=\"font-size: 120%;\"><strong><img loading=\"lazy\" decoding=\"async\" class=\"alignnone wp-image-12531\" src=\"https:\/\/www.glsgaraj.com\/wp-content\/uploads\/2021\/06\/konuiciikon.png\" alt=\"\" width=\"18\" height=\"19\" \/> \u00dcr\u00fcn Avantajlar\u0131<\/strong><\/span><\/p>\n<p>6 \u00e7ekmeceli tak\u0131m arabas\u0131; at\u00f6lye ortamlar\u0131nda d\u00fczenli g\u00f6r\u00fcn\u00fcm sa\u011flar. Ayr\u0131ca fabrika ortam\u0131nda elemanlara zimmetlenen tak\u0131m ve el aletlerinin kayb\u0131n\u0131 en aza indirmeyi ama\u00e7lar.<\/p>\n<\/div>\n","protected":false},"excerpt":{"rendered":"<p>Tak\u0131m Arabas\u0131 6 \u00c7ekmeceli 8076 Teknik \u00d6zellikler \u00c7ekmeceli tak\u0131m arabas\u0131 i\u00e7inde bulunan dolab\u0131n ana g\u00f6vdesi 1,00 mm dkp sacdan; kaynakl\u0131, sa\u011flam, \u00e7elik sac konstr\u00fcksiyonlu olarak \u00fcretilmektedir. Tak\u0131m arabas\u0131 modelleri 2 anahtarl\u0131 merkezi kilit sistemine sahiptir. \u00c7ekmecelerimiz %100 a\u00e7\u0131l\u0131ml\u0131 teleskopik ray kullan\u0131lmakta olup, net 500&#215;370 mm i\u00e7 kullan\u0131m alan\u0131na sahiptir. Tak\u0131m arabas\u0131 i\u00e7inde bulunan her bir<\/p>\n","protected":false},"featured_media":15384,"comment_status":"closed","ping_status":"open","template":"","meta":[],"product_brand":[],"product_cat":[1410,1417],"product_tag":[],"class_list":{"0":"post-15383","1":"product","2":"type-product","3":"status-publish","4":"has-post-thumbnail","6":"product_cat-metal-esyalar","7":"product_cat-takim-arabalari","9":"first","10":"instock","11":"product-type-simple"},"yoast_head":"<!-- This site is optimized with the Yoast SEO plugin v27.6 - https:\/\/yoast.com\/product\/yoast-seo-wordpress\/ -->\n<title>Tak\u0131m Arabas\u0131 6 \u00c7ekmeceli 8076 - G\u00fclersan Ya\u011flama Cihazlar\u0131<\/title>\n<meta name=\"robots\" content=\"index, follow, max-snippet:-1, max-image-preview:large, max-video-preview:-1\" \/>\n<link rel=\"canonical\" href=\"https:\/\/www.gulersan.com\/en\/urun\/takim-arabasi-6-cekmeceli-8076\/\" \/>\n<meta property=\"og:locale\" content=\"en_US\" \/>\n<meta property=\"og:type\" content=\"article\" \/>\n<meta property=\"og:title\" content=\"Tak\u0131m Arabas\u0131 6 \u00c7ekmeceli 8076 - G\u00fclersan Ya\u011flama Cihazlar\u0131\" \/>\n<meta property=\"og:description\" content=\"Tak\u0131m Arabas\u0131 6 \u00c7ekmeceli 8076 Teknik \u00d6zellikler \u00c7ekmeceli tak\u0131m arabas\u0131 i\u00e7inde bulunan dolab\u0131n ana g\u00f6vdesi 1,00 mm dkp sacdan; kaynakl\u0131, sa\u011flam, \u00e7elik sac konstr\u00fcksiyonlu olarak \u00fcretilmektedir. Tak\u0131m arabas\u0131 modelleri 2 anahtarl\u0131 merkezi kilit sistemine sahiptir. \u00c7ekmecelerimiz %100 a\u00e7\u0131l\u0131ml\u0131 teleskopik ray kullan\u0131lmakta olup, net 500&#215;370 mm i\u00e7 kullan\u0131m alan\u0131na sahiptir. Tak\u0131m arabas\u0131 i\u00e7inde bulunan her bir\" \/>\n<meta property=\"og:url\" content=\"https:\/\/www.gulersan.com\/en\/urun\/takim-arabasi-6-cekmeceli-8076\/\" \/>\n<meta property=\"og:site_name\" content=\"G\u00fclersan Ya\u011flama Cihazlar\u0131\" \/>\n<meta property=\"article:modified_time\" content=\"2026-05-05T13:06:48+00:00\" \/>\n<meta property=\"og:image\" content=\"https:\/\/www.gulersan.com\/wp-content\/uploads\/2026\/05\/8076.jpg\" \/>\n\t<meta property=\"og:image:width\" content=\"559\" \/>\n\t<meta property=\"og:image:height\" content=\"612\" \/>\n\t<meta property=\"og:image:type\" content=\"image\/jpeg\" \/>\n<meta name=\"twitter:card\" content=\"summary_large_image\" \/>\n<meta name=\"twitter:label1\" content=\"Est. reading time\" \/>\n\t<meta name=\"twitter:data1\" content=\"1 minute\" \/>\n<script type=\"application\/ld+json\" class=\"yoast-schema-graph\">{\"@context\":\"https:\\\/\\\/schema.org\",\"@graph\":[{\"@type\":\"WebPage\",\"@id\":\"https:\\\/\\\/www.gulersan.com\\\/en\\\/urun\\\/takim-arabasi-6-cekmeceli-8076\\\/\",\"url\":\"https:\\\/\\\/www.gulersan.com\\\/en\\\/urun\\\/takim-arabasi-6-cekmeceli-8076\\\/\",\"name\":\"Tak\u0131m Arabas\u0131 6 \u00c7ekmeceli 8076 - G\u00fclersan Ya\u011flama Cihazlar\u0131\",\"isPartOf\":{\"@id\":\"https:\\\/\\\/www.gulersan.com\\\/en\\\/#website\"},\"primaryImageOfPage\":{\"@id\":\"https:\\\/\\\/www.gulersan.com\\\/en\\\/urun\\\/takim-arabasi-6-cekmeceli-8076\\\/#primaryimage\"},\"image\":{\"@id\":\"https:\\\/\\\/www.gulersan.com\\\/en\\\/urun\\\/takim-arabasi-6-cekmeceli-8076\\\/#primaryimage\"},\"thumbnailUrl\":\"https:\\\/\\\/www.gulersan.com\\\/wp-content\\\/uploads\\\/2026\\\/05\\\/8076.jpg\",\"datePublished\":\"2026-05-05T13:06:37+00:00\",\"dateModified\":\"2026-05-05T13:06:48+00:00\",\"breadcrumb\":{\"@id\":\"https:\\\/\\\/www.gulersan.com\\\/en\\\/urun\\\/takim-arabasi-6-cekmeceli-8076\\\/#breadcrumb\"},\"inLanguage\":\"en-US\",\"potentialAction\":[{\"@type\":\"ReadAction\",\"target\":[\"https:\\\/\\\/www.gulersan.com\\\/en\\\/urun\\\/takim-arabasi-6-cekmeceli-8076\\\/\"]}]},{\"@type\":\"ImageObject\",\"inLanguage\":\"en-US\",\"@id\":\"https:\\\/\\\/www.gulersan.com\\\/en\\\/urun\\\/takim-arabasi-6-cekmeceli-8076\\\/#primaryimage\",\"url\":\"https:\\\/\\\/www.gulersan.com\\\/wp-content\\\/uploads\\\/2026\\\/05\\\/8076.jpg\",\"contentUrl\":\"https:\\\/\\\/www.gulersan.com\\\/wp-content\\\/uploads\\\/2026\\\/05\\\/8076.jpg\",\"width\":559,\"height\":612},{\"@type\":\"BreadcrumbList\",\"@id\":\"https:\\\/\\\/www.gulersan.com\\\/en\\\/urun\\\/takim-arabasi-6-cekmeceli-8076\\\/#breadcrumb\",\"itemListElement\":[{\"@type\":\"ListItem\",\"position\":1,\"name\":\"Anasayfa\",\"item\":\"https:\\\/\\\/www.gulersan.com\\\/en\\\/\"},{\"@type\":\"ListItem\",\"position\":2,\"name\":\"\\\/\",\"item\":\"https:\\\/\\\/www.gulersan.com\\\/shop\\\/\"},{\"@type\":\"ListItem\",\"position\":3,\"name\":\"GLS Garaj Ekipmanlar\u0131\",\"item\":\"https:\\\/\\\/www.gulersan.com\\\/en\\\/urun-kategori\\\/gls-garaj-ekipmanlari\\\/\"},{\"@type\":\"ListItem\",\"position\":4,\"name\":\"Metal E\u015fyalar\",\"item\":\"https:\\\/\\\/www.gulersan.com\\\/en\\\/urun-kategori\\\/gls-garaj-ekipmanlari\\\/metal-esyalar\\\/\"},{\"@type\":\"ListItem\",\"position\":5,\"name\":\"Tak\u0131m Arabalar\u0131\",\"item\":\"https:\\\/\\\/www.gulersan.com\\\/en\\\/urun-kategori\\\/gls-garaj-ekipmanlari\\\/metal-esyalar\\\/takim-arabalari\\\/\"},{\"@type\":\"ListItem\",\"position\":6,\"name\":\"Tak\u0131m Arabas\u0131 6 \u00c7ekmeceli 8076\"}]},{\"@type\":\"WebSite\",\"@id\":\"https:\\\/\\\/www.gulersan.com\\\/en\\\/#website\",\"url\":\"https:\\\/\\\/www.gulersan.com\\\/en\\\/\",\"name\":\"G\u00fclersan Ya\u011flama Cihazlar\u0131\",\"description\":\"Ya\u011flama Makinesi | Haval\u0131 Gres Pompas\u0131 | Ya\u011flama Pompas\u0131 | Ya\u011f \u00c7ekme Pompas\u0131\",\"publisher\":{\"@id\":\"https:\\\/\\\/www.gulersan.com\\\/en\\\/#organization\"},\"potentialAction\":[{\"@type\":\"SearchAction\",\"target\":{\"@type\":\"EntryPoint\",\"urlTemplate\":\"https:\\\/\\\/www.gulersan.com\\\/en\\\/?s={search_term_string}\"},\"query-input\":{\"@type\":\"PropertyValueSpecification\",\"valueRequired\":true,\"valueName\":\"search_term_string\"}}],\"inLanguage\":\"en-US\"},{\"@type\":\"Organization\",\"@id\":\"https:\\\/\\\/www.gulersan.com\\\/en\\\/#organization\",\"name\":\"G\u00fclersan Ya\u011flama Cihazlar\u0131\",\"url\":\"https:\\\/\\\/www.gulersan.com\\\/en\\\/\",\"logo\":{\"@type\":\"ImageObject\",\"inLanguage\":\"en-US\",\"@id\":\"https:\\\/\\\/www.gulersan.com\\\/en\\\/#\\\/schema\\\/logo\\\/image\\\/\",\"url\":\"https:\\\/\\\/www.gulersan.com\\\/wp-content\\\/uploads\\\/2021\\\/01\\\/gulersan-logo-tr.png\",\"contentUrl\":\"https:\\\/\\\/www.gulersan.com\\\/wp-content\\\/uploads\\\/2021\\\/01\\\/gulersan-logo-tr.png\",\"width\":1242,\"height\":302,\"caption\":\"G\u00fclersan Ya\u011flama Cihazlar\u0131\"},\"image\":{\"@id\":\"https:\\\/\\\/www.gulersan.com\\\/en\\\/#\\\/schema\\\/logo\\\/image\\\/\"}}]}<\/script>\n<!-- \/ Yoast SEO plugin. -->","yoast_head_json":{"title":"Tak\u0131m Arabas\u0131 6 \u00c7ekmeceli 8076 - G\u00fclersan Ya\u011flama Cihazlar\u0131","robots":{"index":"index","follow":"follow","max-snippet":"max-snippet:-1","max-image-preview":"max-image-preview:large","max-video-preview":"max-video-preview:-1"},"canonical":"https:\/\/www.gulersan.com\/en\/urun\/takim-arabasi-6-cekmeceli-8076\/","og_locale":"en_US","og_type":"article","og_title":"Tak\u0131m Arabas\u0131 6 \u00c7ekmeceli 8076 - G\u00fclersan Ya\u011flama Cihazlar\u0131","og_description":"Tak\u0131m Arabas\u0131 6 \u00c7ekmeceli 8076 Teknik \u00d6zellikler \u00c7ekmeceli tak\u0131m arabas\u0131 i\u00e7inde bulunan dolab\u0131n ana g\u00f6vdesi 1,00 mm dkp sacdan; kaynakl\u0131, sa\u011flam, \u00e7elik sac konstr\u00fcksiyonlu olarak \u00fcretilmektedir. Tak\u0131m arabas\u0131 modelleri 2 anahtarl\u0131 merkezi kilit sistemine sahiptir. \u00c7ekmecelerimiz %100 a\u00e7\u0131l\u0131ml\u0131 teleskopik ray kullan\u0131lmakta olup, net 500&#215;370 mm i\u00e7 kullan\u0131m alan\u0131na sahiptir. Tak\u0131m arabas\u0131 i\u00e7inde bulunan her bir","og_url":"https:\/\/www.gulersan.com\/en\/urun\/takim-arabasi-6-cekmeceli-8076\/","og_site_name":"G\u00fclersan Ya\u011flama Cihazlar\u0131","article_modified_time":"2026-05-05T13:06:48+00:00","og_image":[{"width":559,"height":612,"url":"https:\/\/www.gulersan.com\/wp-content\/uploads\/2026\/05\/8076.jpg","type":"image\/jpeg"}],"twitter_card":"summary_large_image","twitter_misc":{"Est. reading time":"1 minute"},"schema":{"@context":"https:\/\/schema.org","@graph":[{"@type":"WebPage","@id":"https:\/\/www.gulersan.com\/en\/urun\/takim-arabasi-6-cekmeceli-8076\/","url":"https:\/\/www.gulersan.com\/en\/urun\/takim-arabasi-6-cekmeceli-8076\/","name":"Tak\u0131m Arabas\u0131 6 \u00c7ekmeceli 8076 - G\u00fclersan Ya\u011flama Cihazlar\u0131","isPartOf":{"@id":"https:\/\/www.gulersan.com\/en\/#website"},"primaryImageOfPage":{"@id":"https:\/\/www.gulersan.com\/en\/urun\/takim-arabasi-6-cekmeceli-8076\/#primaryimage"},"image":{"@id":"https:\/\/www.gulersan.com\/en\/urun\/takim-arabasi-6-cekmeceli-8076\/#primaryimage"},"thumbnailUrl":"https:\/\/www.gulersan.com\/wp-content\/uploads\/2026\/05\/8076.jpg","datePublished":"2026-05-05T13:06:37+00:00","dateModified":"2026-05-05T13:06:48+00:00","breadcrumb":{"@id":"https:\/\/www.gulersan.com\/en\/urun\/takim-arabasi-6-cekmeceli-8076\/#breadcrumb"},"inLanguage":"en-US","potentialAction":[{"@type":"ReadAction","target":["https:\/\/www.gulersan.com\/en\/urun\/takim-arabasi-6-cekmeceli-8076\/"]}]},{"@type":"ImageObject","inLanguage":"en-US","@id":"https:\/\/www.gulersan.com\/en\/urun\/takim-arabasi-6-cekmeceli-8076\/#primaryimage","url":"https:\/\/www.gulersan.com\/wp-content\/uploads\/2026\/05\/8076.jpg","contentUrl":"https:\/\/www.gulersan.com\/wp-content\/uploads\/2026\/05\/8076.jpg","width":559,"height":612},{"@type":"BreadcrumbList","@id":"https:\/\/www.gulersan.com\/en\/urun\/takim-arabasi-6-cekmeceli-8076\/#breadcrumb","itemListElement":[{"@type":"ListItem","position":1,"name":"Anasayfa","item":"https:\/\/www.gulersan.com\/en\/"},{"@type":"ListItem","position":2,"name":"\/","item":"https:\/\/www.gulersan.com\/shop\/"},{"@type":"ListItem","position":3,"name":"GLS Garaj Ekipmanlar\u0131","item":"https:\/\/www.gulersan.com\/en\/urun-kategori\/gls-garaj-ekipmanlari\/"},{"@type":"ListItem","position":4,"name":"Metal E\u015fyalar","item":"https:\/\/www.gulersan.com\/en\/urun-kategori\/gls-garaj-ekipmanlari\/metal-esyalar\/"},{"@type":"ListItem","position":5,"name":"Tak\u0131m Arabalar\u0131","item":"https:\/\/www.gulersan.com\/en\/urun-kategori\/gls-garaj-ekipmanlari\/metal-esyalar\/takim-arabalari\/"},{"@type":"ListItem","position":6,"name":"Tak\u0131m Arabas\u0131 6 \u00c7ekmeceli 8076"}]},{"@type":"WebSite","@id":"https:\/\/www.gulersan.com\/en\/#website","url":"https:\/\/www.gulersan.com\/en\/","name":"G\u00fclersan Ya\u011flama Cihazlar\u0131","description":"Ya\u011flama Makinesi | Haval\u0131 Gres Pompas\u0131 | Ya\u011flama Pompas\u0131 | Ya\u011f \u00c7ekme Pompas\u0131","publisher":{"@id":"https:\/\/www.gulersan.com\/en\/#organization"},"potentialAction":[{"@type":"SearchAction","target":{"@type":"EntryPoint","urlTemplate":"https:\/\/www.gulersan.com\/en\/?s={search_term_string}"},"query-input":{"@type":"PropertyValueSpecification","valueRequired":true,"valueName":"search_term_string"}}],"inLanguage":"en-US"},{"@type":"Organization","@id":"https:\/\/www.gulersan.com\/en\/#organization","name":"G\u00fclersan Ya\u011flama Cihazlar\u0131","url":"https:\/\/www.gulersan.com\/en\/","logo":{"@type":"ImageObject","inLanguage":"en-US","@id":"https:\/\/www.gulersan.com\/en\/#\/schema\/logo\/image\/","url":"https:\/\/www.gulersan.com\/wp-content\/uploads\/2021\/01\/gulersan-logo-tr.png","contentUrl":"https:\/\/www.gulersan.com\/wp-content\/uploads\/2021\/01\/gulersan-logo-tr.png","width":1242,"height":302,"caption":"G\u00fclersan Ya\u011flama Cihazlar\u0131"},"image":{"@id":"https:\/\/www.gulersan.com\/en\/#\/schema\/logo\/image\/"}}]}},"_links":{"self":[{"href":"https:\/\/www.gulersan.com\/en\/wp-json\/wp\/v2\/product\/15383","targetHints":{"allow":["GET"]}}],"collection":[{"href":"https:\/\/www.gulersan.com\/en\/wp-json\/wp\/v2\/product"}],"about":[{"href":"https:\/\/www.gulersan.com\/en\/wp-json\/wp\/v2\/types\/product"}],"replies":[{"embeddable":true,"href":"https:\/\/www.gulersan.com\/en\/wp-json\/wp\/v2\/comments?post=15383"}],"wp:featuredmedia":[{"embeddable":true,"href":"https:\/\/www.gulersan.com\/en\/wp-json\/wp\/v2\/media\/15384"}],"wp:attachment":[{"href":"https:\/\/www.gulersan.com\/en\/wp-json\/wp\/v2\/media?parent=15383"}],"wp:term":[{"taxonomy":"product_brand","embeddable":true,"href":"https:\/\/www.gulersan.com\/en\/wp-json\/wp\/v2\/product_brand?post=15383"},{"taxonomy":"product_cat","embeddable":true,"href":"https:\/\/www.gulersan.com\/en\/wp-json\/wp\/v2\/product_cat?post=15383"},{"taxonomy":"product_tag","embeddable":true,"href":"https:\/\/www.gulersan.com\/en\/wp-json\/wp\/v2\/product_tag?post=15383"}],"curies":[{"name":"wp","href":"https:\/\/api.w.org\/{rel}","templated":true}]}}