{"id":15413,"date":"2026-05-05T16:06:58","date_gmt":"2026-05-05T13:06:58","guid":{"rendered":"https:\/\/www.gulersan.com\/urun\/gls-tezgah-pano-kancalari\/"},"modified":"2026-05-05T16:07:06","modified_gmt":"2026-05-05T13:07:06","slug":"gls-tezgah-pano-kancalari","status":"publish","type":"product","link":"https:\/\/www.gulersan.com\/en\/urun\/gls-tezgah-pano-kancalari\/","title":{"rendered":"GLS Tezgah Pano Kancalar\u0131"},"content":{"rendered":"<div class=\"row\"  id=\"row-251086446\">\n\n\t<div id=\"col-670416046\" class=\"col medium-6 small-12 large-6\"  >\n\t\t\t\t<div class=\"col-inner\"  >\n\t\t\t\n\t\t\t\n<h2 style=\"text-align: left;\"><span style=\"color: #000080;\"><strong>Neden GLS Tezgah Pano Kancalar\u0131 ?<\/strong><\/span><\/h2>\n<p>&nbsp;<\/p>\n\t\t<\/div>\n\t\t\t\t\t<\/div>\n\n\t\n\n\t<div id=\"col-242388743\" class=\"col medium-6 small-12 large-6\"  >\n\t\t\t\t<div class=\"col-inner\"  >\n\t\t\t\n\t\t\t\n<h2>Teslimat Kapsam\u0131<\/h2>\n<table style=\"width: 100%; height: 450px;\" bgcolor=\"white\">\n<tbody>\n<tr>\n<td style=\"height: 1px;\" colspan=\"4\" bgcolor=\"white\"><img loading=\"lazy\" decoding=\"async\" class=\"alignnone wp-image-4888\" style=\"color: #555555; font-size: 14.4px; background-color: #ffffff;\" src=\"https:\/\/www.gulersan.com\/wp-content\/uploads\/2020\/12\/cizgi.jpg\" alt=\"\" width=\"1454\" height=\"12\" srcset=\"https:\/\/www.gulersan.com\/wp-content\/uploads\/2020\/12\/cizgi.jpg 606w, https:\/\/www.gulersan.com\/wp-content\/uploads\/2020\/12\/cizgi-510x4.jpg 510w\" sizes=\"auto, (max-width: 1454px) 100vw, 1454px\" \/><\/td>\n<\/tr>\n<tr>\n<td><span style=\"font-size: 120%;\"><strong>\u00a0 \u00a0 \u00a0\u00a0 GLS K1<\/strong><\/span><\/td>\n<td><\/td>\n<td style=\"text-align: right;\"><span style=\"font-size: 120%;\"><img loading=\"lazy\" decoding=\"async\" class=\"alignnone wp-image-14463\" src=\"https:\/\/www.glsgaraj.com\/wp-content\/uploads\/2021\/08\/gls-k1-tezgah-pano-kancasi-1-450x450-1-400x400.jpg\" alt=\"\" width=\"72\" height=\"72\" \/>\u00a0 \u00a0 \u00a0\u00a0<\/span><\/td>\n<\/tr>\n<tr>\n<td><span style=\"font-size: 120%;\"><strong>\u00a0 \u00a0 \u00a0\u00a0 GLS K2<\/strong><\/span><\/td>\n<td><\/td>\n<td style=\"text-align: right;\"><span style=\"font-size: 120%;\"><img loading=\"lazy\" decoding=\"async\" class=\"alignnone wp-image-14477\" src=\"https:\/\/www.glsgaraj.com\/wp-content\/uploads\/2021\/08\/gls-k2-tezgah-pano-kancasi-1-450x450-1-400x400.jpg\" alt=\"\" width=\"72\" height=\"72\" \/>\u00a0 \u00a0 \u00a0 \u00a0 \u00a0<\/span><\/td>\n<\/tr>\n<tr>\n<td height=\"85px\"><span style=\"font-size: 120%;\"><strong>\u00a0 \u00a0 \u00a0 \u00a0GLS K3<\/strong><\/span><\/td>\n<td><\/td>\n<td style=\"text-align: right;\"><span style=\"font-size: 120%;\"><img loading=\"lazy\" decoding=\"async\" class=\"alignnone wp-image-14479\" src=\"https:\/\/www.glsgaraj.com\/wp-content\/uploads\/2021\/08\/gls-k3-tezgah-pano-kancasi-450x450-1-400x400.jpg\" alt=\"\" width=\"72\" height=\"72\" \/>\u00a0 \u00a0 \u00a0\u00a0<\/span><\/td>\n<\/tr>\n<tr>\n<td><span style=\"font-size: 120%;\"><strong>\u00a0 \u00a0 \u00a0\u00a0 GLS K4<\/strong><\/span><\/td>\n<td><\/td>\n<td style=\"text-align: right;\"><span style=\"font-size: 120%;\"><img loading=\"lazy\" decoding=\"async\" class=\"alignnone wp-image-14481\" src=\"https:\/\/www.glsgaraj.com\/wp-content\/uploads\/2021\/08\/gls-k4-tezgah-pano-kancasi-450x450-1-400x400.jpg\" alt=\"\" width=\"72\" height=\"72\" \/>\u00a0 \u00a0 \u00a0<\/span><\/td>\n<\/tr>\n<tr>\n<td><span style=\"font-size: 120%;\"><strong>\u00a0 \u00a0 \u00a0\u00a0 GLS K5<\/strong><\/span><\/td>\n<td><\/td>\n<td style=\"text-align: right;\"><span style=\"font-size: 120%;\"><img loading=\"lazy\" decoding=\"async\" class=\"alignnone wp-image-14483\" src=\"https:\/\/www.glsgaraj.com\/wp-content\/uploads\/2021\/08\/gls-k5-tezgah-pano-kancasi-450x450-1-400x400.jpg\" alt=\"\" width=\"72\" height=\"72\" \/>\u00a0 \u00a0 \u00a0<\/span><\/td>\n<\/tr>\n<tr>\n<td><span style=\"font-size: 120%;\"><strong>\u00a0 \u00a0 \u00a0\u00a0 GLS K6<\/strong><\/span><\/td>\n<td><\/td>\n<td style=\"text-align: right;\"><span style=\"font-size: 120%;\"><img loading=\"lazy\" decoding=\"async\" class=\"alignnone wp-image-14485\" src=\"https:\/\/www.glsgaraj.com\/wp-content\/uploads\/2021\/08\/gls-k6-tezgah-pano-kancasi-450x450-1-400x400.jpg\" alt=\"\" width=\"72\" height=\"72\" \/>\u00a0 \u00a0 \u00a0 \u00a0\u00a0<\/span><\/td>\n<\/tr>\n<tr>\n<td><span style=\"font-size: 120%;\"><strong>\u00a0 \u00a0 \u00a0\u00a0 GLS K7<\/strong><\/span><\/td>\n<td><\/td>\n<td style=\"text-align: right;\"><span style=\"font-size: 120%;\"><img loading=\"lazy\" decoding=\"async\" class=\"alignnone wp-image-14487\" src=\"https:\/\/www.glsgaraj.com\/wp-content\/uploads\/2021\/08\/gls-k7-tezgah-pano-kancasi-450x450-1-400x400.jpg\" alt=\"\" width=\"72\" height=\"72\" \/>\u00a0 \u00a0 \u00a0\u00a0<\/span><\/td>\n<\/tr>\n<tr>\n<td><span style=\"font-size: 120%;\"><strong>\u00a0 \u00a0 \u00a0\u00a0 GLS K8<\/strong><\/span><\/td>\n<td><\/td>\n<td style=\"text-align: right;\"><span style=\"font-size: 120%;\"><img loading=\"lazy\" decoding=\"async\" class=\"alignnone wp-image-14489\" src=\"https:\/\/www.glsgaraj.com\/wp-content\/uploads\/2021\/08\/gls-k8-tezgah-pano-kancasi-450x450-1-400x400.jpg\" alt=\"\" width=\"72\" height=\"72\" \/>\u00a0 \u00a0\u00a0<\/span><\/td>\n<\/tr>\n<tr>\n<td><span style=\"font-size: 120%;\"><strong>\u00a0 \u00a0 \u00a0\u00a0 GLS K9<\/strong><\/span><\/td>\n<td><\/td>\n<td style=\"text-align: right;\"><span style=\"font-size: 120%;\"><img loading=\"lazy\" decoding=\"async\" class=\"alignnone wp-image-14491\" src=\"https:\/\/www.glsgaraj.com\/wp-content\/uploads\/2021\/08\/gls-k9-tezgah-pano-kancasi-450x450-1-400x400.jpg\" alt=\"\" width=\"72\" height=\"72\" \/>\u00a0 \u00a0 \u00a0\u00a0<\/span><\/td>\n<\/tr>\n<tr>\n<td><span style=\"font-size: 120%;\"><strong>\u00a0 \u00a0 \u00a0\u00a0 G<b>LS K10<\/b><\/strong><\/span><\/td>\n<td><\/td>\n<td style=\"text-align: right;\"><span style=\"font-size: 120%;\"> <img loading=\"lazy\" decoding=\"async\" class=\"alignnone wp-image-14465\" src=\"https:\/\/www.glsgaraj.com\/wp-content\/uploads\/2021\/08\/gls-k10-tezgah-pano-kancasi-450x450-1-400x400.jpg\" alt=\"\" width=\"71\" height=\"71\" \/>\u00a0 \u00a0\u00a0<\/span><\/td>\n<\/tr>\n<tr>\n<td><span style=\"font-size: 120%;\"><strong>\u00a0 \u00a0 \u00a0\u00a0 GLS K11<\/strong><\/span><\/td>\n<td><\/td>\n<td style=\"text-align: right;\"><span style=\"font-size: 120%;\"><img loading=\"lazy\" decoding=\"async\" class=\"alignnone wp-image-14467\" src=\"https:\/\/www.glsgaraj.com\/wp-content\/uploads\/2021\/08\/gls-k11-tezgah-pano-kancasi-450x450-1-400x400.jpg\" alt=\"\" width=\"72\" height=\"72\" \/>\u00a0 \u00a0<\/span><\/td>\n<\/tr>\n<tr>\n<td><span style=\"font-size: 120%;\"><strong>\u00a0 \u00a0 \u00a0\u00a0 GLS K12<\/strong><\/span><\/td>\n<td><\/td>\n<td style=\"text-align: right;\"><span style=\"font-size: 120%;\"><img loading=\"lazy\" decoding=\"async\" class=\"alignnone wp-image-14469\" src=\"https:\/\/www.glsgaraj.com\/wp-content\/uploads\/2021\/08\/gls-k12-tezgah-pano-kancasi-450x450-1-400x400.jpg\" alt=\"\" width=\"72\" height=\"72\" \/>\u00a0 \u00a0 \u00a0<\/span><\/td>\n<\/tr>\n<tr>\n<td><span style=\"font-size: 120%;\"><strong>\u00a0 \u00a0 \u00a0 \u00a0GLS K13<\/strong><\/span><\/td>\n<td><\/td>\n<td style=\"text-align: right;\"><span style=\"font-size: 120%;\"><img loading=\"lazy\" decoding=\"async\" class=\"alignnone wp-image-14471\" src=\"https:\/\/www.glsgaraj.com\/wp-content\/uploads\/2021\/08\/gkk13-pano-kancasi-450x450-1-400x400.jpg\" alt=\"\" width=\"72\" height=\"72\" \/>\u00a0 \u00a0 \u00a0\u00a0<\/span><\/td>\n<\/tr>\n<tr>\n<td><span style=\"font-size: 120%;\"><strong>\u00a0 \u00a0 \u00a0\u00a0 <b>GLS K14<\/b><\/strong><\/span><\/td>\n<td><\/td>\n<td style=\"text-align: right;\"><span style=\"font-size: 120%;\"><img loading=\"lazy\" decoding=\"async\" class=\"alignnone wp-image-14473\" src=\"https:\/\/www.glsgaraj.com\/wp-content\/uploads\/2021\/08\/gls-k14-tezgah-pano-kancasi-450x450-1-400x400.jpg\" alt=\"\" width=\"72\" height=\"72\" \/>\u00a0 \u00a0 \u00a0\u00a0<\/span><\/td>\n<\/tr>\n<tr>\n<td><span style=\"font-size: 120%;\"><strong>\u00a0 \u00a0 \u00a0\u00a0 GLS K15<\/strong><\/span><\/td>\n<td><\/td>\n<td style=\"text-align: right;\"><span style=\"font-size: 120%;\"><img loading=\"lazy\" decoding=\"async\" class=\"alignnone wp-image-14475\" src=\"https:\/\/www.glsgaraj.com\/wp-content\/uploads\/2021\/08\/gls-k15-tezgah-pano-kancasi-450x450-1-400x400.jpg\" alt=\"\" width=\"72\" height=\"72\" \/>\u00a0 \u00a0 \u00a0 \u00a0<\/span><\/td>\n<\/tr>\n<tr>\n<td><span style=\"font-size: 120%;\"><strong>\u00a0 \u00a0 \u00a0\u00a0 GLS K16<\/strong><\/span><\/td>\n<td><\/td>\n<td style=\"text-align: right;\"><span style=\"font-size: 120%;\"><img loading=\"lazy\" decoding=\"async\" class=\"alignnone wp-image-14503\" src=\"https:\/\/www.glsgaraj.com\/wp-content\/uploads\/2021\/08\/gls-k16-tezgah-pano-kancasi-450x450-1-400x400.jpg\" alt=\"\" width=\"73\" height=\"73\" \/>\u00a0 \u00a0 \u00a0 \u00a0<\/span><\/td>\n<\/tr>\n<tr>\n<td><span style=\"font-size: 120%;\"><strong>\u00a0 \u00a0 \u00a0\u00a0 GLS K17<\/strong><\/span><\/td>\n<td><\/td>\n<td style=\"text-align: right;\"><span style=\"font-size: 120%;\"><img loading=\"lazy\" decoding=\"async\" class=\"alignnone wp-image-14505\" src=\"https:\/\/www.glsgaraj.com\/wp-content\/uploads\/2021\/08\/gls-k17-tezgah-pano-kancasi-450x450-1-400x400.jpg\" alt=\"\" width=\"73\" height=\"73\" \/>\u00a0 \u00a0 \u00a0 \u00a0\u00a0<\/span><\/td>\n<\/tr>\n<tr>\n<td><span style=\"font-size: 120%;\"><strong>\u00a0 \u00a0 \u00a0\u00a0 GLS K18<\/strong><\/span><\/td>\n<td><\/td>\n<td style=\"text-align: right;\"><span style=\"font-size: 120%;\"><img loading=\"lazy\" decoding=\"async\" class=\"alignnone wp-image-14507\" src=\"https:\/\/www.glsgaraj.com\/wp-content\/uploads\/2021\/08\/gls-k18-tezgah-pano-kancas-450x450-1-400x400.jpg\" alt=\"\" width=\"73\" height=\"73\" \/>\u00a0 \u00a0 \u00a0 \u00a0\u00a0<\/span><\/td>\n<\/tr>\n<tr>\n<td><span style=\"font-size: 120%;\"><strong>\u00a0 \u00a0 \u00a0\u00a0 GLS K19<\/strong><\/span><\/td>\n<td><\/td>\n<td style=\"text-align: right;\"><span style=\"font-size: 120%;\"><img loading=\"lazy\" decoding=\"async\" class=\"alignnone wp-image-14493\" src=\"https:\/\/www.glsgaraj.com\/wp-content\/uploads\/2021\/08\/K19-1-450x450w-400x400.jpg\" alt=\"\" width=\"73\" height=\"73\" \/>\u00a0 \u00a0 \u00a0\u00a0<\/span><\/td>\n<\/tr>\n<tr>\n<td><span style=\"font-size: 120%;\"><strong>\u00a0 \u00a0 \u00a0\u00a0 GLS K21<\/strong><\/span><\/td>\n<td><\/td>\n<td style=\"text-align: right;\"><span style=\"font-size: 120%;\"><img loading=\"lazy\" decoding=\"async\" class=\"alignnone wp-image-14495\" src=\"https:\/\/www.glsgaraj.com\/wp-content\/uploads\/2021\/08\/K21-1-450x450w-400x400.jpg\" alt=\"\" width=\"73\" height=\"73\" \/>\u00a0 \u00a0 \u00a0 \u00a0<\/span><\/td>\n<\/tr>\n<tr>\n<td><span style=\"font-size: 120%;\"><strong>\u00a0 \u00a0 \u00a0\u00a0 GLS K30<\/strong><\/span><\/td>\n<td><\/td>\n<td style=\"text-align: right;\"><span style=\"font-size: 120%;\"><img loading=\"lazy\" decoding=\"async\" class=\"alignnone wp-image-14497\" src=\"https:\/\/www.glsgaraj.com\/wp-content\/uploads\/2021\/08\/K30-1-450x450h-400x400.jpg\" alt=\"\" width=\"80\" height=\"80\" \/>\u00a0 \u00a0 \u00a0\u00a0<\/span><\/td>\n<\/tr>\n<tr>\n<td><span style=\"font-size: 120%;\"><strong>\u00a0 \u00a0 \u00a0\u00a0 GLS K35<\/strong><\/span><\/td>\n<td><\/td>\n<td style=\"text-align: right;\"><span style=\"font-size: 120%;\"><img loading=\"lazy\" decoding=\"async\" class=\"alignnone wp-image-14499\" src=\"https:\/\/www.glsgaraj.com\/wp-content\/uploads\/2021\/08\/K35-2-450x450h-400x400.jpg\" alt=\"\" width=\"76\" height=\"76\" \/>\u00a0 \u00a0 \u00a0\u00a0<\/span><\/td>\n<\/tr>\n<tr>\n<td><span style=\"font-size: 120%;\"><strong>\u00a0 \u00a0 \u00a0\u00a0 GLS K40<\/strong><\/span><\/td>\n<td><\/td>\n<td style=\"text-align: right;\"><span style=\"font-size: 120%;\"><img loading=\"lazy\" decoding=\"async\" class=\"alignnone wp-image-14501\" src=\"https:\/\/www.glsgaraj.com\/wp-content\/uploads\/2021\/08\/K40-1-450x450h-400x400.jpg\" alt=\"\" width=\"76\" height=\"76\" \/>\u00a0 \u00a0 \u00a0\u00a0<\/span><\/td>\n<\/tr>\n<\/tbody>\n<\/table>\n<p>&nbsp;<\/p>\n\t\t<\/div>\n\t\t\t\t\t<\/div>\n\n\t\n<\/div>\n<div class=\"row\"  id=\"row-23831825\">\n\n\t<div id=\"col-902705265\" class=\"col small-12 large-12\"  >\n\t\t\t\t<div class=\"col-inner\"  >\n\t\t\t\n\t\t\t\n<h3><\/h3>\n\t\t<\/div>\n\t\t\t\t\t<\/div>\n\n\t\n<\/div>\n<p>&nbsp;<\/p>\n","protected":false},"excerpt":{"rendered":"<p>&nbsp;<\/p>\n","protected":false},"featured_media":15414,"comment_status":"closed","ping_status":"open","template":"","meta":[],"product_brand":[],"product_cat":[1410,1418],"product_tag":[],"class_list":{"0":"post-15413","1":"product","2":"type-product","3":"status-publish","4":"has-post-thumbnail","6":"product_cat-metal-esyalar","7":"product_cat-takim-asma-panolari","9":"first","10":"instock","11":"product-type-simple"},"yoast_head":"<!-- This site is optimized with the Yoast SEO plugin v27.6 - https:\/\/yoast.com\/product\/yoast-seo-wordpress\/ -->\n<title>GLS Tezgah Pano Kancalar\u0131 - G\u00fclersan Ya\u011flama Cihazlar\u0131<\/title>\n<meta name=\"robots\" content=\"index, follow, max-snippet:-1, max-image-preview:large, max-video-preview:-1\" \/>\n<link rel=\"canonical\" href=\"https:\/\/www.gulersan.com\/en\/urun\/gls-tezgah-pano-kancalari\/\" \/>\n<meta property=\"og:locale\" content=\"en_US\" \/>\n<meta property=\"og:type\" content=\"article\" \/>\n<meta property=\"og:title\" content=\"GLS Tezgah Pano Kancalar\u0131 - G\u00fclersan Ya\u011flama Cihazlar\u0131\" \/>\n<meta property=\"og:description\" content=\"&nbsp;\" \/>\n<meta property=\"og:url\" content=\"https:\/\/www.gulersan.com\/en\/urun\/gls-tezgah-pano-kancalari\/\" \/>\n<meta property=\"og:site_name\" content=\"G\u00fclersan Ya\u011flama Cihazlar\u0131\" \/>\n<meta property=\"article:modified_time\" content=\"2026-05-05T13:07:06+00:00\" \/>\n<meta property=\"og:image\" content=\"https:\/\/www.gulersan.com\/wp-content\/uploads\/2026\/05\/gls-asma-pano-kancalari-2.jpg\" \/>\n\t<meta property=\"og:image:width\" content=\"500\" \/>\n\t<meta property=\"og:image:height\" content=\"500\" \/>\n\t<meta property=\"og:image:type\" content=\"image\/jpeg\" \/>\n<meta name=\"twitter:card\" content=\"summary_large_image\" \/>\n<script type=\"application\/ld+json\" class=\"yoast-schema-graph\">{\"@context\":\"https:\\\/\\\/schema.org\",\"@graph\":[{\"@type\":\"WebPage\",\"@id\":\"https:\\\/\\\/www.gulersan.com\\\/en\\\/urun\\\/gls-tezgah-pano-kancalari\\\/\",\"url\":\"https:\\\/\\\/www.gulersan.com\\\/en\\\/urun\\\/gls-tezgah-pano-kancalari\\\/\",\"name\":\"GLS Tezgah Pano Kancalar\u0131 - G\u00fclersan Ya\u011flama Cihazlar\u0131\",\"isPartOf\":{\"@id\":\"https:\\\/\\\/www.gulersan.com\\\/en\\\/#website\"},\"primaryImageOfPage\":{\"@id\":\"https:\\\/\\\/www.gulersan.com\\\/en\\\/urun\\\/gls-tezgah-pano-kancalari\\\/#primaryimage\"},\"image\":{\"@id\":\"https:\\\/\\\/www.gulersan.com\\\/en\\\/urun\\\/gls-tezgah-pano-kancalari\\\/#primaryimage\"},\"thumbnailUrl\":\"https:\\\/\\\/www.gulersan.com\\\/wp-content\\\/uploads\\\/2026\\\/05\\\/gls-asma-pano-kancalari-2.jpg\",\"datePublished\":\"2026-05-05T13:06:58+00:00\",\"dateModified\":\"2026-05-05T13:07:06+00:00\",\"breadcrumb\":{\"@id\":\"https:\\\/\\\/www.gulersan.com\\\/en\\\/urun\\\/gls-tezgah-pano-kancalari\\\/#breadcrumb\"},\"inLanguage\":\"en-US\",\"potentialAction\":[{\"@type\":\"ReadAction\",\"target\":[\"https:\\\/\\\/www.gulersan.com\\\/en\\\/urun\\\/gls-tezgah-pano-kancalari\\\/\"]}]},{\"@type\":\"ImageObject\",\"inLanguage\":\"en-US\",\"@id\":\"https:\\\/\\\/www.gulersan.com\\\/en\\\/urun\\\/gls-tezgah-pano-kancalari\\\/#primaryimage\",\"url\":\"https:\\\/\\\/www.gulersan.com\\\/wp-content\\\/uploads\\\/2026\\\/05\\\/gls-asma-pano-kancalari-2.jpg\",\"contentUrl\":\"https:\\\/\\\/www.gulersan.com\\\/wp-content\\\/uploads\\\/2026\\\/05\\\/gls-asma-pano-kancalari-2.jpg\",\"width\":500,\"height\":500},{\"@type\":\"BreadcrumbList\",\"@id\":\"https:\\\/\\\/www.gulersan.com\\\/en\\\/urun\\\/gls-tezgah-pano-kancalari\\\/#breadcrumb\",\"itemListElement\":[{\"@type\":\"ListItem\",\"position\":1,\"name\":\"Anasayfa\",\"item\":\"https:\\\/\\\/www.gulersan.com\\\/en\\\/\"},{\"@type\":\"ListItem\",\"position\":2,\"name\":\"\\\/\",\"item\":\"https:\\\/\\\/www.gulersan.com\\\/shop\\\/\"},{\"@type\":\"ListItem\",\"position\":3,\"name\":\"GLS Garaj Ekipmanlar\u0131\",\"item\":\"https:\\\/\\\/www.gulersan.com\\\/en\\\/urun-kategori\\\/gls-garaj-ekipmanlari\\\/\"},{\"@type\":\"ListItem\",\"position\":4,\"name\":\"Metal E\u015fyalar\",\"item\":\"https:\\\/\\\/www.gulersan.com\\\/en\\\/urun-kategori\\\/gls-garaj-ekipmanlari\\\/metal-esyalar\\\/\"},{\"@type\":\"ListItem\",\"position\":5,\"name\":\"Tak\u0131m Asma Panolar\u0131\",\"item\":\"https:\\\/\\\/www.gulersan.com\\\/en\\\/urun-kategori\\\/gls-garaj-ekipmanlari\\\/metal-esyalar\\\/takim-asma-panolari\\\/\"},{\"@type\":\"ListItem\",\"position\":6,\"name\":\"GLS Tezgah Pano Kancalar\u0131\"}]},{\"@type\":\"WebSite\",\"@id\":\"https:\\\/\\\/www.gulersan.com\\\/en\\\/#website\",\"url\":\"https:\\\/\\\/www.gulersan.com\\\/en\\\/\",\"name\":\"G\u00fclersan Ya\u011flama Cihazlar\u0131\",\"description\":\"Ya\u011flama Makinesi | Haval\u0131 Gres Pompas\u0131 | Ya\u011flama Pompas\u0131 | Ya\u011f \u00c7ekme Pompas\u0131\",\"publisher\":{\"@id\":\"https:\\\/\\\/www.gulersan.com\\\/en\\\/#organization\"},\"potentialAction\":[{\"@type\":\"SearchAction\",\"target\":{\"@type\":\"EntryPoint\",\"urlTemplate\":\"https:\\\/\\\/www.gulersan.com\\\/en\\\/?s={search_term_string}\"},\"query-input\":{\"@type\":\"PropertyValueSpecification\",\"valueRequired\":true,\"valueName\":\"search_term_string\"}}],\"inLanguage\":\"en-US\"},{\"@type\":\"Organization\",\"@id\":\"https:\\\/\\\/www.gulersan.com\\\/en\\\/#organization\",\"name\":\"G\u00fclersan Ya\u011flama Cihazlar\u0131\",\"url\":\"https:\\\/\\\/www.gulersan.com\\\/en\\\/\",\"logo\":{\"@type\":\"ImageObject\",\"inLanguage\":\"en-US\",\"@id\":\"https:\\\/\\\/www.gulersan.com\\\/en\\\/#\\\/schema\\\/logo\\\/image\\\/\",\"url\":\"https:\\\/\\\/www.gulersan.com\\\/wp-content\\\/uploads\\\/2021\\\/01\\\/gulersan-logo-tr.png\",\"contentUrl\":\"https:\\\/\\\/www.gulersan.com\\\/wp-content\\\/uploads\\\/2021\\\/01\\\/gulersan-logo-tr.png\",\"width\":1242,\"height\":302,\"caption\":\"G\u00fclersan Ya\u011flama Cihazlar\u0131\"},\"image\":{\"@id\":\"https:\\\/\\\/www.gulersan.com\\\/en\\\/#\\\/schema\\\/logo\\\/image\\\/\"}}]}<\/script>\n<!-- \/ Yoast SEO plugin. -->","yoast_head_json":{"title":"GLS Tezgah Pano Kancalar\u0131 - G\u00fclersan Ya\u011flama Cihazlar\u0131","robots":{"index":"index","follow":"follow","max-snippet":"max-snippet:-1","max-image-preview":"max-image-preview:large","max-video-preview":"max-video-preview:-1"},"canonical":"https:\/\/www.gulersan.com\/en\/urun\/gls-tezgah-pano-kancalari\/","og_locale":"en_US","og_type":"article","og_title":"GLS Tezgah Pano Kancalar\u0131 - G\u00fclersan Ya\u011flama Cihazlar\u0131","og_description":"&nbsp;","og_url":"https:\/\/www.gulersan.com\/en\/urun\/gls-tezgah-pano-kancalari\/","og_site_name":"G\u00fclersan Ya\u011flama Cihazlar\u0131","article_modified_time":"2026-05-05T13:07:06+00:00","og_image":[{"width":500,"height":500,"url":"https:\/\/www.gulersan.com\/wp-content\/uploads\/2026\/05\/gls-asma-pano-kancalari-2.jpg","type":"image\/jpeg"}],"twitter_card":"summary_large_image","schema":{"@context":"https:\/\/schema.org","@graph":[{"@type":"WebPage","@id":"https:\/\/www.gulersan.com\/en\/urun\/gls-tezgah-pano-kancalari\/","url":"https:\/\/www.gulersan.com\/en\/urun\/gls-tezgah-pano-kancalari\/","name":"GLS Tezgah Pano Kancalar\u0131 - G\u00fclersan Ya\u011flama Cihazlar\u0131","isPartOf":{"@id":"https:\/\/www.gulersan.com\/en\/#website"},"primaryImageOfPage":{"@id":"https:\/\/www.gulersan.com\/en\/urun\/gls-tezgah-pano-kancalari\/#primaryimage"},"image":{"@id":"https:\/\/www.gulersan.com\/en\/urun\/gls-tezgah-pano-kancalari\/#primaryimage"},"thumbnailUrl":"https:\/\/www.gulersan.com\/wp-content\/uploads\/2026\/05\/gls-asma-pano-kancalari-2.jpg","datePublished":"2026-05-05T13:06:58+00:00","dateModified":"2026-05-05T13:07:06+00:00","breadcrumb":{"@id":"https:\/\/www.gulersan.com\/en\/urun\/gls-tezgah-pano-kancalari\/#breadcrumb"},"inLanguage":"en-US","potentialAction":[{"@type":"ReadAction","target":["https:\/\/www.gulersan.com\/en\/urun\/gls-tezgah-pano-kancalari\/"]}]},{"@type":"ImageObject","inLanguage":"en-US","@id":"https:\/\/www.gulersan.com\/en\/urun\/gls-tezgah-pano-kancalari\/#primaryimage","url":"https:\/\/www.gulersan.com\/wp-content\/uploads\/2026\/05\/gls-asma-pano-kancalari-2.jpg","contentUrl":"https:\/\/www.gulersan.com\/wp-content\/uploads\/2026\/05\/gls-asma-pano-kancalari-2.jpg","width":500,"height":500},{"@type":"BreadcrumbList","@id":"https:\/\/www.gulersan.com\/en\/urun\/gls-tezgah-pano-kancalari\/#breadcrumb","itemListElement":[{"@type":"ListItem","position":1,"name":"Anasayfa","item":"https:\/\/www.gulersan.com\/en\/"},{"@type":"ListItem","position":2,"name":"\/","item":"https:\/\/www.gulersan.com\/shop\/"},{"@type":"ListItem","position":3,"name":"GLS Garaj Ekipmanlar\u0131","item":"https:\/\/www.gulersan.com\/en\/urun-kategori\/gls-garaj-ekipmanlari\/"},{"@type":"ListItem","position":4,"name":"Metal E\u015fyalar","item":"https:\/\/www.gulersan.com\/en\/urun-kategori\/gls-garaj-ekipmanlari\/metal-esyalar\/"},{"@type":"ListItem","position":5,"name":"Tak\u0131m Asma Panolar\u0131","item":"https:\/\/www.gulersan.com\/en\/urun-kategori\/gls-garaj-ekipmanlari\/metal-esyalar\/takim-asma-panolari\/"},{"@type":"ListItem","position":6,"name":"GLS Tezgah Pano Kancalar\u0131"}]},{"@type":"WebSite","@id":"https:\/\/www.gulersan.com\/en\/#website","url":"https:\/\/www.gulersan.com\/en\/","name":"G\u00fclersan Ya\u011flama Cihazlar\u0131","description":"Ya\u011flama Makinesi | Haval\u0131 Gres Pompas\u0131 | Ya\u011flama Pompas\u0131 | Ya\u011f \u00c7ekme Pompas\u0131","publisher":{"@id":"https:\/\/www.gulersan.com\/en\/#organization"},"potentialAction":[{"@type":"SearchAction","target":{"@type":"EntryPoint","urlTemplate":"https:\/\/www.gulersan.com\/en\/?s={search_term_string}"},"query-input":{"@type":"PropertyValueSpecification","valueRequired":true,"valueName":"search_term_string"}}],"inLanguage":"en-US"},{"@type":"Organization","@id":"https:\/\/www.gulersan.com\/en\/#organization","name":"G\u00fclersan Ya\u011flama Cihazlar\u0131","url":"https:\/\/www.gulersan.com\/en\/","logo":{"@type":"ImageObject","inLanguage":"en-US","@id":"https:\/\/www.gulersan.com\/en\/#\/schema\/logo\/image\/","url":"https:\/\/www.gulersan.com\/wp-content\/uploads\/2021\/01\/gulersan-logo-tr.png","contentUrl":"https:\/\/www.gulersan.com\/wp-content\/uploads\/2021\/01\/gulersan-logo-tr.png","width":1242,"height":302,"caption":"G\u00fclersan Ya\u011flama Cihazlar\u0131"},"image":{"@id":"https:\/\/www.gulersan.com\/en\/#\/schema\/logo\/image\/"}}]}},"_links":{"self":[{"href":"https:\/\/www.gulersan.com\/en\/wp-json\/wp\/v2\/product\/15413","targetHints":{"allow":["GET"]}}],"collection":[{"href":"https:\/\/www.gulersan.com\/en\/wp-json\/wp\/v2\/product"}],"about":[{"href":"https:\/\/www.gulersan.com\/en\/wp-json\/wp\/v2\/types\/product"}],"replies":[{"embeddable":true,"href":"https:\/\/www.gulersan.com\/en\/wp-json\/wp\/v2\/comments?post=15413"}],"wp:featuredmedia":[{"embeddable":true,"href":"https:\/\/www.gulersan.com\/en\/wp-json\/wp\/v2\/media\/15414"}],"wp:attachment":[{"href":"https:\/\/www.gulersan.com\/en\/wp-json\/wp\/v2\/media?parent=15413"}],"wp:term":[{"taxonomy":"product_brand","embeddable":true,"href":"https:\/\/www.gulersan.com\/en\/wp-json\/wp\/v2\/product_brand?post=15413"},{"taxonomy":"product_cat","embeddable":true,"href":"https:\/\/www.gulersan.com\/en\/wp-json\/wp\/v2\/product_cat?post=15413"},{"taxonomy":"product_tag","embeddable":true,"href":"https:\/\/www.gulersan.com\/en\/wp-json\/wp\/v2\/product_tag?post=15413"}],"curies":[{"name":"wp","href":"https:\/\/api.w.org\/{rel}","templated":true}]}}