{"id":15481,"date":"2026-05-05T16:07:49","date_gmt":"2026-05-05T13:07:49","guid":{"rendered":"https:\/\/www.gulersan.com\/urun\/avadanlik-standi-aski-panolu-tekerlekli-cift-yonlu-4525\/"},"modified":"2026-05-05T16:07:53","modified_gmt":"2026-05-05T13:07:53","slug":"avadanlik-standi-aski-panolu-tekerlekli-cift-yonlu-4525","status":"publish","type":"product","link":"https:\/\/www.gulersan.com\/en\/urun\/avadanlik-standi-aski-panolu-tekerlekli-cift-yonlu-4525\/","title":{"rendered":"Avadanl\u0131k Stand\u0131 Ask\u0131 Panolu Tekerlekli \u00c7ift Y\u00f6nl\u00fc 4525"},"content":{"rendered":"<h2 style=\"text-align: left;\"><span style=\"color: #000080;\"><strong>Avadanl\u0131k Stand\u0131 Ask\u0131 Panolu Tekerlekli \u00c7ift Y\u00f6nl\u00fc 4525<\/strong><\/span><\/h2>\n<div>\n<p><span style=\"font-size: 120%;\"><strong><img loading=\"lazy\" decoding=\"async\" class=\"alignnone wp-image-12531\" src=\"https:\/\/www.glsgaraj.com\/wp-content\/uploads\/2021\/06\/konuiciikon.png\" alt=\"\" width=\"18\" height=\"19\" \/> Teknik \u00d6zellikler<\/strong><\/span><\/p>\n<p>\u00c7ift y\u00f6nl\u00fc hareketli k\u0131sa tip avadanl\u0131k stand\u0131m\u0131z\u0131n \u00e7er\u00e7evesi 30x50x1,5 mm kutu profil karkasl\u0131, elektrostatik toz boyal\u0131d\u0131r. \u00dcr\u00fcn\u00fcm\u00fczde ayr\u0131ca \u00e7ift y\u00f6nde 1,20 mm dkp sacdan elektrostatik toz boyal\u0131 980&#215;450 mm tak\u0131m asma panosu bulunmaktad\u0131r. \u00dcr\u00fcn\u00fcm\u00fczde \u00e7ift y\u00f6nde toplam ; 56 adet A-150 (125x190x100 mm), 36 adet A-200 (122x150x240 mm) plastik avadanl\u0131k kutusu mevcuttur.<\/p>\n<table style=\"width: 100%; height: 274px;\" bgcolor=\"whitesmoke\">\n<tbody>\n<tr>\n<td style=\"height: 1px;\" colspan=\"4\" bgcolor=\"white\"><img loading=\"lazy\" decoding=\"async\" class=\"alignnone wp-image-4888\" style=\"color: #555555; font-size: 14.4px; background-color: #ffffff;\" src=\"https:\/\/www.gulersan.com\/wp-content\/uploads\/2020\/12\/cizgi.jpg\" alt=\"\" width=\"1454\" height=\"12\" srcset=\"https:\/\/www.gulersan.com\/wp-content\/uploads\/2020\/12\/cizgi.jpg 606w, https:\/\/www.gulersan.com\/wp-content\/uploads\/2020\/12\/cizgi-510x4.jpg 510w\" sizes=\"auto, (max-width: 1454px) 100vw, 1454px\" \/><\/td>\n<\/tr>\n<tr>\n<td><span style=\"font-size: 120%;\"><strong>\u00a0 \u00a0 \u00a0 En<\/strong><\/span><\/td>\n<td><\/td>\n<td style=\"text-align: right;\"><span style=\"font-size: 120%;\">1000 Mm\u00a0 \u00a0 \u00a0 \u00a0\u00a0<\/span><\/td>\n<\/tr>\n<tr>\n<td><span style=\"font-size: 120%;\"><strong>\u00a0 \u00a0 \u00a0 Derinlik<\/strong><\/span><\/td>\n<td><\/td>\n<td style=\"text-align: right;\"><span style=\"font-size: 120%;\">600 Mm\u00a0 \u00a0 \u00a0 \u00a0\u00a0<\/span><\/td>\n<\/tr>\n<tr>\n<td><span style=\"font-size: 120%;\"><strong>\u00a0 \u00a0 \u00a0 Y\u00fckseklik<\/strong><\/span><\/td>\n<td><\/td>\n<td style=\"text-align: right;\"><span style=\"font-size: 120%;\">1960 Mm\u00a0 \u00a0 \u00a0 \u00a0\u00a0<\/span><\/td>\n<\/tr>\n<tr>\n<td><span style=\"font-size: 120%;\"><strong>\u00a0 \u00a0 \u00a0 Renk<\/strong><\/span><\/td>\n<td><\/td>\n<td style=\"text-align: right;\"><span style=\"font-size: 120%;\">Ral 5015\u00a0 \u00a0 \u00a0 \u00a0\u00a0<\/span><\/td>\n<\/tr>\n<\/tbody>\n<\/table>\n<p>&nbsp;<\/p>\n<p><span style=\"font-size: 120%;\"><strong><img loading=\"lazy\" decoding=\"async\" class=\"alignnone wp-image-12531\" src=\"https:\/\/www.glsgaraj.com\/wp-content\/uploads\/2021\/06\/konuiciikon.png\" alt=\"\" width=\"18\" height=\"19\" \/> Kullan\u0131ld\u0131\u011f\u0131 Yerler<\/strong><\/span><\/p>\n<p>\u00dcretim alanlar\u0131nda, at\u00f6lyelerde, fabrikalarda kullan\u0131labilir. 5s ve kanban sistemine uygundur.<\/p>\n<p><span style=\"font-size: 120%;\"><strong><img loading=\"lazy\" decoding=\"async\" class=\"alignnone wp-image-12531\" src=\"https:\/\/www.glsgaraj.com\/wp-content\/uploads\/2021\/06\/konuiciikon.png\" alt=\"\" width=\"18\" height=\"19\" \/> \u00dcr\u00fcn Avantajlar\u0131<\/strong><\/span><\/p>\n<p>\u00c7ift y\u00f6nl\u00fc hareketli, ask\u0131 panolu, k\u0131sa tip 92 kutulu avadanl\u0131k stand\u0131m\u0131z; \u00fcretim hatlar\u0131nda malzemeyi haz\u0131r bulundurarak i\u015f aksamas\u0131n\u0131, ayn\u0131 zamanda depo ve montaj aras\u0131 zaman kayb\u0131n\u0131 en aza indirger.<\/p>\n<\/div>\n","protected":false},"excerpt":{"rendered":"<p>Avadanl\u0131k Stand\u0131 Ask\u0131 Panolu Tekerlekli \u00c7ift Y\u00f6nl\u00fc 4525 Teknik \u00d6zellikler \u00c7ift y\u00f6nl\u00fc hareketli k\u0131sa tip avadanl\u0131k stand\u0131m\u0131z\u0131n \u00e7er\u00e7evesi 30x50x1,5 mm kutu profil karkasl\u0131, elektrostatik toz boyal\u0131d\u0131r. \u00dcr\u00fcn\u00fcm\u00fczde ayr\u0131ca \u00e7ift y\u00f6nde 1,20 mm dkp sacdan elektrostatik toz boyal\u0131 980&#215;450 mm tak\u0131m asma panosu bulunmaktad\u0131r. \u00dcr\u00fcn\u00fcm\u00fczde \u00e7ift y\u00f6nde toplam ; 56 adet A-150 (125x190x100 mm), 36 adet<\/p>\n","protected":false},"featured_media":15482,"comment_status":"closed","ping_status":"open","template":"","meta":[],"product_brand":[],"product_cat":[1419,1410],"product_tag":[],"class_list":{"0":"post-15481","1":"product","2":"type-product","3":"status-publish","4":"has-post-thumbnail","6":"product_cat-avadanlik-standlari","7":"product_cat-metal-esyalar","9":"first","10":"instock","11":"product-type-simple"},"yoast_head":"<!-- This site is optimized with the Yoast SEO plugin v27.6 - https:\/\/yoast.com\/product\/yoast-seo-wordpress\/ -->\n<title>Avadanl\u0131k Stand\u0131 Ask\u0131 Panolu Tekerlekli \u00c7ift Y\u00f6nl\u00fc 4525 - G\u00fclersan Ya\u011flama Cihazlar\u0131<\/title>\n<meta name=\"robots\" content=\"index, follow, max-snippet:-1, max-image-preview:large, max-video-preview:-1\" \/>\n<link rel=\"canonical\" href=\"https:\/\/www.gulersan.com\/en\/urun\/avadanlik-standi-aski-panolu-tekerlekli-cift-yonlu-4525\/\" \/>\n<meta property=\"og:locale\" content=\"en_US\" \/>\n<meta property=\"og:type\" content=\"article\" \/>\n<meta property=\"og:title\" content=\"Avadanl\u0131k Stand\u0131 Ask\u0131 Panolu Tekerlekli \u00c7ift Y\u00f6nl\u00fc 4525 - G\u00fclersan Ya\u011flama Cihazlar\u0131\" \/>\n<meta property=\"og:description\" content=\"Avadanl\u0131k Stand\u0131 Ask\u0131 Panolu Tekerlekli \u00c7ift Y\u00f6nl\u00fc 4525 Teknik \u00d6zellikler \u00c7ift y\u00f6nl\u00fc hareketli k\u0131sa tip avadanl\u0131k stand\u0131m\u0131z\u0131n \u00e7er\u00e7evesi 30x50x1,5 mm kutu profil karkasl\u0131, elektrostatik toz boyal\u0131d\u0131r. \u00dcr\u00fcn\u00fcm\u00fczde ayr\u0131ca \u00e7ift y\u00f6nde 1,20 mm dkp sacdan elektrostatik toz boyal\u0131 980&#215;450 mm tak\u0131m asma panosu bulunmaktad\u0131r. \u00dcr\u00fcn\u00fcm\u00fczde \u00e7ift y\u00f6nde toplam ; 56 adet A-150 (125x190x100 mm), 36 adet\" \/>\n<meta property=\"og:url\" content=\"https:\/\/www.gulersan.com\/en\/urun\/avadanlik-standi-aski-panolu-tekerlekli-cift-yonlu-4525\/\" \/>\n<meta property=\"og:site_name\" content=\"G\u00fclersan Ya\u011flama Cihazlar\u0131\" \/>\n<meta property=\"article:modified_time\" content=\"2026-05-05T13:07:53+00:00\" \/>\n<meta property=\"og:image\" content=\"https:\/\/www.gulersan.com\/wp-content\/uploads\/2026\/05\/gls-garaj-4525-aski-panolu-tekerlekli-cift-yonlu-avadanlik-standi-1.jpg\" \/>\n\t<meta property=\"og:image:width\" content=\"800\" \/>\n\t<meta property=\"og:image:height\" content=\"800\" \/>\n\t<meta property=\"og:image:type\" content=\"image\/jpeg\" \/>\n<meta name=\"twitter:card\" content=\"summary_large_image\" \/>\n<meta name=\"twitter:label1\" content=\"Est. reading time\" \/>\n\t<meta name=\"twitter:data1\" content=\"1 minute\" \/>\n<script type=\"application\/ld+json\" class=\"yoast-schema-graph\">{\"@context\":\"https:\\\/\\\/schema.org\",\"@graph\":[{\"@type\":\"WebPage\",\"@id\":\"https:\\\/\\\/www.gulersan.com\\\/en\\\/urun\\\/avadanlik-standi-aski-panolu-tekerlekli-cift-yonlu-4525\\\/\",\"url\":\"https:\\\/\\\/www.gulersan.com\\\/en\\\/urun\\\/avadanlik-standi-aski-panolu-tekerlekli-cift-yonlu-4525\\\/\",\"name\":\"Avadanl\u0131k Stand\u0131 Ask\u0131 Panolu Tekerlekli \u00c7ift Y\u00f6nl\u00fc 4525 - G\u00fclersan Ya\u011flama Cihazlar\u0131\",\"isPartOf\":{\"@id\":\"https:\\\/\\\/www.gulersan.com\\\/en\\\/#website\"},\"primaryImageOfPage\":{\"@id\":\"https:\\\/\\\/www.gulersan.com\\\/en\\\/urun\\\/avadanlik-standi-aski-panolu-tekerlekli-cift-yonlu-4525\\\/#primaryimage\"},\"image\":{\"@id\":\"https:\\\/\\\/www.gulersan.com\\\/en\\\/urun\\\/avadanlik-standi-aski-panolu-tekerlekli-cift-yonlu-4525\\\/#primaryimage\"},\"thumbnailUrl\":\"https:\\\/\\\/www.gulersan.com\\\/wp-content\\\/uploads\\\/2026\\\/05\\\/gls-garaj-4525-aski-panolu-tekerlekli-cift-yonlu-avadanlik-standi-1.jpg\",\"datePublished\":\"2026-05-05T13:07:49+00:00\",\"dateModified\":\"2026-05-05T13:07:53+00:00\",\"breadcrumb\":{\"@id\":\"https:\\\/\\\/www.gulersan.com\\\/en\\\/urun\\\/avadanlik-standi-aski-panolu-tekerlekli-cift-yonlu-4525\\\/#breadcrumb\"},\"inLanguage\":\"en-US\",\"potentialAction\":[{\"@type\":\"ReadAction\",\"target\":[\"https:\\\/\\\/www.gulersan.com\\\/en\\\/urun\\\/avadanlik-standi-aski-panolu-tekerlekli-cift-yonlu-4525\\\/\"]}]},{\"@type\":\"ImageObject\",\"inLanguage\":\"en-US\",\"@id\":\"https:\\\/\\\/www.gulersan.com\\\/en\\\/urun\\\/avadanlik-standi-aski-panolu-tekerlekli-cift-yonlu-4525\\\/#primaryimage\",\"url\":\"https:\\\/\\\/www.gulersan.com\\\/wp-content\\\/uploads\\\/2026\\\/05\\\/gls-garaj-4525-aski-panolu-tekerlekli-cift-yonlu-avadanlik-standi-1.jpg\",\"contentUrl\":\"https:\\\/\\\/www.gulersan.com\\\/wp-content\\\/uploads\\\/2026\\\/05\\\/gls-garaj-4525-aski-panolu-tekerlekli-cift-yonlu-avadanlik-standi-1.jpg\",\"width\":800,\"height\":800},{\"@type\":\"BreadcrumbList\",\"@id\":\"https:\\\/\\\/www.gulersan.com\\\/en\\\/urun\\\/avadanlik-standi-aski-panolu-tekerlekli-cift-yonlu-4525\\\/#breadcrumb\",\"itemListElement\":[{\"@type\":\"ListItem\",\"position\":1,\"name\":\"Anasayfa\",\"item\":\"https:\\\/\\\/www.gulersan.com\\\/en\\\/\"},{\"@type\":\"ListItem\",\"position\":2,\"name\":\"\\\/\",\"item\":\"https:\\\/\\\/www.gulersan.com\\\/shop\\\/\"},{\"@type\":\"ListItem\",\"position\":3,\"name\":\"GLS Garaj Ekipmanlar\u0131\",\"item\":\"https:\\\/\\\/www.gulersan.com\\\/en\\\/urun-kategori\\\/gls-garaj-ekipmanlari\\\/\"},{\"@type\":\"ListItem\",\"position\":4,\"name\":\"Metal E\u015fyalar\",\"item\":\"https:\\\/\\\/www.gulersan.com\\\/en\\\/urun-kategori\\\/gls-garaj-ekipmanlari\\\/metal-esyalar\\\/\"},{\"@type\":\"ListItem\",\"position\":5,\"name\":\"Avadanl\u0131k Standlar\u0131\",\"item\":\"https:\\\/\\\/www.gulersan.com\\\/en\\\/urun-kategori\\\/gls-garaj-ekipmanlari\\\/metal-esyalar\\\/avadanlik-standlari\\\/\"},{\"@type\":\"ListItem\",\"position\":6,\"name\":\"Avadanl\u0131k Stand\u0131 Ask\u0131 Panolu Tekerlekli \u00c7ift Y\u00f6nl\u00fc 4525\"}]},{\"@type\":\"WebSite\",\"@id\":\"https:\\\/\\\/www.gulersan.com\\\/en\\\/#website\",\"url\":\"https:\\\/\\\/www.gulersan.com\\\/en\\\/\",\"name\":\"G\u00fclersan Ya\u011flama Cihazlar\u0131\",\"description\":\"Ya\u011flama Makinesi | Haval\u0131 Gres Pompas\u0131 | Ya\u011flama Pompas\u0131 | Ya\u011f \u00c7ekme Pompas\u0131\",\"publisher\":{\"@id\":\"https:\\\/\\\/www.gulersan.com\\\/en\\\/#organization\"},\"potentialAction\":[{\"@type\":\"SearchAction\",\"target\":{\"@type\":\"EntryPoint\",\"urlTemplate\":\"https:\\\/\\\/www.gulersan.com\\\/en\\\/?s={search_term_string}\"},\"query-input\":{\"@type\":\"PropertyValueSpecification\",\"valueRequired\":true,\"valueName\":\"search_term_string\"}}],\"inLanguage\":\"en-US\"},{\"@type\":\"Organization\",\"@id\":\"https:\\\/\\\/www.gulersan.com\\\/en\\\/#organization\",\"name\":\"G\u00fclersan Ya\u011flama Cihazlar\u0131\",\"url\":\"https:\\\/\\\/www.gulersan.com\\\/en\\\/\",\"logo\":{\"@type\":\"ImageObject\",\"inLanguage\":\"en-US\",\"@id\":\"https:\\\/\\\/www.gulersan.com\\\/en\\\/#\\\/schema\\\/logo\\\/image\\\/\",\"url\":\"https:\\\/\\\/www.gulersan.com\\\/wp-content\\\/uploads\\\/2021\\\/01\\\/gulersan-logo-tr.png\",\"contentUrl\":\"https:\\\/\\\/www.gulersan.com\\\/wp-content\\\/uploads\\\/2021\\\/01\\\/gulersan-logo-tr.png\",\"width\":1242,\"height\":302,\"caption\":\"G\u00fclersan Ya\u011flama Cihazlar\u0131\"},\"image\":{\"@id\":\"https:\\\/\\\/www.gulersan.com\\\/en\\\/#\\\/schema\\\/logo\\\/image\\\/\"}}]}<\/script>\n<!-- \/ Yoast SEO plugin. -->","yoast_head_json":{"title":"Avadanl\u0131k Stand\u0131 Ask\u0131 Panolu Tekerlekli \u00c7ift Y\u00f6nl\u00fc 4525 - G\u00fclersan Ya\u011flama Cihazlar\u0131","robots":{"index":"index","follow":"follow","max-snippet":"max-snippet:-1","max-image-preview":"max-image-preview:large","max-video-preview":"max-video-preview:-1"},"canonical":"https:\/\/www.gulersan.com\/en\/urun\/avadanlik-standi-aski-panolu-tekerlekli-cift-yonlu-4525\/","og_locale":"en_US","og_type":"article","og_title":"Avadanl\u0131k Stand\u0131 Ask\u0131 Panolu Tekerlekli \u00c7ift Y\u00f6nl\u00fc 4525 - G\u00fclersan Ya\u011flama Cihazlar\u0131","og_description":"Avadanl\u0131k Stand\u0131 Ask\u0131 Panolu Tekerlekli \u00c7ift Y\u00f6nl\u00fc 4525 Teknik \u00d6zellikler \u00c7ift y\u00f6nl\u00fc hareketli k\u0131sa tip avadanl\u0131k stand\u0131m\u0131z\u0131n \u00e7er\u00e7evesi 30x50x1,5 mm kutu profil karkasl\u0131, elektrostatik toz boyal\u0131d\u0131r. \u00dcr\u00fcn\u00fcm\u00fczde ayr\u0131ca \u00e7ift y\u00f6nde 1,20 mm dkp sacdan elektrostatik toz boyal\u0131 980&#215;450 mm tak\u0131m asma panosu bulunmaktad\u0131r. \u00dcr\u00fcn\u00fcm\u00fczde \u00e7ift y\u00f6nde toplam ; 56 adet A-150 (125x190x100 mm), 36 adet","og_url":"https:\/\/www.gulersan.com\/en\/urun\/avadanlik-standi-aski-panolu-tekerlekli-cift-yonlu-4525\/","og_site_name":"G\u00fclersan Ya\u011flama Cihazlar\u0131","article_modified_time":"2026-05-05T13:07:53+00:00","og_image":[{"width":800,"height":800,"url":"https:\/\/www.gulersan.com\/wp-content\/uploads\/2026\/05\/gls-garaj-4525-aski-panolu-tekerlekli-cift-yonlu-avadanlik-standi-1.jpg","type":"image\/jpeg"}],"twitter_card":"summary_large_image","twitter_misc":{"Est. reading time":"1 minute"},"schema":{"@context":"https:\/\/schema.org","@graph":[{"@type":"WebPage","@id":"https:\/\/www.gulersan.com\/en\/urun\/avadanlik-standi-aski-panolu-tekerlekli-cift-yonlu-4525\/","url":"https:\/\/www.gulersan.com\/en\/urun\/avadanlik-standi-aski-panolu-tekerlekli-cift-yonlu-4525\/","name":"Avadanl\u0131k Stand\u0131 Ask\u0131 Panolu Tekerlekli \u00c7ift Y\u00f6nl\u00fc 4525 - G\u00fclersan Ya\u011flama Cihazlar\u0131","isPartOf":{"@id":"https:\/\/www.gulersan.com\/en\/#website"},"primaryImageOfPage":{"@id":"https:\/\/www.gulersan.com\/en\/urun\/avadanlik-standi-aski-panolu-tekerlekli-cift-yonlu-4525\/#primaryimage"},"image":{"@id":"https:\/\/www.gulersan.com\/en\/urun\/avadanlik-standi-aski-panolu-tekerlekli-cift-yonlu-4525\/#primaryimage"},"thumbnailUrl":"https:\/\/www.gulersan.com\/wp-content\/uploads\/2026\/05\/gls-garaj-4525-aski-panolu-tekerlekli-cift-yonlu-avadanlik-standi-1.jpg","datePublished":"2026-05-05T13:07:49+00:00","dateModified":"2026-05-05T13:07:53+00:00","breadcrumb":{"@id":"https:\/\/www.gulersan.com\/en\/urun\/avadanlik-standi-aski-panolu-tekerlekli-cift-yonlu-4525\/#breadcrumb"},"inLanguage":"en-US","potentialAction":[{"@type":"ReadAction","target":["https:\/\/www.gulersan.com\/en\/urun\/avadanlik-standi-aski-panolu-tekerlekli-cift-yonlu-4525\/"]}]},{"@type":"ImageObject","inLanguage":"en-US","@id":"https:\/\/www.gulersan.com\/en\/urun\/avadanlik-standi-aski-panolu-tekerlekli-cift-yonlu-4525\/#primaryimage","url":"https:\/\/www.gulersan.com\/wp-content\/uploads\/2026\/05\/gls-garaj-4525-aski-panolu-tekerlekli-cift-yonlu-avadanlik-standi-1.jpg","contentUrl":"https:\/\/www.gulersan.com\/wp-content\/uploads\/2026\/05\/gls-garaj-4525-aski-panolu-tekerlekli-cift-yonlu-avadanlik-standi-1.jpg","width":800,"height":800},{"@type":"BreadcrumbList","@id":"https:\/\/www.gulersan.com\/en\/urun\/avadanlik-standi-aski-panolu-tekerlekli-cift-yonlu-4525\/#breadcrumb","itemListElement":[{"@type":"ListItem","position":1,"name":"Anasayfa","item":"https:\/\/www.gulersan.com\/en\/"},{"@type":"ListItem","position":2,"name":"\/","item":"https:\/\/www.gulersan.com\/shop\/"},{"@type":"ListItem","position":3,"name":"GLS Garaj Ekipmanlar\u0131","item":"https:\/\/www.gulersan.com\/en\/urun-kategori\/gls-garaj-ekipmanlari\/"},{"@type":"ListItem","position":4,"name":"Metal E\u015fyalar","item":"https:\/\/www.gulersan.com\/en\/urun-kategori\/gls-garaj-ekipmanlari\/metal-esyalar\/"},{"@type":"ListItem","position":5,"name":"Avadanl\u0131k Standlar\u0131","item":"https:\/\/www.gulersan.com\/en\/urun-kategori\/gls-garaj-ekipmanlari\/metal-esyalar\/avadanlik-standlari\/"},{"@type":"ListItem","position":6,"name":"Avadanl\u0131k Stand\u0131 Ask\u0131 Panolu Tekerlekli \u00c7ift Y\u00f6nl\u00fc 4525"}]},{"@type":"WebSite","@id":"https:\/\/www.gulersan.com\/en\/#website","url":"https:\/\/www.gulersan.com\/en\/","name":"G\u00fclersan Ya\u011flama Cihazlar\u0131","description":"Ya\u011flama Makinesi | Haval\u0131 Gres Pompas\u0131 | Ya\u011flama Pompas\u0131 | Ya\u011f \u00c7ekme Pompas\u0131","publisher":{"@id":"https:\/\/www.gulersan.com\/en\/#organization"},"potentialAction":[{"@type":"SearchAction","target":{"@type":"EntryPoint","urlTemplate":"https:\/\/www.gulersan.com\/en\/?s={search_term_string}"},"query-input":{"@type":"PropertyValueSpecification","valueRequired":true,"valueName":"search_term_string"}}],"inLanguage":"en-US"},{"@type":"Organization","@id":"https:\/\/www.gulersan.com\/en\/#organization","name":"G\u00fclersan Ya\u011flama Cihazlar\u0131","url":"https:\/\/www.gulersan.com\/en\/","logo":{"@type":"ImageObject","inLanguage":"en-US","@id":"https:\/\/www.gulersan.com\/en\/#\/schema\/logo\/image\/","url":"https:\/\/www.gulersan.com\/wp-content\/uploads\/2021\/01\/gulersan-logo-tr.png","contentUrl":"https:\/\/www.gulersan.com\/wp-content\/uploads\/2021\/01\/gulersan-logo-tr.png","width":1242,"height":302,"caption":"G\u00fclersan Ya\u011flama Cihazlar\u0131"},"image":{"@id":"https:\/\/www.gulersan.com\/en\/#\/schema\/logo\/image\/"}}]}},"_links":{"self":[{"href":"https:\/\/www.gulersan.com\/en\/wp-json\/wp\/v2\/product\/15481","targetHints":{"allow":["GET"]}}],"collection":[{"href":"https:\/\/www.gulersan.com\/en\/wp-json\/wp\/v2\/product"}],"about":[{"href":"https:\/\/www.gulersan.com\/en\/wp-json\/wp\/v2\/types\/product"}],"replies":[{"embeddable":true,"href":"https:\/\/www.gulersan.com\/en\/wp-json\/wp\/v2\/comments?post=15481"}],"wp:featuredmedia":[{"embeddable":true,"href":"https:\/\/www.gulersan.com\/en\/wp-json\/wp\/v2\/media\/15482"}],"wp:attachment":[{"href":"https:\/\/www.gulersan.com\/en\/wp-json\/wp\/v2\/media?parent=15481"}],"wp:term":[{"taxonomy":"product_brand","embeddable":true,"href":"https:\/\/www.gulersan.com\/en\/wp-json\/wp\/v2\/product_brand?post=15481"},{"taxonomy":"product_cat","embeddable":true,"href":"https:\/\/www.gulersan.com\/en\/wp-json\/wp\/v2\/product_cat?post=15481"},{"taxonomy":"product_tag","embeddable":true,"href":"https:\/\/www.gulersan.com\/en\/wp-json\/wp\/v2\/product_tag?post=15481"}],"curies":[{"name":"wp","href":"https:\/\/api.w.org\/{rel}","templated":true}]}}