{"id":15495,"date":"2026-05-05T16:07:49","date_gmt":"2026-05-05T13:07:49","guid":{"rendered":"https:\/\/www.gulersan.com\/urun\/avadanlik-dolabi-40-kutulu-6220\/"},"modified":"2026-05-05T16:07:57","modified_gmt":"2026-05-05T13:07:57","slug":"avadanlik-dolabi-40-kutulu-6220","status":"publish","type":"product","link":"https:\/\/www.gulersan.com\/en\/urun\/avadanlik-dolabi-40-kutulu-6220\/","title":{"rendered":"Avadanl\u0131k Dolab\u0131 40 Kutulu 6220"},"content":{"rendered":"<h2 style=\"text-align: left;\"><span style=\"color: #000080;\"><strong>Avadanl\u0131k Dolab\u0131 40 Kutulu 6220<\/strong><\/span><\/h2>\n<div>\n<p><span style=\"font-size: 120%;\"><strong><img loading=\"lazy\" decoding=\"async\" class=\"alignnone wp-image-12531\" src=\"https:\/\/www.glsgaraj.com\/wp-content\/uploads\/2021\/06\/konuiciikon.png\" alt=\"\" width=\"18\" height=\"19\" \/> Teknik \u00d6zellikler<\/strong><\/span><\/p>\n<p>8 g\u00f6zl\u00fc, kanat kap\u0131l\u0131 avadanl\u0131k kutulu dolaplar\u0131m\u0131z kaynakl\u0131 sa\u011flam \u00e7elik konstr\u00fcksiyonlu olup 0,80 mm \u00e7elik sacdan elektrostatik toz boyal\u0131 olarak \u00fcretilmektedir. Dolap \u0130\u00e7inde 7 adet galvaniz sacdan \u00e7ift takviyeli olarak \u00fcretilmi\u015f, y\u00fcksekli\u011fi ayarlanabilir sabit raflar vard\u0131r. Dolab\u0131m\u0131z\u0131n alt\u0131nda zemine ayarl\u0131 M12 rotil takozlar vard\u0131r. Kap\u0131larda \u00e7ift noktadan emniyetli ispanyolet kilit sistemi vard\u0131r. Dolap i\u00e7erisinde 40 adet tek tip plastik avadanl\u0131k kutusu mevcuttur. * 40 Adet A-250 AVADANLIK KUTUSU \u00dcR\u00dcNE DAH\u0130LD\u0130R.<\/p>\n<table style=\"width: 100%; height: 274px;\" bgcolor=\"whitesmoke\">\n<tbody>\n<tr>\n<td style=\"height: 1px;\" colspan=\"4\" bgcolor=\"white\"><img loading=\"lazy\" decoding=\"async\" class=\"alignnone wp-image-4888\" style=\"color: #555555; font-size: 14.4px; background-color: #ffffff;\" src=\"https:\/\/www.gulersan.com\/wp-content\/uploads\/2020\/12\/cizgi.jpg\" alt=\"\" width=\"1454\" height=\"12\" srcset=\"https:\/\/www.gulersan.com\/wp-content\/uploads\/2020\/12\/cizgi.jpg 606w, https:\/\/www.gulersan.com\/wp-content\/uploads\/2020\/12\/cizgi-510x4.jpg 510w\" sizes=\"auto, (max-width: 1454px) 100vw, 1454px\" \/><\/td>\n<\/tr>\n<tr>\n<td><span style=\"font-size: 120%;\"><strong>\u00a0 \u00a0 \u00a0 En<\/strong><\/span><\/td>\n<td><\/td>\n<td style=\"text-align: right;\"><span style=\"font-size: 120%;\">920 Mm\u00a0 \u00a0 \u00a0 \u00a0\u00a0<\/span><\/td>\n<\/tr>\n<tr>\n<td><span style=\"font-size: 120%;\"><strong>\u00a0 \u00a0 \u00a0 Derinlik<\/strong><\/span><\/td>\n<td><\/td>\n<td style=\"text-align: right;\"><span style=\"font-size: 120%;\">450 Mm\u00a0 \u00a0 \u00a0 \u00a0\u00a0<\/span><\/td>\n<\/tr>\n<tr>\n<td><span style=\"font-size: 120%;\"><strong>\u00a0 \u00a0 \u00a0 Y\u00fckseklik<\/strong><\/span><\/td>\n<td><\/td>\n<td style=\"text-align: right;\"><span style=\"font-size: 120%;\">2000 Mm\u00a0 \u00a0 \u00a0 \u00a0\u00a0<\/span><\/td>\n<\/tr>\n<tr>\n<td><span style=\"font-size: 120%;\"><strong>\u00a0 \u00a0 \u00a0 Renk<\/strong><\/span><\/td>\n<td><\/td>\n<td style=\"text-align: right;\"><span style=\"font-size: 120%;\">Ral 5015\u00a0 \u00a0 \u00a0 \u00a0\u00a0<\/span><\/td>\n<\/tr>\n<\/tbody>\n<\/table>\n<p>&nbsp;<\/p>\n<p><span style=\"font-size: 120%;\"><strong><img loading=\"lazy\" decoding=\"async\" class=\"alignnone wp-image-12531\" src=\"https:\/\/www.glsgaraj.com\/wp-content\/uploads\/2021\/06\/konuiciikon.png\" alt=\"\" width=\"18\" height=\"19\" \/> Kullan\u0131ld\u0131\u011f\u0131 Yerler<\/strong><\/span><\/p>\n<p>Fabrika ve \u00fcretim alanlar\u0131n\u0131n yedek par\u00e7a stok alanlar\u0131nda ve depolar\u0131nda kullan\u0131labilir.<\/p>\n<p><span style=\"font-size: 120%;\"><strong><img loading=\"lazy\" decoding=\"async\" class=\"alignnone wp-image-12531\" src=\"https:\/\/www.glsgaraj.com\/wp-content\/uploads\/2021\/06\/konuiciikon.png\" alt=\"\" width=\"18\" height=\"19\" \/> \u00dcr\u00fcn Avantajlar\u0131<\/strong><\/span><\/p>\n<p>Avadanl\u0131k kutulu malzeme dolab\u0131m\u0131z, i\u00e7erisinde bulunan kutular sayesinde farkl\u0131 tipte \u00fcr\u00fcnlerin stok takibini kolayla\u015ft\u0131rmaktad\u0131r. Dolab\u0131m\u0131z\u0131 ayn\u0131 zamanda kutulardan ba\u011f\u0131ms\u0131z olarak da kullanabilirsiniz.<\/p>\n<\/div>\n","protected":false},"excerpt":{"rendered":"<p>Avadanl\u0131k Dolab\u0131 40 Kutulu 6220 Teknik \u00d6zellikler 8 g\u00f6zl\u00fc, kanat kap\u0131l\u0131 avadanl\u0131k kutulu dolaplar\u0131m\u0131z kaynakl\u0131 sa\u011flam \u00e7elik konstr\u00fcksiyonlu olup 0,80 mm \u00e7elik sacdan elektrostatik toz boyal\u0131 olarak \u00fcretilmektedir. Dolap \u0130\u00e7inde 7 adet galvaniz sacdan \u00e7ift takviyeli olarak \u00fcretilmi\u015f, y\u00fcksekli\u011fi ayarlanabilir sabit raflar vard\u0131r. Dolab\u0131m\u0131z\u0131n alt\u0131nda zemine ayarl\u0131 M12 rotil takozlar vard\u0131r. Kap\u0131larda \u00e7ift noktadan emniyetli<\/p>\n","protected":false},"featured_media":15496,"comment_status":"closed","ping_status":"open","template":"","meta":[],"product_brand":[],"product_cat":[1419,1410],"product_tag":[],"class_list":{"0":"post-15495","1":"product","2":"type-product","3":"status-publish","4":"has-post-thumbnail","6":"product_cat-avadanlik-standlari","7":"product_cat-metal-esyalar","9":"first","10":"instock","11":"product-type-simple"},"yoast_head":"<!-- This site is optimized with the Yoast SEO plugin v27.6 - https:\/\/yoast.com\/product\/yoast-seo-wordpress\/ -->\n<title>Avadanl\u0131k Dolab\u0131 40 Kutulu 6220 - G\u00fclersan Ya\u011flama Cihazlar\u0131<\/title>\n<meta name=\"robots\" content=\"index, follow, max-snippet:-1, max-image-preview:large, max-video-preview:-1\" \/>\n<link rel=\"canonical\" href=\"https:\/\/www.gulersan.com\/en\/urun\/avadanlik-dolabi-40-kutulu-6220\/\" \/>\n<meta property=\"og:locale\" content=\"en_US\" \/>\n<meta property=\"og:type\" content=\"article\" \/>\n<meta property=\"og:title\" content=\"Avadanl\u0131k Dolab\u0131 40 Kutulu 6220 - G\u00fclersan Ya\u011flama Cihazlar\u0131\" \/>\n<meta property=\"og:description\" content=\"Avadanl\u0131k Dolab\u0131 40 Kutulu 6220 Teknik \u00d6zellikler 8 g\u00f6zl\u00fc, kanat kap\u0131l\u0131 avadanl\u0131k kutulu dolaplar\u0131m\u0131z kaynakl\u0131 sa\u011flam \u00e7elik konstr\u00fcksiyonlu olup 0,80 mm \u00e7elik sacdan elektrostatik toz boyal\u0131 olarak \u00fcretilmektedir. Dolap \u0130\u00e7inde 7 adet galvaniz sacdan \u00e7ift takviyeli olarak \u00fcretilmi\u015f, y\u00fcksekli\u011fi ayarlanabilir sabit raflar vard\u0131r. Dolab\u0131m\u0131z\u0131n alt\u0131nda zemine ayarl\u0131 M12 rotil takozlar vard\u0131r. Kap\u0131larda \u00e7ift noktadan emniyetli\" \/>\n<meta property=\"og:url\" content=\"https:\/\/www.gulersan.com\/en\/urun\/avadanlik-dolabi-40-kutulu-6220\/\" \/>\n<meta property=\"og:site_name\" content=\"G\u00fclersan Ya\u011flama Cihazlar\u0131\" \/>\n<meta property=\"article:modified_time\" content=\"2026-05-05T13:07:57+00:00\" \/>\n<meta property=\"og:image\" content=\"https:\/\/www.gulersan.com\/wp-content\/uploads\/2026\/05\/gls-garaj-6220-40-kutulu-avadanlik-dolabi-2.jpg\" \/>\n\t<meta property=\"og:image:width\" content=\"800\" \/>\n\t<meta property=\"og:image:height\" content=\"800\" \/>\n\t<meta property=\"og:image:type\" content=\"image\/jpeg\" \/>\n<meta name=\"twitter:card\" content=\"summary_large_image\" \/>\n<meta name=\"twitter:label1\" content=\"Est. reading time\" \/>\n\t<meta name=\"twitter:data1\" content=\"1 minute\" \/>\n<script type=\"application\/ld+json\" class=\"yoast-schema-graph\">{\"@context\":\"https:\\\/\\\/schema.org\",\"@graph\":[{\"@type\":\"WebPage\",\"@id\":\"https:\\\/\\\/www.gulersan.com\\\/en\\\/urun\\\/avadanlik-dolabi-40-kutulu-6220\\\/\",\"url\":\"https:\\\/\\\/www.gulersan.com\\\/en\\\/urun\\\/avadanlik-dolabi-40-kutulu-6220\\\/\",\"name\":\"Avadanl\u0131k Dolab\u0131 40 Kutulu 6220 - G\u00fclersan Ya\u011flama Cihazlar\u0131\",\"isPartOf\":{\"@id\":\"https:\\\/\\\/www.gulersan.com\\\/en\\\/#website\"},\"primaryImageOfPage\":{\"@id\":\"https:\\\/\\\/www.gulersan.com\\\/en\\\/urun\\\/avadanlik-dolabi-40-kutulu-6220\\\/#primaryimage\"},\"image\":{\"@id\":\"https:\\\/\\\/www.gulersan.com\\\/en\\\/urun\\\/avadanlik-dolabi-40-kutulu-6220\\\/#primaryimage\"},\"thumbnailUrl\":\"https:\\\/\\\/www.gulersan.com\\\/wp-content\\\/uploads\\\/2026\\\/05\\\/gls-garaj-6220-40-kutulu-avadanlik-dolabi-2.jpg\",\"datePublished\":\"2026-05-05T13:07:49+00:00\",\"dateModified\":\"2026-05-05T13:07:57+00:00\",\"breadcrumb\":{\"@id\":\"https:\\\/\\\/www.gulersan.com\\\/en\\\/urun\\\/avadanlik-dolabi-40-kutulu-6220\\\/#breadcrumb\"},\"inLanguage\":\"en-US\",\"potentialAction\":[{\"@type\":\"ReadAction\",\"target\":[\"https:\\\/\\\/www.gulersan.com\\\/en\\\/urun\\\/avadanlik-dolabi-40-kutulu-6220\\\/\"]}]},{\"@type\":\"ImageObject\",\"inLanguage\":\"en-US\",\"@id\":\"https:\\\/\\\/www.gulersan.com\\\/en\\\/urun\\\/avadanlik-dolabi-40-kutulu-6220\\\/#primaryimage\",\"url\":\"https:\\\/\\\/www.gulersan.com\\\/wp-content\\\/uploads\\\/2026\\\/05\\\/gls-garaj-6220-40-kutulu-avadanlik-dolabi-2.jpg\",\"contentUrl\":\"https:\\\/\\\/www.gulersan.com\\\/wp-content\\\/uploads\\\/2026\\\/05\\\/gls-garaj-6220-40-kutulu-avadanlik-dolabi-2.jpg\",\"width\":800,\"height\":800},{\"@type\":\"BreadcrumbList\",\"@id\":\"https:\\\/\\\/www.gulersan.com\\\/en\\\/urun\\\/avadanlik-dolabi-40-kutulu-6220\\\/#breadcrumb\",\"itemListElement\":[{\"@type\":\"ListItem\",\"position\":1,\"name\":\"Anasayfa\",\"item\":\"https:\\\/\\\/www.gulersan.com\\\/en\\\/\"},{\"@type\":\"ListItem\",\"position\":2,\"name\":\"\\\/\",\"item\":\"https:\\\/\\\/www.gulersan.com\\\/shop\\\/\"},{\"@type\":\"ListItem\",\"position\":3,\"name\":\"GLS Garaj Ekipmanlar\u0131\",\"item\":\"https:\\\/\\\/www.gulersan.com\\\/en\\\/urun-kategori\\\/gls-garaj-ekipmanlari\\\/\"},{\"@type\":\"ListItem\",\"position\":4,\"name\":\"Metal E\u015fyalar\",\"item\":\"https:\\\/\\\/www.gulersan.com\\\/en\\\/urun-kategori\\\/gls-garaj-ekipmanlari\\\/metal-esyalar\\\/\"},{\"@type\":\"ListItem\",\"position\":5,\"name\":\"Avadanl\u0131k Standlar\u0131\",\"item\":\"https:\\\/\\\/www.gulersan.com\\\/en\\\/urun-kategori\\\/gls-garaj-ekipmanlari\\\/metal-esyalar\\\/avadanlik-standlari\\\/\"},{\"@type\":\"ListItem\",\"position\":6,\"name\":\"Avadanl\u0131k Dolab\u0131 40 Kutulu 6220\"}]},{\"@type\":\"WebSite\",\"@id\":\"https:\\\/\\\/www.gulersan.com\\\/en\\\/#website\",\"url\":\"https:\\\/\\\/www.gulersan.com\\\/en\\\/\",\"name\":\"G\u00fclersan Ya\u011flama Cihazlar\u0131\",\"description\":\"Ya\u011flama Makinesi | Haval\u0131 Gres Pompas\u0131 | Ya\u011flama Pompas\u0131 | Ya\u011f \u00c7ekme Pompas\u0131\",\"publisher\":{\"@id\":\"https:\\\/\\\/www.gulersan.com\\\/en\\\/#organization\"},\"potentialAction\":[{\"@type\":\"SearchAction\",\"target\":{\"@type\":\"EntryPoint\",\"urlTemplate\":\"https:\\\/\\\/www.gulersan.com\\\/en\\\/?s={search_term_string}\"},\"query-input\":{\"@type\":\"PropertyValueSpecification\",\"valueRequired\":true,\"valueName\":\"search_term_string\"}}],\"inLanguage\":\"en-US\"},{\"@type\":\"Organization\",\"@id\":\"https:\\\/\\\/www.gulersan.com\\\/en\\\/#organization\",\"name\":\"G\u00fclersan Ya\u011flama Cihazlar\u0131\",\"url\":\"https:\\\/\\\/www.gulersan.com\\\/en\\\/\",\"logo\":{\"@type\":\"ImageObject\",\"inLanguage\":\"en-US\",\"@id\":\"https:\\\/\\\/www.gulersan.com\\\/en\\\/#\\\/schema\\\/logo\\\/image\\\/\",\"url\":\"https:\\\/\\\/www.gulersan.com\\\/wp-content\\\/uploads\\\/2021\\\/01\\\/gulersan-logo-tr.png\",\"contentUrl\":\"https:\\\/\\\/www.gulersan.com\\\/wp-content\\\/uploads\\\/2021\\\/01\\\/gulersan-logo-tr.png\",\"width\":1242,\"height\":302,\"caption\":\"G\u00fclersan Ya\u011flama Cihazlar\u0131\"},\"image\":{\"@id\":\"https:\\\/\\\/www.gulersan.com\\\/en\\\/#\\\/schema\\\/logo\\\/image\\\/\"}}]}<\/script>\n<!-- \/ Yoast SEO plugin. -->","yoast_head_json":{"title":"Avadanl\u0131k Dolab\u0131 40 Kutulu 6220 - G\u00fclersan Ya\u011flama Cihazlar\u0131","robots":{"index":"index","follow":"follow","max-snippet":"max-snippet:-1","max-image-preview":"max-image-preview:large","max-video-preview":"max-video-preview:-1"},"canonical":"https:\/\/www.gulersan.com\/en\/urun\/avadanlik-dolabi-40-kutulu-6220\/","og_locale":"en_US","og_type":"article","og_title":"Avadanl\u0131k Dolab\u0131 40 Kutulu 6220 - G\u00fclersan Ya\u011flama Cihazlar\u0131","og_description":"Avadanl\u0131k Dolab\u0131 40 Kutulu 6220 Teknik \u00d6zellikler 8 g\u00f6zl\u00fc, kanat kap\u0131l\u0131 avadanl\u0131k kutulu dolaplar\u0131m\u0131z kaynakl\u0131 sa\u011flam \u00e7elik konstr\u00fcksiyonlu olup 0,80 mm \u00e7elik sacdan elektrostatik toz boyal\u0131 olarak \u00fcretilmektedir. Dolap \u0130\u00e7inde 7 adet galvaniz sacdan \u00e7ift takviyeli olarak \u00fcretilmi\u015f, y\u00fcksekli\u011fi ayarlanabilir sabit raflar vard\u0131r. Dolab\u0131m\u0131z\u0131n alt\u0131nda zemine ayarl\u0131 M12 rotil takozlar vard\u0131r. Kap\u0131larda \u00e7ift noktadan emniyetli","og_url":"https:\/\/www.gulersan.com\/en\/urun\/avadanlik-dolabi-40-kutulu-6220\/","og_site_name":"G\u00fclersan Ya\u011flama Cihazlar\u0131","article_modified_time":"2026-05-05T13:07:57+00:00","og_image":[{"width":800,"height":800,"url":"https:\/\/www.gulersan.com\/wp-content\/uploads\/2026\/05\/gls-garaj-6220-40-kutulu-avadanlik-dolabi-2.jpg","type":"image\/jpeg"}],"twitter_card":"summary_large_image","twitter_misc":{"Est. reading time":"1 minute"},"schema":{"@context":"https:\/\/schema.org","@graph":[{"@type":"WebPage","@id":"https:\/\/www.gulersan.com\/en\/urun\/avadanlik-dolabi-40-kutulu-6220\/","url":"https:\/\/www.gulersan.com\/en\/urun\/avadanlik-dolabi-40-kutulu-6220\/","name":"Avadanl\u0131k Dolab\u0131 40 Kutulu 6220 - G\u00fclersan Ya\u011flama Cihazlar\u0131","isPartOf":{"@id":"https:\/\/www.gulersan.com\/en\/#website"},"primaryImageOfPage":{"@id":"https:\/\/www.gulersan.com\/en\/urun\/avadanlik-dolabi-40-kutulu-6220\/#primaryimage"},"image":{"@id":"https:\/\/www.gulersan.com\/en\/urun\/avadanlik-dolabi-40-kutulu-6220\/#primaryimage"},"thumbnailUrl":"https:\/\/www.gulersan.com\/wp-content\/uploads\/2026\/05\/gls-garaj-6220-40-kutulu-avadanlik-dolabi-2.jpg","datePublished":"2026-05-05T13:07:49+00:00","dateModified":"2026-05-05T13:07:57+00:00","breadcrumb":{"@id":"https:\/\/www.gulersan.com\/en\/urun\/avadanlik-dolabi-40-kutulu-6220\/#breadcrumb"},"inLanguage":"en-US","potentialAction":[{"@type":"ReadAction","target":["https:\/\/www.gulersan.com\/en\/urun\/avadanlik-dolabi-40-kutulu-6220\/"]}]},{"@type":"ImageObject","inLanguage":"en-US","@id":"https:\/\/www.gulersan.com\/en\/urun\/avadanlik-dolabi-40-kutulu-6220\/#primaryimage","url":"https:\/\/www.gulersan.com\/wp-content\/uploads\/2026\/05\/gls-garaj-6220-40-kutulu-avadanlik-dolabi-2.jpg","contentUrl":"https:\/\/www.gulersan.com\/wp-content\/uploads\/2026\/05\/gls-garaj-6220-40-kutulu-avadanlik-dolabi-2.jpg","width":800,"height":800},{"@type":"BreadcrumbList","@id":"https:\/\/www.gulersan.com\/en\/urun\/avadanlik-dolabi-40-kutulu-6220\/#breadcrumb","itemListElement":[{"@type":"ListItem","position":1,"name":"Anasayfa","item":"https:\/\/www.gulersan.com\/en\/"},{"@type":"ListItem","position":2,"name":"\/","item":"https:\/\/www.gulersan.com\/shop\/"},{"@type":"ListItem","position":3,"name":"GLS Garaj Ekipmanlar\u0131","item":"https:\/\/www.gulersan.com\/en\/urun-kategori\/gls-garaj-ekipmanlari\/"},{"@type":"ListItem","position":4,"name":"Metal E\u015fyalar","item":"https:\/\/www.gulersan.com\/en\/urun-kategori\/gls-garaj-ekipmanlari\/metal-esyalar\/"},{"@type":"ListItem","position":5,"name":"Avadanl\u0131k Standlar\u0131","item":"https:\/\/www.gulersan.com\/en\/urun-kategori\/gls-garaj-ekipmanlari\/metal-esyalar\/avadanlik-standlari\/"},{"@type":"ListItem","position":6,"name":"Avadanl\u0131k Dolab\u0131 40 Kutulu 6220"}]},{"@type":"WebSite","@id":"https:\/\/www.gulersan.com\/en\/#website","url":"https:\/\/www.gulersan.com\/en\/","name":"G\u00fclersan Ya\u011flama Cihazlar\u0131","description":"Ya\u011flama Makinesi | Haval\u0131 Gres Pompas\u0131 | Ya\u011flama Pompas\u0131 | Ya\u011f \u00c7ekme Pompas\u0131","publisher":{"@id":"https:\/\/www.gulersan.com\/en\/#organization"},"potentialAction":[{"@type":"SearchAction","target":{"@type":"EntryPoint","urlTemplate":"https:\/\/www.gulersan.com\/en\/?s={search_term_string}"},"query-input":{"@type":"PropertyValueSpecification","valueRequired":true,"valueName":"search_term_string"}}],"inLanguage":"en-US"},{"@type":"Organization","@id":"https:\/\/www.gulersan.com\/en\/#organization","name":"G\u00fclersan Ya\u011flama Cihazlar\u0131","url":"https:\/\/www.gulersan.com\/en\/","logo":{"@type":"ImageObject","inLanguage":"en-US","@id":"https:\/\/www.gulersan.com\/en\/#\/schema\/logo\/image\/","url":"https:\/\/www.gulersan.com\/wp-content\/uploads\/2021\/01\/gulersan-logo-tr.png","contentUrl":"https:\/\/www.gulersan.com\/wp-content\/uploads\/2021\/01\/gulersan-logo-tr.png","width":1242,"height":302,"caption":"G\u00fclersan Ya\u011flama Cihazlar\u0131"},"image":{"@id":"https:\/\/www.gulersan.com\/en\/#\/schema\/logo\/image\/"}}]}},"_links":{"self":[{"href":"https:\/\/www.gulersan.com\/en\/wp-json\/wp\/v2\/product\/15495","targetHints":{"allow":["GET"]}}],"collection":[{"href":"https:\/\/www.gulersan.com\/en\/wp-json\/wp\/v2\/product"}],"about":[{"href":"https:\/\/www.gulersan.com\/en\/wp-json\/wp\/v2\/types\/product"}],"replies":[{"embeddable":true,"href":"https:\/\/www.gulersan.com\/en\/wp-json\/wp\/v2\/comments?post=15495"}],"wp:featuredmedia":[{"embeddable":true,"href":"https:\/\/www.gulersan.com\/en\/wp-json\/wp\/v2\/media\/15496"}],"wp:attachment":[{"href":"https:\/\/www.gulersan.com\/en\/wp-json\/wp\/v2\/media?parent=15495"}],"wp:term":[{"taxonomy":"product_brand","embeddable":true,"href":"https:\/\/www.gulersan.com\/en\/wp-json\/wp\/v2\/product_brand?post=15495"},{"taxonomy":"product_cat","embeddable":true,"href":"https:\/\/www.gulersan.com\/en\/wp-json\/wp\/v2\/product_cat?post=15495"},{"taxonomy":"product_tag","embeddable":true,"href":"https:\/\/www.gulersan.com\/en\/wp-json\/wp\/v2\/product_tag?post=15495"}],"curies":[{"name":"wp","href":"https:\/\/api.w.org\/{rel}","templated":true}]}}