{"id":15545,"date":"2026-05-05T16:08:05","date_gmt":"2026-05-05T13:08:05","guid":{"rendered":"https:\/\/www.gulersan.com\/urun\/bilgisayar-kabini-ve-calisma-masasi-17-tek-cekmeceli-aski-panolu-7320\/"},"modified":"2026-05-05T16:08:19","modified_gmt":"2026-05-05T13:08:19","slug":"bilgisayar-kabini-ve-calisma-masasi-17-tek-cekmeceli-aski-panolu-7320","status":"publish","type":"product","link":"https:\/\/www.gulersan.com\/en\/urun\/bilgisayar-kabini-ve-calisma-masasi-17-tek-cekmeceli-aski-panolu-7320\/","title":{"rendered":"Bilgisayar Kabini ve \u00c7al\u0131\u015fma Masas\u0131 17&#8243; Tek \u00c7ekmeceli Ask\u0131 Panolu 7320"},"content":{"rendered":"<h2 style=\"text-align: left;\"><span style=\"color: #000080;\"><strong>Bilgisayar Kabini ve \u00c7al\u0131\u015fma Masas\u0131 17&#8243; Tek \u00c7ekmeceli Ask\u0131 Panolu 7320<\/strong><\/span><\/h2>\n<div>\n<p><span style=\"font-size: 120%;\"><strong><img loading=\"lazy\" decoding=\"async\" class=\"alignnone wp-image-12531\" src=\"https:\/\/www.glsgaraj.com\/wp-content\/uploads\/2021\/06\/konuiciikon.png\" alt=\"\" width=\"18\" height=\"19\" \/> Teknik \u00d6zellikler<\/strong><\/span><\/p>\n<p>Masal\u0131 LCD ekran bilgisayar kabini ekran k\u0131sm\u0131 i\u00e7 kullan\u0131m alan\u0131: 560x250x700 mm net kullan\u0131m alan\u0131na sahiptir. Bilgisayar kabinleri modelleri i\u00e7erisindeki ekran b\u00f6l\u00fcm\u00fc metal \u00e7er\u00e7eve i\u00e7erisinde 3 mm \u015feffaf pleksili ve anahtarl\u0131 kilit sistemine sahiptir. Bilgisayar kabini i\u00e7inde klavye \u00e7ekmecesi alt\u0131nda ergonomik mouse kullan\u0131m\u0131 i\u00e7in ekstra s\u00fcrg\u00fcl\u00fc b\u00f6lme mevcuttur. \u00dcr\u00fcn i\u00e7erisinde anahtarl\u0131 d\u00f6rtl\u00fc toprakl\u0131 priz mevcuttur. Bilgisayar kabini ekran ve kasa k\u0131sm\u0131n\u0131n arka y\u00fczeyi havaland\u0131rma kanall\u0131 olup, fan tak\u0131lmas\u0131na uygun hale getirilmi\u015ftir. Bilgisayar stand\u0131 i\u00e7indeki ekran ve kasa b\u00f6lmeleri ayr\u0131 kilitlerle kilitlenmeye uygundur. Bilgisayar kabini i\u00e7erisine ba\u011fl\u0131 masa, g\u00fcnl\u00fck \u00e7al\u0131\u015fmalar\u0131n\u0131z i\u00e7in uygundur. Masan\u0131n \u00fcst k\u0131sm\u0131nda 1120&#215;550 mm alan 10&#215;10 kare delikli ask\u0131 panosu ve dosya raf\u0131 vard\u0131r. * Bilgisayar kabini modelimiz All in one bilgisayarlar i\u00e7in uygundur.<\/p>\n<table style=\"width: 100%; height: 274px;\" bgcolor=\"whitesmoke\">\n<tbody>\n<tr>\n<td style=\"height: 1px;\" colspan=\"4\" bgcolor=\"white\"><img loading=\"lazy\" decoding=\"async\" class=\"alignnone wp-image-4888\" style=\"color: #555555; font-size: 14.4px; background-color: #ffffff;\" src=\"https:\/\/www.gulersan.com\/wp-content\/uploads\/2020\/12\/cizgi.jpg\" alt=\"\" width=\"1454\" height=\"12\" srcset=\"https:\/\/www.gulersan.com\/wp-content\/uploads\/2020\/12\/cizgi.jpg 606w, https:\/\/www.gulersan.com\/wp-content\/uploads\/2020\/12\/cizgi-510x4.jpg 510w\" sizes=\"auto, (max-width: 1454px) 100vw, 1454px\" \/><\/td>\n<\/tr>\n<tr>\n<td><span style=\"font-size: 120%;\"><strong>\u00a0 \u00a0 \u00a0 En<\/strong><\/span><\/td>\n<td><\/td>\n<td style=\"text-align: right;\"><span style=\"font-size: 120%;\">1700 Mm\u00a0 \u00a0 \u00a0 \u00a0\u00a0<\/span><\/td>\n<\/tr>\n<tr>\n<td><span style=\"font-size: 120%;\"><strong>\u00a0 \u00a0 \u00a0 Derinlik<\/strong><\/span><\/td>\n<td><\/td>\n<td style=\"text-align: right;\"><span style=\"font-size: 120%;\">600 Mm\u00a0 \u00a0 \u00a0 \u00a0\u00a0<\/span><\/td>\n<\/tr>\n<tr>\n<td><span style=\"font-size: 120%;\"><strong>\u00a0 \u00a0 \u00a0 Y\u00fckseklik<\/strong><\/span><\/td>\n<td><\/td>\n<td style=\"text-align: right;\"><span style=\"font-size: 120%;\">1500 Mm\u00a0 \u00a0 \u00a0 \u00a0\u00a0<\/span><\/td>\n<\/tr>\n<tr>\n<td><span style=\"font-size: 120%;\"><strong>\u00a0 \u00a0 \u00a0 Renk<\/strong><\/span><\/td>\n<td><\/td>\n<td style=\"text-align: right;\"><span style=\"font-size: 120%;\">Ral 5015\u00a0 \u00a0 \u00a0 \u00a0\u00a0<\/span><\/td>\n<\/tr>\n<\/tbody>\n<\/table>\n<p>&nbsp;<\/p>\n<p><span style=\"font-size: 120%;\"><strong><img loading=\"lazy\" decoding=\"async\" class=\"alignnone wp-image-12531\" src=\"https:\/\/www.glsgaraj.com\/wp-content\/uploads\/2021\/06\/konuiciikon.png\" alt=\"\" width=\"18\" height=\"19\" \/> Kullan\u0131ld\u0131\u011f\u0131 Yerler<\/strong><\/span><\/p>\n<p>Bilgisayar kabinleri; \u00dcretim hatlar\u0131nda ERP y\u00f6netimi , depo y\u00f6netimi i\u00e7in kullan\u0131lan bilgisayar ekran, yaz\u0131c\u0131 ve kasalar\u0131n vb. ekipmanlar\u0131n ergonomik kullan\u0131m\u0131 i\u00e7in tasarlanm\u0131\u015ft\u0131r.<\/p>\n<p><span style=\"font-size: 120%;\"><strong><img loading=\"lazy\" decoding=\"async\" class=\"alignnone wp-image-12531\" src=\"https:\/\/www.glsgaraj.com\/wp-content\/uploads\/2021\/06\/konuiciikon.png\" alt=\"\" width=\"18\" height=\"19\" \/> \u00dcr\u00fcn Avantajlar\u0131<\/strong><\/span><\/p>\n<p>Masal\u0131 LCD Ekran bilgisayar kabini; LCD ekran pc, barkod yaz\u0131c\u0131s\u0131 vs. muhafazas\u0131 i\u00e7in uygun olup, \u00e7al\u0131\u015fma tezgah\u0131 k\u0131sm\u0131nda rutin i\u015flerinizi kolayl\u0131kla yapabilirsiniz.<\/p>\n<\/div>\n","protected":false},"excerpt":{"rendered":"<p>Bilgisayar Kabini ve \u00c7al\u0131\u015fma Masas\u0131 17&#8243; Tek \u00c7ekmeceli Ask\u0131 Panolu 7320 Teknik \u00d6zellikler Masal\u0131 LCD ekran bilgisayar kabini ekran k\u0131sm\u0131 i\u00e7 kullan\u0131m alan\u0131: 560x250x700 mm net kullan\u0131m alan\u0131na sahiptir. Bilgisayar kabinleri modelleri i\u00e7erisindeki ekran b\u00f6l\u00fcm\u00fc metal \u00e7er\u00e7eve i\u00e7erisinde 3 mm \u015feffaf pleksili ve anahtarl\u0131 kilit sistemine sahiptir. Bilgisayar kabini i\u00e7inde klavye \u00e7ekmecesi alt\u0131nda ergonomik mouse<\/p>\n","protected":false},"featured_media":15546,"comment_status":"closed","ping_status":"open","template":"","meta":[],"product_brand":[],"product_cat":[1420,1410],"product_tag":[],"class_list":{"0":"post-15545","1":"product","2":"type-product","3":"status-publish","4":"has-post-thumbnail","6":"product_cat-bilgisayar-kabinleri","7":"product_cat-metal-esyalar","9":"first","10":"instock","11":"product-type-simple"},"yoast_head":"<!-- This site is optimized with the Yoast SEO plugin v27.6 - https:\/\/yoast.com\/product\/yoast-seo-wordpress\/ -->\n<title>Bilgisayar Kabini ve \u00c7al\u0131\u015fma Masas\u0131 17&quot; Tek \u00c7ekmeceli Ask\u0131 Panolu 7320 - G\u00fclersan Ya\u011flama Cihazlar\u0131<\/title>\n<meta name=\"robots\" content=\"index, follow, max-snippet:-1, max-image-preview:large, max-video-preview:-1\" \/>\n<link rel=\"canonical\" href=\"https:\/\/www.gulersan.com\/en\/urun\/bilgisayar-kabini-ve-calisma-masasi-17-tek-cekmeceli-aski-panolu-7320\/\" \/>\n<meta property=\"og:locale\" content=\"en_US\" \/>\n<meta property=\"og:type\" content=\"article\" \/>\n<meta property=\"og:title\" content=\"Bilgisayar Kabini ve \u00c7al\u0131\u015fma Masas\u0131 17&quot; Tek \u00c7ekmeceli Ask\u0131 Panolu 7320 - G\u00fclersan Ya\u011flama Cihazlar\u0131\" \/>\n<meta property=\"og:description\" content=\"Bilgisayar Kabini ve \u00c7al\u0131\u015fma Masas\u0131 17&#8243; Tek \u00c7ekmeceli Ask\u0131 Panolu 7320 Teknik \u00d6zellikler Masal\u0131 LCD ekran bilgisayar kabini ekran k\u0131sm\u0131 i\u00e7 kullan\u0131m alan\u0131: 560x250x700 mm net kullan\u0131m alan\u0131na sahiptir. Bilgisayar kabinleri modelleri i\u00e7erisindeki ekran b\u00f6l\u00fcm\u00fc metal \u00e7er\u00e7eve i\u00e7erisinde 3 mm \u015feffaf pleksili ve anahtarl\u0131 kilit sistemine sahiptir. Bilgisayar kabini i\u00e7inde klavye \u00e7ekmecesi alt\u0131nda ergonomik mouse\" \/>\n<meta property=\"og:url\" content=\"https:\/\/www.gulersan.com\/en\/urun\/bilgisayar-kabini-ve-calisma-masasi-17-tek-cekmeceli-aski-panolu-7320\/\" \/>\n<meta property=\"og:site_name\" content=\"G\u00fclersan Ya\u011flama Cihazlar\u0131\" \/>\n<meta property=\"article:modified_time\" content=\"2026-05-05T13:08:19+00:00\" \/>\n<meta property=\"og:image\" content=\"https:\/\/www.gulersan.com\/wp-content\/uploads\/2026\/05\/Gls-Garaj-Cekmeceli-Aski-Panolu-17-Bilgisayar-Kabini-ve-Calisma-Masasi-7320-1-450x450h.jpg\" \/>\n\t<meta property=\"og:image:width\" content=\"500\" \/>\n\t<meta property=\"og:image:height\" content=\"500\" \/>\n\t<meta property=\"og:image:type\" content=\"image\/jpeg\" \/>\n<meta name=\"twitter:card\" content=\"summary_large_image\" \/>\n<meta name=\"twitter:label1\" content=\"Est. reading time\" \/>\n\t<meta name=\"twitter:data1\" content=\"1 minute\" \/>\n<script type=\"application\/ld+json\" class=\"yoast-schema-graph\">{\"@context\":\"https:\\\/\\\/schema.org\",\"@graph\":[{\"@type\":\"WebPage\",\"@id\":\"https:\\\/\\\/www.gulersan.com\\\/en\\\/urun\\\/bilgisayar-kabini-ve-calisma-masasi-17-tek-cekmeceli-aski-panolu-7320\\\/\",\"url\":\"https:\\\/\\\/www.gulersan.com\\\/en\\\/urun\\\/bilgisayar-kabini-ve-calisma-masasi-17-tek-cekmeceli-aski-panolu-7320\\\/\",\"name\":\"Bilgisayar Kabini ve \u00c7al\u0131\u015fma Masas\u0131 17\\\" Tek \u00c7ekmeceli Ask\u0131 Panolu 7320 - G\u00fclersan Ya\u011flama Cihazlar\u0131\",\"isPartOf\":{\"@id\":\"https:\\\/\\\/www.gulersan.com\\\/en\\\/#website\"},\"primaryImageOfPage\":{\"@id\":\"https:\\\/\\\/www.gulersan.com\\\/en\\\/urun\\\/bilgisayar-kabini-ve-calisma-masasi-17-tek-cekmeceli-aski-panolu-7320\\\/#primaryimage\"},\"image\":{\"@id\":\"https:\\\/\\\/www.gulersan.com\\\/en\\\/urun\\\/bilgisayar-kabini-ve-calisma-masasi-17-tek-cekmeceli-aski-panolu-7320\\\/#primaryimage\"},\"thumbnailUrl\":\"https:\\\/\\\/www.gulersan.com\\\/wp-content\\\/uploads\\\/2026\\\/05\\\/Gls-Garaj-Cekmeceli-Aski-Panolu-17-Bilgisayar-Kabini-ve-Calisma-Masasi-7320-1-450x450h.jpg\",\"datePublished\":\"2026-05-05T13:08:05+00:00\",\"dateModified\":\"2026-05-05T13:08:19+00:00\",\"breadcrumb\":{\"@id\":\"https:\\\/\\\/www.gulersan.com\\\/en\\\/urun\\\/bilgisayar-kabini-ve-calisma-masasi-17-tek-cekmeceli-aski-panolu-7320\\\/#breadcrumb\"},\"inLanguage\":\"en-US\",\"potentialAction\":[{\"@type\":\"ReadAction\",\"target\":[\"https:\\\/\\\/www.gulersan.com\\\/en\\\/urun\\\/bilgisayar-kabini-ve-calisma-masasi-17-tek-cekmeceli-aski-panolu-7320\\\/\"]}]},{\"@type\":\"ImageObject\",\"inLanguage\":\"en-US\",\"@id\":\"https:\\\/\\\/www.gulersan.com\\\/en\\\/urun\\\/bilgisayar-kabini-ve-calisma-masasi-17-tek-cekmeceli-aski-panolu-7320\\\/#primaryimage\",\"url\":\"https:\\\/\\\/www.gulersan.com\\\/wp-content\\\/uploads\\\/2026\\\/05\\\/Gls-Garaj-Cekmeceli-Aski-Panolu-17-Bilgisayar-Kabini-ve-Calisma-Masasi-7320-1-450x450h.jpg\",\"contentUrl\":\"https:\\\/\\\/www.gulersan.com\\\/wp-content\\\/uploads\\\/2026\\\/05\\\/Gls-Garaj-Cekmeceli-Aski-Panolu-17-Bilgisayar-Kabini-ve-Calisma-Masasi-7320-1-450x450h.jpg\",\"width\":500,\"height\":500},{\"@type\":\"BreadcrumbList\",\"@id\":\"https:\\\/\\\/www.gulersan.com\\\/en\\\/urun\\\/bilgisayar-kabini-ve-calisma-masasi-17-tek-cekmeceli-aski-panolu-7320\\\/#breadcrumb\",\"itemListElement\":[{\"@type\":\"ListItem\",\"position\":1,\"name\":\"Anasayfa\",\"item\":\"https:\\\/\\\/www.gulersan.com\\\/en\\\/\"},{\"@type\":\"ListItem\",\"position\":2,\"name\":\"\\\/\",\"item\":\"https:\\\/\\\/www.gulersan.com\\\/shop\\\/\"},{\"@type\":\"ListItem\",\"position\":3,\"name\":\"GLS Garaj Ekipmanlar\u0131\",\"item\":\"https:\\\/\\\/www.gulersan.com\\\/en\\\/urun-kategori\\\/gls-garaj-ekipmanlari\\\/\"},{\"@type\":\"ListItem\",\"position\":4,\"name\":\"Metal E\u015fyalar\",\"item\":\"https:\\\/\\\/www.gulersan.com\\\/en\\\/urun-kategori\\\/gls-garaj-ekipmanlari\\\/metal-esyalar\\\/\"},{\"@type\":\"ListItem\",\"position\":5,\"name\":\"Bilgisayar Kabinleri\",\"item\":\"https:\\\/\\\/www.gulersan.com\\\/en\\\/urun-kategori\\\/gls-garaj-ekipmanlari\\\/metal-esyalar\\\/bilgisayar-kabinleri\\\/\"},{\"@type\":\"ListItem\",\"position\":6,\"name\":\"Bilgisayar Kabini ve \u00c7al\u0131\u015fma Masas\u0131 17&#8243; Tek \u00c7ekmeceli Ask\u0131 Panolu 7320\"}]},{\"@type\":\"WebSite\",\"@id\":\"https:\\\/\\\/www.gulersan.com\\\/en\\\/#website\",\"url\":\"https:\\\/\\\/www.gulersan.com\\\/en\\\/\",\"name\":\"G\u00fclersan Ya\u011flama Cihazlar\u0131\",\"description\":\"Ya\u011flama Makinesi | Haval\u0131 Gres Pompas\u0131 | Ya\u011flama Pompas\u0131 | Ya\u011f \u00c7ekme Pompas\u0131\",\"publisher\":{\"@id\":\"https:\\\/\\\/www.gulersan.com\\\/en\\\/#organization\"},\"potentialAction\":[{\"@type\":\"SearchAction\",\"target\":{\"@type\":\"EntryPoint\",\"urlTemplate\":\"https:\\\/\\\/www.gulersan.com\\\/en\\\/?s={search_term_string}\"},\"query-input\":{\"@type\":\"PropertyValueSpecification\",\"valueRequired\":true,\"valueName\":\"search_term_string\"}}],\"inLanguage\":\"en-US\"},{\"@type\":\"Organization\",\"@id\":\"https:\\\/\\\/www.gulersan.com\\\/en\\\/#organization\",\"name\":\"G\u00fclersan Ya\u011flama Cihazlar\u0131\",\"url\":\"https:\\\/\\\/www.gulersan.com\\\/en\\\/\",\"logo\":{\"@type\":\"ImageObject\",\"inLanguage\":\"en-US\",\"@id\":\"https:\\\/\\\/www.gulersan.com\\\/en\\\/#\\\/schema\\\/logo\\\/image\\\/\",\"url\":\"https:\\\/\\\/www.gulersan.com\\\/wp-content\\\/uploads\\\/2021\\\/01\\\/gulersan-logo-tr.png\",\"contentUrl\":\"https:\\\/\\\/www.gulersan.com\\\/wp-content\\\/uploads\\\/2021\\\/01\\\/gulersan-logo-tr.png\",\"width\":1242,\"height\":302,\"caption\":\"G\u00fclersan Ya\u011flama Cihazlar\u0131\"},\"image\":{\"@id\":\"https:\\\/\\\/www.gulersan.com\\\/en\\\/#\\\/schema\\\/logo\\\/image\\\/\"}}]}<\/script>\n<!-- \/ Yoast SEO plugin. -->","yoast_head_json":{"title":"Bilgisayar Kabini ve \u00c7al\u0131\u015fma Masas\u0131 17\" Tek \u00c7ekmeceli Ask\u0131 Panolu 7320 - G\u00fclersan Ya\u011flama Cihazlar\u0131","robots":{"index":"index","follow":"follow","max-snippet":"max-snippet:-1","max-image-preview":"max-image-preview:large","max-video-preview":"max-video-preview:-1"},"canonical":"https:\/\/www.gulersan.com\/en\/urun\/bilgisayar-kabini-ve-calisma-masasi-17-tek-cekmeceli-aski-panolu-7320\/","og_locale":"en_US","og_type":"article","og_title":"Bilgisayar Kabini ve \u00c7al\u0131\u015fma Masas\u0131 17\" Tek \u00c7ekmeceli Ask\u0131 Panolu 7320 - G\u00fclersan Ya\u011flama Cihazlar\u0131","og_description":"Bilgisayar Kabini ve \u00c7al\u0131\u015fma Masas\u0131 17&#8243; Tek \u00c7ekmeceli Ask\u0131 Panolu 7320 Teknik \u00d6zellikler Masal\u0131 LCD ekran bilgisayar kabini ekran k\u0131sm\u0131 i\u00e7 kullan\u0131m alan\u0131: 560x250x700 mm net kullan\u0131m alan\u0131na sahiptir. Bilgisayar kabinleri modelleri i\u00e7erisindeki ekran b\u00f6l\u00fcm\u00fc metal \u00e7er\u00e7eve i\u00e7erisinde 3 mm \u015feffaf pleksili ve anahtarl\u0131 kilit sistemine sahiptir. Bilgisayar kabini i\u00e7inde klavye \u00e7ekmecesi alt\u0131nda ergonomik mouse","og_url":"https:\/\/www.gulersan.com\/en\/urun\/bilgisayar-kabini-ve-calisma-masasi-17-tek-cekmeceli-aski-panolu-7320\/","og_site_name":"G\u00fclersan Ya\u011flama Cihazlar\u0131","article_modified_time":"2026-05-05T13:08:19+00:00","og_image":[{"width":500,"height":500,"url":"https:\/\/www.gulersan.com\/wp-content\/uploads\/2026\/05\/Gls-Garaj-Cekmeceli-Aski-Panolu-17-Bilgisayar-Kabini-ve-Calisma-Masasi-7320-1-450x450h.jpg","type":"image\/jpeg"}],"twitter_card":"summary_large_image","twitter_misc":{"Est. reading time":"1 minute"},"schema":{"@context":"https:\/\/schema.org","@graph":[{"@type":"WebPage","@id":"https:\/\/www.gulersan.com\/en\/urun\/bilgisayar-kabini-ve-calisma-masasi-17-tek-cekmeceli-aski-panolu-7320\/","url":"https:\/\/www.gulersan.com\/en\/urun\/bilgisayar-kabini-ve-calisma-masasi-17-tek-cekmeceli-aski-panolu-7320\/","name":"Bilgisayar Kabini ve \u00c7al\u0131\u015fma Masas\u0131 17\" Tek \u00c7ekmeceli Ask\u0131 Panolu 7320 - G\u00fclersan Ya\u011flama Cihazlar\u0131","isPartOf":{"@id":"https:\/\/www.gulersan.com\/en\/#website"},"primaryImageOfPage":{"@id":"https:\/\/www.gulersan.com\/en\/urun\/bilgisayar-kabini-ve-calisma-masasi-17-tek-cekmeceli-aski-panolu-7320\/#primaryimage"},"image":{"@id":"https:\/\/www.gulersan.com\/en\/urun\/bilgisayar-kabini-ve-calisma-masasi-17-tek-cekmeceli-aski-panolu-7320\/#primaryimage"},"thumbnailUrl":"https:\/\/www.gulersan.com\/wp-content\/uploads\/2026\/05\/Gls-Garaj-Cekmeceli-Aski-Panolu-17-Bilgisayar-Kabini-ve-Calisma-Masasi-7320-1-450x450h.jpg","datePublished":"2026-05-05T13:08:05+00:00","dateModified":"2026-05-05T13:08:19+00:00","breadcrumb":{"@id":"https:\/\/www.gulersan.com\/en\/urun\/bilgisayar-kabini-ve-calisma-masasi-17-tek-cekmeceli-aski-panolu-7320\/#breadcrumb"},"inLanguage":"en-US","potentialAction":[{"@type":"ReadAction","target":["https:\/\/www.gulersan.com\/en\/urun\/bilgisayar-kabini-ve-calisma-masasi-17-tek-cekmeceli-aski-panolu-7320\/"]}]},{"@type":"ImageObject","inLanguage":"en-US","@id":"https:\/\/www.gulersan.com\/en\/urun\/bilgisayar-kabini-ve-calisma-masasi-17-tek-cekmeceli-aski-panolu-7320\/#primaryimage","url":"https:\/\/www.gulersan.com\/wp-content\/uploads\/2026\/05\/Gls-Garaj-Cekmeceli-Aski-Panolu-17-Bilgisayar-Kabini-ve-Calisma-Masasi-7320-1-450x450h.jpg","contentUrl":"https:\/\/www.gulersan.com\/wp-content\/uploads\/2026\/05\/Gls-Garaj-Cekmeceli-Aski-Panolu-17-Bilgisayar-Kabini-ve-Calisma-Masasi-7320-1-450x450h.jpg","width":500,"height":500},{"@type":"BreadcrumbList","@id":"https:\/\/www.gulersan.com\/en\/urun\/bilgisayar-kabini-ve-calisma-masasi-17-tek-cekmeceli-aski-panolu-7320\/#breadcrumb","itemListElement":[{"@type":"ListItem","position":1,"name":"Anasayfa","item":"https:\/\/www.gulersan.com\/en\/"},{"@type":"ListItem","position":2,"name":"\/","item":"https:\/\/www.gulersan.com\/shop\/"},{"@type":"ListItem","position":3,"name":"GLS Garaj Ekipmanlar\u0131","item":"https:\/\/www.gulersan.com\/en\/urun-kategori\/gls-garaj-ekipmanlari\/"},{"@type":"ListItem","position":4,"name":"Metal E\u015fyalar","item":"https:\/\/www.gulersan.com\/en\/urun-kategori\/gls-garaj-ekipmanlari\/metal-esyalar\/"},{"@type":"ListItem","position":5,"name":"Bilgisayar Kabinleri","item":"https:\/\/www.gulersan.com\/en\/urun-kategori\/gls-garaj-ekipmanlari\/metal-esyalar\/bilgisayar-kabinleri\/"},{"@type":"ListItem","position":6,"name":"Bilgisayar Kabini ve \u00c7al\u0131\u015fma Masas\u0131 17&#8243; Tek \u00c7ekmeceli Ask\u0131 Panolu 7320"}]},{"@type":"WebSite","@id":"https:\/\/www.gulersan.com\/en\/#website","url":"https:\/\/www.gulersan.com\/en\/","name":"G\u00fclersan Ya\u011flama Cihazlar\u0131","description":"Ya\u011flama Makinesi | Haval\u0131 Gres Pompas\u0131 | Ya\u011flama Pompas\u0131 | Ya\u011f \u00c7ekme Pompas\u0131","publisher":{"@id":"https:\/\/www.gulersan.com\/en\/#organization"},"potentialAction":[{"@type":"SearchAction","target":{"@type":"EntryPoint","urlTemplate":"https:\/\/www.gulersan.com\/en\/?s={search_term_string}"},"query-input":{"@type":"PropertyValueSpecification","valueRequired":true,"valueName":"search_term_string"}}],"inLanguage":"en-US"},{"@type":"Organization","@id":"https:\/\/www.gulersan.com\/en\/#organization","name":"G\u00fclersan Ya\u011flama Cihazlar\u0131","url":"https:\/\/www.gulersan.com\/en\/","logo":{"@type":"ImageObject","inLanguage":"en-US","@id":"https:\/\/www.gulersan.com\/en\/#\/schema\/logo\/image\/","url":"https:\/\/www.gulersan.com\/wp-content\/uploads\/2021\/01\/gulersan-logo-tr.png","contentUrl":"https:\/\/www.gulersan.com\/wp-content\/uploads\/2021\/01\/gulersan-logo-tr.png","width":1242,"height":302,"caption":"G\u00fclersan Ya\u011flama Cihazlar\u0131"},"image":{"@id":"https:\/\/www.gulersan.com\/en\/#\/schema\/logo\/image\/"}}]}},"_links":{"self":[{"href":"https:\/\/www.gulersan.com\/en\/wp-json\/wp\/v2\/product\/15545","targetHints":{"allow":["GET"]}}],"collection":[{"href":"https:\/\/www.gulersan.com\/en\/wp-json\/wp\/v2\/product"}],"about":[{"href":"https:\/\/www.gulersan.com\/en\/wp-json\/wp\/v2\/types\/product"}],"replies":[{"embeddable":true,"href":"https:\/\/www.gulersan.com\/en\/wp-json\/wp\/v2\/comments?post=15545"}],"wp:featuredmedia":[{"embeddable":true,"href":"https:\/\/www.gulersan.com\/en\/wp-json\/wp\/v2\/media\/15546"}],"wp:attachment":[{"href":"https:\/\/www.gulersan.com\/en\/wp-json\/wp\/v2\/media?parent=15545"}],"wp:term":[{"taxonomy":"product_brand","embeddable":true,"href":"https:\/\/www.gulersan.com\/en\/wp-json\/wp\/v2\/product_brand?post=15545"},{"taxonomy":"product_cat","embeddable":true,"href":"https:\/\/www.gulersan.com\/en\/wp-json\/wp\/v2\/product_cat?post=15545"},{"taxonomy":"product_tag","embeddable":true,"href":"https:\/\/www.gulersan.com\/en\/wp-json\/wp\/v2\/product_tag?post=15545"}],"curies":[{"name":"wp","href":"https:\/\/api.w.org\/{rel}","templated":true}]}}