{"id":15583,"date":"2026-05-05T16:08:29","date_gmt":"2026-05-05T13:08:29","guid":{"rendered":"https:\/\/www.gulersan.com\/urun\/calisma-arabasi-1-dolapli-1-cekmeceli-8051\/"},"modified":"2026-05-05T16:08:41","modified_gmt":"2026-05-05T13:08:41","slug":"calisma-arabasi-1-dolapli-1-cekmeceli-8051","status":"publish","type":"product","link":"https:\/\/www.gulersan.com\/en\/urun\/calisma-arabasi-1-dolapli-1-cekmeceli-8051\/","title":{"rendered":"\u00c7al\u0131\u015fma Arabas\u0131 1 Dolapl\u0131 1 \u00c7ekmeceli 8051"},"content":{"rendered":"<h2 style=\"text-align: left;\"><span style=\"color: #000080;\"><strong>\u00c7al\u0131\u015fma Arabas\u0131 1 Dolapl\u0131 1 \u00c7ekmeceli 8051<\/strong><\/span><\/h2>\n<div>\n<p><span style=\"font-size: 120%;\"><strong><img loading=\"lazy\" decoding=\"async\" class=\"alignnone wp-image-12531\" src=\"https:\/\/www.glsgaraj.com\/wp-content\/uploads\/2021\/06\/konuiciikon.png\" alt=\"\" width=\"18\" height=\"19\" \/> Teknik \u00d6zellikler<\/strong><\/span><\/p>\n<p>\u00dcr\u00fcn\u00fcm\u00fcz\u00fcn ana \u015fasesi 35x35x1,50 mm kutu profilden kaynakl\u0131 olarak, elektrostatik toz boyal\u0131 olarak \u00fcretilmektedir. \u00dcr\u00fcn\u00fcm\u00fcz\u00fcn \u00fcst tablas\u0131nda 25 mm ham mdf , yan raflarda 18 mm ham mdf kullan\u0131lmaktad\u0131r. \u00c7al\u0131\u015fma arabam\u0131zda bulunan, 1 \u00e7ekmeceli kap\u0131l\u0131 dolab\u0131m\u0131z 1,20 mm dkp sacdan kaynakl\u0131 sa\u011flam \u00e7elik konstr\u00fcksiyonlu olarak \u00fcretilmektedir. Kapakl\u0131 dolap i\u00e7erisinde 1 adet galvaniz sacdan \u00fcretilmi\u015f, y\u00fcksekli\u011fi ayarlanabilir sabit raf mevcuttur. \u00dcr\u00fcn\u00fcm\u00fcz arka k\u0131sm\u0131nda 10&#215;10 kare profilden delikli tak\u0131m asma panosu bulunmaktad\u0131r. \u00c7ekmecemizde bulunan raylar 2,50 mm hrp sacdan imal olup, 4 adet 6201 zz rulman \u00fczerinde \u00e7al\u0131\u015fmaktad\u0131r. \u00c7ekmece kulpumuz mat eloksal kapl\u0131 al\u00fcminyum profildir. \u00c7ekmece i\u00e7leri 17 mm aral\u0131klarla ayarlanabilir, seperat\u00f6r kanall\u0131d\u0131r. \u00dcr\u00fcn\u00fcm\u00fczde 10&#215;10 kare delikli tak\u0131m asma panosu bulunmaktad\u0131r. \u00dcr\u00fcn\u00fcm\u00fczde 125 mm kau\u00e7uk teker kullan\u0131lmaktad\u0131r. Ayr\u0131ca 1 adet itme kulpu mevcuttur.<\/p>\n<table style=\"width: 100%; height: 274px;\" bgcolor=\"whitesmoke\">\n<tbody>\n<tr>\n<td style=\"height: 1px;\" colspan=\"4\" bgcolor=\"white\"><img loading=\"lazy\" decoding=\"async\" class=\"alignnone wp-image-4888\" style=\"color: #555555; font-size: 14.4px; background-color: #ffffff;\" src=\"https:\/\/www.gulersan.com\/wp-content\/uploads\/2020\/12\/cizgi.jpg\" alt=\"\" width=\"1454\" height=\"12\" srcset=\"https:\/\/www.gulersan.com\/wp-content\/uploads\/2020\/12\/cizgi.jpg 606w, https:\/\/www.gulersan.com\/wp-content\/uploads\/2020\/12\/cizgi-510x4.jpg 510w\" sizes=\"auto, (max-width: 1454px) 100vw, 1454px\" \/><\/td>\n<\/tr>\n<tr>\n<td><span style=\"font-size: 120%;\"><strong>\u00a0 \u00a0 \u00a0 En<\/strong><\/span><\/td>\n<td><\/td>\n<td style=\"text-align: right;\"><span style=\"font-size: 120%;\">1120 Mm\u00a0 \u00a0 \u00a0 \u00a0\u00a0<\/span><\/td>\n<\/tr>\n<tr>\n<td><span style=\"font-size: 120%;\"><strong>\u00a0 \u00a0 \u00a0 Derinlik<\/strong><\/span><\/td>\n<td><\/td>\n<td style=\"text-align: right;\"><span style=\"font-size: 120%;\">570 Mm\u00a0 \u00a0 \u00a0 \u00a0\u00a0<\/span><\/td>\n<\/tr>\n<tr>\n<td><span style=\"font-size: 120%;\"><strong>\u00a0 \u00a0 \u00a0 Y\u00fckseklik<\/strong><\/span><\/td>\n<td><\/td>\n<td style=\"text-align: right;\"><span style=\"font-size: 120%;\">960+650 Mm\u00a0 \u00a0 \u00a0 \u00a0\u00a0<\/span><\/td>\n<\/tr>\n<tr>\n<td><span style=\"font-size: 120%;\"><strong>\u00a0 \u00a0 \u00a0 Renk<\/strong><\/span><\/td>\n<td><\/td>\n<td style=\"text-align: right;\"><span style=\"font-size: 120%;\">Ral 5015\u00a0 \u00a0 \u00a0 \u00a0\u00a0<\/span><\/td>\n<\/tr>\n<\/tbody>\n<\/table>\n<p>&nbsp;<\/p>\n<p><span style=\"font-size: 120%;\"><strong><img loading=\"lazy\" decoding=\"async\" class=\"alignnone wp-image-12531\" src=\"https:\/\/www.glsgaraj.com\/wp-content\/uploads\/2021\/06\/konuiciikon.png\" alt=\"\" width=\"18\" height=\"19\" \/> Kullan\u0131ld\u0131\u011f\u0131 Yerler<\/strong><\/span><\/p>\n<p>\u00dcretim ve montaj hatlar\u0131nda; yard\u0131mc\u0131 malzemelerin ta\u015f\u0131nmas\u0131, muhafaza ve montaj edilmesi amac\u0131yla kullan\u0131lmaktad\u0131r.<\/p>\n<p><span style=\"font-size: 120%;\"><strong><img loading=\"lazy\" decoding=\"async\" class=\"alignnone wp-image-12531\" src=\"https:\/\/www.glsgaraj.com\/wp-content\/uploads\/2021\/06\/konuiciikon.png\" alt=\"\" width=\"18\" height=\"19\" \/> \u00dcr\u00fcn Avantajlar\u0131<\/strong><\/span><\/p>\n<p>Tak\u0131m asma panolu, 1 \u00e7ekmeceli ve 1 rafl\u0131 dolapl\u0131 \u00e7al\u0131\u015fma arabam\u0131z sayesinde; \u00fcretim alanlar\u0131nda orta b\u00fcy\u00fckl\u00fckteki malzemelerin bir yerden bir yere beden g\u00fcc\u00fc harcanmadan sevki, ayn\u0131 zamanda ilgili yedek par\u00e7a ve el aletlerinin de muhafazas\u0131 sa\u011flanmaktad\u0131r. \u0130stenildi\u011finde \u00e7ekmece say\u0131s\u0131 artt\u0131r\u0131labilir, masa \u00fczerine iste\u011fe ba\u011fl\u0131 olarak pvc, galvaniz sac veya paslanmaz sac kaplama yap\u0131labilir.<\/p>\n<\/div>\n","protected":false},"excerpt":{"rendered":"<p>\u00c7al\u0131\u015fma Arabas\u0131 1 Dolapl\u0131 1 \u00c7ekmeceli 8051 Teknik \u00d6zellikler \u00dcr\u00fcn\u00fcm\u00fcz\u00fcn ana \u015fasesi 35x35x1,50 mm kutu profilden kaynakl\u0131 olarak, elektrostatik toz boyal\u0131 olarak \u00fcretilmektedir. \u00dcr\u00fcn\u00fcm\u00fcz\u00fcn \u00fcst tablas\u0131nda 25 mm ham mdf , yan raflarda 18 mm ham mdf kullan\u0131lmaktad\u0131r. \u00c7al\u0131\u015fma arabam\u0131zda bulunan, 1 \u00e7ekmeceli kap\u0131l\u0131 dolab\u0131m\u0131z 1,20 mm dkp sacdan kaynakl\u0131 sa\u011flam \u00e7elik konstr\u00fcksiyonlu olarak \u00fcretilmektedir.<\/p>\n","protected":false},"featured_media":15584,"comment_status":"closed","ping_status":"open","template":"","meta":[],"product_brand":[],"product_cat":[1422,1410],"product_tag":[],"class_list":{"0":"post-15583","1":"product","2":"type-product","3":"status-publish","4":"has-post-thumbnail","6":"product_cat-calisma-arabalari","7":"product_cat-metal-esyalar","9":"first","10":"instock","11":"product-type-simple"},"yoast_head":"<!-- This site is optimized with the Yoast SEO plugin v27.6 - https:\/\/yoast.com\/product\/yoast-seo-wordpress\/ -->\n<title>\u00c7al\u0131\u015fma Arabas\u0131 1 Dolapl\u0131 1 \u00c7ekmeceli 8051 - G\u00fclersan Ya\u011flama Cihazlar\u0131<\/title>\n<meta name=\"robots\" content=\"index, follow, max-snippet:-1, max-image-preview:large, max-video-preview:-1\" \/>\n<link rel=\"canonical\" href=\"https:\/\/www.gulersan.com\/en\/urun\/calisma-arabasi-1-dolapli-1-cekmeceli-8051\/\" \/>\n<meta property=\"og:locale\" content=\"en_US\" \/>\n<meta property=\"og:type\" content=\"article\" \/>\n<meta property=\"og:title\" content=\"\u00c7al\u0131\u015fma Arabas\u0131 1 Dolapl\u0131 1 \u00c7ekmeceli 8051 - G\u00fclersan Ya\u011flama Cihazlar\u0131\" \/>\n<meta property=\"og:description\" content=\"\u00c7al\u0131\u015fma Arabas\u0131 1 Dolapl\u0131 1 \u00c7ekmeceli 8051 Teknik \u00d6zellikler \u00dcr\u00fcn\u00fcm\u00fcz\u00fcn ana \u015fasesi 35x35x1,50 mm kutu profilden kaynakl\u0131 olarak, elektrostatik toz boyal\u0131 olarak \u00fcretilmektedir. \u00dcr\u00fcn\u00fcm\u00fcz\u00fcn \u00fcst tablas\u0131nda 25 mm ham mdf , yan raflarda 18 mm ham mdf kullan\u0131lmaktad\u0131r. \u00c7al\u0131\u015fma arabam\u0131zda bulunan, 1 \u00e7ekmeceli kap\u0131l\u0131 dolab\u0131m\u0131z 1,20 mm dkp sacdan kaynakl\u0131 sa\u011flam \u00e7elik konstr\u00fcksiyonlu olarak \u00fcretilmektedir.\" \/>\n<meta property=\"og:url\" content=\"https:\/\/www.gulersan.com\/en\/urun\/calisma-arabasi-1-dolapli-1-cekmeceli-8051\/\" \/>\n<meta property=\"og:site_name\" content=\"G\u00fclersan Ya\u011flama Cihazlar\u0131\" \/>\n<meta property=\"article:modified_time\" content=\"2026-05-05T13:08:41+00:00\" \/>\n<meta property=\"og:image\" content=\"https:\/\/www.gulersan.com\/wp-content\/uploads\/2026\/05\/gls-8051-calisma-arabasi-2-dolapli-2-cekmeceli1-450x450h.jpg\" \/>\n\t<meta property=\"og:image:width\" content=\"500\" \/>\n\t<meta property=\"og:image:height\" content=\"500\" \/>\n\t<meta property=\"og:image:type\" content=\"image\/jpeg\" \/>\n<meta name=\"twitter:card\" content=\"summary_large_image\" \/>\n<meta name=\"twitter:label1\" content=\"Est. reading time\" \/>\n\t<meta name=\"twitter:data1\" content=\"1 minute\" \/>\n<script type=\"application\/ld+json\" class=\"yoast-schema-graph\">{\"@context\":\"https:\\\/\\\/schema.org\",\"@graph\":[{\"@type\":\"WebPage\",\"@id\":\"https:\\\/\\\/www.gulersan.com\\\/en\\\/urun\\\/calisma-arabasi-1-dolapli-1-cekmeceli-8051\\\/\",\"url\":\"https:\\\/\\\/www.gulersan.com\\\/en\\\/urun\\\/calisma-arabasi-1-dolapli-1-cekmeceli-8051\\\/\",\"name\":\"\u00c7al\u0131\u015fma Arabas\u0131 1 Dolapl\u0131 1 \u00c7ekmeceli 8051 - G\u00fclersan Ya\u011flama Cihazlar\u0131\",\"isPartOf\":{\"@id\":\"https:\\\/\\\/www.gulersan.com\\\/en\\\/#website\"},\"primaryImageOfPage\":{\"@id\":\"https:\\\/\\\/www.gulersan.com\\\/en\\\/urun\\\/calisma-arabasi-1-dolapli-1-cekmeceli-8051\\\/#primaryimage\"},\"image\":{\"@id\":\"https:\\\/\\\/www.gulersan.com\\\/en\\\/urun\\\/calisma-arabasi-1-dolapli-1-cekmeceli-8051\\\/#primaryimage\"},\"thumbnailUrl\":\"https:\\\/\\\/www.gulersan.com\\\/wp-content\\\/uploads\\\/2026\\\/05\\\/gls-8051-calisma-arabasi-2-dolapli-2-cekmeceli1-450x450h.jpg\",\"datePublished\":\"2026-05-05T13:08:29+00:00\",\"dateModified\":\"2026-05-05T13:08:41+00:00\",\"breadcrumb\":{\"@id\":\"https:\\\/\\\/www.gulersan.com\\\/en\\\/urun\\\/calisma-arabasi-1-dolapli-1-cekmeceli-8051\\\/#breadcrumb\"},\"inLanguage\":\"en-US\",\"potentialAction\":[{\"@type\":\"ReadAction\",\"target\":[\"https:\\\/\\\/www.gulersan.com\\\/en\\\/urun\\\/calisma-arabasi-1-dolapli-1-cekmeceli-8051\\\/\"]}]},{\"@type\":\"ImageObject\",\"inLanguage\":\"en-US\",\"@id\":\"https:\\\/\\\/www.gulersan.com\\\/en\\\/urun\\\/calisma-arabasi-1-dolapli-1-cekmeceli-8051\\\/#primaryimage\",\"url\":\"https:\\\/\\\/www.gulersan.com\\\/wp-content\\\/uploads\\\/2026\\\/05\\\/gls-8051-calisma-arabasi-2-dolapli-2-cekmeceli1-450x450h.jpg\",\"contentUrl\":\"https:\\\/\\\/www.gulersan.com\\\/wp-content\\\/uploads\\\/2026\\\/05\\\/gls-8051-calisma-arabasi-2-dolapli-2-cekmeceli1-450x450h.jpg\",\"width\":500,\"height\":500},{\"@type\":\"BreadcrumbList\",\"@id\":\"https:\\\/\\\/www.gulersan.com\\\/en\\\/urun\\\/calisma-arabasi-1-dolapli-1-cekmeceli-8051\\\/#breadcrumb\",\"itemListElement\":[{\"@type\":\"ListItem\",\"position\":1,\"name\":\"Anasayfa\",\"item\":\"https:\\\/\\\/www.gulersan.com\\\/en\\\/\"},{\"@type\":\"ListItem\",\"position\":2,\"name\":\"\\\/\",\"item\":\"https:\\\/\\\/www.gulersan.com\\\/shop\\\/\"},{\"@type\":\"ListItem\",\"position\":3,\"name\":\"GLS Garaj Ekipmanlar\u0131\",\"item\":\"https:\\\/\\\/www.gulersan.com\\\/en\\\/urun-kategori\\\/gls-garaj-ekipmanlari\\\/\"},{\"@type\":\"ListItem\",\"position\":4,\"name\":\"Metal E\u015fyalar\",\"item\":\"https:\\\/\\\/www.gulersan.com\\\/en\\\/urun-kategori\\\/gls-garaj-ekipmanlari\\\/metal-esyalar\\\/\"},{\"@type\":\"ListItem\",\"position\":5,\"name\":\"\u00c7al\u0131\u015fma Arabalar\u0131\",\"item\":\"https:\\\/\\\/www.gulersan.com\\\/en\\\/urun-kategori\\\/gls-garaj-ekipmanlari\\\/metal-esyalar\\\/calisma-arabalari\\\/\"},{\"@type\":\"ListItem\",\"position\":6,\"name\":\"\u00c7al\u0131\u015fma Arabas\u0131 1 Dolapl\u0131 1 \u00c7ekmeceli 8051\"}]},{\"@type\":\"WebSite\",\"@id\":\"https:\\\/\\\/www.gulersan.com\\\/en\\\/#website\",\"url\":\"https:\\\/\\\/www.gulersan.com\\\/en\\\/\",\"name\":\"G\u00fclersan Ya\u011flama Cihazlar\u0131\",\"description\":\"Ya\u011flama Makinesi | Haval\u0131 Gres Pompas\u0131 | Ya\u011flama Pompas\u0131 | Ya\u011f \u00c7ekme Pompas\u0131\",\"publisher\":{\"@id\":\"https:\\\/\\\/www.gulersan.com\\\/en\\\/#organization\"},\"potentialAction\":[{\"@type\":\"SearchAction\",\"target\":{\"@type\":\"EntryPoint\",\"urlTemplate\":\"https:\\\/\\\/www.gulersan.com\\\/en\\\/?s={search_term_string}\"},\"query-input\":{\"@type\":\"PropertyValueSpecification\",\"valueRequired\":true,\"valueName\":\"search_term_string\"}}],\"inLanguage\":\"en-US\"},{\"@type\":\"Organization\",\"@id\":\"https:\\\/\\\/www.gulersan.com\\\/en\\\/#organization\",\"name\":\"G\u00fclersan Ya\u011flama Cihazlar\u0131\",\"url\":\"https:\\\/\\\/www.gulersan.com\\\/en\\\/\",\"logo\":{\"@type\":\"ImageObject\",\"inLanguage\":\"en-US\",\"@id\":\"https:\\\/\\\/www.gulersan.com\\\/en\\\/#\\\/schema\\\/logo\\\/image\\\/\",\"url\":\"https:\\\/\\\/www.gulersan.com\\\/wp-content\\\/uploads\\\/2021\\\/01\\\/gulersan-logo-tr.png\",\"contentUrl\":\"https:\\\/\\\/www.gulersan.com\\\/wp-content\\\/uploads\\\/2021\\\/01\\\/gulersan-logo-tr.png\",\"width\":1242,\"height\":302,\"caption\":\"G\u00fclersan Ya\u011flama Cihazlar\u0131\"},\"image\":{\"@id\":\"https:\\\/\\\/www.gulersan.com\\\/en\\\/#\\\/schema\\\/logo\\\/image\\\/\"}}]}<\/script>\n<!-- \/ Yoast SEO plugin. -->","yoast_head_json":{"title":"\u00c7al\u0131\u015fma Arabas\u0131 1 Dolapl\u0131 1 \u00c7ekmeceli 8051 - G\u00fclersan Ya\u011flama Cihazlar\u0131","robots":{"index":"index","follow":"follow","max-snippet":"max-snippet:-1","max-image-preview":"max-image-preview:large","max-video-preview":"max-video-preview:-1"},"canonical":"https:\/\/www.gulersan.com\/en\/urun\/calisma-arabasi-1-dolapli-1-cekmeceli-8051\/","og_locale":"en_US","og_type":"article","og_title":"\u00c7al\u0131\u015fma Arabas\u0131 1 Dolapl\u0131 1 \u00c7ekmeceli 8051 - G\u00fclersan Ya\u011flama Cihazlar\u0131","og_description":"\u00c7al\u0131\u015fma Arabas\u0131 1 Dolapl\u0131 1 \u00c7ekmeceli 8051 Teknik \u00d6zellikler \u00dcr\u00fcn\u00fcm\u00fcz\u00fcn ana \u015fasesi 35x35x1,50 mm kutu profilden kaynakl\u0131 olarak, elektrostatik toz boyal\u0131 olarak \u00fcretilmektedir. \u00dcr\u00fcn\u00fcm\u00fcz\u00fcn \u00fcst tablas\u0131nda 25 mm ham mdf , yan raflarda 18 mm ham mdf kullan\u0131lmaktad\u0131r. \u00c7al\u0131\u015fma arabam\u0131zda bulunan, 1 \u00e7ekmeceli kap\u0131l\u0131 dolab\u0131m\u0131z 1,20 mm dkp sacdan kaynakl\u0131 sa\u011flam \u00e7elik konstr\u00fcksiyonlu olarak \u00fcretilmektedir.","og_url":"https:\/\/www.gulersan.com\/en\/urun\/calisma-arabasi-1-dolapli-1-cekmeceli-8051\/","og_site_name":"G\u00fclersan Ya\u011flama Cihazlar\u0131","article_modified_time":"2026-05-05T13:08:41+00:00","og_image":[{"width":500,"height":500,"url":"https:\/\/www.gulersan.com\/wp-content\/uploads\/2026\/05\/gls-8051-calisma-arabasi-2-dolapli-2-cekmeceli1-450x450h.jpg","type":"image\/jpeg"}],"twitter_card":"summary_large_image","twitter_misc":{"Est. reading time":"1 minute"},"schema":{"@context":"https:\/\/schema.org","@graph":[{"@type":"WebPage","@id":"https:\/\/www.gulersan.com\/en\/urun\/calisma-arabasi-1-dolapli-1-cekmeceli-8051\/","url":"https:\/\/www.gulersan.com\/en\/urun\/calisma-arabasi-1-dolapli-1-cekmeceli-8051\/","name":"\u00c7al\u0131\u015fma Arabas\u0131 1 Dolapl\u0131 1 \u00c7ekmeceli 8051 - G\u00fclersan Ya\u011flama Cihazlar\u0131","isPartOf":{"@id":"https:\/\/www.gulersan.com\/en\/#website"},"primaryImageOfPage":{"@id":"https:\/\/www.gulersan.com\/en\/urun\/calisma-arabasi-1-dolapli-1-cekmeceli-8051\/#primaryimage"},"image":{"@id":"https:\/\/www.gulersan.com\/en\/urun\/calisma-arabasi-1-dolapli-1-cekmeceli-8051\/#primaryimage"},"thumbnailUrl":"https:\/\/www.gulersan.com\/wp-content\/uploads\/2026\/05\/gls-8051-calisma-arabasi-2-dolapli-2-cekmeceli1-450x450h.jpg","datePublished":"2026-05-05T13:08:29+00:00","dateModified":"2026-05-05T13:08:41+00:00","breadcrumb":{"@id":"https:\/\/www.gulersan.com\/en\/urun\/calisma-arabasi-1-dolapli-1-cekmeceli-8051\/#breadcrumb"},"inLanguage":"en-US","potentialAction":[{"@type":"ReadAction","target":["https:\/\/www.gulersan.com\/en\/urun\/calisma-arabasi-1-dolapli-1-cekmeceli-8051\/"]}]},{"@type":"ImageObject","inLanguage":"en-US","@id":"https:\/\/www.gulersan.com\/en\/urun\/calisma-arabasi-1-dolapli-1-cekmeceli-8051\/#primaryimage","url":"https:\/\/www.gulersan.com\/wp-content\/uploads\/2026\/05\/gls-8051-calisma-arabasi-2-dolapli-2-cekmeceli1-450x450h.jpg","contentUrl":"https:\/\/www.gulersan.com\/wp-content\/uploads\/2026\/05\/gls-8051-calisma-arabasi-2-dolapli-2-cekmeceli1-450x450h.jpg","width":500,"height":500},{"@type":"BreadcrumbList","@id":"https:\/\/www.gulersan.com\/en\/urun\/calisma-arabasi-1-dolapli-1-cekmeceli-8051\/#breadcrumb","itemListElement":[{"@type":"ListItem","position":1,"name":"Anasayfa","item":"https:\/\/www.gulersan.com\/en\/"},{"@type":"ListItem","position":2,"name":"\/","item":"https:\/\/www.gulersan.com\/shop\/"},{"@type":"ListItem","position":3,"name":"GLS Garaj Ekipmanlar\u0131","item":"https:\/\/www.gulersan.com\/en\/urun-kategori\/gls-garaj-ekipmanlari\/"},{"@type":"ListItem","position":4,"name":"Metal E\u015fyalar","item":"https:\/\/www.gulersan.com\/en\/urun-kategori\/gls-garaj-ekipmanlari\/metal-esyalar\/"},{"@type":"ListItem","position":5,"name":"\u00c7al\u0131\u015fma Arabalar\u0131","item":"https:\/\/www.gulersan.com\/en\/urun-kategori\/gls-garaj-ekipmanlari\/metal-esyalar\/calisma-arabalari\/"},{"@type":"ListItem","position":6,"name":"\u00c7al\u0131\u015fma Arabas\u0131 1 Dolapl\u0131 1 \u00c7ekmeceli 8051"}]},{"@type":"WebSite","@id":"https:\/\/www.gulersan.com\/en\/#website","url":"https:\/\/www.gulersan.com\/en\/","name":"G\u00fclersan Ya\u011flama Cihazlar\u0131","description":"Ya\u011flama Makinesi | Haval\u0131 Gres Pompas\u0131 | Ya\u011flama Pompas\u0131 | Ya\u011f \u00c7ekme Pompas\u0131","publisher":{"@id":"https:\/\/www.gulersan.com\/en\/#organization"},"potentialAction":[{"@type":"SearchAction","target":{"@type":"EntryPoint","urlTemplate":"https:\/\/www.gulersan.com\/en\/?s={search_term_string}"},"query-input":{"@type":"PropertyValueSpecification","valueRequired":true,"valueName":"search_term_string"}}],"inLanguage":"en-US"},{"@type":"Organization","@id":"https:\/\/www.gulersan.com\/en\/#organization","name":"G\u00fclersan Ya\u011flama Cihazlar\u0131","url":"https:\/\/www.gulersan.com\/en\/","logo":{"@type":"ImageObject","inLanguage":"en-US","@id":"https:\/\/www.gulersan.com\/en\/#\/schema\/logo\/image\/","url":"https:\/\/www.gulersan.com\/wp-content\/uploads\/2021\/01\/gulersan-logo-tr.png","contentUrl":"https:\/\/www.gulersan.com\/wp-content\/uploads\/2021\/01\/gulersan-logo-tr.png","width":1242,"height":302,"caption":"G\u00fclersan Ya\u011flama Cihazlar\u0131"},"image":{"@id":"https:\/\/www.gulersan.com\/en\/#\/schema\/logo\/image\/"}}]}},"_links":{"self":[{"href":"https:\/\/www.gulersan.com\/en\/wp-json\/wp\/v2\/product\/15583","targetHints":{"allow":["GET"]}}],"collection":[{"href":"https:\/\/www.gulersan.com\/en\/wp-json\/wp\/v2\/product"}],"about":[{"href":"https:\/\/www.gulersan.com\/en\/wp-json\/wp\/v2\/types\/product"}],"replies":[{"embeddable":true,"href":"https:\/\/www.gulersan.com\/en\/wp-json\/wp\/v2\/comments?post=15583"}],"wp:featuredmedia":[{"embeddable":true,"href":"https:\/\/www.gulersan.com\/en\/wp-json\/wp\/v2\/media\/15584"}],"wp:attachment":[{"href":"https:\/\/www.gulersan.com\/en\/wp-json\/wp\/v2\/media?parent=15583"}],"wp:term":[{"taxonomy":"product_brand","embeddable":true,"href":"https:\/\/www.gulersan.com\/en\/wp-json\/wp\/v2\/product_brand?post=15583"},{"taxonomy":"product_cat","embeddable":true,"href":"https:\/\/www.gulersan.com\/en\/wp-json\/wp\/v2\/product_cat?post=15583"},{"taxonomy":"product_tag","embeddable":true,"href":"https:\/\/www.gulersan.com\/en\/wp-json\/wp\/v2\/product_tag?post=15583"}],"curies":[{"name":"wp","href":"https:\/\/api.w.org\/{rel}","templated":true}]}}