{"id":15661,"date":"2026-05-05T16:09:12","date_gmt":"2026-05-05T13:09:12","guid":{"rendered":"https:\/\/www.gulersan.com\/urun\/silah-dolabi-1-cekmeceli-5-gozlu-7680\/"},"modified":"2026-05-05T16:09:26","modified_gmt":"2026-05-05T13:09:26","slug":"silah-dolabi-1-cekmeceli-5-gozlu-7680","status":"publish","type":"product","link":"https:\/\/www.gulersan.com\/en\/urun\/silah-dolabi-1-cekmeceli-5-gozlu-7680\/","title":{"rendered":"Silah Dolab\u0131 1 \u00c7ekmeceli 5 G\u00f6zl\u00fc 7680"},"content":{"rendered":"<h2 style=\"text-align: left;\"><span style=\"color: #000080;\"><strong>Silah Dolab\u0131 1 \u00c7ekmeceli 5 G\u00f6zl\u00fc 7680<\/strong><\/span><\/h2>\n<div>\n<p><span style=\"font-size: 120%;\"><strong><img loading=\"lazy\" decoding=\"async\" class=\"alignnone wp-image-12531\" src=\"https:\/\/www.glsgaraj.com\/wp-content\/uploads\/2021\/06\/konuiciikon.png\" alt=\"\" width=\"18\" height=\"19\" \/> Teknik \u00d6zellikler<\/strong><\/span><\/p>\n<p>5 g\u00f6zl\u00fc 3 sabit rafl\u0131 silah dolab\u0131m\u0131z\u0131n ana g\u00f6vdesi 1,20 mm dkp sacdan \u00fcretilmektedir. \u00dcr\u00fcn\u00fcm\u00fcz kaynakl\u0131 sa\u011flam \u00e7elik konstr\u00fcksiyonlu, elektrostatik toz boyal\u0131d\u0131r. Dolap i\u00e7 dizayn\u0131nda sol k\u0131s\u0131mda malzeme raflar\u0131, sa\u011f taraf\u0131nda ise 450x1530mm \u00f6l\u00e7\u00fclerinde silah tutucu panosu bulunmaktad\u0131r. Dolab\u0131n alt k\u0131sm\u0131nda 200 mm y\u00fcksekli\u011finde i\u00e7 kullan\u0131m alan\u0131 net 900&#215;450 mm olan \u00e7ekmece mevcuttur.<\/p>\n<table style=\"width: 100%; height: 274px;\" bgcolor=\"whitesmoke\">\n<tbody>\n<tr>\n<td style=\"height: 1px;\" colspan=\"4\" bgcolor=\"white\"><img loading=\"lazy\" decoding=\"async\" class=\"alignnone wp-image-4888\" style=\"color: #555555; font-size: 14.4px; background-color: #ffffff;\" src=\"https:\/\/www.gulersan.com\/wp-content\/uploads\/2020\/12\/cizgi.jpg\" alt=\"\" width=\"1454\" height=\"12\" srcset=\"https:\/\/www.gulersan.com\/wp-content\/uploads\/2020\/12\/cizgi.jpg 606w, https:\/\/www.gulersan.com\/wp-content\/uploads\/2020\/12\/cizgi-510x4.jpg 510w\" sizes=\"auto, (max-width: 1454px) 100vw, 1454px\" \/><\/td>\n<\/tr>\n<tr>\n<td><span style=\"font-size: 120%;\"><strong>\u00a0 \u00a0 \u00a0 En<\/strong><\/span><\/td>\n<td><\/td>\n<td style=\"text-align: right;\"><span style=\"font-size: 120%;\">920 Mm\u00a0 \u00a0 \u00a0 \u00a0\u00a0<\/span><\/td>\n<\/tr>\n<tr>\n<td><span style=\"font-size: 120%;\"><strong>\u00a0 \u00a0 \u00a0 Derinlik<\/strong><\/span><\/td>\n<td><\/td>\n<td style=\"text-align: right;\"><span style=\"font-size: 120%;\">450 Mm\u00a0 \u00a0 \u00a0 \u00a0\u00a0<\/span><\/td>\n<\/tr>\n<tr>\n<td><span style=\"font-size: 120%;\"><strong>\u00a0 \u00a0 \u00a0 Y\u00fckseklik<\/strong><\/span><\/td>\n<td><\/td>\n<td style=\"text-align: right;\"><span style=\"font-size: 120%;\">2000 Mm\u00a0 \u00a0 \u00a0 \u00a0\u00a0<\/span><\/td>\n<\/tr>\n<tr>\n<td><span style=\"font-size: 120%;\"><strong>\u00a0 \u00a0 \u00a0 Renk<\/strong><\/span><\/td>\n<td><\/td>\n<td style=\"text-align: right;\"><span style=\"font-size: 120%;\">Ral 7016\u00a0 \u00a0 \u00a0 \u00a0\u00a0<\/span><\/td>\n<\/tr>\n<\/tbody>\n<\/table>\n<p>&nbsp;<\/p>\n<p><span style=\"font-size: 120%;\"><strong><img loading=\"lazy\" decoding=\"async\" class=\"alignnone wp-image-12531\" src=\"https:\/\/www.glsgaraj.com\/wp-content\/uploads\/2021\/06\/konuiciikon.png\" alt=\"\" width=\"18\" height=\"19\" \/> Kullan\u0131ld\u0131\u011f\u0131 Yerler<\/strong><\/span><\/p>\n<p>Askeri okullarda, askeri e\u011fitim alanlar\u0131nda, t\u00fcm kolluk kuvvetlerinde, at\u0131\u015f poligonlar\u0131nda silah ve m\u00fchimmatlar\u0131 g\u00fcvenli \u015fekilde muhafaza etmek i\u00e7in kullan\u0131l\u0131r.<\/p>\n<p><span style=\"font-size: 120%;\"><strong><img loading=\"lazy\" decoding=\"async\" class=\"alignnone wp-image-12531\" src=\"https:\/\/www.glsgaraj.com\/wp-content\/uploads\/2021\/06\/konuiciikon.png\" alt=\"\" width=\"18\" height=\"19\" \/> \u00dcr\u00fcn Avantajlar\u0131<\/strong><\/span><\/p>\n<p>5 g\u00f6zl\u00fc silah dolab\u0131m\u0131z\u0131n \u00f6zel silah tutucu panosunda yer alan s\u0131ral\u0131 tutucular sayesinde tercih edilen aparatlar ile t\u00fcm silah, t\u00fcfek ve ekipmanlar\u0131n\u0131 g\u00fcvenli bir \u015fekilde muhafaza edilebilir.<\/p>\n<\/div>\n","protected":false},"excerpt":{"rendered":"<p>Silah Dolab\u0131 1 \u00c7ekmeceli 5 G\u00f6zl\u00fc 7680 Teknik \u00d6zellikler 5 g\u00f6zl\u00fc 3 sabit rafl\u0131 silah dolab\u0131m\u0131z\u0131n ana g\u00f6vdesi 1,20 mm dkp sacdan \u00fcretilmektedir. \u00dcr\u00fcn\u00fcm\u00fcz kaynakl\u0131 sa\u011flam \u00e7elik konstr\u00fcksiyonlu, elektrostatik toz boyal\u0131d\u0131r. Dolap i\u00e7 dizayn\u0131nda sol k\u0131s\u0131mda malzeme raflar\u0131, sa\u011f taraf\u0131nda ise 450x1530mm \u00f6l\u00e7\u00fclerinde silah tutucu panosu bulunmaktad\u0131r. Dolab\u0131n alt k\u0131sm\u0131nda 200 mm y\u00fcksekli\u011finde i\u00e7 kullan\u0131m<\/p>\n","protected":false},"featured_media":15662,"comment_status":"closed","ping_status":"open","template":"","meta":[],"product_brand":[],"product_cat":[1410,1424],"product_tag":[],"class_list":{"0":"post-15661","1":"product","2":"type-product","3":"status-publish","4":"has-post-thumbnail","6":"product_cat-metal-esyalar","7":"product_cat-silah-dolaplari","9":"first","10":"instock","11":"product-type-simple"},"yoast_head":"<!-- This site is optimized with the Yoast SEO plugin v27.6 - https:\/\/yoast.com\/product\/yoast-seo-wordpress\/ -->\n<title>Silah Dolab\u0131 1 \u00c7ekmeceli 5 G\u00f6zl\u00fc 7680 - G\u00fclersan Ya\u011flama Cihazlar\u0131<\/title>\n<meta name=\"robots\" content=\"index, follow, max-snippet:-1, max-image-preview:large, max-video-preview:-1\" \/>\n<link rel=\"canonical\" href=\"https:\/\/www.gulersan.com\/en\/urun\/silah-dolabi-1-cekmeceli-5-gozlu-7680\/\" \/>\n<meta property=\"og:locale\" content=\"en_US\" \/>\n<meta property=\"og:type\" content=\"article\" \/>\n<meta property=\"og:title\" content=\"Silah Dolab\u0131 1 \u00c7ekmeceli 5 G\u00f6zl\u00fc 7680 - G\u00fclersan Ya\u011flama Cihazlar\u0131\" \/>\n<meta property=\"og:description\" content=\"Silah Dolab\u0131 1 \u00c7ekmeceli 5 G\u00f6zl\u00fc 7680 Teknik \u00d6zellikler 5 g\u00f6zl\u00fc 3 sabit rafl\u0131 silah dolab\u0131m\u0131z\u0131n ana g\u00f6vdesi 1,20 mm dkp sacdan \u00fcretilmektedir. \u00dcr\u00fcn\u00fcm\u00fcz kaynakl\u0131 sa\u011flam \u00e7elik konstr\u00fcksiyonlu, elektrostatik toz boyal\u0131d\u0131r. Dolap i\u00e7 dizayn\u0131nda sol k\u0131s\u0131mda malzeme raflar\u0131, sa\u011f taraf\u0131nda ise 450x1530mm \u00f6l\u00e7\u00fclerinde silah tutucu panosu bulunmaktad\u0131r. Dolab\u0131n alt k\u0131sm\u0131nda 200 mm y\u00fcksekli\u011finde i\u00e7 kullan\u0131m\" \/>\n<meta property=\"og:url\" content=\"https:\/\/www.gulersan.com\/en\/urun\/silah-dolabi-1-cekmeceli-5-gozlu-7680\/\" \/>\n<meta property=\"og:site_name\" content=\"G\u00fclersan Ya\u011flama Cihazlar\u0131\" \/>\n<meta property=\"article:modified_time\" content=\"2026-05-05T13:09:26+00:00\" \/>\n<meta property=\"og:image\" content=\"https:\/\/www.gulersan.com\/wp-content\/uploads\/2026\/05\/gls-7680-Garaj-1-Cekmeceli-5-Gozlu-Silah-Dolabi-1-450x450h.jpg\" \/>\n\t<meta property=\"og:image:width\" content=\"500\" \/>\n\t<meta property=\"og:image:height\" content=\"500\" \/>\n\t<meta property=\"og:image:type\" content=\"image\/jpeg\" \/>\n<meta name=\"twitter:card\" content=\"summary_large_image\" \/>\n<meta name=\"twitter:label1\" content=\"Est. reading time\" \/>\n\t<meta name=\"twitter:data1\" content=\"1 minute\" \/>\n<script type=\"application\/ld+json\" class=\"yoast-schema-graph\">{\"@context\":\"https:\\\/\\\/schema.org\",\"@graph\":[{\"@type\":\"WebPage\",\"@id\":\"https:\\\/\\\/www.gulersan.com\\\/en\\\/urun\\\/silah-dolabi-1-cekmeceli-5-gozlu-7680\\\/\",\"url\":\"https:\\\/\\\/www.gulersan.com\\\/en\\\/urun\\\/silah-dolabi-1-cekmeceli-5-gozlu-7680\\\/\",\"name\":\"Silah Dolab\u0131 1 \u00c7ekmeceli 5 G\u00f6zl\u00fc 7680 - G\u00fclersan Ya\u011flama Cihazlar\u0131\",\"isPartOf\":{\"@id\":\"https:\\\/\\\/www.gulersan.com\\\/en\\\/#website\"},\"primaryImageOfPage\":{\"@id\":\"https:\\\/\\\/www.gulersan.com\\\/en\\\/urun\\\/silah-dolabi-1-cekmeceli-5-gozlu-7680\\\/#primaryimage\"},\"image\":{\"@id\":\"https:\\\/\\\/www.gulersan.com\\\/en\\\/urun\\\/silah-dolabi-1-cekmeceli-5-gozlu-7680\\\/#primaryimage\"},\"thumbnailUrl\":\"https:\\\/\\\/www.gulersan.com\\\/wp-content\\\/uploads\\\/2026\\\/05\\\/gls-7680-Garaj-1-Cekmeceli-5-Gozlu-Silah-Dolabi-1-450x450h.jpg\",\"datePublished\":\"2026-05-05T13:09:12+00:00\",\"dateModified\":\"2026-05-05T13:09:26+00:00\",\"breadcrumb\":{\"@id\":\"https:\\\/\\\/www.gulersan.com\\\/en\\\/urun\\\/silah-dolabi-1-cekmeceli-5-gozlu-7680\\\/#breadcrumb\"},\"inLanguage\":\"en-US\",\"potentialAction\":[{\"@type\":\"ReadAction\",\"target\":[\"https:\\\/\\\/www.gulersan.com\\\/en\\\/urun\\\/silah-dolabi-1-cekmeceli-5-gozlu-7680\\\/\"]}]},{\"@type\":\"ImageObject\",\"inLanguage\":\"en-US\",\"@id\":\"https:\\\/\\\/www.gulersan.com\\\/en\\\/urun\\\/silah-dolabi-1-cekmeceli-5-gozlu-7680\\\/#primaryimage\",\"url\":\"https:\\\/\\\/www.gulersan.com\\\/wp-content\\\/uploads\\\/2026\\\/05\\\/gls-7680-Garaj-1-Cekmeceli-5-Gozlu-Silah-Dolabi-1-450x450h.jpg\",\"contentUrl\":\"https:\\\/\\\/www.gulersan.com\\\/wp-content\\\/uploads\\\/2026\\\/05\\\/gls-7680-Garaj-1-Cekmeceli-5-Gozlu-Silah-Dolabi-1-450x450h.jpg\",\"width\":500,\"height\":500},{\"@type\":\"BreadcrumbList\",\"@id\":\"https:\\\/\\\/www.gulersan.com\\\/en\\\/urun\\\/silah-dolabi-1-cekmeceli-5-gozlu-7680\\\/#breadcrumb\",\"itemListElement\":[{\"@type\":\"ListItem\",\"position\":1,\"name\":\"Anasayfa\",\"item\":\"https:\\\/\\\/www.gulersan.com\\\/en\\\/\"},{\"@type\":\"ListItem\",\"position\":2,\"name\":\"\\\/\",\"item\":\"https:\\\/\\\/www.gulersan.com\\\/shop\\\/\"},{\"@type\":\"ListItem\",\"position\":3,\"name\":\"GLS Garaj Ekipmanlar\u0131\",\"item\":\"https:\\\/\\\/www.gulersan.com\\\/en\\\/urun-kategori\\\/gls-garaj-ekipmanlari\\\/\"},{\"@type\":\"ListItem\",\"position\":4,\"name\":\"Metal E\u015fyalar\",\"item\":\"https:\\\/\\\/www.gulersan.com\\\/en\\\/urun-kategori\\\/gls-garaj-ekipmanlari\\\/metal-esyalar\\\/\"},{\"@type\":\"ListItem\",\"position\":5,\"name\":\"Silah Dolaplar\u0131\",\"item\":\"https:\\\/\\\/www.gulersan.com\\\/en\\\/urun-kategori\\\/gls-garaj-ekipmanlari\\\/metal-esyalar\\\/silah-dolaplari\\\/\"},{\"@type\":\"ListItem\",\"position\":6,\"name\":\"Silah Dolab\u0131 1 \u00c7ekmeceli 5 G\u00f6zl\u00fc 7680\"}]},{\"@type\":\"WebSite\",\"@id\":\"https:\\\/\\\/www.gulersan.com\\\/en\\\/#website\",\"url\":\"https:\\\/\\\/www.gulersan.com\\\/en\\\/\",\"name\":\"G\u00fclersan Ya\u011flama Cihazlar\u0131\",\"description\":\"Ya\u011flama Makinesi | Haval\u0131 Gres Pompas\u0131 | Ya\u011flama Pompas\u0131 | Ya\u011f \u00c7ekme Pompas\u0131\",\"publisher\":{\"@id\":\"https:\\\/\\\/www.gulersan.com\\\/en\\\/#organization\"},\"potentialAction\":[{\"@type\":\"SearchAction\",\"target\":{\"@type\":\"EntryPoint\",\"urlTemplate\":\"https:\\\/\\\/www.gulersan.com\\\/en\\\/?s={search_term_string}\"},\"query-input\":{\"@type\":\"PropertyValueSpecification\",\"valueRequired\":true,\"valueName\":\"search_term_string\"}}],\"inLanguage\":\"en-US\"},{\"@type\":\"Organization\",\"@id\":\"https:\\\/\\\/www.gulersan.com\\\/en\\\/#organization\",\"name\":\"G\u00fclersan Ya\u011flama Cihazlar\u0131\",\"url\":\"https:\\\/\\\/www.gulersan.com\\\/en\\\/\",\"logo\":{\"@type\":\"ImageObject\",\"inLanguage\":\"en-US\",\"@id\":\"https:\\\/\\\/www.gulersan.com\\\/en\\\/#\\\/schema\\\/logo\\\/image\\\/\",\"url\":\"https:\\\/\\\/www.gulersan.com\\\/wp-content\\\/uploads\\\/2021\\\/01\\\/gulersan-logo-tr.png\",\"contentUrl\":\"https:\\\/\\\/www.gulersan.com\\\/wp-content\\\/uploads\\\/2021\\\/01\\\/gulersan-logo-tr.png\",\"width\":1242,\"height\":302,\"caption\":\"G\u00fclersan Ya\u011flama Cihazlar\u0131\"},\"image\":{\"@id\":\"https:\\\/\\\/www.gulersan.com\\\/en\\\/#\\\/schema\\\/logo\\\/image\\\/\"}}]}<\/script>\n<!-- \/ Yoast SEO plugin. -->","yoast_head_json":{"title":"Silah Dolab\u0131 1 \u00c7ekmeceli 5 G\u00f6zl\u00fc 7680 - G\u00fclersan Ya\u011flama Cihazlar\u0131","robots":{"index":"index","follow":"follow","max-snippet":"max-snippet:-1","max-image-preview":"max-image-preview:large","max-video-preview":"max-video-preview:-1"},"canonical":"https:\/\/www.gulersan.com\/en\/urun\/silah-dolabi-1-cekmeceli-5-gozlu-7680\/","og_locale":"en_US","og_type":"article","og_title":"Silah Dolab\u0131 1 \u00c7ekmeceli 5 G\u00f6zl\u00fc 7680 - G\u00fclersan Ya\u011flama Cihazlar\u0131","og_description":"Silah Dolab\u0131 1 \u00c7ekmeceli 5 G\u00f6zl\u00fc 7680 Teknik \u00d6zellikler 5 g\u00f6zl\u00fc 3 sabit rafl\u0131 silah dolab\u0131m\u0131z\u0131n ana g\u00f6vdesi 1,20 mm dkp sacdan \u00fcretilmektedir. \u00dcr\u00fcn\u00fcm\u00fcz kaynakl\u0131 sa\u011flam \u00e7elik konstr\u00fcksiyonlu, elektrostatik toz boyal\u0131d\u0131r. Dolap i\u00e7 dizayn\u0131nda sol k\u0131s\u0131mda malzeme raflar\u0131, sa\u011f taraf\u0131nda ise 450x1530mm \u00f6l\u00e7\u00fclerinde silah tutucu panosu bulunmaktad\u0131r. Dolab\u0131n alt k\u0131sm\u0131nda 200 mm y\u00fcksekli\u011finde i\u00e7 kullan\u0131m","og_url":"https:\/\/www.gulersan.com\/en\/urun\/silah-dolabi-1-cekmeceli-5-gozlu-7680\/","og_site_name":"G\u00fclersan Ya\u011flama Cihazlar\u0131","article_modified_time":"2026-05-05T13:09:26+00:00","og_image":[{"width":500,"height":500,"url":"https:\/\/www.gulersan.com\/wp-content\/uploads\/2026\/05\/gls-7680-Garaj-1-Cekmeceli-5-Gozlu-Silah-Dolabi-1-450x450h.jpg","type":"image\/jpeg"}],"twitter_card":"summary_large_image","twitter_misc":{"Est. reading time":"1 minute"},"schema":{"@context":"https:\/\/schema.org","@graph":[{"@type":"WebPage","@id":"https:\/\/www.gulersan.com\/en\/urun\/silah-dolabi-1-cekmeceli-5-gozlu-7680\/","url":"https:\/\/www.gulersan.com\/en\/urun\/silah-dolabi-1-cekmeceli-5-gozlu-7680\/","name":"Silah Dolab\u0131 1 \u00c7ekmeceli 5 G\u00f6zl\u00fc 7680 - G\u00fclersan Ya\u011flama Cihazlar\u0131","isPartOf":{"@id":"https:\/\/www.gulersan.com\/en\/#website"},"primaryImageOfPage":{"@id":"https:\/\/www.gulersan.com\/en\/urun\/silah-dolabi-1-cekmeceli-5-gozlu-7680\/#primaryimage"},"image":{"@id":"https:\/\/www.gulersan.com\/en\/urun\/silah-dolabi-1-cekmeceli-5-gozlu-7680\/#primaryimage"},"thumbnailUrl":"https:\/\/www.gulersan.com\/wp-content\/uploads\/2026\/05\/gls-7680-Garaj-1-Cekmeceli-5-Gozlu-Silah-Dolabi-1-450x450h.jpg","datePublished":"2026-05-05T13:09:12+00:00","dateModified":"2026-05-05T13:09:26+00:00","breadcrumb":{"@id":"https:\/\/www.gulersan.com\/en\/urun\/silah-dolabi-1-cekmeceli-5-gozlu-7680\/#breadcrumb"},"inLanguage":"en-US","potentialAction":[{"@type":"ReadAction","target":["https:\/\/www.gulersan.com\/en\/urun\/silah-dolabi-1-cekmeceli-5-gozlu-7680\/"]}]},{"@type":"ImageObject","inLanguage":"en-US","@id":"https:\/\/www.gulersan.com\/en\/urun\/silah-dolabi-1-cekmeceli-5-gozlu-7680\/#primaryimage","url":"https:\/\/www.gulersan.com\/wp-content\/uploads\/2026\/05\/gls-7680-Garaj-1-Cekmeceli-5-Gozlu-Silah-Dolabi-1-450x450h.jpg","contentUrl":"https:\/\/www.gulersan.com\/wp-content\/uploads\/2026\/05\/gls-7680-Garaj-1-Cekmeceli-5-Gozlu-Silah-Dolabi-1-450x450h.jpg","width":500,"height":500},{"@type":"BreadcrumbList","@id":"https:\/\/www.gulersan.com\/en\/urun\/silah-dolabi-1-cekmeceli-5-gozlu-7680\/#breadcrumb","itemListElement":[{"@type":"ListItem","position":1,"name":"Anasayfa","item":"https:\/\/www.gulersan.com\/en\/"},{"@type":"ListItem","position":2,"name":"\/","item":"https:\/\/www.gulersan.com\/shop\/"},{"@type":"ListItem","position":3,"name":"GLS Garaj Ekipmanlar\u0131","item":"https:\/\/www.gulersan.com\/en\/urun-kategori\/gls-garaj-ekipmanlari\/"},{"@type":"ListItem","position":4,"name":"Metal E\u015fyalar","item":"https:\/\/www.gulersan.com\/en\/urun-kategori\/gls-garaj-ekipmanlari\/metal-esyalar\/"},{"@type":"ListItem","position":5,"name":"Silah Dolaplar\u0131","item":"https:\/\/www.gulersan.com\/en\/urun-kategori\/gls-garaj-ekipmanlari\/metal-esyalar\/silah-dolaplari\/"},{"@type":"ListItem","position":6,"name":"Silah Dolab\u0131 1 \u00c7ekmeceli 5 G\u00f6zl\u00fc 7680"}]},{"@type":"WebSite","@id":"https:\/\/www.gulersan.com\/en\/#website","url":"https:\/\/www.gulersan.com\/en\/","name":"G\u00fclersan Ya\u011flama Cihazlar\u0131","description":"Ya\u011flama Makinesi | Haval\u0131 Gres Pompas\u0131 | Ya\u011flama Pompas\u0131 | Ya\u011f \u00c7ekme Pompas\u0131","publisher":{"@id":"https:\/\/www.gulersan.com\/en\/#organization"},"potentialAction":[{"@type":"SearchAction","target":{"@type":"EntryPoint","urlTemplate":"https:\/\/www.gulersan.com\/en\/?s={search_term_string}"},"query-input":{"@type":"PropertyValueSpecification","valueRequired":true,"valueName":"search_term_string"}}],"inLanguage":"en-US"},{"@type":"Organization","@id":"https:\/\/www.gulersan.com\/en\/#organization","name":"G\u00fclersan Ya\u011flama Cihazlar\u0131","url":"https:\/\/www.gulersan.com\/en\/","logo":{"@type":"ImageObject","inLanguage":"en-US","@id":"https:\/\/www.gulersan.com\/en\/#\/schema\/logo\/image\/","url":"https:\/\/www.gulersan.com\/wp-content\/uploads\/2021\/01\/gulersan-logo-tr.png","contentUrl":"https:\/\/www.gulersan.com\/wp-content\/uploads\/2021\/01\/gulersan-logo-tr.png","width":1242,"height":302,"caption":"G\u00fclersan Ya\u011flama Cihazlar\u0131"},"image":{"@id":"https:\/\/www.gulersan.com\/en\/#\/schema\/logo\/image\/"}}]}},"_links":{"self":[{"href":"https:\/\/www.gulersan.com\/en\/wp-json\/wp\/v2\/product\/15661","targetHints":{"allow":["GET"]}}],"collection":[{"href":"https:\/\/www.gulersan.com\/en\/wp-json\/wp\/v2\/product"}],"about":[{"href":"https:\/\/www.gulersan.com\/en\/wp-json\/wp\/v2\/types\/product"}],"replies":[{"embeddable":true,"href":"https:\/\/www.gulersan.com\/en\/wp-json\/wp\/v2\/comments?post=15661"}],"wp:featuredmedia":[{"embeddable":true,"href":"https:\/\/www.gulersan.com\/en\/wp-json\/wp\/v2\/media\/15662"}],"wp:attachment":[{"href":"https:\/\/www.gulersan.com\/en\/wp-json\/wp\/v2\/media?parent=15661"}],"wp:term":[{"taxonomy":"product_brand","embeddable":true,"href":"https:\/\/www.gulersan.com\/en\/wp-json\/wp\/v2\/product_brand?post=15661"},{"taxonomy":"product_cat","embeddable":true,"href":"https:\/\/www.gulersan.com\/en\/wp-json\/wp\/v2\/product_cat?post=15661"},{"taxonomy":"product_tag","embeddable":true,"href":"https:\/\/www.gulersan.com\/en\/wp-json\/wp\/v2\/product_tag?post=15661"}],"curies":[{"name":"wp","href":"https:\/\/api.w.org\/{rel}","templated":true}]}}