{"id":15667,"date":"2026-05-05T16:09:12","date_gmt":"2026-05-05T13:09:12","guid":{"rendered":"https:\/\/www.gulersan.com\/urun\/kimyasal-malzeme-dolabi-3-rafli-7460\/"},"modified":"2026-05-05T16:09:33","modified_gmt":"2026-05-05T13:09:33","slug":"kimyasal-malzeme-dolabi-3-rafli-7460","status":"publish","type":"product","link":"https:\/\/www.gulersan.com\/en\/urun\/kimyasal-malzeme-dolabi-3-rafli-7460\/","title":{"rendered":"Kimyasal Malzeme Dolab\u0131 3 Rafl\u0131 7460"},"content":{"rendered":"<h2 style=\"text-align: left;\"><span style=\"color: #000080;\"><strong>Kimyasal Malzeme Dolab\u0131 3 Rafl\u0131 7460 7460<\/strong><\/span><\/h2>\n<div>\n<p><span style=\"font-size: 120%;\"><strong><img loading=\"lazy\" decoding=\"async\" class=\"alignnone wp-image-12531\" src=\"https:\/\/www.glsgaraj.com\/wp-content\/uploads\/2021\/06\/konuiciikon.png\" alt=\"\" width=\"18\" height=\"19\" \/> Teknik \u00d6zellikleri<br \/>\n<\/strong><\/span><\/p>\n<table style=\"width: 100%; height: 274px;\" bgcolor=\"whitesmoke\">\n<tbody>\n<tr>\n<td style=\"height: 1px;\" colspan=\"4\" bgcolor=\"white\"><img loading=\"lazy\" decoding=\"async\" class=\"alignnone wp-image-4888\" style=\"color: #555555; font-size: 14.4px; background-color: #ffffff;\" src=\"https:\/\/www.gulersan.com\/wp-content\/uploads\/2020\/12\/cizgi.jpg\" alt=\"\" width=\"1454\" height=\"12\" srcset=\"https:\/\/www.gulersan.com\/wp-content\/uploads\/2020\/12\/cizgi.jpg 606w, https:\/\/www.gulersan.com\/wp-content\/uploads\/2020\/12\/cizgi-510x4.jpg 510w\" sizes=\"auto, (max-width: 1454px) 100vw, 1454px\" \/><\/td>\n<\/tr>\n<tr>\n<td><span style=\"font-size: 120%;\"><strong>\u00a0 En<\/strong><\/span><\/td>\n<td><\/td>\n<td style=\"text-align: right;\"><span style=\"font-size: 120%;\">920 Mm\u00a0 \u00a0 \u00a0 \u00a0\u00a0<\/span><\/td>\n<\/tr>\n<tr>\n<td><span style=\"font-size: 120%;\"><strong>\u00a0 Derinlik<\/strong><\/span><\/td>\n<td><\/td>\n<td style=\"text-align: right;\"><span style=\"font-size: 120%;\">450 Mm\u00a0 \u00a0 \u00a0 \u00a0\u00a0<\/span><\/td>\n<\/tr>\n<tr>\n<td><span style=\"font-size: 120%;\"><strong>\u00a0 Y\u00fckseklik<\/strong><\/span><\/td>\n<td><\/td>\n<td style=\"text-align: right;\"><span style=\"font-size: 120%;\">1200 Mm\u00a0 \u00a0 \u00a0 \u00a0\u00a0<\/span><\/td>\n<\/tr>\n<tr>\n<td><span style=\"font-size: 120%;\"><strong>\u00a0 Renk<\/strong><\/span><\/td>\n<td><\/td>\n<td style=\"text-align: right;\"><span style=\"font-size: 120%;\">Ral 1028\u00a0 \u00a0 \u00a0 \u00a0\u00a0<\/span><\/td>\n<\/tr>\n<\/tbody>\n<\/table>\n<p>&nbsp;<\/p>\n<p><span style=\"font-size: 120%;\"><strong><img loading=\"lazy\" decoding=\"async\" class=\"alignnone wp-image-12531\" src=\"https:\/\/www.glsgaraj.com\/wp-content\/uploads\/2021\/06\/konuiciikon.png\" alt=\"\" width=\"18\" height=\"19\" \/> Kullan\u0131ld\u0131\u011f\u0131 Yerler<br \/>\n<\/strong><\/span><\/p>\n<p>Fabrika ve at\u00f6lyelerin labaratuvar ve kimyasal depolama alanlar\u0131nda muhafaza dolab\u0131 olarak kullan\u0131lmaktad\u0131r.<\/p>\n<p><span style=\"font-size: 120%;\"><strong><img loading=\"lazy\" decoding=\"async\" class=\"alignnone wp-image-12531\" src=\"https:\/\/www.glsgaraj.com\/wp-content\/uploads\/2021\/06\/konuiciikon.png\" alt=\"\" width=\"18\" height=\"19\" \/> \u00dcr\u00fcn Avantajlar\u0131<br \/>\n<\/strong><\/span><\/p>\n<p>Kimyasal malzeme dolab\u0131m\u0131z\u0131n raflar\u0131 s\u0131zd\u0131rmaz havuz \u015feklinde oldu\u011fu i\u00e7in di\u011fer raflara s\u0131v\u0131 s\u0131z\u0131nt\u0131s\u0131n\u0131 engellemektedir. Ayr\u0131ca kap\u0131larda bulunan perfore delikler sayesinde dolap i\u00e7erisinde hava tahliyesi rahatl\u0131kla sa\u011flanabilmektedir. Dolap \u00fczerinde gerekli uyar\u0131c\u0131 yaz\u0131lar mevcuttur.Kap\u0131larda \u00e7ift noktadan emniyetli kilit sistemi mevcuttur.<\/p>\n<\/div>\n","protected":false},"excerpt":{"rendered":"<p>Kimyasal Malzeme Dolab\u0131 3 Rafl\u0131 7460 7460 Teknik \u00d6zellikleri \u00a0 En 920 Mm\u00a0 \u00a0 \u00a0 \u00a0\u00a0 \u00a0 Derinlik 450 Mm\u00a0 \u00a0 \u00a0 \u00a0\u00a0 \u00a0 Y\u00fckseklik 1200 Mm\u00a0 \u00a0 \u00a0 \u00a0\u00a0 \u00a0 Renk Ral 1028\u00a0 \u00a0 \u00a0 \u00a0\u00a0 &nbsp; Kullan\u0131ld\u0131\u011f\u0131 Yerler Fabrika ve at\u00f6lyelerin labaratuvar ve kimyasal depolama alanlar\u0131nda muhafaza dolab\u0131 olarak kullan\u0131lmaktad\u0131r. \u00dcr\u00fcn Avantajlar\u0131 Kimyasal<\/p>\n","protected":false},"featured_media":15668,"comment_status":"closed","ping_status":"open","template":"","meta":[],"product_brand":[],"product_cat":[1427,1410],"product_tag":[],"class_list":{"0":"post-15667","1":"product","2":"type-product","3":"status-publish","4":"has-post-thumbnail","6":"product_cat-kimyasal-malzeme-dolaplari","7":"product_cat-metal-esyalar","9":"first","10":"instock","11":"product-type-simple"},"yoast_head":"<!-- This site is optimized with the Yoast SEO plugin v27.6 - https:\/\/yoast.com\/product\/yoast-seo-wordpress\/ -->\n<title>Kimyasal Malzeme Dolab\u0131 3 Rafl\u0131 7460 - G\u00fclersan Ya\u011flama Cihazlar\u0131<\/title>\n<meta name=\"robots\" content=\"index, follow, max-snippet:-1, max-image-preview:large, max-video-preview:-1\" \/>\n<link rel=\"canonical\" href=\"https:\/\/www.gulersan.com\/en\/urun\/kimyasal-malzeme-dolabi-3-rafli-7460\/\" \/>\n<meta property=\"og:locale\" content=\"en_US\" \/>\n<meta property=\"og:type\" content=\"article\" \/>\n<meta property=\"og:title\" content=\"Kimyasal Malzeme Dolab\u0131 3 Rafl\u0131 7460 - G\u00fclersan Ya\u011flama Cihazlar\u0131\" \/>\n<meta property=\"og:description\" content=\"Kimyasal Malzeme Dolab\u0131 3 Rafl\u0131 7460 7460 Teknik \u00d6zellikleri \u00a0 En 920 Mm\u00a0 \u00a0 \u00a0 \u00a0\u00a0 \u00a0 Derinlik 450 Mm\u00a0 \u00a0 \u00a0 \u00a0\u00a0 \u00a0 Y\u00fckseklik 1200 Mm\u00a0 \u00a0 \u00a0 \u00a0\u00a0 \u00a0 Renk Ral 1028\u00a0 \u00a0 \u00a0 \u00a0\u00a0 &nbsp; Kullan\u0131ld\u0131\u011f\u0131 Yerler Fabrika ve at\u00f6lyelerin labaratuvar ve kimyasal depolama alanlar\u0131nda muhafaza dolab\u0131 olarak kullan\u0131lmaktad\u0131r. \u00dcr\u00fcn Avantajlar\u0131 Kimyasal\" \/>\n<meta property=\"og:url\" content=\"https:\/\/www.gulersan.com\/en\/urun\/kimyasal-malzeme-dolabi-3-rafli-7460\/\" \/>\n<meta property=\"og:site_name\" content=\"G\u00fclersan Ya\u011flama Cihazlar\u0131\" \/>\n<meta property=\"article:modified_time\" content=\"2026-05-05T13:09:33+00:00\" \/>\n<meta property=\"og:image\" content=\"https:\/\/www.gulersan.com\/wp-content\/uploads\/2026\/05\/gls-7460-kimyasal-malzeme-dolabi-3-rafli1-450x450h.jpg\" \/>\n\t<meta property=\"og:image:width\" content=\"500\" \/>\n\t<meta property=\"og:image:height\" content=\"500\" \/>\n\t<meta property=\"og:image:type\" content=\"image\/jpeg\" \/>\n<meta name=\"twitter:card\" content=\"summary_large_image\" \/>\n<script type=\"application\/ld+json\" class=\"yoast-schema-graph\">{\"@context\":\"https:\\\/\\\/schema.org\",\"@graph\":[{\"@type\":\"WebPage\",\"@id\":\"https:\\\/\\\/www.gulersan.com\\\/en\\\/urun\\\/kimyasal-malzeme-dolabi-3-rafli-7460\\\/\",\"url\":\"https:\\\/\\\/www.gulersan.com\\\/en\\\/urun\\\/kimyasal-malzeme-dolabi-3-rafli-7460\\\/\",\"name\":\"Kimyasal Malzeme Dolab\u0131 3 Rafl\u0131 7460 - G\u00fclersan Ya\u011flama Cihazlar\u0131\",\"isPartOf\":{\"@id\":\"https:\\\/\\\/www.gulersan.com\\\/en\\\/#website\"},\"primaryImageOfPage\":{\"@id\":\"https:\\\/\\\/www.gulersan.com\\\/en\\\/urun\\\/kimyasal-malzeme-dolabi-3-rafli-7460\\\/#primaryimage\"},\"image\":{\"@id\":\"https:\\\/\\\/www.gulersan.com\\\/en\\\/urun\\\/kimyasal-malzeme-dolabi-3-rafli-7460\\\/#primaryimage\"},\"thumbnailUrl\":\"https:\\\/\\\/www.gulersan.com\\\/wp-content\\\/uploads\\\/2026\\\/05\\\/gls-7460-kimyasal-malzeme-dolabi-3-rafli1-450x450h.jpg\",\"datePublished\":\"2026-05-05T13:09:12+00:00\",\"dateModified\":\"2026-05-05T13:09:33+00:00\",\"breadcrumb\":{\"@id\":\"https:\\\/\\\/www.gulersan.com\\\/en\\\/urun\\\/kimyasal-malzeme-dolabi-3-rafli-7460\\\/#breadcrumb\"},\"inLanguage\":\"en-US\",\"potentialAction\":[{\"@type\":\"ReadAction\",\"target\":[\"https:\\\/\\\/www.gulersan.com\\\/en\\\/urun\\\/kimyasal-malzeme-dolabi-3-rafli-7460\\\/\"]}]},{\"@type\":\"ImageObject\",\"inLanguage\":\"en-US\",\"@id\":\"https:\\\/\\\/www.gulersan.com\\\/en\\\/urun\\\/kimyasal-malzeme-dolabi-3-rafli-7460\\\/#primaryimage\",\"url\":\"https:\\\/\\\/www.gulersan.com\\\/wp-content\\\/uploads\\\/2026\\\/05\\\/gls-7460-kimyasal-malzeme-dolabi-3-rafli1-450x450h.jpg\",\"contentUrl\":\"https:\\\/\\\/www.gulersan.com\\\/wp-content\\\/uploads\\\/2026\\\/05\\\/gls-7460-kimyasal-malzeme-dolabi-3-rafli1-450x450h.jpg\",\"width\":500,\"height\":500},{\"@type\":\"BreadcrumbList\",\"@id\":\"https:\\\/\\\/www.gulersan.com\\\/en\\\/urun\\\/kimyasal-malzeme-dolabi-3-rafli-7460\\\/#breadcrumb\",\"itemListElement\":[{\"@type\":\"ListItem\",\"position\":1,\"name\":\"Anasayfa\",\"item\":\"https:\\\/\\\/www.gulersan.com\\\/en\\\/\"},{\"@type\":\"ListItem\",\"position\":2,\"name\":\"\\\/\",\"item\":\"https:\\\/\\\/www.gulersan.com\\\/shop\\\/\"},{\"@type\":\"ListItem\",\"position\":3,\"name\":\"GLS Garaj Ekipmanlar\u0131\",\"item\":\"https:\\\/\\\/www.gulersan.com\\\/en\\\/urun-kategori\\\/gls-garaj-ekipmanlari\\\/\"},{\"@type\":\"ListItem\",\"position\":4,\"name\":\"Metal E\u015fyalar\",\"item\":\"https:\\\/\\\/www.gulersan.com\\\/en\\\/urun-kategori\\\/gls-garaj-ekipmanlari\\\/metal-esyalar\\\/\"},{\"@type\":\"ListItem\",\"position\":5,\"name\":\"Kimyasal Malzeme Dolaplar\u0131\",\"item\":\"https:\\\/\\\/www.gulersan.com\\\/en\\\/urun-kategori\\\/gls-garaj-ekipmanlari\\\/metal-esyalar\\\/kimyasal-malzeme-dolaplari\\\/\"},{\"@type\":\"ListItem\",\"position\":6,\"name\":\"Kimyasal Malzeme Dolab\u0131 3 Rafl\u0131 7460\"}]},{\"@type\":\"WebSite\",\"@id\":\"https:\\\/\\\/www.gulersan.com\\\/en\\\/#website\",\"url\":\"https:\\\/\\\/www.gulersan.com\\\/en\\\/\",\"name\":\"G\u00fclersan Ya\u011flama Cihazlar\u0131\",\"description\":\"Ya\u011flama Makinesi | Haval\u0131 Gres Pompas\u0131 | Ya\u011flama Pompas\u0131 | Ya\u011f \u00c7ekme Pompas\u0131\",\"publisher\":{\"@id\":\"https:\\\/\\\/www.gulersan.com\\\/en\\\/#organization\"},\"potentialAction\":[{\"@type\":\"SearchAction\",\"target\":{\"@type\":\"EntryPoint\",\"urlTemplate\":\"https:\\\/\\\/www.gulersan.com\\\/en\\\/?s={search_term_string}\"},\"query-input\":{\"@type\":\"PropertyValueSpecification\",\"valueRequired\":true,\"valueName\":\"search_term_string\"}}],\"inLanguage\":\"en-US\"},{\"@type\":\"Organization\",\"@id\":\"https:\\\/\\\/www.gulersan.com\\\/en\\\/#organization\",\"name\":\"G\u00fclersan Ya\u011flama Cihazlar\u0131\",\"url\":\"https:\\\/\\\/www.gulersan.com\\\/en\\\/\",\"logo\":{\"@type\":\"ImageObject\",\"inLanguage\":\"en-US\",\"@id\":\"https:\\\/\\\/www.gulersan.com\\\/en\\\/#\\\/schema\\\/logo\\\/image\\\/\",\"url\":\"https:\\\/\\\/www.gulersan.com\\\/wp-content\\\/uploads\\\/2021\\\/01\\\/gulersan-logo-tr.png\",\"contentUrl\":\"https:\\\/\\\/www.gulersan.com\\\/wp-content\\\/uploads\\\/2021\\\/01\\\/gulersan-logo-tr.png\",\"width\":1242,\"height\":302,\"caption\":\"G\u00fclersan Ya\u011flama Cihazlar\u0131\"},\"image\":{\"@id\":\"https:\\\/\\\/www.gulersan.com\\\/en\\\/#\\\/schema\\\/logo\\\/image\\\/\"}}]}<\/script>\n<!-- \/ Yoast SEO plugin. -->","yoast_head_json":{"title":"Kimyasal Malzeme Dolab\u0131 3 Rafl\u0131 7460 - G\u00fclersan Ya\u011flama Cihazlar\u0131","robots":{"index":"index","follow":"follow","max-snippet":"max-snippet:-1","max-image-preview":"max-image-preview:large","max-video-preview":"max-video-preview:-1"},"canonical":"https:\/\/www.gulersan.com\/en\/urun\/kimyasal-malzeme-dolabi-3-rafli-7460\/","og_locale":"en_US","og_type":"article","og_title":"Kimyasal Malzeme Dolab\u0131 3 Rafl\u0131 7460 - G\u00fclersan Ya\u011flama Cihazlar\u0131","og_description":"Kimyasal Malzeme Dolab\u0131 3 Rafl\u0131 7460 7460 Teknik \u00d6zellikleri \u00a0 En 920 Mm\u00a0 \u00a0 \u00a0 \u00a0\u00a0 \u00a0 Derinlik 450 Mm\u00a0 \u00a0 \u00a0 \u00a0\u00a0 \u00a0 Y\u00fckseklik 1200 Mm\u00a0 \u00a0 \u00a0 \u00a0\u00a0 \u00a0 Renk Ral 1028\u00a0 \u00a0 \u00a0 \u00a0\u00a0 &nbsp; Kullan\u0131ld\u0131\u011f\u0131 Yerler Fabrika ve at\u00f6lyelerin labaratuvar ve kimyasal depolama alanlar\u0131nda muhafaza dolab\u0131 olarak kullan\u0131lmaktad\u0131r. \u00dcr\u00fcn Avantajlar\u0131 Kimyasal","og_url":"https:\/\/www.gulersan.com\/en\/urun\/kimyasal-malzeme-dolabi-3-rafli-7460\/","og_site_name":"G\u00fclersan Ya\u011flama Cihazlar\u0131","article_modified_time":"2026-05-05T13:09:33+00:00","og_image":[{"width":500,"height":500,"url":"https:\/\/www.gulersan.com\/wp-content\/uploads\/2026\/05\/gls-7460-kimyasal-malzeme-dolabi-3-rafli1-450x450h.jpg","type":"image\/jpeg"}],"twitter_card":"summary_large_image","schema":{"@context":"https:\/\/schema.org","@graph":[{"@type":"WebPage","@id":"https:\/\/www.gulersan.com\/en\/urun\/kimyasal-malzeme-dolabi-3-rafli-7460\/","url":"https:\/\/www.gulersan.com\/en\/urun\/kimyasal-malzeme-dolabi-3-rafli-7460\/","name":"Kimyasal Malzeme Dolab\u0131 3 Rafl\u0131 7460 - G\u00fclersan Ya\u011flama Cihazlar\u0131","isPartOf":{"@id":"https:\/\/www.gulersan.com\/en\/#website"},"primaryImageOfPage":{"@id":"https:\/\/www.gulersan.com\/en\/urun\/kimyasal-malzeme-dolabi-3-rafli-7460\/#primaryimage"},"image":{"@id":"https:\/\/www.gulersan.com\/en\/urun\/kimyasal-malzeme-dolabi-3-rafli-7460\/#primaryimage"},"thumbnailUrl":"https:\/\/www.gulersan.com\/wp-content\/uploads\/2026\/05\/gls-7460-kimyasal-malzeme-dolabi-3-rafli1-450x450h.jpg","datePublished":"2026-05-05T13:09:12+00:00","dateModified":"2026-05-05T13:09:33+00:00","breadcrumb":{"@id":"https:\/\/www.gulersan.com\/en\/urun\/kimyasal-malzeme-dolabi-3-rafli-7460\/#breadcrumb"},"inLanguage":"en-US","potentialAction":[{"@type":"ReadAction","target":["https:\/\/www.gulersan.com\/en\/urun\/kimyasal-malzeme-dolabi-3-rafli-7460\/"]}]},{"@type":"ImageObject","inLanguage":"en-US","@id":"https:\/\/www.gulersan.com\/en\/urun\/kimyasal-malzeme-dolabi-3-rafli-7460\/#primaryimage","url":"https:\/\/www.gulersan.com\/wp-content\/uploads\/2026\/05\/gls-7460-kimyasal-malzeme-dolabi-3-rafli1-450x450h.jpg","contentUrl":"https:\/\/www.gulersan.com\/wp-content\/uploads\/2026\/05\/gls-7460-kimyasal-malzeme-dolabi-3-rafli1-450x450h.jpg","width":500,"height":500},{"@type":"BreadcrumbList","@id":"https:\/\/www.gulersan.com\/en\/urun\/kimyasal-malzeme-dolabi-3-rafli-7460\/#breadcrumb","itemListElement":[{"@type":"ListItem","position":1,"name":"Anasayfa","item":"https:\/\/www.gulersan.com\/en\/"},{"@type":"ListItem","position":2,"name":"\/","item":"https:\/\/www.gulersan.com\/shop\/"},{"@type":"ListItem","position":3,"name":"GLS Garaj Ekipmanlar\u0131","item":"https:\/\/www.gulersan.com\/en\/urun-kategori\/gls-garaj-ekipmanlari\/"},{"@type":"ListItem","position":4,"name":"Metal E\u015fyalar","item":"https:\/\/www.gulersan.com\/en\/urun-kategori\/gls-garaj-ekipmanlari\/metal-esyalar\/"},{"@type":"ListItem","position":5,"name":"Kimyasal Malzeme Dolaplar\u0131","item":"https:\/\/www.gulersan.com\/en\/urun-kategori\/gls-garaj-ekipmanlari\/metal-esyalar\/kimyasal-malzeme-dolaplari\/"},{"@type":"ListItem","position":6,"name":"Kimyasal Malzeme Dolab\u0131 3 Rafl\u0131 7460"}]},{"@type":"WebSite","@id":"https:\/\/www.gulersan.com\/en\/#website","url":"https:\/\/www.gulersan.com\/en\/","name":"G\u00fclersan Ya\u011flama Cihazlar\u0131","description":"Ya\u011flama Makinesi | Haval\u0131 Gres Pompas\u0131 | Ya\u011flama Pompas\u0131 | Ya\u011f \u00c7ekme Pompas\u0131","publisher":{"@id":"https:\/\/www.gulersan.com\/en\/#organization"},"potentialAction":[{"@type":"SearchAction","target":{"@type":"EntryPoint","urlTemplate":"https:\/\/www.gulersan.com\/en\/?s={search_term_string}"},"query-input":{"@type":"PropertyValueSpecification","valueRequired":true,"valueName":"search_term_string"}}],"inLanguage":"en-US"},{"@type":"Organization","@id":"https:\/\/www.gulersan.com\/en\/#organization","name":"G\u00fclersan Ya\u011flama Cihazlar\u0131","url":"https:\/\/www.gulersan.com\/en\/","logo":{"@type":"ImageObject","inLanguage":"en-US","@id":"https:\/\/www.gulersan.com\/en\/#\/schema\/logo\/image\/","url":"https:\/\/www.gulersan.com\/wp-content\/uploads\/2021\/01\/gulersan-logo-tr.png","contentUrl":"https:\/\/www.gulersan.com\/wp-content\/uploads\/2021\/01\/gulersan-logo-tr.png","width":1242,"height":302,"caption":"G\u00fclersan Ya\u011flama Cihazlar\u0131"},"image":{"@id":"https:\/\/www.gulersan.com\/en\/#\/schema\/logo\/image\/"}}]}},"_links":{"self":[{"href":"https:\/\/www.gulersan.com\/en\/wp-json\/wp\/v2\/product\/15667","targetHints":{"allow":["GET"]}}],"collection":[{"href":"https:\/\/www.gulersan.com\/en\/wp-json\/wp\/v2\/product"}],"about":[{"href":"https:\/\/www.gulersan.com\/en\/wp-json\/wp\/v2\/types\/product"}],"replies":[{"embeddable":true,"href":"https:\/\/www.gulersan.com\/en\/wp-json\/wp\/v2\/comments?post=15667"}],"wp:featuredmedia":[{"embeddable":true,"href":"https:\/\/www.gulersan.com\/en\/wp-json\/wp\/v2\/media\/15668"}],"wp:attachment":[{"href":"https:\/\/www.gulersan.com\/en\/wp-json\/wp\/v2\/media?parent=15667"}],"wp:term":[{"taxonomy":"product_brand","embeddable":true,"href":"https:\/\/www.gulersan.com\/en\/wp-json\/wp\/v2\/product_brand?post=15667"},{"taxonomy":"product_cat","embeddable":true,"href":"https:\/\/www.gulersan.com\/en\/wp-json\/wp\/v2\/product_cat?post=15667"},{"taxonomy":"product_tag","embeddable":true,"href":"https:\/\/www.gulersan.com\/en\/wp-json\/wp\/v2\/product_tag?post=15667"}],"curies":[{"name":"wp","href":"https:\/\/api.w.org\/{rel}","templated":true}]}}