{"id":15681,"date":"2026-05-05T16:09:42","date_gmt":"2026-05-05T13:09:42","guid":{"rendered":"https:\/\/www.gulersan.com\/urun\/hidrolik-arabali-garaj-krikosu-2-ton-gk2\/"},"modified":"2026-05-05T16:09:49","modified_gmt":"2026-05-05T13:09:49","slug":"hidrolik-arabali-garaj-krikosu-2-ton-gk2","status":"publish","type":"product","link":"https:\/\/www.gulersan.com\/en\/urun\/hidrolik-arabali-garaj-krikosu-2-ton-gk2\/","title":{"rendered":"Hidrolik Arabal\u0131 Garaj Krikosu 2 Ton GK2"},"content":{"rendered":"<h2 style=\"text-align: left;\"><span style=\"color: #000080;\"><strong>Hidrolik Arabal\u0131 Garaj Krikosu 2 Ton GK2<\/strong><\/span><\/h2>\n<div>\n<p><span style=\"font-size: 120%;\"><strong><img loading=\"lazy\" decoding=\"async\" class=\"alignnone wp-image-12531\" src=\"https:\/\/www.glsgaraj.com\/wp-content\/uploads\/2021\/06\/konuiciikon.png\" alt=\"\" width=\"18\" height=\"19\" \/> \u00dcr\u00fcn \u00d6zellikleri<\/strong><\/span><\/p>\n<p><img loading=\"lazy\" decoding=\"async\" class=\"alignnone wp-image-12535\" src=\"https:\/\/www.glsgaraj.com\/wp-content\/uploads\/2021\/06\/tikisareti-1.png\" alt=\"\" width=\"18\" height=\"16\" \/> Model : Uzun \u015ease<br \/>\n<img loading=\"lazy\" decoding=\"async\" class=\"alignnone wp-image-12535\" src=\"https:\/\/www.glsgaraj.com\/wp-content\/uploads\/2021\/06\/tikisareti-1.png\" alt=\"\" width=\"18\" height=\"16\" \/> \u00c7al\u0131\u015fma Tipi : Hidrolik<br \/>\n<img loading=\"lazy\" decoding=\"async\" class=\"alignnone wp-image-12535\" src=\"https:\/\/www.glsgaraj.com\/wp-content\/uploads\/2021\/06\/tikisareti-1.png\" alt=\"\" width=\"18\" height=\"16\" \/> Kapasite : 2 Ton<\/p>\n<p>Hidrolik arabal\u0131 garaj krikosu, d\u00f6rt tekerlekli sa\u011flam ve g\u00fc\u00e7l\u00fc yap\u0131ya sahiptir, yan sa\u00e7 kal\u0131nl\u0131klar\u0131 maksimumda tutulmu\u015ftur. \u0130ki sabit ve iki d\u00f6ner tekerlek t\u00fcm do\u011fru \u00e7al\u0131\u015fma konumunda dengeyi garanti eder. GK serisi krikolar y\u00fcklere h\u0131zl\u0131 yakla\u015fma i\u00e7in pedal, h\u0131zl\u0131 ve kolay ta\u015f\u0131ma i\u00e7in \u00e7\u0131kar\u0131labilir tutamak ile birlikte verilir.<\/p>\n<p><span style=\"font-size: 120%;\"><strong><img loading=\"lazy\" decoding=\"async\" class=\"alignnone wp-image-12531\" src=\"https:\/\/www.glsgaraj.com\/wp-content\/uploads\/2021\/06\/konuiciikon.png\" alt=\"\" width=\"18\" height=\"19\" \/> \u00d6l\u00e7\u00fcler<br \/>\n<\/strong><\/span><\/p>\n<table width=\"414\">\n<tbody>\n<tr>\n<td width=\"69\">A<\/td>\n<td width=\"69\">B<\/td>\n<td width=\"69\">C<\/td>\n<td width=\"69\">D<\/td>\n<td width=\"69\">E<\/td>\n<td width=\"69\">F<\/td>\n<\/tr>\n<tr>\n<td>12.5 Cm<\/td>\n<td>50 Cm<\/td>\n<td>111 Cm<\/td>\n<td>16.5Cm<\/td>\n<td>38 Cm<\/td>\n<td>93 Cm<\/td>\n<\/tr>\n<\/tbody>\n<\/table>\n<p><span style=\"font-size: 120%;\"><strong><img loading=\"lazy\" decoding=\"async\" class=\"alignnone size-full wp-image-15968\" src=\"https:\/\/www.glsgaraj.com\/wp-content\/uploads\/2021\/08\/kriko-olcu-sablonu.jpg\" alt=\"\" width=\"597\" height=\"193\" \/><\/strong><\/span><\/p>\n<p>&nbsp;<\/p>\n<p>&nbsp;<\/p>\n<\/div>\n","protected":false},"excerpt":{"rendered":"<p>Hidrolik Arabal\u0131 Garaj Krikosu 2 Ton GK2 \u00dcr\u00fcn \u00d6zellikleri Model : Uzun \u015ease \u00c7al\u0131\u015fma Tipi : Hidrolik Kapasite : 2 Ton Hidrolik arabal\u0131 garaj krikosu, d\u00f6rt tekerlekli sa\u011flam ve g\u00fc\u00e7l\u00fc yap\u0131ya sahiptir, yan sa\u00e7 kal\u0131nl\u0131klar\u0131 maksimumda tutulmu\u015ftur. \u0130ki sabit ve iki d\u00f6ner tekerlek t\u00fcm do\u011fru \u00e7al\u0131\u015fma konumunda dengeyi garanti eder. GK serisi krikolar y\u00fcklere h\u0131zl\u0131<\/p>\n","protected":false},"featured_media":15682,"comment_status":"closed","ping_status":"open","template":"","meta":[],"product_brand":[],"product_cat":[1430,1428],"product_tag":[],"class_list":{"0":"post-15681","1":"product","2":"type-product","3":"status-publish","4":"has-post-thumbnail","6":"product_cat-hidrolik-garaj-krikolari","7":"product_cat-otomotiv-servis-ekipmanlari","9":"first","10":"instock","11":"product-type-simple"},"yoast_head":"<!-- This site is optimized with the Yoast SEO plugin v27.6 - https:\/\/yoast.com\/product\/yoast-seo-wordpress\/ -->\n<title>Hidrolik Arabal\u0131 Garaj Krikosu 2 Ton GK2 - G\u00fclersan Ya\u011flama Cihazlar\u0131<\/title>\n<meta name=\"robots\" content=\"index, follow, max-snippet:-1, max-image-preview:large, max-video-preview:-1\" \/>\n<link rel=\"canonical\" href=\"https:\/\/www.gulersan.com\/en\/urun\/hidrolik-arabali-garaj-krikosu-2-ton-gk2\/\" \/>\n<meta property=\"og:locale\" content=\"en_US\" \/>\n<meta property=\"og:type\" content=\"article\" \/>\n<meta property=\"og:title\" content=\"Hidrolik Arabal\u0131 Garaj Krikosu 2 Ton GK2 - G\u00fclersan Ya\u011flama Cihazlar\u0131\" \/>\n<meta property=\"og:description\" content=\"Hidrolik Arabal\u0131 Garaj Krikosu 2 Ton GK2 \u00dcr\u00fcn \u00d6zellikleri Model : Uzun \u015ease \u00c7al\u0131\u015fma Tipi : Hidrolik Kapasite : 2 Ton Hidrolik arabal\u0131 garaj krikosu, d\u00f6rt tekerlekli sa\u011flam ve g\u00fc\u00e7l\u00fc yap\u0131ya sahiptir, yan sa\u00e7 kal\u0131nl\u0131klar\u0131 maksimumda tutulmu\u015ftur. \u0130ki sabit ve iki d\u00f6ner tekerlek t\u00fcm do\u011fru \u00e7al\u0131\u015fma konumunda dengeyi garanti eder. GK serisi krikolar y\u00fcklere h\u0131zl\u0131\" \/>\n<meta property=\"og:url\" content=\"https:\/\/www.gulersan.com\/en\/urun\/hidrolik-arabali-garaj-krikosu-2-ton-gk2\/\" \/>\n<meta property=\"og:site_name\" content=\"G\u00fclersan Ya\u011flama Cihazlar\u0131\" \/>\n<meta property=\"article:modified_time\" content=\"2026-05-05T13:09:49+00:00\" \/>\n<meta property=\"og:image\" content=\"https:\/\/www.gulersan.com\/wp-content\/uploads\/2026\/05\/hidrolik-garaj-krikosu-gk2-gk3.jpg\" \/>\n\t<meta property=\"og:image:width\" content=\"560\" \/>\n\t<meta property=\"og:image:height\" content=\"560\" \/>\n\t<meta property=\"og:image:type\" content=\"image\/jpeg\" \/>\n<meta name=\"twitter:card\" content=\"summary_large_image\" \/>\n<meta name=\"twitter:label1\" content=\"Est. reading time\" \/>\n\t<meta name=\"twitter:data1\" content=\"1 minute\" \/>\n<script type=\"application\/ld+json\" class=\"yoast-schema-graph\">{\"@context\":\"https:\\\/\\\/schema.org\",\"@graph\":[{\"@type\":\"WebPage\",\"@id\":\"https:\\\/\\\/www.gulersan.com\\\/en\\\/urun\\\/hidrolik-arabali-garaj-krikosu-2-ton-gk2\\\/\",\"url\":\"https:\\\/\\\/www.gulersan.com\\\/en\\\/urun\\\/hidrolik-arabali-garaj-krikosu-2-ton-gk2\\\/\",\"name\":\"Hidrolik Arabal\u0131 Garaj Krikosu 2 Ton GK2 - G\u00fclersan Ya\u011flama Cihazlar\u0131\",\"isPartOf\":{\"@id\":\"https:\\\/\\\/www.gulersan.com\\\/en\\\/#website\"},\"primaryImageOfPage\":{\"@id\":\"https:\\\/\\\/www.gulersan.com\\\/en\\\/urun\\\/hidrolik-arabali-garaj-krikosu-2-ton-gk2\\\/#primaryimage\"},\"image\":{\"@id\":\"https:\\\/\\\/www.gulersan.com\\\/en\\\/urun\\\/hidrolik-arabali-garaj-krikosu-2-ton-gk2\\\/#primaryimage\"},\"thumbnailUrl\":\"https:\\\/\\\/www.gulersan.com\\\/wp-content\\\/uploads\\\/2026\\\/05\\\/hidrolik-garaj-krikosu-gk2-gk3.jpg\",\"datePublished\":\"2026-05-05T13:09:42+00:00\",\"dateModified\":\"2026-05-05T13:09:49+00:00\",\"breadcrumb\":{\"@id\":\"https:\\\/\\\/www.gulersan.com\\\/en\\\/urun\\\/hidrolik-arabali-garaj-krikosu-2-ton-gk2\\\/#breadcrumb\"},\"inLanguage\":\"en-US\",\"potentialAction\":[{\"@type\":\"ReadAction\",\"target\":[\"https:\\\/\\\/www.gulersan.com\\\/en\\\/urun\\\/hidrolik-arabali-garaj-krikosu-2-ton-gk2\\\/\"]}]},{\"@type\":\"ImageObject\",\"inLanguage\":\"en-US\",\"@id\":\"https:\\\/\\\/www.gulersan.com\\\/en\\\/urun\\\/hidrolik-arabali-garaj-krikosu-2-ton-gk2\\\/#primaryimage\",\"url\":\"https:\\\/\\\/www.gulersan.com\\\/wp-content\\\/uploads\\\/2026\\\/05\\\/hidrolik-garaj-krikosu-gk2-gk3.jpg\",\"contentUrl\":\"https:\\\/\\\/www.gulersan.com\\\/wp-content\\\/uploads\\\/2026\\\/05\\\/hidrolik-garaj-krikosu-gk2-gk3.jpg\",\"width\":560,\"height\":560},{\"@type\":\"BreadcrumbList\",\"@id\":\"https:\\\/\\\/www.gulersan.com\\\/en\\\/urun\\\/hidrolik-arabali-garaj-krikosu-2-ton-gk2\\\/#breadcrumb\",\"itemListElement\":[{\"@type\":\"ListItem\",\"position\":1,\"name\":\"Anasayfa\",\"item\":\"https:\\\/\\\/www.gulersan.com\\\/en\\\/\"},{\"@type\":\"ListItem\",\"position\":2,\"name\":\"\\\/\",\"item\":\"https:\\\/\\\/www.gulersan.com\\\/shop\\\/\"},{\"@type\":\"ListItem\",\"position\":3,\"name\":\"GLS Garaj Ekipmanlar\u0131\",\"item\":\"https:\\\/\\\/www.gulersan.com\\\/en\\\/urun-kategori\\\/gls-garaj-ekipmanlari\\\/\"},{\"@type\":\"ListItem\",\"position\":4,\"name\":\"Otomotiv Servis Ekipmanlar\u0131\",\"item\":\"https:\\\/\\\/www.gulersan.com\\\/en\\\/urun-kategori\\\/gls-garaj-ekipmanlari\\\/otomotiv-servis-ekipmanlari\\\/\"},{\"@type\":\"ListItem\",\"position\":5,\"name\":\"Hidrolik Garaj Krikolar\u0131\",\"item\":\"https:\\\/\\\/www.gulersan.com\\\/en\\\/urun-kategori\\\/gls-garaj-ekipmanlari\\\/otomotiv-servis-ekipmanlari\\\/hidrolik-garaj-krikolari\\\/\"},{\"@type\":\"ListItem\",\"position\":6,\"name\":\"Hidrolik Arabal\u0131 Garaj Krikosu 2 Ton GK2\"}]},{\"@type\":\"WebSite\",\"@id\":\"https:\\\/\\\/www.gulersan.com\\\/en\\\/#website\",\"url\":\"https:\\\/\\\/www.gulersan.com\\\/en\\\/\",\"name\":\"G\u00fclersan Ya\u011flama Cihazlar\u0131\",\"description\":\"Ya\u011flama Makinesi | Haval\u0131 Gres Pompas\u0131 | Ya\u011flama Pompas\u0131 | Ya\u011f \u00c7ekme Pompas\u0131\",\"publisher\":{\"@id\":\"https:\\\/\\\/www.gulersan.com\\\/en\\\/#organization\"},\"potentialAction\":[{\"@type\":\"SearchAction\",\"target\":{\"@type\":\"EntryPoint\",\"urlTemplate\":\"https:\\\/\\\/www.gulersan.com\\\/en\\\/?s={search_term_string}\"},\"query-input\":{\"@type\":\"PropertyValueSpecification\",\"valueRequired\":true,\"valueName\":\"search_term_string\"}}],\"inLanguage\":\"en-US\"},{\"@type\":\"Organization\",\"@id\":\"https:\\\/\\\/www.gulersan.com\\\/en\\\/#organization\",\"name\":\"G\u00fclersan Ya\u011flama Cihazlar\u0131\",\"url\":\"https:\\\/\\\/www.gulersan.com\\\/en\\\/\",\"logo\":{\"@type\":\"ImageObject\",\"inLanguage\":\"en-US\",\"@id\":\"https:\\\/\\\/www.gulersan.com\\\/en\\\/#\\\/schema\\\/logo\\\/image\\\/\",\"url\":\"https:\\\/\\\/www.gulersan.com\\\/wp-content\\\/uploads\\\/2021\\\/01\\\/gulersan-logo-tr.png\",\"contentUrl\":\"https:\\\/\\\/www.gulersan.com\\\/wp-content\\\/uploads\\\/2021\\\/01\\\/gulersan-logo-tr.png\",\"width\":1242,\"height\":302,\"caption\":\"G\u00fclersan Ya\u011flama Cihazlar\u0131\"},\"image\":{\"@id\":\"https:\\\/\\\/www.gulersan.com\\\/en\\\/#\\\/schema\\\/logo\\\/image\\\/\"}}]}<\/script>\n<!-- \/ Yoast SEO plugin. -->","yoast_head_json":{"title":"Hidrolik Arabal\u0131 Garaj Krikosu 2 Ton GK2 - G\u00fclersan Ya\u011flama Cihazlar\u0131","robots":{"index":"index","follow":"follow","max-snippet":"max-snippet:-1","max-image-preview":"max-image-preview:large","max-video-preview":"max-video-preview:-1"},"canonical":"https:\/\/www.gulersan.com\/en\/urun\/hidrolik-arabali-garaj-krikosu-2-ton-gk2\/","og_locale":"en_US","og_type":"article","og_title":"Hidrolik Arabal\u0131 Garaj Krikosu 2 Ton GK2 - G\u00fclersan Ya\u011flama Cihazlar\u0131","og_description":"Hidrolik Arabal\u0131 Garaj Krikosu 2 Ton GK2 \u00dcr\u00fcn \u00d6zellikleri Model : Uzun \u015ease \u00c7al\u0131\u015fma Tipi : Hidrolik Kapasite : 2 Ton Hidrolik arabal\u0131 garaj krikosu, d\u00f6rt tekerlekli sa\u011flam ve g\u00fc\u00e7l\u00fc yap\u0131ya sahiptir, yan sa\u00e7 kal\u0131nl\u0131klar\u0131 maksimumda tutulmu\u015ftur. \u0130ki sabit ve iki d\u00f6ner tekerlek t\u00fcm do\u011fru \u00e7al\u0131\u015fma konumunda dengeyi garanti eder. GK serisi krikolar y\u00fcklere h\u0131zl\u0131","og_url":"https:\/\/www.gulersan.com\/en\/urun\/hidrolik-arabali-garaj-krikosu-2-ton-gk2\/","og_site_name":"G\u00fclersan Ya\u011flama Cihazlar\u0131","article_modified_time":"2026-05-05T13:09:49+00:00","og_image":[{"width":560,"height":560,"url":"https:\/\/www.gulersan.com\/wp-content\/uploads\/2026\/05\/hidrolik-garaj-krikosu-gk2-gk3.jpg","type":"image\/jpeg"}],"twitter_card":"summary_large_image","twitter_misc":{"Est. reading time":"1 minute"},"schema":{"@context":"https:\/\/schema.org","@graph":[{"@type":"WebPage","@id":"https:\/\/www.gulersan.com\/en\/urun\/hidrolik-arabali-garaj-krikosu-2-ton-gk2\/","url":"https:\/\/www.gulersan.com\/en\/urun\/hidrolik-arabali-garaj-krikosu-2-ton-gk2\/","name":"Hidrolik Arabal\u0131 Garaj Krikosu 2 Ton GK2 - G\u00fclersan Ya\u011flama Cihazlar\u0131","isPartOf":{"@id":"https:\/\/www.gulersan.com\/en\/#website"},"primaryImageOfPage":{"@id":"https:\/\/www.gulersan.com\/en\/urun\/hidrolik-arabali-garaj-krikosu-2-ton-gk2\/#primaryimage"},"image":{"@id":"https:\/\/www.gulersan.com\/en\/urun\/hidrolik-arabali-garaj-krikosu-2-ton-gk2\/#primaryimage"},"thumbnailUrl":"https:\/\/www.gulersan.com\/wp-content\/uploads\/2026\/05\/hidrolik-garaj-krikosu-gk2-gk3.jpg","datePublished":"2026-05-05T13:09:42+00:00","dateModified":"2026-05-05T13:09:49+00:00","breadcrumb":{"@id":"https:\/\/www.gulersan.com\/en\/urun\/hidrolik-arabali-garaj-krikosu-2-ton-gk2\/#breadcrumb"},"inLanguage":"en-US","potentialAction":[{"@type":"ReadAction","target":["https:\/\/www.gulersan.com\/en\/urun\/hidrolik-arabali-garaj-krikosu-2-ton-gk2\/"]}]},{"@type":"ImageObject","inLanguage":"en-US","@id":"https:\/\/www.gulersan.com\/en\/urun\/hidrolik-arabali-garaj-krikosu-2-ton-gk2\/#primaryimage","url":"https:\/\/www.gulersan.com\/wp-content\/uploads\/2026\/05\/hidrolik-garaj-krikosu-gk2-gk3.jpg","contentUrl":"https:\/\/www.gulersan.com\/wp-content\/uploads\/2026\/05\/hidrolik-garaj-krikosu-gk2-gk3.jpg","width":560,"height":560},{"@type":"BreadcrumbList","@id":"https:\/\/www.gulersan.com\/en\/urun\/hidrolik-arabali-garaj-krikosu-2-ton-gk2\/#breadcrumb","itemListElement":[{"@type":"ListItem","position":1,"name":"Anasayfa","item":"https:\/\/www.gulersan.com\/en\/"},{"@type":"ListItem","position":2,"name":"\/","item":"https:\/\/www.gulersan.com\/shop\/"},{"@type":"ListItem","position":3,"name":"GLS Garaj Ekipmanlar\u0131","item":"https:\/\/www.gulersan.com\/en\/urun-kategori\/gls-garaj-ekipmanlari\/"},{"@type":"ListItem","position":4,"name":"Otomotiv Servis Ekipmanlar\u0131","item":"https:\/\/www.gulersan.com\/en\/urun-kategori\/gls-garaj-ekipmanlari\/otomotiv-servis-ekipmanlari\/"},{"@type":"ListItem","position":5,"name":"Hidrolik Garaj Krikolar\u0131","item":"https:\/\/www.gulersan.com\/en\/urun-kategori\/gls-garaj-ekipmanlari\/otomotiv-servis-ekipmanlari\/hidrolik-garaj-krikolari\/"},{"@type":"ListItem","position":6,"name":"Hidrolik Arabal\u0131 Garaj Krikosu 2 Ton GK2"}]},{"@type":"WebSite","@id":"https:\/\/www.gulersan.com\/en\/#website","url":"https:\/\/www.gulersan.com\/en\/","name":"G\u00fclersan Ya\u011flama Cihazlar\u0131","description":"Ya\u011flama Makinesi | Haval\u0131 Gres Pompas\u0131 | Ya\u011flama Pompas\u0131 | Ya\u011f \u00c7ekme Pompas\u0131","publisher":{"@id":"https:\/\/www.gulersan.com\/en\/#organization"},"potentialAction":[{"@type":"SearchAction","target":{"@type":"EntryPoint","urlTemplate":"https:\/\/www.gulersan.com\/en\/?s={search_term_string}"},"query-input":{"@type":"PropertyValueSpecification","valueRequired":true,"valueName":"search_term_string"}}],"inLanguage":"en-US"},{"@type":"Organization","@id":"https:\/\/www.gulersan.com\/en\/#organization","name":"G\u00fclersan Ya\u011flama Cihazlar\u0131","url":"https:\/\/www.gulersan.com\/en\/","logo":{"@type":"ImageObject","inLanguage":"en-US","@id":"https:\/\/www.gulersan.com\/en\/#\/schema\/logo\/image\/","url":"https:\/\/www.gulersan.com\/wp-content\/uploads\/2021\/01\/gulersan-logo-tr.png","contentUrl":"https:\/\/www.gulersan.com\/wp-content\/uploads\/2021\/01\/gulersan-logo-tr.png","width":1242,"height":302,"caption":"G\u00fclersan Ya\u011flama Cihazlar\u0131"},"image":{"@id":"https:\/\/www.gulersan.com\/en\/#\/schema\/logo\/image\/"}}]}},"_links":{"self":[{"href":"https:\/\/www.gulersan.com\/en\/wp-json\/wp\/v2\/product\/15681","targetHints":{"allow":["GET"]}}],"collection":[{"href":"https:\/\/www.gulersan.com\/en\/wp-json\/wp\/v2\/product"}],"about":[{"href":"https:\/\/www.gulersan.com\/en\/wp-json\/wp\/v2\/types\/product"}],"replies":[{"embeddable":true,"href":"https:\/\/www.gulersan.com\/en\/wp-json\/wp\/v2\/comments?post=15681"}],"wp:featuredmedia":[{"embeddable":true,"href":"https:\/\/www.gulersan.com\/en\/wp-json\/wp\/v2\/media\/15682"}],"wp:attachment":[{"href":"https:\/\/www.gulersan.com\/en\/wp-json\/wp\/v2\/media?parent=15681"}],"wp:term":[{"taxonomy":"product_brand","embeddable":true,"href":"https:\/\/www.gulersan.com\/en\/wp-json\/wp\/v2\/product_brand?post=15681"},{"taxonomy":"product_cat","embeddable":true,"href":"https:\/\/www.gulersan.com\/en\/wp-json\/wp\/v2\/product_cat?post=15681"},{"taxonomy":"product_tag","embeddable":true,"href":"https:\/\/www.gulersan.com\/en\/wp-json\/wp\/v2\/product_tag?post=15681"}],"curies":[{"name":"wp","href":"https:\/\/api.w.org\/{rel}","templated":true}]}}