{"id":15688,"date":"2026-05-05T16:09:42","date_gmt":"2026-05-05T13:09:42","guid":{"rendered":"https:\/\/www.gulersan.com\/urun\/motor-toplama-sehpasi-mts1\/"},"modified":"2026-05-05T16:09:54","modified_gmt":"2026-05-05T13:09:54","slug":"motor-toplama-sehpasi-mts1","status":"publish","type":"product","link":"https:\/\/www.gulersan.com\/en\/urun\/motor-toplama-sehpasi-mts1\/","title":{"rendered":"Motor Toplama Sehpas\u0131 MTS1"},"content":{"rendered":"<h2 style=\"text-align: left;\"><span style=\"color: #000080;\"><strong>Motor Toplama Sehpas\u0131 MTS1<\/strong><\/span><\/h2>\n<div>\n<p><span style=\"font-size: 120%;\"><strong><img loading=\"lazy\" decoding=\"async\" class=\"alignnone wp-image-12531\" src=\"https:\/\/www.glsgaraj.com\/wp-content\/uploads\/2021\/06\/konuiciikon.png\" alt=\"\" width=\"18\" height=\"19\" \/> Teknik \u00d6zellikler<\/strong><\/span><\/p>\n<p><img loading=\"lazy\" decoding=\"async\" class=\"alignnone wp-image-12535\" src=\"https:\/\/www.glsgaraj.com\/wp-content\/uploads\/2021\/06\/tikisareti-1.png\" alt=\"\" width=\"20\" height=\"18\" \/> Tava \u00d6l\u00e7\u00fcs\u00fc : 85&#215;60 Cm<br \/>\n<img loading=\"lazy\" decoding=\"async\" class=\"alignnone wp-image-12535\" src=\"https:\/\/www.glsgaraj.com\/wp-content\/uploads\/2021\/06\/tikisareti-1.png\" alt=\"\" width=\"20\" height=\"18\" \/> Kapasite : 500 Kg<\/p>\n<p><span style=\"font-size: 120%;\"><strong><img loading=\"lazy\" decoding=\"async\" class=\"alignnone wp-image-12531\" src=\"https:\/\/www.glsgaraj.com\/wp-content\/uploads\/2021\/06\/konuiciikon.png\" alt=\"\" width=\"18\" height=\"19\" \/> \u00dcr\u00fcn \u00d6zellikleri<\/strong><\/span><br \/>\nMotor toplama tezgah\u0131n\u0131n motor ba\u011flama aparat k\u0131sm\u0131 360 derece d\u00f6nme \u00f6zelli\u011fine sahip olup, sustal\u0131 pedal ile kontrol\u00fc sa\u011flanabilmektedir.<br \/>\nTavadan motorun ba\u011flanaca\u011f\u0131 aparat y\u00fcksekli\u011fi 68 cm dir.<br \/>\n360 derece d\u00f6nebilen motor ba\u011flama aparat\u0131n\u0131n ba\u011flama kapasitesi 23 cm ile 68 cm aras\u0131ndad\u0131r.<\/p>\n<p>Motor ba\u011flama aparat\u0131na ekstradan \u015fanz\u0131man ba\u011flama aparat\u0131 ba\u011flan\u0131larak \u015fanz\u0131man toplanabilir.<\/p>\n<\/div>\n","protected":false},"excerpt":{"rendered":"<p>Motor Toplama Sehpas\u0131 MTS1 Teknik \u00d6zellikler Tava \u00d6l\u00e7\u00fcs\u00fc : 85&#215;60 Cm Kapasite : 500 Kg \u00dcr\u00fcn \u00d6zellikleri Motor toplama tezgah\u0131n\u0131n motor ba\u011flama aparat k\u0131sm\u0131 360 derece d\u00f6nme \u00f6zelli\u011fine sahip olup, sustal\u0131 pedal ile kontrol\u00fc sa\u011flanabilmektedir. Tavadan motorun ba\u011flanaca\u011f\u0131 aparat y\u00fcksekli\u011fi 68 cm dir. 360 derece d\u00f6nebilen motor ba\u011flama aparat\u0131n\u0131n ba\u011flama kapasitesi 23 cm ile 68<\/p>\n","protected":false},"featured_media":15689,"comment_status":"closed","ping_status":"open","template":"","meta":[],"product_brand":[],"product_cat":[1433,1428],"product_tag":[],"class_list":{"0":"post-15688","1":"product","2":"type-product","3":"status-publish","4":"has-post-thumbnail","6":"product_cat-motor-toplama-sehpalari","7":"product_cat-otomotiv-servis-ekipmanlari","9":"first","10":"instock","11":"product-type-simple"},"yoast_head":"<!-- This site is optimized with the Yoast SEO plugin v27.6 - https:\/\/yoast.com\/product\/yoast-seo-wordpress\/ -->\n<title>Motor Toplama Sehpas\u0131 MTS1 - G\u00fclersan Ya\u011flama Cihazlar\u0131<\/title>\n<meta name=\"robots\" content=\"index, follow, max-snippet:-1, max-image-preview:large, max-video-preview:-1\" \/>\n<link rel=\"canonical\" href=\"https:\/\/www.gulersan.com\/en\/urun\/motor-toplama-sehpasi-mts1\/\" \/>\n<meta property=\"og:locale\" content=\"en_US\" \/>\n<meta property=\"og:type\" content=\"article\" \/>\n<meta property=\"og:title\" content=\"Motor Toplama Sehpas\u0131 MTS1 - G\u00fclersan Ya\u011flama Cihazlar\u0131\" \/>\n<meta property=\"og:description\" content=\"Motor Toplama Sehpas\u0131 MTS1 Teknik \u00d6zellikler Tava \u00d6l\u00e7\u00fcs\u00fc : 85&#215;60 Cm Kapasite : 500 Kg \u00dcr\u00fcn \u00d6zellikleri Motor toplama tezgah\u0131n\u0131n motor ba\u011flama aparat k\u0131sm\u0131 360 derece d\u00f6nme \u00f6zelli\u011fine sahip olup, sustal\u0131 pedal ile kontrol\u00fc sa\u011flanabilmektedir. Tavadan motorun ba\u011flanaca\u011f\u0131 aparat y\u00fcksekli\u011fi 68 cm dir. 360 derece d\u00f6nebilen motor ba\u011flama aparat\u0131n\u0131n ba\u011flama kapasitesi 23 cm ile 68\" \/>\n<meta property=\"og:url\" content=\"https:\/\/www.gulersan.com\/en\/urun\/motor-toplama-sehpasi-mts1\/\" \/>\n<meta property=\"og:site_name\" content=\"G\u00fclersan Ya\u011flama Cihazlar\u0131\" \/>\n<meta property=\"article:modified_time\" content=\"2026-05-05T13:09:54+00:00\" \/>\n<meta property=\"og:image\" content=\"https:\/\/www.gulersan.com\/wp-content\/uploads\/2026\/05\/gls-mts1-motor-toplama-sehpasi.jpg\" \/>\n\t<meta property=\"og:image:width\" content=\"500\" \/>\n\t<meta property=\"og:image:height\" content=\"500\" \/>\n\t<meta property=\"og:image:type\" content=\"image\/jpeg\" \/>\n<meta name=\"twitter:card\" content=\"summary_large_image\" \/>\n<script type=\"application\/ld+json\" class=\"yoast-schema-graph\">{\"@context\":\"https:\\\/\\\/schema.org\",\"@graph\":[{\"@type\":\"WebPage\",\"@id\":\"https:\\\/\\\/www.gulersan.com\\\/en\\\/urun\\\/motor-toplama-sehpasi-mts1\\\/\",\"url\":\"https:\\\/\\\/www.gulersan.com\\\/en\\\/urun\\\/motor-toplama-sehpasi-mts1\\\/\",\"name\":\"Motor Toplama Sehpas\u0131 MTS1 - G\u00fclersan Ya\u011flama Cihazlar\u0131\",\"isPartOf\":{\"@id\":\"https:\\\/\\\/www.gulersan.com\\\/en\\\/#website\"},\"primaryImageOfPage\":{\"@id\":\"https:\\\/\\\/www.gulersan.com\\\/en\\\/urun\\\/motor-toplama-sehpasi-mts1\\\/#primaryimage\"},\"image\":{\"@id\":\"https:\\\/\\\/www.gulersan.com\\\/en\\\/urun\\\/motor-toplama-sehpasi-mts1\\\/#primaryimage\"},\"thumbnailUrl\":\"https:\\\/\\\/www.gulersan.com\\\/wp-content\\\/uploads\\\/2026\\\/05\\\/gls-mts1-motor-toplama-sehpasi.jpg\",\"datePublished\":\"2026-05-05T13:09:42+00:00\",\"dateModified\":\"2026-05-05T13:09:54+00:00\",\"breadcrumb\":{\"@id\":\"https:\\\/\\\/www.gulersan.com\\\/en\\\/urun\\\/motor-toplama-sehpasi-mts1\\\/#breadcrumb\"},\"inLanguage\":\"en-US\",\"potentialAction\":[{\"@type\":\"ReadAction\",\"target\":[\"https:\\\/\\\/www.gulersan.com\\\/en\\\/urun\\\/motor-toplama-sehpasi-mts1\\\/\"]}]},{\"@type\":\"ImageObject\",\"inLanguage\":\"en-US\",\"@id\":\"https:\\\/\\\/www.gulersan.com\\\/en\\\/urun\\\/motor-toplama-sehpasi-mts1\\\/#primaryimage\",\"url\":\"https:\\\/\\\/www.gulersan.com\\\/wp-content\\\/uploads\\\/2026\\\/05\\\/gls-mts1-motor-toplama-sehpasi.jpg\",\"contentUrl\":\"https:\\\/\\\/www.gulersan.com\\\/wp-content\\\/uploads\\\/2026\\\/05\\\/gls-mts1-motor-toplama-sehpasi.jpg\",\"width\":500,\"height\":500},{\"@type\":\"BreadcrumbList\",\"@id\":\"https:\\\/\\\/www.gulersan.com\\\/en\\\/urun\\\/motor-toplama-sehpasi-mts1\\\/#breadcrumb\",\"itemListElement\":[{\"@type\":\"ListItem\",\"position\":1,\"name\":\"Anasayfa\",\"item\":\"https:\\\/\\\/www.gulersan.com\\\/en\\\/\"},{\"@type\":\"ListItem\",\"position\":2,\"name\":\"\\\/\",\"item\":\"https:\\\/\\\/www.gulersan.com\\\/shop\\\/\"},{\"@type\":\"ListItem\",\"position\":3,\"name\":\"GLS Garaj Ekipmanlar\u0131\",\"item\":\"https:\\\/\\\/www.gulersan.com\\\/en\\\/urun-kategori\\\/gls-garaj-ekipmanlari\\\/\"},{\"@type\":\"ListItem\",\"position\":4,\"name\":\"Otomotiv Servis Ekipmanlar\u0131\",\"item\":\"https:\\\/\\\/www.gulersan.com\\\/en\\\/urun-kategori\\\/gls-garaj-ekipmanlari\\\/otomotiv-servis-ekipmanlari\\\/\"},{\"@type\":\"ListItem\",\"position\":5,\"name\":\"Motor Toplama Sehpalar\u0131\",\"item\":\"https:\\\/\\\/www.gulersan.com\\\/en\\\/urun-kategori\\\/gls-garaj-ekipmanlari\\\/otomotiv-servis-ekipmanlari\\\/motor-toplama-sehpalari\\\/\"},{\"@type\":\"ListItem\",\"position\":6,\"name\":\"Motor Toplama Sehpas\u0131 MTS1\"}]},{\"@type\":\"WebSite\",\"@id\":\"https:\\\/\\\/www.gulersan.com\\\/en\\\/#website\",\"url\":\"https:\\\/\\\/www.gulersan.com\\\/en\\\/\",\"name\":\"G\u00fclersan Ya\u011flama Cihazlar\u0131\",\"description\":\"Ya\u011flama Makinesi | Haval\u0131 Gres Pompas\u0131 | Ya\u011flama Pompas\u0131 | Ya\u011f \u00c7ekme Pompas\u0131\",\"publisher\":{\"@id\":\"https:\\\/\\\/www.gulersan.com\\\/en\\\/#organization\"},\"potentialAction\":[{\"@type\":\"SearchAction\",\"target\":{\"@type\":\"EntryPoint\",\"urlTemplate\":\"https:\\\/\\\/www.gulersan.com\\\/en\\\/?s={search_term_string}\"},\"query-input\":{\"@type\":\"PropertyValueSpecification\",\"valueRequired\":true,\"valueName\":\"search_term_string\"}}],\"inLanguage\":\"en-US\"},{\"@type\":\"Organization\",\"@id\":\"https:\\\/\\\/www.gulersan.com\\\/en\\\/#organization\",\"name\":\"G\u00fclersan Ya\u011flama Cihazlar\u0131\",\"url\":\"https:\\\/\\\/www.gulersan.com\\\/en\\\/\",\"logo\":{\"@type\":\"ImageObject\",\"inLanguage\":\"en-US\",\"@id\":\"https:\\\/\\\/www.gulersan.com\\\/en\\\/#\\\/schema\\\/logo\\\/image\\\/\",\"url\":\"https:\\\/\\\/www.gulersan.com\\\/wp-content\\\/uploads\\\/2021\\\/01\\\/gulersan-logo-tr.png\",\"contentUrl\":\"https:\\\/\\\/www.gulersan.com\\\/wp-content\\\/uploads\\\/2021\\\/01\\\/gulersan-logo-tr.png\",\"width\":1242,\"height\":302,\"caption\":\"G\u00fclersan Ya\u011flama Cihazlar\u0131\"},\"image\":{\"@id\":\"https:\\\/\\\/www.gulersan.com\\\/en\\\/#\\\/schema\\\/logo\\\/image\\\/\"}}]}<\/script>\n<!-- \/ Yoast SEO plugin. -->","yoast_head_json":{"title":"Motor Toplama Sehpas\u0131 MTS1 - G\u00fclersan Ya\u011flama Cihazlar\u0131","robots":{"index":"index","follow":"follow","max-snippet":"max-snippet:-1","max-image-preview":"max-image-preview:large","max-video-preview":"max-video-preview:-1"},"canonical":"https:\/\/www.gulersan.com\/en\/urun\/motor-toplama-sehpasi-mts1\/","og_locale":"en_US","og_type":"article","og_title":"Motor Toplama Sehpas\u0131 MTS1 - G\u00fclersan Ya\u011flama Cihazlar\u0131","og_description":"Motor Toplama Sehpas\u0131 MTS1 Teknik \u00d6zellikler Tava \u00d6l\u00e7\u00fcs\u00fc : 85&#215;60 Cm Kapasite : 500 Kg \u00dcr\u00fcn \u00d6zellikleri Motor toplama tezgah\u0131n\u0131n motor ba\u011flama aparat k\u0131sm\u0131 360 derece d\u00f6nme \u00f6zelli\u011fine sahip olup, sustal\u0131 pedal ile kontrol\u00fc sa\u011flanabilmektedir. Tavadan motorun ba\u011flanaca\u011f\u0131 aparat y\u00fcksekli\u011fi 68 cm dir. 360 derece d\u00f6nebilen motor ba\u011flama aparat\u0131n\u0131n ba\u011flama kapasitesi 23 cm ile 68","og_url":"https:\/\/www.gulersan.com\/en\/urun\/motor-toplama-sehpasi-mts1\/","og_site_name":"G\u00fclersan Ya\u011flama Cihazlar\u0131","article_modified_time":"2026-05-05T13:09:54+00:00","og_image":[{"width":500,"height":500,"url":"https:\/\/www.gulersan.com\/wp-content\/uploads\/2026\/05\/gls-mts1-motor-toplama-sehpasi.jpg","type":"image\/jpeg"}],"twitter_card":"summary_large_image","schema":{"@context":"https:\/\/schema.org","@graph":[{"@type":"WebPage","@id":"https:\/\/www.gulersan.com\/en\/urun\/motor-toplama-sehpasi-mts1\/","url":"https:\/\/www.gulersan.com\/en\/urun\/motor-toplama-sehpasi-mts1\/","name":"Motor Toplama Sehpas\u0131 MTS1 - G\u00fclersan Ya\u011flama Cihazlar\u0131","isPartOf":{"@id":"https:\/\/www.gulersan.com\/en\/#website"},"primaryImageOfPage":{"@id":"https:\/\/www.gulersan.com\/en\/urun\/motor-toplama-sehpasi-mts1\/#primaryimage"},"image":{"@id":"https:\/\/www.gulersan.com\/en\/urun\/motor-toplama-sehpasi-mts1\/#primaryimage"},"thumbnailUrl":"https:\/\/www.gulersan.com\/wp-content\/uploads\/2026\/05\/gls-mts1-motor-toplama-sehpasi.jpg","datePublished":"2026-05-05T13:09:42+00:00","dateModified":"2026-05-05T13:09:54+00:00","breadcrumb":{"@id":"https:\/\/www.gulersan.com\/en\/urun\/motor-toplama-sehpasi-mts1\/#breadcrumb"},"inLanguage":"en-US","potentialAction":[{"@type":"ReadAction","target":["https:\/\/www.gulersan.com\/en\/urun\/motor-toplama-sehpasi-mts1\/"]}]},{"@type":"ImageObject","inLanguage":"en-US","@id":"https:\/\/www.gulersan.com\/en\/urun\/motor-toplama-sehpasi-mts1\/#primaryimage","url":"https:\/\/www.gulersan.com\/wp-content\/uploads\/2026\/05\/gls-mts1-motor-toplama-sehpasi.jpg","contentUrl":"https:\/\/www.gulersan.com\/wp-content\/uploads\/2026\/05\/gls-mts1-motor-toplama-sehpasi.jpg","width":500,"height":500},{"@type":"BreadcrumbList","@id":"https:\/\/www.gulersan.com\/en\/urun\/motor-toplama-sehpasi-mts1\/#breadcrumb","itemListElement":[{"@type":"ListItem","position":1,"name":"Anasayfa","item":"https:\/\/www.gulersan.com\/en\/"},{"@type":"ListItem","position":2,"name":"\/","item":"https:\/\/www.gulersan.com\/shop\/"},{"@type":"ListItem","position":3,"name":"GLS Garaj Ekipmanlar\u0131","item":"https:\/\/www.gulersan.com\/en\/urun-kategori\/gls-garaj-ekipmanlari\/"},{"@type":"ListItem","position":4,"name":"Otomotiv Servis Ekipmanlar\u0131","item":"https:\/\/www.gulersan.com\/en\/urun-kategori\/gls-garaj-ekipmanlari\/otomotiv-servis-ekipmanlari\/"},{"@type":"ListItem","position":5,"name":"Motor Toplama Sehpalar\u0131","item":"https:\/\/www.gulersan.com\/en\/urun-kategori\/gls-garaj-ekipmanlari\/otomotiv-servis-ekipmanlari\/motor-toplama-sehpalari\/"},{"@type":"ListItem","position":6,"name":"Motor Toplama Sehpas\u0131 MTS1"}]},{"@type":"WebSite","@id":"https:\/\/www.gulersan.com\/en\/#website","url":"https:\/\/www.gulersan.com\/en\/","name":"G\u00fclersan Ya\u011flama Cihazlar\u0131","description":"Ya\u011flama Makinesi | Haval\u0131 Gres Pompas\u0131 | Ya\u011flama Pompas\u0131 | Ya\u011f \u00c7ekme Pompas\u0131","publisher":{"@id":"https:\/\/www.gulersan.com\/en\/#organization"},"potentialAction":[{"@type":"SearchAction","target":{"@type":"EntryPoint","urlTemplate":"https:\/\/www.gulersan.com\/en\/?s={search_term_string}"},"query-input":{"@type":"PropertyValueSpecification","valueRequired":true,"valueName":"search_term_string"}}],"inLanguage":"en-US"},{"@type":"Organization","@id":"https:\/\/www.gulersan.com\/en\/#organization","name":"G\u00fclersan Ya\u011flama Cihazlar\u0131","url":"https:\/\/www.gulersan.com\/en\/","logo":{"@type":"ImageObject","inLanguage":"en-US","@id":"https:\/\/www.gulersan.com\/en\/#\/schema\/logo\/image\/","url":"https:\/\/www.gulersan.com\/wp-content\/uploads\/2021\/01\/gulersan-logo-tr.png","contentUrl":"https:\/\/www.gulersan.com\/wp-content\/uploads\/2021\/01\/gulersan-logo-tr.png","width":1242,"height":302,"caption":"G\u00fclersan Ya\u011flama Cihazlar\u0131"},"image":{"@id":"https:\/\/www.gulersan.com\/en\/#\/schema\/logo\/image\/"}}]}},"_links":{"self":[{"href":"https:\/\/www.gulersan.com\/en\/wp-json\/wp\/v2\/product\/15688","targetHints":{"allow":["GET"]}}],"collection":[{"href":"https:\/\/www.gulersan.com\/en\/wp-json\/wp\/v2\/product"}],"about":[{"href":"https:\/\/www.gulersan.com\/en\/wp-json\/wp\/v2\/types\/product"}],"replies":[{"embeddable":true,"href":"https:\/\/www.gulersan.com\/en\/wp-json\/wp\/v2\/comments?post=15688"}],"wp:featuredmedia":[{"embeddable":true,"href":"https:\/\/www.gulersan.com\/en\/wp-json\/wp\/v2\/media\/15689"}],"wp:attachment":[{"href":"https:\/\/www.gulersan.com\/en\/wp-json\/wp\/v2\/media?parent=15688"}],"wp:term":[{"taxonomy":"product_brand","embeddable":true,"href":"https:\/\/www.gulersan.com\/en\/wp-json\/wp\/v2\/product_brand?post=15688"},{"taxonomy":"product_cat","embeddable":true,"href":"https:\/\/www.gulersan.com\/en\/wp-json\/wp\/v2\/product_cat?post=15688"},{"taxonomy":"product_tag","embeddable":true,"href":"https:\/\/www.gulersan.com\/en\/wp-json\/wp\/v2\/product_tag?post=15688"}],"curies":[{"name":"wp","href":"https:\/\/api.w.org\/{rel}","templated":true}]}}