{"id":15690,"date":"2026-05-05T16:09:42","date_gmt":"2026-05-05T13:09:42","guid":{"rendered":"https:\/\/www.gulersan.com\/urun\/tamirci-kizagi-ortopedik-tk6\/"},"modified":"2026-05-05T16:09:56","modified_gmt":"2026-05-05T13:09:56","slug":"tamirci-kizagi-ortopedik-tk6","status":"publish","type":"product","link":"https:\/\/www.gulersan.com\/en\/urun\/tamirci-kizagi-ortopedik-tk6\/","title":{"rendered":"Tamirci K\u0131za\u011f\u0131 Ortopedik TK6"},"content":{"rendered":"<h2 style=\"text-align: left;\"><span style=\"color: #000080;\"><strong>Tamirci K\u0131za\u011f\u0131 Ortopedik TK6<\/strong><\/span><\/h2>\n<div>\n<p><span style=\"font-size: 120%;\"><strong><img loading=\"lazy\" decoding=\"async\" class=\"alignnone wp-image-12531\" src=\"https:\/\/www.glsgaraj.com\/wp-content\/uploads\/2021\/06\/konuiciikon.png\" alt=\"\" width=\"18\" height=\"19\" \/> \u00dcr\u00fcn \u00d6zellikleri<\/strong><\/span><\/p>\n<p><img loading=\"lazy\" decoding=\"async\" class=\"alignnone wp-image-12535\" src=\"https:\/\/www.glsgaraj.com\/wp-content\/uploads\/2021\/06\/tikisareti-1.png\" alt=\"\" width=\"18\" height=\"16\" \/> Kolay manevra i\u00e7in alt\u0131 adet, ya\u011flara dayan\u0131kl\u0131, geni\u015f tekerlek<br \/>\n<img loading=\"lazy\" decoding=\"async\" class=\"alignnone wp-image-12535\" src=\"https:\/\/www.glsgaraj.com\/wp-content\/uploads\/2021\/06\/tikisareti-1.png\" alt=\"\" width=\"18\" height=\"16\" \/> Rahat kullan\u0131m i\u00e7in ya\u011flara dayan\u0131kl\u0131 dolgulu s\u00fcnger ba\u015fl\u0131k<br \/>\n<img loading=\"lazy\" decoding=\"async\" class=\"alignnone wp-image-12535\" src=\"https:\/\/www.glsgaraj.com\/wp-content\/uploads\/2021\/06\/tikisareti-1.png\" alt=\"\" width=\"18\" height=\"16\" \/> Kolay eri\u015fim i\u00e7in k\u0131za\u011f\u0131n iki yan\u0131na entegre avadanl\u0131k hazneleri<br \/>\n<img loading=\"lazy\" decoding=\"async\" class=\"alignnone wp-image-12535\" src=\"https:\/\/www.glsgaraj.com\/wp-content\/uploads\/2021\/06\/tikisareti-1.png\" alt=\"\" width=\"18\" height=\"16\" \/> \u00dcr\u00fcn Boyutu: 101\u00d747\u00d713 Cm<br \/>\n<img loading=\"lazy\" decoding=\"async\" class=\"alignnone wp-image-12535\" src=\"https:\/\/www.glsgaraj.com\/wp-content\/uploads\/2021\/06\/tikisareti-1.png\" alt=\"\" width=\"18\" height=\"16\" \/> A\u011f\u0131rl\u0131k : 5 Kg<\/p>\n<\/div>\n","protected":false},"excerpt":{"rendered":"<p>Tamirci K\u0131za\u011f\u0131 Ortopedik TK6 \u00dcr\u00fcn \u00d6zellikleri Kolay manevra i\u00e7in alt\u0131 adet, ya\u011flara dayan\u0131kl\u0131, geni\u015f tekerlek Rahat kullan\u0131m i\u00e7in ya\u011flara dayan\u0131kl\u0131 dolgulu s\u00fcnger ba\u015fl\u0131k Kolay eri\u015fim i\u00e7in k\u0131za\u011f\u0131n iki yan\u0131na entegre avadanl\u0131k hazneleri \u00dcr\u00fcn Boyutu: 101\u00d747\u00d713 Cm A\u011f\u0131rl\u0131k : 5 Kg<\/p>\n","protected":false},"featured_media":15691,"comment_status":"closed","ping_status":"open","template":"","meta":[],"product_brand":[],"product_cat":[1428,1434],"product_tag":[],"class_list":{"0":"post-15690","1":"product","2":"type-product","3":"status-publish","4":"has-post-thumbnail","6":"product_cat-otomotiv-servis-ekipmanlari","7":"product_cat-tamirci-kizaklari","9":"first","10":"instock","11":"product-type-simple"},"yoast_head":"<!-- This site is optimized with the Yoast SEO plugin v27.6 - https:\/\/yoast.com\/product\/yoast-seo-wordpress\/ -->\n<title>Tamirci K\u0131za\u011f\u0131 Ortopedik TK6 - G\u00fclersan Ya\u011flama Cihazlar\u0131<\/title>\n<meta name=\"robots\" content=\"index, follow, max-snippet:-1, max-image-preview:large, max-video-preview:-1\" \/>\n<link rel=\"canonical\" href=\"https:\/\/www.gulersan.com\/en\/urun\/tamirci-kizagi-ortopedik-tk6\/\" \/>\n<meta property=\"og:locale\" content=\"en_US\" \/>\n<meta property=\"og:type\" content=\"article\" \/>\n<meta property=\"og:title\" content=\"Tamirci K\u0131za\u011f\u0131 Ortopedik TK6 - G\u00fclersan Ya\u011flama Cihazlar\u0131\" \/>\n<meta property=\"og:description\" content=\"Tamirci K\u0131za\u011f\u0131 Ortopedik TK6 \u00dcr\u00fcn \u00d6zellikleri Kolay manevra i\u00e7in alt\u0131 adet, ya\u011flara dayan\u0131kl\u0131, geni\u015f tekerlek Rahat kullan\u0131m i\u00e7in ya\u011flara dayan\u0131kl\u0131 dolgulu s\u00fcnger ba\u015fl\u0131k Kolay eri\u015fim i\u00e7in k\u0131za\u011f\u0131n iki yan\u0131na entegre avadanl\u0131k hazneleri \u00dcr\u00fcn Boyutu: 101\u00d747\u00d713 Cm A\u011f\u0131rl\u0131k : 5 Kg\" \/>\n<meta property=\"og:url\" content=\"https:\/\/www.gulersan.com\/en\/urun\/tamirci-kizagi-ortopedik-tk6\/\" \/>\n<meta property=\"og:site_name\" content=\"G\u00fclersan Ya\u011flama Cihazlar\u0131\" \/>\n<meta property=\"article:modified_time\" content=\"2026-05-05T13:09:56+00:00\" \/>\n<meta property=\"og:image\" content=\"https:\/\/www.gulersan.com\/wp-content\/uploads\/2026\/05\/glsgaraj-tk6-700x700w.jpg\" \/>\n\t<meta property=\"og:image:width\" content=\"700\" \/>\n\t<meta property=\"og:image:height\" content=\"700\" \/>\n\t<meta property=\"og:image:type\" content=\"image\/jpeg\" \/>\n<meta name=\"twitter:card\" content=\"summary_large_image\" \/>\n<script type=\"application\/ld+json\" class=\"yoast-schema-graph\">{\"@context\":\"https:\\\/\\\/schema.org\",\"@graph\":[{\"@type\":\"WebPage\",\"@id\":\"https:\\\/\\\/www.gulersan.com\\\/en\\\/urun\\\/tamirci-kizagi-ortopedik-tk6\\\/\",\"url\":\"https:\\\/\\\/www.gulersan.com\\\/en\\\/urun\\\/tamirci-kizagi-ortopedik-tk6\\\/\",\"name\":\"Tamirci K\u0131za\u011f\u0131 Ortopedik TK6 - G\u00fclersan Ya\u011flama Cihazlar\u0131\",\"isPartOf\":{\"@id\":\"https:\\\/\\\/www.gulersan.com\\\/en\\\/#website\"},\"primaryImageOfPage\":{\"@id\":\"https:\\\/\\\/www.gulersan.com\\\/en\\\/urun\\\/tamirci-kizagi-ortopedik-tk6\\\/#primaryimage\"},\"image\":{\"@id\":\"https:\\\/\\\/www.gulersan.com\\\/en\\\/urun\\\/tamirci-kizagi-ortopedik-tk6\\\/#primaryimage\"},\"thumbnailUrl\":\"https:\\\/\\\/www.gulersan.com\\\/wp-content\\\/uploads\\\/2026\\\/05\\\/glsgaraj-tk6-700x700w.jpg\",\"datePublished\":\"2026-05-05T13:09:42+00:00\",\"dateModified\":\"2026-05-05T13:09:56+00:00\",\"breadcrumb\":{\"@id\":\"https:\\\/\\\/www.gulersan.com\\\/en\\\/urun\\\/tamirci-kizagi-ortopedik-tk6\\\/#breadcrumb\"},\"inLanguage\":\"en-US\",\"potentialAction\":[{\"@type\":\"ReadAction\",\"target\":[\"https:\\\/\\\/www.gulersan.com\\\/en\\\/urun\\\/tamirci-kizagi-ortopedik-tk6\\\/\"]}]},{\"@type\":\"ImageObject\",\"inLanguage\":\"en-US\",\"@id\":\"https:\\\/\\\/www.gulersan.com\\\/en\\\/urun\\\/tamirci-kizagi-ortopedik-tk6\\\/#primaryimage\",\"url\":\"https:\\\/\\\/www.gulersan.com\\\/wp-content\\\/uploads\\\/2026\\\/05\\\/glsgaraj-tk6-700x700w.jpg\",\"contentUrl\":\"https:\\\/\\\/www.gulersan.com\\\/wp-content\\\/uploads\\\/2026\\\/05\\\/glsgaraj-tk6-700x700w.jpg\",\"width\":700,\"height\":700},{\"@type\":\"BreadcrumbList\",\"@id\":\"https:\\\/\\\/www.gulersan.com\\\/en\\\/urun\\\/tamirci-kizagi-ortopedik-tk6\\\/#breadcrumb\",\"itemListElement\":[{\"@type\":\"ListItem\",\"position\":1,\"name\":\"Anasayfa\",\"item\":\"https:\\\/\\\/www.gulersan.com\\\/en\\\/\"},{\"@type\":\"ListItem\",\"position\":2,\"name\":\"\\\/\",\"item\":\"https:\\\/\\\/www.gulersan.com\\\/shop\\\/\"},{\"@type\":\"ListItem\",\"position\":3,\"name\":\"GLS Garaj Ekipmanlar\u0131\",\"item\":\"https:\\\/\\\/www.gulersan.com\\\/en\\\/urun-kategori\\\/gls-garaj-ekipmanlari\\\/\"},{\"@type\":\"ListItem\",\"position\":4,\"name\":\"Otomotiv Servis Ekipmanlar\u0131\",\"item\":\"https:\\\/\\\/www.gulersan.com\\\/en\\\/urun-kategori\\\/gls-garaj-ekipmanlari\\\/otomotiv-servis-ekipmanlari\\\/\"},{\"@type\":\"ListItem\",\"position\":5,\"name\":\"Tamirci K\u0131zaklar\u0131\",\"item\":\"https:\\\/\\\/www.gulersan.com\\\/en\\\/urun-kategori\\\/gls-garaj-ekipmanlari\\\/otomotiv-servis-ekipmanlari\\\/tamirci-kizaklari\\\/\"},{\"@type\":\"ListItem\",\"position\":6,\"name\":\"Tamirci K\u0131za\u011f\u0131 Ortopedik TK6\"}]},{\"@type\":\"WebSite\",\"@id\":\"https:\\\/\\\/www.gulersan.com\\\/en\\\/#website\",\"url\":\"https:\\\/\\\/www.gulersan.com\\\/en\\\/\",\"name\":\"G\u00fclersan Ya\u011flama Cihazlar\u0131\",\"description\":\"Ya\u011flama Makinesi | Haval\u0131 Gres Pompas\u0131 | Ya\u011flama Pompas\u0131 | Ya\u011f \u00c7ekme Pompas\u0131\",\"publisher\":{\"@id\":\"https:\\\/\\\/www.gulersan.com\\\/en\\\/#organization\"},\"potentialAction\":[{\"@type\":\"SearchAction\",\"target\":{\"@type\":\"EntryPoint\",\"urlTemplate\":\"https:\\\/\\\/www.gulersan.com\\\/en\\\/?s={search_term_string}\"},\"query-input\":{\"@type\":\"PropertyValueSpecification\",\"valueRequired\":true,\"valueName\":\"search_term_string\"}}],\"inLanguage\":\"en-US\"},{\"@type\":\"Organization\",\"@id\":\"https:\\\/\\\/www.gulersan.com\\\/en\\\/#organization\",\"name\":\"G\u00fclersan Ya\u011flama Cihazlar\u0131\",\"url\":\"https:\\\/\\\/www.gulersan.com\\\/en\\\/\",\"logo\":{\"@type\":\"ImageObject\",\"inLanguage\":\"en-US\",\"@id\":\"https:\\\/\\\/www.gulersan.com\\\/en\\\/#\\\/schema\\\/logo\\\/image\\\/\",\"url\":\"https:\\\/\\\/www.gulersan.com\\\/wp-content\\\/uploads\\\/2021\\\/01\\\/gulersan-logo-tr.png\",\"contentUrl\":\"https:\\\/\\\/www.gulersan.com\\\/wp-content\\\/uploads\\\/2021\\\/01\\\/gulersan-logo-tr.png\",\"width\":1242,\"height\":302,\"caption\":\"G\u00fclersan Ya\u011flama Cihazlar\u0131\"},\"image\":{\"@id\":\"https:\\\/\\\/www.gulersan.com\\\/en\\\/#\\\/schema\\\/logo\\\/image\\\/\"}}]}<\/script>\n<!-- \/ Yoast SEO plugin. -->","yoast_head_json":{"title":"Tamirci K\u0131za\u011f\u0131 Ortopedik TK6 - G\u00fclersan Ya\u011flama Cihazlar\u0131","robots":{"index":"index","follow":"follow","max-snippet":"max-snippet:-1","max-image-preview":"max-image-preview:large","max-video-preview":"max-video-preview:-1"},"canonical":"https:\/\/www.gulersan.com\/en\/urun\/tamirci-kizagi-ortopedik-tk6\/","og_locale":"en_US","og_type":"article","og_title":"Tamirci K\u0131za\u011f\u0131 Ortopedik TK6 - G\u00fclersan Ya\u011flama Cihazlar\u0131","og_description":"Tamirci K\u0131za\u011f\u0131 Ortopedik TK6 \u00dcr\u00fcn \u00d6zellikleri Kolay manevra i\u00e7in alt\u0131 adet, ya\u011flara dayan\u0131kl\u0131, geni\u015f tekerlek Rahat kullan\u0131m i\u00e7in ya\u011flara dayan\u0131kl\u0131 dolgulu s\u00fcnger ba\u015fl\u0131k Kolay eri\u015fim i\u00e7in k\u0131za\u011f\u0131n iki yan\u0131na entegre avadanl\u0131k hazneleri \u00dcr\u00fcn Boyutu: 101\u00d747\u00d713 Cm A\u011f\u0131rl\u0131k : 5 Kg","og_url":"https:\/\/www.gulersan.com\/en\/urun\/tamirci-kizagi-ortopedik-tk6\/","og_site_name":"G\u00fclersan Ya\u011flama Cihazlar\u0131","article_modified_time":"2026-05-05T13:09:56+00:00","og_image":[{"width":700,"height":700,"url":"https:\/\/www.gulersan.com\/wp-content\/uploads\/2026\/05\/glsgaraj-tk6-700x700w.jpg","type":"image\/jpeg"}],"twitter_card":"summary_large_image","schema":{"@context":"https:\/\/schema.org","@graph":[{"@type":"WebPage","@id":"https:\/\/www.gulersan.com\/en\/urun\/tamirci-kizagi-ortopedik-tk6\/","url":"https:\/\/www.gulersan.com\/en\/urun\/tamirci-kizagi-ortopedik-tk6\/","name":"Tamirci K\u0131za\u011f\u0131 Ortopedik TK6 - G\u00fclersan Ya\u011flama Cihazlar\u0131","isPartOf":{"@id":"https:\/\/www.gulersan.com\/en\/#website"},"primaryImageOfPage":{"@id":"https:\/\/www.gulersan.com\/en\/urun\/tamirci-kizagi-ortopedik-tk6\/#primaryimage"},"image":{"@id":"https:\/\/www.gulersan.com\/en\/urun\/tamirci-kizagi-ortopedik-tk6\/#primaryimage"},"thumbnailUrl":"https:\/\/www.gulersan.com\/wp-content\/uploads\/2026\/05\/glsgaraj-tk6-700x700w.jpg","datePublished":"2026-05-05T13:09:42+00:00","dateModified":"2026-05-05T13:09:56+00:00","breadcrumb":{"@id":"https:\/\/www.gulersan.com\/en\/urun\/tamirci-kizagi-ortopedik-tk6\/#breadcrumb"},"inLanguage":"en-US","potentialAction":[{"@type":"ReadAction","target":["https:\/\/www.gulersan.com\/en\/urun\/tamirci-kizagi-ortopedik-tk6\/"]}]},{"@type":"ImageObject","inLanguage":"en-US","@id":"https:\/\/www.gulersan.com\/en\/urun\/tamirci-kizagi-ortopedik-tk6\/#primaryimage","url":"https:\/\/www.gulersan.com\/wp-content\/uploads\/2026\/05\/glsgaraj-tk6-700x700w.jpg","contentUrl":"https:\/\/www.gulersan.com\/wp-content\/uploads\/2026\/05\/glsgaraj-tk6-700x700w.jpg","width":700,"height":700},{"@type":"BreadcrumbList","@id":"https:\/\/www.gulersan.com\/en\/urun\/tamirci-kizagi-ortopedik-tk6\/#breadcrumb","itemListElement":[{"@type":"ListItem","position":1,"name":"Anasayfa","item":"https:\/\/www.gulersan.com\/en\/"},{"@type":"ListItem","position":2,"name":"\/","item":"https:\/\/www.gulersan.com\/shop\/"},{"@type":"ListItem","position":3,"name":"GLS Garaj Ekipmanlar\u0131","item":"https:\/\/www.gulersan.com\/en\/urun-kategori\/gls-garaj-ekipmanlari\/"},{"@type":"ListItem","position":4,"name":"Otomotiv Servis Ekipmanlar\u0131","item":"https:\/\/www.gulersan.com\/en\/urun-kategori\/gls-garaj-ekipmanlari\/otomotiv-servis-ekipmanlari\/"},{"@type":"ListItem","position":5,"name":"Tamirci K\u0131zaklar\u0131","item":"https:\/\/www.gulersan.com\/en\/urun-kategori\/gls-garaj-ekipmanlari\/otomotiv-servis-ekipmanlari\/tamirci-kizaklari\/"},{"@type":"ListItem","position":6,"name":"Tamirci K\u0131za\u011f\u0131 Ortopedik TK6"}]},{"@type":"WebSite","@id":"https:\/\/www.gulersan.com\/en\/#website","url":"https:\/\/www.gulersan.com\/en\/","name":"G\u00fclersan Ya\u011flama Cihazlar\u0131","description":"Ya\u011flama Makinesi | Haval\u0131 Gres Pompas\u0131 | Ya\u011flama Pompas\u0131 | Ya\u011f \u00c7ekme Pompas\u0131","publisher":{"@id":"https:\/\/www.gulersan.com\/en\/#organization"},"potentialAction":[{"@type":"SearchAction","target":{"@type":"EntryPoint","urlTemplate":"https:\/\/www.gulersan.com\/en\/?s={search_term_string}"},"query-input":{"@type":"PropertyValueSpecification","valueRequired":true,"valueName":"search_term_string"}}],"inLanguage":"en-US"},{"@type":"Organization","@id":"https:\/\/www.gulersan.com\/en\/#organization","name":"G\u00fclersan Ya\u011flama Cihazlar\u0131","url":"https:\/\/www.gulersan.com\/en\/","logo":{"@type":"ImageObject","inLanguage":"en-US","@id":"https:\/\/www.gulersan.com\/en\/#\/schema\/logo\/image\/","url":"https:\/\/www.gulersan.com\/wp-content\/uploads\/2021\/01\/gulersan-logo-tr.png","contentUrl":"https:\/\/www.gulersan.com\/wp-content\/uploads\/2021\/01\/gulersan-logo-tr.png","width":1242,"height":302,"caption":"G\u00fclersan Ya\u011flama Cihazlar\u0131"},"image":{"@id":"https:\/\/www.gulersan.com\/en\/#\/schema\/logo\/image\/"}}]}},"_links":{"self":[{"href":"https:\/\/www.gulersan.com\/en\/wp-json\/wp\/v2\/product\/15690","targetHints":{"allow":["GET"]}}],"collection":[{"href":"https:\/\/www.gulersan.com\/en\/wp-json\/wp\/v2\/product"}],"about":[{"href":"https:\/\/www.gulersan.com\/en\/wp-json\/wp\/v2\/types\/product"}],"replies":[{"embeddable":true,"href":"https:\/\/www.gulersan.com\/en\/wp-json\/wp\/v2\/comments?post=15690"}],"wp:featuredmedia":[{"embeddable":true,"href":"https:\/\/www.gulersan.com\/en\/wp-json\/wp\/v2\/media\/15691"}],"wp:attachment":[{"href":"https:\/\/www.gulersan.com\/en\/wp-json\/wp\/v2\/media?parent=15690"}],"wp:term":[{"taxonomy":"product_brand","embeddable":true,"href":"https:\/\/www.gulersan.com\/en\/wp-json\/wp\/v2\/product_brand?post=15690"},{"taxonomy":"product_cat","embeddable":true,"href":"https:\/\/www.gulersan.com\/en\/wp-json\/wp\/v2\/product_cat?post=15690"},{"taxonomy":"product_tag","embeddable":true,"href":"https:\/\/www.gulersan.com\/en\/wp-json\/wp\/v2\/product_tag?post=15690"}],"curies":[{"name":"wp","href":"https:\/\/api.w.org\/{rel}","templated":true}]}}