{"id":15698,"date":"2026-05-05T16:09:42","date_gmt":"2026-05-05T13:09:42","guid":{"rendered":"https:\/\/www.gulersan.com\/urun\/mazot-aktarma-pompasi-pa2-100\/"},"modified":"2026-05-05T16:10:04","modified_gmt":"2026-05-05T13:10:04","slug":"mazot-aktarma-pompasi-pa2-100","status":"publish","type":"product","link":"https:\/\/www.gulersan.com\/en\/urun\/mazot-aktarma-pompasi-pa2-100\/","title":{"rendered":"Mazot Aktarma Pompas\u0131 PA2 100"},"content":{"rendered":"<h2 style=\"text-align: left;\"><span style=\"color: #000080;\"><strong>Mazot Aktarma Pompas\u0131 PA2 100<\/strong><\/span><\/h2>\n<div>\n<p><span style=\"font-size: 120%;\"><strong><img loading=\"lazy\" decoding=\"async\" class=\"alignnone wp-image-12531\" src=\"https:\/\/www.glsgaraj.com\/wp-content\/uploads\/2021\/06\/konuiciikon.png\" alt=\"\" width=\"18\" height=\"19\" \/> Teknik \u00d6zellikleri<\/strong><\/span><\/p>\n<p><img loading=\"lazy\" decoding=\"async\" class=\"alignnone wp-image-12535\" src=\"https:\/\/www.glsgaraj.com\/wp-content\/uploads\/2021\/06\/tikisareti-1.png\" alt=\"\" width=\"20\" height=\"18\" \/> Verim : 100 Lt \/ Dk<br \/>\n<img loading=\"lazy\" decoding=\"async\" class=\"alignnone wp-image-12535\" src=\"https:\/\/www.glsgaraj.com\/wp-content\/uploads\/2021\/06\/tikisareti-1.png\" alt=\"\" width=\"20\" height=\"18\" \/> Voltaj : 230 V<br \/>\n<img loading=\"lazy\" decoding=\"async\" class=\"alignnone wp-image-12535\" src=\"https:\/\/www.glsgaraj.com\/wp-content\/uploads\/2021\/06\/tikisareti-1.png\" alt=\"\" width=\"20\" height=\"18\" \/> Giri\u015f &#8211; \u00c7\u0131k\u0131\u015f : 1&#8243; F<br \/>\n<img loading=\"lazy\" decoding=\"async\" class=\"alignnone wp-image-12535\" src=\"https:\/\/www.glsgaraj.com\/wp-content\/uploads\/2021\/06\/tikisareti-1.png\" alt=\"\" width=\"20\" height=\"18\" \/> Maksimum Bas\u0131n\u00e7 : 2.5 Bar<br \/>\n<img loading=\"lazy\" decoding=\"async\" class=\"alignnone wp-image-12535\" src=\"https:\/\/www.glsgaraj.com\/wp-content\/uploads\/2021\/06\/tikisareti-1.png\" alt=\"\" width=\"20\" height=\"18\" \/> Koruma S\u0131n\u0131f\u0131 : IP55<br \/>\n<img loading=\"lazy\" decoding=\"async\" class=\"alignnone wp-image-12535\" src=\"https:\/\/www.glsgaraj.com\/wp-content\/uploads\/2021\/06\/tikisareti-1.png\" alt=\"\" width=\"20\" height=\"18\" \/> Conta Malzemesi : NBR<br \/>\n<img loading=\"lazy\" decoding=\"async\" class=\"alignnone wp-image-12535\" src=\"https:\/\/www.glsgaraj.com\/wp-content\/uploads\/2021\/06\/tikisareti-1.png\" alt=\"\" width=\"20\" height=\"18\" \/> Kablo : 2 Mt<\/p>\n<p><span style=\"font-size: 120%;\"><strong><img loading=\"lazy\" decoding=\"async\" class=\"alignnone wp-image-12531\" src=\"https:\/\/www.glsgaraj.com\/wp-content\/uploads\/2021\/06\/konuiciikon.png\" alt=\"\" width=\"18\" height=\"19\" \/> \u00dcr\u00fcn \u00d6zellikleri<\/strong><\/span><br \/>\nDizel yak\u0131t transferi i\u00e7in hacimsel kendinden emi\u015fli elektrikli kanatl\u0131 pompa. IP55 korumal\u0131, F s\u0131n\u0131f\u0131 yal\u0131t\u0131ml\u0131 ve sarg\u0131ya yerle\u015ftirilmi\u015f termal a\u015f\u0131r\u0131 y\u00fck korumal\u0131 kendinden havaland\u0131rmal\u0131 tek fazl\u0131 motorla donat\u0131lm\u0131\u015ft\u0131r. Bypass valfi ve paslanmaz \u00e7elik filtre entegre edilmi\u015ftir. Pompa g\u00f6vdesi, sinterlenmi\u015f \u00e7elik \u00e7ark ve asetal re\u00e7ine kanatlar\u0131 ile tamamlanm\u0131\u015f, korozyon \u00f6nleyici boya i\u015flemine sahip d\u00f6kme demirden yap\u0131lm\u0131\u015ft\u0131r<\/p>\n<\/div>\n","protected":false},"excerpt":{"rendered":"<p>Mazot Aktarma Pompas\u0131 PA2 100 Teknik \u00d6zellikleri Verim : 100 Lt \/ Dk Voltaj : 230 V Giri\u015f &#8211; \u00c7\u0131k\u0131\u015f : 1&#8243; F Maksimum Bas\u0131n\u00e7 : 2.5 Bar Koruma S\u0131n\u0131f\u0131 : IP55 Conta Malzemesi : NBR Kablo : 2 Mt \u00dcr\u00fcn \u00d6zellikleri Dizel yak\u0131t transferi i\u00e7in hacimsel kendinden emi\u015fli elektrikli kanatl\u0131 pompa. IP55 korumal\u0131, F<\/p>\n","protected":false},"featured_media":15699,"comment_status":"closed","ping_status":"open","template":"","meta":[],"product_brand":[],"product_cat":[1401,1403],"product_tag":[],"class_list":{"0":"post-15698","1":"product","2":"type-product","3":"status-publish","4":"has-post-thumbnail","6":"product_cat-mazot-pompa-ve-sayaclari","7":"product_cat-mazot-transfer-pompalari","9":"first","10":"instock","11":"product-type-simple"},"yoast_head":"<!-- This site is optimized with the Yoast SEO plugin v27.6 - https:\/\/yoast.com\/product\/yoast-seo-wordpress\/ -->\n<title>Mazot Aktarma Pompas\u0131 PA2 100 - G\u00fclersan Ya\u011flama Cihazlar\u0131<\/title>\n<meta name=\"robots\" content=\"index, follow, max-snippet:-1, max-image-preview:large, max-video-preview:-1\" \/>\n<link rel=\"canonical\" href=\"https:\/\/www.gulersan.com\/en\/urun\/mazot-aktarma-pompasi-pa2-100\/\" \/>\n<meta property=\"og:locale\" content=\"en_US\" \/>\n<meta property=\"og:type\" content=\"article\" \/>\n<meta property=\"og:title\" content=\"Mazot Aktarma Pompas\u0131 PA2 100 - G\u00fclersan Ya\u011flama Cihazlar\u0131\" \/>\n<meta property=\"og:description\" content=\"Mazot Aktarma Pompas\u0131 PA2 100 Teknik \u00d6zellikleri Verim : 100 Lt \/ Dk Voltaj : 230 V Giri\u015f &#8211; \u00c7\u0131k\u0131\u015f : 1&#8243; F Maksimum Bas\u0131n\u00e7 : 2.5 Bar Koruma S\u0131n\u0131f\u0131 : IP55 Conta Malzemesi : NBR Kablo : 2 Mt \u00dcr\u00fcn \u00d6zellikleri Dizel yak\u0131t transferi i\u00e7in hacimsel kendinden emi\u015fli elektrikli kanatl\u0131 pompa. IP55 korumal\u0131, F\" \/>\n<meta property=\"og:url\" content=\"https:\/\/www.gulersan.com\/en\/urun\/mazot-aktarma-pompasi-pa2-100\/\" \/>\n<meta property=\"og:site_name\" content=\"G\u00fclersan Ya\u011flama Cihazlar\u0131\" \/>\n<meta property=\"article:modified_time\" content=\"2026-05-05T13:10:04+00:00\" \/>\n<meta property=\"og:image\" content=\"https:\/\/www.gulersan.com\/wp-content\/uploads\/2026\/05\/adam-pumps-pa2-100.png\" \/>\n\t<meta property=\"og:image:width\" content=\"591\" \/>\n\t<meta property=\"og:image:height\" content=\"573\" \/>\n\t<meta property=\"og:image:type\" content=\"image\/png\" \/>\n<meta name=\"twitter:card\" content=\"summary_large_image\" \/>\n<meta name=\"twitter:label1\" content=\"Est. reading time\" \/>\n\t<meta name=\"twitter:data1\" content=\"1 minute\" \/>\n<script type=\"application\/ld+json\" class=\"yoast-schema-graph\">{\"@context\":\"https:\\\/\\\/schema.org\",\"@graph\":[{\"@type\":\"WebPage\",\"@id\":\"https:\\\/\\\/www.gulersan.com\\\/en\\\/urun\\\/mazot-aktarma-pompasi-pa2-100\\\/\",\"url\":\"https:\\\/\\\/www.gulersan.com\\\/en\\\/urun\\\/mazot-aktarma-pompasi-pa2-100\\\/\",\"name\":\"Mazot Aktarma Pompas\u0131 PA2 100 - G\u00fclersan Ya\u011flama Cihazlar\u0131\",\"isPartOf\":{\"@id\":\"https:\\\/\\\/www.gulersan.com\\\/en\\\/#website\"},\"primaryImageOfPage\":{\"@id\":\"https:\\\/\\\/www.gulersan.com\\\/en\\\/urun\\\/mazot-aktarma-pompasi-pa2-100\\\/#primaryimage\"},\"image\":{\"@id\":\"https:\\\/\\\/www.gulersan.com\\\/en\\\/urun\\\/mazot-aktarma-pompasi-pa2-100\\\/#primaryimage\"},\"thumbnailUrl\":\"https:\\\/\\\/www.gulersan.com\\\/wp-content\\\/uploads\\\/2026\\\/05\\\/adam-pumps-pa2-100.png\",\"datePublished\":\"2026-05-05T13:09:42+00:00\",\"dateModified\":\"2026-05-05T13:10:04+00:00\",\"breadcrumb\":{\"@id\":\"https:\\\/\\\/www.gulersan.com\\\/en\\\/urun\\\/mazot-aktarma-pompasi-pa2-100\\\/#breadcrumb\"},\"inLanguage\":\"en-US\",\"potentialAction\":[{\"@type\":\"ReadAction\",\"target\":[\"https:\\\/\\\/www.gulersan.com\\\/en\\\/urun\\\/mazot-aktarma-pompasi-pa2-100\\\/\"]}]},{\"@type\":\"ImageObject\",\"inLanguage\":\"en-US\",\"@id\":\"https:\\\/\\\/www.gulersan.com\\\/en\\\/urun\\\/mazot-aktarma-pompasi-pa2-100\\\/#primaryimage\",\"url\":\"https:\\\/\\\/www.gulersan.com\\\/wp-content\\\/uploads\\\/2026\\\/05\\\/adam-pumps-pa2-100.png\",\"contentUrl\":\"https:\\\/\\\/www.gulersan.com\\\/wp-content\\\/uploads\\\/2026\\\/05\\\/adam-pumps-pa2-100.png\",\"width\":591,\"height\":573},{\"@type\":\"BreadcrumbList\",\"@id\":\"https:\\\/\\\/www.gulersan.com\\\/en\\\/urun\\\/mazot-aktarma-pompasi-pa2-100\\\/#breadcrumb\",\"itemListElement\":[{\"@type\":\"ListItem\",\"position\":1,\"name\":\"Anasayfa\",\"item\":\"https:\\\/\\\/www.gulersan.com\\\/en\\\/\"},{\"@type\":\"ListItem\",\"position\":2,\"name\":\"\\\/\",\"item\":\"https:\\\/\\\/www.gulersan.com\\\/shop\\\/\"},{\"@type\":\"ListItem\",\"position\":3,\"name\":\"GLS Garaj Ekipmanlar\u0131\",\"item\":\"https:\\\/\\\/www.gulersan.com\\\/en\\\/urun-kategori\\\/gls-garaj-ekipmanlari\\\/\"},{\"@type\":\"ListItem\",\"position\":4,\"name\":\"Mazot Pompa ve Saya\u00e7lar\u0131\",\"item\":\"https:\\\/\\\/www.gulersan.com\\\/en\\\/urun-kategori\\\/gls-garaj-ekipmanlari\\\/mazot-pompa-ve-sayaclari\\\/\"},{\"@type\":\"ListItem\",\"position\":5,\"name\":\"Mazot Transfer Pompalar\u0131\",\"item\":\"https:\\\/\\\/www.gulersan.com\\\/en\\\/urun-kategori\\\/gls-garaj-ekipmanlari\\\/mazot-pompa-ve-sayaclari\\\/mazot-transfer-pompalari\\\/\"},{\"@type\":\"ListItem\",\"position\":6,\"name\":\"Mazot Aktarma Pompas\u0131 PA2 100\"}]},{\"@type\":\"WebSite\",\"@id\":\"https:\\\/\\\/www.gulersan.com\\\/en\\\/#website\",\"url\":\"https:\\\/\\\/www.gulersan.com\\\/en\\\/\",\"name\":\"G\u00fclersan Ya\u011flama Cihazlar\u0131\",\"description\":\"Ya\u011flama Makinesi | Haval\u0131 Gres Pompas\u0131 | Ya\u011flama Pompas\u0131 | Ya\u011f \u00c7ekme Pompas\u0131\",\"publisher\":{\"@id\":\"https:\\\/\\\/www.gulersan.com\\\/en\\\/#organization\"},\"potentialAction\":[{\"@type\":\"SearchAction\",\"target\":{\"@type\":\"EntryPoint\",\"urlTemplate\":\"https:\\\/\\\/www.gulersan.com\\\/en\\\/?s={search_term_string}\"},\"query-input\":{\"@type\":\"PropertyValueSpecification\",\"valueRequired\":true,\"valueName\":\"search_term_string\"}}],\"inLanguage\":\"en-US\"},{\"@type\":\"Organization\",\"@id\":\"https:\\\/\\\/www.gulersan.com\\\/en\\\/#organization\",\"name\":\"G\u00fclersan Ya\u011flama Cihazlar\u0131\",\"url\":\"https:\\\/\\\/www.gulersan.com\\\/en\\\/\",\"logo\":{\"@type\":\"ImageObject\",\"inLanguage\":\"en-US\",\"@id\":\"https:\\\/\\\/www.gulersan.com\\\/en\\\/#\\\/schema\\\/logo\\\/image\\\/\",\"url\":\"https:\\\/\\\/www.gulersan.com\\\/wp-content\\\/uploads\\\/2021\\\/01\\\/gulersan-logo-tr.png\",\"contentUrl\":\"https:\\\/\\\/www.gulersan.com\\\/wp-content\\\/uploads\\\/2021\\\/01\\\/gulersan-logo-tr.png\",\"width\":1242,\"height\":302,\"caption\":\"G\u00fclersan Ya\u011flama Cihazlar\u0131\"},\"image\":{\"@id\":\"https:\\\/\\\/www.gulersan.com\\\/en\\\/#\\\/schema\\\/logo\\\/image\\\/\"}}]}<\/script>\n<!-- \/ Yoast SEO plugin. -->","yoast_head_json":{"title":"Mazot Aktarma Pompas\u0131 PA2 100 - G\u00fclersan Ya\u011flama Cihazlar\u0131","robots":{"index":"index","follow":"follow","max-snippet":"max-snippet:-1","max-image-preview":"max-image-preview:large","max-video-preview":"max-video-preview:-1"},"canonical":"https:\/\/www.gulersan.com\/en\/urun\/mazot-aktarma-pompasi-pa2-100\/","og_locale":"en_US","og_type":"article","og_title":"Mazot Aktarma Pompas\u0131 PA2 100 - G\u00fclersan Ya\u011flama Cihazlar\u0131","og_description":"Mazot Aktarma Pompas\u0131 PA2 100 Teknik \u00d6zellikleri Verim : 100 Lt \/ Dk Voltaj : 230 V Giri\u015f &#8211; \u00c7\u0131k\u0131\u015f : 1&#8243; F Maksimum Bas\u0131n\u00e7 : 2.5 Bar Koruma S\u0131n\u0131f\u0131 : IP55 Conta Malzemesi : NBR Kablo : 2 Mt \u00dcr\u00fcn \u00d6zellikleri Dizel yak\u0131t transferi i\u00e7in hacimsel kendinden emi\u015fli elektrikli kanatl\u0131 pompa. IP55 korumal\u0131, F","og_url":"https:\/\/www.gulersan.com\/en\/urun\/mazot-aktarma-pompasi-pa2-100\/","og_site_name":"G\u00fclersan Ya\u011flama Cihazlar\u0131","article_modified_time":"2026-05-05T13:10:04+00:00","og_image":[{"width":591,"height":573,"url":"https:\/\/www.gulersan.com\/wp-content\/uploads\/2026\/05\/adam-pumps-pa2-100.png","type":"image\/png"}],"twitter_card":"summary_large_image","twitter_misc":{"Est. reading time":"1 minute"},"schema":{"@context":"https:\/\/schema.org","@graph":[{"@type":"WebPage","@id":"https:\/\/www.gulersan.com\/en\/urun\/mazot-aktarma-pompasi-pa2-100\/","url":"https:\/\/www.gulersan.com\/en\/urun\/mazot-aktarma-pompasi-pa2-100\/","name":"Mazot Aktarma Pompas\u0131 PA2 100 - G\u00fclersan Ya\u011flama Cihazlar\u0131","isPartOf":{"@id":"https:\/\/www.gulersan.com\/en\/#website"},"primaryImageOfPage":{"@id":"https:\/\/www.gulersan.com\/en\/urun\/mazot-aktarma-pompasi-pa2-100\/#primaryimage"},"image":{"@id":"https:\/\/www.gulersan.com\/en\/urun\/mazot-aktarma-pompasi-pa2-100\/#primaryimage"},"thumbnailUrl":"https:\/\/www.gulersan.com\/wp-content\/uploads\/2026\/05\/adam-pumps-pa2-100.png","datePublished":"2026-05-05T13:09:42+00:00","dateModified":"2026-05-05T13:10:04+00:00","breadcrumb":{"@id":"https:\/\/www.gulersan.com\/en\/urun\/mazot-aktarma-pompasi-pa2-100\/#breadcrumb"},"inLanguage":"en-US","potentialAction":[{"@type":"ReadAction","target":["https:\/\/www.gulersan.com\/en\/urun\/mazot-aktarma-pompasi-pa2-100\/"]}]},{"@type":"ImageObject","inLanguage":"en-US","@id":"https:\/\/www.gulersan.com\/en\/urun\/mazot-aktarma-pompasi-pa2-100\/#primaryimage","url":"https:\/\/www.gulersan.com\/wp-content\/uploads\/2026\/05\/adam-pumps-pa2-100.png","contentUrl":"https:\/\/www.gulersan.com\/wp-content\/uploads\/2026\/05\/adam-pumps-pa2-100.png","width":591,"height":573},{"@type":"BreadcrumbList","@id":"https:\/\/www.gulersan.com\/en\/urun\/mazot-aktarma-pompasi-pa2-100\/#breadcrumb","itemListElement":[{"@type":"ListItem","position":1,"name":"Anasayfa","item":"https:\/\/www.gulersan.com\/en\/"},{"@type":"ListItem","position":2,"name":"\/","item":"https:\/\/www.gulersan.com\/shop\/"},{"@type":"ListItem","position":3,"name":"GLS Garaj Ekipmanlar\u0131","item":"https:\/\/www.gulersan.com\/en\/urun-kategori\/gls-garaj-ekipmanlari\/"},{"@type":"ListItem","position":4,"name":"Mazot Pompa ve Saya\u00e7lar\u0131","item":"https:\/\/www.gulersan.com\/en\/urun-kategori\/gls-garaj-ekipmanlari\/mazot-pompa-ve-sayaclari\/"},{"@type":"ListItem","position":5,"name":"Mazot Transfer Pompalar\u0131","item":"https:\/\/www.gulersan.com\/en\/urun-kategori\/gls-garaj-ekipmanlari\/mazot-pompa-ve-sayaclari\/mazot-transfer-pompalari\/"},{"@type":"ListItem","position":6,"name":"Mazot Aktarma Pompas\u0131 PA2 100"}]},{"@type":"WebSite","@id":"https:\/\/www.gulersan.com\/en\/#website","url":"https:\/\/www.gulersan.com\/en\/","name":"G\u00fclersan Ya\u011flama Cihazlar\u0131","description":"Ya\u011flama Makinesi | Haval\u0131 Gres Pompas\u0131 | Ya\u011flama Pompas\u0131 | Ya\u011f \u00c7ekme Pompas\u0131","publisher":{"@id":"https:\/\/www.gulersan.com\/en\/#organization"},"potentialAction":[{"@type":"SearchAction","target":{"@type":"EntryPoint","urlTemplate":"https:\/\/www.gulersan.com\/en\/?s={search_term_string}"},"query-input":{"@type":"PropertyValueSpecification","valueRequired":true,"valueName":"search_term_string"}}],"inLanguage":"en-US"},{"@type":"Organization","@id":"https:\/\/www.gulersan.com\/en\/#organization","name":"G\u00fclersan Ya\u011flama Cihazlar\u0131","url":"https:\/\/www.gulersan.com\/en\/","logo":{"@type":"ImageObject","inLanguage":"en-US","@id":"https:\/\/www.gulersan.com\/en\/#\/schema\/logo\/image\/","url":"https:\/\/www.gulersan.com\/wp-content\/uploads\/2021\/01\/gulersan-logo-tr.png","contentUrl":"https:\/\/www.gulersan.com\/wp-content\/uploads\/2021\/01\/gulersan-logo-tr.png","width":1242,"height":302,"caption":"G\u00fclersan Ya\u011flama Cihazlar\u0131"},"image":{"@id":"https:\/\/www.gulersan.com\/en\/#\/schema\/logo\/image\/"}}]}},"_links":{"self":[{"href":"https:\/\/www.gulersan.com\/en\/wp-json\/wp\/v2\/product\/15698","targetHints":{"allow":["GET"]}}],"collection":[{"href":"https:\/\/www.gulersan.com\/en\/wp-json\/wp\/v2\/product"}],"about":[{"href":"https:\/\/www.gulersan.com\/en\/wp-json\/wp\/v2\/types\/product"}],"replies":[{"embeddable":true,"href":"https:\/\/www.gulersan.com\/en\/wp-json\/wp\/v2\/comments?post=15698"}],"wp:featuredmedia":[{"embeddable":true,"href":"https:\/\/www.gulersan.com\/en\/wp-json\/wp\/v2\/media\/15699"}],"wp:attachment":[{"href":"https:\/\/www.gulersan.com\/en\/wp-json\/wp\/v2\/media?parent=15698"}],"wp:term":[{"taxonomy":"product_brand","embeddable":true,"href":"https:\/\/www.gulersan.com\/en\/wp-json\/wp\/v2\/product_brand?post=15698"},{"taxonomy":"product_cat","embeddable":true,"href":"https:\/\/www.gulersan.com\/en\/wp-json\/wp\/v2\/product_cat?post=15698"},{"taxonomy":"product_tag","embeddable":true,"href":"https:\/\/www.gulersan.com\/en\/wp-json\/wp\/v2\/product_tag?post=15698"}],"curies":[{"name":"wp","href":"https:\/\/api.w.org\/{rel}","templated":true}]}}