{"id":15704,"date":"2026-05-05T16:09:42","date_gmt":"2026-05-05T13:09:42","guid":{"rendered":"https:\/\/www.gulersan.com\/urun\/mazot-aktarma-pompasi-24v-bipump\/"},"modified":"2026-05-05T16:10:07","modified_gmt":"2026-05-05T13:10:07","slug":"mazot-aktarma-pompasi-24v-bipump","status":"publish","type":"product","link":"https:\/\/www.gulersan.com\/en\/urun\/mazot-aktarma-pompasi-24v-bipump\/","title":{"rendered":"Mazot Aktarma Pompas\u0131 24V Bipump"},"content":{"rendered":"<h2 style=\"text-align: left;\"><span style=\"color: #000080;\"><strong>Mazot Aktarma Pompas\u0131 24V Bipump<\/strong><\/span><\/h2>\n<div>\n<p><span style=\"font-size: 120%;\"><strong><img loading=\"lazy\" decoding=\"async\" class=\"alignnone wp-image-12531\" src=\"https:\/\/www.glsgaraj.com\/wp-content\/uploads\/2021\/06\/konuiciikon.png\" alt=\"\" width=\"18\" height=\"19\" \/> Teknik \u00d6zellikleri<\/strong><\/span><\/p>\n<p><img loading=\"lazy\" decoding=\"async\" class=\"alignnone wp-image-12535\" src=\"https:\/\/www.glsgaraj.com\/wp-content\/uploads\/2021\/06\/tikisareti-1.png\" alt=\"\" width=\"20\" height=\"18\" \/> Verim : 85 Lt \/ Dk<br \/>\n<img loading=\"lazy\" decoding=\"async\" class=\"alignnone wp-image-12535\" src=\"https:\/\/www.glsgaraj.com\/wp-content\/uploads\/2021\/06\/tikisareti-1.png\" alt=\"\" width=\"20\" height=\"18\" \/> Voltaj : 24 Volt<br \/>\n<img loading=\"lazy\" decoding=\"async\" class=\"alignnone wp-image-12535\" src=\"https:\/\/www.glsgaraj.com\/wp-content\/uploads\/2021\/06\/tikisareti-1.png\" alt=\"\" width=\"20\" height=\"18\" \/> Devir : 2.000 Rpm<br \/>\n<img loading=\"lazy\" decoding=\"async\" class=\"alignnone wp-image-12535\" src=\"https:\/\/www.glsgaraj.com\/wp-content\/uploads\/2021\/06\/tikisareti-1.png\" alt=\"\" width=\"20\" height=\"18\" \/> Giri\u015f &#8211; \u00c7\u0131k\u0131\u015f : 1&#8243; Bsp<\/p>\n<p><span style=\"font-size: 120%;\"><strong><img loading=\"lazy\" decoding=\"async\" class=\"alignnone wp-image-12531\" src=\"https:\/\/www.glsgaraj.com\/wp-content\/uploads\/2021\/06\/konuiciikon.png\" alt=\"\" width=\"18\" height=\"19\" \/> \u00dcr\u00fcn \u00d6zellikleri<\/strong><\/span><\/p>\n<p>Bipump, 24 Volt dizel transfer pompas\u0131d\u0131r. Dizel transfer pompas\u0131 olarak Bipump, tar\u0131m, otomotiv, madencilik, in\u015faat gibi farkl\u0131 sekt\u00f6rlere uygun, uzun \u00f6m\u00fcrl\u00fc kaliteli pompa arayanlar\u0131n ihtiya\u00e7lar\u0131n\u0131 kar\u015f\u0131lamak \u00fczere \u00fcretilmi\u015ftir.Bipump, 85 Lt\/Dk&#8217;ya kadar y\u00fcksek bir ak\u0131\u015f h\u0131z\u0131na sahiptir. Sa\u011flam yap\u0131s\u0131 ile Bipump dizel transfer pompas\u0131, pompa g\u00f6vdesine entegre edilmi\u015f bir by-pass valfine sahiptir ve bu, pompan\u0131n do\u011fru \u00e7al\u0131\u015fmas\u0131 i\u00e7in parametreler i\u00e7inde kalmas\u0131 i\u00e7in ak\u0131\u015fkan\u0131n ak\u0131\u015f h\u0131z\u0131n\u0131n mod\u00fcle edilmesini sa\u011flar. Transfer pompas\u0131n\u0131n g\u00fc\u00e7l\u00fc motoru, 30 dakikaya kadar s\u00fcrekli bir \u00e7al\u0131\u015fma d\u00f6ng\u00fcs\u00fc sa\u011flar. Bir dizel transfer pompas\u0131 olarak Bipump, entegre bir a\u00e7ma\/kapama anahtar\u0131na ve 1&#8243; flan\u015f ba\u011flant\u0131s\u0131na sahiptir.<\/p>\n<\/div>\n","protected":false},"excerpt":{"rendered":"<p>Mazot Aktarma Pompas\u0131 24V Bipump Teknik \u00d6zellikleri Verim : 85 Lt \/ Dk Voltaj : 24 Volt Devir : 2.000 Rpm Giri\u015f &#8211; \u00c7\u0131k\u0131\u015f : 1&#8243; Bsp \u00dcr\u00fcn \u00d6zellikleri Bipump, 24 Volt dizel transfer pompas\u0131d\u0131r. Dizel transfer pompas\u0131 olarak Bipump, tar\u0131m, otomotiv, madencilik, in\u015faat gibi farkl\u0131 sekt\u00f6rlere uygun, uzun \u00f6m\u00fcrl\u00fc kaliteli pompa arayanlar\u0131n ihtiya\u00e7lar\u0131n\u0131 kar\u015f\u0131lamak<\/p>\n","protected":false},"featured_media":15705,"comment_status":"closed","ping_status":"open","template":"","meta":[],"product_brand":[],"product_cat":[1401,1403],"product_tag":[],"class_list":{"0":"post-15704","1":"product","2":"type-product","3":"status-publish","4":"has-post-thumbnail","6":"product_cat-mazot-pompa-ve-sayaclari","7":"product_cat-mazot-transfer-pompalari","9":"first","10":"instock","11":"product-type-simple"},"yoast_head":"<!-- This site is optimized with the Yoast SEO plugin v27.6 - https:\/\/yoast.com\/product\/yoast-seo-wordpress\/ -->\n<title>Mazot Aktarma Pompas\u0131 24V Bipump - G\u00fclersan Ya\u011flama Cihazlar\u0131<\/title>\n<meta name=\"robots\" content=\"index, follow, max-snippet:-1, max-image-preview:large, max-video-preview:-1\" \/>\n<link rel=\"canonical\" href=\"https:\/\/www.gulersan.com\/en\/urun\/mazot-aktarma-pompasi-24v-bipump\/\" \/>\n<meta property=\"og:locale\" content=\"en_US\" \/>\n<meta property=\"og:type\" content=\"article\" \/>\n<meta property=\"og:title\" content=\"Mazot Aktarma Pompas\u0131 24V Bipump - G\u00fclersan Ya\u011flama Cihazlar\u0131\" \/>\n<meta property=\"og:description\" content=\"Mazot Aktarma Pompas\u0131 24V Bipump Teknik \u00d6zellikleri Verim : 85 Lt \/ Dk Voltaj : 24 Volt Devir : 2.000 Rpm Giri\u015f &#8211; \u00c7\u0131k\u0131\u015f : 1&#8243; Bsp \u00dcr\u00fcn \u00d6zellikleri Bipump, 24 Volt dizel transfer pompas\u0131d\u0131r. Dizel transfer pompas\u0131 olarak Bipump, tar\u0131m, otomotiv, madencilik, in\u015faat gibi farkl\u0131 sekt\u00f6rlere uygun, uzun \u00f6m\u00fcrl\u00fc kaliteli pompa arayanlar\u0131n ihtiya\u00e7lar\u0131n\u0131 kar\u015f\u0131lamak\" \/>\n<meta property=\"og:url\" content=\"https:\/\/www.gulersan.com\/en\/urun\/mazot-aktarma-pompasi-24v-bipump\/\" \/>\n<meta property=\"og:site_name\" content=\"G\u00fclersan Ya\u011flama Cihazlar\u0131\" \/>\n<meta property=\"article:modified_time\" content=\"2026-05-05T13:10:07+00:00\" \/>\n<meta property=\"og:image\" content=\"https:\/\/www.gulersan.com\/wp-content\/uploads\/2026\/05\/piusi-bipump-1.jpg\" \/>\n\t<meta property=\"og:image:width\" content=\"554\" \/>\n\t<meta property=\"og:image:height\" content=\"546\" \/>\n\t<meta property=\"og:image:type\" content=\"image\/jpeg\" \/>\n<meta name=\"twitter:card\" content=\"summary_large_image\" \/>\n<meta name=\"twitter:label1\" content=\"Est. reading time\" \/>\n\t<meta name=\"twitter:data1\" content=\"1 minute\" \/>\n<script type=\"application\/ld+json\" class=\"yoast-schema-graph\">{\"@context\":\"https:\\\/\\\/schema.org\",\"@graph\":[{\"@type\":\"WebPage\",\"@id\":\"https:\\\/\\\/www.gulersan.com\\\/en\\\/urun\\\/mazot-aktarma-pompasi-24v-bipump\\\/\",\"url\":\"https:\\\/\\\/www.gulersan.com\\\/en\\\/urun\\\/mazot-aktarma-pompasi-24v-bipump\\\/\",\"name\":\"Mazot Aktarma Pompas\u0131 24V Bipump - G\u00fclersan Ya\u011flama Cihazlar\u0131\",\"isPartOf\":{\"@id\":\"https:\\\/\\\/www.gulersan.com\\\/en\\\/#website\"},\"primaryImageOfPage\":{\"@id\":\"https:\\\/\\\/www.gulersan.com\\\/en\\\/urun\\\/mazot-aktarma-pompasi-24v-bipump\\\/#primaryimage\"},\"image\":{\"@id\":\"https:\\\/\\\/www.gulersan.com\\\/en\\\/urun\\\/mazot-aktarma-pompasi-24v-bipump\\\/#primaryimage\"},\"thumbnailUrl\":\"https:\\\/\\\/www.gulersan.com\\\/wp-content\\\/uploads\\\/2026\\\/05\\\/piusi-bipump-1.jpg\",\"datePublished\":\"2026-05-05T13:09:42+00:00\",\"dateModified\":\"2026-05-05T13:10:07+00:00\",\"breadcrumb\":{\"@id\":\"https:\\\/\\\/www.gulersan.com\\\/en\\\/urun\\\/mazot-aktarma-pompasi-24v-bipump\\\/#breadcrumb\"},\"inLanguage\":\"en-US\",\"potentialAction\":[{\"@type\":\"ReadAction\",\"target\":[\"https:\\\/\\\/www.gulersan.com\\\/en\\\/urun\\\/mazot-aktarma-pompasi-24v-bipump\\\/\"]}]},{\"@type\":\"ImageObject\",\"inLanguage\":\"en-US\",\"@id\":\"https:\\\/\\\/www.gulersan.com\\\/en\\\/urun\\\/mazot-aktarma-pompasi-24v-bipump\\\/#primaryimage\",\"url\":\"https:\\\/\\\/www.gulersan.com\\\/wp-content\\\/uploads\\\/2026\\\/05\\\/piusi-bipump-1.jpg\",\"contentUrl\":\"https:\\\/\\\/www.gulersan.com\\\/wp-content\\\/uploads\\\/2026\\\/05\\\/piusi-bipump-1.jpg\",\"width\":554,\"height\":546},{\"@type\":\"BreadcrumbList\",\"@id\":\"https:\\\/\\\/www.gulersan.com\\\/en\\\/urun\\\/mazot-aktarma-pompasi-24v-bipump\\\/#breadcrumb\",\"itemListElement\":[{\"@type\":\"ListItem\",\"position\":1,\"name\":\"Anasayfa\",\"item\":\"https:\\\/\\\/www.gulersan.com\\\/en\\\/\"},{\"@type\":\"ListItem\",\"position\":2,\"name\":\"\\\/\",\"item\":\"https:\\\/\\\/www.gulersan.com\\\/shop\\\/\"},{\"@type\":\"ListItem\",\"position\":3,\"name\":\"GLS Garaj Ekipmanlar\u0131\",\"item\":\"https:\\\/\\\/www.gulersan.com\\\/en\\\/urun-kategori\\\/gls-garaj-ekipmanlari\\\/\"},{\"@type\":\"ListItem\",\"position\":4,\"name\":\"Mazot Pompa ve Saya\u00e7lar\u0131\",\"item\":\"https:\\\/\\\/www.gulersan.com\\\/en\\\/urun-kategori\\\/gls-garaj-ekipmanlari\\\/mazot-pompa-ve-sayaclari\\\/\"},{\"@type\":\"ListItem\",\"position\":5,\"name\":\"Mazot Transfer Pompalar\u0131\",\"item\":\"https:\\\/\\\/www.gulersan.com\\\/en\\\/urun-kategori\\\/gls-garaj-ekipmanlari\\\/mazot-pompa-ve-sayaclari\\\/mazot-transfer-pompalari\\\/\"},{\"@type\":\"ListItem\",\"position\":6,\"name\":\"Mazot Aktarma Pompas\u0131 24V Bipump\"}]},{\"@type\":\"WebSite\",\"@id\":\"https:\\\/\\\/www.gulersan.com\\\/en\\\/#website\",\"url\":\"https:\\\/\\\/www.gulersan.com\\\/en\\\/\",\"name\":\"G\u00fclersan Ya\u011flama Cihazlar\u0131\",\"description\":\"Ya\u011flama Makinesi | Haval\u0131 Gres Pompas\u0131 | Ya\u011flama Pompas\u0131 | Ya\u011f \u00c7ekme Pompas\u0131\",\"publisher\":{\"@id\":\"https:\\\/\\\/www.gulersan.com\\\/en\\\/#organization\"},\"potentialAction\":[{\"@type\":\"SearchAction\",\"target\":{\"@type\":\"EntryPoint\",\"urlTemplate\":\"https:\\\/\\\/www.gulersan.com\\\/en\\\/?s={search_term_string}\"},\"query-input\":{\"@type\":\"PropertyValueSpecification\",\"valueRequired\":true,\"valueName\":\"search_term_string\"}}],\"inLanguage\":\"en-US\"},{\"@type\":\"Organization\",\"@id\":\"https:\\\/\\\/www.gulersan.com\\\/en\\\/#organization\",\"name\":\"G\u00fclersan Ya\u011flama Cihazlar\u0131\",\"url\":\"https:\\\/\\\/www.gulersan.com\\\/en\\\/\",\"logo\":{\"@type\":\"ImageObject\",\"inLanguage\":\"en-US\",\"@id\":\"https:\\\/\\\/www.gulersan.com\\\/en\\\/#\\\/schema\\\/logo\\\/image\\\/\",\"url\":\"https:\\\/\\\/www.gulersan.com\\\/wp-content\\\/uploads\\\/2021\\\/01\\\/gulersan-logo-tr.png\",\"contentUrl\":\"https:\\\/\\\/www.gulersan.com\\\/wp-content\\\/uploads\\\/2021\\\/01\\\/gulersan-logo-tr.png\",\"width\":1242,\"height\":302,\"caption\":\"G\u00fclersan Ya\u011flama Cihazlar\u0131\"},\"image\":{\"@id\":\"https:\\\/\\\/www.gulersan.com\\\/en\\\/#\\\/schema\\\/logo\\\/image\\\/\"}}]}<\/script>\n<!-- \/ Yoast SEO plugin. -->","yoast_head_json":{"title":"Mazot Aktarma Pompas\u0131 24V Bipump - G\u00fclersan Ya\u011flama Cihazlar\u0131","robots":{"index":"index","follow":"follow","max-snippet":"max-snippet:-1","max-image-preview":"max-image-preview:large","max-video-preview":"max-video-preview:-1"},"canonical":"https:\/\/www.gulersan.com\/en\/urun\/mazot-aktarma-pompasi-24v-bipump\/","og_locale":"en_US","og_type":"article","og_title":"Mazot Aktarma Pompas\u0131 24V Bipump - G\u00fclersan Ya\u011flama Cihazlar\u0131","og_description":"Mazot Aktarma Pompas\u0131 24V Bipump Teknik \u00d6zellikleri Verim : 85 Lt \/ Dk Voltaj : 24 Volt Devir : 2.000 Rpm Giri\u015f &#8211; \u00c7\u0131k\u0131\u015f : 1&#8243; Bsp \u00dcr\u00fcn \u00d6zellikleri Bipump, 24 Volt dizel transfer pompas\u0131d\u0131r. Dizel transfer pompas\u0131 olarak Bipump, tar\u0131m, otomotiv, madencilik, in\u015faat gibi farkl\u0131 sekt\u00f6rlere uygun, uzun \u00f6m\u00fcrl\u00fc kaliteli pompa arayanlar\u0131n ihtiya\u00e7lar\u0131n\u0131 kar\u015f\u0131lamak","og_url":"https:\/\/www.gulersan.com\/en\/urun\/mazot-aktarma-pompasi-24v-bipump\/","og_site_name":"G\u00fclersan Ya\u011flama Cihazlar\u0131","article_modified_time":"2026-05-05T13:10:07+00:00","og_image":[{"width":554,"height":546,"url":"https:\/\/www.gulersan.com\/wp-content\/uploads\/2026\/05\/piusi-bipump-1.jpg","type":"image\/jpeg"}],"twitter_card":"summary_large_image","twitter_misc":{"Est. reading time":"1 minute"},"schema":{"@context":"https:\/\/schema.org","@graph":[{"@type":"WebPage","@id":"https:\/\/www.gulersan.com\/en\/urun\/mazot-aktarma-pompasi-24v-bipump\/","url":"https:\/\/www.gulersan.com\/en\/urun\/mazot-aktarma-pompasi-24v-bipump\/","name":"Mazot Aktarma Pompas\u0131 24V Bipump - G\u00fclersan Ya\u011flama Cihazlar\u0131","isPartOf":{"@id":"https:\/\/www.gulersan.com\/en\/#website"},"primaryImageOfPage":{"@id":"https:\/\/www.gulersan.com\/en\/urun\/mazot-aktarma-pompasi-24v-bipump\/#primaryimage"},"image":{"@id":"https:\/\/www.gulersan.com\/en\/urun\/mazot-aktarma-pompasi-24v-bipump\/#primaryimage"},"thumbnailUrl":"https:\/\/www.gulersan.com\/wp-content\/uploads\/2026\/05\/piusi-bipump-1.jpg","datePublished":"2026-05-05T13:09:42+00:00","dateModified":"2026-05-05T13:10:07+00:00","breadcrumb":{"@id":"https:\/\/www.gulersan.com\/en\/urun\/mazot-aktarma-pompasi-24v-bipump\/#breadcrumb"},"inLanguage":"en-US","potentialAction":[{"@type":"ReadAction","target":["https:\/\/www.gulersan.com\/en\/urun\/mazot-aktarma-pompasi-24v-bipump\/"]}]},{"@type":"ImageObject","inLanguage":"en-US","@id":"https:\/\/www.gulersan.com\/en\/urun\/mazot-aktarma-pompasi-24v-bipump\/#primaryimage","url":"https:\/\/www.gulersan.com\/wp-content\/uploads\/2026\/05\/piusi-bipump-1.jpg","contentUrl":"https:\/\/www.gulersan.com\/wp-content\/uploads\/2026\/05\/piusi-bipump-1.jpg","width":554,"height":546},{"@type":"BreadcrumbList","@id":"https:\/\/www.gulersan.com\/en\/urun\/mazot-aktarma-pompasi-24v-bipump\/#breadcrumb","itemListElement":[{"@type":"ListItem","position":1,"name":"Anasayfa","item":"https:\/\/www.gulersan.com\/en\/"},{"@type":"ListItem","position":2,"name":"\/","item":"https:\/\/www.gulersan.com\/shop\/"},{"@type":"ListItem","position":3,"name":"GLS Garaj Ekipmanlar\u0131","item":"https:\/\/www.gulersan.com\/en\/urun-kategori\/gls-garaj-ekipmanlari\/"},{"@type":"ListItem","position":4,"name":"Mazot Pompa ve Saya\u00e7lar\u0131","item":"https:\/\/www.gulersan.com\/en\/urun-kategori\/gls-garaj-ekipmanlari\/mazot-pompa-ve-sayaclari\/"},{"@type":"ListItem","position":5,"name":"Mazot Transfer Pompalar\u0131","item":"https:\/\/www.gulersan.com\/en\/urun-kategori\/gls-garaj-ekipmanlari\/mazot-pompa-ve-sayaclari\/mazot-transfer-pompalari\/"},{"@type":"ListItem","position":6,"name":"Mazot Aktarma Pompas\u0131 24V Bipump"}]},{"@type":"WebSite","@id":"https:\/\/www.gulersan.com\/en\/#website","url":"https:\/\/www.gulersan.com\/en\/","name":"G\u00fclersan Ya\u011flama Cihazlar\u0131","description":"Ya\u011flama Makinesi | Haval\u0131 Gres Pompas\u0131 | Ya\u011flama Pompas\u0131 | Ya\u011f \u00c7ekme Pompas\u0131","publisher":{"@id":"https:\/\/www.gulersan.com\/en\/#organization"},"potentialAction":[{"@type":"SearchAction","target":{"@type":"EntryPoint","urlTemplate":"https:\/\/www.gulersan.com\/en\/?s={search_term_string}"},"query-input":{"@type":"PropertyValueSpecification","valueRequired":true,"valueName":"search_term_string"}}],"inLanguage":"en-US"},{"@type":"Organization","@id":"https:\/\/www.gulersan.com\/en\/#organization","name":"G\u00fclersan Ya\u011flama Cihazlar\u0131","url":"https:\/\/www.gulersan.com\/en\/","logo":{"@type":"ImageObject","inLanguage":"en-US","@id":"https:\/\/www.gulersan.com\/en\/#\/schema\/logo\/image\/","url":"https:\/\/www.gulersan.com\/wp-content\/uploads\/2021\/01\/gulersan-logo-tr.png","contentUrl":"https:\/\/www.gulersan.com\/wp-content\/uploads\/2021\/01\/gulersan-logo-tr.png","width":1242,"height":302,"caption":"G\u00fclersan Ya\u011flama Cihazlar\u0131"},"image":{"@id":"https:\/\/www.gulersan.com\/en\/#\/schema\/logo\/image\/"}}]}},"_links":{"self":[{"href":"https:\/\/www.gulersan.com\/en\/wp-json\/wp\/v2\/product\/15704","targetHints":{"allow":["GET"]}}],"collection":[{"href":"https:\/\/www.gulersan.com\/en\/wp-json\/wp\/v2\/product"}],"about":[{"href":"https:\/\/www.gulersan.com\/en\/wp-json\/wp\/v2\/types\/product"}],"replies":[{"embeddable":true,"href":"https:\/\/www.gulersan.com\/en\/wp-json\/wp\/v2\/comments?post=15704"}],"wp:featuredmedia":[{"embeddable":true,"href":"https:\/\/www.gulersan.com\/en\/wp-json\/wp\/v2\/media\/15705"}],"wp:attachment":[{"href":"https:\/\/www.gulersan.com\/en\/wp-json\/wp\/v2\/media?parent=15704"}],"wp:term":[{"taxonomy":"product_brand","embeddable":true,"href":"https:\/\/www.gulersan.com\/en\/wp-json\/wp\/v2\/product_brand?post=15704"},{"taxonomy":"product_cat","embeddable":true,"href":"https:\/\/www.gulersan.com\/en\/wp-json\/wp\/v2\/product_cat?post=15704"},{"taxonomy":"product_tag","embeddable":true,"href":"https:\/\/www.gulersan.com\/en\/wp-json\/wp\/v2\/product_tag?post=15704"}],"curies":[{"name":"wp","href":"https:\/\/api.w.org\/{rel}","templated":true}]}}