{"id":15709,"date":"2026-05-05T16:10:20","date_gmt":"2026-05-05T13:10:20","guid":{"rendered":"https:\/\/www.gulersan.com\/urun\/mazot-aktarma-pompasi-24v-carry-3000\/"},"modified":"2026-05-05T16:10:20","modified_gmt":"2026-05-05T13:10:20","slug":"mazot-aktarma-pompasi-24v-carry-3000","status":"publish","type":"product","link":"https:\/\/www.gulersan.com\/en\/urun\/mazot-aktarma-pompasi-24v-carry-3000\/","title":{"rendered":"Mazot Aktarma Pompas\u0131 24V Carry 3000"},"content":{"rendered":"<h2 style=\"text-align: left;\"><span style=\"color: #000080;\"><strong>Mazot Aktarma Pompas\u0131 24V Carry 3000<\/strong><\/span><\/h2>\n<div>\n<p><span style=\"font-size: 120%;\"><strong><img loading=\"lazy\" decoding=\"async\" class=\"alignnone wp-image-12531\" src=\"https:\/\/www.glsgaraj.com\/wp-content\/uploads\/2021\/06\/konuiciikon.png\" alt=\"\" width=\"18\" height=\"19\" \/> Teknik \u00d6zellikleri<\/strong><\/span><\/p>\n<p><img loading=\"lazy\" decoding=\"async\" class=\"alignnone wp-image-12535\" src=\"https:\/\/www.glsgaraj.com\/wp-content\/uploads\/2021\/06\/tikisareti-1.png\" alt=\"\" width=\"20\" height=\"18\" \/> Verim : 50 Lt \/ Dk<br \/>\n<img loading=\"lazy\" decoding=\"async\" class=\"alignnone wp-image-12535\" src=\"https:\/\/www.glsgaraj.com\/wp-content\/uploads\/2021\/06\/tikisareti-1.png\" alt=\"\" width=\"20\" height=\"18\" \/> Voltaj : 24 Volt<br \/>\n<img loading=\"lazy\" decoding=\"async\" class=\"alignnone wp-image-12535\" src=\"https:\/\/www.glsgaraj.com\/wp-content\/uploads\/2021\/06\/tikisareti-1.png\" alt=\"\" width=\"20\" height=\"18\" \/> Devir : 2.900 Rpm<br \/>\n<img loading=\"lazy\" decoding=\"async\" class=\"alignnone wp-image-12535\" src=\"https:\/\/www.glsgaraj.com\/wp-content\/uploads\/2021\/06\/tikisareti-1.png\" alt=\"\" width=\"20\" height=\"18\" \/> Giri\u015f &#8211; \u00c7\u0131k\u0131\u015f : 3\/4&#8243; Bsp<\/p>\n<p><span style=\"font-size: 120%;\"><strong><img loading=\"lazy\" decoding=\"async\" class=\"alignnone wp-image-12531\" src=\"https:\/\/www.glsgaraj.com\/wp-content\/uploads\/2021\/06\/konuiciikon.png\" alt=\"\" width=\"18\" height=\"19\" \/> \u00dcr\u00fcn \u00d6zellikleri<\/strong><\/span><\/p>\n<p>Carry 3000, mobil bir dizel transfer pompas\u0131d\u0131r. Carry, dizel transfer pompas\u0131 olarak otomotiv, tar\u0131m, madencilik, in\u015faat gibi farkl\u0131 sekt\u00f6rlere uygun, uzun \u00f6m\u00fcrl\u00fc, kaliteli ve ta\u015f\u0131nabilir pompa arayanlar\u0131n ihtiya\u00e7lar\u0131n\u0131 kar\u015f\u0131lamak \u00fczere tasarlanm\u0131\u015ft\u0131r. Carry&#8217;nin temel \u00f6zelli\u011fi, kolayca ta\u015f\u0131nabilmesi ve farkl\u0131 \u00e7al\u0131\u015fma ko\u015fullar\u0131na uygulanabilmesidir. Sa\u011flam tutaca\u011f\u0131 dizel transfer pompas\u0131n\u0131n g\u00fcvenli bir \u015fekilde hareket ettirilmesini sa\u011flar. Carry dizel transfer pompas\u0131, h\u0131zl\u0131 doldurma kiti ile donat\u0131lm\u0131\u015ft\u0131r ve 30 dakikaya kadar s\u00fcrekli \u00e7al\u0131\u015fma d\u00f6ng\u00fcs\u00fc ile 50 Lt\/Dk&#8217;ya kadar bir ak\u0131\u015f h\u0131z\u0131n\u0131 garanti eder<\/p>\n<\/div>\n","protected":false},"excerpt":{"rendered":"<p>Mazot Aktarma Pompas\u0131 24V Carry 3000 Teknik \u00d6zellikleri Verim : 50 Lt \/ Dk Voltaj : 24 Volt Devir : 2.900 Rpm Giri\u015f &#8211; \u00c7\u0131k\u0131\u015f : 3\/4&#8243; Bsp \u00dcr\u00fcn \u00d6zellikleri Carry 3000, mobil bir dizel transfer pompas\u0131d\u0131r. Carry, dizel transfer pompas\u0131 olarak otomotiv, tar\u0131m, madencilik, in\u015faat gibi farkl\u0131 sekt\u00f6rlere uygun, uzun \u00f6m\u00fcrl\u00fc, kaliteli ve ta\u015f\u0131nabilir<\/p>\n","protected":false},"featured_media":15708,"comment_status":"closed","ping_status":"open","template":"","meta":[],"product_brand":[],"product_cat":[1401,1403],"product_tag":[],"class_list":{"0":"post-15709","1":"product","2":"type-product","3":"status-publish","4":"has-post-thumbnail","6":"product_cat-mazot-pompa-ve-sayaclari","7":"product_cat-mazot-transfer-pompalari","9":"first","10":"instock","11":"product-type-simple"},"yoast_head":"<!-- This site is optimized with the Yoast SEO plugin v27.6 - https:\/\/yoast.com\/product\/yoast-seo-wordpress\/ -->\n<title>Mazot Aktarma Pompas\u0131 24V Carry 3000 - G\u00fclersan Ya\u011flama Cihazlar\u0131<\/title>\n<meta name=\"robots\" content=\"index, follow, max-snippet:-1, max-image-preview:large, max-video-preview:-1\" \/>\n<link rel=\"canonical\" href=\"https:\/\/www.gulersan.com\/en\/urun\/mazot-aktarma-pompasi-24v-carry-3000\/\" \/>\n<meta property=\"og:locale\" content=\"en_US\" \/>\n<meta property=\"og:type\" content=\"article\" \/>\n<meta property=\"og:title\" content=\"Mazot Aktarma Pompas\u0131 24V Carry 3000 - G\u00fclersan Ya\u011flama Cihazlar\u0131\" \/>\n<meta property=\"og:description\" content=\"Mazot Aktarma Pompas\u0131 24V Carry 3000 Teknik \u00d6zellikleri Verim : 50 Lt \/ Dk Voltaj : 24 Volt Devir : 2.900 Rpm Giri\u015f &#8211; \u00c7\u0131k\u0131\u015f : 3\/4&#8243; Bsp \u00dcr\u00fcn \u00d6zellikleri Carry 3000, mobil bir dizel transfer pompas\u0131d\u0131r. Carry, dizel transfer pompas\u0131 olarak otomotiv, tar\u0131m, madencilik, in\u015faat gibi farkl\u0131 sekt\u00f6rlere uygun, uzun \u00f6m\u00fcrl\u00fc, kaliteli ve ta\u015f\u0131nabilir\" \/>\n<meta property=\"og:url\" content=\"https:\/\/www.gulersan.com\/en\/urun\/mazot-aktarma-pompasi-24v-carry-3000\/\" \/>\n<meta property=\"og:site_name\" content=\"G\u00fclersan Ya\u011flama Cihazlar\u0131\" \/>\n<meta property=\"og:image\" content=\"https:\/\/www.gulersan.com\/wp-content\/uploads\/2026\/05\/piusi-carry-3000-1.jpg\" \/>\n\t<meta property=\"og:image:width\" content=\"464\" \/>\n\t<meta property=\"og:image:height\" content=\"471\" \/>\n\t<meta property=\"og:image:type\" content=\"image\/jpeg\" \/>\n<meta name=\"twitter:card\" content=\"summary_large_image\" \/>\n<meta name=\"twitter:label1\" content=\"Est. reading time\" \/>\n\t<meta name=\"twitter:data1\" content=\"1 minute\" \/>\n<script type=\"application\/ld+json\" class=\"yoast-schema-graph\">{\"@context\":\"https:\\\/\\\/schema.org\",\"@graph\":[{\"@type\":\"WebPage\",\"@id\":\"https:\\\/\\\/www.gulersan.com\\\/en\\\/urun\\\/mazot-aktarma-pompasi-24v-carry-3000\\\/\",\"url\":\"https:\\\/\\\/www.gulersan.com\\\/en\\\/urun\\\/mazot-aktarma-pompasi-24v-carry-3000\\\/\",\"name\":\"Mazot Aktarma Pompas\u0131 24V Carry 3000 - G\u00fclersan Ya\u011flama Cihazlar\u0131\",\"isPartOf\":{\"@id\":\"https:\\\/\\\/www.gulersan.com\\\/en\\\/#website\"},\"primaryImageOfPage\":{\"@id\":\"https:\\\/\\\/www.gulersan.com\\\/en\\\/urun\\\/mazot-aktarma-pompasi-24v-carry-3000\\\/#primaryimage\"},\"image\":{\"@id\":\"https:\\\/\\\/www.gulersan.com\\\/en\\\/urun\\\/mazot-aktarma-pompasi-24v-carry-3000\\\/#primaryimage\"},\"thumbnailUrl\":\"https:\\\/\\\/www.gulersan.com\\\/wp-content\\\/uploads\\\/2026\\\/05\\\/piusi-carry-3000-1.jpg\",\"datePublished\":\"2026-05-05T13:10:20+00:00\",\"breadcrumb\":{\"@id\":\"https:\\\/\\\/www.gulersan.com\\\/en\\\/urun\\\/mazot-aktarma-pompasi-24v-carry-3000\\\/#breadcrumb\"},\"inLanguage\":\"en-US\",\"potentialAction\":[{\"@type\":\"ReadAction\",\"target\":[\"https:\\\/\\\/www.gulersan.com\\\/en\\\/urun\\\/mazot-aktarma-pompasi-24v-carry-3000\\\/\"]}]},{\"@type\":\"ImageObject\",\"inLanguage\":\"en-US\",\"@id\":\"https:\\\/\\\/www.gulersan.com\\\/en\\\/urun\\\/mazot-aktarma-pompasi-24v-carry-3000\\\/#primaryimage\",\"url\":\"https:\\\/\\\/www.gulersan.com\\\/wp-content\\\/uploads\\\/2026\\\/05\\\/piusi-carry-3000-1.jpg\",\"contentUrl\":\"https:\\\/\\\/www.gulersan.com\\\/wp-content\\\/uploads\\\/2026\\\/05\\\/piusi-carry-3000-1.jpg\",\"width\":464,\"height\":471},{\"@type\":\"BreadcrumbList\",\"@id\":\"https:\\\/\\\/www.gulersan.com\\\/en\\\/urun\\\/mazot-aktarma-pompasi-24v-carry-3000\\\/#breadcrumb\",\"itemListElement\":[{\"@type\":\"ListItem\",\"position\":1,\"name\":\"Anasayfa\",\"item\":\"https:\\\/\\\/www.gulersan.com\\\/en\\\/\"},{\"@type\":\"ListItem\",\"position\":2,\"name\":\"\\\/\",\"item\":\"https:\\\/\\\/www.gulersan.com\\\/shop\\\/\"},{\"@type\":\"ListItem\",\"position\":3,\"name\":\"GLS Garaj Ekipmanlar\u0131\",\"item\":\"https:\\\/\\\/www.gulersan.com\\\/en\\\/urun-kategori\\\/gls-garaj-ekipmanlari\\\/\"},{\"@type\":\"ListItem\",\"position\":4,\"name\":\"Mazot Pompa ve Saya\u00e7lar\u0131\",\"item\":\"https:\\\/\\\/www.gulersan.com\\\/en\\\/urun-kategori\\\/gls-garaj-ekipmanlari\\\/mazot-pompa-ve-sayaclari\\\/\"},{\"@type\":\"ListItem\",\"position\":5,\"name\":\"Mazot Transfer Pompalar\u0131\",\"item\":\"https:\\\/\\\/www.gulersan.com\\\/en\\\/urun-kategori\\\/gls-garaj-ekipmanlari\\\/mazot-pompa-ve-sayaclari\\\/mazot-transfer-pompalari\\\/\"},{\"@type\":\"ListItem\",\"position\":6,\"name\":\"Mazot Aktarma Pompas\u0131 24V Carry 3000\"}]},{\"@type\":\"WebSite\",\"@id\":\"https:\\\/\\\/www.gulersan.com\\\/en\\\/#website\",\"url\":\"https:\\\/\\\/www.gulersan.com\\\/en\\\/\",\"name\":\"G\u00fclersan Ya\u011flama Cihazlar\u0131\",\"description\":\"Ya\u011flama Makinesi | Haval\u0131 Gres Pompas\u0131 | Ya\u011flama Pompas\u0131 | Ya\u011f \u00c7ekme Pompas\u0131\",\"publisher\":{\"@id\":\"https:\\\/\\\/www.gulersan.com\\\/en\\\/#organization\"},\"potentialAction\":[{\"@type\":\"SearchAction\",\"target\":{\"@type\":\"EntryPoint\",\"urlTemplate\":\"https:\\\/\\\/www.gulersan.com\\\/en\\\/?s={search_term_string}\"},\"query-input\":{\"@type\":\"PropertyValueSpecification\",\"valueRequired\":true,\"valueName\":\"search_term_string\"}}],\"inLanguage\":\"en-US\"},{\"@type\":\"Organization\",\"@id\":\"https:\\\/\\\/www.gulersan.com\\\/en\\\/#organization\",\"name\":\"G\u00fclersan Ya\u011flama Cihazlar\u0131\",\"url\":\"https:\\\/\\\/www.gulersan.com\\\/en\\\/\",\"logo\":{\"@type\":\"ImageObject\",\"inLanguage\":\"en-US\",\"@id\":\"https:\\\/\\\/www.gulersan.com\\\/en\\\/#\\\/schema\\\/logo\\\/image\\\/\",\"url\":\"https:\\\/\\\/www.gulersan.com\\\/wp-content\\\/uploads\\\/2021\\\/01\\\/gulersan-logo-tr.png\",\"contentUrl\":\"https:\\\/\\\/www.gulersan.com\\\/wp-content\\\/uploads\\\/2021\\\/01\\\/gulersan-logo-tr.png\",\"width\":1242,\"height\":302,\"caption\":\"G\u00fclersan Ya\u011flama Cihazlar\u0131\"},\"image\":{\"@id\":\"https:\\\/\\\/www.gulersan.com\\\/en\\\/#\\\/schema\\\/logo\\\/image\\\/\"}}]}<\/script>\n<!-- \/ Yoast SEO plugin. -->","yoast_head_json":{"title":"Mazot Aktarma Pompas\u0131 24V Carry 3000 - G\u00fclersan Ya\u011flama Cihazlar\u0131","robots":{"index":"index","follow":"follow","max-snippet":"max-snippet:-1","max-image-preview":"max-image-preview:large","max-video-preview":"max-video-preview:-1"},"canonical":"https:\/\/www.gulersan.com\/en\/urun\/mazot-aktarma-pompasi-24v-carry-3000\/","og_locale":"en_US","og_type":"article","og_title":"Mazot Aktarma Pompas\u0131 24V Carry 3000 - G\u00fclersan Ya\u011flama Cihazlar\u0131","og_description":"Mazot Aktarma Pompas\u0131 24V Carry 3000 Teknik \u00d6zellikleri Verim : 50 Lt \/ Dk Voltaj : 24 Volt Devir : 2.900 Rpm Giri\u015f &#8211; \u00c7\u0131k\u0131\u015f : 3\/4&#8243; Bsp \u00dcr\u00fcn \u00d6zellikleri Carry 3000, mobil bir dizel transfer pompas\u0131d\u0131r. Carry, dizel transfer pompas\u0131 olarak otomotiv, tar\u0131m, madencilik, in\u015faat gibi farkl\u0131 sekt\u00f6rlere uygun, uzun \u00f6m\u00fcrl\u00fc, kaliteli ve ta\u015f\u0131nabilir","og_url":"https:\/\/www.gulersan.com\/en\/urun\/mazot-aktarma-pompasi-24v-carry-3000\/","og_site_name":"G\u00fclersan Ya\u011flama Cihazlar\u0131","og_image":[{"width":464,"height":471,"url":"https:\/\/www.gulersan.com\/wp-content\/uploads\/2026\/05\/piusi-carry-3000-1.jpg","type":"image\/jpeg"}],"twitter_card":"summary_large_image","twitter_misc":{"Est. reading time":"1 minute"},"schema":{"@context":"https:\/\/schema.org","@graph":[{"@type":"WebPage","@id":"https:\/\/www.gulersan.com\/en\/urun\/mazot-aktarma-pompasi-24v-carry-3000\/","url":"https:\/\/www.gulersan.com\/en\/urun\/mazot-aktarma-pompasi-24v-carry-3000\/","name":"Mazot Aktarma Pompas\u0131 24V Carry 3000 - G\u00fclersan Ya\u011flama Cihazlar\u0131","isPartOf":{"@id":"https:\/\/www.gulersan.com\/en\/#website"},"primaryImageOfPage":{"@id":"https:\/\/www.gulersan.com\/en\/urun\/mazot-aktarma-pompasi-24v-carry-3000\/#primaryimage"},"image":{"@id":"https:\/\/www.gulersan.com\/en\/urun\/mazot-aktarma-pompasi-24v-carry-3000\/#primaryimage"},"thumbnailUrl":"https:\/\/www.gulersan.com\/wp-content\/uploads\/2026\/05\/piusi-carry-3000-1.jpg","datePublished":"2026-05-05T13:10:20+00:00","breadcrumb":{"@id":"https:\/\/www.gulersan.com\/en\/urun\/mazot-aktarma-pompasi-24v-carry-3000\/#breadcrumb"},"inLanguage":"en-US","potentialAction":[{"@type":"ReadAction","target":["https:\/\/www.gulersan.com\/en\/urun\/mazot-aktarma-pompasi-24v-carry-3000\/"]}]},{"@type":"ImageObject","inLanguage":"en-US","@id":"https:\/\/www.gulersan.com\/en\/urun\/mazot-aktarma-pompasi-24v-carry-3000\/#primaryimage","url":"https:\/\/www.gulersan.com\/wp-content\/uploads\/2026\/05\/piusi-carry-3000-1.jpg","contentUrl":"https:\/\/www.gulersan.com\/wp-content\/uploads\/2026\/05\/piusi-carry-3000-1.jpg","width":464,"height":471},{"@type":"BreadcrumbList","@id":"https:\/\/www.gulersan.com\/en\/urun\/mazot-aktarma-pompasi-24v-carry-3000\/#breadcrumb","itemListElement":[{"@type":"ListItem","position":1,"name":"Anasayfa","item":"https:\/\/www.gulersan.com\/en\/"},{"@type":"ListItem","position":2,"name":"\/","item":"https:\/\/www.gulersan.com\/shop\/"},{"@type":"ListItem","position":3,"name":"GLS Garaj Ekipmanlar\u0131","item":"https:\/\/www.gulersan.com\/en\/urun-kategori\/gls-garaj-ekipmanlari\/"},{"@type":"ListItem","position":4,"name":"Mazot Pompa ve Saya\u00e7lar\u0131","item":"https:\/\/www.gulersan.com\/en\/urun-kategori\/gls-garaj-ekipmanlari\/mazot-pompa-ve-sayaclari\/"},{"@type":"ListItem","position":5,"name":"Mazot Transfer Pompalar\u0131","item":"https:\/\/www.gulersan.com\/en\/urun-kategori\/gls-garaj-ekipmanlari\/mazot-pompa-ve-sayaclari\/mazot-transfer-pompalari\/"},{"@type":"ListItem","position":6,"name":"Mazot Aktarma Pompas\u0131 24V Carry 3000"}]},{"@type":"WebSite","@id":"https:\/\/www.gulersan.com\/en\/#website","url":"https:\/\/www.gulersan.com\/en\/","name":"G\u00fclersan Ya\u011flama Cihazlar\u0131","description":"Ya\u011flama Makinesi | Haval\u0131 Gres Pompas\u0131 | Ya\u011flama Pompas\u0131 | Ya\u011f \u00c7ekme Pompas\u0131","publisher":{"@id":"https:\/\/www.gulersan.com\/en\/#organization"},"potentialAction":[{"@type":"SearchAction","target":{"@type":"EntryPoint","urlTemplate":"https:\/\/www.gulersan.com\/en\/?s={search_term_string}"},"query-input":{"@type":"PropertyValueSpecification","valueRequired":true,"valueName":"search_term_string"}}],"inLanguage":"en-US"},{"@type":"Organization","@id":"https:\/\/www.gulersan.com\/en\/#organization","name":"G\u00fclersan Ya\u011flama Cihazlar\u0131","url":"https:\/\/www.gulersan.com\/en\/","logo":{"@type":"ImageObject","inLanguage":"en-US","@id":"https:\/\/www.gulersan.com\/en\/#\/schema\/logo\/image\/","url":"https:\/\/www.gulersan.com\/wp-content\/uploads\/2021\/01\/gulersan-logo-tr.png","contentUrl":"https:\/\/www.gulersan.com\/wp-content\/uploads\/2021\/01\/gulersan-logo-tr.png","width":1242,"height":302,"caption":"G\u00fclersan Ya\u011flama Cihazlar\u0131"},"image":{"@id":"https:\/\/www.gulersan.com\/en\/#\/schema\/logo\/image\/"}}]}},"_links":{"self":[{"href":"https:\/\/www.gulersan.com\/en\/wp-json\/wp\/v2\/product\/15709","targetHints":{"allow":["GET"]}}],"collection":[{"href":"https:\/\/www.gulersan.com\/en\/wp-json\/wp\/v2\/product"}],"about":[{"href":"https:\/\/www.gulersan.com\/en\/wp-json\/wp\/v2\/types\/product"}],"replies":[{"embeddable":true,"href":"https:\/\/www.gulersan.com\/en\/wp-json\/wp\/v2\/comments?post=15709"}],"wp:featuredmedia":[{"embeddable":true,"href":"https:\/\/www.gulersan.com\/en\/wp-json\/wp\/v2\/media\/15708"}],"wp:attachment":[{"href":"https:\/\/www.gulersan.com\/en\/wp-json\/wp\/v2\/media?parent=15709"}],"wp:term":[{"taxonomy":"product_brand","embeddable":true,"href":"https:\/\/www.gulersan.com\/en\/wp-json\/wp\/v2\/product_brand?post=15709"},{"taxonomy":"product_cat","embeddable":true,"href":"https:\/\/www.gulersan.com\/en\/wp-json\/wp\/v2\/product_cat?post=15709"},{"taxonomy":"product_tag","embeddable":true,"href":"https:\/\/www.gulersan.com\/en\/wp-json\/wp\/v2\/product_tag?post=15709"}],"curies":[{"name":"wp","href":"https:\/\/api.w.org\/{rel}","templated":true}]}}