{"id":15717,"date":"2026-05-05T16:10:20","date_gmt":"2026-05-05T13:10:20","guid":{"rendered":"https:\/\/www.gulersan.com\/urun\/mekanik-mazot-aktarma-pompasi-4003\/"},"modified":"2026-05-05T16:10:23","modified_gmt":"2026-05-05T13:10:23","slug":"mekanik-mazot-aktarma-pompasi-4003","status":"publish","type":"product","link":"https:\/\/www.gulersan.com\/en\/urun\/mekanik-mazot-aktarma-pompasi-4003\/","title":{"rendered":"Mekanik Mazot Aktarma Pompas\u0131 4003"},"content":{"rendered":"<h2 style=\"text-align: left;\"><span style=\"color: #000080;\"><strong>Mekanik Mazot Aktarma Pompas\u0131 4003<\/strong><\/span><\/h2>\n<div>\n<p><span style=\"font-size: 120%;\"><strong><img loading=\"lazy\" decoding=\"async\" class=\"alignnone wp-image-12531\" src=\"https:\/\/www.glsgaraj.com\/wp-content\/uploads\/2021\/06\/konuiciikon.png\" alt=\"\" width=\"18\" height=\"19\" \/> Teknik \u00d6zellikler<\/strong><\/span><\/p>\n<p><img loading=\"lazy\" decoding=\"async\" class=\"alignnone wp-image-12535\" src=\"https:\/\/www.glsgaraj.com\/wp-content\/uploads\/2021\/06\/tikisareti-1.png\" alt=\"\" width=\"20\" height=\"18\" \/> \u00c7al\u0131\u015fma tipi : El ile<br \/>\n<img loading=\"lazy\" decoding=\"async\" class=\"alignnone wp-image-12535\" src=\"https:\/\/www.glsgaraj.com\/wp-content\/uploads\/2021\/06\/tikisareti-1.png\" alt=\"\" width=\"20\" height=\"18\" \/> Verim : 250 Ml \/ Bir Hareket<br \/>\n<img loading=\"lazy\" decoding=\"async\" class=\"alignnone wp-image-12535\" src=\"https:\/\/www.glsgaraj.com\/wp-content\/uploads\/2021\/06\/tikisareti-1.png\" alt=\"\" width=\"20\" height=\"18\" \/> Kapasite : 208 Lt<br \/>\n<img loading=\"lazy\" decoding=\"async\" class=\"alignnone wp-image-12535\" src=\"https:\/\/www.glsgaraj.com\/wp-content\/uploads\/2021\/06\/tikisareti-1.png\" alt=\"\" width=\"20\" height=\"18\" \/> \u00c7\u0131k\u0131\u015f : 3\/4&#8243;<br \/>\n<img loading=\"lazy\" decoding=\"async\" class=\"alignnone wp-image-12535\" src=\"https:\/\/www.glsgaraj.com\/wp-content\/uploads\/2021\/06\/tikisareti-1.png\" alt=\"\" width=\"20\" height=\"18\" \/> Koli \u00f6l\u00e7\u00fcs\u00fc : 16*34*13 Cm<br \/>\n<img loading=\"lazy\" decoding=\"async\" class=\"alignnone wp-image-12535\" src=\"https:\/\/www.glsgaraj.com\/wp-content\/uploads\/2021\/06\/tikisareti-1.png\" alt=\"\" width=\"20\" height=\"18\" \/> A\u011f\u0131rl\u0131k : 4.75 Kg<\/p>\n<p><span style=\"font-size: 120%;\"><strong><img loading=\"lazy\" decoding=\"async\" class=\"alignnone wp-image-12531\" src=\"https:\/\/www.glsgaraj.com\/wp-content\/uploads\/2021\/06\/konuiciikon.png\" alt=\"\" width=\"18\" height=\"19\" \/> \u00dcr\u00fcn \u00d6zellikleri<\/strong><\/span><\/p>\n<p>Manuel <strong>mazot<\/strong> transfer pompas\u0131 solvent, ya\u011f, <strong>mazot<\/strong>, yan\u0131c\u0131 olmayan vb. s\u0131v\u0131lar\u0131n transferinde kullan\u0131l\u0131r. Mekanik mazot, ya\u011f transfer pompas\u0131n\u0131n varile monte edilebilmesi i\u00e7in 2\u2033 varil takozu mevcuttur. Kolay kullan\u0131m\u0131, uzun \u00f6m\u00fcrl\u00fc olu\u015fu, ta\u015f\u0131nabilir olmas\u0131 ve d\u00fc\u015f\u00fck i\u015fletme maliyetli sebebi ile tercih edilir. Boru k\u0131sm\u0131 3 par\u00e7adan olu\u015fmaktad\u0131r, standart ya\u011f varilleri haricinde de kullan\u0131ma uygundur.<\/p>\n<\/div>\n","protected":false},"excerpt":{"rendered":"<p>Mekanik Mazot Aktarma Pompas\u0131 4003 Teknik \u00d6zellikler \u00c7al\u0131\u015fma tipi : El ile Verim : 250 Ml \/ Bir Hareket Kapasite : 208 Lt \u00c7\u0131k\u0131\u015f : 3\/4&#8243; Koli \u00f6l\u00e7\u00fcs\u00fc : 16*34*13 Cm A\u011f\u0131rl\u0131k : 4.75 Kg \u00dcr\u00fcn \u00d6zellikleri Manuel mazot transfer pompas\u0131 solvent, ya\u011f, mazot, yan\u0131c\u0131 olmayan vb. s\u0131v\u0131lar\u0131n transferinde kullan\u0131l\u0131r. Mekanik mazot, ya\u011f transfer pompas\u0131n\u0131n<\/p>\n","protected":false},"featured_media":15718,"comment_status":"closed","ping_status":"open","template":"","meta":[],"product_brand":[],"product_cat":[1401,1404],"product_tag":[],"class_list":{"0":"post-15717","1":"product","2":"type-product","3":"status-publish","4":"has-post-thumbnail","6":"product_cat-mazot-pompa-ve-sayaclari","7":"product_cat-mekanik-mazot-aktarma-pompalari","9":"first","10":"instock","11":"product-type-simple"},"yoast_head":"<!-- This site is optimized with the Yoast SEO plugin v27.6 - https:\/\/yoast.com\/product\/yoast-seo-wordpress\/ -->\n<title>Mekanik Mazot Aktarma Pompas\u0131 4003 - G\u00fclersan Ya\u011flama Cihazlar\u0131<\/title>\n<meta name=\"robots\" content=\"index, follow, max-snippet:-1, max-image-preview:large, max-video-preview:-1\" \/>\n<link rel=\"canonical\" href=\"https:\/\/www.gulersan.com\/en\/urun\/mekanik-mazot-aktarma-pompasi-4003\/\" \/>\n<meta property=\"og:locale\" content=\"en_US\" \/>\n<meta property=\"og:type\" content=\"article\" \/>\n<meta property=\"og:title\" content=\"Mekanik Mazot Aktarma Pompas\u0131 4003 - G\u00fclersan Ya\u011flama Cihazlar\u0131\" \/>\n<meta property=\"og:description\" content=\"Mekanik Mazot Aktarma Pompas\u0131 4003 Teknik \u00d6zellikler \u00c7al\u0131\u015fma tipi : El ile Verim : 250 Ml \/ Bir Hareket Kapasite : 208 Lt \u00c7\u0131k\u0131\u015f : 3\/4&#8243; Koli \u00f6l\u00e7\u00fcs\u00fc : 16*34*13 Cm A\u011f\u0131rl\u0131k : 4.75 Kg \u00dcr\u00fcn \u00d6zellikleri Manuel mazot transfer pompas\u0131 solvent, ya\u011f, mazot, yan\u0131c\u0131 olmayan vb. s\u0131v\u0131lar\u0131n transferinde kullan\u0131l\u0131r. Mekanik mazot, ya\u011f transfer pompas\u0131n\u0131n\" \/>\n<meta property=\"og:url\" content=\"https:\/\/www.gulersan.com\/en\/urun\/mekanik-mazot-aktarma-pompasi-4003\/\" \/>\n<meta property=\"og:site_name\" content=\"G\u00fclersan Ya\u011flama Cihazlar\u0131\" \/>\n<meta property=\"article:modified_time\" content=\"2026-05-05T13:10:23+00:00\" \/>\n<meta property=\"og:image\" content=\"https:\/\/www.gulersan.com\/wp-content\/uploads\/2026\/05\/gls-4003.jpg\" \/>\n\t<meta property=\"og:image:width\" content=\"600\" \/>\n\t<meta property=\"og:image:height\" content=\"590\" \/>\n\t<meta property=\"og:image:type\" content=\"image\/jpeg\" \/>\n<meta name=\"twitter:card\" content=\"summary_large_image\" \/>\n<meta name=\"twitter:label1\" content=\"Est. reading time\" \/>\n\t<meta name=\"twitter:data1\" content=\"1 minute\" \/>\n<script type=\"application\/ld+json\" class=\"yoast-schema-graph\">{\"@context\":\"https:\\\/\\\/schema.org\",\"@graph\":[{\"@type\":\"WebPage\",\"@id\":\"https:\\\/\\\/www.gulersan.com\\\/en\\\/urun\\\/mekanik-mazot-aktarma-pompasi-4003\\\/\",\"url\":\"https:\\\/\\\/www.gulersan.com\\\/en\\\/urun\\\/mekanik-mazot-aktarma-pompasi-4003\\\/\",\"name\":\"Mekanik Mazot Aktarma Pompas\u0131 4003 - G\u00fclersan Ya\u011flama Cihazlar\u0131\",\"isPartOf\":{\"@id\":\"https:\\\/\\\/www.gulersan.com\\\/en\\\/#website\"},\"primaryImageOfPage\":{\"@id\":\"https:\\\/\\\/www.gulersan.com\\\/en\\\/urun\\\/mekanik-mazot-aktarma-pompasi-4003\\\/#primaryimage\"},\"image\":{\"@id\":\"https:\\\/\\\/www.gulersan.com\\\/en\\\/urun\\\/mekanik-mazot-aktarma-pompasi-4003\\\/#primaryimage\"},\"thumbnailUrl\":\"https:\\\/\\\/www.gulersan.com\\\/wp-content\\\/uploads\\\/2026\\\/05\\\/gls-4003.jpg\",\"datePublished\":\"2026-05-05T13:10:20+00:00\",\"dateModified\":\"2026-05-05T13:10:23+00:00\",\"breadcrumb\":{\"@id\":\"https:\\\/\\\/www.gulersan.com\\\/en\\\/urun\\\/mekanik-mazot-aktarma-pompasi-4003\\\/#breadcrumb\"},\"inLanguage\":\"en-US\",\"potentialAction\":[{\"@type\":\"ReadAction\",\"target\":[\"https:\\\/\\\/www.gulersan.com\\\/en\\\/urun\\\/mekanik-mazot-aktarma-pompasi-4003\\\/\"]}]},{\"@type\":\"ImageObject\",\"inLanguage\":\"en-US\",\"@id\":\"https:\\\/\\\/www.gulersan.com\\\/en\\\/urun\\\/mekanik-mazot-aktarma-pompasi-4003\\\/#primaryimage\",\"url\":\"https:\\\/\\\/www.gulersan.com\\\/wp-content\\\/uploads\\\/2026\\\/05\\\/gls-4003.jpg\",\"contentUrl\":\"https:\\\/\\\/www.gulersan.com\\\/wp-content\\\/uploads\\\/2026\\\/05\\\/gls-4003.jpg\",\"width\":600,\"height\":590},{\"@type\":\"BreadcrumbList\",\"@id\":\"https:\\\/\\\/www.gulersan.com\\\/en\\\/urun\\\/mekanik-mazot-aktarma-pompasi-4003\\\/#breadcrumb\",\"itemListElement\":[{\"@type\":\"ListItem\",\"position\":1,\"name\":\"Anasayfa\",\"item\":\"https:\\\/\\\/www.gulersan.com\\\/en\\\/\"},{\"@type\":\"ListItem\",\"position\":2,\"name\":\"\\\/\",\"item\":\"https:\\\/\\\/www.gulersan.com\\\/shop\\\/\"},{\"@type\":\"ListItem\",\"position\":3,\"name\":\"GLS Garaj Ekipmanlar\u0131\",\"item\":\"https:\\\/\\\/www.gulersan.com\\\/en\\\/urun-kategori\\\/gls-garaj-ekipmanlari\\\/\"},{\"@type\":\"ListItem\",\"position\":4,\"name\":\"Mazot Pompa ve Saya\u00e7lar\u0131\",\"item\":\"https:\\\/\\\/www.gulersan.com\\\/en\\\/urun-kategori\\\/gls-garaj-ekipmanlari\\\/mazot-pompa-ve-sayaclari\\\/\"},{\"@type\":\"ListItem\",\"position\":5,\"name\":\"Mekanik Mazot Aktarma Pompalar\u0131\",\"item\":\"https:\\\/\\\/www.gulersan.com\\\/en\\\/urun-kategori\\\/gls-garaj-ekipmanlari\\\/mazot-pompa-ve-sayaclari\\\/mekanik-mazot-aktarma-pompalari\\\/\"},{\"@type\":\"ListItem\",\"position\":6,\"name\":\"Mekanik Mazot Aktarma Pompas\u0131 4003\"}]},{\"@type\":\"WebSite\",\"@id\":\"https:\\\/\\\/www.gulersan.com\\\/en\\\/#website\",\"url\":\"https:\\\/\\\/www.gulersan.com\\\/en\\\/\",\"name\":\"G\u00fclersan Ya\u011flama Cihazlar\u0131\",\"description\":\"Ya\u011flama Makinesi | Haval\u0131 Gres Pompas\u0131 | Ya\u011flama Pompas\u0131 | Ya\u011f \u00c7ekme Pompas\u0131\",\"publisher\":{\"@id\":\"https:\\\/\\\/www.gulersan.com\\\/en\\\/#organization\"},\"potentialAction\":[{\"@type\":\"SearchAction\",\"target\":{\"@type\":\"EntryPoint\",\"urlTemplate\":\"https:\\\/\\\/www.gulersan.com\\\/en\\\/?s={search_term_string}\"},\"query-input\":{\"@type\":\"PropertyValueSpecification\",\"valueRequired\":true,\"valueName\":\"search_term_string\"}}],\"inLanguage\":\"en-US\"},{\"@type\":\"Organization\",\"@id\":\"https:\\\/\\\/www.gulersan.com\\\/en\\\/#organization\",\"name\":\"G\u00fclersan Ya\u011flama Cihazlar\u0131\",\"url\":\"https:\\\/\\\/www.gulersan.com\\\/en\\\/\",\"logo\":{\"@type\":\"ImageObject\",\"inLanguage\":\"en-US\",\"@id\":\"https:\\\/\\\/www.gulersan.com\\\/en\\\/#\\\/schema\\\/logo\\\/image\\\/\",\"url\":\"https:\\\/\\\/www.gulersan.com\\\/wp-content\\\/uploads\\\/2021\\\/01\\\/gulersan-logo-tr.png\",\"contentUrl\":\"https:\\\/\\\/www.gulersan.com\\\/wp-content\\\/uploads\\\/2021\\\/01\\\/gulersan-logo-tr.png\",\"width\":1242,\"height\":302,\"caption\":\"G\u00fclersan Ya\u011flama Cihazlar\u0131\"},\"image\":{\"@id\":\"https:\\\/\\\/www.gulersan.com\\\/en\\\/#\\\/schema\\\/logo\\\/image\\\/\"}}]}<\/script>\n<!-- \/ Yoast SEO plugin. -->","yoast_head_json":{"title":"Mekanik Mazot Aktarma Pompas\u0131 4003 - G\u00fclersan Ya\u011flama Cihazlar\u0131","robots":{"index":"index","follow":"follow","max-snippet":"max-snippet:-1","max-image-preview":"max-image-preview:large","max-video-preview":"max-video-preview:-1"},"canonical":"https:\/\/www.gulersan.com\/en\/urun\/mekanik-mazot-aktarma-pompasi-4003\/","og_locale":"en_US","og_type":"article","og_title":"Mekanik Mazot Aktarma Pompas\u0131 4003 - G\u00fclersan Ya\u011flama Cihazlar\u0131","og_description":"Mekanik Mazot Aktarma Pompas\u0131 4003 Teknik \u00d6zellikler \u00c7al\u0131\u015fma tipi : El ile Verim : 250 Ml \/ Bir Hareket Kapasite : 208 Lt \u00c7\u0131k\u0131\u015f : 3\/4&#8243; Koli \u00f6l\u00e7\u00fcs\u00fc : 16*34*13 Cm A\u011f\u0131rl\u0131k : 4.75 Kg \u00dcr\u00fcn \u00d6zellikleri Manuel mazot transfer pompas\u0131 solvent, ya\u011f, mazot, yan\u0131c\u0131 olmayan vb. s\u0131v\u0131lar\u0131n transferinde kullan\u0131l\u0131r. Mekanik mazot, ya\u011f transfer pompas\u0131n\u0131n","og_url":"https:\/\/www.gulersan.com\/en\/urun\/mekanik-mazot-aktarma-pompasi-4003\/","og_site_name":"G\u00fclersan Ya\u011flama Cihazlar\u0131","article_modified_time":"2026-05-05T13:10:23+00:00","og_image":[{"width":600,"height":590,"url":"https:\/\/www.gulersan.com\/wp-content\/uploads\/2026\/05\/gls-4003.jpg","type":"image\/jpeg"}],"twitter_card":"summary_large_image","twitter_misc":{"Est. reading time":"1 minute"},"schema":{"@context":"https:\/\/schema.org","@graph":[{"@type":"WebPage","@id":"https:\/\/www.gulersan.com\/en\/urun\/mekanik-mazot-aktarma-pompasi-4003\/","url":"https:\/\/www.gulersan.com\/en\/urun\/mekanik-mazot-aktarma-pompasi-4003\/","name":"Mekanik Mazot Aktarma Pompas\u0131 4003 - G\u00fclersan Ya\u011flama Cihazlar\u0131","isPartOf":{"@id":"https:\/\/www.gulersan.com\/en\/#website"},"primaryImageOfPage":{"@id":"https:\/\/www.gulersan.com\/en\/urun\/mekanik-mazot-aktarma-pompasi-4003\/#primaryimage"},"image":{"@id":"https:\/\/www.gulersan.com\/en\/urun\/mekanik-mazot-aktarma-pompasi-4003\/#primaryimage"},"thumbnailUrl":"https:\/\/www.gulersan.com\/wp-content\/uploads\/2026\/05\/gls-4003.jpg","datePublished":"2026-05-05T13:10:20+00:00","dateModified":"2026-05-05T13:10:23+00:00","breadcrumb":{"@id":"https:\/\/www.gulersan.com\/en\/urun\/mekanik-mazot-aktarma-pompasi-4003\/#breadcrumb"},"inLanguage":"en-US","potentialAction":[{"@type":"ReadAction","target":["https:\/\/www.gulersan.com\/en\/urun\/mekanik-mazot-aktarma-pompasi-4003\/"]}]},{"@type":"ImageObject","inLanguage":"en-US","@id":"https:\/\/www.gulersan.com\/en\/urun\/mekanik-mazot-aktarma-pompasi-4003\/#primaryimage","url":"https:\/\/www.gulersan.com\/wp-content\/uploads\/2026\/05\/gls-4003.jpg","contentUrl":"https:\/\/www.gulersan.com\/wp-content\/uploads\/2026\/05\/gls-4003.jpg","width":600,"height":590},{"@type":"BreadcrumbList","@id":"https:\/\/www.gulersan.com\/en\/urun\/mekanik-mazot-aktarma-pompasi-4003\/#breadcrumb","itemListElement":[{"@type":"ListItem","position":1,"name":"Anasayfa","item":"https:\/\/www.gulersan.com\/en\/"},{"@type":"ListItem","position":2,"name":"\/","item":"https:\/\/www.gulersan.com\/shop\/"},{"@type":"ListItem","position":3,"name":"GLS Garaj Ekipmanlar\u0131","item":"https:\/\/www.gulersan.com\/en\/urun-kategori\/gls-garaj-ekipmanlari\/"},{"@type":"ListItem","position":4,"name":"Mazot Pompa ve Saya\u00e7lar\u0131","item":"https:\/\/www.gulersan.com\/en\/urun-kategori\/gls-garaj-ekipmanlari\/mazot-pompa-ve-sayaclari\/"},{"@type":"ListItem","position":5,"name":"Mekanik Mazot Aktarma Pompalar\u0131","item":"https:\/\/www.gulersan.com\/en\/urun-kategori\/gls-garaj-ekipmanlari\/mazot-pompa-ve-sayaclari\/mekanik-mazot-aktarma-pompalari\/"},{"@type":"ListItem","position":6,"name":"Mekanik Mazot Aktarma Pompas\u0131 4003"}]},{"@type":"WebSite","@id":"https:\/\/www.gulersan.com\/en\/#website","url":"https:\/\/www.gulersan.com\/en\/","name":"G\u00fclersan Ya\u011flama Cihazlar\u0131","description":"Ya\u011flama Makinesi | Haval\u0131 Gres Pompas\u0131 | Ya\u011flama Pompas\u0131 | Ya\u011f \u00c7ekme Pompas\u0131","publisher":{"@id":"https:\/\/www.gulersan.com\/en\/#organization"},"potentialAction":[{"@type":"SearchAction","target":{"@type":"EntryPoint","urlTemplate":"https:\/\/www.gulersan.com\/en\/?s={search_term_string}"},"query-input":{"@type":"PropertyValueSpecification","valueRequired":true,"valueName":"search_term_string"}}],"inLanguage":"en-US"},{"@type":"Organization","@id":"https:\/\/www.gulersan.com\/en\/#organization","name":"G\u00fclersan Ya\u011flama Cihazlar\u0131","url":"https:\/\/www.gulersan.com\/en\/","logo":{"@type":"ImageObject","inLanguage":"en-US","@id":"https:\/\/www.gulersan.com\/en\/#\/schema\/logo\/image\/","url":"https:\/\/www.gulersan.com\/wp-content\/uploads\/2021\/01\/gulersan-logo-tr.png","contentUrl":"https:\/\/www.gulersan.com\/wp-content\/uploads\/2021\/01\/gulersan-logo-tr.png","width":1242,"height":302,"caption":"G\u00fclersan Ya\u011flama Cihazlar\u0131"},"image":{"@id":"https:\/\/www.gulersan.com\/en\/#\/schema\/logo\/image\/"}}]}},"_links":{"self":[{"href":"https:\/\/www.gulersan.com\/en\/wp-json\/wp\/v2\/product\/15717","targetHints":{"allow":["GET"]}}],"collection":[{"href":"https:\/\/www.gulersan.com\/en\/wp-json\/wp\/v2\/product"}],"about":[{"href":"https:\/\/www.gulersan.com\/en\/wp-json\/wp\/v2\/types\/product"}],"replies":[{"embeddable":true,"href":"https:\/\/www.gulersan.com\/en\/wp-json\/wp\/v2\/comments?post=15717"}],"wp:featuredmedia":[{"embeddable":true,"href":"https:\/\/www.gulersan.com\/en\/wp-json\/wp\/v2\/media\/15718"}],"wp:attachment":[{"href":"https:\/\/www.gulersan.com\/en\/wp-json\/wp\/v2\/media?parent=15717"}],"wp:term":[{"taxonomy":"product_brand","embeddable":true,"href":"https:\/\/www.gulersan.com\/en\/wp-json\/wp\/v2\/product_brand?post=15717"},{"taxonomy":"product_cat","embeddable":true,"href":"https:\/\/www.gulersan.com\/en\/wp-json\/wp\/v2\/product_cat?post=15717"},{"taxonomy":"product_tag","embeddable":true,"href":"https:\/\/www.gulersan.com\/en\/wp-json\/wp\/v2\/product_tag?post=15717"}],"curies":[{"name":"wp","href":"https:\/\/api.w.org\/{rel}","templated":true}]}}