{"id":15733,"date":"2026-05-05T16:10:20","date_gmt":"2026-05-05T13:10:20","guid":{"rendered":"https:\/\/www.gulersan.com\/urun\/kollu-manuel-hidrolik-pres-15-ton-hp15\/"},"modified":"2026-05-05T16:10:29","modified_gmt":"2026-05-05T13:10:29","slug":"kollu-manuel-hidrolik-pres-15-ton-hp15","status":"publish","type":"product","link":"https:\/\/www.gulersan.com\/en\/urun\/kollu-manuel-hidrolik-pres-15-ton-hp15\/","title":{"rendered":"Kollu Manuel Hidrolik Pres 15 Ton HP15"},"content":{"rendered":"<h2 style=\"text-align: left;\"><span style=\"color: #000080;\"><strong>Kollu Manuel Hidrolik Pres 15 Ton HP15<\/strong><\/span><\/h2>\n<div>\n<p><span style=\"font-size: 120%;\"><strong><img loading=\"lazy\" decoding=\"async\" class=\"alignnone wp-image-12531\" src=\"https:\/\/www.glsgaraj.com\/wp-content\/uploads\/2021\/06\/konuiciikon.png\" alt=\"\" width=\"18\" height=\"19\" \/> \u00dcr\u00fcn \u00d6zellikleri<\/strong><\/span><\/p>\n<p><img loading=\"lazy\" decoding=\"async\" class=\"alignnone wp-image-12535\" src=\"https:\/\/www.glsgaraj.com\/wp-content\/uploads\/2021\/06\/tikisareti-1.png\" alt=\"\" width=\"18\" height=\"16\" \/> Kapasite: 15 Ton<\/p>\n<p>HP15, presleme, b\u00fckme, d\u00fczle\u015ftirme ve \u015fekillendirme g\u00f6revlerinin gerekli oldu\u011fu otomotiv, kamyon ve end\u00fcstriyel tamir at\u00f6lyeleri i\u00e7in tasarlanm\u0131\u015ft\u0131r. Tipik uygulamalar aras\u0131nda alternat\u00f6r ve hidrolik direksiyon pompas\u0131 yataklar\u0131n\u0131n, aks yataklar\u0131n\u0131n, \u015fanz\u0131man yataklar\u0131n\u0131n, ke\u00e7elerin ve di\u011fer bir\u00e7ok i\u015fin tak\u0131lmas\u0131 ve s\u00f6k\u00fclmesi yer al\u0131r.<\/p>\n<p>Y\u00fcksek kaliteli \u00e7elikten imal edilmi\u015ftir, H tipi \u00e7er\u00e7eveye sahiptir.<br \/>\nUzun \u00f6m\u00fcrl\u00fc olmas\u0131 ve paslanmay\u0131 \u00f6nlemeye yard\u0131mc\u0131 olmak i\u00e7in kimyasal y\u0131kamadan sonra boyanm\u0131\u015ft\u0131r. Boya, kolay temizlik i\u00e7in ya\u011fa, grese dayan\u0131kl\u0131d\u0131r.<br \/>\nGeni\u015f \u00e7apl\u0131 hidrolik \u00e7elik silindir \u00fcnitesi, y\u00fck\u00fc kald\u0131rmak i\u00e7in gereken daha d\u00fc\u015f\u00fck ya\u011f bas\u0131nc\u0131 sa\u011flayarak a\u015f\u0131nmay\u0131 azaltmaya ve hizmet \u00f6mr\u00fcn\u00fc uzatmaya yard\u0131mc\u0131 olur, kolay pompalama i\u00e7in sap dahildir.<\/p>\n<p><span style=\"font-size: 120%;\"><strong><img loading=\"lazy\" decoding=\"async\" class=\"alignnone wp-image-12531\" src=\"https:\/\/www.glsgaraj.com\/wp-content\/uploads\/2021\/06\/konuiciikon.png\" alt=\"\" width=\"18\" height=\"19\" \/> \u00d6l\u00e7\u00fcler<br \/>\n<\/strong><\/span><\/p>\n<table style=\"border-collapse: collapse; width: 645px; height: 45px;\" border=\"0\" width=\"640\" cellspacing=\"0\" cellpadding=\"0\">\n<tbody>\n<tr style=\"height: 15.0pt;\">\n<td class=\"xl65\" style=\"height: 15.0pt; width: 48pt;\" width=\"64\" height=\"20\">A<\/td>\n<td class=\"xl65\" style=\"border-left: none; width: 48pt;\" width=\"64\">B<\/td>\n<td class=\"xl65\" style=\"border-left: none; width: 48pt;\" width=\"64\">C<\/td>\n<td class=\"xl65\" style=\"border-left: none; width: 48pt;\" width=\"64\">D<\/td>\n<td class=\"xl65\" style=\"border-left: none; width: 48pt;\" width=\"64\">E<\/td>\n<td class=\"xl65\" style=\"border-left: none; width: 48pt;\" width=\"64\">F<\/td>\n<td class=\"xl65\" style=\"border-left: none; width: 48pt;\" width=\"64\">G<\/td>\n<td class=\"xl65\" style=\"border-left: none; width: 48pt;\" width=\"64\">H<\/td>\n<td class=\"xl65\" style=\"border-left: none; width: 48pt;\" width=\"64\">J<\/td>\n<td class=\"xl65\" style=\"border-left: none; width: 48pt;\" width=\"64\">K<\/td>\n<\/tr>\n<tr style=\"height: 15.0pt;\">\n<td class=\"xl65\" style=\"height: 15.0pt; border-top: none;\" height=\"20\">157 Cm<\/td>\n<td class=\"xl65\" style=\"border-top: none; border-left: none;\">147 Cm<\/td>\n<td class=\"xl65\" style=\"border-top: none; border-left: none;\">5 Cm<\/td>\n<td class=\"xl65\" style=\"border-top: none; border-left: none;\">46 Cm<\/td>\n<td class=\"xl65\" style=\"border-top: none; border-left: none;\">59 Cm<\/td>\n<td class=\"xl65\" style=\"border-top: none; border-left: none;\">16 Cm<\/td>\n<td class=\"xl65\" style=\"border-top: none; border-left: none;\">15 Cm<\/td>\n<td class=\"xl65\" style=\"border-top: none; border-left: none;\">15 Cm<\/td>\n<td class=\"xl65\" style=\"border-top: none; border-left: none;\">18 Cm<\/td>\n<td class=\"xl65\" style=\"border-top: none; border-left: none;\">50 Cm<\/td>\n<\/tr>\n<\/tbody>\n<\/table>\n<p><img loading=\"lazy\" decoding=\"async\" class=\"alignnone size-full wp-image-15954\" src=\"https:\/\/www.glsgaraj.com\/wp-content\/uploads\/2021\/08\/pres-olcu-sablonu-1.jpg\" alt=\"\" width=\"435\" height=\"359\" \/><\/p>\n<\/div>\n","protected":false},"excerpt":{"rendered":"<p>Kollu Manuel Hidrolik Pres 15 Ton HP15 \u00dcr\u00fcn \u00d6zellikleri Kapasite: 15 Ton HP15, presleme, b\u00fckme, d\u00fczle\u015ftirme ve \u015fekillendirme g\u00f6revlerinin gerekli oldu\u011fu otomotiv, kamyon ve end\u00fcstriyel tamir at\u00f6lyeleri i\u00e7in tasarlanm\u0131\u015ft\u0131r. Tipik uygulamalar aras\u0131nda alternat\u00f6r ve hidrolik direksiyon pompas\u0131 yataklar\u0131n\u0131n, aks yataklar\u0131n\u0131n, \u015fanz\u0131man yataklar\u0131n\u0131n, ke\u00e7elerin ve di\u011fer bir\u00e7ok i\u015fin tak\u0131lmas\u0131 ve s\u00f6k\u00fclmesi yer al\u0131r. Y\u00fcksek kaliteli \u00e7elikten<\/p>\n","protected":false},"featured_media":15734,"comment_status":"closed","ping_status":"open","template":"","meta":[],"product_brand":[],"product_cat":[1429,1428],"product_tag":[],"class_list":{"0":"post-15733","1":"product","2":"type-product","3":"status-publish","4":"has-post-thumbnail","6":"product_cat-hidrolik-presler","7":"product_cat-otomotiv-servis-ekipmanlari","9":"first","10":"instock","11":"product-type-simple"},"yoast_head":"<!-- This site is optimized with the Yoast SEO plugin v27.6 - https:\/\/yoast.com\/product\/yoast-seo-wordpress\/ -->\n<title>Kollu Manuel Hidrolik Pres 15 Ton HP15 - G\u00fclersan Ya\u011flama Cihazlar\u0131<\/title>\n<meta name=\"robots\" content=\"index, follow, max-snippet:-1, max-image-preview:large, max-video-preview:-1\" \/>\n<link rel=\"canonical\" href=\"https:\/\/www.gulersan.com\/en\/urun\/kollu-manuel-hidrolik-pres-15-ton-hp15\/\" \/>\n<meta property=\"og:locale\" content=\"en_US\" \/>\n<meta property=\"og:type\" content=\"article\" \/>\n<meta property=\"og:title\" content=\"Kollu Manuel Hidrolik Pres 15 Ton HP15 - G\u00fclersan Ya\u011flama Cihazlar\u0131\" \/>\n<meta property=\"og:description\" content=\"Kollu Manuel Hidrolik Pres 15 Ton HP15 \u00dcr\u00fcn \u00d6zellikleri Kapasite: 15 Ton HP15, presleme, b\u00fckme, d\u00fczle\u015ftirme ve \u015fekillendirme g\u00f6revlerinin gerekli oldu\u011fu otomotiv, kamyon ve end\u00fcstriyel tamir at\u00f6lyeleri i\u00e7in tasarlanm\u0131\u015ft\u0131r. Tipik uygulamalar aras\u0131nda alternat\u00f6r ve hidrolik direksiyon pompas\u0131 yataklar\u0131n\u0131n, aks yataklar\u0131n\u0131n, \u015fanz\u0131man yataklar\u0131n\u0131n, ke\u00e7elerin ve di\u011fer bir\u00e7ok i\u015fin tak\u0131lmas\u0131 ve s\u00f6k\u00fclmesi yer al\u0131r. Y\u00fcksek kaliteli \u00e7elikten\" \/>\n<meta property=\"og:url\" content=\"https:\/\/www.gulersan.com\/en\/urun\/kollu-manuel-hidrolik-pres-15-ton-hp15\/\" \/>\n<meta property=\"og:site_name\" content=\"G\u00fclersan Ya\u011flama Cihazlar\u0131\" \/>\n<meta property=\"article:modified_time\" content=\"2026-05-05T13:10:29+00:00\" \/>\n<meta property=\"og:image\" content=\"https:\/\/www.gulersan.com\/wp-content\/uploads\/2026\/05\/hidrolik-pres-hp15.jpg\" \/>\n\t<meta property=\"og:image:width\" content=\"594\" \/>\n\t<meta property=\"og:image:height\" content=\"605\" \/>\n\t<meta property=\"og:image:type\" content=\"image\/jpeg\" \/>\n<meta name=\"twitter:card\" content=\"summary_large_image\" \/>\n<meta name=\"twitter:label1\" content=\"Est. reading time\" \/>\n\t<meta name=\"twitter:data1\" content=\"1 minute\" \/>\n<script type=\"application\/ld+json\" class=\"yoast-schema-graph\">{\"@context\":\"https:\\\/\\\/schema.org\",\"@graph\":[{\"@type\":\"WebPage\",\"@id\":\"https:\\\/\\\/www.gulersan.com\\\/en\\\/urun\\\/kollu-manuel-hidrolik-pres-15-ton-hp15\\\/\",\"url\":\"https:\\\/\\\/www.gulersan.com\\\/en\\\/urun\\\/kollu-manuel-hidrolik-pres-15-ton-hp15\\\/\",\"name\":\"Kollu Manuel Hidrolik Pres 15 Ton HP15 - G\u00fclersan Ya\u011flama Cihazlar\u0131\",\"isPartOf\":{\"@id\":\"https:\\\/\\\/www.gulersan.com\\\/en\\\/#website\"},\"primaryImageOfPage\":{\"@id\":\"https:\\\/\\\/www.gulersan.com\\\/en\\\/urun\\\/kollu-manuel-hidrolik-pres-15-ton-hp15\\\/#primaryimage\"},\"image\":{\"@id\":\"https:\\\/\\\/www.gulersan.com\\\/en\\\/urun\\\/kollu-manuel-hidrolik-pres-15-ton-hp15\\\/#primaryimage\"},\"thumbnailUrl\":\"https:\\\/\\\/www.gulersan.com\\\/wp-content\\\/uploads\\\/2026\\\/05\\\/hidrolik-pres-hp15.jpg\",\"datePublished\":\"2026-05-05T13:10:20+00:00\",\"dateModified\":\"2026-05-05T13:10:29+00:00\",\"breadcrumb\":{\"@id\":\"https:\\\/\\\/www.gulersan.com\\\/en\\\/urun\\\/kollu-manuel-hidrolik-pres-15-ton-hp15\\\/#breadcrumb\"},\"inLanguage\":\"en-US\",\"potentialAction\":[{\"@type\":\"ReadAction\",\"target\":[\"https:\\\/\\\/www.gulersan.com\\\/en\\\/urun\\\/kollu-manuel-hidrolik-pres-15-ton-hp15\\\/\"]}]},{\"@type\":\"ImageObject\",\"inLanguage\":\"en-US\",\"@id\":\"https:\\\/\\\/www.gulersan.com\\\/en\\\/urun\\\/kollu-manuel-hidrolik-pres-15-ton-hp15\\\/#primaryimage\",\"url\":\"https:\\\/\\\/www.gulersan.com\\\/wp-content\\\/uploads\\\/2026\\\/05\\\/hidrolik-pres-hp15.jpg\",\"contentUrl\":\"https:\\\/\\\/www.gulersan.com\\\/wp-content\\\/uploads\\\/2026\\\/05\\\/hidrolik-pres-hp15.jpg\",\"width\":594,\"height\":605},{\"@type\":\"BreadcrumbList\",\"@id\":\"https:\\\/\\\/www.gulersan.com\\\/en\\\/urun\\\/kollu-manuel-hidrolik-pres-15-ton-hp15\\\/#breadcrumb\",\"itemListElement\":[{\"@type\":\"ListItem\",\"position\":1,\"name\":\"Anasayfa\",\"item\":\"https:\\\/\\\/www.gulersan.com\\\/en\\\/\"},{\"@type\":\"ListItem\",\"position\":2,\"name\":\"\\\/\",\"item\":\"https:\\\/\\\/www.gulersan.com\\\/shop\\\/\"},{\"@type\":\"ListItem\",\"position\":3,\"name\":\"GLS Garaj Ekipmanlar\u0131\",\"item\":\"https:\\\/\\\/www.gulersan.com\\\/en\\\/urun-kategori\\\/gls-garaj-ekipmanlari\\\/\"},{\"@type\":\"ListItem\",\"position\":4,\"name\":\"Otomotiv Servis Ekipmanlar\u0131\",\"item\":\"https:\\\/\\\/www.gulersan.com\\\/en\\\/urun-kategori\\\/gls-garaj-ekipmanlari\\\/otomotiv-servis-ekipmanlari\\\/\"},{\"@type\":\"ListItem\",\"position\":5,\"name\":\"Hidrolik Presler\",\"item\":\"https:\\\/\\\/www.gulersan.com\\\/en\\\/urun-kategori\\\/gls-garaj-ekipmanlari\\\/otomotiv-servis-ekipmanlari\\\/hidrolik-presler\\\/\"},{\"@type\":\"ListItem\",\"position\":6,\"name\":\"Kollu Manuel Hidrolik Pres 15 Ton HP15\"}]},{\"@type\":\"WebSite\",\"@id\":\"https:\\\/\\\/www.gulersan.com\\\/en\\\/#website\",\"url\":\"https:\\\/\\\/www.gulersan.com\\\/en\\\/\",\"name\":\"G\u00fclersan Ya\u011flama Cihazlar\u0131\",\"description\":\"Ya\u011flama Makinesi | Haval\u0131 Gres Pompas\u0131 | Ya\u011flama Pompas\u0131 | Ya\u011f \u00c7ekme Pompas\u0131\",\"publisher\":{\"@id\":\"https:\\\/\\\/www.gulersan.com\\\/en\\\/#organization\"},\"potentialAction\":[{\"@type\":\"SearchAction\",\"target\":{\"@type\":\"EntryPoint\",\"urlTemplate\":\"https:\\\/\\\/www.gulersan.com\\\/en\\\/?s={search_term_string}\"},\"query-input\":{\"@type\":\"PropertyValueSpecification\",\"valueRequired\":true,\"valueName\":\"search_term_string\"}}],\"inLanguage\":\"en-US\"},{\"@type\":\"Organization\",\"@id\":\"https:\\\/\\\/www.gulersan.com\\\/en\\\/#organization\",\"name\":\"G\u00fclersan Ya\u011flama Cihazlar\u0131\",\"url\":\"https:\\\/\\\/www.gulersan.com\\\/en\\\/\",\"logo\":{\"@type\":\"ImageObject\",\"inLanguage\":\"en-US\",\"@id\":\"https:\\\/\\\/www.gulersan.com\\\/en\\\/#\\\/schema\\\/logo\\\/image\\\/\",\"url\":\"https:\\\/\\\/www.gulersan.com\\\/wp-content\\\/uploads\\\/2021\\\/01\\\/gulersan-logo-tr.png\",\"contentUrl\":\"https:\\\/\\\/www.gulersan.com\\\/wp-content\\\/uploads\\\/2021\\\/01\\\/gulersan-logo-tr.png\",\"width\":1242,\"height\":302,\"caption\":\"G\u00fclersan Ya\u011flama Cihazlar\u0131\"},\"image\":{\"@id\":\"https:\\\/\\\/www.gulersan.com\\\/en\\\/#\\\/schema\\\/logo\\\/image\\\/\"}}]}<\/script>\n<!-- \/ Yoast SEO plugin. -->","yoast_head_json":{"title":"Kollu Manuel Hidrolik Pres 15 Ton HP15 - G\u00fclersan Ya\u011flama Cihazlar\u0131","robots":{"index":"index","follow":"follow","max-snippet":"max-snippet:-1","max-image-preview":"max-image-preview:large","max-video-preview":"max-video-preview:-1"},"canonical":"https:\/\/www.gulersan.com\/en\/urun\/kollu-manuel-hidrolik-pres-15-ton-hp15\/","og_locale":"en_US","og_type":"article","og_title":"Kollu Manuel Hidrolik Pres 15 Ton HP15 - G\u00fclersan Ya\u011flama Cihazlar\u0131","og_description":"Kollu Manuel Hidrolik Pres 15 Ton HP15 \u00dcr\u00fcn \u00d6zellikleri Kapasite: 15 Ton HP15, presleme, b\u00fckme, d\u00fczle\u015ftirme ve \u015fekillendirme g\u00f6revlerinin gerekli oldu\u011fu otomotiv, kamyon ve end\u00fcstriyel tamir at\u00f6lyeleri i\u00e7in tasarlanm\u0131\u015ft\u0131r. Tipik uygulamalar aras\u0131nda alternat\u00f6r ve hidrolik direksiyon pompas\u0131 yataklar\u0131n\u0131n, aks yataklar\u0131n\u0131n, \u015fanz\u0131man yataklar\u0131n\u0131n, ke\u00e7elerin ve di\u011fer bir\u00e7ok i\u015fin tak\u0131lmas\u0131 ve s\u00f6k\u00fclmesi yer al\u0131r. Y\u00fcksek kaliteli \u00e7elikten","og_url":"https:\/\/www.gulersan.com\/en\/urun\/kollu-manuel-hidrolik-pres-15-ton-hp15\/","og_site_name":"G\u00fclersan Ya\u011flama Cihazlar\u0131","article_modified_time":"2026-05-05T13:10:29+00:00","og_image":[{"width":594,"height":605,"url":"https:\/\/www.gulersan.com\/wp-content\/uploads\/2026\/05\/hidrolik-pres-hp15.jpg","type":"image\/jpeg"}],"twitter_card":"summary_large_image","twitter_misc":{"Est. reading time":"1 minute"},"schema":{"@context":"https:\/\/schema.org","@graph":[{"@type":"WebPage","@id":"https:\/\/www.gulersan.com\/en\/urun\/kollu-manuel-hidrolik-pres-15-ton-hp15\/","url":"https:\/\/www.gulersan.com\/en\/urun\/kollu-manuel-hidrolik-pres-15-ton-hp15\/","name":"Kollu Manuel Hidrolik Pres 15 Ton HP15 - G\u00fclersan Ya\u011flama Cihazlar\u0131","isPartOf":{"@id":"https:\/\/www.gulersan.com\/en\/#website"},"primaryImageOfPage":{"@id":"https:\/\/www.gulersan.com\/en\/urun\/kollu-manuel-hidrolik-pres-15-ton-hp15\/#primaryimage"},"image":{"@id":"https:\/\/www.gulersan.com\/en\/urun\/kollu-manuel-hidrolik-pres-15-ton-hp15\/#primaryimage"},"thumbnailUrl":"https:\/\/www.gulersan.com\/wp-content\/uploads\/2026\/05\/hidrolik-pres-hp15.jpg","datePublished":"2026-05-05T13:10:20+00:00","dateModified":"2026-05-05T13:10:29+00:00","breadcrumb":{"@id":"https:\/\/www.gulersan.com\/en\/urun\/kollu-manuel-hidrolik-pres-15-ton-hp15\/#breadcrumb"},"inLanguage":"en-US","potentialAction":[{"@type":"ReadAction","target":["https:\/\/www.gulersan.com\/en\/urun\/kollu-manuel-hidrolik-pres-15-ton-hp15\/"]}]},{"@type":"ImageObject","inLanguage":"en-US","@id":"https:\/\/www.gulersan.com\/en\/urun\/kollu-manuel-hidrolik-pres-15-ton-hp15\/#primaryimage","url":"https:\/\/www.gulersan.com\/wp-content\/uploads\/2026\/05\/hidrolik-pres-hp15.jpg","contentUrl":"https:\/\/www.gulersan.com\/wp-content\/uploads\/2026\/05\/hidrolik-pres-hp15.jpg","width":594,"height":605},{"@type":"BreadcrumbList","@id":"https:\/\/www.gulersan.com\/en\/urun\/kollu-manuel-hidrolik-pres-15-ton-hp15\/#breadcrumb","itemListElement":[{"@type":"ListItem","position":1,"name":"Anasayfa","item":"https:\/\/www.gulersan.com\/en\/"},{"@type":"ListItem","position":2,"name":"\/","item":"https:\/\/www.gulersan.com\/shop\/"},{"@type":"ListItem","position":3,"name":"GLS Garaj Ekipmanlar\u0131","item":"https:\/\/www.gulersan.com\/en\/urun-kategori\/gls-garaj-ekipmanlari\/"},{"@type":"ListItem","position":4,"name":"Otomotiv Servis Ekipmanlar\u0131","item":"https:\/\/www.gulersan.com\/en\/urun-kategori\/gls-garaj-ekipmanlari\/otomotiv-servis-ekipmanlari\/"},{"@type":"ListItem","position":5,"name":"Hidrolik Presler","item":"https:\/\/www.gulersan.com\/en\/urun-kategori\/gls-garaj-ekipmanlari\/otomotiv-servis-ekipmanlari\/hidrolik-presler\/"},{"@type":"ListItem","position":6,"name":"Kollu Manuel Hidrolik Pres 15 Ton HP15"}]},{"@type":"WebSite","@id":"https:\/\/www.gulersan.com\/en\/#website","url":"https:\/\/www.gulersan.com\/en\/","name":"G\u00fclersan Ya\u011flama Cihazlar\u0131","description":"Ya\u011flama Makinesi | Haval\u0131 Gres Pompas\u0131 | Ya\u011flama Pompas\u0131 | Ya\u011f \u00c7ekme Pompas\u0131","publisher":{"@id":"https:\/\/www.gulersan.com\/en\/#organization"},"potentialAction":[{"@type":"SearchAction","target":{"@type":"EntryPoint","urlTemplate":"https:\/\/www.gulersan.com\/en\/?s={search_term_string}"},"query-input":{"@type":"PropertyValueSpecification","valueRequired":true,"valueName":"search_term_string"}}],"inLanguage":"en-US"},{"@type":"Organization","@id":"https:\/\/www.gulersan.com\/en\/#organization","name":"G\u00fclersan Ya\u011flama Cihazlar\u0131","url":"https:\/\/www.gulersan.com\/en\/","logo":{"@type":"ImageObject","inLanguage":"en-US","@id":"https:\/\/www.gulersan.com\/en\/#\/schema\/logo\/image\/","url":"https:\/\/www.gulersan.com\/wp-content\/uploads\/2021\/01\/gulersan-logo-tr.png","contentUrl":"https:\/\/www.gulersan.com\/wp-content\/uploads\/2021\/01\/gulersan-logo-tr.png","width":1242,"height":302,"caption":"G\u00fclersan Ya\u011flama Cihazlar\u0131"},"image":{"@id":"https:\/\/www.gulersan.com\/en\/#\/schema\/logo\/image\/"}}]}},"_links":{"self":[{"href":"https:\/\/www.gulersan.com\/en\/wp-json\/wp\/v2\/product\/15733","targetHints":{"allow":["GET"]}}],"collection":[{"href":"https:\/\/www.gulersan.com\/en\/wp-json\/wp\/v2\/product"}],"about":[{"href":"https:\/\/www.gulersan.com\/en\/wp-json\/wp\/v2\/types\/product"}],"replies":[{"embeddable":true,"href":"https:\/\/www.gulersan.com\/en\/wp-json\/wp\/v2\/comments?post=15733"}],"wp:featuredmedia":[{"embeddable":true,"href":"https:\/\/www.gulersan.com\/en\/wp-json\/wp\/v2\/media\/15734"}],"wp:attachment":[{"href":"https:\/\/www.gulersan.com\/en\/wp-json\/wp\/v2\/media?parent=15733"}],"wp:term":[{"taxonomy":"product_brand","embeddable":true,"href":"https:\/\/www.gulersan.com\/en\/wp-json\/wp\/v2\/product_brand?post=15733"},{"taxonomy":"product_cat","embeddable":true,"href":"https:\/\/www.gulersan.com\/en\/wp-json\/wp\/v2\/product_cat?post=15733"},{"taxonomy":"product_tag","embeddable":true,"href":"https:\/\/www.gulersan.com\/en\/wp-json\/wp\/v2\/product_tag?post=15733"}],"curies":[{"name":"wp","href":"https:\/\/api.w.org\/{rel}","templated":true}]}}