{"id":15759,"date":"2026-05-05T16:10:49","date_gmt":"2026-05-05T13:10:49","guid":{"rendered":"https:\/\/www.gulersan.com\/urun\/arac-alti-sehpa-12-ton-gas12\/"},"modified":"2026-05-05T16:10:57","modified_gmt":"2026-05-05T13:10:57","slug":"arac-alti-sehpa-12-ton-gas12","status":"publish","type":"product","link":"https:\/\/www.gulersan.com\/en\/urun\/arac-alti-sehpa-12-ton-gas12\/","title":{"rendered":"Ara\u00e7 Alt\u0131 Sehpa 12 Ton GAS12"},"content":{"rendered":"<h2 style=\"text-align: left;\"><span style=\"color: #000080;\"><strong>Ara\u00e7 Alt\u0131 Sehpa 12 Ton GAS12<\/strong><\/span><\/h2>\n<div>\n<p><span style=\"font-size: 120%;\"><strong><img loading=\"lazy\" decoding=\"async\" class=\"alignnone wp-image-12531\" src=\"https:\/\/www.glsgaraj.com\/wp-content\/uploads\/2021\/06\/konuiciikon.png\" alt=\"\" width=\"18\" height=\"19\" \/> \u00dcr\u00fcn \u00d6zellikleri<\/strong><\/span><\/p>\n<p><img loading=\"lazy\" decoding=\"async\" class=\"alignnone wp-image-12535\" src=\"https:\/\/www.glsgaraj.com\/wp-content\/uploads\/2021\/06\/tikisareti-1.png\" alt=\"\" width=\"18\" height=\"16\" \/> Kapasitesi : 12 Ton<br \/>\n<img loading=\"lazy\" decoding=\"async\" class=\"alignnone wp-image-12535\" src=\"https:\/\/www.glsgaraj.com\/wp-content\/uploads\/2021\/06\/tikisareti-1.png\" alt=\"\" width=\"18\" height=\"16\" \/> Bayrakl\u0131 Tip<br \/>\n<img loading=\"lazy\" decoding=\"async\" class=\"alignnone wp-image-12535\" src=\"https:\/\/www.glsgaraj.com\/wp-content\/uploads\/2021\/06\/tikisareti-1.png\" alt=\"\" width=\"18\" height=\"16\" \/> G\u00fcvenlik Pimli<\/p>\n<p>Kriko Stand\u0131, kriko ile kald\u0131r\u0131lm\u0131\u015f arac\u0131n alt\u0131na konularak araban\u0131n havada emniyetli ve g\u00fcvenilir bir \u015fekilde durmas\u0131n\u0131 sa\u011flar. Kaynakl\u0131 bayrakl\u0131 tip \u00e7elik plaka ile g\u00fc\u00e7lendirilmi\u015ftir. G\u00fcvenlik pimi sayesinde y\u00fck\u00fcn kazara serbest kalmas\u0131n\u0131 \u00f6nler. \u00c7ift kullan\u0131lmas\u0131 \u00f6nerilir.<\/p>\n<p><span style=\"font-size: 120%;\"><strong><img loading=\"lazy\" decoding=\"async\" class=\"alignnone wp-image-12531\" src=\"https:\/\/www.glsgaraj.com\/wp-content\/uploads\/2021\/06\/konuiciikon.png\" alt=\"\" width=\"18\" height=\"19\" \/> \u00d6l\u00e7\u00fcler<\/strong><\/span><\/p>\n<p>&nbsp;<\/p>\n<\/div>\n","protected":false},"excerpt":{"rendered":"<p>Ara\u00e7 Alt\u0131 Sehpa 12 Ton GAS12 \u00dcr\u00fcn \u00d6zellikleri Kapasitesi : 12 Ton Bayrakl\u0131 Tip G\u00fcvenlik Pimli Kriko Stand\u0131, kriko ile kald\u0131r\u0131lm\u0131\u015f arac\u0131n alt\u0131na konularak araban\u0131n havada emniyetli ve g\u00fcvenilir bir \u015fekilde durmas\u0131n\u0131 sa\u011flar. Kaynakl\u0131 bayrakl\u0131 tip \u00e7elik plaka ile g\u00fc\u00e7lendirilmi\u015ftir. G\u00fcvenlik pimi sayesinde y\u00fck\u00fcn kazara serbest kalmas\u0131n\u0131 \u00f6nler. \u00c7ift kullan\u0131lmas\u0131 \u00f6nerilir. \u00d6l\u00e7\u00fcler &nbsp;<\/p>\n","protected":false},"featured_media":15760,"comment_status":"closed","ping_status":"open","template":"","meta":[],"product_brand":[],"product_cat":[1440,1428],"product_tag":[],"class_list":{"0":"post-15759","1":"product","2":"type-product","3":"status-publish","4":"has-post-thumbnail","6":"product_cat-arac-alti-sehpalar","7":"product_cat-otomotiv-servis-ekipmanlari","9":"first","10":"instock","11":"product-type-simple"},"yoast_head":"<!-- This site is optimized with the Yoast SEO plugin v27.6 - https:\/\/yoast.com\/product\/yoast-seo-wordpress\/ -->\n<title>Ara\u00e7 Alt\u0131 Sehpa 12 Ton GAS12 - G\u00fclersan Ya\u011flama Cihazlar\u0131<\/title>\n<meta name=\"robots\" content=\"index, follow, max-snippet:-1, max-image-preview:large, max-video-preview:-1\" \/>\n<link rel=\"canonical\" href=\"https:\/\/www.gulersan.com\/en\/urun\/arac-alti-sehpa-12-ton-gas12\/\" \/>\n<meta property=\"og:locale\" content=\"en_US\" \/>\n<meta property=\"og:type\" content=\"article\" \/>\n<meta property=\"og:title\" content=\"Ara\u00e7 Alt\u0131 Sehpa 12 Ton GAS12 - G\u00fclersan Ya\u011flama Cihazlar\u0131\" \/>\n<meta property=\"og:description\" content=\"Ara\u00e7 Alt\u0131 Sehpa 12 Ton GAS12 \u00dcr\u00fcn \u00d6zellikleri Kapasitesi : 12 Ton Bayrakl\u0131 Tip G\u00fcvenlik Pimli Kriko Stand\u0131, kriko ile kald\u0131r\u0131lm\u0131\u015f arac\u0131n alt\u0131na konularak araban\u0131n havada emniyetli ve g\u00fcvenilir bir \u015fekilde durmas\u0131n\u0131 sa\u011flar. Kaynakl\u0131 bayrakl\u0131 tip \u00e7elik plaka ile g\u00fc\u00e7lendirilmi\u015ftir. G\u00fcvenlik pimi sayesinde y\u00fck\u00fcn kazara serbest kalmas\u0131n\u0131 \u00f6nler. \u00c7ift kullan\u0131lmas\u0131 \u00f6nerilir. \u00d6l\u00e7\u00fcler &nbsp;\" \/>\n<meta property=\"og:url\" content=\"https:\/\/www.gulersan.com\/en\/urun\/arac-alti-sehpa-12-ton-gas12\/\" \/>\n<meta property=\"og:site_name\" content=\"G\u00fclersan Ya\u011flama Cihazlar\u0131\" \/>\n<meta property=\"article:modified_time\" content=\"2026-05-05T13:10:57+00:00\" \/>\n<meta property=\"og:image\" content=\"https:\/\/www.gulersan.com\/wp-content\/uploads\/2026\/05\/arac-alti-sehpa-12-ton-gas12.jpg\" \/>\n\t<meta property=\"og:image:width\" content=\"800\" \/>\n\t<meta property=\"og:image:height\" content=\"800\" \/>\n\t<meta property=\"og:image:type\" content=\"image\/jpeg\" \/>\n<meta name=\"twitter:card\" content=\"summary_large_image\" \/>\n<script type=\"application\/ld+json\" class=\"yoast-schema-graph\">{\"@context\":\"https:\\\/\\\/schema.org\",\"@graph\":[{\"@type\":\"WebPage\",\"@id\":\"https:\\\/\\\/www.gulersan.com\\\/en\\\/urun\\\/arac-alti-sehpa-12-ton-gas12\\\/\",\"url\":\"https:\\\/\\\/www.gulersan.com\\\/en\\\/urun\\\/arac-alti-sehpa-12-ton-gas12\\\/\",\"name\":\"Ara\u00e7 Alt\u0131 Sehpa 12 Ton GAS12 - G\u00fclersan Ya\u011flama Cihazlar\u0131\",\"isPartOf\":{\"@id\":\"https:\\\/\\\/www.gulersan.com\\\/en\\\/#website\"},\"primaryImageOfPage\":{\"@id\":\"https:\\\/\\\/www.gulersan.com\\\/en\\\/urun\\\/arac-alti-sehpa-12-ton-gas12\\\/#primaryimage\"},\"image\":{\"@id\":\"https:\\\/\\\/www.gulersan.com\\\/en\\\/urun\\\/arac-alti-sehpa-12-ton-gas12\\\/#primaryimage\"},\"thumbnailUrl\":\"https:\\\/\\\/www.gulersan.com\\\/wp-content\\\/uploads\\\/2026\\\/05\\\/arac-alti-sehpa-12-ton-gas12.jpg\",\"datePublished\":\"2026-05-05T13:10:49+00:00\",\"dateModified\":\"2026-05-05T13:10:57+00:00\",\"breadcrumb\":{\"@id\":\"https:\\\/\\\/www.gulersan.com\\\/en\\\/urun\\\/arac-alti-sehpa-12-ton-gas12\\\/#breadcrumb\"},\"inLanguage\":\"en-US\",\"potentialAction\":[{\"@type\":\"ReadAction\",\"target\":[\"https:\\\/\\\/www.gulersan.com\\\/en\\\/urun\\\/arac-alti-sehpa-12-ton-gas12\\\/\"]}]},{\"@type\":\"ImageObject\",\"inLanguage\":\"en-US\",\"@id\":\"https:\\\/\\\/www.gulersan.com\\\/en\\\/urun\\\/arac-alti-sehpa-12-ton-gas12\\\/#primaryimage\",\"url\":\"https:\\\/\\\/www.gulersan.com\\\/wp-content\\\/uploads\\\/2026\\\/05\\\/arac-alti-sehpa-12-ton-gas12.jpg\",\"contentUrl\":\"https:\\\/\\\/www.gulersan.com\\\/wp-content\\\/uploads\\\/2026\\\/05\\\/arac-alti-sehpa-12-ton-gas12.jpg\",\"width\":800,\"height\":800},{\"@type\":\"BreadcrumbList\",\"@id\":\"https:\\\/\\\/www.gulersan.com\\\/en\\\/urun\\\/arac-alti-sehpa-12-ton-gas12\\\/#breadcrumb\",\"itemListElement\":[{\"@type\":\"ListItem\",\"position\":1,\"name\":\"Anasayfa\",\"item\":\"https:\\\/\\\/www.gulersan.com\\\/en\\\/\"},{\"@type\":\"ListItem\",\"position\":2,\"name\":\"\\\/\",\"item\":\"https:\\\/\\\/www.gulersan.com\\\/shop\\\/\"},{\"@type\":\"ListItem\",\"position\":3,\"name\":\"GLS Garaj Ekipmanlar\u0131\",\"item\":\"https:\\\/\\\/www.gulersan.com\\\/en\\\/urun-kategori\\\/gls-garaj-ekipmanlari\\\/\"},{\"@type\":\"ListItem\",\"position\":4,\"name\":\"Otomotiv Servis Ekipmanlar\u0131\",\"item\":\"https:\\\/\\\/www.gulersan.com\\\/en\\\/urun-kategori\\\/gls-garaj-ekipmanlari\\\/otomotiv-servis-ekipmanlari\\\/\"},{\"@type\":\"ListItem\",\"position\":5,\"name\":\"Ara\u00e7 Alt\u0131 Sehpalar\",\"item\":\"https:\\\/\\\/www.gulersan.com\\\/en\\\/urun-kategori\\\/gls-garaj-ekipmanlari\\\/otomotiv-servis-ekipmanlari\\\/arac-alti-sehpalar\\\/\"},{\"@type\":\"ListItem\",\"position\":6,\"name\":\"Ara\u00e7 Alt\u0131 Sehpa 12 Ton GAS12\"}]},{\"@type\":\"WebSite\",\"@id\":\"https:\\\/\\\/www.gulersan.com\\\/en\\\/#website\",\"url\":\"https:\\\/\\\/www.gulersan.com\\\/en\\\/\",\"name\":\"G\u00fclersan Ya\u011flama Cihazlar\u0131\",\"description\":\"Ya\u011flama Makinesi | Haval\u0131 Gres Pompas\u0131 | Ya\u011flama Pompas\u0131 | Ya\u011f \u00c7ekme Pompas\u0131\",\"publisher\":{\"@id\":\"https:\\\/\\\/www.gulersan.com\\\/en\\\/#organization\"},\"potentialAction\":[{\"@type\":\"SearchAction\",\"target\":{\"@type\":\"EntryPoint\",\"urlTemplate\":\"https:\\\/\\\/www.gulersan.com\\\/en\\\/?s={search_term_string}\"},\"query-input\":{\"@type\":\"PropertyValueSpecification\",\"valueRequired\":true,\"valueName\":\"search_term_string\"}}],\"inLanguage\":\"en-US\"},{\"@type\":\"Organization\",\"@id\":\"https:\\\/\\\/www.gulersan.com\\\/en\\\/#organization\",\"name\":\"G\u00fclersan Ya\u011flama Cihazlar\u0131\",\"url\":\"https:\\\/\\\/www.gulersan.com\\\/en\\\/\",\"logo\":{\"@type\":\"ImageObject\",\"inLanguage\":\"en-US\",\"@id\":\"https:\\\/\\\/www.gulersan.com\\\/en\\\/#\\\/schema\\\/logo\\\/image\\\/\",\"url\":\"https:\\\/\\\/www.gulersan.com\\\/wp-content\\\/uploads\\\/2021\\\/01\\\/gulersan-logo-tr.png\",\"contentUrl\":\"https:\\\/\\\/www.gulersan.com\\\/wp-content\\\/uploads\\\/2021\\\/01\\\/gulersan-logo-tr.png\",\"width\":1242,\"height\":302,\"caption\":\"G\u00fclersan Ya\u011flama Cihazlar\u0131\"},\"image\":{\"@id\":\"https:\\\/\\\/www.gulersan.com\\\/en\\\/#\\\/schema\\\/logo\\\/image\\\/\"}}]}<\/script>\n<!-- \/ Yoast SEO plugin. -->","yoast_head_json":{"title":"Ara\u00e7 Alt\u0131 Sehpa 12 Ton GAS12 - G\u00fclersan Ya\u011flama Cihazlar\u0131","robots":{"index":"index","follow":"follow","max-snippet":"max-snippet:-1","max-image-preview":"max-image-preview:large","max-video-preview":"max-video-preview:-1"},"canonical":"https:\/\/www.gulersan.com\/en\/urun\/arac-alti-sehpa-12-ton-gas12\/","og_locale":"en_US","og_type":"article","og_title":"Ara\u00e7 Alt\u0131 Sehpa 12 Ton GAS12 - G\u00fclersan Ya\u011flama Cihazlar\u0131","og_description":"Ara\u00e7 Alt\u0131 Sehpa 12 Ton GAS12 \u00dcr\u00fcn \u00d6zellikleri Kapasitesi : 12 Ton Bayrakl\u0131 Tip G\u00fcvenlik Pimli Kriko Stand\u0131, kriko ile kald\u0131r\u0131lm\u0131\u015f arac\u0131n alt\u0131na konularak araban\u0131n havada emniyetli ve g\u00fcvenilir bir \u015fekilde durmas\u0131n\u0131 sa\u011flar. Kaynakl\u0131 bayrakl\u0131 tip \u00e7elik plaka ile g\u00fc\u00e7lendirilmi\u015ftir. G\u00fcvenlik pimi sayesinde y\u00fck\u00fcn kazara serbest kalmas\u0131n\u0131 \u00f6nler. \u00c7ift kullan\u0131lmas\u0131 \u00f6nerilir. \u00d6l\u00e7\u00fcler &nbsp;","og_url":"https:\/\/www.gulersan.com\/en\/urun\/arac-alti-sehpa-12-ton-gas12\/","og_site_name":"G\u00fclersan Ya\u011flama Cihazlar\u0131","article_modified_time":"2026-05-05T13:10:57+00:00","og_image":[{"width":800,"height":800,"url":"https:\/\/www.gulersan.com\/wp-content\/uploads\/2026\/05\/arac-alti-sehpa-12-ton-gas12.jpg","type":"image\/jpeg"}],"twitter_card":"summary_large_image","schema":{"@context":"https:\/\/schema.org","@graph":[{"@type":"WebPage","@id":"https:\/\/www.gulersan.com\/en\/urun\/arac-alti-sehpa-12-ton-gas12\/","url":"https:\/\/www.gulersan.com\/en\/urun\/arac-alti-sehpa-12-ton-gas12\/","name":"Ara\u00e7 Alt\u0131 Sehpa 12 Ton GAS12 - G\u00fclersan Ya\u011flama Cihazlar\u0131","isPartOf":{"@id":"https:\/\/www.gulersan.com\/en\/#website"},"primaryImageOfPage":{"@id":"https:\/\/www.gulersan.com\/en\/urun\/arac-alti-sehpa-12-ton-gas12\/#primaryimage"},"image":{"@id":"https:\/\/www.gulersan.com\/en\/urun\/arac-alti-sehpa-12-ton-gas12\/#primaryimage"},"thumbnailUrl":"https:\/\/www.gulersan.com\/wp-content\/uploads\/2026\/05\/arac-alti-sehpa-12-ton-gas12.jpg","datePublished":"2026-05-05T13:10:49+00:00","dateModified":"2026-05-05T13:10:57+00:00","breadcrumb":{"@id":"https:\/\/www.gulersan.com\/en\/urun\/arac-alti-sehpa-12-ton-gas12\/#breadcrumb"},"inLanguage":"en-US","potentialAction":[{"@type":"ReadAction","target":["https:\/\/www.gulersan.com\/en\/urun\/arac-alti-sehpa-12-ton-gas12\/"]}]},{"@type":"ImageObject","inLanguage":"en-US","@id":"https:\/\/www.gulersan.com\/en\/urun\/arac-alti-sehpa-12-ton-gas12\/#primaryimage","url":"https:\/\/www.gulersan.com\/wp-content\/uploads\/2026\/05\/arac-alti-sehpa-12-ton-gas12.jpg","contentUrl":"https:\/\/www.gulersan.com\/wp-content\/uploads\/2026\/05\/arac-alti-sehpa-12-ton-gas12.jpg","width":800,"height":800},{"@type":"BreadcrumbList","@id":"https:\/\/www.gulersan.com\/en\/urun\/arac-alti-sehpa-12-ton-gas12\/#breadcrumb","itemListElement":[{"@type":"ListItem","position":1,"name":"Anasayfa","item":"https:\/\/www.gulersan.com\/en\/"},{"@type":"ListItem","position":2,"name":"\/","item":"https:\/\/www.gulersan.com\/shop\/"},{"@type":"ListItem","position":3,"name":"GLS Garaj Ekipmanlar\u0131","item":"https:\/\/www.gulersan.com\/en\/urun-kategori\/gls-garaj-ekipmanlari\/"},{"@type":"ListItem","position":4,"name":"Otomotiv Servis Ekipmanlar\u0131","item":"https:\/\/www.gulersan.com\/en\/urun-kategori\/gls-garaj-ekipmanlari\/otomotiv-servis-ekipmanlari\/"},{"@type":"ListItem","position":5,"name":"Ara\u00e7 Alt\u0131 Sehpalar","item":"https:\/\/www.gulersan.com\/en\/urun-kategori\/gls-garaj-ekipmanlari\/otomotiv-servis-ekipmanlari\/arac-alti-sehpalar\/"},{"@type":"ListItem","position":6,"name":"Ara\u00e7 Alt\u0131 Sehpa 12 Ton GAS12"}]},{"@type":"WebSite","@id":"https:\/\/www.gulersan.com\/en\/#website","url":"https:\/\/www.gulersan.com\/en\/","name":"G\u00fclersan Ya\u011flama Cihazlar\u0131","description":"Ya\u011flama Makinesi | Haval\u0131 Gres Pompas\u0131 | Ya\u011flama Pompas\u0131 | Ya\u011f \u00c7ekme Pompas\u0131","publisher":{"@id":"https:\/\/www.gulersan.com\/en\/#organization"},"potentialAction":[{"@type":"SearchAction","target":{"@type":"EntryPoint","urlTemplate":"https:\/\/www.gulersan.com\/en\/?s={search_term_string}"},"query-input":{"@type":"PropertyValueSpecification","valueRequired":true,"valueName":"search_term_string"}}],"inLanguage":"en-US"},{"@type":"Organization","@id":"https:\/\/www.gulersan.com\/en\/#organization","name":"G\u00fclersan Ya\u011flama Cihazlar\u0131","url":"https:\/\/www.gulersan.com\/en\/","logo":{"@type":"ImageObject","inLanguage":"en-US","@id":"https:\/\/www.gulersan.com\/en\/#\/schema\/logo\/image\/","url":"https:\/\/www.gulersan.com\/wp-content\/uploads\/2021\/01\/gulersan-logo-tr.png","contentUrl":"https:\/\/www.gulersan.com\/wp-content\/uploads\/2021\/01\/gulersan-logo-tr.png","width":1242,"height":302,"caption":"G\u00fclersan Ya\u011flama Cihazlar\u0131"},"image":{"@id":"https:\/\/www.gulersan.com\/en\/#\/schema\/logo\/image\/"}}]}},"_links":{"self":[{"href":"https:\/\/www.gulersan.com\/en\/wp-json\/wp\/v2\/product\/15759","targetHints":{"allow":["GET"]}}],"collection":[{"href":"https:\/\/www.gulersan.com\/en\/wp-json\/wp\/v2\/product"}],"about":[{"href":"https:\/\/www.gulersan.com\/en\/wp-json\/wp\/v2\/types\/product"}],"replies":[{"embeddable":true,"href":"https:\/\/www.gulersan.com\/en\/wp-json\/wp\/v2\/comments?post=15759"}],"wp:featuredmedia":[{"embeddable":true,"href":"https:\/\/www.gulersan.com\/en\/wp-json\/wp\/v2\/media\/15760"}],"wp:attachment":[{"href":"https:\/\/www.gulersan.com\/en\/wp-json\/wp\/v2\/media?parent=15759"}],"wp:term":[{"taxonomy":"product_brand","embeddable":true,"href":"https:\/\/www.gulersan.com\/en\/wp-json\/wp\/v2\/product_brand?post=15759"},{"taxonomy":"product_cat","embeddable":true,"href":"https:\/\/www.gulersan.com\/en\/wp-json\/wp\/v2\/product_cat?post=15759"},{"taxonomy":"product_tag","embeddable":true,"href":"https:\/\/www.gulersan.com\/en\/wp-json\/wp\/v2\/product_tag?post=15759"}],"curies":[{"name":"wp","href":"https:\/\/api.w.org\/{rel}","templated":true}]}}