{"id":5305,"date":"2020-12-29T14:54:03","date_gmt":"2021-01-05T08:54:38","guid":{"rendered":"https:\/\/www.gulersan.com\/urun-detay\/bem-30-electric-oil-pump-83-lt\/"},"modified":"2025-09-16T19:29:18","modified_gmt":"2025-09-16T16:29:18","slug":"electric-oil-pump-83-lt-bem-30","status":"publish","type":"product","link":"https:\/\/www.gulersan.com\/en\/urun\/electric-oil-pump-83-lt-bem-30\/","title":{"rendered":"Electric Oil Pump 83 Lt &#8211; BEM 30"},"content":{"rendered":"<div class=\"row\"  id=\"row-588611780\">\n\n\t<div id=\"col-192183829\" class=\"col medium-6 small-12 large-6\"  >\n\t\t\t\t<div class=\"col-inner\"  >\n\t\t\t\n\t\t\t\n<h2 style=\"text-align: left;\"><span style=\"color: #000080;\"><strong>Why BEM 30 Electric Oil Pump ?<\/strong><\/span><\/h2>\n<p>The self-priming liquid ring pump with a star geometry impeller features a high-efficiency motor for continuous operation. Its unique hydraulic geometry allows the pump to work even with air bubbles in the suction liquid. The IMQ product certification confirms its compliance with European and international directives. This pump is designed for transferring clean, non-aggressive liquids like water, wine, or diesel. For continuous use, the liquid&#8217;s viscosity must not exceed 4 cps, and for intermittent use, it must not exceed 20 cps.<\/p>\n<p><strong><img loading=\"lazy\" decoding=\"async\" class=\"alignnone wp-image-7306\" src=\"https:\/\/www.gulersan.com\/wp-content\/uploads\/2021\/01\/pdf.png\" sizes=\"auto, (max-width: 64px) 100vw, 64px\" srcset=\"https:\/\/www.gulersan.com\/wp-content\/uploads\/2021\/01\/pdf.png 400w, https:\/\/www.gulersan.com\/wp-content\/uploads\/2021\/01\/pdf-280x280.png 280w, https:\/\/www.gulersan.com\/wp-content\/uploads\/2021\/01\/pdf-100x100.png 100w\" alt=\"\" width=\"64\" height=\"64\" \/><a href=\"https:\/\/www.gulersan.com\/wp-content\/uploads\/pdftalimatlar\/elektrikli-yag-pompalari-kullanim-talimati.pdf\" target=\"_blank\" rel=\"noopener\">Using And Maintenance Instruction<\/a><\/strong><\/p>\n\t\t<\/div>\n\t\t\t\t\t<\/div>\n\n\t\n\n\t<div id=\"col-1248335631\" class=\"col medium-6 small-12 large-6\"  >\n\t\t\t\t<div class=\"col-inner\"  >\n\t\t\t\n\t\t\t\n<h2>Technical Details<\/h2>\n<table style=\"width: 100%; height: 817px;\" bgcolor=\"whitesmoke\">\n<tbody>\n<tr>\n<td style=\"height: 1px;\" colspan=\"4\" bgcolor=\"white\"><img loading=\"lazy\" decoding=\"async\" class=\"alignnone wp-image-5094\" style=\"color: #555555; font-size: 14.4px; background-color: #ffffff;\" src=\"https:\/\/www.gulersan.com\/wp-content\/uploads\/2020\/12\/cizgi.jpg\" alt=\"\" width=\"1454\" height=\"12\" srcset=\"https:\/\/www.gulersan.com\/wp-content\/uploads\/2020\/12\/cizgi.jpg 606w, https:\/\/www.gulersan.com\/wp-content\/uploads\/2020\/12\/cizgi-510x4.jpg 510w\" sizes=\"auto, (max-width: 1454px) 100vw, 1454px\" \/><\/td>\n<\/tr>\n<tr>\n<td><span style=\"font-size: 120%;\"><strong>\u00a0 \u00a0 Model<\/strong><\/span><\/td>\n<td><\/td>\n<td style=\"text-align: right;\"><span style=\"font-size: 120%;\">BEM 30\u00a0 \u00a0\u00a0<\/span><\/td>\n<\/tr>\n<tr>\n<td><span style=\"font-size: 120%;\"><strong>\u00a0 \u00a0 Code<\/strong><\/span><\/td>\n<td><\/td>\n<td style=\"text-align: right;\"><span style=\"font-size: 120%;\">030000\u00a0 \u00a0\u00a0<\/span><\/td>\n<\/tr>\n<tr>\n<td><span style=\"font-size: 120%;\"><strong>\u00a0 \u00a0 Voltage<\/strong><\/span><\/td>\n<td><\/td>\n<td style=\"text-align: right;\"><span style=\"font-size: 120%;\">230 V\u00a0 \u00a0\u00a0<\/span><\/td>\n<\/tr>\n<tr>\n<td><span style=\"font-size: 120%;\"><strong>\u00a0 \u00a0 Power Engine<\/strong><\/span><\/td>\n<td><\/td>\n<td style=\"text-align: right;\"><span style=\"font-size: 120%;\">1 Hp\u00a0 \u00a0\u00a0<\/span><\/td>\n<\/tr>\n<tr>\n<td><span style=\"font-size: 120%;\"><strong>\u00a0 \u00a0 Output<\/strong><\/span><\/td>\n<td><\/td>\n<td style=\"text-align: right;\"><span style=\"font-size: 120%;\">83 Lt\/Min\u00a0 \u00a0\u00a0<\/span><\/td>\n<\/tr>\n<tr>\n<td><span style=\"font-size: 120%;\"><strong>\u00a0 \u00a0 Rpm<\/strong><\/span><\/td>\n<td><\/td>\n<td style=\"text-align: right;\"><span style=\"font-size: 120%;\">1450\u00a0 \u00a0\u00a0<\/span><\/td>\n<\/tr>\n<tr>\n<td><span style=\"font-size: 120%;\"><strong>\u00a0 \u00a0 Inlet &#8211; Outlet<\/strong><\/span><\/td>\n<td><\/td>\n<td style=\"text-align: right;\"><span style=\"font-size: 120%;\">\u00d830 Mm\u00a0 \u00a0\u00a0<\/span><\/td>\n<\/tr>\n<tr>\n<td><span style=\"font-size: 120%;\"><strong>\u00a0 \u00a0 Maximum Temperature<\/strong><\/span><\/td>\n<td><\/td>\n<td style=\"text-align: right;\"><span style=\"font-size: 120%;\">35\u00b0\u00a0 \u00a0\u00a0<\/span><\/td>\n<\/tr>\n<tr>\n<td><span style=\"font-size: 120%;\"><strong>\u00a0 \u00a0 Protection Class<\/strong><\/span><\/td>\n<td><\/td>\n<td style=\"text-align: right;\"><span style=\"font-size: 120%;\">IP X4\u00a0 \u00a0\u00a0<\/span><\/td>\n<\/tr>\n<tr>\n<td><span style=\"font-size: 120%;\"><strong>\u00a0 \u00a0 Box Dimensions<\/strong><\/span><\/td>\n<td><\/td>\n<td style=\"text-align: right;\"><span style=\"font-size: 120%;\">35x15x21 Cm\u00a0 \u00a0\u00a0<\/span><\/td>\n<\/tr>\n<tr>\n<td><span style=\"font-size: 120%;\"><strong>\u00a0 \u00a0 Weight<\/strong><\/span><\/td>\n<td><\/td>\n<td style=\"text-align: right;\"><span style=\"font-size: 120%;\">10 Kg\u00a0 \u00a0\u00a0<\/span><\/td>\n<\/tr>\n<tr>\n<td><span style=\"font-size: 120%;\"><strong>\u00a0 \u00a0 Warranty Period<\/strong><\/span><\/td>\n<td><\/td>\n<td style=\"text-align: right;\"><span style=\"font-size: 120%;\">24 Month\u00a0 \u00a0\u00a0<\/span><\/td>\n<\/tr>\n<\/tbody>\n<\/table>\n\t\t<\/div>\n\t\t\t\t\t<\/div>\n\n\t\n<\/div>\n<div class=\"row\"  id=\"row-1547512976\">\n\n\t<div id=\"col-1172547990\" class=\"col small-12 large-12\"  >\n\t\t\t\t<div class=\"col-inner\"  >\n\t\t\t\n\t\t\t\n<p>&nbsp;<\/p>\n\t\t<\/div>\n\t\t\t\t\t<\/div>\n\n\t\n<\/div>\n","protected":false},"excerpt":{"rendered":"","protected":false},"featured_media":5306,"comment_status":"closed","ping_status":"closed","template":"","meta":[],"product_brand":[266],"product_cat":[190,214],"product_tag":[1167,1165,1169,1166,1168],"class_list":{"0":"post-5305","1":"product","2":"type-product","3":"status-publish","4":"has-post-thumbnail","6":"product_brand-gulersan","7":"product_cat-electric-oil-pumps","8":"product_cat-self-priming-oil-pumps","9":"product_tag-battery-operated-oil-pump","10":"product_tag-electric-drum-pump","11":"product_tag-oil-dispensing-system-with-electric-pump","12":"product_tag-portable-fuel-transfer-pump","13":"product_tag-self-priming-oil-extractor","15":"first","16":"instock","17":"shipping-taxable","18":"product-type-simple"},"yoast_head":"<!-- This site is optimized with the Yoast SEO plugin v27.5 - https:\/\/yoast.com\/product\/yoast-seo-wordpress\/ -->\n<title>Electric Oil Pump 83 Lt - BEM 30 - G\u00fclersan Ya\u011flama Cihazlar\u0131<\/title>\n<meta name=\"description\" content=\"Step up your fluid management with robust electric oil pumps. Their durable design ensures swift, reliable delivery for industrial use\" \/>\n<meta name=\"robots\" content=\"index, follow, max-snippet:-1, max-image-preview:large, max-video-preview:-1\" \/>\n<link rel=\"canonical\" href=\"https:\/\/www.gulersan.com\/en\/urun\/electric-oil-pump-83-lt-bem-30\/\" \/>\n<meta property=\"og:locale\" content=\"en_US\" \/>\n<meta property=\"og:type\" content=\"article\" \/>\n<meta property=\"og:title\" content=\"Electric Oil Pump 83 Lt - BEM 30 - G\u00fclersan Ya\u011flama Cihazlar\u0131\" \/>\n<meta property=\"og:description\" content=\"Step up your fluid management with robust electric oil pumps. Their durable design ensures swift, reliable delivery for industrial use\" \/>\n<meta property=\"og:url\" content=\"https:\/\/www.gulersan.com\/en\/urun\/electric-oil-pump-83-lt-bem-30\/\" \/>\n<meta property=\"og:site_name\" content=\"G\u00fclersan Ya\u011flama Cihazlar\u0131\" \/>\n<meta property=\"article:modified_time\" content=\"2025-09-16T16:29:18+00:00\" \/>\n<meta property=\"og:image\" content=\"https:\/\/www.gulersan.com\/wp-content\/uploads\/2020\/12\/Bem_30_Elektrikli_Yag_Pompasi_83_Lt.jpg\" \/>\n\t<meta property=\"og:image:width\" content=\"500\" \/>\n\t<meta property=\"og:image:height\" content=\"500\" \/>\n\t<meta property=\"og:image:type\" content=\"image\/jpeg\" \/>\n<meta name=\"twitter:card\" content=\"summary_large_image\" \/>\n<meta name=\"twitter:label1\" content=\"Est. reading time\" \/>\n\t<meta name=\"twitter:data1\" content=\"2 minutes\" \/>\n<script type=\"application\/ld+json\" class=\"yoast-schema-graph\">{\"@context\":\"https:\\\/\\\/schema.org\",\"@graph\":[{\"@type\":\"WebPage\",\"@id\":\"https:\\\/\\\/www.gulersan.com\\\/en\\\/urun\\\/electric-oil-pump-83-lt-bem-30\\\/\",\"url\":\"https:\\\/\\\/www.gulersan.com\\\/en\\\/urun\\\/electric-oil-pump-83-lt-bem-30\\\/\",\"name\":\"Electric Oil Pump 83 Lt - BEM 30 - G\u00fclersan Ya\u011flama Cihazlar\u0131\",\"isPartOf\":{\"@id\":\"https:\\\/\\\/www.gulersan.com\\\/en\\\/#website\"},\"primaryImageOfPage\":{\"@id\":\"https:\\\/\\\/www.gulersan.com\\\/en\\\/urun\\\/electric-oil-pump-83-lt-bem-30\\\/#primaryimage\"},\"image\":{\"@id\":\"https:\\\/\\\/www.gulersan.com\\\/en\\\/urun\\\/electric-oil-pump-83-lt-bem-30\\\/#primaryimage\"},\"thumbnailUrl\":\"https:\\\/\\\/www.gulersan.com\\\/wp-content\\\/uploads\\\/2020\\\/12\\\/Bem_30_Elektrikli_Yag_Pompasi_83_Lt.jpg\",\"datePublished\":\"2021-01-05T08:54:38+00:00\",\"dateModified\":\"2025-09-16T16:29:18+00:00\",\"description\":\"Step up your fluid management with robust electric oil pumps. Their durable design ensures swift, reliable delivery for industrial use\",\"breadcrumb\":{\"@id\":\"https:\\\/\\\/www.gulersan.com\\\/en\\\/urun\\\/electric-oil-pump-83-lt-bem-30\\\/#breadcrumb\"},\"inLanguage\":\"en-US\",\"potentialAction\":[{\"@type\":\"ReadAction\",\"target\":[\"https:\\\/\\\/www.gulersan.com\\\/en\\\/urun\\\/electric-oil-pump-83-lt-bem-30\\\/\"]}]},{\"@type\":\"ImageObject\",\"inLanguage\":\"en-US\",\"@id\":\"https:\\\/\\\/www.gulersan.com\\\/en\\\/urun\\\/electric-oil-pump-83-lt-bem-30\\\/#primaryimage\",\"url\":\"https:\\\/\\\/www.gulersan.com\\\/wp-content\\\/uploads\\\/2020\\\/12\\\/Bem_30_Elektrikli_Yag_Pompasi_83_Lt.jpg\",\"contentUrl\":\"https:\\\/\\\/www.gulersan.com\\\/wp-content\\\/uploads\\\/2020\\\/12\\\/Bem_30_Elektrikli_Yag_Pompasi_83_Lt.jpg\",\"width\":500,\"height\":500,\"caption\":\"A high-performance, self-priming electric vane pump designed for the fast, high-volume transfer of lubricating oils, gear oils, and diesel fuel, capable of delivering approximately $83$ liters per minute ($\\\\text{Lt}$); typically operating on $\\\\text{220V}$ AC power, this pump is ideal for rapidly filling and emptying bulk tanks or transferring large quantities of fluid in industrial, agricultural, or commercial fleet applications, referencing the BEM 30 model.\"},{\"@type\":\"BreadcrumbList\",\"@id\":\"https:\\\/\\\/www.gulersan.com\\\/en\\\/urun\\\/electric-oil-pump-83-lt-bem-30\\\/#breadcrumb\",\"itemListElement\":[{\"@type\":\"ListItem\",\"position\":1,\"name\":\"Anasayfa\",\"item\":\"https:\\\/\\\/www.gulersan.com\\\/en\\\/\"},{\"@type\":\"ListItem\",\"position\":2,\"name\":\"\\\/\",\"item\":\"https:\\\/\\\/www.gulersan.com\\\/shop\\\/\"},{\"@type\":\"ListItem\",\"position\":3,\"name\":\"Lubrication Equipment\",\"item\":\"https:\\\/\\\/www.gulersan.com\\\/en\\\/urun-kategori\\\/lubrication-equipment\\\/\"},{\"@type\":\"ListItem\",\"position\":4,\"name\":\"Electric Oil Pumps\",\"item\":\"https:\\\/\\\/www.gulersan.com\\\/en\\\/urun-kategori\\\/lubrication-equipment\\\/electric-oil-pumps\\\/\"},{\"@type\":\"ListItem\",\"position\":5,\"name\":\"Self Priming Oil Pumps\",\"item\":\"https:\\\/\\\/www.gulersan.com\\\/en\\\/urun-kategori\\\/lubrication-equipment\\\/electric-oil-pumps\\\/self-priming-oil-pumps\\\/\"},{\"@type\":\"ListItem\",\"position\":6,\"name\":\"Electric Oil Pump 83 Lt &#8211; BEM 30\"}]},{\"@type\":\"WebSite\",\"@id\":\"https:\\\/\\\/www.gulersan.com\\\/en\\\/#website\",\"url\":\"https:\\\/\\\/www.gulersan.com\\\/en\\\/\",\"name\":\"G\u00fclersan Ya\u011flama Cihazlar\u0131\",\"description\":\"Ya\u011flama Makinesi | Haval\u0131 Gres Pompas\u0131 | Ya\u011flama Pompas\u0131 | Ya\u011f \u00c7ekme Pompas\u0131\",\"publisher\":{\"@id\":\"https:\\\/\\\/www.gulersan.com\\\/en\\\/#organization\"},\"potentialAction\":[{\"@type\":\"SearchAction\",\"target\":{\"@type\":\"EntryPoint\",\"urlTemplate\":\"https:\\\/\\\/www.gulersan.com\\\/en\\\/?s={search_term_string}\"},\"query-input\":{\"@type\":\"PropertyValueSpecification\",\"valueRequired\":true,\"valueName\":\"search_term_string\"}}],\"inLanguage\":\"en-US\"},{\"@type\":\"Organization\",\"@id\":\"https:\\\/\\\/www.gulersan.com\\\/en\\\/#organization\",\"name\":\"G\u00fclersan Ya\u011flama Cihazlar\u0131\",\"url\":\"https:\\\/\\\/www.gulersan.com\\\/en\\\/\",\"logo\":{\"@type\":\"ImageObject\",\"inLanguage\":\"en-US\",\"@id\":\"https:\\\/\\\/www.gulersan.com\\\/en\\\/#\\\/schema\\\/logo\\\/image\\\/\",\"url\":\"https:\\\/\\\/www.gulersan.com\\\/wp-content\\\/uploads\\\/2021\\\/01\\\/gulersan-logo-tr.png\",\"contentUrl\":\"https:\\\/\\\/www.gulersan.com\\\/wp-content\\\/uploads\\\/2021\\\/01\\\/gulersan-logo-tr.png\",\"width\":1242,\"height\":302,\"caption\":\"G\u00fclersan Ya\u011flama Cihazlar\u0131\"},\"image\":{\"@id\":\"https:\\\/\\\/www.gulersan.com\\\/en\\\/#\\\/schema\\\/logo\\\/image\\\/\"}}]}<\/script>\n<!-- \/ Yoast SEO plugin. -->","yoast_head_json":{"title":"Electric Oil Pump 83 Lt - BEM 30 - G\u00fclersan Ya\u011flama Cihazlar\u0131","description":"Step up your fluid management with robust electric oil pumps. Their durable design ensures swift, reliable delivery for industrial use","robots":{"index":"index","follow":"follow","max-snippet":"max-snippet:-1","max-image-preview":"max-image-preview:large","max-video-preview":"max-video-preview:-1"},"canonical":"https:\/\/www.gulersan.com\/en\/urun\/electric-oil-pump-83-lt-bem-30\/","og_locale":"en_US","og_type":"article","og_title":"Electric Oil Pump 83 Lt - BEM 30 - G\u00fclersan Ya\u011flama Cihazlar\u0131","og_description":"Step up your fluid management with robust electric oil pumps. Their durable design ensures swift, reliable delivery for industrial use","og_url":"https:\/\/www.gulersan.com\/en\/urun\/electric-oil-pump-83-lt-bem-30\/","og_site_name":"G\u00fclersan Ya\u011flama Cihazlar\u0131","article_modified_time":"2025-09-16T16:29:18+00:00","og_image":[{"width":500,"height":500,"url":"https:\/\/www.gulersan.com\/wp-content\/uploads\/2020\/12\/Bem_30_Elektrikli_Yag_Pompasi_83_Lt.jpg","type":"image\/jpeg"}],"twitter_card":"summary_large_image","twitter_misc":{"Est. reading time":"2 minutes"},"schema":{"@context":"https:\/\/schema.org","@graph":[{"@type":"WebPage","@id":"https:\/\/www.gulersan.com\/en\/urun\/electric-oil-pump-83-lt-bem-30\/","url":"https:\/\/www.gulersan.com\/en\/urun\/electric-oil-pump-83-lt-bem-30\/","name":"Electric Oil Pump 83 Lt - BEM 30 - G\u00fclersan Ya\u011flama Cihazlar\u0131","isPartOf":{"@id":"https:\/\/www.gulersan.com\/en\/#website"},"primaryImageOfPage":{"@id":"https:\/\/www.gulersan.com\/en\/urun\/electric-oil-pump-83-lt-bem-30\/#primaryimage"},"image":{"@id":"https:\/\/www.gulersan.com\/en\/urun\/electric-oil-pump-83-lt-bem-30\/#primaryimage"},"thumbnailUrl":"https:\/\/www.gulersan.com\/wp-content\/uploads\/2020\/12\/Bem_30_Elektrikli_Yag_Pompasi_83_Lt.jpg","datePublished":"2021-01-05T08:54:38+00:00","dateModified":"2025-09-16T16:29:18+00:00","description":"Step up your fluid management with robust electric oil pumps. Their durable design ensures swift, reliable delivery for industrial use","breadcrumb":{"@id":"https:\/\/www.gulersan.com\/en\/urun\/electric-oil-pump-83-lt-bem-30\/#breadcrumb"},"inLanguage":"en-US","potentialAction":[{"@type":"ReadAction","target":["https:\/\/www.gulersan.com\/en\/urun\/electric-oil-pump-83-lt-bem-30\/"]}]},{"@type":"ImageObject","inLanguage":"en-US","@id":"https:\/\/www.gulersan.com\/en\/urun\/electric-oil-pump-83-lt-bem-30\/#primaryimage","url":"https:\/\/www.gulersan.com\/wp-content\/uploads\/2020\/12\/Bem_30_Elektrikli_Yag_Pompasi_83_Lt.jpg","contentUrl":"https:\/\/www.gulersan.com\/wp-content\/uploads\/2020\/12\/Bem_30_Elektrikli_Yag_Pompasi_83_Lt.jpg","width":500,"height":500,"caption":"A high-performance, self-priming electric vane pump designed for the fast, high-volume transfer of lubricating oils, gear oils, and diesel fuel, capable of delivering approximately $83$ liters per minute ($\\text{Lt}$); typically operating on $\\text{220V}$ AC power, this pump is ideal for rapidly filling and emptying bulk tanks or transferring large quantities of fluid in industrial, agricultural, or commercial fleet applications, referencing the BEM 30 model."},{"@type":"BreadcrumbList","@id":"https:\/\/www.gulersan.com\/en\/urun\/electric-oil-pump-83-lt-bem-30\/#breadcrumb","itemListElement":[{"@type":"ListItem","position":1,"name":"Anasayfa","item":"https:\/\/www.gulersan.com\/en\/"},{"@type":"ListItem","position":2,"name":"\/","item":"https:\/\/www.gulersan.com\/shop\/"},{"@type":"ListItem","position":3,"name":"Lubrication Equipment","item":"https:\/\/www.gulersan.com\/en\/urun-kategori\/lubrication-equipment\/"},{"@type":"ListItem","position":4,"name":"Electric Oil Pumps","item":"https:\/\/www.gulersan.com\/en\/urun-kategori\/lubrication-equipment\/electric-oil-pumps\/"},{"@type":"ListItem","position":5,"name":"Self Priming Oil Pumps","item":"https:\/\/www.gulersan.com\/en\/urun-kategori\/lubrication-equipment\/electric-oil-pumps\/self-priming-oil-pumps\/"},{"@type":"ListItem","position":6,"name":"Electric Oil Pump 83 Lt &#8211; BEM 30"}]},{"@type":"WebSite","@id":"https:\/\/www.gulersan.com\/en\/#website","url":"https:\/\/www.gulersan.com\/en\/","name":"G\u00fclersan Ya\u011flama Cihazlar\u0131","description":"Ya\u011flama Makinesi | Haval\u0131 Gres Pompas\u0131 | Ya\u011flama Pompas\u0131 | Ya\u011f \u00c7ekme Pompas\u0131","publisher":{"@id":"https:\/\/www.gulersan.com\/en\/#organization"},"potentialAction":[{"@type":"SearchAction","target":{"@type":"EntryPoint","urlTemplate":"https:\/\/www.gulersan.com\/en\/?s={search_term_string}"},"query-input":{"@type":"PropertyValueSpecification","valueRequired":true,"valueName":"search_term_string"}}],"inLanguage":"en-US"},{"@type":"Organization","@id":"https:\/\/www.gulersan.com\/en\/#organization","name":"G\u00fclersan Ya\u011flama Cihazlar\u0131","url":"https:\/\/www.gulersan.com\/en\/","logo":{"@type":"ImageObject","inLanguage":"en-US","@id":"https:\/\/www.gulersan.com\/en\/#\/schema\/logo\/image\/","url":"https:\/\/www.gulersan.com\/wp-content\/uploads\/2021\/01\/gulersan-logo-tr.png","contentUrl":"https:\/\/www.gulersan.com\/wp-content\/uploads\/2021\/01\/gulersan-logo-tr.png","width":1242,"height":302,"caption":"G\u00fclersan Ya\u011flama Cihazlar\u0131"},"image":{"@id":"https:\/\/www.gulersan.com\/en\/#\/schema\/logo\/image\/"}}]}},"_links":{"self":[{"href":"https:\/\/www.gulersan.com\/en\/wp-json\/wp\/v2\/product\/5305","targetHints":{"allow":["GET"]}}],"collection":[{"href":"https:\/\/www.gulersan.com\/en\/wp-json\/wp\/v2\/product"}],"about":[{"href":"https:\/\/www.gulersan.com\/en\/wp-json\/wp\/v2\/types\/product"}],"replies":[{"embeddable":true,"href":"https:\/\/www.gulersan.com\/en\/wp-json\/wp\/v2\/comments?post=5305"}],"wp:featuredmedia":[{"embeddable":true,"href":"https:\/\/www.gulersan.com\/en\/wp-json\/wp\/v2\/media\/5306"}],"wp:attachment":[{"href":"https:\/\/www.gulersan.com\/en\/wp-json\/wp\/v2\/media?parent=5305"}],"wp:term":[{"taxonomy":"product_brand","embeddable":true,"href":"https:\/\/www.gulersan.com\/en\/wp-json\/wp\/v2\/product_brand?post=5305"},{"taxonomy":"product_cat","embeddable":true,"href":"https:\/\/www.gulersan.com\/en\/wp-json\/wp\/v2\/product_cat?post=5305"},{"taxonomy":"product_tag","embeddable":true,"href":"https:\/\/www.gulersan.com\/en\/wp-json\/wp\/v2\/product_tag?post=5305"}],"curies":[{"name":"wp","href":"https:\/\/api.w.org\/{rel}","templated":true}]}}