{"id":5774,"date":"2021-01-08T16:24:14","date_gmt":"2021-01-08T13:24:14","guid":{"rendered":"https:\/\/www.gulersan.com\/?post_type=product&#038;p=5774"},"modified":"2025-09-16T17:50:05","modified_gmt":"2025-09-16T14:50:05","slug":"air-operated-waste-oil-drainer-80-lt-4290","status":"publish","type":"product","link":"https:\/\/www.gulersan.com\/en\/urun\/air-operated-waste-oil-drainer-80-lt-4290\/","title":{"rendered":"Air Operated Waste Oil Drainer 80 Lt &#8211; 4290"},"content":{"rendered":"<div class=\"row\"  id=\"row-871350944\">\n\n\t<div id=\"col-49402935\" class=\"col medium-6 small-12 large-6\"  >\n\t\t\t\t<div class=\"col-inner\"  >\n\t\t\t\n\t\t\t\n<h2 style=\"text-align: left;\"><span style=\"color: #000080;\"><strong>Why 4290 Air Operated Waste Oil Drainer ?<\/strong><\/span><\/h2>\n<p>The waste oil drain bucket is for collecting waste oil discharged from the gear box and motor. The fill rate can be monitored from the level indicator on the tank. 80 Lt storage capacity available. The vehicle can be lifted on the lift and waste oil can be drained by telescopic funnel. It has high mobility through to two fixed and two rotating wheels. Tank discharge is done with air. The safety valve on the tank provides protection against extreme air pressures. It should not be used in corrosive and flammable liquids.<\/p>\n\t<div class=\"img has-hover x md-x lg-x y md-y lg-y\" id=\"image_596342422\">\n\t\t\t\t\t\t\t\t<div class=\"img-inner dark\" >\n\t\t\t<img loading=\"lazy\" decoding=\"async\" width=\"873\" height=\"800\" src=\"https:\/\/www.gulersan.com\/wp-content\/uploads\/2021\/02\/4290-yag-bosaltma-kovasi-icerik-873x800.jpg\" class=\"attachment-large size-large\" alt=\"Haval\u0131 ya\u011f bo\u015faltma deposu tank\u0131 80 Lt. At\u0131k ya\u011flar\u0131n toplanmas\u0131 i\u00e7in kullan\u0131lan, haval\u0131 tahliyeli ve 80 litre kapasiteli, seyyar toplama tank\u0131.\" srcset=\"https:\/\/www.gulersan.com\/wp-content\/uploads\/2021\/02\/4290-yag-bosaltma-kovasi-icerik-873x800.jpg 873w, https:\/\/www.gulersan.com\/wp-content\/uploads\/2021\/02\/4290-yag-bosaltma-kovasi-icerik-437x400.jpg 437w, https:\/\/www.gulersan.com\/wp-content\/uploads\/2021\/02\/4290-yag-bosaltma-kovasi-icerik-768x704.jpg 768w, https:\/\/www.gulersan.com\/wp-content\/uploads\/2021\/02\/4290-yag-bosaltma-kovasi-icerik.jpg 905w\" sizes=\"auto, (max-width: 873px) 100vw, 873px\" \/>\t\t\t\t\t\t\n\t\t\t\t\t<\/div>\n\t\t\t\t\t\t\t\t\n<style>\n#image_596342422 {\n  width: 60%;\n}\n<\/style>\n\t<\/div>\n\t\n<p><span style=\"font-size: 140%;\"><strong><img loading=\"lazy\" decoding=\"async\" class=\"alignnone wp-image-7306\" src=\"https:\/\/www.gulersan.com\/wp-content\/uploads\/2021\/01\/pdf.png\" alt=\"\" width=\"64\" height=\"64\" srcset=\"https:\/\/www.gulersan.com\/wp-content\/uploads\/2021\/01\/pdf.png 400w, https:\/\/www.gulersan.com\/wp-content\/uploads\/2021\/01\/pdf-280x280.png 280w, https:\/\/www.gulersan.com\/wp-content\/uploads\/2021\/01\/pdf-100x100.png 100w\" sizes=\"auto, (max-width: 64px) 100vw, 64px\" \/><a href=\"https:\/\/www.gulersan.com\/wp-content\/uploads\/pdftalimatlar\/4290.pdf\" target=\"_blank\" rel=\"noopener\">Using And Maintenance Instruction<\/a><\/strong><\/span><\/p>\n\t\t<\/div>\n\t\t\t\t\t<\/div>\n\n\t\n\n\t<div id=\"col-789675541\" class=\"col medium-6 small-12 large-6\"  >\n\t\t\t\t<div class=\"col-inner\"  >\n\t\t\t\n\t\t\t\n<h2>Technical Details<\/h2>\n<table style=\"width: 100%; height: 613px;\" bgcolor=\"whitesmoke\">\n<tbody>\n<tr>\n<td style=\"height: 1px;\" colspan=\"4\" bgcolor=\"white\"><img loading=\"lazy\" decoding=\"async\" class=\"alignnone wp-image-5094\" style=\"color: #555555; font-size: 14.4px; background-color: #ffffff;\" src=\"https:\/\/www.gulersan.com\/wp-content\/uploads\/2020\/12\/cizgi.jpg\" alt=\"\" width=\"1454\" height=\"12\" srcset=\"https:\/\/www.gulersan.com\/wp-content\/uploads\/2020\/12\/cizgi.jpg 606w, https:\/\/www.gulersan.com\/wp-content\/uploads\/2020\/12\/cizgi-510x4.jpg 510w\" sizes=\"auto, (max-width: 1454px) 100vw, 1454px\" \/><\/td>\n<\/tr>\n<tr>\n<td><span style=\"font-size: 120%;\"><strong>\u00a0 \u00a0 Model<\/strong><\/span><\/td>\n<td><\/td>\n<td style=\"text-align: right;\"><span style=\"font-size: 120%;\">4290\u00a0 \u00a0\u00a0<\/span><\/td>\n<\/tr>\n<tr>\n<td><span style=\"font-size: 120%;\"><strong>\u00a0 \u00a0 Working Type<\/strong><\/span><\/td>\n<td><\/td>\n<td style=\"text-align: right;\"><span style=\"font-size: 120%;\">Air\u00a0 \u00a0\u00a0<\/span><\/td>\n<\/tr>\n<tr>\n<td><span style=\"font-size: 120%;\"><strong>\u00a0 \u00a0 Discharge Pressure<\/strong><\/span><\/td>\n<td><\/td>\n<td style=\"text-align: right;\"><span style=\"font-size: 120%;\">0,5 Bar\u00a0 \u00a0\u00a0<\/span><\/td>\n<\/tr>\n<tr>\n<td><span style=\"font-size: 120%;\"><strong>\u00a0 \u00a0 Capacity<\/strong><\/span><\/td>\n<td><\/td>\n<td style=\"text-align: right;\"><span style=\"font-size: 120%;\">80 Lt\u00a0 \u00a0\u00a0<\/span><\/td>\n<\/tr>\n<tr>\n<td><span style=\"font-size: 120%;\"><strong>\u00a0 \u00a0 Hose Length<\/strong><\/span><\/td>\n<td><\/td>\n<td style=\"text-align: right;\"><span style=\"font-size: 120%;\">1,5 Mt\u00a0 \u00a0\u00a0<\/span><\/td>\n<\/tr>\n<tr>\n<td><span style=\"font-size: 120%;\"><strong>\u00a0 \u00a0 Hose Dimension<\/strong><\/span><\/td>\n<td><\/td>\n<td style=\"text-align: right;\"><span style=\"font-size: 120%;\">3\/4\u2033\u00a0 \u00a0\u00a0<\/span><\/td>\n<\/tr>\n<tr>\n<td><span style=\"font-size: 120%;\"><strong>\u00a0 \u00a0 Box Dimensions<\/strong><\/span><\/td>\n<td><\/td>\n<td style=\"text-align: right;\"><span style=\"font-size: 120%;\">48x50x114 Cm\u00a0 \u00a0\u00a0<\/span><\/td>\n<\/tr>\n<tr>\n<td><span style=\"font-size: 120%;\"><strong>\u00a0 \u00a0 Weight<\/strong><\/span><\/td>\n<td><\/td>\n<td style=\"text-align: right;\"><span style=\"font-size: 120%;\">24,6 Kg\u00a0 \u00a0\u00a0<\/span><\/td>\n<\/tr>\n<tr>\n<td><span style=\"font-size: 120%;\"><strong>\u00a0 \u00a0 Warranty Period<\/strong><\/span><\/td>\n<td><\/td>\n<td style=\"text-align: right;\"><span style=\"font-size: 120%;\">36 Month\u00a0 \u00a0\u00a0<\/span><\/td>\n<\/tr>\n<\/tbody>\n<\/table>\n\t\t<\/div>\n\t\t\t\t\t<\/div>\n\n\t\n<\/div>\n<div class=\"row\"  id=\"row-1428255024\">\n\n\t<div id=\"col-1696351571\" class=\"col small-12 large-12\"  >\n\t\t\t\t<div class=\"col-inner\"  >\n\t\t\t\n\t\t\t\n<h3><img loading=\"lazy\" decoding=\"async\" class=\"alignnone wp-image-5096\" src=\"https:\/\/www.gulersan.com\/wp-content\/uploads\/2020\/12\/gul.png\" alt=\"\" width=\"24\" height=\"23\" srcset=\"https:\/\/www.gulersan.com\/wp-content\/uploads\/2020\/12\/gul.png 252w, https:\/\/www.gulersan.com\/wp-content\/uploads\/2020\/12\/gul-100x100.png 100w, https:\/\/www.gulersan.com\/wp-content\/uploads\/2020\/12\/gul-247x241.png 247w\" sizes=\"auto, (max-width: 24px) 100vw, 24px\" \/> Delivery Content<\/h3>\n\t\n  \n    <div id=\"product-grid-1231376018\" class=\"row large-columns-5 medium-columns-3 small-columns-2 row-small has-shadow row-box-shadow-4 row-masonry\" data-packery-options='{\"itemSelector\": \".col\", \"gutter\": 0, \"presentageWidth\" : true}'>\n\n  \n\t     <div class=\"col\" >\n\t\t\t\t\t\t<div class=\"col-inner\">\n\t\t\t\t\t\t\n<div class=\"badge-container absolute left top z-1\">\n\n<\/div>\n\t\t\t\t\t\t<div class=\"product-small box has-hover box-vertical box-text-bottom\">\n\t\t\t\t\t\t\t<div class=\"box-image\" style=\"width:50%;\">\n\t\t\t\t\t\t\t\t<div class=\"\" >\n\t\t\t\t\t\t\t\t\t<a href=\"https:\/\/www.gulersan.com\/en\/urun\/oil-funnel-7902\/\" aria-label=\"Oil Funnel - 7902\">\n\t\t\t\t\t\t\t\t\t\t<img loading=\"lazy\" decoding=\"async\" width=\"280\" height=\"280\" src=\"https:\/\/www.gulersan.com\/wp-content\/uploads\/2021\/01\/7902-plastik-huni.jpg\" class=\"attachment-thumbnail size-thumbnail\" alt=\"Oil Funnel 7902. A large, durable plastic or metal funnel with an anti-splash feature, used for clean and easy pouring of oil and automotive fluids.\" \/>\t\t\t\t\t\t\t\t\t<\/a>\n\t\t\t\t\t\t\t\t\t\t\t\t\t\t\t\t\t\t \t\t\t\t\t\t\t\t<\/div>\n\t\t\t\t\t\t\t\t<div class=\"image-tools top right show-on-hover\">\n\t\t\t\t\t\t\t\t\t\t\t\t\t\t\t\t\t<\/div>\n\t\t\t\t\t\t\t\t\t\t\t\t\t\t\t\t\t<div class=\"image-tools grid-tools text-center hide-for-small bottom hover-slide-in show-on-hover\">\n\t\t\t\t\t\t\t\t\t\t\t\t\t\t\t\t\t\t\t<\/div>\n\t\t\t\t\t\t\t\t\t\t\t\t\t\t\t\t\t\t\t\t\t\t\t<\/div>\n\n\t\t\t\t\t\t\t<div class=\"box-text text-center\" >\n\t\t\t\t\t\t\t\t<div class=\"title-wrapper\"><p class=\"name product-title woocommerce-loop-product__title\"><a href=\"https:\/\/www.gulersan.com\/en\/urun\/oil-funnel-7902\/\" class=\"woocommerce-LoopProduct-link woocommerce-loop-product__link\">Oil Funnel &#8211; 7902<\/a><\/p><\/div><div class=\"price-wrapper\">\n<\/div>\t\t\t\t\t\t\t<\/div>\n\t\t\t\t\t\t<\/div>\n\t\t\t\t\t\t<\/div>\n\t\t\t\t\t<\/div><\/div>\n<h3><img loading=\"lazy\" decoding=\"async\" class=\"alignnone wp-image-5096\" src=\"https:\/\/www.gulersan.com\/wp-content\/uploads\/2020\/12\/gul.png\" alt=\"\" width=\"24\" height=\"23\" srcset=\"https:\/\/www.gulersan.com\/wp-content\/uploads\/2020\/12\/gul.png 252w, https:\/\/www.gulersan.com\/wp-content\/uploads\/2020\/12\/gul-100x100.png 100w, https:\/\/www.gulersan.com\/wp-content\/uploads\/2020\/12\/gul-247x241.png 247w\" sizes=\"auto, (max-width: 24px) 100vw, 24px\" \/> Recommended Accessories<\/h3>\n\t\t<\/div>\n\t\t\t\t\t<\/div>\n\n\t\n<\/div>\n\t\n  \n    <div id=\"product-grid-1420592415\" class=\"row large-columns-5 medium-columns-3 small-columns-2 row-small has-shadow row-box-shadow-3 row-masonry\" data-packery-options='{\"itemSelector\": \".col\", \"gutter\": 0, \"presentageWidth\" : true}'>\n\n  \n\t     <div class=\"col\" >\n\t\t\t\t\t\t<div class=\"col-inner\">\n\t\t\t\t\t\t\n<div class=\"badge-container absolute left top z-1\">\n\n<\/div>\n\t\t\t\t\t\t<div class=\"product-small box has-hover box-vertical box-text-bottom\">\n\t\t\t\t\t\t\t<div class=\"box-image\" style=\"width:50%;\">\n\t\t\t\t\t\t\t\t<div class=\"\" >\n\t\t\t\t\t\t\t\t\t<a href=\"https:\/\/www.gulersan.com\/en\/urun\/oil-extensional-funnel-7903\/\" aria-label=\"Oil Extensional Funnel - 7903\">\n\t\t\t\t\t\t\t\t\t\t<img loading=\"lazy\" decoding=\"async\" width=\"280\" height=\"280\" src=\"https:\/\/www.gulersan.com\/wp-content\/uploads\/2021\/01\/buyuk-huni-7903.jpg\" class=\"attachment-thumbnail size-thumbnail\" alt=\"Oil Extensional Funnel 7903. Plastic funnel with a long, flexible extension hose and tight-sealing neck for clean fluid filling in engines with recessed filler ports.\" \/>\t\t\t\t\t\t\t\t\t<\/a>\n\t\t\t\t\t\t\t\t\t\t\t\t\t\t\t\t\t\t \t\t\t\t\t\t\t\t<\/div>\n\t\t\t\t\t\t\t\t<div class=\"image-tools top right show-on-hover\">\n\t\t\t\t\t\t\t\t\t\t\t\t\t\t\t\t\t<\/div>\n\t\t\t\t\t\t\t\t\t\t\t\t\t\t\t\t\t<div class=\"image-tools grid-tools text-center hide-for-small bottom hover-slide-in show-on-hover\">\n\t\t\t\t\t\t\t\t\t\t\t\t\t\t\t\t\t\t\t<\/div>\n\t\t\t\t\t\t\t\t\t\t\t\t\t\t\t\t\t\t\t\t\t\t\t<\/div>\n\n\t\t\t\t\t\t\t<div class=\"box-text text-center\" >\n\t\t\t\t\t\t\t\t<div class=\"title-wrapper\"><p class=\"name product-title woocommerce-loop-product__title\"><a href=\"https:\/\/www.gulersan.com\/en\/urun\/oil-extensional-funnel-7903\/\" class=\"woocommerce-LoopProduct-link woocommerce-loop-product__link\">Oil Extensional Funnel &#8211; 7903<\/a><\/p><\/div><div class=\"price-wrapper\">\n<\/div>\t\t\t\t\t\t\t<\/div>\n\t\t\t\t\t\t<\/div>\n\t\t\t\t\t\t<\/div>\n\t\t\t\t\t<\/div><div class=\"col\" >\n\t\t\t\t\t\t<div class=\"col-inner\">\n\t\t\t\t\t\t\n<div class=\"badge-container absolute left top z-1\">\n\n<\/div>\n\t\t\t\t\t\t<div class=\"product-small box has-hover box-vertical box-text-bottom\">\n\t\t\t\t\t\t\t<div class=\"box-image\" style=\"width:50%;\">\n\t\t\t\t\t\t\t\t<div class=\"\" >\n\t\t\t\t\t\t\t\t\t<a href=\"https:\/\/www.gulersan.com\/en\/urun\/air-quick-coupler-2095\/\" aria-label=\"Air Quick Coupler - 2095\">\n\t\t\t\t\t\t\t\t\t\t<img loading=\"lazy\" decoding=\"async\" width=\"280\" height=\"280\" src=\"https:\/\/www.gulersan.com\/wp-content\/uploads\/2021\/01\/2095_hava_kaplini-1.jpg\" class=\"attachment-thumbnail size-thumbnail\" alt=\"Air Quick Coupler 2095. A female quick-release connector used to rapidly and securely connect and disconnect pneumatic tools and air lines to an air source.\" \/>\t\t\t\t\t\t\t\t\t<\/a>\n\t\t\t\t\t\t\t\t\t\t\t\t\t\t\t\t\t\t \t\t\t\t\t\t\t\t<\/div>\n\t\t\t\t\t\t\t\t<div class=\"image-tools top right show-on-hover\">\n\t\t\t\t\t\t\t\t\t\t\t\t\t\t\t\t\t<\/div>\n\t\t\t\t\t\t\t\t\t\t\t\t\t\t\t\t\t<div class=\"image-tools grid-tools text-center hide-for-small bottom hover-slide-in show-on-hover\">\n\t\t\t\t\t\t\t\t\t\t\t\t\t\t\t\t\t\t\t<\/div>\n\t\t\t\t\t\t\t\t\t\t\t\t\t\t\t\t\t\t\t\t\t\t\t<\/div>\n\n\t\t\t\t\t\t\t<div class=\"box-text text-center\" >\n\t\t\t\t\t\t\t\t<div class=\"title-wrapper\"><p class=\"name product-title woocommerce-loop-product__title\"><a href=\"https:\/\/www.gulersan.com\/en\/urun\/air-quick-coupler-2095\/\" class=\"woocommerce-LoopProduct-link woocommerce-loop-product__link\">Air Quick Coupler &#8211; 2095<\/a><\/p><\/div><div class=\"price-wrapper\">\n<\/div>\t\t\t\t\t\t\t<\/div>\n\t\t\t\t\t\t<\/div>\n\t\t\t\t\t\t<\/div>\n\t\t\t\t\t<\/div><\/div>\n","protected":false},"excerpt":{"rendered":"","protected":false},"featured_media":5776,"comment_status":"closed","ping_status":"closed","template":"","meta":[],"product_brand":[266],"product_cat":[230],"product_tag":[989,990,986,988,991],"class_list":{"0":"post-5774","1":"product","2":"type-product","3":"status-publish","4":"has-post-thumbnail","6":"product_brand-gulersan","7":"product_cat-oil-drainers","8":"product_tag-air-operated-oil-extractor","9":"product_tag-compressed-air-waste-oil-collector","10":"product_tag-mobile-oil-drain-unit","11":"product_tag-pneumatic-waste-oil-drainer","12":"product_tag-vacuum-oil-drainer","14":"first","15":"instock","16":"shipping-taxable","17":"product-type-simple"},"yoast_head":"<!-- This site is optimized with the Yoast SEO plugin v27.5 - https:\/\/yoast.com\/product\/yoast-seo-wordpress\/ -->\n<title>Air Operated Waste Oil Drainer 80 Lt - 4290 - G\u00fclersan Ya\u011flama Cihazlar\u0131<\/title>\n<meta name=\"description\" content=\"Get clean oil disposal with smart waste oil drainers. They efficiently capture used fluids, keeping your workspace tidy and preventing contamination.\" \/>\n<meta name=\"robots\" content=\"index, follow, max-snippet:-1, max-image-preview:large, max-video-preview:-1\" \/>\n<link rel=\"canonical\" href=\"https:\/\/www.gulersan.com\/en\/urun\/air-operated-waste-oil-drainer-80-lt-4290\/\" \/>\n<meta property=\"og:locale\" content=\"en_US\" \/>\n<meta property=\"og:type\" content=\"article\" \/>\n<meta property=\"og:title\" content=\"Air Operated Waste Oil Drainer 80 Lt - 4290 - G\u00fclersan Ya\u011flama Cihazlar\u0131\" \/>\n<meta property=\"og:description\" content=\"Get clean oil disposal with smart waste oil drainers. They efficiently capture used fluids, keeping your workspace tidy and preventing contamination.\" \/>\n<meta property=\"og:url\" content=\"https:\/\/www.gulersan.com\/en\/urun\/air-operated-waste-oil-drainer-80-lt-4290\/\" \/>\n<meta property=\"og:site_name\" content=\"G\u00fclersan Ya\u011flama Cihazlar\u0131\" \/>\n<meta property=\"article:modified_time\" content=\"2025-09-16T14:50:05+00:00\" \/>\n<meta property=\"og:image\" content=\"https:\/\/www.gulersan.com\/wp-content\/uploads\/2021\/01\/4290-yag-bosaltma-deposu-80-lt.jpg\" \/>\n\t<meta property=\"og:image:width\" content=\"500\" \/>\n\t<meta property=\"og:image:height\" content=\"500\" \/>\n\t<meta property=\"og:image:type\" content=\"image\/jpeg\" \/>\n<meta name=\"twitter:card\" content=\"summary_large_image\" \/>\n<meta name=\"twitter:label1\" content=\"Est. reading time\" \/>\n\t<meta name=\"twitter:data1\" content=\"3 minutes\" \/>\n<script type=\"application\/ld+json\" class=\"yoast-schema-graph\">{\"@context\":\"https:\\\/\\\/schema.org\",\"@graph\":[{\"@type\":\"WebPage\",\"@id\":\"https:\\\/\\\/www.gulersan.com\\\/en\\\/urun\\\/air-operated-waste-oil-drainer-80-lt-4290\\\/\",\"url\":\"https:\\\/\\\/www.gulersan.com\\\/en\\\/urun\\\/air-operated-waste-oil-drainer-80-lt-4290\\\/\",\"name\":\"Air Operated Waste Oil Drainer 80 Lt - 4290 - G\u00fclersan Ya\u011flama Cihazlar\u0131\",\"isPartOf\":{\"@id\":\"https:\\\/\\\/www.gulersan.com\\\/en\\\/#website\"},\"primaryImageOfPage\":{\"@id\":\"https:\\\/\\\/www.gulersan.com\\\/en\\\/urun\\\/air-operated-waste-oil-drainer-80-lt-4290\\\/#primaryimage\"},\"image\":{\"@id\":\"https:\\\/\\\/www.gulersan.com\\\/en\\\/urun\\\/air-operated-waste-oil-drainer-80-lt-4290\\\/#primaryimage\"},\"thumbnailUrl\":\"https:\\\/\\\/www.gulersan.com\\\/wp-content\\\/uploads\\\/2021\\\/01\\\/4290-yag-bosaltma-deposu-80-lt.jpg\",\"datePublished\":\"2021-01-08T13:24:14+00:00\",\"dateModified\":\"2025-09-16T14:50:05+00:00\",\"description\":\"Get clean oil disposal with smart waste oil drainers. They efficiently capture used fluids, keeping your workspace tidy and preventing contamination.\",\"breadcrumb\":{\"@id\":\"https:\\\/\\\/www.gulersan.com\\\/en\\\/urun\\\/air-operated-waste-oil-drainer-80-lt-4290\\\/#breadcrumb\"},\"inLanguage\":\"en-US\",\"potentialAction\":[{\"@type\":\"ReadAction\",\"target\":[\"https:\\\/\\\/www.gulersan.com\\\/en\\\/urun\\\/air-operated-waste-oil-drainer-80-lt-4290\\\/\"]}]},{\"@type\":\"ImageObject\",\"inLanguage\":\"en-US\",\"@id\":\"https:\\\/\\\/www.gulersan.com\\\/en\\\/urun\\\/air-operated-waste-oil-drainer-80-lt-4290\\\/#primaryimage\",\"url\":\"https:\\\/\\\/www.gulersan.com\\\/wp-content\\\/uploads\\\/2021\\\/01\\\/4290-yag-bosaltma-deposu-80-lt.jpg\",\"contentUrl\":\"https:\\\/\\\/www.gulersan.com\\\/wp-content\\\/uploads\\\/2021\\\/01\\\/4290-yag-bosaltma-deposu-80-lt.jpg\",\"width\":500,\"height\":500,\"caption\":\"An 80-liter capacity, air-operated (pneumatic) waste oil drainer designed for the safe, clean, and efficient collection of used engine oil and lubricants from vehicles, featuring pneumatic discharge for easy emptying in professional workshop environments, referencing the 4290 model.\"},{\"@type\":\"BreadcrumbList\",\"@id\":\"https:\\\/\\\/www.gulersan.com\\\/en\\\/urun\\\/air-operated-waste-oil-drainer-80-lt-4290\\\/#breadcrumb\",\"itemListElement\":[{\"@type\":\"ListItem\",\"position\":1,\"name\":\"Anasayfa\",\"item\":\"https:\\\/\\\/www.gulersan.com\\\/en\\\/\"},{\"@type\":\"ListItem\",\"position\":2,\"name\":\"\\\/\",\"item\":\"https:\\\/\\\/www.gulersan.com\\\/shop\\\/\"},{\"@type\":\"ListItem\",\"position\":3,\"name\":\"Lubrication Equipment\",\"item\":\"https:\\\/\\\/www.gulersan.com\\\/en\\\/urun-kategori\\\/lubrication-equipment\\\/\"},{\"@type\":\"ListItem\",\"position\":4,\"name\":\"Oil Drainers\",\"item\":\"https:\\\/\\\/www.gulersan.com\\\/en\\\/urun-kategori\\\/lubrication-equipment\\\/oil-drainers\\\/\"},{\"@type\":\"ListItem\",\"position\":5,\"name\":\"Air Operated Waste Oil Drainer 80 Lt &#8211; 4290\"}]},{\"@type\":\"WebSite\",\"@id\":\"https:\\\/\\\/www.gulersan.com\\\/en\\\/#website\",\"url\":\"https:\\\/\\\/www.gulersan.com\\\/en\\\/\",\"name\":\"G\u00fclersan Ya\u011flama Cihazlar\u0131\",\"description\":\"Ya\u011flama Makinesi | Haval\u0131 Gres Pompas\u0131 | Ya\u011flama Pompas\u0131 | Ya\u011f \u00c7ekme Pompas\u0131\",\"publisher\":{\"@id\":\"https:\\\/\\\/www.gulersan.com\\\/en\\\/#organization\"},\"potentialAction\":[{\"@type\":\"SearchAction\",\"target\":{\"@type\":\"EntryPoint\",\"urlTemplate\":\"https:\\\/\\\/www.gulersan.com\\\/en\\\/?s={search_term_string}\"},\"query-input\":{\"@type\":\"PropertyValueSpecification\",\"valueRequired\":true,\"valueName\":\"search_term_string\"}}],\"inLanguage\":\"en-US\"},{\"@type\":\"Organization\",\"@id\":\"https:\\\/\\\/www.gulersan.com\\\/en\\\/#organization\",\"name\":\"G\u00fclersan Ya\u011flama Cihazlar\u0131\",\"url\":\"https:\\\/\\\/www.gulersan.com\\\/en\\\/\",\"logo\":{\"@type\":\"ImageObject\",\"inLanguage\":\"en-US\",\"@id\":\"https:\\\/\\\/www.gulersan.com\\\/en\\\/#\\\/schema\\\/logo\\\/image\\\/\",\"url\":\"https:\\\/\\\/www.gulersan.com\\\/wp-content\\\/uploads\\\/2021\\\/01\\\/gulersan-logo-tr.png\",\"contentUrl\":\"https:\\\/\\\/www.gulersan.com\\\/wp-content\\\/uploads\\\/2021\\\/01\\\/gulersan-logo-tr.png\",\"width\":1242,\"height\":302,\"caption\":\"G\u00fclersan Ya\u011flama Cihazlar\u0131\"},\"image\":{\"@id\":\"https:\\\/\\\/www.gulersan.com\\\/en\\\/#\\\/schema\\\/logo\\\/image\\\/\"}}]}<\/script>\n<!-- \/ Yoast SEO plugin. -->","yoast_head_json":{"title":"Air Operated Waste Oil Drainer 80 Lt - 4290 - G\u00fclersan Ya\u011flama Cihazlar\u0131","description":"Get clean oil disposal with smart waste oil drainers. They efficiently capture used fluids, keeping your workspace tidy and preventing contamination.","robots":{"index":"index","follow":"follow","max-snippet":"max-snippet:-1","max-image-preview":"max-image-preview:large","max-video-preview":"max-video-preview:-1"},"canonical":"https:\/\/www.gulersan.com\/en\/urun\/air-operated-waste-oil-drainer-80-lt-4290\/","og_locale":"en_US","og_type":"article","og_title":"Air Operated Waste Oil Drainer 80 Lt - 4290 - G\u00fclersan Ya\u011flama Cihazlar\u0131","og_description":"Get clean oil disposal with smart waste oil drainers. They efficiently capture used fluids, keeping your workspace tidy and preventing contamination.","og_url":"https:\/\/www.gulersan.com\/en\/urun\/air-operated-waste-oil-drainer-80-lt-4290\/","og_site_name":"G\u00fclersan Ya\u011flama Cihazlar\u0131","article_modified_time":"2025-09-16T14:50:05+00:00","og_image":[{"width":500,"height":500,"url":"https:\/\/www.gulersan.com\/wp-content\/uploads\/2021\/01\/4290-yag-bosaltma-deposu-80-lt.jpg","type":"image\/jpeg"}],"twitter_card":"summary_large_image","twitter_misc":{"Est. reading time":"3 minutes"},"schema":{"@context":"https:\/\/schema.org","@graph":[{"@type":"WebPage","@id":"https:\/\/www.gulersan.com\/en\/urun\/air-operated-waste-oil-drainer-80-lt-4290\/","url":"https:\/\/www.gulersan.com\/en\/urun\/air-operated-waste-oil-drainer-80-lt-4290\/","name":"Air Operated Waste Oil Drainer 80 Lt - 4290 - G\u00fclersan Ya\u011flama Cihazlar\u0131","isPartOf":{"@id":"https:\/\/www.gulersan.com\/en\/#website"},"primaryImageOfPage":{"@id":"https:\/\/www.gulersan.com\/en\/urun\/air-operated-waste-oil-drainer-80-lt-4290\/#primaryimage"},"image":{"@id":"https:\/\/www.gulersan.com\/en\/urun\/air-operated-waste-oil-drainer-80-lt-4290\/#primaryimage"},"thumbnailUrl":"https:\/\/www.gulersan.com\/wp-content\/uploads\/2021\/01\/4290-yag-bosaltma-deposu-80-lt.jpg","datePublished":"2021-01-08T13:24:14+00:00","dateModified":"2025-09-16T14:50:05+00:00","description":"Get clean oil disposal with smart waste oil drainers. They efficiently capture used fluids, keeping your workspace tidy and preventing contamination.","breadcrumb":{"@id":"https:\/\/www.gulersan.com\/en\/urun\/air-operated-waste-oil-drainer-80-lt-4290\/#breadcrumb"},"inLanguage":"en-US","potentialAction":[{"@type":"ReadAction","target":["https:\/\/www.gulersan.com\/en\/urun\/air-operated-waste-oil-drainer-80-lt-4290\/"]}]},{"@type":"ImageObject","inLanguage":"en-US","@id":"https:\/\/www.gulersan.com\/en\/urun\/air-operated-waste-oil-drainer-80-lt-4290\/#primaryimage","url":"https:\/\/www.gulersan.com\/wp-content\/uploads\/2021\/01\/4290-yag-bosaltma-deposu-80-lt.jpg","contentUrl":"https:\/\/www.gulersan.com\/wp-content\/uploads\/2021\/01\/4290-yag-bosaltma-deposu-80-lt.jpg","width":500,"height":500,"caption":"An 80-liter capacity, air-operated (pneumatic) waste oil drainer designed for the safe, clean, and efficient collection of used engine oil and lubricants from vehicles, featuring pneumatic discharge for easy emptying in professional workshop environments, referencing the 4290 model."},{"@type":"BreadcrumbList","@id":"https:\/\/www.gulersan.com\/en\/urun\/air-operated-waste-oil-drainer-80-lt-4290\/#breadcrumb","itemListElement":[{"@type":"ListItem","position":1,"name":"Anasayfa","item":"https:\/\/www.gulersan.com\/en\/"},{"@type":"ListItem","position":2,"name":"\/","item":"https:\/\/www.gulersan.com\/shop\/"},{"@type":"ListItem","position":3,"name":"Lubrication Equipment","item":"https:\/\/www.gulersan.com\/en\/urun-kategori\/lubrication-equipment\/"},{"@type":"ListItem","position":4,"name":"Oil Drainers","item":"https:\/\/www.gulersan.com\/en\/urun-kategori\/lubrication-equipment\/oil-drainers\/"},{"@type":"ListItem","position":5,"name":"Air Operated Waste Oil Drainer 80 Lt &#8211; 4290"}]},{"@type":"WebSite","@id":"https:\/\/www.gulersan.com\/en\/#website","url":"https:\/\/www.gulersan.com\/en\/","name":"G\u00fclersan Ya\u011flama Cihazlar\u0131","description":"Ya\u011flama Makinesi | Haval\u0131 Gres Pompas\u0131 | Ya\u011flama Pompas\u0131 | Ya\u011f \u00c7ekme Pompas\u0131","publisher":{"@id":"https:\/\/www.gulersan.com\/en\/#organization"},"potentialAction":[{"@type":"SearchAction","target":{"@type":"EntryPoint","urlTemplate":"https:\/\/www.gulersan.com\/en\/?s={search_term_string}"},"query-input":{"@type":"PropertyValueSpecification","valueRequired":true,"valueName":"search_term_string"}}],"inLanguage":"en-US"},{"@type":"Organization","@id":"https:\/\/www.gulersan.com\/en\/#organization","name":"G\u00fclersan Ya\u011flama Cihazlar\u0131","url":"https:\/\/www.gulersan.com\/en\/","logo":{"@type":"ImageObject","inLanguage":"en-US","@id":"https:\/\/www.gulersan.com\/en\/#\/schema\/logo\/image\/","url":"https:\/\/www.gulersan.com\/wp-content\/uploads\/2021\/01\/gulersan-logo-tr.png","contentUrl":"https:\/\/www.gulersan.com\/wp-content\/uploads\/2021\/01\/gulersan-logo-tr.png","width":1242,"height":302,"caption":"G\u00fclersan Ya\u011flama Cihazlar\u0131"},"image":{"@id":"https:\/\/www.gulersan.com\/en\/#\/schema\/logo\/image\/"}}]}},"_links":{"self":[{"href":"https:\/\/www.gulersan.com\/en\/wp-json\/wp\/v2\/product\/5774","targetHints":{"allow":["GET"]}}],"collection":[{"href":"https:\/\/www.gulersan.com\/en\/wp-json\/wp\/v2\/product"}],"about":[{"href":"https:\/\/www.gulersan.com\/en\/wp-json\/wp\/v2\/types\/product"}],"replies":[{"embeddable":true,"href":"https:\/\/www.gulersan.com\/en\/wp-json\/wp\/v2\/comments?post=5774"}],"wp:featuredmedia":[{"embeddable":true,"href":"https:\/\/www.gulersan.com\/en\/wp-json\/wp\/v2\/media\/5776"}],"wp:attachment":[{"href":"https:\/\/www.gulersan.com\/en\/wp-json\/wp\/v2\/media?parent=5774"}],"wp:term":[{"taxonomy":"product_brand","embeddable":true,"href":"https:\/\/www.gulersan.com\/en\/wp-json\/wp\/v2\/product_brand?post=5774"},{"taxonomy":"product_cat","embeddable":true,"href":"https:\/\/www.gulersan.com\/en\/wp-json\/wp\/v2\/product_cat?post=5774"},{"taxonomy":"product_tag","embeddable":true,"href":"https:\/\/www.gulersan.com\/en\/wp-json\/wp\/v2\/product_tag?post=5774"}],"curies":[{"name":"wp","href":"https:\/\/api.w.org\/{rel}","templated":true}]}}