{"id":5828,"date":"2021-01-11T10:51:47","date_gmt":"2021-01-11T07:51:48","guid":{"rendered":"https:\/\/www.gulersan.com\/?post_type=product&#038;p=5828"},"modified":"2025-09-16T17:44:14","modified_gmt":"2025-09-16T14:44:14","slug":"pistol-type-grease-pump-hegp500","status":"publish","type":"product","link":"https:\/\/www.gulersan.com\/en\/urun\/pistol-type-grease-pump-hegp500\/","title":{"rendered":"Pistol Type Grease Pump &#8211; HEGP500"},"content":{"rendered":"<div class=\"row\"  id=\"row-344551936\">\n\n\t<div id=\"col-2004418419\" class=\"col medium-6 small-12 large-6\"  >\n\t\t\t\t<div class=\"col-inner\"  >\n\t\t\t\n\t\t\t\n<h2 style=\"text-align: left;\"><span style=\"color: #000080;\"><strong>Why HEGP500 Pistol Type Grease Pump ?<\/strong><\/span><\/h2>\n<p>Air operated hand grease pump is suitable for agricultural, automotive and industrial applications. Grease nozzle and flexible hose are standard.<\/p>\n\t\t<\/div>\n\t\t\t\t\t<\/div>\n\n\t\n\n\t<div id=\"col-1050251820\" class=\"col medium-6 small-12 large-6\"  >\n\t\t\t\t<div class=\"col-inner\"  >\n\t\t\t\n\t\t\t\n<h2>Technical Details<\/h2>\n<table style=\"width: 100%; height: 613px;\" bgcolor=\"whitesmoke\">\n<tbody>\n<tr>\n<td style=\"height: 1px;\" colspan=\"4\" bgcolor=\"white\"><img loading=\"lazy\" decoding=\"async\" class=\"alignnone wp-image-5094\" style=\"color: #555555; font-size: 14.4px; background-color: #ffffff;\" src=\"https:\/\/www.gulersan.com\/wp-content\/uploads\/2020\/12\/cizgi.jpg\" alt=\"\" width=\"1454\" height=\"12\" srcset=\"https:\/\/www.gulersan.com\/wp-content\/uploads\/2020\/12\/cizgi.jpg 606w, https:\/\/www.gulersan.com\/wp-content\/uploads\/2020\/12\/cizgi-510x4.jpg 510w\" sizes=\"auto, (max-width: 1454px) 100vw, 1454px\" \/><\/td>\n<\/tr>\n<tr>\n<td><span style=\"font-size: 120%;\"><strong>\u00a0 \u00a0 \u00a0 Model<\/strong><\/span><\/td>\n<td><\/td>\n<td style=\"text-align: right;\"><span style=\"font-size: 120%;\">HEGP500 \u00a0 \u00a0<\/span><\/td>\n<\/tr>\n<tr>\n<td><span style=\"font-size: 120%;\"><strong>\u00a0 \u00a0 \u00a0 Working Type<\/strong><\/span><\/td>\n<td><\/td>\n<td style=\"text-align: right;\"><span style=\"font-size: 120%;\">Air\u00a0 \u00a0 \u00a0<\/span><\/td>\n<\/tr>\n<tr>\n<td><span style=\"font-size: 120%;\"><strong>\u00a0 \u00a0 \u00a0 Capacity<\/strong><\/span><\/td>\n<td><\/td>\n<td style=\"text-align: right;\"><span style=\"font-size: 120%;\">400 Cc\u00a0 \u00a0 \u00a0<\/span><\/td>\n<\/tr>\n<tr>\n<td><span style=\"font-size: 120%;\"><strong>\u00a0 \u00a0 \u00a0 Air Consumption<\/strong><\/span><\/td>\n<td><\/td>\n<td style=\"text-align: right;\"><span style=\"font-size: 120%;\">60 Lt \/ Min\u00a0 \u00a0 \u00a0<\/span><\/td>\n<\/tr>\n<tr>\n<td><span style=\"font-size: 120%;\"><strong>\u00a0 \u00a0 \u00a0 Air Inlet<\/strong><\/span><\/td>\n<td><\/td>\n<td style=\"text-align: right;\"><span style=\"font-size: 120%;\">1\/4&#8243;\u00a0 \u00a0 \u00a0<\/span><\/td>\n<\/tr>\n<tr>\n<td><span style=\"font-size: 120%;\"><strong>\u00a0 \u00a0 \u00a0 Working Pressure<\/strong><\/span><\/td>\n<td><\/td>\n<td style=\"text-align: right;\"><span style=\"font-size: 120%;\">6 &#8211; 8 Bar\u00a0 \u00a0 \u00a0\u00a0<\/span><\/td>\n<\/tr>\n<tr>\n<td><span style=\"font-size: 120%;\"><strong>\u00a0 \u00a0 \u00a0 Weight<\/strong><\/span><\/td>\n<td><\/td>\n<td style=\"text-align: right;\"><span style=\"font-size: 120%;\">450 Gr\u00a0 \u00a0 \u00a0\u00a0<\/span><\/td>\n<\/tr>\n<tr>\n<td><span style=\"font-size: 120%;\"><strong>\u00a0 \u00a0 \u00a0 Box Dimensions<\/strong><\/span><\/td>\n<td><\/td>\n<td style=\"text-align: right;\"><span style=\"font-size: 120%;\">17x6x40 Cm\u00a0 \u00a0 \u00a0\u00a0<\/span><\/td>\n<\/tr>\n<tr>\n<td><span style=\"font-size: 120%;\"><strong>\u00a0 \u00a0 \u00a0 Warranty Period<\/strong><\/span><\/td>\n<td><\/td>\n<td style=\"text-align: right;\"><span style=\"font-size: 120%;\">24 Month\u00a0 \u00a0 \u00a0 \u00a0<\/span><\/td>\n<\/tr>\n<\/tbody>\n<\/table>\n\t\t<\/div>\n\t\t\t\t\t<\/div>\n\n\t\n<\/div>\n<div class=\"row\"  id=\"row-1404714243\">\n\n\t<div id=\"col-1009131614\" class=\"col small-12 large-12\"  >\n\t\t\t\t<div class=\"col-inner\"  >\n\t\t\t\n\t\t\t\n<h3><img loading=\"lazy\" decoding=\"async\" class=\"alignnone wp-image-5096\" src=\"https:\/\/www.gulersan.com\/wp-content\/uploads\/2020\/12\/gul.png\" alt=\"\" width=\"24\" height=\"23\" srcset=\"https:\/\/www.gulersan.com\/wp-content\/uploads\/2020\/12\/gul.png 252w, https:\/\/www.gulersan.com\/wp-content\/uploads\/2020\/12\/gul-100x100.png 100w, https:\/\/www.gulersan.com\/wp-content\/uploads\/2020\/12\/gul-247x241.png 247w\" sizes=\"auto, (max-width: 24px) 100vw, 24px\" \/> Recommended Accessories<\/h3>\n\t\t<\/div>\n\t\t\t\t\t<\/div>\n\n\t\n<\/div>\n\t\n  \n    <div id=\"product-grid-1723961091\" class=\"row large-columns-5 medium-columns-3 small-columns-2 row-small has-shadow row-box-shadow-3 row-masonry\" data-packery-options='{\"itemSelector\": \".col\", \"gutter\": 0, \"presentageWidth\" : true}'>\n\n  \n\t     <div class=\"col\" >\n\t\t\t\t\t\t<div class=\"col-inner\">\n\t\t\t\t\t\t\n<div class=\"badge-container absolute left top z-1\">\n\n<\/div>\n\t\t\t\t\t\t<div class=\"product-small box has-hover box-vertical box-text-bottom\">\n\t\t\t\t\t\t\t<div class=\"box-image\" style=\"width:50%;\">\n\t\t\t\t\t\t\t\t<div class=\"\" >\n\t\t\t\t\t\t\t\t\t<a href=\"https:\/\/www.gulersan.com\/en\/urun\/grease-pointed-nozzle-2075\/\" aria-label=\"Grease Pointed Nozzle - 2075\">\n\t\t\t\t\t\t\t\t\t\t<img loading=\"lazy\" decoding=\"async\" width=\"280\" height=\"280\" src=\"https:\/\/www.gulersan.com\/wp-content\/uploads\/2021\/01\/2075_sivri_uc.jpg\" class=\"attachment-thumbnail size-thumbnail\" alt=\"Grease Pointed Nozzle 2075. Narrow, needle-type grease adapter for reaching recessed or difficult-to-access lubrication points without a standard grease nipple.\" \/>\t\t\t\t\t\t\t\t\t<\/a>\n\t\t\t\t\t\t\t\t\t\t\t\t\t\t\t\t\t\t \t\t\t\t\t\t\t\t<\/div>\n\t\t\t\t\t\t\t\t<div class=\"image-tools top right show-on-hover\">\n\t\t\t\t\t\t\t\t\t\t\t\t\t\t\t\t\t<\/div>\n\t\t\t\t\t\t\t\t\t\t\t\t\t\t\t\t\t<div class=\"image-tools grid-tools text-center hide-for-small bottom hover-slide-in show-on-hover\">\n\t\t\t\t\t\t\t\t\t\t\t\t\t\t\t\t\t\t\t<\/div>\n\t\t\t\t\t\t\t\t\t\t\t\t\t\t\t\t\t\t\t\t\t\t\t<\/div>\n\n\t\t\t\t\t\t\t<div class=\"box-text text-center\" >\n\t\t\t\t\t\t\t\t<div class=\"title-wrapper\"><p class=\"name product-title woocommerce-loop-product__title\"><a href=\"https:\/\/www.gulersan.com\/en\/urun\/grease-pointed-nozzle-2075\/\" class=\"woocommerce-LoopProduct-link woocommerce-loop-product__link\">Grease Pointed Nozzle &#8211; 2075<\/a><\/p><\/div><div class=\"price-wrapper\">\n<\/div>\t\t\t\t\t\t\t<\/div>\n\t\t\t\t\t\t<\/div>\n\t\t\t\t\t\t<\/div>\n\t\t\t\t\t<\/div><div class=\"col\" >\n\t\t\t\t\t\t<div class=\"col-inner\">\n\t\t\t\t\t\t\n<div class=\"badge-container absolute left top z-1\">\n\n<\/div>\n\t\t\t\t\t\t<div class=\"product-small box has-hover box-vertical box-text-bottom\">\n\t\t\t\t\t\t\t<div class=\"box-image\" style=\"width:50%;\">\n\t\t\t\t\t\t\t\t<div class=\"\" >\n\t\t\t\t\t\t\t\t\t<a href=\"https:\/\/www.gulersan.com\/en\/urun\/grease-flexible-hose-2065k\/\" aria-label=\"Grease Flexible Hose - 2065K\">\n\t\t\t\t\t\t\t\t\t\t<img loading=\"lazy\" decoding=\"async\" width=\"280\" height=\"280\" src=\"https:\/\/www.gulersan.com\/wp-content\/uploads\/2021\/01\/2065k_gres_spiral_hortum.jpg\" class=\"attachment-thumbnail size-thumbnail\" alt=\"Grease Flexible Hose 2065K. Short, high-pressure flexible hose extension with a grease coupler, used between the rigid extension and the grease fitting for better maneuverability.\" \/>\t\t\t\t\t\t\t\t\t<\/a>\n\t\t\t\t\t\t\t\t\t\t\t\t\t\t\t\t\t\t \t\t\t\t\t\t\t\t<\/div>\n\t\t\t\t\t\t\t\t<div class=\"image-tools top right show-on-hover\">\n\t\t\t\t\t\t\t\t\t\t\t\t\t\t\t\t\t<\/div>\n\t\t\t\t\t\t\t\t\t\t\t\t\t\t\t\t\t<div class=\"image-tools grid-tools text-center hide-for-small bottom hover-slide-in show-on-hover\">\n\t\t\t\t\t\t\t\t\t\t\t\t\t\t\t\t\t\t\t<\/div>\n\t\t\t\t\t\t\t\t\t\t\t\t\t\t\t\t\t\t\t\t\t\t\t<\/div>\n\n\t\t\t\t\t\t\t<div class=\"box-text text-center\" >\n\t\t\t\t\t\t\t\t<div class=\"title-wrapper\"><p class=\"name product-title woocommerce-loop-product__title\"><a href=\"https:\/\/www.gulersan.com\/en\/urun\/grease-flexible-hose-2065k\/\" class=\"woocommerce-LoopProduct-link woocommerce-loop-product__link\">Grease Flexible Hose &#8211; 2065K<\/a><\/p><\/div><div class=\"price-wrapper\">\n<\/div>\t\t\t\t\t\t\t<\/div>\n\t\t\t\t\t\t<\/div>\n\t\t\t\t\t\t<\/div>\n\t\t\t\t\t<\/div><div class=\"col\" >\n\t\t\t\t\t\t<div class=\"col-inner\">\n\t\t\t\t\t\t\n<div class=\"badge-container absolute left top z-1\">\n\n<\/div>\n\t\t\t\t\t\t<div class=\"product-small box has-hover box-vertical box-text-bottom\">\n\t\t\t\t\t\t\t<div class=\"box-image\" style=\"width:50%;\">\n\t\t\t\t\t\t\t\t<div class=\"\" >\n\t\t\t\t\t\t\t\t\t<a href=\"https:\/\/www.gulersan.com\/en\/urun\/grease-fitting-set-78-pieces-gs478\/\" aria-label=\"Grease Fitting Set 78 Pieces - GS478\">\n\t\t\t\t\t\t\t\t\t\t<img loading=\"lazy\" decoding=\"async\" width=\"280\" height=\"280\" src=\"https:\/\/www.gulersan.com\/wp-content\/uploads\/2021\/02\/GS478-Gresorluk-Seti-78-Parca.jpg\" class=\"attachment-thumbnail size-thumbnail\" alt=\"Grease Fitting Set 78 Pieces GS478. Comprehensive 78-piece set of assorted standard metric and imperial grease fittings (zerk) for automotive, industrial, and agricultural lubrication points.\" \/>\t\t\t\t\t\t\t\t\t<\/a>\n\t\t\t\t\t\t\t\t\t\t\t\t\t\t\t\t\t\t \t\t\t\t\t\t\t\t<\/div>\n\t\t\t\t\t\t\t\t<div class=\"image-tools top right show-on-hover\">\n\t\t\t\t\t\t\t\t\t\t\t\t\t\t\t\t\t<\/div>\n\t\t\t\t\t\t\t\t\t\t\t\t\t\t\t\t\t<div class=\"image-tools grid-tools text-center hide-for-small bottom hover-slide-in show-on-hover\">\n\t\t\t\t\t\t\t\t\t\t\t\t\t\t\t\t\t\t\t<\/div>\n\t\t\t\t\t\t\t\t\t\t\t\t\t\t\t\t\t\t\t\t\t\t\t<\/div>\n\n\t\t\t\t\t\t\t<div class=\"box-text text-center\" >\n\t\t\t\t\t\t\t\t<div class=\"title-wrapper\"><p class=\"name product-title woocommerce-loop-product__title\"><a href=\"https:\/\/www.gulersan.com\/en\/urun\/grease-fitting-set-78-pieces-gs478\/\" class=\"woocommerce-LoopProduct-link woocommerce-loop-product__link\">Grease Fitting Set 78 Pieces &#8211; GS478<\/a><\/p><\/div><div class=\"price-wrapper\">\n<\/div>\t\t\t\t\t\t\t<\/div>\n\t\t\t\t\t\t<\/div>\n\t\t\t\t\t\t<\/div>\n\t\t\t\t\t<\/div><div class=\"col\" >\n\t\t\t\t\t\t<div class=\"col-inner\">\n\t\t\t\t\t\t\n<div class=\"badge-container absolute left top z-1\">\n\n<\/div>\n\t\t\t\t\t\t<div class=\"product-small box has-hover box-vertical box-text-bottom\">\n\t\t\t\t\t\t\t<div class=\"box-image\" style=\"width:50%;\">\n\t\t\t\t\t\t\t\t<div class=\"\" >\n\t\t\t\t\t\t\t\t\t<a href=\"https:\/\/www.gulersan.com\/en\/urun\/grease-flexible-hose-2065i\/\" aria-label=\"Grease Flexible Hose - 2065I\">\n\t\t\t\t\t\t\t\t\t\t<img loading=\"lazy\" decoding=\"async\" width=\"280\" height=\"280\" src=\"https:\/\/www.gulersan.com\/wp-content\/uploads\/2021\/01\/2065_gres_spiral_hortum.jpg\" class=\"attachment-thumbnail size-thumbnail\" alt=\"Grease Flexible Hose 2065I. Short, high-pressure flexible hose extension with a grease coupler, used between the rigid extension and the grease fitting for better maneuverability.\" \/>\t\t\t\t\t\t\t\t\t<\/a>\n\t\t\t\t\t\t\t\t\t\t\t\t\t\t\t\t\t\t \t\t\t\t\t\t\t\t<\/div>\n\t\t\t\t\t\t\t\t<div class=\"image-tools top right show-on-hover\">\n\t\t\t\t\t\t\t\t\t\t\t\t\t\t\t\t\t<\/div>\n\t\t\t\t\t\t\t\t\t\t\t\t\t\t\t\t\t<div class=\"image-tools grid-tools text-center hide-for-small bottom hover-slide-in show-on-hover\">\n\t\t\t\t\t\t\t\t\t\t\t\t\t\t\t\t\t\t\t<\/div>\n\t\t\t\t\t\t\t\t\t\t\t\t\t\t\t\t\t\t\t\t\t\t\t<\/div>\n\n\t\t\t\t\t\t\t<div class=\"box-text text-center\" >\n\t\t\t\t\t\t\t\t<div class=\"title-wrapper\"><p class=\"name product-title woocommerce-loop-product__title\"><a href=\"https:\/\/www.gulersan.com\/en\/urun\/grease-flexible-hose-2065i\/\" class=\"woocommerce-LoopProduct-link woocommerce-loop-product__link\">Grease Flexible Hose &#8211; 2065I<\/a><\/p><\/div><div class=\"price-wrapper\">\n<\/div>\t\t\t\t\t\t\t<\/div>\n\t\t\t\t\t\t<\/div>\n\t\t\t\t\t\t<\/div>\n\t\t\t\t\t<\/div><div class=\"col\" >\n\t\t\t\t\t\t<div class=\"col-inner\">\n\t\t\t\t\t\t\n<div class=\"badge-container absolute left top z-1\">\n\n<\/div>\n\t\t\t\t\t\t<div class=\"product-small box has-hover box-vertical box-text-bottom\">\n\t\t\t\t\t\t\t<div class=\"box-image\" style=\"width:50%;\">\n\t\t\t\t\t\t\t\t<div class=\"\" >\n\t\t\t\t\t\t\t\t\t<a href=\"https:\/\/www.gulersan.com\/en\/urun\/air-quick-coupler-2095\/\" aria-label=\"Air Quick Coupler - 2095\">\n\t\t\t\t\t\t\t\t\t\t<img loading=\"lazy\" decoding=\"async\" width=\"280\" height=\"280\" src=\"https:\/\/www.gulersan.com\/wp-content\/uploads\/2021\/01\/2095_hava_kaplini-1.jpg\" class=\"attachment-thumbnail size-thumbnail\" alt=\"Air Quick Coupler 2095. A female quick-release connector used to rapidly and securely connect and disconnect pneumatic tools and air lines to an air source.\" \/>\t\t\t\t\t\t\t\t\t<\/a>\n\t\t\t\t\t\t\t\t\t\t\t\t\t\t\t\t\t\t \t\t\t\t\t\t\t\t<\/div>\n\t\t\t\t\t\t\t\t<div class=\"image-tools top right show-on-hover\">\n\t\t\t\t\t\t\t\t\t\t\t\t\t\t\t\t\t<\/div>\n\t\t\t\t\t\t\t\t\t\t\t\t\t\t\t\t\t<div class=\"image-tools grid-tools text-center hide-for-small bottom hover-slide-in show-on-hover\">\n\t\t\t\t\t\t\t\t\t\t\t\t\t\t\t\t\t\t\t<\/div>\n\t\t\t\t\t\t\t\t\t\t\t\t\t\t\t\t\t\t\t\t\t\t\t<\/div>\n\n\t\t\t\t\t\t\t<div class=\"box-text text-center\" >\n\t\t\t\t\t\t\t\t<div class=\"title-wrapper\"><p class=\"name product-title woocommerce-loop-product__title\"><a href=\"https:\/\/www.gulersan.com\/en\/urun\/air-quick-coupler-2095\/\" class=\"woocommerce-LoopProduct-link woocommerce-loop-product__link\">Air Quick Coupler &#8211; 2095<\/a><\/p><\/div><div class=\"price-wrapper\">\n<\/div>\t\t\t\t\t\t\t<\/div>\n\t\t\t\t\t\t<\/div>\n\t\t\t\t\t\t<\/div>\n\t\t\t\t\t<\/div><\/div>\n","protected":false},"excerpt":{"rendered":"","protected":false},"featured_media":9221,"comment_status":"closed","ping_status":"closed","template":"","meta":[],"product_brand":[266],"product_cat":[188],"product_tag":[828,866,1130,868,1129],"class_list":{"0":"post-5828","1":"product","2":"type-product","3":"status-publish","4":"has-post-thumbnail","6":"product_brand-gulersan","7":"product_cat-hand-grease-pumps-and-oil-cans","8":"product_tag-hand-operated-grease-pump","9":"product_tag-manual-grease-gun","10":"product_tag-pistol-grease-pump","11":"product_tag-pistol-grip-grease-gun","12":"product_tag-single-hand-grease-gun","14":"first","15":"instock","16":"shipping-taxable","17":"product-type-simple"},"yoast_head":"<!-- This site is optimized with the Yoast SEO plugin v27.5 - https:\/\/yoast.com\/product\/yoast-seo-wordpress\/ -->\n<title>Pistol Type Grease Pump - HEGP500 - G\u00fclersan Ya\u011flama Cihazlar\u0131<\/title>\n<meta name=\"description\" content=\"Get precise lubrication with smart pistol-type grease pumps. They offer controlled delivery, making targeted application easy and efficient\" \/>\n<meta name=\"robots\" content=\"index, follow, max-snippet:-1, max-image-preview:large, max-video-preview:-1\" \/>\n<link rel=\"canonical\" href=\"https:\/\/www.gulersan.com\/en\/urun\/pistol-type-grease-pump-hegp500\/\" \/>\n<meta property=\"og:locale\" content=\"en_US\" \/>\n<meta property=\"og:type\" content=\"article\" \/>\n<meta property=\"og:title\" content=\"Pistol Type Grease Pump - HEGP500 - G\u00fclersan Ya\u011flama Cihazlar\u0131\" \/>\n<meta property=\"og:description\" content=\"Get precise lubrication with smart pistol-type grease pumps. They offer controlled delivery, making targeted application easy and efficient\" \/>\n<meta property=\"og:url\" content=\"https:\/\/www.gulersan.com\/en\/urun\/pistol-type-grease-pump-hegp500\/\" \/>\n<meta property=\"og:site_name\" content=\"G\u00fclersan Ya\u011flama Cihazlar\u0131\" \/>\n<meta property=\"article:modified_time\" content=\"2025-09-16T14:44:14+00:00\" \/>\n<meta property=\"og:image\" content=\"https:\/\/www.gulersan.com\/wp-content\/uploads\/2021\/01\/hgep500-1.jpg\" \/>\n\t<meta property=\"og:image:width\" content=\"500\" \/>\n\t<meta property=\"og:image:height\" content=\"500\" \/>\n\t<meta property=\"og:image:type\" content=\"image\/jpeg\" \/>\n<meta name=\"twitter:card\" content=\"summary_large_image\" \/>\n<meta name=\"twitter:label1\" content=\"Est. reading time\" \/>\n\t<meta name=\"twitter:data1\" content=\"2 minutes\" \/>\n<script type=\"application\/ld+json\" class=\"yoast-schema-graph\">{\"@context\":\"https:\\\/\\\/schema.org\",\"@graph\":[{\"@type\":\"WebPage\",\"@id\":\"https:\\\/\\\/www.gulersan.com\\\/en\\\/urun\\\/pistol-type-grease-pump-hegp500\\\/\",\"url\":\"https:\\\/\\\/www.gulersan.com\\\/en\\\/urun\\\/pistol-type-grease-pump-hegp500\\\/\",\"name\":\"Pistol Type Grease Pump - HEGP500 - G\u00fclersan Ya\u011flama Cihazlar\u0131\",\"isPartOf\":{\"@id\":\"https:\\\/\\\/www.gulersan.com\\\/en\\\/#website\"},\"primaryImageOfPage\":{\"@id\":\"https:\\\/\\\/www.gulersan.com\\\/en\\\/urun\\\/pistol-type-grease-pump-hegp500\\\/#primaryimage\"},\"image\":{\"@id\":\"https:\\\/\\\/www.gulersan.com\\\/en\\\/urun\\\/pistol-type-grease-pump-hegp500\\\/#primaryimage\"},\"thumbnailUrl\":\"https:\\\/\\\/www.gulersan.com\\\/wp-content\\\/uploads\\\/2021\\\/01\\\/hgep500-1.jpg\",\"datePublished\":\"2021-01-11T07:51:48+00:00\",\"dateModified\":\"2025-09-16T14:44:14+00:00\",\"description\":\"Get precise lubrication with smart pistol-type grease pumps. They offer controlled delivery, making targeted application easy and efficient\",\"breadcrumb\":{\"@id\":\"https:\\\/\\\/www.gulersan.com\\\/en\\\/urun\\\/pistol-type-grease-pump-hegp500\\\/#breadcrumb\"},\"inLanguage\":\"en-US\",\"potentialAction\":[{\"@type\":\"ReadAction\",\"target\":[\"https:\\\/\\\/www.gulersan.com\\\/en\\\/urun\\\/pistol-type-grease-pump-hegp500\\\/\"]}]},{\"@type\":\"ImageObject\",\"inLanguage\":\"en-US\",\"@id\":\"https:\\\/\\\/www.gulersan.com\\\/en\\\/urun\\\/pistol-type-grease-pump-hegp500\\\/#primaryimage\",\"url\":\"https:\\\/\\\/www.gulersan.com\\\/wp-content\\\/uploads\\\/2021\\\/01\\\/hgep500-1.jpg\",\"contentUrl\":\"https:\\\/\\\/www.gulersan.com\\\/wp-content\\\/uploads\\\/2021\\\/01\\\/hgep500-1.jpg\",\"width\":500,\"height\":500,\"caption\":\"A compact, pistol-grip style manual grease pump designed for easy, one-handed operation and high-pressure, controlled dispensing of lubricating grease, making it ideal for quick, precise lubrication in hard-to-reach areas of machinery and vehicles, referencing the HEGP500 model.\"},{\"@type\":\"BreadcrumbList\",\"@id\":\"https:\\\/\\\/www.gulersan.com\\\/en\\\/urun\\\/pistol-type-grease-pump-hegp500\\\/#breadcrumb\",\"itemListElement\":[{\"@type\":\"ListItem\",\"position\":1,\"name\":\"Anasayfa\",\"item\":\"https:\\\/\\\/www.gulersan.com\\\/en\\\/\"},{\"@type\":\"ListItem\",\"position\":2,\"name\":\"\\\/\",\"item\":\"https:\\\/\\\/www.gulersan.com\\\/shop\\\/\"},{\"@type\":\"ListItem\",\"position\":3,\"name\":\"Lubrication Equipment\",\"item\":\"https:\\\/\\\/www.gulersan.com\\\/en\\\/urun-kategori\\\/lubrication-equipment\\\/\"},{\"@type\":\"ListItem\",\"position\":4,\"name\":\"Hand Grease Pumps and Oil Cans\",\"item\":\"https:\\\/\\\/www.gulersan.com\\\/en\\\/urun-kategori\\\/lubrication-equipment\\\/hand-grease-pumps-and-oil-cans\\\/\"},{\"@type\":\"ListItem\",\"position\":5,\"name\":\"Pistol Type Grease Pump &#8211; HEGP500\"}]},{\"@type\":\"WebSite\",\"@id\":\"https:\\\/\\\/www.gulersan.com\\\/en\\\/#website\",\"url\":\"https:\\\/\\\/www.gulersan.com\\\/en\\\/\",\"name\":\"G\u00fclersan Ya\u011flama Cihazlar\u0131\",\"description\":\"Ya\u011flama Makinesi | Haval\u0131 Gres Pompas\u0131 | Ya\u011flama Pompas\u0131 | Ya\u011f \u00c7ekme Pompas\u0131\",\"publisher\":{\"@id\":\"https:\\\/\\\/www.gulersan.com\\\/en\\\/#organization\"},\"potentialAction\":[{\"@type\":\"SearchAction\",\"target\":{\"@type\":\"EntryPoint\",\"urlTemplate\":\"https:\\\/\\\/www.gulersan.com\\\/en\\\/?s={search_term_string}\"},\"query-input\":{\"@type\":\"PropertyValueSpecification\",\"valueRequired\":true,\"valueName\":\"search_term_string\"}}],\"inLanguage\":\"en-US\"},{\"@type\":\"Organization\",\"@id\":\"https:\\\/\\\/www.gulersan.com\\\/en\\\/#organization\",\"name\":\"G\u00fclersan Ya\u011flama Cihazlar\u0131\",\"url\":\"https:\\\/\\\/www.gulersan.com\\\/en\\\/\",\"logo\":{\"@type\":\"ImageObject\",\"inLanguage\":\"en-US\",\"@id\":\"https:\\\/\\\/www.gulersan.com\\\/en\\\/#\\\/schema\\\/logo\\\/image\\\/\",\"url\":\"https:\\\/\\\/www.gulersan.com\\\/wp-content\\\/uploads\\\/2021\\\/01\\\/gulersan-logo-tr.png\",\"contentUrl\":\"https:\\\/\\\/www.gulersan.com\\\/wp-content\\\/uploads\\\/2021\\\/01\\\/gulersan-logo-tr.png\",\"width\":1242,\"height\":302,\"caption\":\"G\u00fclersan Ya\u011flama Cihazlar\u0131\"},\"image\":{\"@id\":\"https:\\\/\\\/www.gulersan.com\\\/en\\\/#\\\/schema\\\/logo\\\/image\\\/\"}}]}<\/script>\n<!-- \/ Yoast SEO plugin. -->","yoast_head_json":{"title":"Pistol Type Grease Pump - HEGP500 - G\u00fclersan Ya\u011flama Cihazlar\u0131","description":"Get precise lubrication with smart pistol-type grease pumps. They offer controlled delivery, making targeted application easy and efficient","robots":{"index":"index","follow":"follow","max-snippet":"max-snippet:-1","max-image-preview":"max-image-preview:large","max-video-preview":"max-video-preview:-1"},"canonical":"https:\/\/www.gulersan.com\/en\/urun\/pistol-type-grease-pump-hegp500\/","og_locale":"en_US","og_type":"article","og_title":"Pistol Type Grease Pump - HEGP500 - G\u00fclersan Ya\u011flama Cihazlar\u0131","og_description":"Get precise lubrication with smart pistol-type grease pumps. They offer controlled delivery, making targeted application easy and efficient","og_url":"https:\/\/www.gulersan.com\/en\/urun\/pistol-type-grease-pump-hegp500\/","og_site_name":"G\u00fclersan Ya\u011flama Cihazlar\u0131","article_modified_time":"2025-09-16T14:44:14+00:00","og_image":[{"width":500,"height":500,"url":"https:\/\/www.gulersan.com\/wp-content\/uploads\/2021\/01\/hgep500-1.jpg","type":"image\/jpeg"}],"twitter_card":"summary_large_image","twitter_misc":{"Est. reading time":"2 minutes"},"schema":{"@context":"https:\/\/schema.org","@graph":[{"@type":"WebPage","@id":"https:\/\/www.gulersan.com\/en\/urun\/pistol-type-grease-pump-hegp500\/","url":"https:\/\/www.gulersan.com\/en\/urun\/pistol-type-grease-pump-hegp500\/","name":"Pistol Type Grease Pump - HEGP500 - G\u00fclersan Ya\u011flama Cihazlar\u0131","isPartOf":{"@id":"https:\/\/www.gulersan.com\/en\/#website"},"primaryImageOfPage":{"@id":"https:\/\/www.gulersan.com\/en\/urun\/pistol-type-grease-pump-hegp500\/#primaryimage"},"image":{"@id":"https:\/\/www.gulersan.com\/en\/urun\/pistol-type-grease-pump-hegp500\/#primaryimage"},"thumbnailUrl":"https:\/\/www.gulersan.com\/wp-content\/uploads\/2021\/01\/hgep500-1.jpg","datePublished":"2021-01-11T07:51:48+00:00","dateModified":"2025-09-16T14:44:14+00:00","description":"Get precise lubrication with smart pistol-type grease pumps. They offer controlled delivery, making targeted application easy and efficient","breadcrumb":{"@id":"https:\/\/www.gulersan.com\/en\/urun\/pistol-type-grease-pump-hegp500\/#breadcrumb"},"inLanguage":"en-US","potentialAction":[{"@type":"ReadAction","target":["https:\/\/www.gulersan.com\/en\/urun\/pistol-type-grease-pump-hegp500\/"]}]},{"@type":"ImageObject","inLanguage":"en-US","@id":"https:\/\/www.gulersan.com\/en\/urun\/pistol-type-grease-pump-hegp500\/#primaryimage","url":"https:\/\/www.gulersan.com\/wp-content\/uploads\/2021\/01\/hgep500-1.jpg","contentUrl":"https:\/\/www.gulersan.com\/wp-content\/uploads\/2021\/01\/hgep500-1.jpg","width":500,"height":500,"caption":"A compact, pistol-grip style manual grease pump designed for easy, one-handed operation and high-pressure, controlled dispensing of lubricating grease, making it ideal for quick, precise lubrication in hard-to-reach areas of machinery and vehicles, referencing the HEGP500 model."},{"@type":"BreadcrumbList","@id":"https:\/\/www.gulersan.com\/en\/urun\/pistol-type-grease-pump-hegp500\/#breadcrumb","itemListElement":[{"@type":"ListItem","position":1,"name":"Anasayfa","item":"https:\/\/www.gulersan.com\/en\/"},{"@type":"ListItem","position":2,"name":"\/","item":"https:\/\/www.gulersan.com\/shop\/"},{"@type":"ListItem","position":3,"name":"Lubrication Equipment","item":"https:\/\/www.gulersan.com\/en\/urun-kategori\/lubrication-equipment\/"},{"@type":"ListItem","position":4,"name":"Hand Grease Pumps and Oil Cans","item":"https:\/\/www.gulersan.com\/en\/urun-kategori\/lubrication-equipment\/hand-grease-pumps-and-oil-cans\/"},{"@type":"ListItem","position":5,"name":"Pistol Type Grease Pump &#8211; HEGP500"}]},{"@type":"WebSite","@id":"https:\/\/www.gulersan.com\/en\/#website","url":"https:\/\/www.gulersan.com\/en\/","name":"G\u00fclersan Ya\u011flama Cihazlar\u0131","description":"Ya\u011flama Makinesi | Haval\u0131 Gres Pompas\u0131 | Ya\u011flama Pompas\u0131 | Ya\u011f \u00c7ekme Pompas\u0131","publisher":{"@id":"https:\/\/www.gulersan.com\/en\/#organization"},"potentialAction":[{"@type":"SearchAction","target":{"@type":"EntryPoint","urlTemplate":"https:\/\/www.gulersan.com\/en\/?s={search_term_string}"},"query-input":{"@type":"PropertyValueSpecification","valueRequired":true,"valueName":"search_term_string"}}],"inLanguage":"en-US"},{"@type":"Organization","@id":"https:\/\/www.gulersan.com\/en\/#organization","name":"G\u00fclersan Ya\u011flama Cihazlar\u0131","url":"https:\/\/www.gulersan.com\/en\/","logo":{"@type":"ImageObject","inLanguage":"en-US","@id":"https:\/\/www.gulersan.com\/en\/#\/schema\/logo\/image\/","url":"https:\/\/www.gulersan.com\/wp-content\/uploads\/2021\/01\/gulersan-logo-tr.png","contentUrl":"https:\/\/www.gulersan.com\/wp-content\/uploads\/2021\/01\/gulersan-logo-tr.png","width":1242,"height":302,"caption":"G\u00fclersan Ya\u011flama Cihazlar\u0131"},"image":{"@id":"https:\/\/www.gulersan.com\/en\/#\/schema\/logo\/image\/"}}]}},"_links":{"self":[{"href":"https:\/\/www.gulersan.com\/en\/wp-json\/wp\/v2\/product\/5828","targetHints":{"allow":["GET"]}}],"collection":[{"href":"https:\/\/www.gulersan.com\/en\/wp-json\/wp\/v2\/product"}],"about":[{"href":"https:\/\/www.gulersan.com\/en\/wp-json\/wp\/v2\/types\/product"}],"replies":[{"embeddable":true,"href":"https:\/\/www.gulersan.com\/en\/wp-json\/wp\/v2\/comments?post=5828"}],"wp:featuredmedia":[{"embeddable":true,"href":"https:\/\/www.gulersan.com\/en\/wp-json\/wp\/v2\/media\/9221"}],"wp:attachment":[{"href":"https:\/\/www.gulersan.com\/en\/wp-json\/wp\/v2\/media?parent=5828"}],"wp:term":[{"taxonomy":"product_brand","embeddable":true,"href":"https:\/\/www.gulersan.com\/en\/wp-json\/wp\/v2\/product_brand?post=5828"},{"taxonomy":"product_cat","embeddable":true,"href":"https:\/\/www.gulersan.com\/en\/wp-json\/wp\/v2\/product_cat?post=5828"},{"taxonomy":"product_tag","embeddable":true,"href":"https:\/\/www.gulersan.com\/en\/wp-json\/wp\/v2\/product_tag?post=5828"}],"curies":[{"name":"wp","href":"https:\/\/api.w.org\/{rel}","templated":true}]}}