{"id":8835,"date":"2021-02-05T09:51:05","date_gmt":"2021-02-05T06:51:05","guid":{"rendered":"https:\/\/www.gulersan.com\/?post_type=product&#038;p=8835"},"modified":"2025-10-27T13:02:35","modified_gmt":"2025-10-27T10:02:35","slug":"oil-transfer-pump-25-lt-viscomat-70t","status":"publish","type":"product","link":"https:\/\/www.gulersan.com\/en\/urun\/oil-transfer-pump-25-lt-viscomat-70t\/","title":{"rendered":"Oil Transfer Pump 25 Lt &#8211; VISCOMAT 70T"},"content":{"rendered":"<div class=\"row\"  id=\"row-28568638\">\n\n\t<div id=\"col-604612035\" class=\"col medium-6 small-12 large-6\"  >\n\t\t\t\t<div class=\"col-inner\"  >\n\t\t\t\n\t\t\t\n<h2 style=\"text-align: left;\"><span style=\"color: #000080;\"><strong>Why VISCOMAT 70T Oil Transfer Pump ?<\/strong><\/span><\/h2>\n<p>Viscomat Vane is an oil and diesel transfer pump, available in the Viscomat Vane 70 and Viscomat Vane 90 versions. The AC version is suitable for all applications requiring a transfer system with high suction capacity to handle medium-high viscosity fluids.<\/p>\n<p>The higher density of oil compared to other liquids demands greater transfer power. For this reason, the Viscomat Vane system features an AC self-priming vane pump that maintains a constant flow rate, handling viscosities up to 500 cSt with flow rates up to 50 l\/min.<\/p>\n<p>The pump operates continuously with high suction capacity at pressures up to 6 bar. Its asynchronous AC motor is self-ventilated, enclosed, and available in both single-phase and three-phase configurations with various voltage and frequency options to adapt to any working condition.<\/p>\n<p>Additionally, the Viscomat Vane pump includes an integrated bypass system in the pump body, enabling precise flow regulation during closed delivery operations.<\/p>\n<p><strong><img loading=\"lazy\" decoding=\"async\" class=\"alignnone wp-image-7306\" src=\"https:\/\/www.gulersan.com\/wp-content\/uploads\/2021\/01\/pdf.png\" alt=\"\" width=\"67\" height=\"67\" srcset=\"https:\/\/www.gulersan.com\/wp-content\/uploads\/2021\/01\/pdf.png 400w, https:\/\/www.gulersan.com\/wp-content\/uploads\/2021\/01\/pdf-280x280.png 280w, https:\/\/www.gulersan.com\/wp-content\/uploads\/2021\/01\/pdf-100x100.png 100w\" sizes=\"auto, (max-width: 67px) 100vw, 67px\" \/><a href=\"https:\/\/www.gulersan.com\/wp-content\/uploads\/pdftalimatlar\/viscomat70.pdf\" target=\"_blank\" rel=\"noopener\">Using And Maintenance Instruction<\/a><\/strong><\/p>\n\t\t<\/div>\n\t\t\t\t\t<\/div>\n\n\t\n\n\t<div id=\"col-1683423106\" class=\"col medium-6 small-12 large-6\"  >\n\t\t\t\t<div class=\"col-inner\"  >\n\t\t\t\n\t\t\t\n<h2>Technical Details<\/h2>\n<table style=\"width: 100%; height: 681px;\" bgcolor=\"whitesmoke\">\n<tbody>\n<tr>\n<td style=\"height: 1px;\" colspan=\"4\" bgcolor=\"white\"><img loading=\"lazy\" decoding=\"async\" class=\"alignnone wp-image-5094\" style=\"color: #555555; font-size: 14.4px; background-color: #ffffff;\" src=\"https:\/\/www.gulersan.com\/wp-content\/uploads\/2020\/12\/cizgi.jpg\" alt=\"\" width=\"1454\" height=\"12\" srcset=\"https:\/\/www.gulersan.com\/wp-content\/uploads\/2020\/12\/cizgi.jpg 606w, https:\/\/www.gulersan.com\/wp-content\/uploads\/2020\/12\/cizgi-510x4.jpg 510w\" sizes=\"auto, (max-width: 1454px) 100vw, 1454px\" \/><\/td>\n<\/tr>\n<tr>\n<td><span style=\"font-size: 120%;\"><strong>\u00a0 \u00a0 Model<\/strong><\/span><\/td>\n<td><\/td>\n<td style=\"text-align: right;\"><span style=\"font-size: 120%;\">VISCOMAT 70 T\u00a0 \u00a0\u00a0<\/span><\/td>\n<\/tr>\n<tr>\n<td><span style=\"font-size: 120%;\"><strong>\u00a0 \u00a0 Voltage<\/strong><\/span><\/td>\n<td><\/td>\n<td style=\"text-align: right;\"><span style=\"font-size: 120%;\">400 V\u00a0 \u00a0\u00a0<\/span><\/td>\n<\/tr>\n<tr>\n<td><span style=\"font-size: 120%;\"><strong>\u00a0 \u00a0 Power Engine<\/strong><\/span><\/td>\n<td><\/td>\n<td style=\"text-align: right;\"><span style=\"font-size: 120%;\">1.1 Hp\u00a0 \u00a0\u00a0<\/span><\/td>\n<\/tr>\n<tr>\n<td><span style=\"font-size: 120%;\"><strong>\u00a0 \u00a0 Output<\/strong><\/span><\/td>\n<td><\/td>\n<td style=\"text-align: right;\"><span style=\"font-size: 120%;\">25 Lt\/Min\u00a0 \u00a0\u00a0<\/span><\/td>\n<\/tr>\n<tr>\n<td><span style=\"font-size: 120%;\"><strong>\u00a0 \u00a0 Rpm<\/strong><\/span><\/td>\n<td><\/td>\n<td style=\"text-align: right;\"><span style=\"font-size: 120%;\">1450\u00a0 \u00a0\u00a0<\/span><\/td>\n<\/tr>\n<tr>\n<td><span style=\"font-size: 120%;\"><strong>\u00a0 \u00a0 Inlet &#8211; Outlet<\/strong><\/span><\/td>\n<td><\/td>\n<td style=\"text-align: right;\"><span style=\"font-size: 120%;\">\u00d825 Mm\u00a0 \u00a0\u00a0<\/span><\/td>\n<\/tr>\n<tr>\n<td><span style=\"font-size: 120%;\"><strong>\u00a0 \u00a0 Protection Class<\/strong><\/span><\/td>\n<td><\/td>\n<td style=\"text-align: right;\"><span style=\"font-size: 120%;\">IP 55\u00a0 \u00a0\u00a0<\/span><\/td>\n<\/tr>\n<tr>\n<td><span style=\"font-size: 120%;\"><strong>\u00a0 \u00a0 Box Dimensions<\/strong><\/span><\/td>\n<td><\/td>\n<td style=\"text-align: right;\"><span style=\"font-size: 120%;\">35x20x28 Cm\u00a0 \u00a0\u00a0<\/span><\/td>\n<\/tr>\n<tr>\n<td><span style=\"font-size: 120%;\"><strong>\u00a0 \u00a0 Weight<\/strong><\/span><\/td>\n<td><\/td>\n<td style=\"text-align: right;\"><span style=\"font-size: 120%;\">14.1 Kg\u00a0 \u00a0\u00a0<\/span><\/td>\n<\/tr>\n<tr>\n<td><span style=\"font-size: 120%;\"><strong>\u00a0 \u00a0 Warranty Period<\/strong><\/span><\/td>\n<td><\/td>\n<td style=\"text-align: right;\"><span style=\"font-size: 120%;\">24 Month\u00a0 \u00a0\u00a0<\/span><\/td>\n<\/tr>\n<\/tbody>\n<\/table>\n\t\t<\/div>\n\t\t\t\t\t<\/div>\n\n\t\n<\/div>\n<div class=\"row\"  id=\"row-1077568541\">\n\n\t<div id=\"col-1289269000\" class=\"col small-12 large-12\"  >\n\t\t\t\t<div class=\"col-inner\"  >\n\t\t\t\n\t\t\t\n<p>&nbsp;<\/p>\n\t\t<\/div>\n\t\t\t\t\t<\/div>\n\n\t\n<\/div>\n","protected":false},"excerpt":{"rendered":"","protected":false},"featured_media":5263,"comment_status":"closed","ping_status":"closed","template":"","meta":[],"product_brand":[266],"product_cat":[190,214],"product_tag":[1151,951,1299,1155],"class_list":{"0":"post-8835","1":"product","2":"type-product","3":"status-publish","4":"has-post-thumbnail","6":"product_brand-gulersan","7":"product_cat-electric-oil-pumps","8":"product_cat-self-priming-oil-pumps","9":"product_tag-electric-oil-transfer-pump","10":"product_tag-fluid-transfer-pump","11":"product_tag-heavy-duty-oil-pump","12":"product_tag-portable-oil-dispensing-pump","14":"first","15":"instock","16":"shipping-taxable","17":"product-type-simple"},"yoast_head":"<!-- This site is optimized with the Yoast SEO plugin v27.5 - https:\/\/yoast.com\/product\/yoast-seo-wordpress\/ -->\n<title>Oil Transfer Pump 25 Lt - VISCOMAT 70T - G\u00fclersan Ya\u011flama Cihazlar\u0131<\/title>\n<meta name=\"description\" content=\"Command seamless oil dispensing with innovative oil transfer pumps. Engineered for longevity, they simplify challenging fluid handling tasks in any setting\" \/>\n<meta name=\"robots\" content=\"index, follow, max-snippet:-1, max-image-preview:large, max-video-preview:-1\" \/>\n<link rel=\"canonical\" href=\"https:\/\/www.gulersan.com\/en\/urun\/oil-transfer-pump-25-lt-viscomat-70t\/\" \/>\n<meta property=\"og:locale\" content=\"en_US\" \/>\n<meta property=\"og:type\" content=\"article\" \/>\n<meta property=\"og:title\" content=\"Oil Transfer Pump 25 Lt - VISCOMAT 70T - G\u00fclersan Ya\u011flama Cihazlar\u0131\" \/>\n<meta property=\"og:description\" content=\"Command seamless oil dispensing with innovative oil transfer pumps. Engineered for longevity, they simplify challenging fluid handling tasks in any setting\" \/>\n<meta property=\"og:url\" content=\"https:\/\/www.gulersan.com\/en\/urun\/oil-transfer-pump-25-lt-viscomat-70t\/\" \/>\n<meta property=\"og:site_name\" content=\"G\u00fclersan Ya\u011flama Cihazlar\u0131\" \/>\n<meta property=\"article:modified_time\" content=\"2025-10-27T10:02:35+00:00\" \/>\n<meta property=\"og:image\" content=\"https:\/\/www.gulersan.com\/wp-content\/uploads\/2020\/12\/Viscomat_Vane_70_Yag_Transfer_Pompasi_25_Lt.jpg\" \/>\n\t<meta property=\"og:image:width\" content=\"500\" \/>\n\t<meta property=\"og:image:height\" content=\"500\" \/>\n\t<meta property=\"og:image:type\" content=\"image\/jpeg\" \/>\n<meta name=\"twitter:card\" content=\"summary_large_image\" \/>\n<meta name=\"twitter:label1\" content=\"Est. reading time\" \/>\n\t<meta name=\"twitter:data1\" content=\"2 minutes\" \/>\n<script type=\"application\/ld+json\" class=\"yoast-schema-graph\">{\"@context\":\"https:\\\/\\\/schema.org\",\"@graph\":[{\"@type\":\"WebPage\",\"@id\":\"https:\\\/\\\/www.gulersan.com\\\/en\\\/urun\\\/oil-transfer-pump-25-lt-viscomat-70t\\\/\",\"url\":\"https:\\\/\\\/www.gulersan.com\\\/en\\\/urun\\\/oil-transfer-pump-25-lt-viscomat-70t\\\/\",\"name\":\"Oil Transfer Pump 25 Lt - VISCOMAT 70T - G\u00fclersan Ya\u011flama Cihazlar\u0131\",\"isPartOf\":{\"@id\":\"https:\\\/\\\/www.gulersan.com\\\/en\\\/#website\"},\"primaryImageOfPage\":{\"@id\":\"https:\\\/\\\/www.gulersan.com\\\/en\\\/urun\\\/oil-transfer-pump-25-lt-viscomat-70t\\\/#primaryimage\"},\"image\":{\"@id\":\"https:\\\/\\\/www.gulersan.com\\\/en\\\/urun\\\/oil-transfer-pump-25-lt-viscomat-70t\\\/#primaryimage\"},\"thumbnailUrl\":\"https:\\\/\\\/www.gulersan.com\\\/wp-content\\\/uploads\\\/2020\\\/12\\\/Viscomat_Vane_70_Yag_Transfer_Pompasi_25_Lt.jpg\",\"datePublished\":\"2021-02-05T06:51:05+00:00\",\"dateModified\":\"2025-10-27T10:02:35+00:00\",\"description\":\"Command seamless oil dispensing with innovative oil transfer pumps. Engineered for longevity, they simplify challenging fluid handling tasks in any setting\",\"breadcrumb\":{\"@id\":\"https:\\\/\\\/www.gulersan.com\\\/en\\\/urun\\\/oil-transfer-pump-25-lt-viscomat-70t\\\/#breadcrumb\"},\"inLanguage\":\"en-US\",\"potentialAction\":[{\"@type\":\"ReadAction\",\"target\":[\"https:\\\/\\\/www.gulersan.com\\\/en\\\/urun\\\/oil-transfer-pump-25-lt-viscomat-70t\\\/\"]}]},{\"@type\":\"ImageObject\",\"inLanguage\":\"en-US\",\"@id\":\"https:\\\/\\\/www.gulersan.com\\\/en\\\/urun\\\/oil-transfer-pump-25-lt-viscomat-70t\\\/#primaryimage\",\"url\":\"https:\\\/\\\/www.gulersan.com\\\/wp-content\\\/uploads\\\/2020\\\/12\\\/Viscomat_Vane_70_Yag_Transfer_Pompasi_25_Lt.jpg\",\"contentUrl\":\"https:\\\/\\\/www.gulersan.com\\\/wp-content\\\/uploads\\\/2020\\\/12\\\/Viscomat_Vane_70_Yag_Transfer_Pompasi_25_Lt.jpg\",\"width\":500,\"height\":500,\"caption\":\"A heavy-duty, self-priming electric gear pump specifically engineered for the reliable and controlled transfer of high-viscosity lubricating oils and fluids (up to $\\\\text{2,000 cSt}$), capable of delivering approximately $25$ liters per minute ($\\\\text{Lt}$); typically operating on $\\\\text{220V}$ AC power, this robust pump is designed to handle the challenges of moving thick fluids quickly and consistently in industrial maintenance settings and bulk oil dispensing applications, referencing the VISCOMAT 70T model.\"},{\"@type\":\"BreadcrumbList\",\"@id\":\"https:\\\/\\\/www.gulersan.com\\\/en\\\/urun\\\/oil-transfer-pump-25-lt-viscomat-70t\\\/#breadcrumb\",\"itemListElement\":[{\"@type\":\"ListItem\",\"position\":1,\"name\":\"Anasayfa\",\"item\":\"https:\\\/\\\/www.gulersan.com\\\/en\\\/\"},{\"@type\":\"ListItem\",\"position\":2,\"name\":\"\\\/\",\"item\":\"https:\\\/\\\/www.gulersan.com\\\/shop\\\/\"},{\"@type\":\"ListItem\",\"position\":3,\"name\":\"Lubrication Equipment\",\"item\":\"https:\\\/\\\/www.gulersan.com\\\/en\\\/urun-kategori\\\/lubrication-equipment\\\/\"},{\"@type\":\"ListItem\",\"position\":4,\"name\":\"Electric Oil Pumps\",\"item\":\"https:\\\/\\\/www.gulersan.com\\\/en\\\/urun-kategori\\\/lubrication-equipment\\\/electric-oil-pumps\\\/\"},{\"@type\":\"ListItem\",\"position\":5,\"name\":\"Self Priming Oil Pumps\",\"item\":\"https:\\\/\\\/www.gulersan.com\\\/en\\\/urun-kategori\\\/lubrication-equipment\\\/electric-oil-pumps\\\/self-priming-oil-pumps\\\/\"},{\"@type\":\"ListItem\",\"position\":6,\"name\":\"Oil Transfer Pump 25 Lt &#8211; VISCOMAT 70T\"}]},{\"@type\":\"WebSite\",\"@id\":\"https:\\\/\\\/www.gulersan.com\\\/en\\\/#website\",\"url\":\"https:\\\/\\\/www.gulersan.com\\\/en\\\/\",\"name\":\"G\u00fclersan Ya\u011flama Cihazlar\u0131\",\"description\":\"Ya\u011flama Makinesi | Haval\u0131 Gres Pompas\u0131 | Ya\u011flama Pompas\u0131 | Ya\u011f \u00c7ekme Pompas\u0131\",\"publisher\":{\"@id\":\"https:\\\/\\\/www.gulersan.com\\\/en\\\/#organization\"},\"potentialAction\":[{\"@type\":\"SearchAction\",\"target\":{\"@type\":\"EntryPoint\",\"urlTemplate\":\"https:\\\/\\\/www.gulersan.com\\\/en\\\/?s={search_term_string}\"},\"query-input\":{\"@type\":\"PropertyValueSpecification\",\"valueRequired\":true,\"valueName\":\"search_term_string\"}}],\"inLanguage\":\"en-US\"},{\"@type\":\"Organization\",\"@id\":\"https:\\\/\\\/www.gulersan.com\\\/en\\\/#organization\",\"name\":\"G\u00fclersan Ya\u011flama Cihazlar\u0131\",\"url\":\"https:\\\/\\\/www.gulersan.com\\\/en\\\/\",\"logo\":{\"@type\":\"ImageObject\",\"inLanguage\":\"en-US\",\"@id\":\"https:\\\/\\\/www.gulersan.com\\\/en\\\/#\\\/schema\\\/logo\\\/image\\\/\",\"url\":\"https:\\\/\\\/www.gulersan.com\\\/wp-content\\\/uploads\\\/2021\\\/01\\\/gulersan-logo-tr.png\",\"contentUrl\":\"https:\\\/\\\/www.gulersan.com\\\/wp-content\\\/uploads\\\/2021\\\/01\\\/gulersan-logo-tr.png\",\"width\":1242,\"height\":302,\"caption\":\"G\u00fclersan Ya\u011flama Cihazlar\u0131\"},\"image\":{\"@id\":\"https:\\\/\\\/www.gulersan.com\\\/en\\\/#\\\/schema\\\/logo\\\/image\\\/\"}}]}<\/script>\n<!-- \/ Yoast SEO plugin. -->","yoast_head_json":{"title":"Oil Transfer Pump 25 Lt - VISCOMAT 70T - G\u00fclersan Ya\u011flama Cihazlar\u0131","description":"Command seamless oil dispensing with innovative oil transfer pumps. Engineered for longevity, they simplify challenging fluid handling tasks in any setting","robots":{"index":"index","follow":"follow","max-snippet":"max-snippet:-1","max-image-preview":"max-image-preview:large","max-video-preview":"max-video-preview:-1"},"canonical":"https:\/\/www.gulersan.com\/en\/urun\/oil-transfer-pump-25-lt-viscomat-70t\/","og_locale":"en_US","og_type":"article","og_title":"Oil Transfer Pump 25 Lt - VISCOMAT 70T - G\u00fclersan Ya\u011flama Cihazlar\u0131","og_description":"Command seamless oil dispensing with innovative oil transfer pumps. Engineered for longevity, they simplify challenging fluid handling tasks in any setting","og_url":"https:\/\/www.gulersan.com\/en\/urun\/oil-transfer-pump-25-lt-viscomat-70t\/","og_site_name":"G\u00fclersan Ya\u011flama Cihazlar\u0131","article_modified_time":"2025-10-27T10:02:35+00:00","og_image":[{"width":500,"height":500,"url":"https:\/\/www.gulersan.com\/wp-content\/uploads\/2020\/12\/Viscomat_Vane_70_Yag_Transfer_Pompasi_25_Lt.jpg","type":"image\/jpeg"}],"twitter_card":"summary_large_image","twitter_misc":{"Est. reading time":"2 minutes"},"schema":{"@context":"https:\/\/schema.org","@graph":[{"@type":"WebPage","@id":"https:\/\/www.gulersan.com\/en\/urun\/oil-transfer-pump-25-lt-viscomat-70t\/","url":"https:\/\/www.gulersan.com\/en\/urun\/oil-transfer-pump-25-lt-viscomat-70t\/","name":"Oil Transfer Pump 25 Lt - VISCOMAT 70T - G\u00fclersan Ya\u011flama Cihazlar\u0131","isPartOf":{"@id":"https:\/\/www.gulersan.com\/en\/#website"},"primaryImageOfPage":{"@id":"https:\/\/www.gulersan.com\/en\/urun\/oil-transfer-pump-25-lt-viscomat-70t\/#primaryimage"},"image":{"@id":"https:\/\/www.gulersan.com\/en\/urun\/oil-transfer-pump-25-lt-viscomat-70t\/#primaryimage"},"thumbnailUrl":"https:\/\/www.gulersan.com\/wp-content\/uploads\/2020\/12\/Viscomat_Vane_70_Yag_Transfer_Pompasi_25_Lt.jpg","datePublished":"2021-02-05T06:51:05+00:00","dateModified":"2025-10-27T10:02:35+00:00","description":"Command seamless oil dispensing with innovative oil transfer pumps. Engineered for longevity, they simplify challenging fluid handling tasks in any setting","breadcrumb":{"@id":"https:\/\/www.gulersan.com\/en\/urun\/oil-transfer-pump-25-lt-viscomat-70t\/#breadcrumb"},"inLanguage":"en-US","potentialAction":[{"@type":"ReadAction","target":["https:\/\/www.gulersan.com\/en\/urun\/oil-transfer-pump-25-lt-viscomat-70t\/"]}]},{"@type":"ImageObject","inLanguage":"en-US","@id":"https:\/\/www.gulersan.com\/en\/urun\/oil-transfer-pump-25-lt-viscomat-70t\/#primaryimage","url":"https:\/\/www.gulersan.com\/wp-content\/uploads\/2020\/12\/Viscomat_Vane_70_Yag_Transfer_Pompasi_25_Lt.jpg","contentUrl":"https:\/\/www.gulersan.com\/wp-content\/uploads\/2020\/12\/Viscomat_Vane_70_Yag_Transfer_Pompasi_25_Lt.jpg","width":500,"height":500,"caption":"A heavy-duty, self-priming electric gear pump specifically engineered for the reliable and controlled transfer of high-viscosity lubricating oils and fluids (up to $\\text{2,000 cSt}$), capable of delivering approximately $25$ liters per minute ($\\text{Lt}$); typically operating on $\\text{220V}$ AC power, this robust pump is designed to handle the challenges of moving thick fluids quickly and consistently in industrial maintenance settings and bulk oil dispensing applications, referencing the VISCOMAT 70T model."},{"@type":"BreadcrumbList","@id":"https:\/\/www.gulersan.com\/en\/urun\/oil-transfer-pump-25-lt-viscomat-70t\/#breadcrumb","itemListElement":[{"@type":"ListItem","position":1,"name":"Anasayfa","item":"https:\/\/www.gulersan.com\/en\/"},{"@type":"ListItem","position":2,"name":"\/","item":"https:\/\/www.gulersan.com\/shop\/"},{"@type":"ListItem","position":3,"name":"Lubrication Equipment","item":"https:\/\/www.gulersan.com\/en\/urun-kategori\/lubrication-equipment\/"},{"@type":"ListItem","position":4,"name":"Electric Oil Pumps","item":"https:\/\/www.gulersan.com\/en\/urun-kategori\/lubrication-equipment\/electric-oil-pumps\/"},{"@type":"ListItem","position":5,"name":"Self Priming Oil Pumps","item":"https:\/\/www.gulersan.com\/en\/urun-kategori\/lubrication-equipment\/electric-oil-pumps\/self-priming-oil-pumps\/"},{"@type":"ListItem","position":6,"name":"Oil Transfer Pump 25 Lt &#8211; VISCOMAT 70T"}]},{"@type":"WebSite","@id":"https:\/\/www.gulersan.com\/en\/#website","url":"https:\/\/www.gulersan.com\/en\/","name":"G\u00fclersan Ya\u011flama Cihazlar\u0131","description":"Ya\u011flama Makinesi | Haval\u0131 Gres Pompas\u0131 | Ya\u011flama Pompas\u0131 | Ya\u011f \u00c7ekme Pompas\u0131","publisher":{"@id":"https:\/\/www.gulersan.com\/en\/#organization"},"potentialAction":[{"@type":"SearchAction","target":{"@type":"EntryPoint","urlTemplate":"https:\/\/www.gulersan.com\/en\/?s={search_term_string}"},"query-input":{"@type":"PropertyValueSpecification","valueRequired":true,"valueName":"search_term_string"}}],"inLanguage":"en-US"},{"@type":"Organization","@id":"https:\/\/www.gulersan.com\/en\/#organization","name":"G\u00fclersan Ya\u011flama Cihazlar\u0131","url":"https:\/\/www.gulersan.com\/en\/","logo":{"@type":"ImageObject","inLanguage":"en-US","@id":"https:\/\/www.gulersan.com\/en\/#\/schema\/logo\/image\/","url":"https:\/\/www.gulersan.com\/wp-content\/uploads\/2021\/01\/gulersan-logo-tr.png","contentUrl":"https:\/\/www.gulersan.com\/wp-content\/uploads\/2021\/01\/gulersan-logo-tr.png","width":1242,"height":302,"caption":"G\u00fclersan Ya\u011flama Cihazlar\u0131"},"image":{"@id":"https:\/\/www.gulersan.com\/en\/#\/schema\/logo\/image\/"}}]}},"_links":{"self":[{"href":"https:\/\/www.gulersan.com\/en\/wp-json\/wp\/v2\/product\/8835","targetHints":{"allow":["GET"]}}],"collection":[{"href":"https:\/\/www.gulersan.com\/en\/wp-json\/wp\/v2\/product"}],"about":[{"href":"https:\/\/www.gulersan.com\/en\/wp-json\/wp\/v2\/types\/product"}],"replies":[{"embeddable":true,"href":"https:\/\/www.gulersan.com\/en\/wp-json\/wp\/v2\/comments?post=8835"}],"wp:featuredmedia":[{"embeddable":true,"href":"https:\/\/www.gulersan.com\/en\/wp-json\/wp\/v2\/media\/5263"}],"wp:attachment":[{"href":"https:\/\/www.gulersan.com\/en\/wp-json\/wp\/v2\/media?parent=8835"}],"wp:term":[{"taxonomy":"product_brand","embeddable":true,"href":"https:\/\/www.gulersan.com\/en\/wp-json\/wp\/v2\/product_brand?post=8835"},{"taxonomy":"product_cat","embeddable":true,"href":"https:\/\/www.gulersan.com\/en\/wp-json\/wp\/v2\/product_cat?post=8835"},{"taxonomy":"product_tag","embeddable":true,"href":"https:\/\/www.gulersan.com\/en\/wp-json\/wp\/v2\/product_tag?post=8835"}],"curies":[{"name":"wp","href":"https:\/\/api.w.org\/{rel}","templated":true}]}}