{"id":8853,"date":"2021-02-05T10:59:57","date_gmt":"2021-02-05T07:59:57","guid":{"rendered":"https:\/\/www.gulersan.com\/?post_type=product&#038;p=8853"},"modified":"2025-10-27T12:58:01","modified_gmt":"2025-10-27T09:58:01","slug":"electric-gear-oil-pump-29-lt-beg-20","status":"publish","type":"product","link":"https:\/\/www.gulersan.com\/en\/urun\/electric-gear-oil-pump-29-lt-beg-20\/","title":{"rendered":"Electric Gear Oil Pump 29 Lt &#8211; BEG 20"},"content":{"rendered":"<div class=\"row\"  id=\"row-1006745567\">\n\n\t<div id=\"col-763273282\" class=\"col medium-6 small-12 large-6\"  >\n\t\t\t\t<div class=\"col-inner\"  >\n\t\t\t\n\t\t\t\n<h2 style=\"text-align: left;\"><span style=\"color: #000080;\"><strong>Why BEG 20 Electric Gear Oil Pump ?<\/strong><\/span><\/h2>\n<p>The &#8220;G&#8221; series electric gear oil transfer pumps handle common, non-aggressive viscous liquids (1-7\u00b0 Engler at 40\u00b0C), including clean synthetic, mineral, water, wine, olive oil, milk, or diesel fuel.They self-prime up to 2 meters; for higher lifts, use a non-return valve or add 10ml liquid for suction. Always keep the pump near the container.Crucial: Don&#8217;t run dry over 10 seconds. Always use hose connectors and the supplied filter. Dispensing guns require safety valve code 920035.All models provide continuous service up to 2 bar (0.2 MPa). 230V models offer reversible motor direction, while battery models are polarity-dependent. They&#8217;re suitable for any clean, non-aggressive\/abrasive common oil (e.g., vegetable, synthetic, hydraulic).<\/p>\n<p><strong><img loading=\"lazy\" decoding=\"async\" class=\"alignnone wp-image-7306\" src=\"https:\/\/www.gulersan.com\/wp-content\/uploads\/2021\/01\/pdf.png\" alt=\"\" width=\"67\" height=\"67\" srcset=\"https:\/\/www.gulersan.com\/wp-content\/uploads\/2021\/01\/pdf.png 400w, https:\/\/www.gulersan.com\/wp-content\/uploads\/2021\/01\/pdf-280x280.png 280w, https:\/\/www.gulersan.com\/wp-content\/uploads\/2021\/01\/pdf-100x100.png 100w\" sizes=\"auto, (max-width: 67px) 100vw, 67px\" \/><a href=\"https:\/\/www.gulersan.com\/wp-content\/uploads\/pdftalimatlar\/elektrikli-yag-pompalari-kullanim-talimati.pdf\" target=\"_blank\" rel=\"noopener\">Using And Maintenance Instruction<\/a><\/strong><\/p>\n\t\t<\/div>\n\t\t\t\t\t<\/div>\n\n\t\n\n\t<div id=\"col-1991207886\" class=\"col medium-6 small-12 large-6\"  >\n\t\t\t\t<div class=\"col-inner\"  >\n\t\t\t\n\t\t\t\n<h2>Technical Details<\/h2>\n<table style=\"width: 100%; height: 817px;\" bgcolor=\"whitesmoke\">\n<tbody>\n<tr>\n<td style=\"height: 1px;\" colspan=\"4\" bgcolor=\"white\"><img loading=\"lazy\" decoding=\"async\" class=\"alignnone wp-image-5094\" style=\"color: #555555; font-size: 14.4px; background-color: #ffffff;\" src=\"https:\/\/www.gulersan.com\/wp-content\/uploads\/2020\/12\/cizgi.jpg\" alt=\"\" width=\"1454\" height=\"12\" srcset=\"https:\/\/www.gulersan.com\/wp-content\/uploads\/2020\/12\/cizgi.jpg 606w, https:\/\/www.gulersan.com\/wp-content\/uploads\/2020\/12\/cizgi-510x4.jpg 510w\" sizes=\"auto, (max-width: 1454px) 100vw, 1454px\" \/><\/td>\n<\/tr>\n<tr>\n<td><span style=\"font-size: 120%;\"><strong>\u00a0 \u00a0 Model<\/strong><\/span><\/td>\n<td><\/td>\n<td style=\"text-align: right;\"><span style=\"font-size: 120%;\">BEG 20\u00a0 \u00a0\u00a0<\/span><\/td>\n<\/tr>\n<tr>\n<td><span style=\"font-size: 120%;\"><strong>\u00a0 \u00a0 Code<\/strong><\/span><\/td>\n<td><\/td>\n<td style=\"text-align: right;\"><span style=\"font-size: 120%;\">979000\u00a0 \u00a0\u00a0<\/span><\/td>\n<\/tr>\n<tr>\n<td><span style=\"font-size: 120%;\"><strong>\u00a0 \u00a0 Voltage<\/strong><\/span><\/td>\n<td><\/td>\n<td style=\"text-align: right;\"><span style=\"font-size: 120%;\">230 V\u00a0 \u00a0\u00a0<\/span><\/td>\n<\/tr>\n<tr>\n<td><span style=\"font-size: 120%;\"><strong>\u00a0 \u00a0 Power Engine<\/strong><\/span><\/td>\n<td><\/td>\n<td style=\"text-align: right;\"><span style=\"font-size: 120%;\">0.8 Hp\u00a0 \u00a0\u00a0<\/span><\/td>\n<\/tr>\n<tr>\n<td><span style=\"font-size: 120%;\"><strong>\u00a0 \u00a0 Output<\/strong><\/span><\/td>\n<td><\/td>\n<td style=\"text-align: right;\"><span style=\"font-size: 120%;\">29 Lt\/Min\u00a0 \u00a0\u00a0<\/span><\/td>\n<\/tr>\n<tr>\n<td><span style=\"font-size: 120%;\"><strong>\u00a0 \u00a0 Rpm<\/strong><\/span><\/td>\n<td><\/td>\n<td style=\"text-align: right;\"><span style=\"font-size: 120%;\">2850\u00a0 \u00a0\u00a0<\/span><\/td>\n<\/tr>\n<tr>\n<td><span style=\"font-size: 120%;\"><strong>\u00a0 \u00a0 Inlet &#8211; Outlet<\/strong><\/span><\/td>\n<td><\/td>\n<td style=\"text-align: right;\"><span style=\"font-size: 120%;\">\u00d820 Mm\u00a0 \u00a0\u00a0<\/span><\/td>\n<\/tr>\n<tr>\n<td><span style=\"font-size: 120%;\"><strong>\u00a0 \u00a0 Maximum Temperature<\/strong><\/span><\/td>\n<td><\/td>\n<td style=\"text-align: right;\"><span style=\"font-size: 120%;\">35\u00b0\u00a0 \u00a0\u00a0<\/span><\/td>\n<\/tr>\n<tr>\n<td><span style=\"font-size: 120%;\"><strong>\u00a0 \u00a0 Protection Class<\/strong><\/span><\/td>\n<td><\/td>\n<td style=\"text-align: right;\"><span style=\"font-size: 120%;\">IP X4\u00a0 \u00a0<\/span><\/td>\n<\/tr>\n<tr>\n<td><span style=\"font-size: 120%;\"><strong>\u00a0 \u00a0 Box Dimensions<\/strong><\/span><\/td>\n<td><\/td>\n<td style=\"text-align: right;\"><span style=\"font-size: 120%;\">23x12x19 Cm\u00a0 \u00a0\u00a0<\/span><\/td>\n<\/tr>\n<tr>\n<td><span style=\"font-size: 120%;\"><strong>\u00a0 \u00a0 Weight<\/strong><\/span><\/td>\n<td><\/td>\n<td style=\"text-align: right;\"><span style=\"font-size: 120%;\">7 Kg\u00a0 \u00a0\u00a0<\/span><\/td>\n<\/tr>\n<tr>\n<td><span style=\"font-size: 120%;\"><strong>\u00a0 \u00a0 Warranty Period<\/strong><\/span><\/td>\n<td><\/td>\n<td style=\"text-align: right;\"><span style=\"font-size: 120%;\">24 Month\u00a0 \u00a0\u00a0<\/span><\/td>\n<\/tr>\n<\/tbody>\n<\/table>\n\t\t<\/div>\n\t\t\t\t\t<\/div>\n\n\t\n<\/div>\n<div class=\"row\"  id=\"row-1651283107\">\n\n\t<div id=\"col-101010634\" class=\"col small-12 large-12\"  >\n\t\t\t\t<div class=\"col-inner\"  >\n\t\t\t\n\t\t\t\n<p>&nbsp;<\/p>\n\t\t<\/div>\n\t\t\t\t\t<\/div>\n\n\t\n<\/div>\n","protected":false},"excerpt":{"rendered":"","protected":false},"featured_media":8882,"comment_status":"closed","ping_status":"closed","template":"","meta":[],"product_brand":[266],"product_cat":[190,187],"product_tag":[1295,1298,1296,1297],"class_list":{"0":"post-8853","1":"product","2":"type-product","3":"status-publish","4":"has-post-thumbnail","6":"product_brand-gulersan","7":"product_cat-electric-oil-pumps","8":"product_cat-gear-oil-pumps","9":"product_tag-electric-gear-pump","10":"product_tag-electric-lubricating-gear-pump","11":"product_tag-high-viscosity-oil-pump","12":"product_tag-industrial-gear-oil-dispenser","14":"first","15":"instock","16":"shipping-taxable","17":"product-type-simple"},"yoast_head":"<!-- This site is optimized with the Yoast SEO plugin v27.5 - https:\/\/yoast.com\/product\/yoast-seo-wordpress\/ -->\n<title>Electric Gear Oil Pump 29 Lt - BEG 20 - G\u00fclersan Ya\u011flama Cihazlar\u0131<\/title>\n<meta name=\"description\" content=\"Smart electric pumps accurately dispense high-viscosity fluids for gear oil transfer, minimizing waste and ensuring precise component lubrication.\" \/>\n<meta name=\"robots\" content=\"index, follow, max-snippet:-1, max-image-preview:large, max-video-preview:-1\" \/>\n<link rel=\"canonical\" href=\"https:\/\/www.gulersan.com\/en\/urun\/electric-gear-oil-pump-29-lt-beg-20\/\" \/>\n<meta property=\"og:locale\" content=\"en_US\" \/>\n<meta property=\"og:type\" content=\"article\" \/>\n<meta property=\"og:title\" content=\"Electric Gear Oil Pump 29 Lt - BEG 20 - G\u00fclersan Ya\u011flama Cihazlar\u0131\" \/>\n<meta property=\"og:description\" content=\"Smart electric pumps accurately dispense high-viscosity fluids for gear oil transfer, minimizing waste and ensuring precise component lubrication.\" \/>\n<meta property=\"og:url\" content=\"https:\/\/www.gulersan.com\/en\/urun\/electric-gear-oil-pump-29-lt-beg-20\/\" \/>\n<meta property=\"og:site_name\" content=\"G\u00fclersan Ya\u011flama Cihazlar\u0131\" \/>\n<meta property=\"article:modified_time\" content=\"2025-10-27T09:58:01+00:00\" \/>\n<meta property=\"og:image\" content=\"https:\/\/www.gulersan.com\/wp-content\/uploads\/2021\/02\/beg-20-elektrikli-yag-pompasi-230-1.jpg\" \/>\n\t<meta property=\"og:image:width\" content=\"500\" \/>\n\t<meta property=\"og:image:height\" content=\"500\" \/>\n\t<meta property=\"og:image:type\" content=\"image\/jpeg\" \/>\n<meta name=\"twitter:card\" content=\"summary_large_image\" \/>\n<meta name=\"twitter:label1\" content=\"Est. reading time\" \/>\n\t<meta name=\"twitter:data1\" content=\"2 minutes\" \/>\n<script type=\"application\/ld+json\" class=\"yoast-schema-graph\">{\"@context\":\"https:\\\/\\\/schema.org\",\"@graph\":[{\"@type\":\"WebPage\",\"@id\":\"https:\\\/\\\/www.gulersan.com\\\/en\\\/urun\\\/electric-gear-oil-pump-29-lt-beg-20\\\/\",\"url\":\"https:\\\/\\\/www.gulersan.com\\\/en\\\/urun\\\/electric-gear-oil-pump-29-lt-beg-20\\\/\",\"name\":\"Electric Gear Oil Pump 29 Lt - BEG 20 - G\u00fclersan Ya\u011flama Cihazlar\u0131\",\"isPartOf\":{\"@id\":\"https:\\\/\\\/www.gulersan.com\\\/en\\\/#website\"},\"primaryImageOfPage\":{\"@id\":\"https:\\\/\\\/www.gulersan.com\\\/en\\\/urun\\\/electric-gear-oil-pump-29-lt-beg-20\\\/#primaryimage\"},\"image\":{\"@id\":\"https:\\\/\\\/www.gulersan.com\\\/en\\\/urun\\\/electric-gear-oil-pump-29-lt-beg-20\\\/#primaryimage\"},\"thumbnailUrl\":\"https:\\\/\\\/www.gulersan.com\\\/wp-content\\\/uploads\\\/2021\\\/02\\\/beg-20-elektrikli-yag-pompasi-230-1.jpg\",\"datePublished\":\"2021-02-05T07:59:57+00:00\",\"dateModified\":\"2025-10-27T09:58:01+00:00\",\"description\":\"Smart electric pumps accurately dispense high-viscosity fluids for gear oil transfer, minimizing waste and ensuring precise component lubrication.\",\"breadcrumb\":{\"@id\":\"https:\\\/\\\/www.gulersan.com\\\/en\\\/urun\\\/electric-gear-oil-pump-29-lt-beg-20\\\/#breadcrumb\"},\"inLanguage\":\"en-US\",\"potentialAction\":[{\"@type\":\"ReadAction\",\"target\":[\"https:\\\/\\\/www.gulersan.com\\\/en\\\/urun\\\/electric-gear-oil-pump-29-lt-beg-20\\\/\"]}]},{\"@type\":\"ImageObject\",\"inLanguage\":\"en-US\",\"@id\":\"https:\\\/\\\/www.gulersan.com\\\/en\\\/urun\\\/electric-gear-oil-pump-29-lt-beg-20\\\/#primaryimage\",\"url\":\"https:\\\/\\\/www.gulersan.com\\\/wp-content\\\/uploads\\\/2021\\\/02\\\/beg-20-elektrikli-yag-pompasi-230-1.jpg\",\"contentUrl\":\"https:\\\/\\\/www.gulersan.com\\\/wp-content\\\/uploads\\\/2021\\\/02\\\/beg-20-elektrikli-yag-pompasi-230-1.jpg\",\"width\":500,\"height\":500,\"caption\":\"A mobile, electric gear oil pump system with a 15-liter tank designed for the clean, portable, and controlled dispensing of high-viscosity gear oil and lubricants, providing an efficient solution for fluid top-offs and maintenance in workshops, referencing the BEG 20 model.\"},{\"@type\":\"BreadcrumbList\",\"@id\":\"https:\\\/\\\/www.gulersan.com\\\/en\\\/urun\\\/electric-gear-oil-pump-29-lt-beg-20\\\/#breadcrumb\",\"itemListElement\":[{\"@type\":\"ListItem\",\"position\":1,\"name\":\"Anasayfa\",\"item\":\"https:\\\/\\\/www.gulersan.com\\\/en\\\/\"},{\"@type\":\"ListItem\",\"position\":2,\"name\":\"\\\/\",\"item\":\"https:\\\/\\\/www.gulersan.com\\\/shop\\\/\"},{\"@type\":\"ListItem\",\"position\":3,\"name\":\"Lubrication Equipment\",\"item\":\"https:\\\/\\\/www.gulersan.com\\\/en\\\/urun-kategori\\\/lubrication-equipment\\\/\"},{\"@type\":\"ListItem\",\"position\":4,\"name\":\"Electric Oil Pumps\",\"item\":\"https:\\\/\\\/www.gulersan.com\\\/en\\\/urun-kategori\\\/lubrication-equipment\\\/electric-oil-pumps\\\/\"},{\"@type\":\"ListItem\",\"position\":5,\"name\":\"Electric Gear Oil Pump 29 Lt &#8211; BEG 20\"}]},{\"@type\":\"WebSite\",\"@id\":\"https:\\\/\\\/www.gulersan.com\\\/en\\\/#website\",\"url\":\"https:\\\/\\\/www.gulersan.com\\\/en\\\/\",\"name\":\"G\u00fclersan Ya\u011flama Cihazlar\u0131\",\"description\":\"Ya\u011flama Makinesi | Haval\u0131 Gres Pompas\u0131 | Ya\u011flama Pompas\u0131 | Ya\u011f \u00c7ekme Pompas\u0131\",\"publisher\":{\"@id\":\"https:\\\/\\\/www.gulersan.com\\\/en\\\/#organization\"},\"potentialAction\":[{\"@type\":\"SearchAction\",\"target\":{\"@type\":\"EntryPoint\",\"urlTemplate\":\"https:\\\/\\\/www.gulersan.com\\\/en\\\/?s={search_term_string}\"},\"query-input\":{\"@type\":\"PropertyValueSpecification\",\"valueRequired\":true,\"valueName\":\"search_term_string\"}}],\"inLanguage\":\"en-US\"},{\"@type\":\"Organization\",\"@id\":\"https:\\\/\\\/www.gulersan.com\\\/en\\\/#organization\",\"name\":\"G\u00fclersan Ya\u011flama Cihazlar\u0131\",\"url\":\"https:\\\/\\\/www.gulersan.com\\\/en\\\/\",\"logo\":{\"@type\":\"ImageObject\",\"inLanguage\":\"en-US\",\"@id\":\"https:\\\/\\\/www.gulersan.com\\\/en\\\/#\\\/schema\\\/logo\\\/image\\\/\",\"url\":\"https:\\\/\\\/www.gulersan.com\\\/wp-content\\\/uploads\\\/2021\\\/01\\\/gulersan-logo-tr.png\",\"contentUrl\":\"https:\\\/\\\/www.gulersan.com\\\/wp-content\\\/uploads\\\/2021\\\/01\\\/gulersan-logo-tr.png\",\"width\":1242,\"height\":302,\"caption\":\"G\u00fclersan Ya\u011flama Cihazlar\u0131\"},\"image\":{\"@id\":\"https:\\\/\\\/www.gulersan.com\\\/en\\\/#\\\/schema\\\/logo\\\/image\\\/\"}}]}<\/script>\n<!-- \/ Yoast SEO plugin. -->","yoast_head_json":{"title":"Electric Gear Oil Pump 29 Lt - BEG 20 - G\u00fclersan Ya\u011flama Cihazlar\u0131","description":"Smart electric pumps accurately dispense high-viscosity fluids for gear oil transfer, minimizing waste and ensuring precise component lubrication.","robots":{"index":"index","follow":"follow","max-snippet":"max-snippet:-1","max-image-preview":"max-image-preview:large","max-video-preview":"max-video-preview:-1"},"canonical":"https:\/\/www.gulersan.com\/en\/urun\/electric-gear-oil-pump-29-lt-beg-20\/","og_locale":"en_US","og_type":"article","og_title":"Electric Gear Oil Pump 29 Lt - BEG 20 - G\u00fclersan Ya\u011flama Cihazlar\u0131","og_description":"Smart electric pumps accurately dispense high-viscosity fluids for gear oil transfer, minimizing waste and ensuring precise component lubrication.","og_url":"https:\/\/www.gulersan.com\/en\/urun\/electric-gear-oil-pump-29-lt-beg-20\/","og_site_name":"G\u00fclersan Ya\u011flama Cihazlar\u0131","article_modified_time":"2025-10-27T09:58:01+00:00","og_image":[{"width":500,"height":500,"url":"https:\/\/www.gulersan.com\/wp-content\/uploads\/2021\/02\/beg-20-elektrikli-yag-pompasi-230-1.jpg","type":"image\/jpeg"}],"twitter_card":"summary_large_image","twitter_misc":{"Est. reading time":"2 minutes"},"schema":{"@context":"https:\/\/schema.org","@graph":[{"@type":"WebPage","@id":"https:\/\/www.gulersan.com\/en\/urun\/electric-gear-oil-pump-29-lt-beg-20\/","url":"https:\/\/www.gulersan.com\/en\/urun\/electric-gear-oil-pump-29-lt-beg-20\/","name":"Electric Gear Oil Pump 29 Lt - BEG 20 - G\u00fclersan Ya\u011flama Cihazlar\u0131","isPartOf":{"@id":"https:\/\/www.gulersan.com\/en\/#website"},"primaryImageOfPage":{"@id":"https:\/\/www.gulersan.com\/en\/urun\/electric-gear-oil-pump-29-lt-beg-20\/#primaryimage"},"image":{"@id":"https:\/\/www.gulersan.com\/en\/urun\/electric-gear-oil-pump-29-lt-beg-20\/#primaryimage"},"thumbnailUrl":"https:\/\/www.gulersan.com\/wp-content\/uploads\/2021\/02\/beg-20-elektrikli-yag-pompasi-230-1.jpg","datePublished":"2021-02-05T07:59:57+00:00","dateModified":"2025-10-27T09:58:01+00:00","description":"Smart electric pumps accurately dispense high-viscosity fluids for gear oil transfer, minimizing waste and ensuring precise component lubrication.","breadcrumb":{"@id":"https:\/\/www.gulersan.com\/en\/urun\/electric-gear-oil-pump-29-lt-beg-20\/#breadcrumb"},"inLanguage":"en-US","potentialAction":[{"@type":"ReadAction","target":["https:\/\/www.gulersan.com\/en\/urun\/electric-gear-oil-pump-29-lt-beg-20\/"]}]},{"@type":"ImageObject","inLanguage":"en-US","@id":"https:\/\/www.gulersan.com\/en\/urun\/electric-gear-oil-pump-29-lt-beg-20\/#primaryimage","url":"https:\/\/www.gulersan.com\/wp-content\/uploads\/2021\/02\/beg-20-elektrikli-yag-pompasi-230-1.jpg","contentUrl":"https:\/\/www.gulersan.com\/wp-content\/uploads\/2021\/02\/beg-20-elektrikli-yag-pompasi-230-1.jpg","width":500,"height":500,"caption":"A mobile, electric gear oil pump system with a 15-liter tank designed for the clean, portable, and controlled dispensing of high-viscosity gear oil and lubricants, providing an efficient solution for fluid top-offs and maintenance in workshops, referencing the BEG 20 model."},{"@type":"BreadcrumbList","@id":"https:\/\/www.gulersan.com\/en\/urun\/electric-gear-oil-pump-29-lt-beg-20\/#breadcrumb","itemListElement":[{"@type":"ListItem","position":1,"name":"Anasayfa","item":"https:\/\/www.gulersan.com\/en\/"},{"@type":"ListItem","position":2,"name":"\/","item":"https:\/\/www.gulersan.com\/shop\/"},{"@type":"ListItem","position":3,"name":"Lubrication Equipment","item":"https:\/\/www.gulersan.com\/en\/urun-kategori\/lubrication-equipment\/"},{"@type":"ListItem","position":4,"name":"Electric Oil Pumps","item":"https:\/\/www.gulersan.com\/en\/urun-kategori\/lubrication-equipment\/electric-oil-pumps\/"},{"@type":"ListItem","position":5,"name":"Electric Gear Oil Pump 29 Lt &#8211; BEG 20"}]},{"@type":"WebSite","@id":"https:\/\/www.gulersan.com\/en\/#website","url":"https:\/\/www.gulersan.com\/en\/","name":"G\u00fclersan Ya\u011flama Cihazlar\u0131","description":"Ya\u011flama Makinesi | Haval\u0131 Gres Pompas\u0131 | Ya\u011flama Pompas\u0131 | Ya\u011f \u00c7ekme Pompas\u0131","publisher":{"@id":"https:\/\/www.gulersan.com\/en\/#organization"},"potentialAction":[{"@type":"SearchAction","target":{"@type":"EntryPoint","urlTemplate":"https:\/\/www.gulersan.com\/en\/?s={search_term_string}"},"query-input":{"@type":"PropertyValueSpecification","valueRequired":true,"valueName":"search_term_string"}}],"inLanguage":"en-US"},{"@type":"Organization","@id":"https:\/\/www.gulersan.com\/en\/#organization","name":"G\u00fclersan Ya\u011flama Cihazlar\u0131","url":"https:\/\/www.gulersan.com\/en\/","logo":{"@type":"ImageObject","inLanguage":"en-US","@id":"https:\/\/www.gulersan.com\/en\/#\/schema\/logo\/image\/","url":"https:\/\/www.gulersan.com\/wp-content\/uploads\/2021\/01\/gulersan-logo-tr.png","contentUrl":"https:\/\/www.gulersan.com\/wp-content\/uploads\/2021\/01\/gulersan-logo-tr.png","width":1242,"height":302,"caption":"G\u00fclersan Ya\u011flama Cihazlar\u0131"},"image":{"@id":"https:\/\/www.gulersan.com\/en\/#\/schema\/logo\/image\/"}}]}},"_links":{"self":[{"href":"https:\/\/www.gulersan.com\/en\/wp-json\/wp\/v2\/product\/8853","targetHints":{"allow":["GET"]}}],"collection":[{"href":"https:\/\/www.gulersan.com\/en\/wp-json\/wp\/v2\/product"}],"about":[{"href":"https:\/\/www.gulersan.com\/en\/wp-json\/wp\/v2\/types\/product"}],"replies":[{"embeddable":true,"href":"https:\/\/www.gulersan.com\/en\/wp-json\/wp\/v2\/comments?post=8853"}],"wp:featuredmedia":[{"embeddable":true,"href":"https:\/\/www.gulersan.com\/en\/wp-json\/wp\/v2\/media\/8882"}],"wp:attachment":[{"href":"https:\/\/www.gulersan.com\/en\/wp-json\/wp\/v2\/media?parent=8853"}],"wp:term":[{"taxonomy":"product_brand","embeddable":true,"href":"https:\/\/www.gulersan.com\/en\/wp-json\/wp\/v2\/product_brand?post=8853"},{"taxonomy":"product_cat","embeddable":true,"href":"https:\/\/www.gulersan.com\/en\/wp-json\/wp\/v2\/product_cat?post=8853"},{"taxonomy":"product_tag","embeddable":true,"href":"https:\/\/www.gulersan.com\/en\/wp-json\/wp\/v2\/product_tag?post=8853"}],"curies":[{"name":"wp","href":"https:\/\/api.w.org\/{rel}","templated":true}]}}